{"id":23297,"date":"2024-03-01T16:49:26","date_gmt":"2024-03-01T15:49:26","guid":{"rendered":"https:\/\/u15jnbdpoq.preview.infomaniak.website\/produit\/50-sacos-de-papel-de-confeitaria-de-cal-70-40-x-200-mm\/"},"modified":"2026-03-12T16:39:04","modified_gmt":"2026-03-12T15:39:04","slug":"50-sacos-de-papel-de-confeitaria-de-cal-70-40-x-200-mm","status":"publish","type":"product","link":"https:\/\/www.csj-emballages.com\/pt-pt\/produit\/50-sacos-de-papel-de-confeitaria-de-cal-70-40-x-200-mm\/","title":{"rendered":"Saco de papel para confeitaria de cal 70 + 40 x 200 mm (50 unidades)"},"content":{"rendered":"<div style=\"box-sizing: inherit; font-family: Roboto, sans-serif;\">\n<div style=\"box-sizing: inherit; font-family: Roboto, sans-serif;\">\n<div style=\"box-sizing: inherit; font-family: Roboto, sans-serif;\">\n<div style=\"box-sizing: inherit; font-family: Roboto, sans-serif;\">\n<div style=\"box-sizing: inherit; font-family: Roboto, sans-serif;\">\n<div style=\"box-sizing: inherit; font-family: Roboto, sans-serif;\">\n<div style=\"box-sizing: inherit; font-family: Roboto, sans-serif;\">\n<div style=\"box-sizing: inherit; font-family: Roboto, sans-serif;\">\n<div style=\"box-sizing: inherit; font-family: Roboto, sans-serif;\">\n<div style=\"box-sizing: inherit; font-family: Roboto, sans-serif;\">\n<div style=\"box-sizing: inherit; font-family: Roboto, sans-serif;\">\n<div style=\"box-sizing: inherit; font-family: Roboto, sans-serif;\">\n<div style=\"box-sizing: inherit; font-family: Roboto, sans-serif;\">\n<div class=\"flex flex-grow flex-col max-w-full\">\n<div class=\"min-h-[20px] text-message flex flex-col items-start whitespace-pre-wrap break-words [.text-message+&amp;]:mt-5 juice:w-full juice:items-end overflow-x-auto gap-2\" dir=\"auto\" data-message-author-role=\"assistant\" data-message-id=\"2034782e-88f9-44ef-b4dc-07dd7bf0115f\">\n<div class=\"flex w-full flex-col gap-1 juice:empty:hidden juice:first:pt-[3px]\">\n<div class=\"markdown prose w-full break-words dark:prose-invert light\">\n<div style=\"box-sizing: inherit; font-family: Roboto, sans-serif;\">\n<div style=\"box-sizing: inherit; font-family: Roboto, sans-serif;\">\n<div style=\"box-sizing: inherit; font-family: Roboto, sans-serif;\">\n<div style=\"box-sizing: inherit; font-family: Roboto, sans-serif;\">\n<div style=\"box-sizing: inherit; font-family: Roboto, sans-serif;\">\n<div style=\"box-sizing: inherit; font-family: Roboto, sans-serif;\">\n<h2>Saco de confeitarias de papel<\/h2>\n<div style=\"box-sizing: inherit; font-family: Roboto, sans-serif;\">\n<div style=\"box-sizing: inherit; font-family: Roboto, sans-serif;\">\n<div style=\"box-sizing: inherit; font-family: Roboto, sans-serif;\">\n<div style=\"text-align: center;\">\n<div style=\"box-sizing: inherit; font-family: Roboto, sans-serif;\">\n<div style=\"box-sizing: inherit; font-family: Roboto, sans-serif;\">\n<div style=\"box-sizing: inherit; font-family: Roboto, sans-serif;\">\n<div style=\"box-sizing: inherit; font-family: Roboto, sans-serif;\">\n<div style=\"box-sizing: inherit; font-family: Roboto, sans-serif;\">\n<div style=\"box-sizing: inherit; font-family: Roboto, sans-serif; text-align: left;\">\n<hr>\n<h3 style=\"text-align: left;\">Descri\u00e7\u00e3o do nosso saco de papel para confeitaria de cal 70 + 40 x 200 mm, 50 unidades<\/h3>\n<h3 style=\"text-align: left;\"><!--more--><\/h3>\n<\/div>\n<\/div>\n<\/div>\n<\/div>\n<\/div>\n<\/div>\n<\/div>\n<\/div>\n<\/div>\n<\/div>\n<\/div>\n<\/div>\n<\/div>\n<\/div>\n<\/div>\n<\/div>\n<\/div>\n<\/div>\n<\/div>\n<\/div>\n<\/div>\n<\/div>\n<\/div>\n<\/div>\n<\/div>\n<\/div>\n<\/div>\n<\/div>\n<\/div>\n<\/div>\n<\/div>\n<\/div>\n<\/div>\n<div style=\"box-sizing: inherit; font-family: Roboto, sans-serif;\">\n<div style=\"box-sizing: inherit; font-family: Roboto, sans-serif;\">\n<div style=\"box-sizing: inherit; font-family: Roboto, sans-serif;\">\n<div style=\"box-sizing: inherit; font-family: Roboto, sans-serif;\">\n<div style=\"box-sizing: inherit; font-family: Roboto, sans-serif;\">\n<div style=\"box-sizing: inherit; font-family: Roboto, sans-serif;\">\n<div style=\"box-sizing: inherit; font-family: Roboto, sans-serif;\">\n<div style=\"box-sizing: inherit; font-family: Roboto, sans-serif;\">\n<div style=\"box-sizing: inherit; font-family: Roboto, sans-serif;\">\n<div style=\"box-sizing: inherit; font-family: Roboto, sans-serif;\">\n<div style=\"box-sizing: inherit; font-family: Roboto, sans-serif;\">\n<div style=\"box-sizing: inherit; font-family: Roboto, sans-serif;\">\n<div style=\"box-sizing: inherit; font-family: Roboto, sans-serif;\">\n<div class=\"flex flex-grow flex-col max-w-full\">\n<div class=\"min-h-[20px] text-message flex flex-col items-start whitespace-pre-wrap break-words [.text-message+&amp;]:mt-5 juice:w-full juice:items-end overflow-x-auto gap-2\" dir=\"auto\" data-message-author-role=\"assistant\" data-message-id=\"2034782e-88f9-44ef-b4dc-07dd7bf0115f\">\n<div class=\"flex w-full flex-col gap-1 juice:empty:hidden juice:first:pt-[3px]\">\n<div class=\"markdown prose w-full break-words dark:prose-invert light\">\n<div style=\"box-sizing: inherit; font-family: Roboto, sans-serif;\">\n<div style=\"box-sizing: inherit; font-family: Roboto, sans-serif;\">\n<div style=\"box-sizing: inherit; font-family: Roboto, sans-serif;\">\n<div style=\"box-sizing: inherit; font-family: Roboto, sans-serif;\">\n<div style=\"box-sizing: inherit; font-family: Roboto, sans-serif;\">\n<div style=\"box-sizing: inherit; font-family: Roboto, sans-serif;\">\n<p data-start=\"0\" data-end=\"531\">D\u00ea um <strong data-start=\"50\" data-end=\"73\">toque de frescura<\/strong> \u00e0s suas cria\u00e7\u00f5es gourmet com a <strong data-start=\"109\" data-end=\"174\">saqueta de papel de confeitaria de lima 70 + 40 x 200 mm por 50<\/strong>. Concebida como parte da <strong data-start=\"191\" data-end=\"208\">gama Cabosse<\/strong>, esta bolsa d\u00e1 subtilmente um <strong data-start=\"241\" data-end=\"268\">lugar de destaque ao chocolate<\/strong>, ao mesmo tempo que proporciona uma apresenta\u00e7\u00e3o elegante para os seus doces. Gra\u00e7as \u00e0 <strong data-start=\"340\" data-end=\"364\">janela transparente<\/strong> na frente, os seus clientes poder\u00e3o admirar a riqueza dos seus <strong data-start=\"445\" data-end=\"458\">chocolates<\/strong>, <strong data-start=\"460\" data-end=\"472\" data-is-only-node=\"\">biscoitos<\/strong> ou <strong data-start=\"476\" data-end=\"487\">torr\u00f5es<\/strong> num relance, despertando a curiosidade e abrindo o apetite.  <\/p>\n<p data-start=\"533\" data-end=\"952\">Este <strong data-start=\"559\" data-end=\"573\">saco SOS<\/strong> pr\u00e1tico e inteligente desdobra-se facilmente e <strong data-start=\"599\" data-end=\"615\">mant\u00e9m-se na vertical<\/strong> mesmo antes de estar cheio. A sua forma inteligente permite embalar at\u00e9 os produtos mais delicados sem o risco de os esmagar ou danificar. Quer seja <strong data-start=\"777\" data-end=\"791\">fabricante de biscoitos<\/strong>, <strong data-start=\"793\" data-end=\"808\">chocolateiro<\/strong>, <strong data-start=\"810\" data-end=\"823\">pasteleiro<\/strong>, <strong data-start=\"825\" data-end=\"838\">a\u00e7ucareiro<\/strong>, <strong data-start=\"840\" data-end=\"853\">nougateiro<\/strong>, <strong data-start=\"855\" data-end=\"868\">pasteleiro<\/strong> ou <strong data-start=\"879\" data-end=\"893\">biscateiro<\/strong>, este <strong>saco de papel para confeitaria<\/strong> responder\u00e1 a todas as suas necessidades profissionais.  <\/p>\n<p data-start=\"954\" data-end=\"1420\">Fabricado em <strong data-start=\"966\" data-end=\"987\">papel de qualidade<\/strong>, \u00e9 naturalmente <strong data-start=\"1005\" data-end=\"1036\">adequado para contacto com alimentos<\/strong>, garantindo a seguran\u00e7a e a frescura dos seus produtos. Ideal para festas, casamentos ou eventos gourmet, este <strong>saco<\/strong> \u00e9 tamb\u00e9m <strong data-start=\"1355\" data-end=\"1369\">amigo do ambiente<\/strong>, uma vez que o papel \u00e9 totalmente <strong data-start=\"1405\" data-end=\"1419\">recicl\u00e1vel<\/strong>.  <\/p>\n<p data-start=\"1422\" data-end=\"1833\">Ao escolher este <strong>saco de confeitaria<\/strong>, est\u00e1 a optar por uma embalagem que combina <strong data-start=\"1502\" data-end=\"1516\">est\u00e9tica<\/strong>, <strong data-start=\"1518\" data-end=\"1531\">praticidade<\/strong> e <strong data-start=\"1535\" data-end=\"1565\">respeito pelo ambiente<\/strong>. Permite-lhe <strong data-start=\"1585\" data-end=\"1604\">mostrar<\/strong> os seus produtos, atrair o olhar e melhorar a experi\u00eancia do sabor. Em suma, ofere\u00e7a \u00e0s suas cria\u00e7\u00f5es uma montra elegante e funcional: os seus clientes lembrar-se-\u00e3o tanto do sabor como da apresenta\u00e7\u00e3o.  <\/p>\n<p data-start=\"1422\" data-end=\"1833\">\n<p><!--more--><\/p>\n<h4 style=\"text-align: left;\">Vantagens :<\/h4>\n<ul style=\"text-align: left;\">\n<li><strong data-start=\"2065\" data-end=\"2082\">Montra da frente<\/strong>: mostra os seus chocolates e produtos de confeitaria.<\/li>\n<li><strong data-start=\"2133\" data-end=\"2147\">Formato SOS<\/strong>: mant\u00e9m-se na vertical sem encher, f\u00e1cil de encher.<\/li>\n<li><strong data-start=\"2202\" data-end=\"2223\">Papel recicl\u00e1vel<\/strong>: amigo do ambiente.<\/li>\n<li><strong data-start=\"2262\" data-end=\"2293\">Adequado para contacto com alimentos<\/strong>: seguran\u00e7a e frescura garantidas.<\/li>\n<li><strong data-start=\"2333\" data-end=\"2356\">Cal<\/strong>: moderno e apelativo para as suas montras.<\/li>\n<\/ul>\n<\/div>\n<\/div>\n<\/div>\n<\/div>\n<\/div>\n<\/div>\n<\/div>\n<\/div>\n<\/div>\n<\/div>\n<\/div>\n<\/div>\n<p>&nbsp;<\/p>\n<\/div>\n<\/div>\n<\/div>\n<\/div>\n<\/div>\n<\/div>\n<\/div>\n<\/div>\n<\/div>\n<\/div>\n<\/div>\n<p><!--more--><\/p>\n<h4>Outras informa\u00e7\u00f5es :<\/h4>\n<ul style=\"box-sizing: inherit; font-family: Roboto, sans-serif;\">\n<li><strong>Embalagem<\/strong>: Pacote de 50<\/li>\n<li><span style=\"font-weight: bold;\">Dimens\u00f5es<\/span>: 70 + 40 x 200 mm<\/li>\n<li><strong>Material<\/strong>: Papel SOS \/ PP<\/li>\n<li><strong>Cor<\/strong>: Verde lima<\/li>\n<\/ul>\n<p>&nbsp;<\/p>\n<p><!--more--><\/p>\n<p>Este saco est\u00e1 dispon\u00edvel em v\u00e1rias cores: <span style=\"color: #d12727;\"><a style=\"color: #d12727;\" href=\"https:\/\/www.csj-emballages.com\/pt-pt\/produit\/50-sacos-de-papel-para-confeitaria-de-framboesa-70-40-x-200-mm\/\">Framboesa<\/a><\/span> \/ <span style=\"color: #d12727;\"><a style=\"color: #d12727;\" href=\"https:\/\/www.csj-emballages.com\/pt-pt\/produit\/50-sacos-de-papel-para-rebucados-de-tangerina-70-40-x-200-mm\/\">Tangerina<\/a><\/span> \/ <span style=\"color: #d12727;\"><a style=\"color: #d12727;\" href=\"https:\/\/www.csj-emballages.com\/pt-pt\/produit\/50-sacos-de-papel-para-confeitaria-de-baunilha-70-40-x-200-mm\/\">baunilha<\/a><\/span><\/p>\n<p>&nbsp;<\/p>\n<p><!--more--><\/p>\n<p><a href=\"https:\/\/www.csj-emballages.com\/pt-pt\/categorie-produit\/embalagem-de-alimentos\/padaria-e-pastelaria\/sacos-saquetas-e-papel\/sacos-de-confeitaria\/sacos-de-papel\/sacos-de-papel-sos\/\">Ver o resto da nossa gama de sacos de papel SOS<\/a><\/p>\n","protected":false},"excerpt":{"rendered":"<p>Saco de confeitarias de papel Descri\u00e7\u00e3o do nosso saco de papel para confeitaria de cal 70 + 40 x 200 mm, 50 unidades<\/p>\n","protected":false},"featured_media":243642,"template":"","meta":{"_acf_changed":false},"product_brand":[],"product_cat":[1141,1177,1655,1719,1482],"product_tag":[],"class_list":{"0":"post-23297","1":"product","2":"type-product","3":"status-publish","4":"has-post-thumbnail","6":"product_cat-embalagem-de-alimentos","7":"product_cat-padaria-e-pastelaria","8":"product_cat-sacos-de-confeitaria","9":"product_cat-sacos-de-papel-sos","10":"product_cat-loja-e-armazem","12":"first","13":"instock","14":"taxable","15":"shipping-taxable","16":"purchasable","17":"product-type-simple"},"acf":[],"yoast_head":"<!-- This site is optimized with the Yoast SEO Premium plugin v26.6 (Yoast SEO v26.6) - https:\/\/yoast.com\/wordpress\/plugins\/seo\/ -->\n<title>Sacos de papel para confeitaria de cal 70 + 40 x 200 mm - 50 unidades<\/title>\n<meta name=\"description\" content=\"Saco de confeitarias de cal com janela, 70+ 40 x 200 mm. Ideal para chocolatiers e pasteleiros. Elegante, pr\u00e1tico e 100% seguro para alimentos.\" \/>\n<meta name=\"robots\" content=\"index, follow, max-snippet:-1, max-image-preview:large, max-video-preview:-1\" \/>\n<link rel=\"canonical\" href=\"https:\/\/www.csj-emballages.com\/pt-pt\/produit\/50-sacos-de-papel-de-confeitaria-de-cal-70-40-x-200-mm\/\" \/>\n<meta property=\"og:locale\" content=\"pt_PT\" \/>\n<meta property=\"og:type\" content=\"article\" \/>\n<meta property=\"og:title\" content=\"Saco de papel para confeitaria de cal 70 + 40 x 200 mm (50 unidades)\" \/>\n<meta property=\"og:description\" content=\"Saco de confeitarias de cal com janela, 70+ 40 x 200 mm. Ideal para chocolatiers e pasteleiros. Elegante, pr\u00e1tico e 100% seguro para alimentos.\" \/>\n<meta property=\"og:url\" content=\"https:\/\/www.csj-emballages.com\/pt-pt\/produit\/50-sacos-de-papel-de-confeitaria-de-cal-70-40-x-200-mm\/\" \/>\n<meta property=\"og:site_name\" content=\"CSJ Emballages\" \/>\n<meta property=\"article:publisher\" content=\"https:\/\/www.facebook.com\/csjemballages\" \/>\n<meta property=\"article:modified_time\" content=\"2026-03-12T15:39:04+00:00\" \/>\n<meta property=\"og:image\" content=\"https:\/\/www.csj-emballages.com\/wp-content\/uploads\/2024\/03\/SCITRONVERT.webp\" \/>\n\t<meta property=\"og:image:width\" content=\"800\" \/>\n\t<meta property=\"og:image:height\" content=\"800\" \/>\n\t<meta property=\"og:image:type\" content=\"image\/webp\" \/>\n<meta name=\"twitter:card\" content=\"summary_large_image\" \/>\n<meta name=\"twitter:label1\" content=\"Tempo estimado de leitura\" \/>\n\t<meta name=\"twitter:data1\" content=\"2 minutos\" \/>\n<script type=\"application\/ld+json\" class=\"yoast-schema-graph\">{\"@context\":\"https:\/\/schema.org\",\"@graph\":[{\"@type\":\"WebPage\",\"@id\":\"https:\/\/www.csj-emballages.com\/pt-pt\/produit\/50-sacos-de-papel-de-confeitaria-de-cal-70-40-x-200-mm\/\",\"url\":\"https:\/\/www.csj-emballages.com\/pt-pt\/produit\/50-sacos-de-papel-de-confeitaria-de-cal-70-40-x-200-mm\/\",\"name\":\"Sacos de papel para confeitaria de cal 70 + 40 x 200 mm - 50 unidades\",\"isPartOf\":{\"@id\":\"https:\/\/www.csj-emballages.com\/pt-pt\/#website\"},\"primaryImageOfPage\":{\"@id\":\"https:\/\/www.csj-emballages.com\/pt-pt\/produit\/50-sacos-de-papel-de-confeitaria-de-cal-70-40-x-200-mm\/#primaryimage\"},\"image\":{\"@id\":\"https:\/\/www.csj-emballages.com\/pt-pt\/produit\/50-sacos-de-papel-de-confeitaria-de-cal-70-40-x-200-mm\/#primaryimage\"},\"thumbnailUrl\":\"https:\/\/www.csj-emballages.com\/wp-content\/uploads\/2024\/03\/SCITRONVERT.webp\",\"datePublished\":\"2024-03-01T15:49:26+00:00\",\"dateModified\":\"2026-03-12T15:39:04+00:00\",\"description\":\"Saco de confeitarias de cal com janela, 70+ 40 x 200 mm. Ideal para chocolatiers e pasteleiros. Elegante, pr\u00e1tico e 100% seguro para alimentos.\",\"breadcrumb\":{\"@id\":\"https:\/\/www.csj-emballages.com\/pt-pt\/produit\/50-sacos-de-papel-de-confeitaria-de-cal-70-40-x-200-mm\/#breadcrumb\"},\"inLanguage\":\"pt-PT\",\"potentialAction\":[{\"@type\":\"ReadAction\",\"target\":[\"https:\/\/www.csj-emballages.com\/pt-pt\/produit\/50-sacos-de-papel-de-confeitaria-de-cal-70-40-x-200-mm\/\"]}]},{\"@type\":\"ImageObject\",\"inLanguage\":\"pt-PT\",\"@id\":\"https:\/\/www.csj-emballages.com\/pt-pt\/produit\/50-sacos-de-papel-de-confeitaria-de-cal-70-40-x-200-mm\/#primaryimage\",\"url\":\"https:\/\/www.csj-emballages.com\/wp-content\/uploads\/2024\/03\/SCITRONVERT.webp\",\"contentUrl\":\"https:\/\/www.csj-emballages.com\/wp-content\/uploads\/2024\/03\/SCITRONVERT.webp\",\"width\":800,\"height\":800,\"caption\":\"Sachet confiseries papier\"},{\"@type\":\"BreadcrumbList\",\"@id\":\"https:\/\/www.csj-emballages.com\/pt-pt\/produit\/50-sacos-de-papel-de-confeitaria-de-cal-70-40-x-200-mm\/#breadcrumb\",\"itemListElement\":[{\"@type\":\"ListItem\",\"position\":1,\"name\":\"Acolhimento\",\"item\":\"https:\/\/www.csj-emballages.com\/pt-pt\/universo-das-embalagens-alimentares\/\"},{\"@type\":\"ListItem\",\"position\":2,\"name\":\"Shop\",\"item\":\"https:\/\/www.csj-emballages.com\/shop\/\"},{\"@type\":\"ListItem\",\"position\":3,\"name\":\"Saco de papel para confeitaria de cal 70 + 40 x 200 mm (50 unidades)\"}]},{\"@type\":\"WebSite\",\"@id\":\"https:\/\/www.csj-emballages.com\/pt-pt\/#website\",\"url\":\"https:\/\/www.csj-emballages.com\/pt-pt\/\",\"name\":\"CSJ Emballages\",\"description\":\"\",\"publisher\":{\"@id\":\"https:\/\/www.csj-emballages.com\/pt-pt\/#organization\"},\"potentialAction\":[{\"@type\":\"SearchAction\",\"target\":{\"@type\":\"EntryPoint\",\"urlTemplate\":\"https:\/\/www.csj-emballages.com\/pt-pt\/?s={search_term_string}\"},\"query-input\":{\"@type\":\"PropertyValueSpecification\",\"valueRequired\":true,\"valueName\":\"search_term_string\"}}],\"inLanguage\":\"pt-PT\"},{\"@type\":\"Organization\",\"@id\":\"https:\/\/www.csj-emballages.com\/pt-pt\/#Organization\/\",\"name\":\"CSJ Emballages\",\"url\":\"https:\/\/www.csj-emballages.com\/pt-pt\/\",\"logo\":{\"@type\":\"ImageObject\",\"inLanguage\":\"pt-PT\",\"@id\":\"https:\/\/www.csj-emballages.com\/pt-pt\/#\/schema\/logo\/image\/\",\"url\":\"https:\/\/www.csj-emballages.com\/wp-content\/uploads\/2023\/10\/logo_csj.webp\",\"contentUrl\":\"https:\/\/www.csj-emballages.com\/wp-content\/uploads\/2023\/10\/logo_csj.webp\",\"width\":250,\"height\":95,\"caption\":\"CSJ Emballages\"},\"image\":{\"@id\":\"https:\/\/www.csj-emballages.com\/pt-pt\/#\/schema\/logo\/image\/\"},\"sameAs\":[\"https:\/\/www.facebook.com\/csjemballages\"],\"address\":{\"@type\":\"PostalAddress\",\"streetAddress\":\"ZI La Lechere\",\"addressLocality\":\"Patornay\",\"postalCode\":\"39130\",\"addressCountry\":\"FR\"},\"contactPoint\":[{\"@type\":\"ContactPoint\",\"contactType\":\"Service client\",\"telephone\":\"0384254272\",\"email\":\"contact@csj-emballages.com\"}]}]}<\/script>\n<!-- \/ Yoast SEO Premium plugin. -->","yoast_head_json":{"title":"Sacos de papel para confeitaria de cal 70 + 40 x 200 mm - 50 unidades","description":"Saco de confeitarias de cal com janela, 70+ 40 x 200 mm. Ideal para chocolatiers e pasteleiros. Elegante, pr\u00e1tico e 100% seguro para alimentos.","robots":{"index":"index","follow":"follow","max-snippet":"max-snippet:-1","max-image-preview":"max-image-preview:large","max-video-preview":"max-video-preview:-1"},"canonical":"https:\/\/www.csj-emballages.com\/pt-pt\/produit\/50-sacos-de-papel-de-confeitaria-de-cal-70-40-x-200-mm\/","og_locale":"pt_PT","og_type":"article","og_title":"Saco de papel para confeitaria de cal 70 + 40 x 200 mm (50 unidades)","og_description":"Saco de confeitarias de cal com janela, 70+ 40 x 200 mm. Ideal para chocolatiers e pasteleiros. Elegante, pr\u00e1tico e 100% seguro para alimentos.","og_url":"https:\/\/www.csj-emballages.com\/pt-pt\/produit\/50-sacos-de-papel-de-confeitaria-de-cal-70-40-x-200-mm\/","og_site_name":"CSJ Emballages","article_publisher":"https:\/\/www.facebook.com\/csjemballages","article_modified_time":"2026-03-12T15:39:04+00:00","og_image":[{"width":800,"height":800,"url":"https:\/\/www.csj-emballages.com\/wp-content\/uploads\/2024\/03\/SCITRONVERT.webp","type":"image\/webp"}],"twitter_card":"summary_large_image","twitter_misc":{"Tempo estimado de leitura":"2 minutos"},"schema":{"@context":"https:\/\/schema.org","@graph":[{"@type":"WebPage","@id":"https:\/\/www.csj-emballages.com\/pt-pt\/produit\/50-sacos-de-papel-de-confeitaria-de-cal-70-40-x-200-mm\/","url":"https:\/\/www.csj-emballages.com\/pt-pt\/produit\/50-sacos-de-papel-de-confeitaria-de-cal-70-40-x-200-mm\/","name":"Sacos de papel para confeitaria de cal 70 + 40 x 200 mm - 50 unidades","isPartOf":{"@id":"https:\/\/www.csj-emballages.com\/pt-pt\/#website"},"primaryImageOfPage":{"@id":"https:\/\/www.csj-emballages.com\/pt-pt\/produit\/50-sacos-de-papel-de-confeitaria-de-cal-70-40-x-200-mm\/#primaryimage"},"image":{"@id":"https:\/\/www.csj-emballages.com\/pt-pt\/produit\/50-sacos-de-papel-de-confeitaria-de-cal-70-40-x-200-mm\/#primaryimage"},"thumbnailUrl":"https:\/\/www.csj-emballages.com\/wp-content\/uploads\/2024\/03\/SCITRONVERT.webp","datePublished":"2024-03-01T15:49:26+00:00","dateModified":"2026-03-12T15:39:04+00:00","description":"Saco de confeitarias de cal com janela, 70+ 40 x 200 mm. Ideal para chocolatiers e pasteleiros. Elegante, pr\u00e1tico e 100% seguro para alimentos.","breadcrumb":{"@id":"https:\/\/www.csj-emballages.com\/pt-pt\/produit\/50-sacos-de-papel-de-confeitaria-de-cal-70-40-x-200-mm\/#breadcrumb"},"inLanguage":"pt-PT","potentialAction":[{"@type":"ReadAction","target":["https:\/\/www.csj-emballages.com\/pt-pt\/produit\/50-sacos-de-papel-de-confeitaria-de-cal-70-40-x-200-mm\/"]}]},{"@type":"ImageObject","inLanguage":"pt-PT","@id":"https:\/\/www.csj-emballages.com\/pt-pt\/produit\/50-sacos-de-papel-de-confeitaria-de-cal-70-40-x-200-mm\/#primaryimage","url":"https:\/\/www.csj-emballages.com\/wp-content\/uploads\/2024\/03\/SCITRONVERT.webp","contentUrl":"https:\/\/www.csj-emballages.com\/wp-content\/uploads\/2024\/03\/SCITRONVERT.webp","width":800,"height":800,"caption":"Sachet confiseries papier"},{"@type":"BreadcrumbList","@id":"https:\/\/www.csj-emballages.com\/pt-pt\/produit\/50-sacos-de-papel-de-confeitaria-de-cal-70-40-x-200-mm\/#breadcrumb","itemListElement":[{"@type":"ListItem","position":1,"name":"Acolhimento","item":"https:\/\/www.csj-emballages.com\/pt-pt\/universo-das-embalagens-alimentares\/"},{"@type":"ListItem","position":2,"name":"Shop","item":"https:\/\/www.csj-emballages.com\/shop\/"},{"@type":"ListItem","position":3,"name":"Saco de papel para confeitaria de cal 70 + 40 x 200 mm (50 unidades)"}]},{"@type":"WebSite","@id":"https:\/\/www.csj-emballages.com\/pt-pt\/#website","url":"https:\/\/www.csj-emballages.com\/pt-pt\/","name":"CSJ Emballages","description":"","publisher":{"@id":"https:\/\/www.csj-emballages.com\/pt-pt\/#organization"},"potentialAction":[{"@type":"SearchAction","target":{"@type":"EntryPoint","urlTemplate":"https:\/\/www.csj-emballages.com\/pt-pt\/?s={search_term_string}"},"query-input":{"@type":"PropertyValueSpecification","valueRequired":true,"valueName":"search_term_string"}}],"inLanguage":"pt-PT"},{"@type":"Organization","@id":"https:\/\/www.csj-emballages.com\/pt-pt\/#Organization\/","name":"CSJ Emballages","url":"https:\/\/www.csj-emballages.com\/pt-pt\/","logo":{"@type":"ImageObject","inLanguage":"pt-PT","@id":"https:\/\/www.csj-emballages.com\/pt-pt\/#\/schema\/logo\/image\/","url":"https:\/\/www.csj-emballages.com\/wp-content\/uploads\/2023\/10\/logo_csj.webp","contentUrl":"https:\/\/www.csj-emballages.com\/wp-content\/uploads\/2023\/10\/logo_csj.webp","width":250,"height":95,"caption":"CSJ Emballages"},"image":{"@id":"https:\/\/www.csj-emballages.com\/pt-pt\/#\/schema\/logo\/image\/"},"sameAs":["https:\/\/www.facebook.com\/csjemballages"],"address":{"@type":"PostalAddress","streetAddress":"ZI La Lechere","addressLocality":"Patornay","postalCode":"39130","addressCountry":"FR"},"contactPoint":[{"@type":"ContactPoint","contactType":"Service client","telephone":"0384254272","email":"contact@csj-emballages.com"}]}]}},"df_price":23.52,"df_sale_price":"","df_regular_price":23.52,"df_image_link":"https:\/\/www.csj-emballages.com\/wp-content\/uploads\/2024\/03\/SCITRONVERT-300x300.webp","tiered_pricing_type":"fixed","tiered_pricing_fixed_rules":[],"tiered_pricing_percentage_rules":[],"tiered_pricing_minimum":1,"tiered_pricing_roles_data":[],"_links":{"self":[{"href":"https:\/\/www.csj-emballages.com\/pt-pt\/wp-json\/wp\/v2\/product\/23297","targetHints":{"allow":["GET"]}}],"collection":[{"href":"https:\/\/www.csj-emballages.com\/pt-pt\/wp-json\/wp\/v2\/product"}],"about":[{"href":"https:\/\/www.csj-emballages.com\/pt-pt\/wp-json\/wp\/v2\/types\/product"}],"wp:featuredmedia":[{"embeddable":true,"href":"https:\/\/www.csj-emballages.com\/pt-pt\/wp-json\/wp\/v2\/media\/243642"}],"wp:attachment":[{"href":"https:\/\/www.csj-emballages.com\/pt-pt\/wp-json\/wp\/v2\/media?parent=23297"}],"wp:term":[{"taxonomy":"product_brand","embeddable":true,"href":"https:\/\/www.csj-emballages.com\/pt-pt\/wp-json\/wp\/v2\/product_brand?post=23297"},{"taxonomy":"product_cat","embeddable":true,"href":"https:\/\/www.csj-emballages.com\/pt-pt\/wp-json\/wp\/v2\/product_cat?post=23297"},{"taxonomy":"product_tag","embeddable":true,"href":"https:\/\/www.csj-emballages.com\/pt-pt\/wp-json\/wp\/v2\/product_tag?post=23297"}],"curies":[{"name":"wp","href":"https:\/\/api.w.org\/{rel}","templated":true}]}}