{"id":23284,"date":"2024-03-01T16:49:26","date_gmt":"2024-03-01T15:49:26","guid":{"rendered":"https:\/\/u15jnbdpoq.preview.infomaniak.website\/produit\/1000-sacos-de-papel-para-hamburgueres-12-7-x-18-cm\/"},"modified":"2026-05-04T19:01:16","modified_gmt":"2026-05-04T17:01:16","slug":"1000-sacos-de-papel-para-hamburgueres-12-7-x-18-cm","status":"publish","type":"product","link":"https:\/\/www.csj-emballages.com\/pt-pt\/produit\/1000-sacos-de-papel-para-hamburgueres-12-7-x-18-cm\/","title":{"rendered":"Saco de papel para hamb\u00farguer 12 + 7 x 18 cm &#8211; 1000 un."},"content":{"rendered":"<h2>Saco de hamb\u00farguer<\/h2>\n<hr>\n<h3>Descri\u00e7\u00e3o do produto<\/h3>\n<p><!--more--><\/p>\n<p>Aposta na praticidade e na qualidade com estas <strong>bolsas para hamb\u00fargueres em papel vegetal<\/strong>, perfeitas para os profissionais da restaura\u00e7\u00e3o r\u00e1pida. Concebidos para proteger as suas prepara\u00e7\u00f5es, estes <strong>sacos<\/strong> evitam que os molhos e as gorduras saiam gra\u00e7as ao seu revestimento especial, oferecendo ao mesmo tempo um manuseamento limpo e higi\u00e9nico. <\/p>\n<p>Com as suas dimens\u00f5es compactas de <strong>12 + 7 x 18 cm<\/strong>, s\u00e3o ideais para hamb\u00fargueres standard, garantindo uma apresenta\u00e7\u00e3o cuidada e profissional. Da mesma forma, o seu formato pr\u00e1tico em embalagens de <strong>1000<\/strong> \u00e9 perfeito para responder \u00e0s necessidades dos estabelecimentos com grande movimento, garantindo uma gest\u00e3o econ\u00f3mica das suas embalagens. <\/p>\n<p>Al\u00e9m disso, estas bolsas s\u00e3o um aliado essencial para simplificar o seu servi\u00e7o e melhorar as suas prepara\u00e7\u00f5es culin\u00e1rias. Em suma, escolha uma embalagem fi\u00e1vel e de qualidade que responda \u00e0s exig\u00eancias de profissionais exigentes. <\/p>\n<p><!--more--><\/p>\n<p>Oferece aos teus clientes uma apresenta\u00e7\u00e3o elegante, ao mesmo tempo que ajudas a reduzir os res\u00edduos de pl\u00e1stico.<\/p>\n<p>&nbsp;<\/p>\n<p><!--more--><\/p>\n<p><strong>As suas vantagens:<\/strong><\/p>\n<ul>\n<li><strong>Prote\u00e7\u00e3o \u00f3ptima<\/strong>: O papel vegetal impede que os molhos e as gorduras saiam.<\/li>\n<li><strong>Praticidade<\/strong>: Tamanho perfeito (12 + 7 x 18 cm) para hamb\u00fargueres de tamanho normal.<\/li>\n<li><strong>Econ\u00f3mico<\/strong>: Vendido em embalagens de 1000 unidades, oferece uma excelente rela\u00e7\u00e3o qualidade\/pre\u00e7o para os profissionais da restaura\u00e7\u00e3o r\u00e1pida.<\/li>\n<li><strong>Pr\u00e1tico<\/strong>: \u00c9 a escolha ideal para quem procura uma embalagem pr\u00e1tica que tamb\u00e9m cumpra as normas de qualidade e durabilidade.<\/li>\n<\/ul>\n<p>&nbsp;<\/p>\n<p><!--more--><\/p>\n<p><strong>Outras informa\u00e7\u00f5es :  <\/strong><\/p>\n<ul>\n<li><strong>Embalagem<\/strong>: Pacote de 1000<\/li>\n<li><strong>Material<\/strong>: Papel vegetal<\/li>\n<li><strong>Dimens\u00f5es<\/strong>: 12 + 7 x 18 cm<\/li>\n<li><strong>Gramagem<\/strong>: 35g \/ m\u00b2<\/li>\n<li><strong>Cor<\/strong>: castanho com estampado<\/li>\n<\/ul>\n<p>&nbsp;<\/p>\n<p><!--more--><\/p>\n<p><a href=\"https:\/\/www.csj-emballages.com\/categorie-produit\/emballages\/restauration-sur-place-ou-emporter-fastfood-snacks\/sacs-et-papiers\/sachets-hamburgers\/\">Consulte a restante gama de sacos para hamb\u00farguer<\/a><\/p>\n","protected":false},"excerpt":{"rendered":"<p>Saco de hamb\u00farguer Descri\u00e7\u00e3o do produto<\/p>\n","protected":false},"featured_media":207456,"template":"","meta":{"_acf_changed":false},"product_brand":[],"product_cat":[1141,1177,3919,1675,3474,1138,3435,3477],"product_tag":[],"class_list":{"0":"post-23284","1":"product","2":"type-product","3":"status-publish","4":"has-post-thumbnail","6":"product_cat-embalagem-de-alimentos","7":"product_cat-padaria-e-pastelaria","8":"product_cat-sacos-saquetas-e-papel","9":"product_cat-sacheries-pt-pt","10":"product_cat-sacos-para-sanduiches","11":"product_cat-restauracao","12":"product_cat-sacos-para-hamburgueres","13":"product_cat-sacos-para-sanduiches-pt-pt","15":"first","16":"instock","17":"taxable","18":"shipping-taxable","19":"purchasable","20":"product-type-simple"},"acf":[],"yoast_head":"<!-- This site is optimized with the Yoast SEO Premium plugin v26.6 (Yoast SEO v26.6) - https:\/\/yoast.com\/wordpress\/plugins\/seo\/ -->\n<title>Saco de papel para hamb\u00fargueres - 12 + 7 x 18 cm<\/title>\n<meta name=\"description\" content=\"Saco para hamb\u00fargueres em papel vegetal 12 + 7 x 18 cm, ideal para proteger os teus hamb\u00fargueres de fugas de molho. Pr\u00e1tico, higi\u00e9nico e vendido em embalagens de 1000 unidades.\" \/>\n<meta name=\"robots\" content=\"index, follow, max-snippet:-1, max-image-preview:large, max-video-preview:-1\" \/>\n<link rel=\"canonical\" href=\"https:\/\/www.csj-emballages.com\/pt-pt\/produit\/1000-sacos-de-papel-para-hamburgueres-12-7-x-18-cm\/\" \/>\n<meta property=\"og:locale\" content=\"pt_PT\" \/>\n<meta property=\"og:type\" content=\"article\" \/>\n<meta property=\"og:title\" content=\"Saco de papel para hamb\u00farguer 12 + 7 x 18 cm - 1000 un.\" \/>\n<meta property=\"og:description\" content=\"Saco para hamb\u00fargueres em papel vegetal 12 + 7 x 18 cm, ideal para proteger os teus hamb\u00fargueres de fugas de molho. Pr\u00e1tico, higi\u00e9nico e vendido em embalagens de 1000 unidades.\" \/>\n<meta property=\"og:url\" content=\"https:\/\/www.csj-emballages.com\/pt-pt\/produit\/1000-sacos-de-papel-para-hamburgueres-12-7-x-18-cm\/\" \/>\n<meta property=\"og:site_name\" content=\"CSJ Emballages\" \/>\n<meta property=\"article:publisher\" content=\"https:\/\/www.facebook.com\/csjemballages\" \/>\n<meta property=\"article:modified_time\" content=\"2026-05-04T17:01:16+00:00\" \/>\n<meta property=\"og:image\" content=\"https:\/\/www.csj-emballages.com\/wp-content\/uploads\/2024\/03\/Sachet-burger-brun.webp\" \/>\n\t<meta property=\"og:image:width\" content=\"800\" \/>\n\t<meta property=\"og:image:height\" content=\"800\" \/>\n\t<meta property=\"og:image:type\" content=\"image\/webp\" \/>\n<meta name=\"twitter:card\" content=\"summary_large_image\" \/>\n<meta name=\"twitter:label1\" content=\"Tempo estimado de leitura\" \/>\n\t<meta name=\"twitter:data1\" content=\"1 minuto\" \/>\n<script type=\"application\/ld+json\" class=\"yoast-schema-graph\">{\"@context\":\"https:\/\/schema.org\",\"@graph\":[{\"@type\":\"WebPage\",\"@id\":\"https:\/\/www.csj-emballages.com\/pt-pt\/produit\/1000-sacos-de-papel-para-hamburgueres-12-7-x-18-cm\/\",\"url\":\"https:\/\/www.csj-emballages.com\/pt-pt\/produit\/1000-sacos-de-papel-para-hamburgueres-12-7-x-18-cm\/\",\"name\":\"Saco de papel para hamb\u00fargueres - 12 + 7 x 18 cm\",\"isPartOf\":{\"@id\":\"https:\/\/www.csj-emballages.com\/pt-pt\/#website\"},\"primaryImageOfPage\":{\"@id\":\"https:\/\/www.csj-emballages.com\/pt-pt\/produit\/1000-sacos-de-papel-para-hamburgueres-12-7-x-18-cm\/#primaryimage\"},\"image\":{\"@id\":\"https:\/\/www.csj-emballages.com\/pt-pt\/produit\/1000-sacos-de-papel-para-hamburgueres-12-7-x-18-cm\/#primaryimage\"},\"thumbnailUrl\":\"https:\/\/www.csj-emballages.com\/wp-content\/uploads\/2024\/03\/Sachet-burger-brun.webp\",\"datePublished\":\"2024-03-01T15:49:26+00:00\",\"dateModified\":\"2026-05-04T17:01:16+00:00\",\"description\":\"Saco para hamb\u00fargueres em papel vegetal 12 + 7 x 18 cm, ideal para proteger os teus hamb\u00fargueres de fugas de molho. Pr\u00e1tico, higi\u00e9nico e vendido em embalagens de 1000 unidades.\",\"breadcrumb\":{\"@id\":\"https:\/\/www.csj-emballages.com\/pt-pt\/produit\/1000-sacos-de-papel-para-hamburgueres-12-7-x-18-cm\/#breadcrumb\"},\"inLanguage\":\"pt-PT\",\"potentialAction\":[{\"@type\":\"ReadAction\",\"target\":[\"https:\/\/www.csj-emballages.com\/pt-pt\/produit\/1000-sacos-de-papel-para-hamburgueres-12-7-x-18-cm\/\"]}]},{\"@type\":\"ImageObject\",\"inLanguage\":\"pt-PT\",\"@id\":\"https:\/\/www.csj-emballages.com\/pt-pt\/produit\/1000-sacos-de-papel-para-hamburgueres-12-7-x-18-cm\/#primaryimage\",\"url\":\"https:\/\/www.csj-emballages.com\/wp-content\/uploads\/2024\/03\/Sachet-burger-brun.webp\",\"contentUrl\":\"https:\/\/www.csj-emballages.com\/wp-content\/uploads\/2024\/03\/Sachet-burger-brun.webp\",\"width\":800,\"height\":800,\"caption\":\"sachet frite\"},{\"@type\":\"BreadcrumbList\",\"@id\":\"https:\/\/www.csj-emballages.com\/pt-pt\/produit\/1000-sacos-de-papel-para-hamburgueres-12-7-x-18-cm\/#breadcrumb\",\"itemListElement\":[{\"@type\":\"ListItem\",\"position\":1,\"name\":\"Acolhimento\",\"item\":\"https:\/\/www.csj-emballages.com\/pt-pt\/universo-das-embalagens-alimentares\/\"},{\"@type\":\"ListItem\",\"position\":2,\"name\":\"Shop\",\"item\":\"https:\/\/www.csj-emballages.com\/shop\/\"},{\"@type\":\"ListItem\",\"position\":3,\"name\":\"Saco de papel para hamb\u00farguer 12 + 7 x 18 cm &#8211; 1000 un.\"}]},{\"@type\":\"WebSite\",\"@id\":\"https:\/\/www.csj-emballages.com\/pt-pt\/#website\",\"url\":\"https:\/\/www.csj-emballages.com\/pt-pt\/\",\"name\":\"CSJ Emballages\",\"description\":\"\",\"publisher\":{\"@id\":\"https:\/\/www.csj-emballages.com\/pt-pt\/#organization\"},\"potentialAction\":[{\"@type\":\"SearchAction\",\"target\":{\"@type\":\"EntryPoint\",\"urlTemplate\":\"https:\/\/www.csj-emballages.com\/pt-pt\/?s={search_term_string}\"},\"query-input\":{\"@type\":\"PropertyValueSpecification\",\"valueRequired\":true,\"valueName\":\"search_term_string\"}}],\"inLanguage\":\"pt-PT\"},{\"@type\":\"Organization\",\"@id\":\"https:\/\/www.csj-emballages.com\/pt-pt\/#Organization\/\",\"name\":\"CSJ Emballages\",\"url\":\"https:\/\/www.csj-emballages.com\/pt-pt\/\",\"logo\":{\"@type\":\"ImageObject\",\"inLanguage\":\"pt-PT\",\"@id\":\"https:\/\/www.csj-emballages.com\/pt-pt\/#\/schema\/logo\/image\/\",\"url\":\"https:\/\/www.csj-emballages.com\/wp-content\/uploads\/2023\/10\/logo_csj.webp\",\"contentUrl\":\"https:\/\/www.csj-emballages.com\/wp-content\/uploads\/2023\/10\/logo_csj.webp\",\"width\":250,\"height\":95,\"caption\":\"CSJ Emballages\"},\"image\":{\"@id\":\"https:\/\/www.csj-emballages.com\/pt-pt\/#\/schema\/logo\/image\/\"},\"sameAs\":[\"https:\/\/www.facebook.com\/csjemballages\"],\"address\":{\"@type\":\"PostalAddress\",\"streetAddress\":\"ZI La Lechere\",\"addressLocality\":\"Patornay\",\"postalCode\":\"39130\",\"addressCountry\":\"FR\"},\"contactPoint\":[{\"@type\":\"ContactPoint\",\"contactType\":\"Service client\",\"telephone\":\"0384254272\",\"email\":\"contact@csj-emballages.com\"}]}]}<\/script>\n<!-- \/ Yoast SEO Premium plugin. -->","yoast_head_json":{"title":"Saco de papel para hamb\u00fargueres - 12 + 7 x 18 cm","description":"Saco para hamb\u00fargueres em papel vegetal 12 + 7 x 18 cm, ideal para proteger os teus hamb\u00fargueres de fugas de molho. Pr\u00e1tico, higi\u00e9nico e vendido em embalagens de 1000 unidades.","robots":{"index":"index","follow":"follow","max-snippet":"max-snippet:-1","max-image-preview":"max-image-preview:large","max-video-preview":"max-video-preview:-1"},"canonical":"https:\/\/www.csj-emballages.com\/pt-pt\/produit\/1000-sacos-de-papel-para-hamburgueres-12-7-x-18-cm\/","og_locale":"pt_PT","og_type":"article","og_title":"Saco de papel para hamb\u00farguer 12 + 7 x 18 cm - 1000 un.","og_description":"Saco para hamb\u00fargueres em papel vegetal 12 + 7 x 18 cm, ideal para proteger os teus hamb\u00fargueres de fugas de molho. Pr\u00e1tico, higi\u00e9nico e vendido em embalagens de 1000 unidades.","og_url":"https:\/\/www.csj-emballages.com\/pt-pt\/produit\/1000-sacos-de-papel-para-hamburgueres-12-7-x-18-cm\/","og_site_name":"CSJ Emballages","article_publisher":"https:\/\/www.facebook.com\/csjemballages","article_modified_time":"2026-05-04T17:01:16+00:00","og_image":[{"width":800,"height":800,"url":"https:\/\/www.csj-emballages.com\/wp-content\/uploads\/2024\/03\/Sachet-burger-brun.webp","type":"image\/webp"}],"twitter_card":"summary_large_image","twitter_misc":{"Tempo estimado de leitura":"1 minuto"},"schema":{"@context":"https:\/\/schema.org","@graph":[{"@type":"WebPage","@id":"https:\/\/www.csj-emballages.com\/pt-pt\/produit\/1000-sacos-de-papel-para-hamburgueres-12-7-x-18-cm\/","url":"https:\/\/www.csj-emballages.com\/pt-pt\/produit\/1000-sacos-de-papel-para-hamburgueres-12-7-x-18-cm\/","name":"Saco de papel para hamb\u00fargueres - 12 + 7 x 18 cm","isPartOf":{"@id":"https:\/\/www.csj-emballages.com\/pt-pt\/#website"},"primaryImageOfPage":{"@id":"https:\/\/www.csj-emballages.com\/pt-pt\/produit\/1000-sacos-de-papel-para-hamburgueres-12-7-x-18-cm\/#primaryimage"},"image":{"@id":"https:\/\/www.csj-emballages.com\/pt-pt\/produit\/1000-sacos-de-papel-para-hamburgueres-12-7-x-18-cm\/#primaryimage"},"thumbnailUrl":"https:\/\/www.csj-emballages.com\/wp-content\/uploads\/2024\/03\/Sachet-burger-brun.webp","datePublished":"2024-03-01T15:49:26+00:00","dateModified":"2026-05-04T17:01:16+00:00","description":"Saco para hamb\u00fargueres em papel vegetal 12 + 7 x 18 cm, ideal para proteger os teus hamb\u00fargueres de fugas de molho. Pr\u00e1tico, higi\u00e9nico e vendido em embalagens de 1000 unidades.","breadcrumb":{"@id":"https:\/\/www.csj-emballages.com\/pt-pt\/produit\/1000-sacos-de-papel-para-hamburgueres-12-7-x-18-cm\/#breadcrumb"},"inLanguage":"pt-PT","potentialAction":[{"@type":"ReadAction","target":["https:\/\/www.csj-emballages.com\/pt-pt\/produit\/1000-sacos-de-papel-para-hamburgueres-12-7-x-18-cm\/"]}]},{"@type":"ImageObject","inLanguage":"pt-PT","@id":"https:\/\/www.csj-emballages.com\/pt-pt\/produit\/1000-sacos-de-papel-para-hamburgueres-12-7-x-18-cm\/#primaryimage","url":"https:\/\/www.csj-emballages.com\/wp-content\/uploads\/2024\/03\/Sachet-burger-brun.webp","contentUrl":"https:\/\/www.csj-emballages.com\/wp-content\/uploads\/2024\/03\/Sachet-burger-brun.webp","width":800,"height":800,"caption":"sachet frite"},{"@type":"BreadcrumbList","@id":"https:\/\/www.csj-emballages.com\/pt-pt\/produit\/1000-sacos-de-papel-para-hamburgueres-12-7-x-18-cm\/#breadcrumb","itemListElement":[{"@type":"ListItem","position":1,"name":"Acolhimento","item":"https:\/\/www.csj-emballages.com\/pt-pt\/universo-das-embalagens-alimentares\/"},{"@type":"ListItem","position":2,"name":"Shop","item":"https:\/\/www.csj-emballages.com\/shop\/"},{"@type":"ListItem","position":3,"name":"Saco de papel para hamb\u00farguer 12 + 7 x 18 cm &#8211; 1000 un."}]},{"@type":"WebSite","@id":"https:\/\/www.csj-emballages.com\/pt-pt\/#website","url":"https:\/\/www.csj-emballages.com\/pt-pt\/","name":"CSJ Emballages","description":"","publisher":{"@id":"https:\/\/www.csj-emballages.com\/pt-pt\/#organization"},"potentialAction":[{"@type":"SearchAction","target":{"@type":"EntryPoint","urlTemplate":"https:\/\/www.csj-emballages.com\/pt-pt\/?s={search_term_string}"},"query-input":{"@type":"PropertyValueSpecification","valueRequired":true,"valueName":"search_term_string"}}],"inLanguage":"pt-PT"},{"@type":"Organization","@id":"https:\/\/www.csj-emballages.com\/pt-pt\/#Organization\/","name":"CSJ Emballages","url":"https:\/\/www.csj-emballages.com\/pt-pt\/","logo":{"@type":"ImageObject","inLanguage":"pt-PT","@id":"https:\/\/www.csj-emballages.com\/pt-pt\/#\/schema\/logo\/image\/","url":"https:\/\/www.csj-emballages.com\/wp-content\/uploads\/2023\/10\/logo_csj.webp","contentUrl":"https:\/\/www.csj-emballages.com\/wp-content\/uploads\/2023\/10\/logo_csj.webp","width":250,"height":95,"caption":"CSJ Emballages"},"image":{"@id":"https:\/\/www.csj-emballages.com\/pt-pt\/#\/schema\/logo\/image\/"},"sameAs":["https:\/\/www.facebook.com\/csjemballages"],"address":{"@type":"PostalAddress","streetAddress":"ZI La Lechere","addressLocality":"Patornay","postalCode":"39130","addressCountry":"FR"},"contactPoint":[{"@type":"ContactPoint","contactType":"Service client","telephone":"0384254272","email":"contact@csj-emballages.com"}]}]}},"df_price":11.84,"df_sale_price":"","df_regular_price":11.84,"df_image_link":"https:\/\/www.csj-emballages.com\/wp-content\/uploads\/2024\/03\/Sachet-burger-brun-300x300.webp","tiered_pricing_type":"fixed","tiered_pricing_fixed_rules":[],"tiered_pricing_percentage_rules":[],"tiered_pricing_minimum":1,"tiered_pricing_roles_data":[],"_links":{"self":[{"href":"https:\/\/www.csj-emballages.com\/pt-pt\/wp-json\/wp\/v2\/product\/23284","targetHints":{"allow":["GET"]}}],"collection":[{"href":"https:\/\/www.csj-emballages.com\/pt-pt\/wp-json\/wp\/v2\/product"}],"about":[{"href":"https:\/\/www.csj-emballages.com\/pt-pt\/wp-json\/wp\/v2\/types\/product"}],"wp:featuredmedia":[{"embeddable":true,"href":"https:\/\/www.csj-emballages.com\/pt-pt\/wp-json\/wp\/v2\/media\/207456"}],"wp:attachment":[{"href":"https:\/\/www.csj-emballages.com\/pt-pt\/wp-json\/wp\/v2\/media?parent=23284"}],"wp:term":[{"taxonomy":"product_brand","embeddable":true,"href":"https:\/\/www.csj-emballages.com\/pt-pt\/wp-json\/wp\/v2\/product_brand?post=23284"},{"taxonomy":"product_cat","embeddable":true,"href":"https:\/\/www.csj-emballages.com\/pt-pt\/wp-json\/wp\/v2\/product_cat?post=23284"},{"taxonomy":"product_tag","embeddable":true,"href":"https:\/\/www.csj-emballages.com\/pt-pt\/wp-json\/wp\/v2\/product_tag?post=23284"}],"curies":[{"name":"wp","href":"https:\/\/api.w.org\/{rel}","templated":true}]}}