{"id":23275,"date":"2024-03-01T16:49:25","date_gmt":"2024-03-01T15:49:25","guid":{"rendered":"https:\/\/u15jnbdpoq.preview.infomaniak.website\/produit\/100-em-sapatos-brancos-capas-para-sapatos\/"},"modified":"2026-03-19T02:13:39","modified_gmt":"2026-03-19T01:13:39","slug":"100-em-sapatos-brancos-capas-para-sapatos","status":"publish","type":"product","link":"https:\/\/www.csj-emballages.com\/pt-pt\/produit\/100-em-sapatos-brancos-capas-para-sapatos\/","title":{"rendered":"Sobret\u00e9nis branco PLP n\u00e3o tecido por 100"},"content":{"rendered":"<h2>Sobret\u00e9nis branco<\/h2>\n<hr>\n<h3>Descubra o nosso sobret\u00e9nis branco PLP n\u00e3o tecido por 100<\/h3>\n<p><!--more--><\/p>\n<p data-start=\"205\" data-end=\"523\">Estes <strong data-start=\"209\" data-end=\"252\">sobret\u00e9nis brancos em PLP n\u00e3o tecido<\/strong> s\u00e3o uma solu\u00e7\u00e3o simples e eficaz para manter os espa\u00e7os limpos sem complicar o dia a dia. Cal\u00e7am-se rapidamente e permitem proteger os pisos, respeitando as regras de higiene, quer seja em ambiente profissional, quer em visitas pontuais. <\/p>\n<p data-start=\"525\" data-end=\"850\">O seu material <strong data-start=\"538\" data-end=\"556\">PLP n\u00e3o tecido<\/strong> oferece um bom compromisso entre leveza e resist\u00eancia. Os <strong>sobret\u00e9nis<\/strong> mant\u00eam-se bem no lugar e acompanham os movimentos sem dificultar a marcha. Gra\u00e7as \u00e0 sua forma flex\u00edvel, adaptam-se facilmente a diferentes tipos de cal\u00e7ado, o que os torna pr\u00e1ticos para uso coletivo ou frequente.  <\/p>\n<p data-start=\"852\" data-end=\"1188\">Al\u00e9m disso, a sua <strong data-start=\"871\" data-end=\"890\">cor branca<\/strong> transmite uma imagem limpa e profissional, ideal para ambientes sens\u00edveis como laborat\u00f3rios, estabelecimentos de sa\u00fade, ind\u00fastrias agroalimentares ou zonas t\u00e9cnicas. Contribuem para limitar a sujidade e as contamina\u00e7\u00f5es cruzadas, mantendo-se discretos. <\/p>\n<p data-start=\"1190\" data-end=\"1516\">Vendidos <strong data-start=\"1198\" data-end=\"1216\">em lote de 100<\/strong>, estes <strong>sobret\u00e9nis<\/strong> permitem gerir as entradas e sa\u00eddas sem stress, mesmo em passagens frequentes. S\u00e3o f\u00e1ceis de armazenar, r\u00e1pidos de distribuir e perfeitamente adaptados a utiliza\u00e7\u00f5es tempor\u00e1rias. \u00c9 uma solu\u00e7\u00e3o fi\u00e1vel para manter um n\u00edvel de higiene constante sem perder tempo.  <\/p>\n<p data-start=\"1518\" data-end=\"1743\">Em resumo, estes <strong>sobret\u00e9nis brancos em PLP n\u00e3o tecido<\/strong> v\u00e3o direto ao essencial: protegem eficazmente, utilizam-se facilmente e integram-se naturalmente em todos os ambientes onde a limpeza \u00e9 uma prioridade.<\/p>\n<p data-start=\"1518\" data-end=\"1743\">\n<p data-start=\"1518\" data-end=\"1743\"><!--more--><\/p>\n<h4 data-start=\"1518\" data-end=\"1743\">Vantagens :<\/h4>\n<ul>\n<li data-start=\"1771\" data-end=\"1817\"><strong>Material PLP<\/strong> <strong>n\u00e3o tecido<\/strong> leve e resistente.<\/li>\n<li data-start=\"1820\" data-end=\"1843\">R\u00e1pido de instalar.<\/li>\n<li data-start=\"1846\" data-end=\"1877\">Boa fixa\u00e7\u00e3o no cal\u00e7ado.<\/li>\n<li data-start=\"1880\" data-end=\"1920\">Adaptados a diversos ambientes.<\/li>\n<li data-start=\"1923\" data-end=\"1973\">Cor branca, aspeto limpo e profissional.<\/li>\n<li data-start=\"1976\" data-end=\"2005\">Lote econ\u00f3mico de <strong>100 unidades<\/strong>.<\/li>\n<\/ul>\n<p>&nbsp;<\/p>\n<p><!--more--><\/p>\n<h4>Outras informa\u00e7\u00f5es :<\/h4>\n<ul>\n<li><strong>Embalagem<\/strong>: Pacote de 100<\/li>\n<li><strong>Dimens\u00f5es<\/strong>: 18 x 41 cm<\/li>\n<li><strong>Espessura<\/strong>: 40 gr\/m\u00b2<\/li>\n<li><strong>Cor<\/strong>: Branco<\/li>\n<li><strong>Material<\/strong>: Polipropileno n\u00e3o tecido<\/li>\n<\/ul>\n<p>&nbsp;<\/p>\n<p><!--more--><\/p>\n<p>Estes sobret\u00e9nis brancos tamb\u00e9m est\u00e3o dispon\u00edveis em azul: <span style=\"color: #d12727;\"><a style=\"color: #d12727;\" href=\"https:\/\/www.csj-emballages.com\/produit\/100-sur-chaussures-couvre-chaussures-bleu\/?_gl=1*17z3t5v*_up*MQ..*_ga*MTQ1MjkxNTU4MC4xNzY5Njk2NDAy*_ga_YNVJLRSSZT*czE3Njk2OTY0MDEkbzEkZzAkdDE3Njk2OTY0MDEkajYwJGwwJGgxMDM5NDc5NjA0\">SCHAUBLEU<\/a><\/span><\/p>\n","protected":false},"excerpt":{"rendered":"<p>Sobret\u00e9nis branco Descubra o nosso sobret\u00e9nis branco PLP n\u00e3o tecido por 100<\/p>\n","protected":false},"featured_media":262801,"template":"","meta":{"_acf_changed":false},"product_brand":[],"product_cat":[1222,2326,3437],"product_tag":[],"class_list":{"0":"post-23275","1":"product","2":"type-product","3":"status-publish","4":"has-post-thumbnail","6":"product_cat-higiene-e-manutencao","7":"product_cat-equipamento-individual","8":"product_cat-calcado-de-protecao","10":"first","11":"instock","12":"taxable","13":"shipping-taxable","14":"purchasable","15":"product-type-simple"},"acf":[],"yoast_head":"<!-- This site is optimized with the Yoast SEO Premium plugin v26.6 (Yoast SEO v26.6) - https:\/\/yoast.com\/wordpress\/plugins\/seo\/ -->\n<title>Sobret\u00e9nis Branco PLP n\u00e3o Tecido por 100<\/title>\n<meta name=\"description\" content=\"Sobret\u00e9nis branco PLP n\u00e3o tecido vendido por 100. Leves, pr\u00e1ticos e ideais para proteger os pisos e respeitar as regras de higiene.\" \/>\n<meta name=\"robots\" content=\"index, follow, max-snippet:-1, max-image-preview:large, max-video-preview:-1\" \/>\n<link rel=\"canonical\" href=\"https:\/\/www.csj-emballages.com\/pt-pt\/produit\/100-em-sapatos-brancos-capas-para-sapatos\/\" \/>\n<meta property=\"og:locale\" content=\"pt_PT\" \/>\n<meta property=\"og:type\" content=\"article\" \/>\n<meta property=\"og:title\" content=\"Sobret\u00e9nis branco PLP n\u00e3o tecido por 100\" \/>\n<meta property=\"og:description\" content=\"Sobret\u00e9nis branco PLP n\u00e3o tecido vendido por 100. Leves, pr\u00e1ticos e ideais para proteger os pisos e respeitar as regras de higiene.\" \/>\n<meta property=\"og:url\" content=\"https:\/\/www.csj-emballages.com\/pt-pt\/produit\/100-em-sapatos-brancos-capas-para-sapatos\/\" \/>\n<meta property=\"og:site_name\" content=\"CSJ Emballages\" \/>\n<meta property=\"article:publisher\" content=\"https:\/\/www.facebook.com\/csjemballages\" \/>\n<meta property=\"article:modified_time\" content=\"2026-03-19T01:13:39+00:00\" \/>\n<meta property=\"og:image\" content=\"https:\/\/www.csj-emballages.com\/wp-content\/uploads\/2024\/03\/Surchaussure-blanche.webp\" \/>\n\t<meta property=\"og:image:width\" content=\"800\" \/>\n\t<meta property=\"og:image:height\" content=\"800\" \/>\n\t<meta property=\"og:image:type\" content=\"image\/webp\" \/>\n<meta name=\"twitter:card\" content=\"summary_large_image\" \/>\n<meta name=\"twitter:label1\" content=\"Tempo estimado de leitura\" \/>\n\t<meta name=\"twitter:data1\" content=\"2 minutos\" \/>\n<script type=\"application\/ld+json\" class=\"yoast-schema-graph\">{\"@context\":\"https:\/\/schema.org\",\"@graph\":[{\"@type\":\"WebPage\",\"@id\":\"https:\/\/www.csj-emballages.com\/pt-pt\/produit\/100-em-sapatos-brancos-capas-para-sapatos\/\",\"url\":\"https:\/\/www.csj-emballages.com\/pt-pt\/produit\/100-em-sapatos-brancos-capas-para-sapatos\/\",\"name\":\"Sobret\u00e9nis Branco PLP n\u00e3o Tecido por 100\",\"isPartOf\":{\"@id\":\"https:\/\/www.csj-emballages.com\/pt-pt\/#website\"},\"primaryImageOfPage\":{\"@id\":\"https:\/\/www.csj-emballages.com\/pt-pt\/produit\/100-em-sapatos-brancos-capas-para-sapatos\/#primaryimage\"},\"image\":{\"@id\":\"https:\/\/www.csj-emballages.com\/pt-pt\/produit\/100-em-sapatos-brancos-capas-para-sapatos\/#primaryimage\"},\"thumbnailUrl\":\"https:\/\/www.csj-emballages.com\/wp-content\/uploads\/2024\/03\/Surchaussure-blanche.webp\",\"datePublished\":\"2024-03-01T15:49:25+00:00\",\"dateModified\":\"2026-03-19T01:13:39+00:00\",\"description\":\"Sobret\u00e9nis branco PLP n\u00e3o tecido vendido por 100. Leves, pr\u00e1ticos e ideais para proteger os pisos e respeitar as regras de higiene.\",\"breadcrumb\":{\"@id\":\"https:\/\/www.csj-emballages.com\/pt-pt\/produit\/100-em-sapatos-brancos-capas-para-sapatos\/#breadcrumb\"},\"inLanguage\":\"pt-PT\",\"potentialAction\":[{\"@type\":\"ReadAction\",\"target\":[\"https:\/\/www.csj-emballages.com\/pt-pt\/produit\/100-em-sapatos-brancos-capas-para-sapatos\/\"]}]},{\"@type\":\"ImageObject\",\"inLanguage\":\"pt-PT\",\"@id\":\"https:\/\/www.csj-emballages.com\/pt-pt\/produit\/100-em-sapatos-brancos-capas-para-sapatos\/#primaryimage\",\"url\":\"https:\/\/www.csj-emballages.com\/wp-content\/uploads\/2024\/03\/Surchaussure-blanche.webp\",\"contentUrl\":\"https:\/\/www.csj-emballages.com\/wp-content\/uploads\/2024\/03\/Surchaussure-blanche.webp\",\"width\":800,\"height\":800,\"caption\":\"Surchaussure blanche\"},{\"@type\":\"BreadcrumbList\",\"@id\":\"https:\/\/www.csj-emballages.com\/pt-pt\/produit\/100-em-sapatos-brancos-capas-para-sapatos\/#breadcrumb\",\"itemListElement\":[{\"@type\":\"ListItem\",\"position\":1,\"name\":\"Acolhimento\",\"item\":\"https:\/\/www.csj-emballages.com\/pt-pt\/universo-das-embalagens-alimentares\/\"},{\"@type\":\"ListItem\",\"position\":2,\"name\":\"Shop\",\"item\":\"https:\/\/www.csj-emballages.com\/shop\/\"},{\"@type\":\"ListItem\",\"position\":3,\"name\":\"Sobret\u00e9nis branco PLP n\u00e3o tecido por 100\"}]},{\"@type\":\"WebSite\",\"@id\":\"https:\/\/www.csj-emballages.com\/pt-pt\/#website\",\"url\":\"https:\/\/www.csj-emballages.com\/pt-pt\/\",\"name\":\"CSJ Emballages\",\"description\":\"\",\"publisher\":{\"@id\":\"https:\/\/www.csj-emballages.com\/pt-pt\/#organization\"},\"potentialAction\":[{\"@type\":\"SearchAction\",\"target\":{\"@type\":\"EntryPoint\",\"urlTemplate\":\"https:\/\/www.csj-emballages.com\/pt-pt\/?s={search_term_string}\"},\"query-input\":{\"@type\":\"PropertyValueSpecification\",\"valueRequired\":true,\"valueName\":\"search_term_string\"}}],\"inLanguage\":\"pt-PT\"},{\"@type\":\"Organization\",\"@id\":\"https:\/\/www.csj-emballages.com\/pt-pt\/#Organization\/\",\"name\":\"CSJ Emballages\",\"url\":\"https:\/\/www.csj-emballages.com\/pt-pt\/\",\"logo\":{\"@type\":\"ImageObject\",\"inLanguage\":\"pt-PT\",\"@id\":\"https:\/\/www.csj-emballages.com\/pt-pt\/#\/schema\/logo\/image\/\",\"url\":\"https:\/\/www.csj-emballages.com\/wp-content\/uploads\/2023\/10\/logo_csj.webp\",\"contentUrl\":\"https:\/\/www.csj-emballages.com\/wp-content\/uploads\/2023\/10\/logo_csj.webp\",\"width\":250,\"height\":95,\"caption\":\"CSJ Emballages\"},\"image\":{\"@id\":\"https:\/\/www.csj-emballages.com\/pt-pt\/#\/schema\/logo\/image\/\"},\"sameAs\":[\"https:\/\/www.facebook.com\/csjemballages\"],\"address\":{\"@type\":\"PostalAddress\",\"streetAddress\":\"ZI La Lechere\",\"addressLocality\":\"Patornay\",\"postalCode\":\"39130\",\"addressCountry\":\"FR\"},\"contactPoint\":[{\"@type\":\"ContactPoint\",\"contactType\":\"Service client\",\"telephone\":\"0384254272\",\"email\":\"contact@csj-emballages.com\"}]}]}<\/script>\n<!-- \/ Yoast SEO Premium plugin. -->","yoast_head_json":{"title":"Sobret\u00e9nis Branco PLP n\u00e3o Tecido por 100","description":"Sobret\u00e9nis branco PLP n\u00e3o tecido vendido por 100. Leves, pr\u00e1ticos e ideais para proteger os pisos e respeitar as regras de higiene.","robots":{"index":"index","follow":"follow","max-snippet":"max-snippet:-1","max-image-preview":"max-image-preview:large","max-video-preview":"max-video-preview:-1"},"canonical":"https:\/\/www.csj-emballages.com\/pt-pt\/produit\/100-em-sapatos-brancos-capas-para-sapatos\/","og_locale":"pt_PT","og_type":"article","og_title":"Sobret\u00e9nis branco PLP n\u00e3o tecido por 100","og_description":"Sobret\u00e9nis branco PLP n\u00e3o tecido vendido por 100. Leves, pr\u00e1ticos e ideais para proteger os pisos e respeitar as regras de higiene.","og_url":"https:\/\/www.csj-emballages.com\/pt-pt\/produit\/100-em-sapatos-brancos-capas-para-sapatos\/","og_site_name":"CSJ Emballages","article_publisher":"https:\/\/www.facebook.com\/csjemballages","article_modified_time":"2026-03-19T01:13:39+00:00","og_image":[{"width":800,"height":800,"url":"https:\/\/www.csj-emballages.com\/wp-content\/uploads\/2024\/03\/Surchaussure-blanche.webp","type":"image\/webp"}],"twitter_card":"summary_large_image","twitter_misc":{"Tempo estimado de leitura":"2 minutos"},"schema":{"@context":"https:\/\/schema.org","@graph":[{"@type":"WebPage","@id":"https:\/\/www.csj-emballages.com\/pt-pt\/produit\/100-em-sapatos-brancos-capas-para-sapatos\/","url":"https:\/\/www.csj-emballages.com\/pt-pt\/produit\/100-em-sapatos-brancos-capas-para-sapatos\/","name":"Sobret\u00e9nis Branco PLP n\u00e3o Tecido por 100","isPartOf":{"@id":"https:\/\/www.csj-emballages.com\/pt-pt\/#website"},"primaryImageOfPage":{"@id":"https:\/\/www.csj-emballages.com\/pt-pt\/produit\/100-em-sapatos-brancos-capas-para-sapatos\/#primaryimage"},"image":{"@id":"https:\/\/www.csj-emballages.com\/pt-pt\/produit\/100-em-sapatos-brancos-capas-para-sapatos\/#primaryimage"},"thumbnailUrl":"https:\/\/www.csj-emballages.com\/wp-content\/uploads\/2024\/03\/Surchaussure-blanche.webp","datePublished":"2024-03-01T15:49:25+00:00","dateModified":"2026-03-19T01:13:39+00:00","description":"Sobret\u00e9nis branco PLP n\u00e3o tecido vendido por 100. Leves, pr\u00e1ticos e ideais para proteger os pisos e respeitar as regras de higiene.","breadcrumb":{"@id":"https:\/\/www.csj-emballages.com\/pt-pt\/produit\/100-em-sapatos-brancos-capas-para-sapatos\/#breadcrumb"},"inLanguage":"pt-PT","potentialAction":[{"@type":"ReadAction","target":["https:\/\/www.csj-emballages.com\/pt-pt\/produit\/100-em-sapatos-brancos-capas-para-sapatos\/"]}]},{"@type":"ImageObject","inLanguage":"pt-PT","@id":"https:\/\/www.csj-emballages.com\/pt-pt\/produit\/100-em-sapatos-brancos-capas-para-sapatos\/#primaryimage","url":"https:\/\/www.csj-emballages.com\/wp-content\/uploads\/2024\/03\/Surchaussure-blanche.webp","contentUrl":"https:\/\/www.csj-emballages.com\/wp-content\/uploads\/2024\/03\/Surchaussure-blanche.webp","width":800,"height":800,"caption":"Surchaussure blanche"},{"@type":"BreadcrumbList","@id":"https:\/\/www.csj-emballages.com\/pt-pt\/produit\/100-em-sapatos-brancos-capas-para-sapatos\/#breadcrumb","itemListElement":[{"@type":"ListItem","position":1,"name":"Acolhimento","item":"https:\/\/www.csj-emballages.com\/pt-pt\/universo-das-embalagens-alimentares\/"},{"@type":"ListItem","position":2,"name":"Shop","item":"https:\/\/www.csj-emballages.com\/shop\/"},{"@type":"ListItem","position":3,"name":"Sobret\u00e9nis branco PLP n\u00e3o tecido por 100"}]},{"@type":"WebSite","@id":"https:\/\/www.csj-emballages.com\/pt-pt\/#website","url":"https:\/\/www.csj-emballages.com\/pt-pt\/","name":"CSJ Emballages","description":"","publisher":{"@id":"https:\/\/www.csj-emballages.com\/pt-pt\/#organization"},"potentialAction":[{"@type":"SearchAction","target":{"@type":"EntryPoint","urlTemplate":"https:\/\/www.csj-emballages.com\/pt-pt\/?s={search_term_string}"},"query-input":{"@type":"PropertyValueSpecification","valueRequired":true,"valueName":"search_term_string"}}],"inLanguage":"pt-PT"},{"@type":"Organization","@id":"https:\/\/www.csj-emballages.com\/pt-pt\/#Organization\/","name":"CSJ Emballages","url":"https:\/\/www.csj-emballages.com\/pt-pt\/","logo":{"@type":"ImageObject","inLanguage":"pt-PT","@id":"https:\/\/www.csj-emballages.com\/pt-pt\/#\/schema\/logo\/image\/","url":"https:\/\/www.csj-emballages.com\/wp-content\/uploads\/2023\/10\/logo_csj.webp","contentUrl":"https:\/\/www.csj-emballages.com\/wp-content\/uploads\/2023\/10\/logo_csj.webp","width":250,"height":95,"caption":"CSJ Emballages"},"image":{"@id":"https:\/\/www.csj-emballages.com\/pt-pt\/#\/schema\/logo\/image\/"},"sameAs":["https:\/\/www.facebook.com\/csjemballages"],"address":{"@type":"PostalAddress","streetAddress":"ZI La Lechere","addressLocality":"Patornay","postalCode":"39130","addressCountry":"FR"},"contactPoint":[{"@type":"ContactPoint","contactType":"Service client","telephone":"0384254272","email":"contact@csj-emballages.com"}]}]}},"df_price":6.98,"df_sale_price":"","df_regular_price":6.98,"df_image_link":"https:\/\/www.csj-emballages.com\/wp-content\/uploads\/2024\/03\/Surchaussure-blanche-300x300.webp","tiered_pricing_type":"fixed","tiered_pricing_fixed_rules":[],"tiered_pricing_percentage_rules":[],"tiered_pricing_minimum":1,"tiered_pricing_roles_data":[],"_links":{"self":[{"href":"https:\/\/www.csj-emballages.com\/pt-pt\/wp-json\/wp\/v2\/product\/23275","targetHints":{"allow":["GET"]}}],"collection":[{"href":"https:\/\/www.csj-emballages.com\/pt-pt\/wp-json\/wp\/v2\/product"}],"about":[{"href":"https:\/\/www.csj-emballages.com\/pt-pt\/wp-json\/wp\/v2\/types\/product"}],"wp:featuredmedia":[{"embeddable":true,"href":"https:\/\/www.csj-emballages.com\/pt-pt\/wp-json\/wp\/v2\/media\/262801"}],"wp:attachment":[{"href":"https:\/\/www.csj-emballages.com\/pt-pt\/wp-json\/wp\/v2\/media?parent=23275"}],"wp:term":[{"taxonomy":"product_brand","embeddable":true,"href":"https:\/\/www.csj-emballages.com\/pt-pt\/wp-json\/wp\/v2\/product_brand?post=23275"},{"taxonomy":"product_cat","embeddable":true,"href":"https:\/\/www.csj-emballages.com\/pt-pt\/wp-json\/wp\/v2\/product_cat?post=23275"},{"taxonomy":"product_tag","embeddable":true,"href":"https:\/\/www.csj-emballages.com\/pt-pt\/wp-json\/wp\/v2\/product_tag?post=23275"}],"curies":[{"name":"wp","href":"https:\/\/api.w.org\/{rel}","templated":true}]}}