{"id":23253,"date":"2024-03-01T16:50:05","date_gmt":"2024-03-01T15:50:05","guid":{"rendered":"https:\/\/u15jnbdpoq.preview.infomaniak.website\/produit\/100-sacos-kraft-com-janela-de-abeto-120-x-260-mm\/"},"modified":"2026-03-12T16:38:24","modified_gmt":"2026-03-12T15:38:24","slug":"100-sacos-kraft-com-janela-de-abeto-120-x-260-mm","status":"publish","type":"product","link":"https:\/\/www.csj-emballages.com\/pt-pt\/produit\/100-sacos-kraft-com-janela-de-abeto-120-x-260-mm\/","title":{"rendered":"Saco de rebu\u00e7ados de Natal em kraft Abeto 120 x 260 mm por 100"},"content":{"rendered":"<div style=\"font-family: Roboto, sans-serif;\">\n<div style=\"font-family: Roboto, sans-serif;\">\n<div style=\"font-family: Roboto, sans-serif;\">\n<div style=\"font-family: Roboto, sans-serif;\">\n<div style=\"font-family: Roboto, sans-serif;\">\n<div style=\"font-family: Roboto, sans-serif;\">\n<div style=\"font-family: Roboto, sans-serif;\">\n<div style=\"font-family: Roboto, sans-serif;\">\n<div style=\"font-family: Roboto, sans-serif;\">\n<div style=\"font-family: Roboto, sans-serif;\">\n<div style=\"font-family: Roboto, sans-serif;\">\n<div style=\"font-family: Roboto, sans-serif;\">\n<div style=\"font-family: Roboto, sans-serif;\">\n<div class=\"flex flex-grow flex-col max-w-full\">\n<div class=\"min-h-[20px] text-message flex flex-col items-start whitespace-pre-wrap break-words [.text-message+&amp;]:mt-5 juice:w-full juice:items-end overflow-x-auto gap-2\" dir=\"auto\" data-message-author-role=\"assistant\" data-message-id=\"2034782e-88f9-44ef-b4dc-07dd7bf0115f\">\n<div class=\"flex w-full flex-col gap-1 juice:empty:hidden juice:first:pt-[3px]\">\n<div class=\"markdown prose w-full break-words dark:prose-invert light\">\n<div style=\"font-family: Roboto, sans-serif;\">\n<div style=\"font-family: Roboto, sans-serif;\">\n<div style=\"font-family: Roboto, sans-serif;\">\n<div style=\"font-family: Roboto, sans-serif;\">\n<div style=\"font-family: Roboto, sans-serif;\">\n<div style=\"font-family: Roboto, sans-serif;\">\n<div style=\"font-family: Roboto, sans-serif;\">\n<h2 class=\"p1\">Doces de Natal<\/h2>\n<hr>\n<h3>Descri\u00e7\u00e3o do nosso saco de confeitarias de Natal kraft Abeto 120 x 260 mm por 100<\/h3>\n<p><!--more--><\/p>\n<p data-start=\"0\" data-end=\"550\">D\u00ea um toque festivo aos seus doces com o nosso <strong data-start=\"86\" data-end=\"138\">saco de confeitaria de Natal em kraft de 120 x 260 mm Fir Tree<\/strong>, vendido em embalagens de <strong>100<\/strong>. Concebida para os artes\u00e3os do gosto, esta <strong data-start=\"190\" data-end=\"207\">saqueta r\u00edgida<\/strong> alia o charme aut\u00eantico \u00e0 praticidade. Gra\u00e7as ao seu papel <strong data-start=\"266\" data-end=\"288\">kraft castanho natural<\/strong> de 40 g com nervuras elegantes, <strong data-start=\"316\" data-end=\"340\">laminado com OPP de 15 \u00b5<\/strong>, protege perfeitamente as suas guloseimas, ao mesmo tempo que apresenta um estilo acolhedor e ecol\u00f3gico. Al\u00e9m disso, a <strong data-start=\"455\" data-end=\"480\">base de cart\u00e3o integrada<\/strong> garante um encaixe perfeito, mesmo quando cheia de chocolates ou biscoitos.<\/p>\n<p data-start=\"552\" data-end=\"930\">Especialmente concebido para <strong data-start=\"580\" data-end=\"594\">pasteleiros<\/strong> e <strong data-start=\"598\" data-end=\"614\">chocolatiers<\/strong>, este <strong data-start=\"619\" data-end=\"643\">saco com estampado de \u00e1rvores<\/strong> evoca instantaneamente a magia do Natal. O seu design elegante e refinado \u00e9 t\u00e3o adequado para oficinas de artesanato como para boutiques gourmet topo de gama. Desta forma, as suas cria\u00e7\u00f5es &#8211; trufas, caramelos, marrons glac\u00e9s ou shortbread &#8211; tornam-se verdadeiros presentes prontos a oferecer.<\/p>\n<p data-start=\"932\" data-end=\"1247\">Al\u00e9m disso, o seu formato pr\u00e1tico de <strong>120 x 260 mm<\/strong> permite um acondicionamento r\u00e1pido e eficaz, quer seja para a venda em montras ou para a montagem de cestos gourmet. Gra\u00e7as \u00e0 sua base est\u00e1vel, mant\u00e9m-se na vertical nas prateleiras ou nos sacos, valorizando os seus produtos e facilitando a sua apresenta\u00e7\u00e3o. <\/p>\n<p data-start=\"1249\" data-end=\"1613\">Dur\u00e1vel e atrativo, este <strong data-start=\"1275\" data-end=\"1299\">saco de Natal em kraft<\/strong> \u00e9 a combina\u00e7\u00e3o perfeita de <strong data-start=\"1334\" data-end=\"1346\">robustez<\/strong>, <strong data-start=\"1348\" data-end=\"1370\">responsabilidade ecol\u00f3gica<\/strong> e <strong data-start=\"1374\" data-end=\"1398\">eleg\u00e2ncia sazonal<\/strong>. Escolher este <strong>saco de Natal<\/strong> significa tamb\u00e9m reduzir o seu impacto ambiental, pois o kraft \u00e9 conhecido pela sua capacidade de reciclagem e pelo seu aspeto natural, cada vez mais apelativo para os consumidores preocupados com o planeta.<\/p>\n<p data-start=\"1615\" data-end=\"1906\">Em suma, este <strong data-start=\"1628\" data-end=\"1662\">saco de confeitaria em abeto kraft<\/strong> \u00e9 o toque final que valoriza as suas prepara\u00e7\u00f5es doces, chama a aten\u00e7\u00e3o e oferece aos seus clientes uma experi\u00eancia \u00fanica, desde a loja at\u00e9 ao prazer da degusta\u00e7\u00e3o. Ofere\u00e7a-lhes um Natal gourmet, cheio de requinte e conv\u00edvio.<\/p>\n<p data-start=\"1367\" data-end=\"1669\"><!--more--><\/p>\n<h4 data-start=\"1367\" data-end=\"1669\">Vantagens :<\/h4>\n<ul>\n<li data-start=\"1367\" data-end=\"1669\"><strong data-start=\"2112\" data-end=\"2135\">Desenho festivo<\/strong> e apelativo de uma <strong data-start=\"2112\" data-end=\"2135\">\u00e1rvore de Natal<\/strong>.<\/li>\n<li data-start=\"1367\" data-end=\"1669\"><strong data-start=\"2181\" data-end=\"2206\">Base de cart\u00e3o integrada<\/strong> para uma excelente estabilidade<\/li>\n<li data-start=\"1367\" data-end=\"1669\"><strong data-start=\"2246\" data-end=\"2274\">Kraft natural laminado OPP<\/strong>: prote\u00e7\u00e3o, resist\u00eancia e possibilidade de reciclagem.<\/li>\n<li data-start=\"1367\" data-end=\"1669\">Ideal para <strong data-start=\"2333\" data-end=\"2383\">pasteleiros, chocolatiers e artes\u00e3os gourmet.<\/strong><\/li>\n<li data-start=\"1367\" data-end=\"1669\">Formato pr\u00e1tico <strong>de 120 x 260 mm<\/strong> para uma embalagem r\u00e1pida.<\/li>\n<\/ul>\n<p>&nbsp;<\/p>\n<p><!--more--><\/p>\n<h4>Outras informa\u00e7\u00f5es :<\/h4>\n<ul>\n<li><strong>Embalagem<\/strong>: Pacote de 100<\/li>\n<li><strong>Dimens\u00f5es<\/strong>: 120 x 260 mm<\/li>\n<li><strong>Cor<\/strong>: Colorido<\/li>\n<li><strong>Material<\/strong>: OPP<\/li>\n<li><strong>Espessura<\/strong>: 35 microns<\/li>\n<\/ul>\n<\/div>\n<div style=\"font-family: Roboto, sans-serif;\">\n<p>&nbsp;<\/p>\n<p><!--more--><\/p>\n<\/div>\n<p>Este produto tamb\u00e9m est\u00e1 dispon\u00edvel num tamanho mais pequeno: <span style=\"color: #d12727;\"><a style=\"color: #d12727;\" href=\"https:\/\/www.csj-emballages.com\/produit\/100-sachet-confiseries-noel-kraft-avec-fenetre-sapin-100-x-220-mm\/\">100 x 220 mm<\/a><\/span><\/p>\n<p>&nbsp;<\/p>\n<div style=\"font-family: Roboto, sans-serif;\">\n<p><!--more--><\/p>\n<p><a href=\"https:\/\/www.csj-emballages.com\/pt-pt\/categorie-produit\/embalagem-de-alimentos\/padaria-e-pastelaria\/sacos-saquetas-e-papel\/sacos-de-confeitaria\/sacos-tematicos\/sacos-de-natal\/\">Ver o resto da nossa gama de sacos de Natal<\/a><\/p>\n<\/div>\n<\/div>\n<\/div>\n<\/div>\n<\/div>\n<\/div>\n<\/div>\n<\/div>\n<\/div>\n<\/div>\n<\/div>\n<\/div>\n<\/div>\n<\/div>\n<\/div>\n<\/div>\n<\/div>\n<\/div>\n<\/div>\n<\/div>\n<\/div>\n<\/div>\n<\/div>\n<\/div>\n","protected":false},"excerpt":{"rendered":"<p>Doces de Natal Descri\u00e7\u00e3o do nosso saco de confeitarias de Natal kraft Abeto 120 x 260 mm por 100<\/p>\n","protected":false},"featured_media":243559,"template":"","meta":{"_acf_changed":false},"product_brand":[],"product_cat":[1141,1177,1655,3406,1482,1267],"product_tag":[],"class_list":{"0":"post-23253","1":"product","2":"type-product","3":"status-publish","4":"has-post-thumbnail","6":"product_cat-embalagem-de-alimentos","7":"product_cat-padaria-e-pastelaria","8":"product_cat-sacos-de-confeitaria","9":"product_cat-sacos-de-natal","10":"product_cat-loja-e-armazem","11":"product_cat-descontos-promocoes","13":"first","14":"instock","15":"sale","16":"taxable","17":"shipping-taxable","18":"purchasable","19":"product-type-simple"},"acf":[],"yoast_head":"<!-- This site is optimized with the Yoast SEO Premium plugin v26.6 (Yoast SEO v26.6) - https:\/\/yoast.com\/wordpress\/plugins\/seo\/ -->\n<title>Saco de confeitarias de Natal Kraft Fir Tree 120 x 260 mm por 100<\/title>\n<meta name=\"description\" content=\"Saco de confeitaria em kraft para \u00e1rvore de Natal, 120 x 260 mm, 100 unidades: elegante, resistente e amigo do ambiente para fabricantes de chocolate e pasteleiros.\" \/>\n<meta name=\"robots\" content=\"index, follow, max-snippet:-1, max-image-preview:large, max-video-preview:-1\" \/>\n<link rel=\"canonical\" href=\"https:\/\/www.csj-emballages.com\/pt-pt\/produit\/100-sacos-kraft-com-janela-de-abeto-120-x-260-mm\/\" \/>\n<meta property=\"og:locale\" content=\"pt_PT\" \/>\n<meta property=\"og:type\" content=\"article\" \/>\n<meta property=\"og:title\" content=\"Saco de Natal em kraft &quot;Abeto&quot; 120 x 260 mm\" \/>\n<meta property=\"og:description\" content=\"Sacos de confeitaria de Natal, 120x260 mm por 100, ideais para guloseimas festivas, presentes para convidados, eventos ou vendas em loja.\" \/>\n<meta property=\"og:url\" content=\"https:\/\/www.csj-emballages.com\/pt-pt\/produit\/100-sacos-kraft-com-janela-de-abeto-120-x-260-mm\/\" \/>\n<meta property=\"og:site_name\" content=\"CSJ Emballages\" \/>\n<meta property=\"article:publisher\" content=\"https:\/\/www.facebook.com\/csjemballages\" \/>\n<meta property=\"article:modified_time\" content=\"2026-03-12T15:38:24+00:00\" \/>\n<meta property=\"og:image\" content=\"https:\/\/www.csj-emballages.com\/wp-content\/uploads\/2024\/03\/SAPINT1.webp\" \/>\n\t<meta property=\"og:image:width\" content=\"800\" \/>\n\t<meta property=\"og:image:height\" content=\"800\" \/>\n\t<meta property=\"og:image:type\" content=\"image\/webp\" \/>\n<meta name=\"twitter:card\" content=\"summary_large_image\" \/>\n<meta name=\"twitter:title\" content=\"Saco de Natal em kraft &quot;Abeto&quot; 120 x 260 mm\" \/>\n<meta name=\"twitter:description\" content=\"Sacos de confeitaria de Natal, 120x260 mm por 100, ideais para guloseimas festivas, presentes para convidados, eventos ou vendas em loja.\" \/>\n<meta name=\"twitter:label1\" content=\"Tempo estimado de leitura\" \/>\n\t<meta name=\"twitter:data1\" content=\"2 minutos\" \/>\n<script type=\"application\/ld+json\" class=\"yoast-schema-graph\">{\"@context\":\"https:\/\/schema.org\",\"@graph\":[{\"@type\":\"WebPage\",\"@id\":\"https:\/\/www.csj-emballages.com\/pt-pt\/produit\/100-sacos-kraft-com-janela-de-abeto-120-x-260-mm\/\",\"url\":\"https:\/\/www.csj-emballages.com\/pt-pt\/produit\/100-sacos-kraft-com-janela-de-abeto-120-x-260-mm\/\",\"name\":\"Saco de confeitarias de Natal Kraft Fir Tree 120 x 260 mm por 100\",\"isPartOf\":{\"@id\":\"https:\/\/www.csj-emballages.com\/pt-pt\/#website\"},\"primaryImageOfPage\":{\"@id\":\"https:\/\/www.csj-emballages.com\/pt-pt\/produit\/100-sacos-kraft-com-janela-de-abeto-120-x-260-mm\/#primaryimage\"},\"image\":{\"@id\":\"https:\/\/www.csj-emballages.com\/pt-pt\/produit\/100-sacos-kraft-com-janela-de-abeto-120-x-260-mm\/#primaryimage\"},\"thumbnailUrl\":\"https:\/\/www.csj-emballages.com\/wp-content\/uploads\/2024\/03\/SAPINT1.webp\",\"datePublished\":\"2024-03-01T15:50:05+00:00\",\"dateModified\":\"2026-03-12T15:38:24+00:00\",\"description\":\"Saco de confeitaria em kraft para \u00e1rvore de Natal, 120 x 260 mm, 100 unidades: elegante, resistente e amigo do ambiente para fabricantes de chocolate e pasteleiros.\",\"breadcrumb\":{\"@id\":\"https:\/\/www.csj-emballages.com\/pt-pt\/produit\/100-sacos-kraft-com-janela-de-abeto-120-x-260-mm\/#breadcrumb\"},\"inLanguage\":\"pt-PT\",\"potentialAction\":[{\"@type\":\"ReadAction\",\"target\":[\"https:\/\/www.csj-emballages.com\/pt-pt\/produit\/100-sacos-kraft-com-janela-de-abeto-120-x-260-mm\/\"]}]},{\"@type\":\"ImageObject\",\"inLanguage\":\"pt-PT\",\"@id\":\"https:\/\/www.csj-emballages.com\/pt-pt\/produit\/100-sacos-kraft-com-janela-de-abeto-120-x-260-mm\/#primaryimage\",\"url\":\"https:\/\/www.csj-emballages.com\/wp-content\/uploads\/2024\/03\/SAPINT1.webp\",\"contentUrl\":\"https:\/\/www.csj-emballages.com\/wp-content\/uploads\/2024\/03\/SAPINT1.webp\",\"width\":800,\"height\":800,\"caption\":\"Sachet confiseries\"},{\"@type\":\"BreadcrumbList\",\"@id\":\"https:\/\/www.csj-emballages.com\/pt-pt\/produit\/100-sacos-kraft-com-janela-de-abeto-120-x-260-mm\/#breadcrumb\",\"itemListElement\":[{\"@type\":\"ListItem\",\"position\":1,\"name\":\"Acolhimento\",\"item\":\"https:\/\/www.csj-emballages.com\/pt-pt\/universo-das-embalagens-alimentares\/\"},{\"@type\":\"ListItem\",\"position\":2,\"name\":\"Shop\",\"item\":\"https:\/\/www.csj-emballages.com\/shop\/\"},{\"@type\":\"ListItem\",\"position\":3,\"name\":\"Saco de rebu\u00e7ados de Natal em kraft Abeto 120 x 260 mm por 100\"}]},{\"@type\":\"WebSite\",\"@id\":\"https:\/\/www.csj-emballages.com\/pt-pt\/#website\",\"url\":\"https:\/\/www.csj-emballages.com\/pt-pt\/\",\"name\":\"CSJ Emballages\",\"description\":\"\",\"publisher\":{\"@id\":\"https:\/\/www.csj-emballages.com\/pt-pt\/#organization\"},\"potentialAction\":[{\"@type\":\"SearchAction\",\"target\":{\"@type\":\"EntryPoint\",\"urlTemplate\":\"https:\/\/www.csj-emballages.com\/pt-pt\/?s={search_term_string}\"},\"query-input\":{\"@type\":\"PropertyValueSpecification\",\"valueRequired\":true,\"valueName\":\"search_term_string\"}}],\"inLanguage\":\"pt-PT\"},{\"@type\":\"Organization\",\"@id\":\"https:\/\/www.csj-emballages.com\/pt-pt\/#Organization\/\",\"name\":\"CSJ Emballages\",\"url\":\"https:\/\/www.csj-emballages.com\/pt-pt\/\",\"logo\":{\"@type\":\"ImageObject\",\"inLanguage\":\"pt-PT\",\"@id\":\"https:\/\/www.csj-emballages.com\/pt-pt\/#\/schema\/logo\/image\/\",\"url\":\"https:\/\/www.csj-emballages.com\/wp-content\/uploads\/2023\/10\/logo_csj.webp\",\"contentUrl\":\"https:\/\/www.csj-emballages.com\/wp-content\/uploads\/2023\/10\/logo_csj.webp\",\"width\":250,\"height\":95,\"caption\":\"CSJ Emballages\"},\"image\":{\"@id\":\"https:\/\/www.csj-emballages.com\/pt-pt\/#\/schema\/logo\/image\/\"},\"sameAs\":[\"https:\/\/www.facebook.com\/csjemballages\"],\"address\":{\"@type\":\"PostalAddress\",\"streetAddress\":\"ZI La Lechere\",\"addressLocality\":\"Patornay\",\"postalCode\":\"39130\",\"addressCountry\":\"FR\"},\"contactPoint\":[{\"@type\":\"ContactPoint\",\"contactType\":\"Service client\",\"telephone\":\"0384254272\",\"email\":\"contact@csj-emballages.com\"}]}]}<\/script>\n<!-- \/ Yoast SEO Premium plugin. -->","yoast_head_json":{"title":"Saco de confeitarias de Natal Kraft Fir Tree 120 x 260 mm por 100","description":"Saco de confeitaria em kraft para \u00e1rvore de Natal, 120 x 260 mm, 100 unidades: elegante, resistente e amigo do ambiente para fabricantes de chocolate e pasteleiros.","robots":{"index":"index","follow":"follow","max-snippet":"max-snippet:-1","max-image-preview":"max-image-preview:large","max-video-preview":"max-video-preview:-1"},"canonical":"https:\/\/www.csj-emballages.com\/pt-pt\/produit\/100-sacos-kraft-com-janela-de-abeto-120-x-260-mm\/","og_locale":"pt_PT","og_type":"article","og_title":"Saco de Natal em kraft \"Abeto\" 120 x 260 mm","og_description":"Sacos de confeitaria de Natal, 120x260 mm por 100, ideais para guloseimas festivas, presentes para convidados, eventos ou vendas em loja.","og_url":"https:\/\/www.csj-emballages.com\/pt-pt\/produit\/100-sacos-kraft-com-janela-de-abeto-120-x-260-mm\/","og_site_name":"CSJ Emballages","article_publisher":"https:\/\/www.facebook.com\/csjemballages","article_modified_time":"2026-03-12T15:38:24+00:00","og_image":[{"width":800,"height":800,"url":"https:\/\/www.csj-emballages.com\/wp-content\/uploads\/2024\/03\/SAPINT1.webp","type":"image\/webp"}],"twitter_card":"summary_large_image","twitter_title":"Saco de Natal em kraft \"Abeto\" 120 x 260 mm","twitter_description":"Sacos de confeitaria de Natal, 120x260 mm por 100, ideais para guloseimas festivas, presentes para convidados, eventos ou vendas em loja.","twitter_misc":{"Tempo estimado de leitura":"2 minutos"},"schema":{"@context":"https:\/\/schema.org","@graph":[{"@type":"WebPage","@id":"https:\/\/www.csj-emballages.com\/pt-pt\/produit\/100-sacos-kraft-com-janela-de-abeto-120-x-260-mm\/","url":"https:\/\/www.csj-emballages.com\/pt-pt\/produit\/100-sacos-kraft-com-janela-de-abeto-120-x-260-mm\/","name":"Saco de confeitarias de Natal Kraft Fir Tree 120 x 260 mm por 100","isPartOf":{"@id":"https:\/\/www.csj-emballages.com\/pt-pt\/#website"},"primaryImageOfPage":{"@id":"https:\/\/www.csj-emballages.com\/pt-pt\/produit\/100-sacos-kraft-com-janela-de-abeto-120-x-260-mm\/#primaryimage"},"image":{"@id":"https:\/\/www.csj-emballages.com\/pt-pt\/produit\/100-sacos-kraft-com-janela-de-abeto-120-x-260-mm\/#primaryimage"},"thumbnailUrl":"https:\/\/www.csj-emballages.com\/wp-content\/uploads\/2024\/03\/SAPINT1.webp","datePublished":"2024-03-01T15:50:05+00:00","dateModified":"2026-03-12T15:38:24+00:00","description":"Saco de confeitaria em kraft para \u00e1rvore de Natal, 120 x 260 mm, 100 unidades: elegante, resistente e amigo do ambiente para fabricantes de chocolate e pasteleiros.","breadcrumb":{"@id":"https:\/\/www.csj-emballages.com\/pt-pt\/produit\/100-sacos-kraft-com-janela-de-abeto-120-x-260-mm\/#breadcrumb"},"inLanguage":"pt-PT","potentialAction":[{"@type":"ReadAction","target":["https:\/\/www.csj-emballages.com\/pt-pt\/produit\/100-sacos-kraft-com-janela-de-abeto-120-x-260-mm\/"]}]},{"@type":"ImageObject","inLanguage":"pt-PT","@id":"https:\/\/www.csj-emballages.com\/pt-pt\/produit\/100-sacos-kraft-com-janela-de-abeto-120-x-260-mm\/#primaryimage","url":"https:\/\/www.csj-emballages.com\/wp-content\/uploads\/2024\/03\/SAPINT1.webp","contentUrl":"https:\/\/www.csj-emballages.com\/wp-content\/uploads\/2024\/03\/SAPINT1.webp","width":800,"height":800,"caption":"Sachet confiseries"},{"@type":"BreadcrumbList","@id":"https:\/\/www.csj-emballages.com\/pt-pt\/produit\/100-sacos-kraft-com-janela-de-abeto-120-x-260-mm\/#breadcrumb","itemListElement":[{"@type":"ListItem","position":1,"name":"Acolhimento","item":"https:\/\/www.csj-emballages.com\/pt-pt\/universo-das-embalagens-alimentares\/"},{"@type":"ListItem","position":2,"name":"Shop","item":"https:\/\/www.csj-emballages.com\/shop\/"},{"@type":"ListItem","position":3,"name":"Saco de rebu\u00e7ados de Natal em kraft Abeto 120 x 260 mm por 100"}]},{"@type":"WebSite","@id":"https:\/\/www.csj-emballages.com\/pt-pt\/#website","url":"https:\/\/www.csj-emballages.com\/pt-pt\/","name":"CSJ Emballages","description":"","publisher":{"@id":"https:\/\/www.csj-emballages.com\/pt-pt\/#organization"},"potentialAction":[{"@type":"SearchAction","target":{"@type":"EntryPoint","urlTemplate":"https:\/\/www.csj-emballages.com\/pt-pt\/?s={search_term_string}"},"query-input":{"@type":"PropertyValueSpecification","valueRequired":true,"valueName":"search_term_string"}}],"inLanguage":"pt-PT"},{"@type":"Organization","@id":"https:\/\/www.csj-emballages.com\/pt-pt\/#Organization\/","name":"CSJ Emballages","url":"https:\/\/www.csj-emballages.com\/pt-pt\/","logo":{"@type":"ImageObject","inLanguage":"pt-PT","@id":"https:\/\/www.csj-emballages.com\/pt-pt\/#\/schema\/logo\/image\/","url":"https:\/\/www.csj-emballages.com\/wp-content\/uploads\/2023\/10\/logo_csj.webp","contentUrl":"https:\/\/www.csj-emballages.com\/wp-content\/uploads\/2023\/10\/logo_csj.webp","width":250,"height":95,"caption":"CSJ Emballages"},"image":{"@id":"https:\/\/www.csj-emballages.com\/pt-pt\/#\/schema\/logo\/image\/"},"sameAs":["https:\/\/www.facebook.com\/csjemballages"],"address":{"@type":"PostalAddress","streetAddress":"ZI La Lechere","addressLocality":"Patornay","postalCode":"39130","addressCountry":"FR"},"contactPoint":[{"@type":"ContactPoint","contactType":"Service client","telephone":"0384254272","email":"contact@csj-emballages.com"}]}]}},"df_price":19.85,"df_sale_price":19.85,"df_regular_price":23.35,"df_image_link":"https:\/\/www.csj-emballages.com\/wp-content\/uploads\/2024\/03\/SAPINT1-300x300.webp","tiered_pricing_type":"fixed","tiered_pricing_fixed_rules":[],"tiered_pricing_percentage_rules":[],"tiered_pricing_minimum":1,"tiered_pricing_roles_data":[],"_links":{"self":[{"href":"https:\/\/www.csj-emballages.com\/pt-pt\/wp-json\/wp\/v2\/product\/23253","targetHints":{"allow":["GET"]}}],"collection":[{"href":"https:\/\/www.csj-emballages.com\/pt-pt\/wp-json\/wp\/v2\/product"}],"about":[{"href":"https:\/\/www.csj-emballages.com\/pt-pt\/wp-json\/wp\/v2\/types\/product"}],"wp:featuredmedia":[{"embeddable":true,"href":"https:\/\/www.csj-emballages.com\/pt-pt\/wp-json\/wp\/v2\/media\/243559"}],"wp:attachment":[{"href":"https:\/\/www.csj-emballages.com\/pt-pt\/wp-json\/wp\/v2\/media?parent=23253"}],"wp:term":[{"taxonomy":"product_brand","embeddable":true,"href":"https:\/\/www.csj-emballages.com\/pt-pt\/wp-json\/wp\/v2\/product_brand?post=23253"},{"taxonomy":"product_cat","embeddable":true,"href":"https:\/\/www.csj-emballages.com\/pt-pt\/wp-json\/wp\/v2\/product_cat?post=23253"},{"taxonomy":"product_tag","embeddable":true,"href":"https:\/\/www.csj-emballages.com\/pt-pt\/wp-json\/wp\/v2\/product_tag?post=23253"}],"curies":[{"name":"wp","href":"https:\/\/api.w.org\/{rel}","templated":true}]}}