{"id":23245,"date":"2024-03-01T16:49:27","date_gmt":"2024-03-01T15:49:27","guid":{"rendered":"https:\/\/u15jnbdpoq.preview.infomaniak.website\/produit\/1000-baguetes-krafts-10-4-x-42-cm\/"},"modified":"2026-04-18T02:16:20","modified_gmt":"2026-04-18T00:16:20","slug":"1000-baguetes-krafts-10-4-x-42-cm","status":"publish","type":"product","link":"https:\/\/www.csj-emballages.com\/pt-pt\/produit\/1000-baguetes-krafts-10-4-x-42-cm\/","title":{"rendered":"Baguete Kraft 10 + 4 x 42 cm por 1000"},"content":{"rendered":"<h2>Saco para baguetes<\/h2>\n<hr>\n<h3>Descri\u00e7\u00e3o da nossa baguete kraft 10 + 4 x 42 cm por 1000<\/h3>\n<p><!--more--><\/p>\n<p data-start=\"243\" data-end=\"600\">Se procura uma embalagem simples, resistente e realmente pr\u00e1tica para as suas baguetes, este <strong data-start=\"332\" data-end=\"369\">saco para baguete em kraft 10 + 4 x 42 cm<\/strong> tornar-se-\u00e1 rapidamente indispens\u00e1vel no seu dia a dia. Concebido em <strong>papel kraft<\/strong>, protege eficazmente o p\u00e3o, mantendo um aspeto aut\u00eantico e acolhedor, muito apreciado tanto em padarias como em lojas de sandu\u00edches.<\/p>\n<p data-start=\"602\" data-end=\"966\">Assim que o utilizar, notar\u00e1 a sua boa resist\u00eancia. Gra\u00e7as ao seu <strong>papel espesso<\/strong>, evita que se rasgue e suporta facilmente o peso de uma baguete fresca. Al\u00e9m disso, o seu tamanho \u00e9 perfeito: nem demasiado largo, nem demasiado apertado. Acomoda tanto p\u00e3es normais como p\u00e3es ligeiramente mais compridos, proporcionando-lhe uma maior flexibilidade.   <\/p>\n<p data-start=\"968\" data-end=\"1241\">Al\u00e9m disso, a sua dobra lateral de 4 cm desempenha um papel muito pr\u00e1tico. Facilita a introdu\u00e7\u00e3o do pauzinho, para que possa trabalhar mais rapidamente, especialmente durante os per\u00edodos de maior atividade. \u00c9 um pormenor simples, mas que faz realmente a diferen\u00e7a no dia a dia.  <\/p>\n<p data-start=\"1243\" data-end=\"1623\">Outra grande vantagem: o papel kraft. Para al\u00e9m de ser conhecido pela sua robustez, \u00e9 tamb\u00e9m uma solu\u00e7\u00e3o eco-respons\u00e1vel. Assim, pode mostrar aos seus clientes que se preocupa com o ambiente, mantendo ao mesmo tempo um aspeto limpo e profissional. E como o saco \u00e9 entregue <strong data-start=\"1535\" data-end=\"1554\">em lotes de 1000<\/strong>, beneficia de um stock duradouro, ideal para evitar faltas.   <\/p>\n<p data-start=\"1625\" data-end=\"1834\">Ao escolher esta <strong>baguete kraft<\/strong>, ser\u00e1 mais pr\u00e1tico, mais r\u00e1pido a servir e mais bem apresentado. Em suma, simplificar\u00e1 a sua organiza\u00e7\u00e3o e oferecer\u00e1 aos seus clientes uma \u00f3ptima experi\u00eancia. <\/p>\n<p data-start=\"1625\" data-end=\"1834\">\n<p><!--more--><\/p>\n<p><strong>Vantagens :<\/strong><\/p>\n<ul>\n<li data-start=\"1862\" data-end=\"1900\">Papel kraft duradouro e amigo do ambiente.<\/li>\n<li data-start=\"1903\" data-end=\"1956\">Formato perfeito para pauzinhos cl\u00e1ssicos ou compridos.<\/li>\n<li data-start=\"1959\" data-end=\"1998\">Inser\u00e7\u00e3o f\u00e1cil gra\u00e7as \u00e0 dobra lateral.<\/li>\n<li data-start=\"2001\" data-end=\"2036\">Apresenta\u00e7\u00e3o cuidada e natural.<\/li>\n<li data-start=\"2039\" data-end=\"2070\">Embalagem econ\u00f3mica de <strong>1000 unidades<\/strong>.<\/li>\n<\/ul>\n<p>&nbsp;<\/p>\n<p><!--more--><\/p>\n<p><strong>Outras informa\u00e7\u00f5es :  <\/strong><\/p>\n<ul>\n<li><strong>Embalagem<\/strong>: Caixa de 1000<\/li>\n<li><strong>Material<\/strong>: Papel Kraft<\/li>\n<li><strong>Dimens\u00f5es<\/strong>: 10 + 4 x 42 cm<\/li>\n<li><strong>Cor<\/strong>: castanho<\/li>\n<\/ul>\n<p>&nbsp;<\/p>\n<p><!--more--><\/p>\n<p>Encontre aqui o nosso saco de p\u00e3o de campo: <span style=\"color: #d12727;\"><a style=\"color: #d12727;\" href=\"https:\/\/www.csj-emballages.com\/es\/produit\/1000-bolsas-kraft-para-pan-de-payes-30-5-x-30-cm\/\">ESPANHA<\/a><\/span><\/p>\n<p>&nbsp;<\/p>\n<p><!--more--><\/p>\n<p><a href=\"\/?product_cat=sacs-baguettes\">Consulte o resto da nossa gama de sacos para baguetes\/p\u00e3o<\/a><\/p>\n","protected":false},"excerpt":{"rendered":"<p>Saco para baguetes Descri\u00e7\u00e3o da nossa baguete kraft 10 + 4 x 42 cm por 1000<\/p>\n","protected":false},"featured_media":254376,"template":"","meta":{"_acf_changed":false},"product_brand":[],"product_cat":[1141,1177,1675,3402],"product_tag":[],"class_list":{"0":"post-23245","1":"product","2":"type-product","3":"status-publish","4":"has-post-thumbnail","6":"product_cat-embalagem-de-alimentos","7":"product_cat-padaria-e-pastelaria","8":"product_cat-sacheries-pt-pt","9":"product_cat-baguetes-sacos-de-pao","11":"first","12":"instock","13":"taxable","14":"shipping-taxable","15":"purchasable","16":"product-type-simple"},"acf":[],"yoast_head":"<!-- This site is optimized with the Yoast SEO Premium plugin v26.6 (Yoast SEO v26.6) - https:\/\/yoast.com\/wordpress\/plugins\/seo\/ -->\n<title>Baguete Kraft 10 + 4 x 42 cm por 1000<\/title>\n<meta name=\"description\" content=\"Saco para baguetes em kraft 10 + 4 x 42 cm por 1000, pr\u00e1tico, resistente e ecol\u00f3gico, ideal para expor e transportar as suas baguetes no dia a dia.\" \/>\n<meta name=\"robots\" content=\"index, follow, max-snippet:-1, max-image-preview:large, max-video-preview:-1\" \/>\n<link rel=\"canonical\" href=\"https:\/\/www.csj-emballages.com\/pt-pt\/produit\/1000-baguetes-krafts-10-4-x-42-cm\/\" \/>\n<meta property=\"og:locale\" content=\"pt_PT\" \/>\n<meta property=\"og:type\" content=\"article\" \/>\n<meta property=\"og:title\" content=\"Baguete Kraft 10 + 4 x 42 cm por 1000\" \/>\n<meta property=\"og:description\" content=\"Saco para baguetes em kraft 10 + 4 x 42 cm por 1000, pr\u00e1tico, resistente e ecol\u00f3gico, ideal para expor e transportar as suas baguetes no dia a dia.\" \/>\n<meta property=\"og:url\" content=\"https:\/\/www.csj-emballages.com\/pt-pt\/produit\/1000-baguetes-krafts-10-4-x-42-cm\/\" \/>\n<meta property=\"og:site_name\" content=\"CSJ Emballages\" \/>\n<meta property=\"article:publisher\" content=\"https:\/\/www.facebook.com\/csjemballages\" \/>\n<meta property=\"article:modified_time\" content=\"2026-04-18T00:16:20+00:00\" \/>\n<meta property=\"og:image\" content=\"https:\/\/www.csj-emballages.com\/wp-content\/uploads\/2024\/03\/sbag1.webp\" \/>\n\t<meta property=\"og:image:width\" content=\"800\" \/>\n\t<meta property=\"og:image:height\" content=\"800\" \/>\n\t<meta property=\"og:image:type\" content=\"image\/webp\" \/>\n<meta name=\"twitter:card\" content=\"summary_large_image\" \/>\n<meta name=\"twitter:label1\" content=\"Tempo estimado de leitura\" \/>\n\t<meta name=\"twitter:data1\" content=\"2 minutos\" \/>\n<script type=\"application\/ld+json\" class=\"yoast-schema-graph\">{\"@context\":\"https:\/\/schema.org\",\"@graph\":[{\"@type\":\"WebPage\",\"@id\":\"https:\/\/www.csj-emballages.com\/pt-pt\/produit\/1000-baguetes-krafts-10-4-x-42-cm\/\",\"url\":\"https:\/\/www.csj-emballages.com\/pt-pt\/produit\/1000-baguetes-krafts-10-4-x-42-cm\/\",\"name\":\"Baguete Kraft 10 + 4 x 42 cm por 1000\",\"isPartOf\":{\"@id\":\"https:\/\/www.csj-emballages.com\/pt-pt\/#website\"},\"primaryImageOfPage\":{\"@id\":\"https:\/\/www.csj-emballages.com\/pt-pt\/produit\/1000-baguetes-krafts-10-4-x-42-cm\/#primaryimage\"},\"image\":{\"@id\":\"https:\/\/www.csj-emballages.com\/pt-pt\/produit\/1000-baguetes-krafts-10-4-x-42-cm\/#primaryimage\"},\"thumbnailUrl\":\"https:\/\/www.csj-emballages.com\/wp-content\/uploads\/2024\/03\/sbag1.webp\",\"datePublished\":\"2024-03-01T15:49:27+00:00\",\"dateModified\":\"2026-04-18T00:16:20+00:00\",\"description\":\"Saco para baguetes em kraft 10 + 4 x 42 cm por 1000, pr\u00e1tico, resistente e ecol\u00f3gico, ideal para expor e transportar as suas baguetes no dia a dia.\",\"breadcrumb\":{\"@id\":\"https:\/\/www.csj-emballages.com\/pt-pt\/produit\/1000-baguetes-krafts-10-4-x-42-cm\/#breadcrumb\"},\"inLanguage\":\"pt-PT\",\"potentialAction\":[{\"@type\":\"ReadAction\",\"target\":[\"https:\/\/www.csj-emballages.com\/pt-pt\/produit\/1000-baguetes-krafts-10-4-x-42-cm\/\"]}]},{\"@type\":\"ImageObject\",\"inLanguage\":\"pt-PT\",\"@id\":\"https:\/\/www.csj-emballages.com\/pt-pt\/produit\/1000-baguetes-krafts-10-4-x-42-cm\/#primaryimage\",\"url\":\"https:\/\/www.csj-emballages.com\/wp-content\/uploads\/2024\/03\/sbag1.webp\",\"contentUrl\":\"https:\/\/www.csj-emballages.com\/wp-content\/uploads\/2024\/03\/sbag1.webp\",\"width\":800,\"height\":800,\"caption\":\"Sac baguette\"},{\"@type\":\"BreadcrumbList\",\"@id\":\"https:\/\/www.csj-emballages.com\/pt-pt\/produit\/1000-baguetes-krafts-10-4-x-42-cm\/#breadcrumb\",\"itemListElement\":[{\"@type\":\"ListItem\",\"position\":1,\"name\":\"Acolhimento\",\"item\":\"https:\/\/www.csj-emballages.com\/pt-pt\/universo-das-embalagens-alimentares\/\"},{\"@type\":\"ListItem\",\"position\":2,\"name\":\"Shop\",\"item\":\"https:\/\/www.csj-emballages.com\/shop\/\"},{\"@type\":\"ListItem\",\"position\":3,\"name\":\"Baguete Kraft 10 + 4 x 42 cm por 1000\"}]},{\"@type\":\"WebSite\",\"@id\":\"https:\/\/www.csj-emballages.com\/pt-pt\/#website\",\"url\":\"https:\/\/www.csj-emballages.com\/pt-pt\/\",\"name\":\"CSJ Emballages\",\"description\":\"\",\"publisher\":{\"@id\":\"https:\/\/www.csj-emballages.com\/pt-pt\/#organization\"},\"potentialAction\":[{\"@type\":\"SearchAction\",\"target\":{\"@type\":\"EntryPoint\",\"urlTemplate\":\"https:\/\/www.csj-emballages.com\/pt-pt\/?s={search_term_string}\"},\"query-input\":{\"@type\":\"PropertyValueSpecification\",\"valueRequired\":true,\"valueName\":\"search_term_string\"}}],\"inLanguage\":\"pt-PT\"},{\"@type\":\"Organization\",\"@id\":\"https:\/\/www.csj-emballages.com\/pt-pt\/#Organization\/\",\"name\":\"CSJ Emballages\",\"url\":\"https:\/\/www.csj-emballages.com\/pt-pt\/\",\"logo\":{\"@type\":\"ImageObject\",\"inLanguage\":\"pt-PT\",\"@id\":\"https:\/\/www.csj-emballages.com\/pt-pt\/#\/schema\/logo\/image\/\",\"url\":\"https:\/\/www.csj-emballages.com\/wp-content\/uploads\/2023\/10\/logo_csj.webp\",\"contentUrl\":\"https:\/\/www.csj-emballages.com\/wp-content\/uploads\/2023\/10\/logo_csj.webp\",\"width\":250,\"height\":95,\"caption\":\"CSJ Emballages\"},\"image\":{\"@id\":\"https:\/\/www.csj-emballages.com\/pt-pt\/#\/schema\/logo\/image\/\"},\"sameAs\":[\"https:\/\/www.facebook.com\/csjemballages\"],\"address\":{\"@type\":\"PostalAddress\",\"streetAddress\":\"ZI La Lechere\",\"addressLocality\":\"Patornay\",\"postalCode\":\"39130\",\"addressCountry\":\"FR\"},\"contactPoint\":[{\"@type\":\"ContactPoint\",\"contactType\":\"Service client\",\"telephone\":\"0384254272\",\"email\":\"contact@csj-emballages.com\"}]}]}<\/script>\n<!-- \/ Yoast SEO Premium plugin. -->","yoast_head_json":{"title":"Baguete Kraft 10 + 4 x 42 cm por 1000","description":"Saco para baguetes em kraft 10 + 4 x 42 cm por 1000, pr\u00e1tico, resistente e ecol\u00f3gico, ideal para expor e transportar as suas baguetes no dia a dia.","robots":{"index":"index","follow":"follow","max-snippet":"max-snippet:-1","max-image-preview":"max-image-preview:large","max-video-preview":"max-video-preview:-1"},"canonical":"https:\/\/www.csj-emballages.com\/pt-pt\/produit\/1000-baguetes-krafts-10-4-x-42-cm\/","og_locale":"pt_PT","og_type":"article","og_title":"Baguete Kraft 10 + 4 x 42 cm por 1000","og_description":"Saco para baguetes em kraft 10 + 4 x 42 cm por 1000, pr\u00e1tico, resistente e ecol\u00f3gico, ideal para expor e transportar as suas baguetes no dia a dia.","og_url":"https:\/\/www.csj-emballages.com\/pt-pt\/produit\/1000-baguetes-krafts-10-4-x-42-cm\/","og_site_name":"CSJ Emballages","article_publisher":"https:\/\/www.facebook.com\/csjemballages","article_modified_time":"2026-04-18T00:16:20+00:00","og_image":[{"width":800,"height":800,"url":"https:\/\/www.csj-emballages.com\/wp-content\/uploads\/2024\/03\/sbag1.webp","type":"image\/webp"}],"twitter_card":"summary_large_image","twitter_misc":{"Tempo estimado de leitura":"2 minutos"},"schema":{"@context":"https:\/\/schema.org","@graph":[{"@type":"WebPage","@id":"https:\/\/www.csj-emballages.com\/pt-pt\/produit\/1000-baguetes-krafts-10-4-x-42-cm\/","url":"https:\/\/www.csj-emballages.com\/pt-pt\/produit\/1000-baguetes-krafts-10-4-x-42-cm\/","name":"Baguete Kraft 10 + 4 x 42 cm por 1000","isPartOf":{"@id":"https:\/\/www.csj-emballages.com\/pt-pt\/#website"},"primaryImageOfPage":{"@id":"https:\/\/www.csj-emballages.com\/pt-pt\/produit\/1000-baguetes-krafts-10-4-x-42-cm\/#primaryimage"},"image":{"@id":"https:\/\/www.csj-emballages.com\/pt-pt\/produit\/1000-baguetes-krafts-10-4-x-42-cm\/#primaryimage"},"thumbnailUrl":"https:\/\/www.csj-emballages.com\/wp-content\/uploads\/2024\/03\/sbag1.webp","datePublished":"2024-03-01T15:49:27+00:00","dateModified":"2026-04-18T00:16:20+00:00","description":"Saco para baguetes em kraft 10 + 4 x 42 cm por 1000, pr\u00e1tico, resistente e ecol\u00f3gico, ideal para expor e transportar as suas baguetes no dia a dia.","breadcrumb":{"@id":"https:\/\/www.csj-emballages.com\/pt-pt\/produit\/1000-baguetes-krafts-10-4-x-42-cm\/#breadcrumb"},"inLanguage":"pt-PT","potentialAction":[{"@type":"ReadAction","target":["https:\/\/www.csj-emballages.com\/pt-pt\/produit\/1000-baguetes-krafts-10-4-x-42-cm\/"]}]},{"@type":"ImageObject","inLanguage":"pt-PT","@id":"https:\/\/www.csj-emballages.com\/pt-pt\/produit\/1000-baguetes-krafts-10-4-x-42-cm\/#primaryimage","url":"https:\/\/www.csj-emballages.com\/wp-content\/uploads\/2024\/03\/sbag1.webp","contentUrl":"https:\/\/www.csj-emballages.com\/wp-content\/uploads\/2024\/03\/sbag1.webp","width":800,"height":800,"caption":"Sac baguette"},{"@type":"BreadcrumbList","@id":"https:\/\/www.csj-emballages.com\/pt-pt\/produit\/1000-baguetes-krafts-10-4-x-42-cm\/#breadcrumb","itemListElement":[{"@type":"ListItem","position":1,"name":"Acolhimento","item":"https:\/\/www.csj-emballages.com\/pt-pt\/universo-das-embalagens-alimentares\/"},{"@type":"ListItem","position":2,"name":"Shop","item":"https:\/\/www.csj-emballages.com\/shop\/"},{"@type":"ListItem","position":3,"name":"Baguete Kraft 10 + 4 x 42 cm por 1000"}]},{"@type":"WebSite","@id":"https:\/\/www.csj-emballages.com\/pt-pt\/#website","url":"https:\/\/www.csj-emballages.com\/pt-pt\/","name":"CSJ Emballages","description":"","publisher":{"@id":"https:\/\/www.csj-emballages.com\/pt-pt\/#organization"},"potentialAction":[{"@type":"SearchAction","target":{"@type":"EntryPoint","urlTemplate":"https:\/\/www.csj-emballages.com\/pt-pt\/?s={search_term_string}"},"query-input":{"@type":"PropertyValueSpecification","valueRequired":true,"valueName":"search_term_string"}}],"inLanguage":"pt-PT"},{"@type":"Organization","@id":"https:\/\/www.csj-emballages.com\/pt-pt\/#Organization\/","name":"CSJ Emballages","url":"https:\/\/www.csj-emballages.com\/pt-pt\/","logo":{"@type":"ImageObject","inLanguage":"pt-PT","@id":"https:\/\/www.csj-emballages.com\/pt-pt\/#\/schema\/logo\/image\/","url":"https:\/\/www.csj-emballages.com\/wp-content\/uploads\/2023\/10\/logo_csj.webp","contentUrl":"https:\/\/www.csj-emballages.com\/wp-content\/uploads\/2023\/10\/logo_csj.webp","width":250,"height":95,"caption":"CSJ Emballages"},"image":{"@id":"https:\/\/www.csj-emballages.com\/pt-pt\/#\/schema\/logo\/image\/"},"sameAs":["https:\/\/www.facebook.com\/csjemballages"],"address":{"@type":"PostalAddress","streetAddress":"ZI La Lechere","addressLocality":"Patornay","postalCode":"39130","addressCountry":"FR"},"contactPoint":[{"@type":"ContactPoint","contactType":"Service client","telephone":"0384254272","email":"contact@csj-emballages.com"}]}]}},"df_price":17.35,"df_sale_price":"","df_regular_price":17.35,"df_image_link":"https:\/\/www.csj-emballages.com\/wp-content\/uploads\/2024\/03\/sbag1-300x300.webp","tiered_pricing_type":"fixed","tiered_pricing_fixed_rules":[],"tiered_pricing_percentage_rules":[],"tiered_pricing_minimum":1,"tiered_pricing_roles_data":[],"_links":{"self":[{"href":"https:\/\/www.csj-emballages.com\/pt-pt\/wp-json\/wp\/v2\/product\/23245","targetHints":{"allow":["GET"]}}],"collection":[{"href":"https:\/\/www.csj-emballages.com\/pt-pt\/wp-json\/wp\/v2\/product"}],"about":[{"href":"https:\/\/www.csj-emballages.com\/pt-pt\/wp-json\/wp\/v2\/types\/product"}],"wp:featuredmedia":[{"embeddable":true,"href":"https:\/\/www.csj-emballages.com\/pt-pt\/wp-json\/wp\/v2\/media\/254376"}],"wp:attachment":[{"href":"https:\/\/www.csj-emballages.com\/pt-pt\/wp-json\/wp\/v2\/media?parent=23245"}],"wp:term":[{"taxonomy":"product_brand","embeddable":true,"href":"https:\/\/www.csj-emballages.com\/pt-pt\/wp-json\/wp\/v2\/product_brand?post=23245"},{"taxonomy":"product_cat","embeddable":true,"href":"https:\/\/www.csj-emballages.com\/pt-pt\/wp-json\/wp\/v2\/product_cat?post=23245"},{"taxonomy":"product_tag","embeddable":true,"href":"https:\/\/www.csj-emballages.com\/pt-pt\/wp-json\/wp\/v2\/product_tag?post=23245"}],"curies":[{"name":"wp","href":"https:\/\/api.w.org\/{rel}","templated":true}]}}