{"id":23237,"date":"2024-03-01T16:50:04","date_gmt":"2024-03-01T15:50:04","guid":{"rendered":"https:\/\/u15jnbdpoq.preview.infomaniak.website\/produit\/250-sacos-de-garrafas-kraft\/"},"modified":"2026-04-03T02:19:56","modified_gmt":"2026-04-03T00:19:56","slug":"250-sacos-de-garrafas-kraft","status":"publish","type":"product","link":"https:\/\/www.csj-emballages.com\/pt-pt\/produit\/250-sacos-de-garrafas-kraft\/","title":{"rendered":"Saco para garrafas em kraft com pegas 14 + 8 x 40 cm por 250"},"content":{"rendered":"<div style=\"font-family: Roboto, sans-serif;\">\n<div style=\"font-family: Roboto, sans-serif;\">\n<div style=\"font-family: Roboto, sans-serif;\">\n<div style=\"font-family: Roboto, sans-serif;\">\n<div style=\"font-family: Roboto, sans-serif;\">\n<div style=\"font-family: Roboto, sans-serif;\">\n<h2>Saco para garrafas<\/h2>\n<div style=\"font-family: Roboto, sans-serif;\">\n<div style=\"font-family: Roboto, sans-serif;\">\n<div style=\"font-family: Roboto, sans-serif;\">\n<div style=\"text-align: center;\">\n<div style=\"font-family: Roboto, sans-serif;\">\n<div style=\"font-family: Roboto, sans-serif;\">\n<div style=\"font-family: Roboto, sans-serif;\">\n<div style=\"font-family: Roboto, sans-serif;\">\n<div style=\"font-family: Roboto, sans-serif;\">\n<div style=\"font-family: Roboto, sans-serif; text-align: left;\">\n<hr>\n<h3 style=\"text-align: left;\">Descri\u00e7\u00e3o do nosso saco para garrafas em kraft com pegas 14 + 8 x 40 cm por 250<\/h3>\n<p><!--more--><\/p>\n<\/div>\n<\/div>\n<\/div>\n<\/div>\n<\/div>\n<\/div>\n<\/div>\n<\/div>\n<\/div>\n<\/div>\n<p data-start=\"30\" data-end=\"462\">Ofere\u00e7a aos seus clientes uma solu\u00e7\u00e3o simultaneamente <strong data-start=\"74\" data-end=\"86\">elegante<\/strong> e <strong data-start=\"90\" data-end=\"102\">pr\u00e1tica<\/strong> com o nosso <strong data-start=\"114\" data-end=\"163\">saco para garrafas kraft 14 + 8 x 40 cm com pegas<\/strong>, vendido em embalagens de <strong>250<\/strong>. Especialmente concebido para o <strong data-start=\"213\" data-end=\"247\">transporte de garrafas de vinho<\/strong>, este <strong>saco para 1 garrafa em<\/strong> <strong data-start=\"259\" data-end=\"284\">papel kraft 100 g\/m\u00b2<\/strong> combina robustez e estilo natural. Gra\u00e7as \u00e0 sua <strong data-start=\"333\" data-end=\"351\">forma alongada<\/strong> e \u00e0s <strong data-start=\"359\" data-end=\"380\">pegas fortes<\/strong>, segura as garrafas com seguran\u00e7a e \u00e9 f\u00e1cil de transportar.  <\/p>\n<p data-start=\"464\" data-end=\"956\">Ideal para <strong data-start=\"479\" data-end=\"491\">comerciantes de vinho<\/strong>, lojas de <strong data-start=\"493\" data-end=\"512\">charcutaria<\/strong>, <strong data-start=\"514\" data-end=\"538\">lojas especializadas<\/strong> ou mesmo para <strong data-start=\"558\" data-end=\"574\">particulares<\/strong> que pretendam oferecer um presente requintado, este <strong>saco para embrulhar garrafas<\/strong> \u00e9 adequado para todas as ocasi\u00f5es. Quer se trate de uma garrafa de vinho, de champanhe ou de qualquer outra coisa, confere um toque de <strong data-start=\"754\" data-end=\"775\">profissionalismo<\/strong> \u00e0 sua embalagem. Al\u00e9m disso, a sua <strong data-start=\"808\" data-end=\"833\">cor kraft natural<\/strong> valoriza a garrafa, sublinhando uma imagem eco-respons\u00e1vel, cada vez mais apreciada pelos consumidores.  <\/p>\n<p data-start=\"958\" data-end=\"1326\">Ao escolher este <strong>saco<\/strong>, est\u00e1 tamb\u00e9m a optar por uma solu\u00e7\u00e3o <strong data-start=\"1016\" data-end=\"1030\">amiga do ambiente<\/strong>. Fabricado em papel kraft <strong data-start=\"1057\" data-end=\"1088\">recicl\u00e1vel e biodegrad\u00e1vel<\/strong>, \u00e9 perfeito para clientes preocupados com o ambiente. O seu formato de <strong>14 + 8 x 40 cm<\/strong> foi perfeitamente concebido para conter uma garrafa em seguran\u00e7a, evitando qualquer risco de quebra durante o transporte.  <\/p>\n<p data-start=\"1328\" data-end=\"1685\">Em suma, este <strong>saco para garrafas em kraft<\/strong> alia <strong data-start=\"1369\" data-end=\"1381\">solidez<\/strong>, <strong data-start=\"1383\" data-end=\"1397\">est\u00e9tica<\/strong> e <strong data-start=\"1401\" data-end=\"1431\">respeito pelo ambiente<\/strong>, ao mesmo tempo que valoriza os seus produtos. Tornar-se-\u00e1 rapidamente um must-have para as suas vendas de take-away ou ofertas de empresa. Com este saco, est\u00e1 a oferecer muito mais do que uma simples embalagem: uma experi\u00eancia de transporte segura, pr\u00e1tica e respons\u00e1vel.  <\/p>\n<p data-start=\"1328\" data-end=\"1685\">\n<p><!--more--><\/p>\n<p style=\"text-align: left;\"><strong>Vantagens :<\/strong><\/p>\n<ul style=\"text-align: left;\">\n<li><strong data-start=\"1893\" data-end=\"1904\">Robusto<\/strong>: papel kraft de 100 g\/m\u00b2.<\/li>\n<li><strong data-start=\"1943\" data-end=\"1957\">Amigo do ambiente<\/strong>: 100% recicl\u00e1vel e biodegrad\u00e1vel.<\/li>\n<li><strong data-start=\"1998\" data-end=\"2010\">Pr\u00e1tico<\/strong>: pegas robustas para um transporte seguro.<\/li>\n<li><strong data-start=\"2061\" data-end=\"2075\">Vers\u00e1til<\/strong>: perfeito para comerciantes de vinhos, lojas, presentes ou eventos.<\/li>\n<\/ul>\n<\/div>\n<\/div>\n<\/div>\n<\/div>\n<\/div>\n<\/div>\n<div class=\"elementor elementor-175 elementor-location-footer\" data-elementor-type=\"footer\" data-elementor-id=\"175\" data-elementor-post-type=\"elementor_library\">\n<div class=\"elementor-element elementor-element-d413b54 e-flex e-con-boxed e-con e-parent e-lazyloaded\" data-id=\"d413b54\" data-element_type=\"container\">\n<div class=\"e-con-inner\">\n<div class=\"elementor-element elementor-element-9493a3c elementor-widget elementor-widget-shortcode\" data-id=\"9493a3c\" data-element_type=\"widget\" data-widget_type=\"shortcode.default\">\n<div class=\"elementor-widget-container\"><\/div>\n<\/div>\n<\/div>\n<\/div>\n<\/div>\n<p><!--more--><\/p>\n<h4>Outras informa\u00e7\u00f5es :<\/h4>\n<ul>\n<li><strong>Embalagem<\/strong>: Caixa de 250<\/li>\n<li><strong>Dimens\u00f5es<\/strong>: 14 + 8 x 40 cm<\/li>\n<li><strong>Cor<\/strong>: Kraft<\/li>\n<li><strong>Gramagem<\/strong>: 100 g\/m\u00b2.<\/li>\n<li><strong>Material<\/strong>: Papel Kraft<\/li>\n<\/ul>\n<p>&nbsp;<\/p>\n<p><!--more--><\/p>\n<p>Este saco para garrafas tamb\u00e9m est\u00e1 dispon\u00edvel com uma janela para melhor visibilidade: <span style=\"color: #d12727;\"><a style=\"color: #d12727;\" href=\"https:\/\/www.csj-emballages.com\/pt-pt\/produit\/50-sacos-para-garrafas-pet-com-janela-em-kraft-12-10-x-38-cm\/\">SBK1238<\/a><\/span><\/p>\n<p>&nbsp;<\/p>\n<p style=\"text-align: left;\"><!--more--><\/p>\n<p><a href=\"https:\/\/www.csj-emballages.com\/pt-pt\/categorie-produit\/embalagem-de-alimentos\/loja-e-armazem\/sacos-saquetas\/sacos-para-garrafas\/\">Ver o resto da nossa gama de sacos para garrafas<\/a><\/p>\n","protected":false},"excerpt":{"rendered":"<p>Saco para garrafas Descri\u00e7\u00e3o do nosso saco para garrafas em kraft com pegas 14 + 8 x 40 cm por 250<\/p>\n","protected":false},"featured_media":244326,"template":"","meta":{"_acf_changed":false},"product_brand":[],"product_cat":[1141,1482,3419],"product_tag":[],"class_list":{"0":"post-23237","1":"product","2":"type-product","3":"status-publish","4":"has-post-thumbnail","6":"product_cat-embalagem-de-alimentos","7":"product_cat-loja-e-armazem","8":"product_cat-sacos-para-garrafas","10":"first","11":"instock","12":"taxable","13":"shipping-taxable","14":"purchasable","15":"product-type-simple"},"acf":[],"yoast_head":"<!-- This site is optimized with the Yoast SEO Premium plugin v26.6 (Yoast SEO v26.6) - https:\/\/yoast.com\/wordpress\/plugins\/seo\/ -->\n<title>Saco para garrafas kraft com pegas 14 + 8 x 40 cm, 250 unidades<\/title>\n<meta name=\"description\" content=\"Saco para garrafas kraft de 14 + 8 x 40 cm com pegas, resistente, recicl\u00e1vel e ideal para lojas de vinhos, boutiques e presentes. Conjunto de 250.\" \/>\n<meta name=\"robots\" content=\"index, follow, max-snippet:-1, max-image-preview:large, max-video-preview:-1\" \/>\n<link rel=\"canonical\" href=\"https:\/\/www.csj-emballages.com\/pt-pt\/produit\/250-sacos-de-garrafas-kraft\/\" \/>\n<meta property=\"og:locale\" content=\"pt_PT\" \/>\n<meta property=\"og:type\" content=\"article\" \/>\n<meta property=\"og:title\" content=\"Saco para garrafas em kraft com pegas 14 + 8 x 40 cm por 250\" \/>\n<meta property=\"og:description\" content=\"Saco para garrafas kraft de 14 + 8 x 40 cm com pegas, resistente, recicl\u00e1vel e ideal para lojas de vinhos, boutiques e presentes. Conjunto de 250.\" \/>\n<meta property=\"og:url\" content=\"https:\/\/www.csj-emballages.com\/pt-pt\/produit\/250-sacos-de-garrafas-kraft\/\" \/>\n<meta property=\"og:site_name\" content=\"CSJ Emballages\" \/>\n<meta property=\"article:publisher\" content=\"https:\/\/www.facebook.com\/csjemballages\" \/>\n<meta property=\"article:modified_time\" content=\"2026-04-03T00:19:56+00:00\" \/>\n<meta property=\"og:image\" content=\"https:\/\/www.csj-emballages.com\/wp-content\/uploads\/2024\/03\/SB1CCORDE.webp\" \/>\n\t<meta property=\"og:image:width\" content=\"800\" \/>\n\t<meta property=\"og:image:height\" content=\"800\" \/>\n\t<meta property=\"og:image:type\" content=\"image\/webp\" \/>\n<meta name=\"twitter:card\" content=\"summary_large_image\" \/>\n<meta name=\"twitter:label1\" content=\"Tempo estimado de leitura\" \/>\n\t<meta name=\"twitter:data1\" content=\"2 minutos\" \/>\n<script type=\"application\/ld+json\" class=\"yoast-schema-graph\">{\"@context\":\"https:\/\/schema.org\",\"@graph\":[{\"@type\":\"WebPage\",\"@id\":\"https:\/\/www.csj-emballages.com\/pt-pt\/produit\/250-sacos-de-garrafas-kraft\/\",\"url\":\"https:\/\/www.csj-emballages.com\/pt-pt\/produit\/250-sacos-de-garrafas-kraft\/\",\"name\":\"Saco para garrafas kraft com pegas 14 + 8 x 40 cm, 250 unidades\",\"isPartOf\":{\"@id\":\"https:\/\/www.csj-emballages.com\/pt-pt\/#website\"},\"primaryImageOfPage\":{\"@id\":\"https:\/\/www.csj-emballages.com\/pt-pt\/produit\/250-sacos-de-garrafas-kraft\/#primaryimage\"},\"image\":{\"@id\":\"https:\/\/www.csj-emballages.com\/pt-pt\/produit\/250-sacos-de-garrafas-kraft\/#primaryimage\"},\"thumbnailUrl\":\"https:\/\/www.csj-emballages.com\/wp-content\/uploads\/2024\/03\/SB1CCORDE.webp\",\"datePublished\":\"2024-03-01T15:50:04+00:00\",\"dateModified\":\"2026-04-03T00:19:56+00:00\",\"description\":\"Saco para garrafas kraft de 14 + 8 x 40 cm com pegas, resistente, recicl\u00e1vel e ideal para lojas de vinhos, boutiques e presentes. Conjunto de 250.\",\"breadcrumb\":{\"@id\":\"https:\/\/www.csj-emballages.com\/pt-pt\/produit\/250-sacos-de-garrafas-kraft\/#breadcrumb\"},\"inLanguage\":\"pt-PT\",\"potentialAction\":[{\"@type\":\"ReadAction\",\"target\":[\"https:\/\/www.csj-emballages.com\/pt-pt\/produit\/250-sacos-de-garrafas-kraft\/\"]}]},{\"@type\":\"ImageObject\",\"inLanguage\":\"pt-PT\",\"@id\":\"https:\/\/www.csj-emballages.com\/pt-pt\/produit\/250-sacos-de-garrafas-kraft\/#primaryimage\",\"url\":\"https:\/\/www.csj-emballages.com\/wp-content\/uploads\/2024\/03\/SB1CCORDE.webp\",\"contentUrl\":\"https:\/\/www.csj-emballages.com\/wp-content\/uploads\/2024\/03\/SB1CCORDE.webp\",\"width\":800,\"height\":800,\"caption\":\"Sac bouteille\"},{\"@type\":\"BreadcrumbList\",\"@id\":\"https:\/\/www.csj-emballages.com\/pt-pt\/produit\/250-sacos-de-garrafas-kraft\/#breadcrumb\",\"itemListElement\":[{\"@type\":\"ListItem\",\"position\":1,\"name\":\"Acolhimento\",\"item\":\"https:\/\/www.csj-emballages.com\/pt-pt\/universo-das-embalagens-alimentares\/\"},{\"@type\":\"ListItem\",\"position\":2,\"name\":\"Shop\",\"item\":\"https:\/\/www.csj-emballages.com\/shop\/\"},{\"@type\":\"ListItem\",\"position\":3,\"name\":\"Saco para garrafas em kraft com pegas 14 + 8 x 40 cm por 250\"}]},{\"@type\":\"WebSite\",\"@id\":\"https:\/\/www.csj-emballages.com\/pt-pt\/#website\",\"url\":\"https:\/\/www.csj-emballages.com\/pt-pt\/\",\"name\":\"CSJ Emballages\",\"description\":\"\",\"publisher\":{\"@id\":\"https:\/\/www.csj-emballages.com\/pt-pt\/#organization\"},\"potentialAction\":[{\"@type\":\"SearchAction\",\"target\":{\"@type\":\"EntryPoint\",\"urlTemplate\":\"https:\/\/www.csj-emballages.com\/pt-pt\/?s={search_term_string}\"},\"query-input\":{\"@type\":\"PropertyValueSpecification\",\"valueRequired\":true,\"valueName\":\"search_term_string\"}}],\"inLanguage\":\"pt-PT\"},{\"@type\":\"Organization\",\"@id\":\"https:\/\/www.csj-emballages.com\/pt-pt\/#Organization\/\",\"name\":\"CSJ Emballages\",\"url\":\"https:\/\/www.csj-emballages.com\/pt-pt\/\",\"logo\":{\"@type\":\"ImageObject\",\"inLanguage\":\"pt-PT\",\"@id\":\"https:\/\/www.csj-emballages.com\/pt-pt\/#\/schema\/logo\/image\/\",\"url\":\"https:\/\/www.csj-emballages.com\/wp-content\/uploads\/2023\/10\/logo_csj.webp\",\"contentUrl\":\"https:\/\/www.csj-emballages.com\/wp-content\/uploads\/2023\/10\/logo_csj.webp\",\"width\":250,\"height\":95,\"caption\":\"CSJ Emballages\"},\"image\":{\"@id\":\"https:\/\/www.csj-emballages.com\/pt-pt\/#\/schema\/logo\/image\/\"},\"sameAs\":[\"https:\/\/www.facebook.com\/csjemballages\"],\"address\":{\"@type\":\"PostalAddress\",\"streetAddress\":\"ZI La Lechere\",\"addressLocality\":\"Patornay\",\"postalCode\":\"39130\",\"addressCountry\":\"FR\"},\"contactPoint\":[{\"@type\":\"ContactPoint\",\"contactType\":\"Service client\",\"telephone\":\"0384254272\",\"email\":\"contact@csj-emballages.com\"}]}]}<\/script>\n<!-- \/ Yoast SEO Premium plugin. -->","yoast_head_json":{"title":"Saco para garrafas kraft com pegas 14 + 8 x 40 cm, 250 unidades","description":"Saco para garrafas kraft de 14 + 8 x 40 cm com pegas, resistente, recicl\u00e1vel e ideal para lojas de vinhos, boutiques e presentes. Conjunto de 250.","robots":{"index":"index","follow":"follow","max-snippet":"max-snippet:-1","max-image-preview":"max-image-preview:large","max-video-preview":"max-video-preview:-1"},"canonical":"https:\/\/www.csj-emballages.com\/pt-pt\/produit\/250-sacos-de-garrafas-kraft\/","og_locale":"pt_PT","og_type":"article","og_title":"Saco para garrafas em kraft com pegas 14 + 8 x 40 cm por 250","og_description":"Saco para garrafas kraft de 14 + 8 x 40 cm com pegas, resistente, recicl\u00e1vel e ideal para lojas de vinhos, boutiques e presentes. Conjunto de 250.","og_url":"https:\/\/www.csj-emballages.com\/pt-pt\/produit\/250-sacos-de-garrafas-kraft\/","og_site_name":"CSJ Emballages","article_publisher":"https:\/\/www.facebook.com\/csjemballages","article_modified_time":"2026-04-03T00:19:56+00:00","og_image":[{"width":800,"height":800,"url":"https:\/\/www.csj-emballages.com\/wp-content\/uploads\/2024\/03\/SB1CCORDE.webp","type":"image\/webp"}],"twitter_card":"summary_large_image","twitter_misc":{"Tempo estimado de leitura":"2 minutos"},"schema":{"@context":"https:\/\/schema.org","@graph":[{"@type":"WebPage","@id":"https:\/\/www.csj-emballages.com\/pt-pt\/produit\/250-sacos-de-garrafas-kraft\/","url":"https:\/\/www.csj-emballages.com\/pt-pt\/produit\/250-sacos-de-garrafas-kraft\/","name":"Saco para garrafas kraft com pegas 14 + 8 x 40 cm, 250 unidades","isPartOf":{"@id":"https:\/\/www.csj-emballages.com\/pt-pt\/#website"},"primaryImageOfPage":{"@id":"https:\/\/www.csj-emballages.com\/pt-pt\/produit\/250-sacos-de-garrafas-kraft\/#primaryimage"},"image":{"@id":"https:\/\/www.csj-emballages.com\/pt-pt\/produit\/250-sacos-de-garrafas-kraft\/#primaryimage"},"thumbnailUrl":"https:\/\/www.csj-emballages.com\/wp-content\/uploads\/2024\/03\/SB1CCORDE.webp","datePublished":"2024-03-01T15:50:04+00:00","dateModified":"2026-04-03T00:19:56+00:00","description":"Saco para garrafas kraft de 14 + 8 x 40 cm com pegas, resistente, recicl\u00e1vel e ideal para lojas de vinhos, boutiques e presentes. Conjunto de 250.","breadcrumb":{"@id":"https:\/\/www.csj-emballages.com\/pt-pt\/produit\/250-sacos-de-garrafas-kraft\/#breadcrumb"},"inLanguage":"pt-PT","potentialAction":[{"@type":"ReadAction","target":["https:\/\/www.csj-emballages.com\/pt-pt\/produit\/250-sacos-de-garrafas-kraft\/"]}]},{"@type":"ImageObject","inLanguage":"pt-PT","@id":"https:\/\/www.csj-emballages.com\/pt-pt\/produit\/250-sacos-de-garrafas-kraft\/#primaryimage","url":"https:\/\/www.csj-emballages.com\/wp-content\/uploads\/2024\/03\/SB1CCORDE.webp","contentUrl":"https:\/\/www.csj-emballages.com\/wp-content\/uploads\/2024\/03\/SB1CCORDE.webp","width":800,"height":800,"caption":"Sac bouteille"},{"@type":"BreadcrumbList","@id":"https:\/\/www.csj-emballages.com\/pt-pt\/produit\/250-sacos-de-garrafas-kraft\/#breadcrumb","itemListElement":[{"@type":"ListItem","position":1,"name":"Acolhimento","item":"https:\/\/www.csj-emballages.com\/pt-pt\/universo-das-embalagens-alimentares\/"},{"@type":"ListItem","position":2,"name":"Shop","item":"https:\/\/www.csj-emballages.com\/shop\/"},{"@type":"ListItem","position":3,"name":"Saco para garrafas em kraft com pegas 14 + 8 x 40 cm por 250"}]},{"@type":"WebSite","@id":"https:\/\/www.csj-emballages.com\/pt-pt\/#website","url":"https:\/\/www.csj-emballages.com\/pt-pt\/","name":"CSJ Emballages","description":"","publisher":{"@id":"https:\/\/www.csj-emballages.com\/pt-pt\/#organization"},"potentialAction":[{"@type":"SearchAction","target":{"@type":"EntryPoint","urlTemplate":"https:\/\/www.csj-emballages.com\/pt-pt\/?s={search_term_string}"},"query-input":{"@type":"PropertyValueSpecification","valueRequired":true,"valueName":"search_term_string"}}],"inLanguage":"pt-PT"},{"@type":"Organization","@id":"https:\/\/www.csj-emballages.com\/pt-pt\/#Organization\/","name":"CSJ Emballages","url":"https:\/\/www.csj-emballages.com\/pt-pt\/","logo":{"@type":"ImageObject","inLanguage":"pt-PT","@id":"https:\/\/www.csj-emballages.com\/pt-pt\/#\/schema\/logo\/image\/","url":"https:\/\/www.csj-emballages.com\/wp-content\/uploads\/2023\/10\/logo_csj.webp","contentUrl":"https:\/\/www.csj-emballages.com\/wp-content\/uploads\/2023\/10\/logo_csj.webp","width":250,"height":95,"caption":"CSJ Emballages"},"image":{"@id":"https:\/\/www.csj-emballages.com\/pt-pt\/#\/schema\/logo\/image\/"},"sameAs":["https:\/\/www.facebook.com\/csjemballages"],"address":{"@type":"PostalAddress","streetAddress":"ZI La Lechere","addressLocality":"Patornay","postalCode":"39130","addressCountry":"FR"},"contactPoint":[{"@type":"ContactPoint","contactType":"Service client","telephone":"0384254272","email":"contact@csj-emballages.com"}]}]}},"df_price":39.59,"df_sale_price":"","df_regular_price":39.59,"df_image_link":"https:\/\/www.csj-emballages.com\/wp-content\/uploads\/2024\/03\/SB1CCORDE-300x300.webp","tiered_pricing_type":"fixed","tiered_pricing_fixed_rules":[],"tiered_pricing_percentage_rules":[],"tiered_pricing_minimum":1,"tiered_pricing_roles_data":[],"_links":{"self":[{"href":"https:\/\/www.csj-emballages.com\/pt-pt\/wp-json\/wp\/v2\/product\/23237","targetHints":{"allow":["GET"]}}],"collection":[{"href":"https:\/\/www.csj-emballages.com\/pt-pt\/wp-json\/wp\/v2\/product"}],"about":[{"href":"https:\/\/www.csj-emballages.com\/pt-pt\/wp-json\/wp\/v2\/types\/product"}],"wp:featuredmedia":[{"embeddable":true,"href":"https:\/\/www.csj-emballages.com\/pt-pt\/wp-json\/wp\/v2\/media\/244326"}],"wp:attachment":[{"href":"https:\/\/www.csj-emballages.com\/pt-pt\/wp-json\/wp\/v2\/media?parent=23237"}],"wp:term":[{"taxonomy":"product_brand","embeddable":true,"href":"https:\/\/www.csj-emballages.com\/pt-pt\/wp-json\/wp\/v2\/product_brand?post=23237"},{"taxonomy":"product_cat","embeddable":true,"href":"https:\/\/www.csj-emballages.com\/pt-pt\/wp-json\/wp\/v2\/product_cat?post=23237"},{"taxonomy":"product_tag","embeddable":true,"href":"https:\/\/www.csj-emballages.com\/pt-pt\/wp-json\/wp\/v2\/product_tag?post=23237"}],"curies":[{"name":"wp","href":"https:\/\/api.w.org\/{rel}","templated":true}]}}