{"id":23228,"date":"2024-03-01T16:50:05","date_gmt":"2024-03-01T15:50:05","guid":{"rendered":"https:\/\/u15jnbdpoq.preview.infomaniak.website\/produit\/100-sacos-de-transporte-para-caixas-de-pastelaria\/"},"modified":"2026-05-01T02:14:23","modified_gmt":"2026-05-01T00:14:23","slug":"100-sacos-de-transporte-para-caixas-de-pastelaria","status":"publish","type":"product","link":"https:\/\/www.csj-emballages.com\/pt-pt\/produit\/100-sacos-de-transporte-para-caixas-de-pastelaria\/","title":{"rendered":"Saco de pasteleiro, 100"},"content":{"rendered":"<p>Descri\u00e7\u00e3o<\/p>\n<p>Sacos de transporte para formas de pastelaria para transportar facilmente as tuas formas<\/p>\n<p>Caracter\u00edsticas<\/p>\n<p>Embalagem: caixa de 100 sacos<\/p>\n<p>Material :<\/p>\n<p>Dimens\u00f5es: 310 mm + 15 cm de refor\u00e7o + 15 cm de refor\u00e7o mm x 550 mm Espessura: 50 microns<\/p>\n<p>&nbsp;<\/p>\n<p>&nbsp;<\/p>\n<h2 class=\"p1\">Saco de pasteleiro<\/h2>\n<hr>\n<h3>Descri\u00e7\u00e3o do nosso saco para caixa de pastelaria, 100 unidades<\/h3>\n<p><!--more--><\/p>\n<p data-start=\"317\" data-end=\"791\">Estes <strong>sacos de pasteleiro<\/strong>, vendidos em embalagens de <strong>100<\/strong> unidades, tornar-se-\u00e3o rapidamente uma parte essencial da sua rotina di\u00e1ria. Foram concebidos para tornar o transporte de <strong>bolos, tartes, entremets e outros doces<\/strong> f\u00e1cil e sem complica\u00e7\u00f5es. Assim que coloca a sua <strong>caixa no interior<\/strong>, o <strong>saco<\/strong> mant\u00e9m-se seguro e protege os seus bolos durante a viagem. Al\u00e9m disso, quer esteja a entregar uma encomenda a um cliente ou a transportar uma sobremesa para a casa de um amigo, tudo se mant\u00e9m limpo e seguro.   <\/p>\n<p data-start=\"793\" data-end=\"1160\">Al\u00e9m disso, o material resistente permite-lhe n\u00e3o se rasgar, mesmo com bolos um pouco pesados ou generosamente decorados. Por isso, pode deslocar-se sem medo: este <strong>saco de ombro<\/strong> cumpre a sua fun\u00e7\u00e3o. <\/p>\n<p data-start=\"1162\" data-end=\"1464\">Para al\u00e9m disso, o seu formato encaixa perfeitamente nas <strong>caixas de pastelaria tradicionais<\/strong>. Poupa tempo, embala mais rapidamente e o resultado \u00e9 limpo e profissional sem esfor\u00e7o. O seu design simples combina com todos os estilos, para que possa manter a sua apresenta\u00e7\u00e3o limpa e simples.  <\/p>\n<p data-start=\"1466\" data-end=\"1801\">Em suma, estes <strong>sacos para caixas de pastelaria<\/strong> facilitam-lhe a vida. S\u00e3o pr\u00e1ticos, resistentes e adaptados \u00e0 utiliza\u00e7\u00e3o quotidiana. Quer trabalhe numa pastelaria ou seja um particular que gosta de dar prazer, estes sacos tornam o transporte das suas cria\u00e7\u00f5es mais seguro e proporcionam-lhe uma verdadeira tranquilidade.  <\/p>\n<p data-start=\"1466\" data-end=\"1801\">\n<p><!--more--><\/p>\n<p><strong>Vantagens :<\/strong><\/p>\n<ul>\n<li data-start=\"1828\" data-end=\"1882\">Muito boa resist\u00eancia, mesmo para bolos pesados.<\/li>\n<li data-start=\"1885\" data-end=\"1938\">Compat\u00edvel com a maioria das <strong>caixas de pastelaria<\/strong>.<\/li>\n<li data-start=\"1941\" data-end=\"1991\">Vendido em embalagens de <strong>100<\/strong> unidades para evitar rupturas de stock.<\/li>\n<li data-start=\"1994\" data-end=\"2042\">F\u00e1cil de utilizar e r\u00e1pido de configurar.<\/li>\n<li data-start=\"2045\" data-end=\"2072\">Apresenta\u00e7\u00e3o limpa e profissional.<\/li>\n<\/ul>\n<p>&nbsp;<\/p>\n<p><!--more--><\/p>\n<h4>Outras informa\u00e7\u00f5es :<\/h4>\n<ul>\n<li><strong>Embalagem<\/strong>: Pacote de 100<\/li>\n<li><strong>Dimens\u00f5es<\/strong>: 350 + 150 + 150 x 550 mm<\/li>\n<li><strong>Cor<\/strong>: Transparente<\/li>\n<li><strong>Espessura<\/strong>: 50 microns<\/li>\n<li><strong>Material<\/strong>: LDPE<\/li>\n<\/ul>\n<p>&nbsp;<\/p>\n<p><!--more--><\/p>\n<p><a href=\"https:\/\/www.csj-emballages.com\/pt-pt\/categorie-produit\/embalagem-de-alimentos\/padaria-e-pastelaria\/sacos-saquetas-e-papel\/sacos-para-caixas-de-pastelaria\/\">Ver o resto da nossa gama de sacos para caixas de pastelaria<\/a><\/p>\n","protected":false},"excerpt":{"rendered":"<p>Descri\u00e7\u00e3o Sacos de transporte para formas de pastelaria para transportar facilmente as tuas formas Caracter\u00edsticas Embalagem: caixa de 100 sacos Material : Dimens\u00f5es: 310 mm + 15 cm de refor\u00e7o + 15 cm de refor\u00e7o mm x 550 mm Espessura: 50 microns &nbsp; &nbsp; Saco de pasteleiro Descri\u00e7\u00e3o do nosso saco para caixa de pastelaria, [&hellip;]<\/p>\n","protected":false},"featured_media":255152,"template":"","meta":{"_acf_changed":false},"product_brand":[],"product_cat":[1177,3418],"product_tag":[],"class_list":{"0":"post-23228","1":"product","2":"type-product","3":"status-publish","4":"has-post-thumbnail","6":"product_cat-padaria-e-pastelaria","7":"product_cat-sacos-para-caixas-de-pastelaria","9":"first","10":"instock","11":"taxable","12":"shipping-taxable","13":"purchasable","14":"product-type-simple"},"acf":[],"yoast_head":"<!-- This site is optimized with the Yoast SEO Premium plugin v26.6 (Yoast SEO v26.6) - https:\/\/yoast.com\/wordpress\/plugins\/seo\/ -->\n<title>Caixas para pastelaria, 100 por saco<\/title>\n<meta name=\"description\" content=\"Sacos para pastelaria, 100 por caixa: pr\u00e1ticos, resistentes e perfeitos para transportar facilmente bolos, tartes e pastelaria.\" \/>\n<meta name=\"robots\" content=\"index, follow, max-snippet:-1, max-image-preview:large, max-video-preview:-1\" \/>\n<link rel=\"canonical\" href=\"https:\/\/www.csj-emballages.com\/pt-pt\/produit\/100-sacos-de-transporte-para-caixas-de-pastelaria\/\" \/>\n<meta property=\"og:locale\" content=\"pt_PT\" \/>\n<meta property=\"og:type\" content=\"article\" \/>\n<meta property=\"og:title\" content=\"Saco de pasteleiro, 100\" \/>\n<meta property=\"og:description\" content=\"Sacos para pastelaria, 100 por caixa: pr\u00e1ticos, resistentes e perfeitos para transportar facilmente bolos, tartes e pastelaria.\" \/>\n<meta property=\"og:url\" content=\"https:\/\/www.csj-emballages.com\/pt-pt\/produit\/100-sacos-de-transporte-para-caixas-de-pastelaria\/\" \/>\n<meta property=\"og:site_name\" content=\"CSJ Emballages\" \/>\n<meta property=\"article:publisher\" content=\"https:\/\/www.facebook.com\/csjemballages\" \/>\n<meta property=\"article:modified_time\" content=\"2026-05-01T00:14:23+00:00\" \/>\n<meta property=\"og:image\" content=\"https:\/\/www.csj-emballages.com\/wp-content\/uploads\/2024\/03\/SACS31TRANS.webp\" \/>\n\t<meta property=\"og:image:width\" content=\"800\" \/>\n\t<meta property=\"og:image:height\" content=\"800\" \/>\n\t<meta property=\"og:image:type\" content=\"image\/webp\" \/>\n<meta name=\"twitter:card\" content=\"summary_large_image\" \/>\n<meta name=\"twitter:label1\" content=\"Tempo estimado de leitura\" \/>\n\t<meta name=\"twitter:data1\" content=\"2 minutos\" \/>\n<script type=\"application\/ld+json\" class=\"yoast-schema-graph\">{\"@context\":\"https:\/\/schema.org\",\"@graph\":[{\"@type\":\"WebPage\",\"@id\":\"https:\/\/www.csj-emballages.com\/pt-pt\/produit\/100-sacos-de-transporte-para-caixas-de-pastelaria\/\",\"url\":\"https:\/\/www.csj-emballages.com\/pt-pt\/produit\/100-sacos-de-transporte-para-caixas-de-pastelaria\/\",\"name\":\"Caixas para pastelaria, 100 por saco\",\"isPartOf\":{\"@id\":\"https:\/\/www.csj-emballages.com\/pt-pt\/#website\"},\"primaryImageOfPage\":{\"@id\":\"https:\/\/www.csj-emballages.com\/pt-pt\/produit\/100-sacos-de-transporte-para-caixas-de-pastelaria\/#primaryimage\"},\"image\":{\"@id\":\"https:\/\/www.csj-emballages.com\/pt-pt\/produit\/100-sacos-de-transporte-para-caixas-de-pastelaria\/#primaryimage\"},\"thumbnailUrl\":\"https:\/\/www.csj-emballages.com\/wp-content\/uploads\/2024\/03\/SACS31TRANS.webp\",\"datePublished\":\"2024-03-01T15:50:05+00:00\",\"dateModified\":\"2026-05-01T00:14:23+00:00\",\"description\":\"Sacos para pastelaria, 100 por caixa: pr\u00e1ticos, resistentes e perfeitos para transportar facilmente bolos, tartes e pastelaria.\",\"breadcrumb\":{\"@id\":\"https:\/\/www.csj-emballages.com\/pt-pt\/produit\/100-sacos-de-transporte-para-caixas-de-pastelaria\/#breadcrumb\"},\"inLanguage\":\"pt-PT\",\"potentialAction\":[{\"@type\":\"ReadAction\",\"target\":[\"https:\/\/www.csj-emballages.com\/pt-pt\/produit\/100-sacos-de-transporte-para-caixas-de-pastelaria\/\"]}]},{\"@type\":\"ImageObject\",\"inLanguage\":\"pt-PT\",\"@id\":\"https:\/\/www.csj-emballages.com\/pt-pt\/produit\/100-sacos-de-transporte-para-caixas-de-pastelaria\/#primaryimage\",\"url\":\"https:\/\/www.csj-emballages.com\/wp-content\/uploads\/2024\/03\/SACS31TRANS.webp\",\"contentUrl\":\"https:\/\/www.csj-emballages.com\/wp-content\/uploads\/2024\/03\/SACS31TRANS.webp\",\"width\":800,\"height\":800,\"caption\":\"Sac boites p\u00e2tissi\u00e8res\"},{\"@type\":\"BreadcrumbList\",\"@id\":\"https:\/\/www.csj-emballages.com\/pt-pt\/produit\/100-sacos-de-transporte-para-caixas-de-pastelaria\/#breadcrumb\",\"itemListElement\":[{\"@type\":\"ListItem\",\"position\":1,\"name\":\"Acolhimento\",\"item\":\"https:\/\/www.csj-emballages.com\/pt-pt\/universo-das-embalagens-alimentares\/\"},{\"@type\":\"ListItem\",\"position\":2,\"name\":\"Shop\",\"item\":\"https:\/\/www.csj-emballages.com\/shop\/\"},{\"@type\":\"ListItem\",\"position\":3,\"name\":\"Saco de pasteleiro, 100\"}]},{\"@type\":\"WebSite\",\"@id\":\"https:\/\/www.csj-emballages.com\/pt-pt\/#website\",\"url\":\"https:\/\/www.csj-emballages.com\/pt-pt\/\",\"name\":\"CSJ Emballages\",\"description\":\"\",\"publisher\":{\"@id\":\"https:\/\/www.csj-emballages.com\/pt-pt\/#organization\"},\"potentialAction\":[{\"@type\":\"SearchAction\",\"target\":{\"@type\":\"EntryPoint\",\"urlTemplate\":\"https:\/\/www.csj-emballages.com\/pt-pt\/?s={search_term_string}\"},\"query-input\":{\"@type\":\"PropertyValueSpecification\",\"valueRequired\":true,\"valueName\":\"search_term_string\"}}],\"inLanguage\":\"pt-PT\"},{\"@type\":\"Organization\",\"@id\":\"https:\/\/www.csj-emballages.com\/pt-pt\/#Organization\/\",\"name\":\"CSJ Emballages\",\"url\":\"https:\/\/www.csj-emballages.com\/pt-pt\/\",\"logo\":{\"@type\":\"ImageObject\",\"inLanguage\":\"pt-PT\",\"@id\":\"https:\/\/www.csj-emballages.com\/pt-pt\/#\/schema\/logo\/image\/\",\"url\":\"https:\/\/www.csj-emballages.com\/wp-content\/uploads\/2023\/10\/logo_csj.webp\",\"contentUrl\":\"https:\/\/www.csj-emballages.com\/wp-content\/uploads\/2023\/10\/logo_csj.webp\",\"width\":250,\"height\":95,\"caption\":\"CSJ Emballages\"},\"image\":{\"@id\":\"https:\/\/www.csj-emballages.com\/pt-pt\/#\/schema\/logo\/image\/\"},\"sameAs\":[\"https:\/\/www.facebook.com\/csjemballages\"],\"address\":{\"@type\":\"PostalAddress\",\"streetAddress\":\"ZI La Lechere\",\"addressLocality\":\"Patornay\",\"postalCode\":\"39130\",\"addressCountry\":\"FR\"},\"contactPoint\":[{\"@type\":\"ContactPoint\",\"contactType\":\"Service client\",\"telephone\":\"0384254272\",\"email\":\"contact@csj-emballages.com\"}]}]}<\/script>\n<!-- \/ Yoast SEO Premium plugin. -->","yoast_head_json":{"title":"Caixas para pastelaria, 100 por saco","description":"Sacos para pastelaria, 100 por caixa: pr\u00e1ticos, resistentes e perfeitos para transportar facilmente bolos, tartes e pastelaria.","robots":{"index":"index","follow":"follow","max-snippet":"max-snippet:-1","max-image-preview":"max-image-preview:large","max-video-preview":"max-video-preview:-1"},"canonical":"https:\/\/www.csj-emballages.com\/pt-pt\/produit\/100-sacos-de-transporte-para-caixas-de-pastelaria\/","og_locale":"pt_PT","og_type":"article","og_title":"Saco de pasteleiro, 100","og_description":"Sacos para pastelaria, 100 por caixa: pr\u00e1ticos, resistentes e perfeitos para transportar facilmente bolos, tartes e pastelaria.","og_url":"https:\/\/www.csj-emballages.com\/pt-pt\/produit\/100-sacos-de-transporte-para-caixas-de-pastelaria\/","og_site_name":"CSJ Emballages","article_publisher":"https:\/\/www.facebook.com\/csjemballages","article_modified_time":"2026-05-01T00:14:23+00:00","og_image":[{"width":800,"height":800,"url":"https:\/\/www.csj-emballages.com\/wp-content\/uploads\/2024\/03\/SACS31TRANS.webp","type":"image\/webp"}],"twitter_card":"summary_large_image","twitter_misc":{"Tempo estimado de leitura":"2 minutos"},"schema":{"@context":"https:\/\/schema.org","@graph":[{"@type":"WebPage","@id":"https:\/\/www.csj-emballages.com\/pt-pt\/produit\/100-sacos-de-transporte-para-caixas-de-pastelaria\/","url":"https:\/\/www.csj-emballages.com\/pt-pt\/produit\/100-sacos-de-transporte-para-caixas-de-pastelaria\/","name":"Caixas para pastelaria, 100 por saco","isPartOf":{"@id":"https:\/\/www.csj-emballages.com\/pt-pt\/#website"},"primaryImageOfPage":{"@id":"https:\/\/www.csj-emballages.com\/pt-pt\/produit\/100-sacos-de-transporte-para-caixas-de-pastelaria\/#primaryimage"},"image":{"@id":"https:\/\/www.csj-emballages.com\/pt-pt\/produit\/100-sacos-de-transporte-para-caixas-de-pastelaria\/#primaryimage"},"thumbnailUrl":"https:\/\/www.csj-emballages.com\/wp-content\/uploads\/2024\/03\/SACS31TRANS.webp","datePublished":"2024-03-01T15:50:05+00:00","dateModified":"2026-05-01T00:14:23+00:00","description":"Sacos para pastelaria, 100 por caixa: pr\u00e1ticos, resistentes e perfeitos para transportar facilmente bolos, tartes e pastelaria.","breadcrumb":{"@id":"https:\/\/www.csj-emballages.com\/pt-pt\/produit\/100-sacos-de-transporte-para-caixas-de-pastelaria\/#breadcrumb"},"inLanguage":"pt-PT","potentialAction":[{"@type":"ReadAction","target":["https:\/\/www.csj-emballages.com\/pt-pt\/produit\/100-sacos-de-transporte-para-caixas-de-pastelaria\/"]}]},{"@type":"ImageObject","inLanguage":"pt-PT","@id":"https:\/\/www.csj-emballages.com\/pt-pt\/produit\/100-sacos-de-transporte-para-caixas-de-pastelaria\/#primaryimage","url":"https:\/\/www.csj-emballages.com\/wp-content\/uploads\/2024\/03\/SACS31TRANS.webp","contentUrl":"https:\/\/www.csj-emballages.com\/wp-content\/uploads\/2024\/03\/SACS31TRANS.webp","width":800,"height":800,"caption":"Sac boites p\u00e2tissi\u00e8res"},{"@type":"BreadcrumbList","@id":"https:\/\/www.csj-emballages.com\/pt-pt\/produit\/100-sacos-de-transporte-para-caixas-de-pastelaria\/#breadcrumb","itemListElement":[{"@type":"ListItem","position":1,"name":"Acolhimento","item":"https:\/\/www.csj-emballages.com\/pt-pt\/universo-das-embalagens-alimentares\/"},{"@type":"ListItem","position":2,"name":"Shop","item":"https:\/\/www.csj-emballages.com\/shop\/"},{"@type":"ListItem","position":3,"name":"Saco de pasteleiro, 100"}]},{"@type":"WebSite","@id":"https:\/\/www.csj-emballages.com\/pt-pt\/#website","url":"https:\/\/www.csj-emballages.com\/pt-pt\/","name":"CSJ Emballages","description":"","publisher":{"@id":"https:\/\/www.csj-emballages.com\/pt-pt\/#organization"},"potentialAction":[{"@type":"SearchAction","target":{"@type":"EntryPoint","urlTemplate":"https:\/\/www.csj-emballages.com\/pt-pt\/?s={search_term_string}"},"query-input":{"@type":"PropertyValueSpecification","valueRequired":true,"valueName":"search_term_string"}}],"inLanguage":"pt-PT"},{"@type":"Organization","@id":"https:\/\/www.csj-emballages.com\/pt-pt\/#Organization\/","name":"CSJ Emballages","url":"https:\/\/www.csj-emballages.com\/pt-pt\/","logo":{"@type":"ImageObject","inLanguage":"pt-PT","@id":"https:\/\/www.csj-emballages.com\/pt-pt\/#\/schema\/logo\/image\/","url":"https:\/\/www.csj-emballages.com\/wp-content\/uploads\/2023\/10\/logo_csj.webp","contentUrl":"https:\/\/www.csj-emballages.com\/wp-content\/uploads\/2023\/10\/logo_csj.webp","width":250,"height":95,"caption":"CSJ Emballages"},"image":{"@id":"https:\/\/www.csj-emballages.com\/pt-pt\/#\/schema\/logo\/image\/"},"sameAs":["https:\/\/www.facebook.com\/csjemballages"],"address":{"@type":"PostalAddress","streetAddress":"ZI La Lechere","addressLocality":"Patornay","postalCode":"39130","addressCountry":"FR"},"contactPoint":[{"@type":"ContactPoint","contactType":"Service client","telephone":"0384254272","email":"contact@csj-emballages.com"}]}]}},"df_price":17.21,"df_sale_price":"","df_regular_price":17.21,"df_image_link":"https:\/\/www.csj-emballages.com\/wp-content\/uploads\/2024\/03\/SACS31TRANS-300x300.webp","tiered_pricing_type":"fixed","tiered_pricing_fixed_rules":[],"tiered_pricing_percentage_rules":[],"tiered_pricing_minimum":1,"tiered_pricing_roles_data":[],"_links":{"self":[{"href":"https:\/\/www.csj-emballages.com\/pt-pt\/wp-json\/wp\/v2\/product\/23228","targetHints":{"allow":["GET"]}}],"collection":[{"href":"https:\/\/www.csj-emballages.com\/pt-pt\/wp-json\/wp\/v2\/product"}],"about":[{"href":"https:\/\/www.csj-emballages.com\/pt-pt\/wp-json\/wp\/v2\/types\/product"}],"wp:featuredmedia":[{"embeddable":true,"href":"https:\/\/www.csj-emballages.com\/pt-pt\/wp-json\/wp\/v2\/media\/255152"}],"wp:attachment":[{"href":"https:\/\/www.csj-emballages.com\/pt-pt\/wp-json\/wp\/v2\/media?parent=23228"}],"wp:term":[{"taxonomy":"product_brand","embeddable":true,"href":"https:\/\/www.csj-emballages.com\/pt-pt\/wp-json\/wp\/v2\/product_brand?post=23228"},{"taxonomy":"product_cat","embeddable":true,"href":"https:\/\/www.csj-emballages.com\/pt-pt\/wp-json\/wp\/v2\/product_cat?post=23228"},{"taxonomy":"product_tag","embeddable":true,"href":"https:\/\/www.csj-emballages.com\/pt-pt\/wp-json\/wp\/v2\/product_tag?post=23228"}],"curies":[{"name":"wp","href":"https:\/\/api.w.org\/{rel}","templated":true}]}}