{"id":23224,"date":"2024-03-01T16:49:27","date_gmt":"2024-03-01T15:49:27","guid":{"rendered":"https:\/\/u15jnbdpoq.preview.infomaniak.website\/produit\/500-sacos-de-cor-branca-com-abertura-lateral-em-papel-vegetal-18-x-18-cm\/"},"modified":"2026-04-09T02:18:22","modified_gmt":"2026-04-09T00:18:22","slug":"500-sacos-de-cor-branca-com-abertura-lateral-em-papel-vegetal-18-x-18-cm","status":"publish","type":"product","link":"https:\/\/www.csj-emballages.com\/pt-pt\/produit\/500-sacos-de-cor-branca-com-abertura-lateral-em-papel-vegetal-18-x-18-cm\/","title":{"rendered":"Saco de papel crepe impresso \u00e0 prova de gordura 18 x 18 cm, 500 unidades"},"content":{"rendered":"<div style=\"font-family: Roboto, sans-serif;\">\n<div style=\"font-family: Roboto, sans-serif;\">\n<div style=\"font-family: Roboto, sans-serif;\">\n<div style=\"font-family: Roboto, sans-serif;\">\n<div style=\"font-family: Roboto, sans-serif;\">\n<div style=\"font-family: Roboto, sans-serif;\">\n<h2>Saco de crepe<\/h2>\n<hr>\n<h3>Descri\u00e7\u00e3o do nosso saco de crepe impresso \u00e0 prova de gordura 18 x 18 cm por 500<\/h3>\n<p><!--more--><\/p>\n<div style=\"box-sizing: inherit; font-family: Roboto, sans-serif;\">\n<div style=\"font-family: Roboto, sans-serif;\">\n<div style=\"font-family: Roboto, sans-serif;\">\n<div style=\"font-family: Roboto, sans-serif;\">\n<div style=\"font-family: Roboto, sans-serif;\">\n<div style=\"font-family: Roboto, sans-serif;\">\n<div style=\"font-family: Roboto, sans-serif;\">\n<p>Ideal para os profissionais da restaura\u00e7\u00e3o, este <strong>saco para<\/strong> crepes permite-te servir os teus crepes com eleg\u00e2ncia e praticidade. Fabricado em papel vegetal de alta qualidade, ret\u00e9m a gordura para garantir uma apresenta\u00e7\u00e3o limpa e apetitosa. <\/p>\n<p>A impress\u00e3o d\u00e1 um toque profissional e festivo, perfeito para os teus eventos ou pontos de venda. Gra\u00e7as ao seu tamanho de <strong>18 x 18 cm<\/strong>, este <strong>saco para<\/strong> crepes adapta-se \u00e0 maioria dos crepes. Oferece aos teus clientes uma experi\u00eancia pr\u00e1tica e est\u00e9tica, respeitando o ambiente com este produto sustent\u00e1vel e recicl\u00e1vel.  <\/p>\n<p>&nbsp;<\/p>\n<p><!--more--><\/p>\n<p>Adopta hoje este <strong>saco imperme\u00e1vel a gordura <\/strong>para uma embalagem pr\u00e1tica e econ\u00f3mica.<\/p>\n<\/div>\n<\/div>\n<\/div>\n<\/div>\n<\/div>\n<\/div>\n<\/div>\n<\/div>\n<\/div>\n<\/div>\n<\/div>\n<\/div>\n<\/div>\n<p>&nbsp;<\/p>\n<p><!--more--><\/p>\n<h4>As suas vantagens:<\/h4>\n<ul>\n<li><strong>Praticidade ideal:<\/strong> perfeito para embrulhar e servir crepes sem risco de derrames ou sujidade gra\u00e7as ao seu papel vegetal.<\/li>\n<li><strong>Esteticamente agrad\u00e1vel:<\/strong> A impress\u00e3o d\u00e1 um toque profissional e atraente, ideal para cativar os teus clientes.<\/li>\n<li><strong>Solu\u00e7\u00e3o econ\u00f3mica:<\/strong> Dispon\u00edvel em embalagens de 500 unidades, satisfaz as necessidades de volume dos profissionais.<\/li>\n<li><strong>Durabilidade:<\/strong> Fabricado com materiais amigos do ambiente, recicl\u00e1veis e em conformidade com as normas alimentares.<\/li>\n<\/ul>\n<p>&nbsp;<\/p>\n<div style=\"font-family: Roboto, sans-serif;\">\n<div style=\"font-family: Roboto, sans-serif;\">\n<div style=\"font-family: Roboto, sans-serif;\">\n<div style=\"font-family: Roboto, sans-serif;\">\n<div style=\"font-family: Roboto, sans-serif;\">\n<div style=\"font-family: Roboto, sans-serif;\">\n<p><!--more--><\/p>\n<div style=\"box-sizing: inherit; font-family: Roboto, sans-serif;\">\n<div style=\"box-sizing: inherit; font-family: Roboto, sans-serif;\">\n<div style=\"box-sizing: inherit; font-family: Roboto, sans-serif;\">\n<div style=\"box-sizing: inherit; font-family: Roboto, sans-serif;\">\n<h4>Outras informa\u00e7\u00f5es :<\/h4>\n<ul>\n<li><strong>Tamanho: <\/strong>18 x 18 cm<\/li>\n<li><strong>Material : <\/strong>Papel vegetal<\/li>\n<li><strong>Embalagem : <\/strong>Pacote de 500<\/li>\n<li><strong>Cor: <\/strong>Branco com estampados<\/li>\n<\/ul>\n<\/div>\n<p>&nbsp;<\/p>\n<\/div>\n<\/div>\n<\/div>\n<p><!--more--><\/p>\n<p><span style=\"color: #d12727;\"><a style=\"color: #d12727;\" href=\"https:\/\/www.csj-emballages.com\/produit\/100-pochette-carton-crepes-carton-dechirable-kraft\/\">Encontra aqui as mangas de cart\u00e3o destac\u00e1veis para os crepes<\/a><\/span><\/p>\n<p>&nbsp;<\/p>\n<p><!--more--><\/p>\n<p><a href=\"https:\/\/www.csj-emballages.com\/categorie-produit\/emballages\/restauration-sur-place-ou-emporter-fastfood-snacks\/sacs-et-papiers\/sachets-crepes\/\">V\u00ea o resto da nossa gama de sacos de crepe<\/a><\/p>\n<\/div>\n<\/div>\n<\/div>\n<\/div>\n<\/div>\n<\/div>\n","protected":false},"excerpt":{"rendered":"<p>Saco de crepe Descri\u00e7\u00e3o do nosso saco de crepe impresso \u00e0 prova de gordura 18 x 18 cm por 500<\/p>\n","protected":false},"featured_media":207400,"template":"","meta":{"_acf_changed":false},"product_brand":[],"product_cat":[1138,3416],"product_tag":[],"class_list":{"0":"post-23224","1":"product","2":"type-product","3":"status-publish","4":"has-post-thumbnail","6":"product_cat-restauracao","7":"product_cat-sacos-para-panquecas","9":"first","10":"instock","11":"taxable","12":"shipping-taxable","13":"purchasable","14":"product-type-simple"},"acf":[],"yoast_head":"<!-- This site is optimized with the Yoast SEO Premium plugin v26.6 (Yoast SEO v26.6) - https:\/\/yoast.com\/wordpress\/plugins\/seo\/ -->\n<title>Saqueta de crepe \u00e0 prova de gordura impressa - 18 x 18 cm<\/title>\n<meta name=\"description\" content=\"Escolhe o nosso saco para crepes de 18 x 18 cm impresso em papel vegetal: atraente, pr\u00e1tico e amigo do ambiente. Ideal para embalar crepes e snacks\" \/>\n<meta name=\"robots\" content=\"index, follow, max-snippet:-1, max-image-preview:large, max-video-preview:-1\" \/>\n<link rel=\"canonical\" href=\"https:\/\/www.csj-emballages.com\/pt-pt\/produit\/500-sacos-de-cor-branca-com-abertura-lateral-em-papel-vegetal-18-x-18-cm\/\" \/>\n<meta property=\"og:locale\" content=\"pt_PT\" \/>\n<meta property=\"og:type\" content=\"article\" \/>\n<meta property=\"og:title\" content=\"Saco de papel crepe impresso \u00e0 prova de gordura 18 x 18 cm, 500 unidades\" \/>\n<meta property=\"og:description\" content=\"Escolhe o nosso saco para crepes de 18 x 18 cm impresso em papel vegetal: atraente, pr\u00e1tico e amigo do ambiente. Ideal para embalar crepes e snacks\" \/>\n<meta property=\"og:url\" content=\"https:\/\/www.csj-emballages.com\/pt-pt\/produit\/500-sacos-de-cor-branca-com-abertura-lateral-em-papel-vegetal-18-x-18-cm\/\" \/>\n<meta property=\"og:site_name\" content=\"CSJ Emballages\" \/>\n<meta property=\"article:publisher\" content=\"https:\/\/www.facebook.com\/csjemballages\" \/>\n<meta property=\"article:modified_time\" content=\"2026-04-09T00:18:22+00:00\" \/>\n<meta property=\"og:image\" content=\"https:\/\/www.csj-emballages.com\/wp-content\/uploads\/2024\/03\/sachet-crepe-papier.webp\" \/>\n\t<meta property=\"og:image:width\" content=\"800\" \/>\n\t<meta property=\"og:image:height\" content=\"800\" \/>\n\t<meta property=\"og:image:type\" content=\"image\/webp\" \/>\n<meta name=\"twitter:card\" content=\"summary_large_image\" \/>\n<meta name=\"twitter:label1\" content=\"Tempo estimado de leitura\" \/>\n\t<meta name=\"twitter:data1\" content=\"1 minuto\" \/>\n<script type=\"application\/ld+json\" class=\"yoast-schema-graph\">{\"@context\":\"https:\/\/schema.org\",\"@graph\":[{\"@type\":\"WebPage\",\"@id\":\"https:\/\/www.csj-emballages.com\/pt-pt\/produit\/500-sacos-de-cor-branca-com-abertura-lateral-em-papel-vegetal-18-x-18-cm\/\",\"url\":\"https:\/\/www.csj-emballages.com\/pt-pt\/produit\/500-sacos-de-cor-branca-com-abertura-lateral-em-papel-vegetal-18-x-18-cm\/\",\"name\":\"Saqueta de crepe \u00e0 prova de gordura impressa - 18 x 18 cm\",\"isPartOf\":{\"@id\":\"https:\/\/www.csj-emballages.com\/pt-pt\/#website\"},\"primaryImageOfPage\":{\"@id\":\"https:\/\/www.csj-emballages.com\/pt-pt\/produit\/500-sacos-de-cor-branca-com-abertura-lateral-em-papel-vegetal-18-x-18-cm\/#primaryimage\"},\"image\":{\"@id\":\"https:\/\/www.csj-emballages.com\/pt-pt\/produit\/500-sacos-de-cor-branca-com-abertura-lateral-em-papel-vegetal-18-x-18-cm\/#primaryimage\"},\"thumbnailUrl\":\"https:\/\/www.csj-emballages.com\/wp-content\/uploads\/2024\/03\/sachet-crepe-papier.webp\",\"datePublished\":\"2024-03-01T15:49:27+00:00\",\"dateModified\":\"2026-04-09T00:18:22+00:00\",\"description\":\"Escolhe o nosso saco para crepes de 18 x 18 cm impresso em papel vegetal: atraente, pr\u00e1tico e amigo do ambiente. Ideal para embalar crepes e snacks\",\"breadcrumb\":{\"@id\":\"https:\/\/www.csj-emballages.com\/pt-pt\/produit\/500-sacos-de-cor-branca-com-abertura-lateral-em-papel-vegetal-18-x-18-cm\/#breadcrumb\"},\"inLanguage\":\"pt-PT\",\"potentialAction\":[{\"@type\":\"ReadAction\",\"target\":[\"https:\/\/www.csj-emballages.com\/pt-pt\/produit\/500-sacos-de-cor-branca-com-abertura-lateral-em-papel-vegetal-18-x-18-cm\/\"]}]},{\"@type\":\"ImageObject\",\"inLanguage\":\"pt-PT\",\"@id\":\"https:\/\/www.csj-emballages.com\/pt-pt\/produit\/500-sacos-de-cor-branca-com-abertura-lateral-em-papel-vegetal-18-x-18-cm\/#primaryimage\",\"url\":\"https:\/\/www.csj-emballages.com\/wp-content\/uploads\/2024\/03\/sachet-crepe-papier.webp\",\"contentUrl\":\"https:\/\/www.csj-emballages.com\/wp-content\/uploads\/2024\/03\/sachet-crepe-papier.webp\",\"width\":800,\"height\":800,\"caption\":\"sachet cr\u00eape\"},{\"@type\":\"BreadcrumbList\",\"@id\":\"https:\/\/www.csj-emballages.com\/pt-pt\/produit\/500-sacos-de-cor-branca-com-abertura-lateral-em-papel-vegetal-18-x-18-cm\/#breadcrumb\",\"itemListElement\":[{\"@type\":\"ListItem\",\"position\":1,\"name\":\"Acolhimento\",\"item\":\"https:\/\/www.csj-emballages.com\/pt-pt\/universo-das-embalagens-alimentares\/\"},{\"@type\":\"ListItem\",\"position\":2,\"name\":\"Shop\",\"item\":\"https:\/\/www.csj-emballages.com\/shop\/\"},{\"@type\":\"ListItem\",\"position\":3,\"name\":\"Saco de papel crepe impresso \u00e0 prova de gordura 18 x 18 cm, 500 unidades\"}]},{\"@type\":\"WebSite\",\"@id\":\"https:\/\/www.csj-emballages.com\/pt-pt\/#website\",\"url\":\"https:\/\/www.csj-emballages.com\/pt-pt\/\",\"name\":\"CSJ Emballages\",\"description\":\"\",\"publisher\":{\"@id\":\"https:\/\/www.csj-emballages.com\/pt-pt\/#organization\"},\"potentialAction\":[{\"@type\":\"SearchAction\",\"target\":{\"@type\":\"EntryPoint\",\"urlTemplate\":\"https:\/\/www.csj-emballages.com\/pt-pt\/?s={search_term_string}\"},\"query-input\":{\"@type\":\"PropertyValueSpecification\",\"valueRequired\":true,\"valueName\":\"search_term_string\"}}],\"inLanguage\":\"pt-PT\"},{\"@type\":\"Organization\",\"@id\":\"https:\/\/www.csj-emballages.com\/pt-pt\/#Organization\/\",\"name\":\"CSJ Emballages\",\"url\":\"https:\/\/www.csj-emballages.com\/pt-pt\/\",\"logo\":{\"@type\":\"ImageObject\",\"inLanguage\":\"pt-PT\",\"@id\":\"https:\/\/www.csj-emballages.com\/pt-pt\/#\/schema\/logo\/image\/\",\"url\":\"https:\/\/www.csj-emballages.com\/wp-content\/uploads\/2023\/10\/logo_csj.webp\",\"contentUrl\":\"https:\/\/www.csj-emballages.com\/wp-content\/uploads\/2023\/10\/logo_csj.webp\",\"width\":250,\"height\":95,\"caption\":\"CSJ Emballages\"},\"image\":{\"@id\":\"https:\/\/www.csj-emballages.com\/pt-pt\/#\/schema\/logo\/image\/\"},\"sameAs\":[\"https:\/\/www.facebook.com\/csjemballages\"],\"address\":{\"@type\":\"PostalAddress\",\"streetAddress\":\"ZI La Lechere\",\"addressLocality\":\"Patornay\",\"postalCode\":\"39130\",\"addressCountry\":\"FR\"},\"contactPoint\":[{\"@type\":\"ContactPoint\",\"contactType\":\"Service client\",\"telephone\":\"0384254272\",\"email\":\"contact@csj-emballages.com\"}]}]}<\/script>\n<!-- \/ Yoast SEO Premium plugin. -->","yoast_head_json":{"title":"Saqueta de crepe \u00e0 prova de gordura impressa - 18 x 18 cm","description":"Escolhe o nosso saco para crepes de 18 x 18 cm impresso em papel vegetal: atraente, pr\u00e1tico e amigo do ambiente. Ideal para embalar crepes e snacks","robots":{"index":"index","follow":"follow","max-snippet":"max-snippet:-1","max-image-preview":"max-image-preview:large","max-video-preview":"max-video-preview:-1"},"canonical":"https:\/\/www.csj-emballages.com\/pt-pt\/produit\/500-sacos-de-cor-branca-com-abertura-lateral-em-papel-vegetal-18-x-18-cm\/","og_locale":"pt_PT","og_type":"article","og_title":"Saco de papel crepe impresso \u00e0 prova de gordura 18 x 18 cm, 500 unidades","og_description":"Escolhe o nosso saco para crepes de 18 x 18 cm impresso em papel vegetal: atraente, pr\u00e1tico e amigo do ambiente. Ideal para embalar crepes e snacks","og_url":"https:\/\/www.csj-emballages.com\/pt-pt\/produit\/500-sacos-de-cor-branca-com-abertura-lateral-em-papel-vegetal-18-x-18-cm\/","og_site_name":"CSJ Emballages","article_publisher":"https:\/\/www.facebook.com\/csjemballages","article_modified_time":"2026-04-09T00:18:22+00:00","og_image":[{"width":800,"height":800,"url":"https:\/\/www.csj-emballages.com\/wp-content\/uploads\/2024\/03\/sachet-crepe-papier.webp","type":"image\/webp"}],"twitter_card":"summary_large_image","twitter_misc":{"Tempo estimado de leitura":"1 minuto"},"schema":{"@context":"https:\/\/schema.org","@graph":[{"@type":"WebPage","@id":"https:\/\/www.csj-emballages.com\/pt-pt\/produit\/500-sacos-de-cor-branca-com-abertura-lateral-em-papel-vegetal-18-x-18-cm\/","url":"https:\/\/www.csj-emballages.com\/pt-pt\/produit\/500-sacos-de-cor-branca-com-abertura-lateral-em-papel-vegetal-18-x-18-cm\/","name":"Saqueta de crepe \u00e0 prova de gordura impressa - 18 x 18 cm","isPartOf":{"@id":"https:\/\/www.csj-emballages.com\/pt-pt\/#website"},"primaryImageOfPage":{"@id":"https:\/\/www.csj-emballages.com\/pt-pt\/produit\/500-sacos-de-cor-branca-com-abertura-lateral-em-papel-vegetal-18-x-18-cm\/#primaryimage"},"image":{"@id":"https:\/\/www.csj-emballages.com\/pt-pt\/produit\/500-sacos-de-cor-branca-com-abertura-lateral-em-papel-vegetal-18-x-18-cm\/#primaryimage"},"thumbnailUrl":"https:\/\/www.csj-emballages.com\/wp-content\/uploads\/2024\/03\/sachet-crepe-papier.webp","datePublished":"2024-03-01T15:49:27+00:00","dateModified":"2026-04-09T00:18:22+00:00","description":"Escolhe o nosso saco para crepes de 18 x 18 cm impresso em papel vegetal: atraente, pr\u00e1tico e amigo do ambiente. Ideal para embalar crepes e snacks","breadcrumb":{"@id":"https:\/\/www.csj-emballages.com\/pt-pt\/produit\/500-sacos-de-cor-branca-com-abertura-lateral-em-papel-vegetal-18-x-18-cm\/#breadcrumb"},"inLanguage":"pt-PT","potentialAction":[{"@type":"ReadAction","target":["https:\/\/www.csj-emballages.com\/pt-pt\/produit\/500-sacos-de-cor-branca-com-abertura-lateral-em-papel-vegetal-18-x-18-cm\/"]}]},{"@type":"ImageObject","inLanguage":"pt-PT","@id":"https:\/\/www.csj-emballages.com\/pt-pt\/produit\/500-sacos-de-cor-branca-com-abertura-lateral-em-papel-vegetal-18-x-18-cm\/#primaryimage","url":"https:\/\/www.csj-emballages.com\/wp-content\/uploads\/2024\/03\/sachet-crepe-papier.webp","contentUrl":"https:\/\/www.csj-emballages.com\/wp-content\/uploads\/2024\/03\/sachet-crepe-papier.webp","width":800,"height":800,"caption":"sachet cr\u00eape"},{"@type":"BreadcrumbList","@id":"https:\/\/www.csj-emballages.com\/pt-pt\/produit\/500-sacos-de-cor-branca-com-abertura-lateral-em-papel-vegetal-18-x-18-cm\/#breadcrumb","itemListElement":[{"@type":"ListItem","position":1,"name":"Acolhimento","item":"https:\/\/www.csj-emballages.com\/pt-pt\/universo-das-embalagens-alimentares\/"},{"@type":"ListItem","position":2,"name":"Shop","item":"https:\/\/www.csj-emballages.com\/shop\/"},{"@type":"ListItem","position":3,"name":"Saco de papel crepe impresso \u00e0 prova de gordura 18 x 18 cm, 500 unidades"}]},{"@type":"WebSite","@id":"https:\/\/www.csj-emballages.com\/pt-pt\/#website","url":"https:\/\/www.csj-emballages.com\/pt-pt\/","name":"CSJ Emballages","description":"","publisher":{"@id":"https:\/\/www.csj-emballages.com\/pt-pt\/#organization"},"potentialAction":[{"@type":"SearchAction","target":{"@type":"EntryPoint","urlTemplate":"https:\/\/www.csj-emballages.com\/pt-pt\/?s={search_term_string}"},"query-input":{"@type":"PropertyValueSpecification","valueRequired":true,"valueName":"search_term_string"}}],"inLanguage":"pt-PT"},{"@type":"Organization","@id":"https:\/\/www.csj-emballages.com\/pt-pt\/#Organization\/","name":"CSJ Emballages","url":"https:\/\/www.csj-emballages.com\/pt-pt\/","logo":{"@type":"ImageObject","inLanguage":"pt-PT","@id":"https:\/\/www.csj-emballages.com\/pt-pt\/#\/schema\/logo\/image\/","url":"https:\/\/www.csj-emballages.com\/wp-content\/uploads\/2023\/10\/logo_csj.webp","contentUrl":"https:\/\/www.csj-emballages.com\/wp-content\/uploads\/2023\/10\/logo_csj.webp","width":250,"height":95,"caption":"CSJ Emballages"},"image":{"@id":"https:\/\/www.csj-emballages.com\/pt-pt\/#\/schema\/logo\/image\/"},"sameAs":["https:\/\/www.facebook.com\/csjemballages"],"address":{"@type":"PostalAddress","streetAddress":"ZI La Lechere","addressLocality":"Patornay","postalCode":"39130","addressCountry":"FR"},"contactPoint":[{"@type":"ContactPoint","contactType":"Service client","telephone":"0384254272","email":"contact@csj-emballages.com"}]}]}},"df_price":13.75,"df_sale_price":"","df_regular_price":13.75,"df_image_link":"https:\/\/www.csj-emballages.com\/wp-content\/uploads\/2024\/03\/sachet-crepe-papier-300x300.webp","tiered_pricing_type":"fixed","tiered_pricing_fixed_rules":[],"tiered_pricing_percentage_rules":[],"tiered_pricing_minimum":1,"tiered_pricing_roles_data":[],"_links":{"self":[{"href":"https:\/\/www.csj-emballages.com\/pt-pt\/wp-json\/wp\/v2\/product\/23224","targetHints":{"allow":["GET"]}}],"collection":[{"href":"https:\/\/www.csj-emballages.com\/pt-pt\/wp-json\/wp\/v2\/product"}],"about":[{"href":"https:\/\/www.csj-emballages.com\/pt-pt\/wp-json\/wp\/v2\/types\/product"}],"wp:featuredmedia":[{"embeddable":true,"href":"https:\/\/www.csj-emballages.com\/pt-pt\/wp-json\/wp\/v2\/media\/207400"}],"wp:attachment":[{"href":"https:\/\/www.csj-emballages.com\/pt-pt\/wp-json\/wp\/v2\/media?parent=23224"}],"wp:term":[{"taxonomy":"product_brand","embeddable":true,"href":"https:\/\/www.csj-emballages.com\/pt-pt\/wp-json\/wp\/v2\/product_brand?post=23224"},{"taxonomy":"product_cat","embeddable":true,"href":"https:\/\/www.csj-emballages.com\/pt-pt\/wp-json\/wp\/v2\/product_cat?post=23224"},{"taxonomy":"product_tag","embeddable":true,"href":"https:\/\/www.csj-emballages.com\/pt-pt\/wp-json\/wp\/v2\/product_tag?post=23224"}],"curies":[{"name":"wp","href":"https:\/\/api.w.org\/{rel}","templated":true}]}}