{"id":23203,"date":"2024-03-01T16:50:06","date_gmt":"2024-03-01T15:50:06","guid":{"rendered":"https:\/\/u15jnbdpoq.preview.infomaniak.website\/produit\/100-sacos-de-confeitaria-planos-em-polipropileno-90-x-180-mm\/"},"modified":"2026-04-09T02:18:16","modified_gmt":"2026-04-09T00:18:16","slug":"100-sacos-de-confeitaria-planos-em-polipropileno-90-x-180-mm","status":"publish","type":"product","link":"https:\/\/www.csj-emballages.com\/pt-pt\/produit\/100-sacos-de-confeitaria-planos-em-polipropileno-90-x-180-mm\/","title":{"rendered":"Sacos de confeitaria planos em polipropileno 90 x 180 mm, 100 unidades"},"content":{"rendered":"<div style=\"box-sizing: inherit; font-family: Roboto, sans-serif;\">\n<div style=\"box-sizing: inherit; font-family: Roboto, sans-serif;\">\n<div style=\"box-sizing: inherit; font-family: Roboto, sans-serif;\">\n<div style=\"box-sizing: inherit; font-family: Roboto, sans-serif;\">\n<div style=\"box-sizing: inherit; font-family: Roboto, sans-serif;\">\n<div style=\"box-sizing: inherit; font-family: Roboto, sans-serif;\">\n<div style=\"box-sizing: inherit; font-family: Roboto, sans-serif;\">\n<div style=\"box-sizing: inherit; font-family: Roboto, sans-serif;\">\n<div style=\"box-sizing: inherit; font-family: Roboto, sans-serif;\">\n<div style=\"box-sizing: inherit; font-family: Roboto, sans-serif;\">\n<div style=\"box-sizing: inherit; font-family: Roboto, sans-serif;\">\n<div style=\"box-sizing: inherit; font-family: Roboto, sans-serif;\">\n<div style=\"box-sizing: inherit; font-family: Roboto, sans-serif;\">\n<div class=\"flex flex-grow flex-col max-w-full\">\n<div class=\"min-h-[20px] text-message flex flex-col items-start whitespace-pre-wrap break-words [.text-message+&amp;]:mt-5 juice:w-full juice:items-end overflow-x-auto gap-2\" dir=\"auto\" data-message-author-role=\"assistant\" data-message-id=\"2034782e-88f9-44ef-b4dc-07dd7bf0115f\">\n<div class=\"flex w-full flex-col gap-1 juice:empty:hidden juice:first:pt-[3px]\">\n<div class=\"markdown prose w-full break-words dark:prose-invert light\">\n<div style=\"box-sizing: inherit; font-family: Roboto, sans-serif;\">\n<div style=\"box-sizing: inherit; font-family: Roboto, sans-serif;\">\n<div style=\"box-sizing: inherit; font-family: Roboto, sans-serif;\">\n<div style=\"box-sizing: inherit; font-family: Roboto, sans-serif;\">\n<div style=\"box-sizing: inherit; font-family: Roboto, sans-serif;\">\n<div style=\"box-sizing: inherit; font-family: Roboto, sans-serif;\">\n<h2>Saco de confeitarias plano<\/h2>\n<div style=\"box-sizing: inherit; font-family: Roboto, sans-serif;\">\n<div style=\"box-sizing: inherit; font-family: Roboto, sans-serif;\">\n<div style=\"box-sizing: inherit; font-family: Roboto, sans-serif;\">\n<div style=\"text-align: center;\">\n<div style=\"box-sizing: inherit; font-family: Roboto, sans-serif;\">\n<div style=\"box-sizing: inherit; font-family: Roboto, sans-serif;\">\n<div style=\"box-sizing: inherit; font-family: Roboto, sans-serif;\">\n<div style=\"box-sizing: inherit; font-family: Roboto, sans-serif;\">\n<div style=\"box-sizing: inherit; font-family: Roboto, sans-serif;\">\n<div style=\"box-sizing: inherit; font-family: Roboto, sans-serif; text-align: left;\">\n<hr>\n<h3 style=\"text-align: left;\">Descri\u00e7\u00e3o do nosso saco de confeitar em polipropileno plano 90 x 180 mm, 100 unidades<\/h3>\n<h3 style=\"text-align: left;\"><!--more--><\/h3>\n<\/div>\n<\/div>\n<\/div>\n<\/div>\n<\/div>\n<\/div>\n<\/div>\n<\/div>\n<\/div>\n<\/div>\n<\/div>\n<\/div>\n<\/div>\n<\/div>\n<\/div>\n<\/div>\n<\/div>\n<\/div>\n<\/div>\n<\/div>\n<\/div>\n<\/div>\n<\/div>\n<\/div>\n<\/div>\n<\/div>\n<\/div>\n<\/div>\n<\/div>\n<\/div>\n<\/div>\n<\/div>\n<\/div>\n<div style=\"box-sizing: inherit; font-family: Roboto, sans-serif;\">\n<div style=\"box-sizing: inherit; font-family: Roboto, sans-serif;\">\n<div style=\"box-sizing: inherit; font-family: Roboto, sans-serif;\">\n<div style=\"box-sizing: inherit; font-family: Roboto, sans-serif;\">\n<div style=\"box-sizing: inherit; font-family: Roboto, sans-serif;\">\n<div style=\"box-sizing: inherit; font-family: Roboto, sans-serif;\">\n<div style=\"box-sizing: inherit; font-family: Roboto, sans-serif;\">\n<div style=\"box-sizing: inherit; font-family: Roboto, sans-serif;\">\n<div style=\"box-sizing: inherit; font-family: Roboto, sans-serif;\">\n<div style=\"box-sizing: inherit; font-family: Roboto, sans-serif;\">\n<div style=\"box-sizing: inherit; font-family: Roboto, sans-serif;\">\n<div style=\"box-sizing: inherit; font-family: Roboto, sans-serif;\">\n<div style=\"box-sizing: inherit; font-family: Roboto, sans-serif;\">\n<div class=\"flex flex-grow flex-col max-w-full\">\n<div class=\"min-h-[20px] text-message flex flex-col items-start whitespace-pre-wrap break-words [.text-message+&amp;]:mt-5 juice:w-full juice:items-end overflow-x-auto gap-2\" dir=\"auto\" data-message-author-role=\"assistant\" data-message-id=\"2034782e-88f9-44ef-b4dc-07dd7bf0115f\">\n<div class=\"flex w-full flex-col gap-1 juice:empty:hidden juice:first:pt-[3px]\">\n<div class=\"markdown prose w-full break-words dark:prose-invert light\">\n<div style=\"box-sizing: inherit; font-family: Roboto, sans-serif;\">\n<div style=\"box-sizing: inherit; font-family: Roboto, sans-serif;\">\n<div style=\"box-sizing: inherit; font-family: Roboto, sans-serif;\">\n<div style=\"box-sizing: inherit; font-family: Roboto, sans-serif;\">\n<div style=\"box-sizing: inherit; font-family: Roboto, sans-serif;\">\n<div style=\"box-sizing: inherit; font-family: Roboto, sans-serif;\">\n<p data-start=\"0\" data-end=\"440\">Durante todo o ano, deixe as suas cria\u00e7\u00f5es doces brilharem com o nosso <strong data-start=\"118\" data-end=\"172\">saco de confeitaria em polipropileno plano de 90 x 180 mm por 100<\/strong>. Concebido para mostrar os seus doces, este <strong>saco transparente<\/strong> e <strong data-start=\"241\" data-end=\"251\">neutro<\/strong> \u00e9 adequado para uma multiplicidade de utiliza\u00e7\u00f5es. Gra\u00e7as ao seu <strong data-start=\"298\" data-end=\"323\">material de polipropileno<\/strong> resistente, preserva a frescura e a qualidade dos seus produtos, dando-lhes uma apresenta\u00e7\u00e3o elegante.  <\/p>\n<p data-start=\"442\" data-end=\"818\">Ideal para pasteleiros profissionais, este <strong>saco de confeitar plano<\/strong> \u00e9 perfeito para embrulhar <strong data-start=\"532\" data-end=\"557\">barras de chocolate<\/strong>, <strong data-start=\"559\" data-end=\"570\">bolachas<\/strong>, <strong data-start=\"572\" data-end=\"584\">chupa-chupas<\/strong>, torr\u00f5es e am\u00eandoas a\u00e7ucaradas. A sua <strong>forma plana, sem refor\u00e7o,<\/strong> \u00e9 particularmente adequada para produtos que n\u00e3o precisam de ser mantidos na vertical. Tamb\u00e9m se adapta facilmente a um estojo ou caixa de oferta para um acabamento elegante.  <\/p>\n<p data-start=\"820\" data-end=\"1273\">Porque uma embalagem bonita valoriza o seu saber-fazer, este <strong>saco de pl\u00e1stico<\/strong> real\u00e7a as cores, as texturas e os pormenores das suas prepara\u00e7\u00f5es. Quer seja <strong data-start=\"968\" data-end=\"982\">fabricante de bolachas<\/strong>, <strong data-start=\"984\" data-end=\"999\">chocolateiro<\/strong>, <strong data-start=\"1001\" data-end=\"1014\">pasteleiro<\/strong> ou <strong data-start=\"1018\" data-end=\"1031\">confeiteiro<\/strong>, beneficiar\u00e1 de uma embalagem pr\u00e1tica que cumpre as normas actuais. Al\u00e9m disso, est\u00e1 em conformidade com o <strong data-start=\"1117\" data-end=\"1144\">c\u00f3digo ambiental<\/strong> e os requisitos da lei <strong data-start=\"1172\" data-end=\"1185\">AGEC 2025<\/strong>, \u00e9 <strong data-start=\"1194\" data-end=\"1225\">adequado para o contacto com os alimentos<\/strong> e faz parte de uma abordagem mais respons\u00e1vel.  <\/p>\n<p data-start=\"1275\" data-end=\"1601\">Por fim, a sua <strong>transpar\u00eancia cristalina<\/strong> e o seu tamanho de <strong>90 x 180 mm<\/strong> fazem dele um aliado perfeito para as vendas em loja, mercados ou eventos gourmet. Ao escolher este <strong>saco de confeitaria<\/strong>, poder\u00e1 oferecer aos seus clientes uma apresenta\u00e7\u00e3o profissional que os far\u00e1 querer morder as suas iguarias \u00e0 primeira vista. <\/p>\n<\/div>\n<div style=\"box-sizing: inherit; font-family: Roboto, sans-serif;\">\n<p><!--more--><\/p>\n<h4 style=\"text-align: left;\">Vantagens :<\/h4>\n<ul style=\"text-align: left;\">\n<li><strong data-start=\"1807\" data-end=\"1836\">Polipropileno transparente<\/strong>: real\u00e7a as suas cria\u00e7\u00f5es gourmet.<\/li>\n<li><strong data-start=\"1883\" data-end=\"1914\">Formato pr\u00e1tico de 90 x 180 mm<\/strong>: perfeito para chocolates, bolachas e produtos de confeitaria.<\/li>\n<li><strong data-start=\"1970\" data-end=\"2006\">Respeita as normas alimentares<\/strong> e a lei <strong data-start=\"2019\" data-end=\"2032\">AGEC 2025<\/strong>.<\/li>\n<li>Encaixa facilmente num <strong data-start=\"2067\" data-end=\"2075\">estojo<\/strong> ou numa caixa para uma apresenta\u00e7\u00e3o cuidada.<\/li>\n<li>Embalagem vers\u00e1til para <strong data-start=\"2150\" data-end=\"2165\">fabricantes de bolachas<\/strong>, <strong data-start=\"2167\" data-end=\"2181\">pasteleiros<\/strong>, <strong data-start=\"2183\" data-end=\"2197\">pasteleiros de a\u00e7\u00facar<\/strong> e muito mais.<\/li>\n<\/ul>\n<\/div>\n<\/div>\n<\/div>\n<\/div>\n<\/div>\n<\/div>\n<\/div>\n<\/div>\n<\/div>\n<\/div>\n<\/div>\n<\/div>\n<p>&nbsp;<\/p>\n<\/div>\n<\/div>\n<\/div>\n<\/div>\n<\/div>\n<\/div>\n<\/div>\n<\/div>\n<\/div>\n<\/div>\n<\/div>\n<p><!--more--><\/p>\n<h4>Outras informa\u00e7\u00f5es :<\/h4>\n<ul style=\"box-sizing: inherit; font-family: Roboto, sans-serif;\">\n<li><strong>Embalagem<\/strong>: Pacote de 100<\/li>\n<li><span style=\"font-weight: bold;\">Dimens\u00f5es<\/span>: 90 x 180 mm<\/li>\n<li><strong>Material<\/strong>: OPP<\/li>\n<li><strong>Cor<\/strong>: Transparente<\/li>\n<li><strong>Resist\u00eancia<\/strong>: 35\u00b5<\/li>\n<\/ul>\n<p>&nbsp;<\/p>\n<p><!--more--><\/p>\n<div style=\"box-sizing: inherit; font-family: Roboto, sans-serif;\">\n<div style=\"box-sizing: inherit; font-family: Roboto, sans-serif;\">\n<div style=\"box-sizing: inherit; font-family: Roboto, sans-serif;\">\n<div style=\"box-sizing: inherit; font-family: Roboto, sans-serif;\">\n<div style=\"box-sizing: inherit; font-family: Roboto, sans-serif;\">\n<div style=\"box-sizing: inherit; font-family: Roboto, sans-serif;\">\n<p>Este saco est\u00e1 dispon\u00edvel em v\u00e1rios tamanhos: <span style=\"color: #d12727;\"><a style=\"color: #d12727;\" href=\"https:\/\/www.csj-emballages.com\/produit\/100-sachets-confiserie-plat-polypro-50-x-120-mm\/\">50 x 120 mm<\/a><\/span> \/ <span style=\"color: #d12727;\"><a style=\"color: #d12727;\" href=\"https:\/\/www.csj-emballages.com\/pt-pt\/produit\/100-sacos-de-confeitaria-planos-em-polipropileno-70-x-130-mm\/\">70 x 130 mm<\/a><\/span> \/ <span style=\"color: #d12727;\"><a style=\"color: #d12727;\" href=\"https:\/\/www.csj-emballages.com\/produit\/100-sachets-confiserie-plat-polypro-80-x-160-mm\/\">80 x 160 mm<\/a><\/span> \/ <span style=\"color: #d12727;\"><a style=\"color: #d12727;\" href=\"https:\/\/www.csj-emballages.com\/pt-pt\/produit\/100-sacos-de-confeitaria-planos-em-polipropileno-100-x-200-mm\/\">100 x 200 mm<\/a><\/span> \/ <span style=\"color: #d12727;\"><a style=\"color: #d12727;\" href=\"https:\/\/www.csj-emballages.com\/pt-pt\/produit\/100-sacos-de-confeitaria-planos-em-polipropileno-110-x-220-mm\/\">110 x 220 mm<\/a><\/span> \/ <span style=\"color: #d12727;\"><a style=\"color: #d12727;\" href=\"https:\/\/www.csj-emballages.com\/pt-pt\/produit\/100-sacos-de-confeitaria-planos-em-polipropileno-120-x-240-mm\/\">120 x 240 mm<\/a><\/span><\/p>\n<p>&nbsp;<\/p>\n<p><!--more--><\/p>\n<p><a href=\"https:\/\/www.csj-emballages.com\/pt-pt\/categorie-produit\/embalagem-de-alimentos\/padaria-e-pastelaria\/sacos-saquetas-e-papel\/sacos-de-confeitaria\/sacos-sem-fundo-pt-pt\/sacos-de-confeitaria-planos-em-polipropileno\/saco-de-confeitarias-em-polipropileno-liso\/\">Ver o resto da nossa gama de sacos de confeitaria planos em polipropileno<\/a><\/p>\n<\/div>\n<\/div>\n<\/div>\n<\/div>\n<\/div>\n<\/div>\n","protected":false},"excerpt":{"rendered":"<p>Saco de confeitarias plano Descri\u00e7\u00e3o do nosso saco de confeitar em polipropileno plano 90 x 180 mm, 100 unidades<\/p>\n","protected":false},"featured_media":243755,"template":"","meta":{"_acf_changed":false},"product_brand":[],"product_cat":[1141,1177,1655,3323,3390,1482],"product_tag":[],"class_list":{"0":"post-23203","1":"product","2":"type-product","3":"status-publish","4":"has-post-thumbnail","6":"product_cat-embalagem-de-alimentos","7":"product_cat-padaria-e-pastelaria","8":"product_cat-sacos-de-confeitaria","9":"product_cat-sacos-de-confeitaria-planos-em-polipropileno","10":"product_cat-saco-de-confeitarias-em-polipropileno-liso","11":"product_cat-loja-e-armazem","13":"first","14":"outofstock","15":"taxable","16":"shipping-taxable","17":"purchasable","18":"product-type-simple"},"acf":[],"yoast_head":"<!-- This site is optimized with the Yoast SEO Premium plugin v26.6 (Yoast SEO v26.6) - https:\/\/yoast.com\/wordpress\/plugins\/seo\/ -->\n<title>Saco de confeitaria plano Polypro 90 x 180 mm por 100<\/title>\n<meta name=\"description\" content=\"Sacos de confeitaria planos de 90 x 180 mm (100 por saco), transparentes e adequados para contacto com alimentos. Ideal para chocolatiers, fabricantes de bolachas e pasteleiros.\" \/>\n<meta name=\"robots\" content=\"index, follow, max-snippet:-1, max-image-preview:large, max-video-preview:-1\" \/>\n<link rel=\"canonical\" href=\"https:\/\/www.csj-emballages.com\/pt-pt\/produit\/100-sacos-de-confeitaria-planos-em-polipropileno-90-x-180-mm\/\" \/>\n<meta property=\"og:locale\" content=\"pt_PT\" \/>\n<meta property=\"og:type\" content=\"article\" \/>\n<meta property=\"og:title\" content=\"Sacos de confeitaria planos em polipropileno 90 x 180 mm, 100 unidades\" \/>\n<meta property=\"og:description\" content=\"Sacos de confeitaria planos de 90 x 180 mm (100 por saco), transparentes e adequados para contacto com alimentos. Ideal para chocolatiers, fabricantes de bolachas e pasteleiros.\" \/>\n<meta property=\"og:url\" content=\"https:\/\/www.csj-emballages.com\/pt-pt\/produit\/100-sacos-de-confeitaria-planos-em-polipropileno-90-x-180-mm\/\" \/>\n<meta property=\"og:site_name\" content=\"CSJ Emballages\" \/>\n<meta property=\"article:publisher\" content=\"https:\/\/www.facebook.com\/csjemballages\" \/>\n<meta property=\"article:modified_time\" content=\"2026-04-09T00:18:16+00:00\" \/>\n<meta property=\"og:image\" content=\"https:\/\/www.csj-emballages.com\/wp-content\/uploads\/2024\/03\/SACPPT-1.webp\" \/>\n\t<meta property=\"og:image:width\" content=\"800\" \/>\n\t<meta property=\"og:image:height\" content=\"800\" \/>\n\t<meta property=\"og:image:type\" content=\"image\/webp\" \/>\n<meta name=\"twitter:card\" content=\"summary_large_image\" \/>\n<meta name=\"twitter:label1\" content=\"Tempo estimado de leitura\" \/>\n\t<meta name=\"twitter:data1\" content=\"2 minutos\" \/>\n<script type=\"application\/ld+json\" class=\"yoast-schema-graph\">{\"@context\":\"https:\/\/schema.org\",\"@graph\":[{\"@type\":\"WebPage\",\"@id\":\"https:\/\/www.csj-emballages.com\/pt-pt\/produit\/100-sacos-de-confeitaria-planos-em-polipropileno-90-x-180-mm\/\",\"url\":\"https:\/\/www.csj-emballages.com\/pt-pt\/produit\/100-sacos-de-confeitaria-planos-em-polipropileno-90-x-180-mm\/\",\"name\":\"Saco de confeitaria plano Polypro 90 x 180 mm por 100\",\"isPartOf\":{\"@id\":\"https:\/\/www.csj-emballages.com\/pt-pt\/#website\"},\"primaryImageOfPage\":{\"@id\":\"https:\/\/www.csj-emballages.com\/pt-pt\/produit\/100-sacos-de-confeitaria-planos-em-polipropileno-90-x-180-mm\/#primaryimage\"},\"image\":{\"@id\":\"https:\/\/www.csj-emballages.com\/pt-pt\/produit\/100-sacos-de-confeitaria-planos-em-polipropileno-90-x-180-mm\/#primaryimage\"},\"thumbnailUrl\":\"https:\/\/www.csj-emballages.com\/wp-content\/uploads\/2024\/03\/SACPPT-1.webp\",\"datePublished\":\"2024-03-01T15:50:06+00:00\",\"dateModified\":\"2026-04-09T00:18:16+00:00\",\"description\":\"Sacos de confeitaria planos de 90 x 180 mm (100 por saco), transparentes e adequados para contacto com alimentos. Ideal para chocolatiers, fabricantes de bolachas e pasteleiros.\",\"breadcrumb\":{\"@id\":\"https:\/\/www.csj-emballages.com\/pt-pt\/produit\/100-sacos-de-confeitaria-planos-em-polipropileno-90-x-180-mm\/#breadcrumb\"},\"inLanguage\":\"pt-PT\",\"potentialAction\":[{\"@type\":\"ReadAction\",\"target\":[\"https:\/\/www.csj-emballages.com\/pt-pt\/produit\/100-sacos-de-confeitaria-planos-em-polipropileno-90-x-180-mm\/\"]}]},{\"@type\":\"ImageObject\",\"inLanguage\":\"pt-PT\",\"@id\":\"https:\/\/www.csj-emballages.com\/pt-pt\/produit\/100-sacos-de-confeitaria-planos-em-polipropileno-90-x-180-mm\/#primaryimage\",\"url\":\"https:\/\/www.csj-emballages.com\/wp-content\/uploads\/2024\/03\/SACPPT-1.webp\",\"contentUrl\":\"https:\/\/www.csj-emballages.com\/wp-content\/uploads\/2024\/03\/SACPPT-1.webp\",\"width\":800,\"height\":800,\"caption\":\"Sachet confiseries plat\"},{\"@type\":\"BreadcrumbList\",\"@id\":\"https:\/\/www.csj-emballages.com\/pt-pt\/produit\/100-sacos-de-confeitaria-planos-em-polipropileno-90-x-180-mm\/#breadcrumb\",\"itemListElement\":[{\"@type\":\"ListItem\",\"position\":1,\"name\":\"Acolhimento\",\"item\":\"https:\/\/www.csj-emballages.com\/pt-pt\/universo-das-embalagens-alimentares\/\"},{\"@type\":\"ListItem\",\"position\":2,\"name\":\"Shop\",\"item\":\"https:\/\/www.csj-emballages.com\/shop\/\"},{\"@type\":\"ListItem\",\"position\":3,\"name\":\"Sacos de confeitaria planos em polipropileno 90 x 180 mm, 100 unidades\"}]},{\"@type\":\"WebSite\",\"@id\":\"https:\/\/www.csj-emballages.com\/pt-pt\/#website\",\"url\":\"https:\/\/www.csj-emballages.com\/pt-pt\/\",\"name\":\"CSJ Emballages\",\"description\":\"\",\"publisher\":{\"@id\":\"https:\/\/www.csj-emballages.com\/pt-pt\/#organization\"},\"potentialAction\":[{\"@type\":\"SearchAction\",\"target\":{\"@type\":\"EntryPoint\",\"urlTemplate\":\"https:\/\/www.csj-emballages.com\/pt-pt\/?s={search_term_string}\"},\"query-input\":{\"@type\":\"PropertyValueSpecification\",\"valueRequired\":true,\"valueName\":\"search_term_string\"}}],\"inLanguage\":\"pt-PT\"},{\"@type\":\"Organization\",\"@id\":\"https:\/\/www.csj-emballages.com\/pt-pt\/#Organization\/\",\"name\":\"CSJ Emballages\",\"url\":\"https:\/\/www.csj-emballages.com\/pt-pt\/\",\"logo\":{\"@type\":\"ImageObject\",\"inLanguage\":\"pt-PT\",\"@id\":\"https:\/\/www.csj-emballages.com\/pt-pt\/#\/schema\/logo\/image\/\",\"url\":\"https:\/\/www.csj-emballages.com\/wp-content\/uploads\/2023\/10\/logo_csj.webp\",\"contentUrl\":\"https:\/\/www.csj-emballages.com\/wp-content\/uploads\/2023\/10\/logo_csj.webp\",\"width\":250,\"height\":95,\"caption\":\"CSJ Emballages\"},\"image\":{\"@id\":\"https:\/\/www.csj-emballages.com\/pt-pt\/#\/schema\/logo\/image\/\"},\"sameAs\":[\"https:\/\/www.facebook.com\/csjemballages\"],\"address\":{\"@type\":\"PostalAddress\",\"streetAddress\":\"ZI La Lechere\",\"addressLocality\":\"Patornay\",\"postalCode\":\"39130\",\"addressCountry\":\"FR\"},\"contactPoint\":[{\"@type\":\"ContactPoint\",\"contactType\":\"Service client\",\"telephone\":\"0384254272\",\"email\":\"contact@csj-emballages.com\"}]}]}<\/script>\n<!-- \/ Yoast SEO Premium plugin. -->","yoast_head_json":{"title":"Saco de confeitaria plano Polypro 90 x 180 mm por 100","description":"Sacos de confeitaria planos de 90 x 180 mm (100 por saco), transparentes e adequados para contacto com alimentos. Ideal para chocolatiers, fabricantes de bolachas e pasteleiros.","robots":{"index":"index","follow":"follow","max-snippet":"max-snippet:-1","max-image-preview":"max-image-preview:large","max-video-preview":"max-video-preview:-1"},"canonical":"https:\/\/www.csj-emballages.com\/pt-pt\/produit\/100-sacos-de-confeitaria-planos-em-polipropileno-90-x-180-mm\/","og_locale":"pt_PT","og_type":"article","og_title":"Sacos de confeitaria planos em polipropileno 90 x 180 mm, 100 unidades","og_description":"Sacos de confeitaria planos de 90 x 180 mm (100 por saco), transparentes e adequados para contacto com alimentos. Ideal para chocolatiers, fabricantes de bolachas e pasteleiros.","og_url":"https:\/\/www.csj-emballages.com\/pt-pt\/produit\/100-sacos-de-confeitaria-planos-em-polipropileno-90-x-180-mm\/","og_site_name":"CSJ Emballages","article_publisher":"https:\/\/www.facebook.com\/csjemballages","article_modified_time":"2026-04-09T00:18:16+00:00","og_image":[{"width":800,"height":800,"url":"https:\/\/www.csj-emballages.com\/wp-content\/uploads\/2024\/03\/SACPPT-1.webp","type":"image\/webp"}],"twitter_card":"summary_large_image","twitter_misc":{"Tempo estimado de leitura":"2 minutos"},"schema":{"@context":"https:\/\/schema.org","@graph":[{"@type":"WebPage","@id":"https:\/\/www.csj-emballages.com\/pt-pt\/produit\/100-sacos-de-confeitaria-planos-em-polipropileno-90-x-180-mm\/","url":"https:\/\/www.csj-emballages.com\/pt-pt\/produit\/100-sacos-de-confeitaria-planos-em-polipropileno-90-x-180-mm\/","name":"Saco de confeitaria plano Polypro 90 x 180 mm por 100","isPartOf":{"@id":"https:\/\/www.csj-emballages.com\/pt-pt\/#website"},"primaryImageOfPage":{"@id":"https:\/\/www.csj-emballages.com\/pt-pt\/produit\/100-sacos-de-confeitaria-planos-em-polipropileno-90-x-180-mm\/#primaryimage"},"image":{"@id":"https:\/\/www.csj-emballages.com\/pt-pt\/produit\/100-sacos-de-confeitaria-planos-em-polipropileno-90-x-180-mm\/#primaryimage"},"thumbnailUrl":"https:\/\/www.csj-emballages.com\/wp-content\/uploads\/2024\/03\/SACPPT-1.webp","datePublished":"2024-03-01T15:50:06+00:00","dateModified":"2026-04-09T00:18:16+00:00","description":"Sacos de confeitaria planos de 90 x 180 mm (100 por saco), transparentes e adequados para contacto com alimentos. Ideal para chocolatiers, fabricantes de bolachas e pasteleiros.","breadcrumb":{"@id":"https:\/\/www.csj-emballages.com\/pt-pt\/produit\/100-sacos-de-confeitaria-planos-em-polipropileno-90-x-180-mm\/#breadcrumb"},"inLanguage":"pt-PT","potentialAction":[{"@type":"ReadAction","target":["https:\/\/www.csj-emballages.com\/pt-pt\/produit\/100-sacos-de-confeitaria-planos-em-polipropileno-90-x-180-mm\/"]}]},{"@type":"ImageObject","inLanguage":"pt-PT","@id":"https:\/\/www.csj-emballages.com\/pt-pt\/produit\/100-sacos-de-confeitaria-planos-em-polipropileno-90-x-180-mm\/#primaryimage","url":"https:\/\/www.csj-emballages.com\/wp-content\/uploads\/2024\/03\/SACPPT-1.webp","contentUrl":"https:\/\/www.csj-emballages.com\/wp-content\/uploads\/2024\/03\/SACPPT-1.webp","width":800,"height":800,"caption":"Sachet confiseries plat"},{"@type":"BreadcrumbList","@id":"https:\/\/www.csj-emballages.com\/pt-pt\/produit\/100-sacos-de-confeitaria-planos-em-polipropileno-90-x-180-mm\/#breadcrumb","itemListElement":[{"@type":"ListItem","position":1,"name":"Acolhimento","item":"https:\/\/www.csj-emballages.com\/pt-pt\/universo-das-embalagens-alimentares\/"},{"@type":"ListItem","position":2,"name":"Shop","item":"https:\/\/www.csj-emballages.com\/shop\/"},{"@type":"ListItem","position":3,"name":"Sacos de confeitaria planos em polipropileno 90 x 180 mm, 100 unidades"}]},{"@type":"WebSite","@id":"https:\/\/www.csj-emballages.com\/pt-pt\/#website","url":"https:\/\/www.csj-emballages.com\/pt-pt\/","name":"CSJ Emballages","description":"","publisher":{"@id":"https:\/\/www.csj-emballages.com\/pt-pt\/#organization"},"potentialAction":[{"@type":"SearchAction","target":{"@type":"EntryPoint","urlTemplate":"https:\/\/www.csj-emballages.com\/pt-pt\/?s={search_term_string}"},"query-input":{"@type":"PropertyValueSpecification","valueRequired":true,"valueName":"search_term_string"}}],"inLanguage":"pt-PT"},{"@type":"Organization","@id":"https:\/\/www.csj-emballages.com\/pt-pt\/#Organization\/","name":"CSJ Emballages","url":"https:\/\/www.csj-emballages.com\/pt-pt\/","logo":{"@type":"ImageObject","inLanguage":"pt-PT","@id":"https:\/\/www.csj-emballages.com\/pt-pt\/#\/schema\/logo\/image\/","url":"https:\/\/www.csj-emballages.com\/wp-content\/uploads\/2023\/10\/logo_csj.webp","contentUrl":"https:\/\/www.csj-emballages.com\/wp-content\/uploads\/2023\/10\/logo_csj.webp","width":250,"height":95,"caption":"CSJ Emballages"},"image":{"@id":"https:\/\/www.csj-emballages.com\/pt-pt\/#\/schema\/logo\/image\/"},"sameAs":["https:\/\/www.facebook.com\/csjemballages"],"address":{"@type":"PostalAddress","streetAddress":"ZI La Lechere","addressLocality":"Patornay","postalCode":"39130","addressCountry":"FR"},"contactPoint":[{"@type":"ContactPoint","contactType":"Service client","telephone":"0384254272","email":"contact@csj-emballages.com"}]}]}},"df_price":4.9,"df_sale_price":"","df_regular_price":4.9,"df_image_link":"https:\/\/www.csj-emballages.com\/wp-content\/uploads\/2024\/03\/SACPPT-1-300x300.webp","tiered_pricing_type":"fixed","tiered_pricing_fixed_rules":[],"tiered_pricing_percentage_rules":[],"tiered_pricing_minimum":1,"tiered_pricing_roles_data":[],"_links":{"self":[{"href":"https:\/\/www.csj-emballages.com\/pt-pt\/wp-json\/wp\/v2\/product\/23203","targetHints":{"allow":["GET"]}}],"collection":[{"href":"https:\/\/www.csj-emballages.com\/pt-pt\/wp-json\/wp\/v2\/product"}],"about":[{"href":"https:\/\/www.csj-emballages.com\/pt-pt\/wp-json\/wp\/v2\/types\/product"}],"wp:featuredmedia":[{"embeddable":true,"href":"https:\/\/www.csj-emballages.com\/pt-pt\/wp-json\/wp\/v2\/media\/243755"}],"wp:attachment":[{"href":"https:\/\/www.csj-emballages.com\/pt-pt\/wp-json\/wp\/v2\/media?parent=23203"}],"wp:term":[{"taxonomy":"product_brand","embeddable":true,"href":"https:\/\/www.csj-emballages.com\/pt-pt\/wp-json\/wp\/v2\/product_brand?post=23203"},{"taxonomy":"product_cat","embeddable":true,"href":"https:\/\/www.csj-emballages.com\/pt-pt\/wp-json\/wp\/v2\/product_cat?post=23203"},{"taxonomy":"product_tag","embeddable":true,"href":"https:\/\/www.csj-emballages.com\/pt-pt\/wp-json\/wp\/v2\/product_tag?post=23203"}],"curies":[{"name":"wp","href":"https:\/\/api.w.org\/{rel}","templated":true}]}}