{"id":231811,"date":"2025-04-11T09:26:20","date_gmt":"2025-04-11T07:26:20","guid":{"rendered":"https:\/\/www.csj-emballages.com\/produit\/panela-de-sopa-kraft-480-ml-por-25\/"},"modified":"2026-04-21T02:15:49","modified_gmt":"2026-04-21T00:15:49","slug":"panela-de-sopa-kraft-480-ml-por-25","status":"publish","type":"product","link":"https:\/\/www.csj-emballages.com\/pt-pt\/produit\/panela-de-sopa-kraft-480-ml-por-25\/","title":{"rendered":"Panela de sopa Kraft 480 ml por 25"},"content":{"rendered":"<div style=\"font-family: Roboto, sans-serif\">\n<div style=\"font-family: Roboto, sans-serif\">\n<div style=\"font-family: Roboto, sans-serif\">\n<h2>Panela de sopa<\/h2>\n<hr>\n<h3>Descri\u00e7\u00e3o da nossa panela de sopa kraft de 480 ml, 25 unidades<\/h3>\n<p><!--more--><\/p>\n<div class=\"flex-shrink-0 flex flex-col relative items-end\">\n<div class=\"pt-0.5 juice:pt-0\">\n<div class=\"gizmo-bot-avatar flex h-6 w-6 items-center justify-center overflow-hidden rounded-full juice:h-8 juice:w-8\">\n<div class=\"relative p-1 rounded-sm flex items-center justify-center bg-token-main-surface-primary text-token-text-primary h-8 w-8\">\n<p class=\"\" data-start=\"170\" data-end=\"492\">Esta <strong>panela de sopa kraft de 480 ml<\/strong> com <strong>tampa a condizer (vendida separadamente : <\/strong><span style=\"color: #d12727\"><a style=\"color: #d12727\" href=\"https:\/\/www.csj-emballages.com\/es\/produit\/tapa-de-carton-para-olla-sopera-480-ml-paquete-de-25\/\">COUVPSA480<\/a><\/span>) \u00e9 a solu\u00e7\u00e3o ideal para servir pratos quentes com toda a seguran\u00e7a. Com a sua grande capacidade, \u00e9 perfeita para <strong>por\u00e7\u00f5es generosas<\/strong>: <strong>sopas<\/strong>, <strong>velout\u00e9s<\/strong>, etc. <\/p>\n<p class=\"\" data-start=\"494\" data-end=\"839\">Fabricada em <strong>cart\u00e3o kraft<\/strong> de alta qualidade, \u00e9 resistente ao calor, estanque e r\u00edgida. Permite manusear facilmente prepara\u00e7\u00f5es l\u00edquidas ou espessas, mantendo a temperatura correta. Gra\u00e7as \u00e0 sua <strong>tampa perfeitamente ajustada<\/strong>, o transporte \u00e9 limpo e seguro &#8211; sem derrames, sem surpresas desagrad\u00e1veis \u00e0 chegada.  <\/p>\n<p class=\"\" data-start=\"841\" data-end=\"1185\">Concebido para restaurantes, catering, food trucks e organizadores de eventos, este <strong>pote de cart\u00e3o<\/strong> \u00e9 tamb\u00e9m perfeito para particulares que queiram embalar os seus pratos caseiros com cuidado. O seu design <strong>kraft natural<\/strong> confere um verdadeiro toque de autenticidade e inscreve-se numa abordagem mais respons\u00e1vel, longe dos recipientes de pl\u00e1stico tradicionais. <\/p>\n<p class=\"\" data-start=\"1187\" data-end=\"1371\">\u00c9 indispens\u00e1vel para petiscar com qualidade ou para refei\u00e7\u00f5es takeaway bem apresentadas. Pronto a utilizar, poupa tempo e garante uma imagem profissional e polida. <\/p>\n<p class=\"\" data-start=\"1373\" data-end=\"1390\">\n<\/div>\n<\/div>\n<\/div>\n<\/div>\n<p><!--more--><\/p>\n<p><strong>As suas vantagens:<\/strong><\/p>\n<ul>\n<li>Capacidade generosa de 480 ml para refei\u00e7\u00f5es completas.<\/li>\n<li>Vendidas com tampas para um transporte seguro.<\/li>\n<li>Aspeto kraft natural, moderno e amigo do ambiente.<\/li>\n<li>Esta panela de sopa \u00e9 ideal para profissionais.<\/li>\n<\/ul>\n<p>&nbsp;<\/p>\n<p><!--more--><\/p>\n<h4>Outras informa\u00e7\u00f5es :<\/h4>\n<ul>\n<li><strong>Embalagem<\/strong>: Pacote de 25<\/li>\n<li><strong>Di\u00e2metro superior<\/strong>: \u00d89,5 cm<\/li>\n<li><strong>Di\u00e2metro inferior<\/strong>: \u00d87,3 cm<\/li>\n<li><strong>Altura<\/strong>: 10 cm<\/li>\n<li><span style=\"font-weight: bold\">Volume <\/span>: 480 ml<\/li>\n<li><span style=\"font-weight: bold\">Material <\/span>: Cart\u00e3o<\/li>\n<\/ul>\n<\/div>\n<\/div>\n<div style=\"font-family: Roboto, sans-serif\">\n<p>&nbsp;<\/p>\n<\/div>\n<\/div>\n<p><!--more--><\/p>\n<p>Encontre a tampa compat\u00edvel com esta panela de sopa aqui: <span style=\"color: #d12727\"><a style=\"color: #d12727\" href=\"https:\/\/www.csj-emballages.com\/es\/produit\/tapa-de-carton-para-olla-sopera-480-ml-paquete-de-25\/\">COUVPSA480<\/a><\/span><\/p>\n<p>&nbsp;<\/p>\n<h5><!--more--><\/h5>\n<div style=\"font-family: Roboto, sans-serif\">\n<div style=\"font-family: Roboto, sans-serif\">\n<div style=\"font-family: Roboto, sans-serif\">\n<p>Este frasco tamb\u00e9m est\u00e1 dispon\u00edvel em v\u00e1rios tamanhos: <span style=\"color: #d12727\"><a style=\"color: #d12727\" href=\"https:\/\/www.csj-emballages.com\/produit\/pot-de-glace-kraft-237-ml-par-25\/\">237 ml<\/a><\/span> \/ <span style=\"color: #d12727\"><a style=\"color: #d12727\" href=\"https:\/\/www.csj-emballages.com\/es\/produit\/25-tarros-de-sopa-de-carton-kraft-desechables-350-ml\/\">350 ml<\/a><\/span> \/ <span style=\"color: #d12727\"><a style=\"color: #d12727\" href=\"https:\/\/www.csj-emballages.com\/es\/produit\/25-ollas-soperas-kraft-desechables-con-tapa-450-ml\/\">450 ml<\/a><\/span> \/ <span style=\"color: #d12727\"><a style=\"color: #d12727\" href=\"https:\/\/www.csj-emballages.com\/es\/produit\/25-tarros-de-sopa-kraft-desechables-780-ml\/\">780 ml<\/a> <span style=\"color: #000000\">\/<\/span> <a style=\"color: #d12727\" href=\"https:\/\/www.csj-emballages.com\/es\/produit\/25-tarros-de-sopa-kraft-desechables-960-ml\/\">960 ml<\/a><\/span><\/p>\n<p>&nbsp;<\/p>\n<p><!--more--><\/p>\n<p><a href=\"https:\/\/www.csj-emballages.com\/pt-pt\/categorie-produit\/embalagem-de-alimentos\/restauracao\/tachos-tigelas-suportes-para-copos\/potes-kraft\/panelas-de-sopa\/\">Ver o resto da nossa gama de panelas de sopa<\/a><\/p>\n<\/div>\n<\/div>\n<\/div>\n","protected":false},"excerpt":{"rendered":"<p>Panela de sopa Descri\u00e7\u00e3o da nossa panela de sopa kraft de 480 ml, 25 unidades<\/p>\n","protected":false},"featured_media":231809,"template":"","meta":{"_acf_changed":false},"product_brand":[],"product_cat":[1141,1138,3927,1250,8635],"product_tag":[],"class_list":{"0":"post-231811","1":"product","2":"type-product","3":"status-publish","4":"has-post-thumbnail","6":"product_cat-embalagem-de-alimentos","7":"product_cat-restauracao","8":"product_cat-tachos-tigelas-suportes-para-copos","9":"product_cat-potes-kraft","10":"product_cat-panelas-de-sopa","12":"first","13":"instock","14":"taxable","15":"shipping-taxable","16":"purchasable","17":"product-type-simple"},"acf":[],"yoast_head":"<!-- This site is optimized with the Yoast SEO Premium plugin v26.6 (Yoast SEO v26.6) - https:\/\/yoast.com\/wordpress\/plugins\/seo\/ -->\n<title>Panela de sopa Kraft 480 ml \u00e0 25<\/title>\n<meta name=\"description\" content=\"Panela de sopa kraft de 480 ml, embalagem de 25: ideal para profissionais e consumidores. Resistente, pr\u00e1tica e perfeita para levar ou vender em casa.\" \/>\n<meta name=\"robots\" content=\"index, follow, max-snippet:-1, max-image-preview:large, max-video-preview:-1\" \/>\n<link rel=\"canonical\" href=\"https:\/\/www.csj-emballages.com\/pt-pt\/produit\/panela-de-sopa-kraft-480-ml-por-25\/\" \/>\n<meta property=\"og:locale\" content=\"pt_PT\" \/>\n<meta property=\"og:type\" content=\"article\" \/>\n<meta property=\"og:title\" content=\"Panela de sopa Kraft 480 ml por 25\" \/>\n<meta property=\"og:description\" content=\"Panela de sopa kraft de 480 ml, embalagem de 25: ideal para profissionais e consumidores. Resistente, pr\u00e1tica e perfeita para levar ou vender em casa.\" \/>\n<meta property=\"og:url\" content=\"https:\/\/www.csj-emballages.com\/pt-pt\/produit\/panela-de-sopa-kraft-480-ml-por-25\/\" \/>\n<meta property=\"og:site_name\" content=\"CSJ Emballages\" \/>\n<meta property=\"article:publisher\" content=\"https:\/\/www.facebook.com\/csjemballages\" \/>\n<meta property=\"article:modified_time\" content=\"2026-04-21T00:15:49+00:00\" \/>\n<meta property=\"og:image\" content=\"https:\/\/www.csj-emballages.com\/wp-content\/uploads\/2025\/04\/PSA450.webp\" \/>\n\t<meta property=\"og:image:width\" content=\"800\" \/>\n\t<meta property=\"og:image:height\" content=\"800\" \/>\n\t<meta property=\"og:image:type\" content=\"image\/webp\" \/>\n<meta name=\"twitter:card\" content=\"summary_large_image\" \/>\n<meta name=\"twitter:label1\" content=\"Tempo estimado de leitura\" \/>\n\t<meta name=\"twitter:data1\" content=\"1 minuto\" \/>\n<script type=\"application\/ld+json\" class=\"yoast-schema-graph\">{\"@context\":\"https:\/\/schema.org\",\"@graph\":[{\"@type\":\"WebPage\",\"@id\":\"https:\/\/www.csj-emballages.com\/pt-pt\/produit\/panela-de-sopa-kraft-480-ml-por-25\/\",\"url\":\"https:\/\/www.csj-emballages.com\/pt-pt\/produit\/panela-de-sopa-kraft-480-ml-por-25\/\",\"name\":\"Panela de sopa Kraft 480 ml \u00e0 25\",\"isPartOf\":{\"@id\":\"https:\/\/www.csj-emballages.com\/pt-pt\/#website\"},\"primaryImageOfPage\":{\"@id\":\"https:\/\/www.csj-emballages.com\/pt-pt\/produit\/panela-de-sopa-kraft-480-ml-por-25\/#primaryimage\"},\"image\":{\"@id\":\"https:\/\/www.csj-emballages.com\/pt-pt\/produit\/panela-de-sopa-kraft-480-ml-por-25\/#primaryimage\"},\"thumbnailUrl\":\"https:\/\/www.csj-emballages.com\/wp-content\/uploads\/2025\/04\/PSA450.webp\",\"datePublished\":\"2025-04-11T07:26:20+00:00\",\"dateModified\":\"2026-04-21T00:15:49+00:00\",\"description\":\"Panela de sopa kraft de 480 ml, embalagem de 25: ideal para profissionais e consumidores. Resistente, pr\u00e1tica e perfeita para levar ou vender em casa.\",\"breadcrumb\":{\"@id\":\"https:\/\/www.csj-emballages.com\/pt-pt\/produit\/panela-de-sopa-kraft-480-ml-por-25\/#breadcrumb\"},\"inLanguage\":\"pt-PT\",\"potentialAction\":[{\"@type\":\"ReadAction\",\"target\":[\"https:\/\/www.csj-emballages.com\/pt-pt\/produit\/panela-de-sopa-kraft-480-ml-por-25\/\"]}]},{\"@type\":\"ImageObject\",\"inLanguage\":\"pt-PT\",\"@id\":\"https:\/\/www.csj-emballages.com\/pt-pt\/produit\/panela-de-sopa-kraft-480-ml-por-25\/#primaryimage\",\"url\":\"https:\/\/www.csj-emballages.com\/wp-content\/uploads\/2025\/04\/PSA450.webp\",\"contentUrl\":\"https:\/\/www.csj-emballages.com\/wp-content\/uploads\/2025\/04\/PSA450.webp\",\"width\":800,\"height\":800,\"caption\":\"Pot \u00e0 soupe\"},{\"@type\":\"BreadcrumbList\",\"@id\":\"https:\/\/www.csj-emballages.com\/pt-pt\/produit\/panela-de-sopa-kraft-480-ml-por-25\/#breadcrumb\",\"itemListElement\":[{\"@type\":\"ListItem\",\"position\":1,\"name\":\"Acolhimento\",\"item\":\"https:\/\/www.csj-emballages.com\/pt-pt\/universo-das-embalagens-alimentares\/\"},{\"@type\":\"ListItem\",\"position\":2,\"name\":\"Shop\",\"item\":\"https:\/\/www.csj-emballages.com\/shop\/\"},{\"@type\":\"ListItem\",\"position\":3,\"name\":\"Panela de sopa Kraft 480 ml por 25\"}]},{\"@type\":\"WebSite\",\"@id\":\"https:\/\/www.csj-emballages.com\/pt-pt\/#website\",\"url\":\"https:\/\/www.csj-emballages.com\/pt-pt\/\",\"name\":\"CSJ Emballages\",\"description\":\"\",\"publisher\":{\"@id\":\"https:\/\/www.csj-emballages.com\/pt-pt\/#organization\"},\"potentialAction\":[{\"@type\":\"SearchAction\",\"target\":{\"@type\":\"EntryPoint\",\"urlTemplate\":\"https:\/\/www.csj-emballages.com\/pt-pt\/?s={search_term_string}\"},\"query-input\":{\"@type\":\"PropertyValueSpecification\",\"valueRequired\":true,\"valueName\":\"search_term_string\"}}],\"inLanguage\":\"pt-PT\"},{\"@type\":\"Organization\",\"@id\":\"https:\/\/www.csj-emballages.com\/pt-pt\/#Organization\/\",\"name\":\"CSJ Emballages\",\"url\":\"https:\/\/www.csj-emballages.com\/pt-pt\/\",\"logo\":{\"@type\":\"ImageObject\",\"inLanguage\":\"pt-PT\",\"@id\":\"https:\/\/www.csj-emballages.com\/pt-pt\/#\/schema\/logo\/image\/\",\"url\":\"https:\/\/www.csj-emballages.com\/wp-content\/uploads\/2023\/10\/logo_csj.webp\",\"contentUrl\":\"https:\/\/www.csj-emballages.com\/wp-content\/uploads\/2023\/10\/logo_csj.webp\",\"width\":250,\"height\":95,\"caption\":\"CSJ Emballages\"},\"image\":{\"@id\":\"https:\/\/www.csj-emballages.com\/pt-pt\/#\/schema\/logo\/image\/\"},\"sameAs\":[\"https:\/\/www.facebook.com\/csjemballages\"],\"address\":{\"@type\":\"PostalAddress\",\"streetAddress\":\"ZI La Lechere\",\"addressLocality\":\"Patornay\",\"postalCode\":\"39130\",\"addressCountry\":\"FR\"},\"contactPoint\":[{\"@type\":\"ContactPoint\",\"contactType\":\"Service client\",\"telephone\":\"0384254272\",\"email\":\"contact@csj-emballages.com\"}]}]}<\/script>\n<!-- \/ Yoast SEO Premium plugin. -->","yoast_head_json":{"title":"Panela de sopa Kraft 480 ml \u00e0 25","description":"Panela de sopa kraft de 480 ml, embalagem de 25: ideal para profissionais e consumidores. Resistente, pr\u00e1tica e perfeita para levar ou vender em casa.","robots":{"index":"index","follow":"follow","max-snippet":"max-snippet:-1","max-image-preview":"max-image-preview:large","max-video-preview":"max-video-preview:-1"},"canonical":"https:\/\/www.csj-emballages.com\/pt-pt\/produit\/panela-de-sopa-kraft-480-ml-por-25\/","og_locale":"pt_PT","og_type":"article","og_title":"Panela de sopa Kraft 480 ml por 25","og_description":"Panela de sopa kraft de 480 ml, embalagem de 25: ideal para profissionais e consumidores. Resistente, pr\u00e1tica e perfeita para levar ou vender em casa.","og_url":"https:\/\/www.csj-emballages.com\/pt-pt\/produit\/panela-de-sopa-kraft-480-ml-por-25\/","og_site_name":"CSJ Emballages","article_publisher":"https:\/\/www.facebook.com\/csjemballages","article_modified_time":"2026-04-21T00:15:49+00:00","og_image":[{"width":800,"height":800,"url":"https:\/\/www.csj-emballages.com\/wp-content\/uploads\/2025\/04\/PSA450.webp","type":"image\/webp"}],"twitter_card":"summary_large_image","twitter_misc":{"Tempo estimado de leitura":"1 minuto"},"schema":{"@context":"https:\/\/schema.org","@graph":[{"@type":"WebPage","@id":"https:\/\/www.csj-emballages.com\/pt-pt\/produit\/panela-de-sopa-kraft-480-ml-por-25\/","url":"https:\/\/www.csj-emballages.com\/pt-pt\/produit\/panela-de-sopa-kraft-480-ml-por-25\/","name":"Panela de sopa Kraft 480 ml \u00e0 25","isPartOf":{"@id":"https:\/\/www.csj-emballages.com\/pt-pt\/#website"},"primaryImageOfPage":{"@id":"https:\/\/www.csj-emballages.com\/pt-pt\/produit\/panela-de-sopa-kraft-480-ml-por-25\/#primaryimage"},"image":{"@id":"https:\/\/www.csj-emballages.com\/pt-pt\/produit\/panela-de-sopa-kraft-480-ml-por-25\/#primaryimage"},"thumbnailUrl":"https:\/\/www.csj-emballages.com\/wp-content\/uploads\/2025\/04\/PSA450.webp","datePublished":"2025-04-11T07:26:20+00:00","dateModified":"2026-04-21T00:15:49+00:00","description":"Panela de sopa kraft de 480 ml, embalagem de 25: ideal para profissionais e consumidores. Resistente, pr\u00e1tica e perfeita para levar ou vender em casa.","breadcrumb":{"@id":"https:\/\/www.csj-emballages.com\/pt-pt\/produit\/panela-de-sopa-kraft-480-ml-por-25\/#breadcrumb"},"inLanguage":"pt-PT","potentialAction":[{"@type":"ReadAction","target":["https:\/\/www.csj-emballages.com\/pt-pt\/produit\/panela-de-sopa-kraft-480-ml-por-25\/"]}]},{"@type":"ImageObject","inLanguage":"pt-PT","@id":"https:\/\/www.csj-emballages.com\/pt-pt\/produit\/panela-de-sopa-kraft-480-ml-por-25\/#primaryimage","url":"https:\/\/www.csj-emballages.com\/wp-content\/uploads\/2025\/04\/PSA450.webp","contentUrl":"https:\/\/www.csj-emballages.com\/wp-content\/uploads\/2025\/04\/PSA450.webp","width":800,"height":800,"caption":"Pot \u00e0 soupe"},{"@type":"BreadcrumbList","@id":"https:\/\/www.csj-emballages.com\/pt-pt\/produit\/panela-de-sopa-kraft-480-ml-por-25\/#breadcrumb","itemListElement":[{"@type":"ListItem","position":1,"name":"Acolhimento","item":"https:\/\/www.csj-emballages.com\/pt-pt\/universo-das-embalagens-alimentares\/"},{"@type":"ListItem","position":2,"name":"Shop","item":"https:\/\/www.csj-emballages.com\/shop\/"},{"@type":"ListItem","position":3,"name":"Panela de sopa Kraft 480 ml por 25"}]},{"@type":"WebSite","@id":"https:\/\/www.csj-emballages.com\/pt-pt\/#website","url":"https:\/\/www.csj-emballages.com\/pt-pt\/","name":"CSJ Emballages","description":"","publisher":{"@id":"https:\/\/www.csj-emballages.com\/pt-pt\/#organization"},"potentialAction":[{"@type":"SearchAction","target":{"@type":"EntryPoint","urlTemplate":"https:\/\/www.csj-emballages.com\/pt-pt\/?s={search_term_string}"},"query-input":{"@type":"PropertyValueSpecification","valueRequired":true,"valueName":"search_term_string"}}],"inLanguage":"pt-PT"},{"@type":"Organization","@id":"https:\/\/www.csj-emballages.com\/pt-pt\/#Organization\/","name":"CSJ Emballages","url":"https:\/\/www.csj-emballages.com\/pt-pt\/","logo":{"@type":"ImageObject","inLanguage":"pt-PT","@id":"https:\/\/www.csj-emballages.com\/pt-pt\/#\/schema\/logo\/image\/","url":"https:\/\/www.csj-emballages.com\/wp-content\/uploads\/2023\/10\/logo_csj.webp","contentUrl":"https:\/\/www.csj-emballages.com\/wp-content\/uploads\/2023\/10\/logo_csj.webp","width":250,"height":95,"caption":"CSJ Emballages"},"image":{"@id":"https:\/\/www.csj-emballages.com\/pt-pt\/#\/schema\/logo\/image\/"},"sameAs":["https:\/\/www.facebook.com\/csjemballages"],"address":{"@type":"PostalAddress","streetAddress":"ZI La Lechere","addressLocality":"Patornay","postalCode":"39130","addressCountry":"FR"},"contactPoint":[{"@type":"ContactPoint","contactType":"Service client","telephone":"0384254272","email":"contact@csj-emballages.com"}]}]}},"df_price":2.99,"df_sale_price":"","df_regular_price":2.99,"df_image_link":"https:\/\/www.csj-emballages.com\/wp-content\/uploads\/2025\/04\/PSA450-300x300.webp","tiered_pricing_type":"fixed","tiered_pricing_fixed_rules":[],"tiered_pricing_percentage_rules":[],"tiered_pricing_minimum":1,"tiered_pricing_roles_data":[],"_links":{"self":[{"href":"https:\/\/www.csj-emballages.com\/pt-pt\/wp-json\/wp\/v2\/product\/231811","targetHints":{"allow":["GET"]}}],"collection":[{"href":"https:\/\/www.csj-emballages.com\/pt-pt\/wp-json\/wp\/v2\/product"}],"about":[{"href":"https:\/\/www.csj-emballages.com\/pt-pt\/wp-json\/wp\/v2\/types\/product"}],"wp:featuredmedia":[{"embeddable":true,"href":"https:\/\/www.csj-emballages.com\/pt-pt\/wp-json\/wp\/v2\/media\/231809"}],"wp:attachment":[{"href":"https:\/\/www.csj-emballages.com\/pt-pt\/wp-json\/wp\/v2\/media?parent=231811"}],"wp:term":[{"taxonomy":"product_brand","embeddable":true,"href":"https:\/\/www.csj-emballages.com\/pt-pt\/wp-json\/wp\/v2\/product_brand?post=231811"},{"taxonomy":"product_cat","embeddable":true,"href":"https:\/\/www.csj-emballages.com\/pt-pt\/wp-json\/wp\/v2\/product_cat?post=231811"},{"taxonomy":"product_tag","embeddable":true,"href":"https:\/\/www.csj-emballages.com\/pt-pt\/wp-json\/wp\/v2\/product_tag?post=231811"}],"curies":[{"name":"wp","href":"https:\/\/api.w.org\/{rel}","templated":true}]}}