{"id":23166,"date":"2024-03-01T16:50:06","date_gmt":"2024-03-01T15:50:06","guid":{"rendered":"https:\/\/u15jnbdpoq.preview.infomaniak.website\/produit\/1-saco-de-compras-reutilizavel-em-pp-com-padrao-boules-40-24-x-35-cm\/"},"modified":"2026-04-03T02:19:55","modified_gmt":"2026-04-03T00:19:55","slug":"1-saco-de-compras-reutilizavel-em-pp-com-padrao-boules-40-24-x-35-cm","status":"publish","type":"product","link":"https:\/\/www.csj-emballages.com\/pt-pt\/produit\/1-saco-de-compras-reutilizavel-em-pp-com-padrao-boules-40-24-x-35-cm\/","title":{"rendered":"Saco de compras de Natal em PP tecido reutiliz\u00e1vel &#8220;Boules&#8221; 40 + 24 x 35 cm"},"content":{"rendered":"<h2 class=\"p1\">Saco de compras<\/h2>\n<hr>\n<h3>Descri\u00e7\u00e3o do nosso saco de compras de Natal em PP tecido reutiliz\u00e1vel &#8220;Boules&#8221; 40 + 24 x 35 cm<\/h3>\n<p><!--more--><\/p>\n<p data-start=\"104\" data-end=\"515\">Prepare-se para a \u00e9poca festiva em grande estilo com o <strong data-start=\"143\" data-end=\"192\">saco de compras de Natal reutiliz\u00e1vel em PP tecido &#8220;Boules&#8221;<\/strong>. Concebido para combinar praticidade e est\u00e9tica, este <strong>saco de<\/strong> <strong data-start=\"254\" data-end=\"273\">40 + 24 x 35 cm<\/strong> \u00e9 ideal para transportar as suas compras, embrulhos ou presentes durante o per\u00edodo festivo. A sua decora\u00e7\u00e3o elegante, adornada com <strong data-start=\"409\" data-end=\"427\">bolas de Natal<\/strong> coloridas, d\u00e1-lhe um toque festivo que conquistar\u00e1 os seus clientes \u00e0 primeira vista.<\/p>\n<p data-start=\"517\" data-end=\"937\">Mas para al\u00e9m do seu design, este <strong>saco<\/strong> destaca-se pela sua <strong data-start=\"572\" data-end=\"586\">robustez<\/strong>. Fabricada em <strong data-start=\"600\" data-end=\"623\">polipropileno tecido<\/strong>, \u00e9 particularmente resistente a cargas pesadas, o que a torna perfeita para uma utiliza\u00e7\u00e3o quotidiana. Ao contr\u00e1rio dos sacos descart\u00e1veis, s\u00e3o <strong data-start=\"777\" data-end=\"793\">reutiliz\u00e1veis<\/strong> e, por isso, amigos do ambiente. \u00c9 uma forma simples de reduzir o desperd\u00edcio enquanto desfruta de um acess\u00f3rio dur\u00e1vel e pr\u00e1tico.<\/p>\n<p data-start=\"939\" data-end=\"1349\">As suas <strong data-start=\"952\" data-end=\"969\">pegas robustas<\/strong> tornam-no confort\u00e1vel de transportar, quer \u00e0 m\u00e3o quer ao ombro. Gra\u00e7as ao seu tamanho generoso e \u00e0 base larga, pode acomodar produtos alimentares e objectos volumosos. Quer os seus clientes o utilizem para as compras de fim de ano, para embalar um cesto gourmet ou para oferecer como presente, este <strong>saco<\/strong> ir\u00e1 satisfazer todas as necessidades.<\/p>\n<p data-start=\"1351\" data-end=\"1722\">Ao escolher este <strong data-start=\"1369\" data-end=\"1390\">saco de compras de Natal<\/strong>, n\u00e3o est\u00e1 apenas a oferecer uma embalagem atraente, mas tamb\u00e9m uma solu\u00e7\u00e3o sustent\u00e1vel e econ\u00f3mica. Desta forma, pode combinar o esp\u00edrito festivo com a <strong data-start=\"1533\" data-end=\"1546\">praticidade<\/strong>, ao mesmo tempo que melhora a sua imagem aos olhos dos clientes que se preocupam com o planeta. Em suma, \u00e9 muito mais do que um saco: \u00e9 um companheiro festivo, reutiliz\u00e1vel e feliz!<\/p>\n<p data-start=\"1351\" data-end=\"1722\">\n<p><!--more--><\/p>\n<h4><strong>Vantagens :<\/strong><\/h4>\n<ul>\n<li>Desenho festivo com bolas de Natal.<\/li>\n<li>Material <strong data-start=\"2014\" data-end=\"2026\">tecido PP<\/strong>: resistente e reutiliz\u00e1vel.<\/li>\n<li>Grande capacidade (40 + 24 x 35 cm).<\/li>\n<li>Pegas confort\u00e1veis para transporte \u00e0 m\u00e3o ou ao ombro.<\/li>\n<li>Ecol\u00f3gico e econ\u00f3mico.<\/li>\n<\/ul>\n<p>&nbsp;<\/p>\n<p><!--more--><\/p>\n<h4>Outras informa\u00e7\u00f5es :<\/h4>\n<ul>\n<li><strong>Embalagem<\/strong>: Por unidade<\/li>\n<li><strong>Dimens\u00f5es<\/strong>: 40 + 24 x 35 cm<\/li>\n<li><strong>Cor<\/strong>: Branco \/ Dourado \/ Preto<\/li>\n<li><strong>Material<\/strong>: Polipropileno tecido robusto<\/li>\n<\/ul>\n<p>&nbsp;<\/p>\n<p><!--more--><\/p>\n<p><a href=\"https:\/\/www.csj-emballages.com\/pt-pt\/categorie-produit\/embalagem-de-alimentos\/loja-e-armazem\/sacos-saquetas\/sacos-de-boutique\/\">V\u00ea o resto da nossa gama de malas de boutique!<\/a><\/p>\n","protected":false},"excerpt":{"rendered":"<p>Saco de compras Descri\u00e7\u00e3o do nosso saco de compras de Natal em PP tecido reutiliz\u00e1vel &#8220;Boules&#8221; 40 + 24 x 35 cm<\/p>\n","protected":false},"featured_media":245655,"template":"","meta":{"_acf_changed":false},"product_brand":[],"product_cat":[1141,1482,1840],"product_tag":[],"class_list":{"0":"post-23166","1":"product","2":"type-product","3":"status-publish","4":"has-post-thumbnail","6":"product_cat-embalagem-de-alimentos","7":"product_cat-loja-e-armazem","8":"product_cat-sacos-de-boutique","10":"first","11":"instock","12":"taxable","13":"shipping-taxable","14":"purchasable","15":"product-type-simple"},"acf":[],"yoast_head":"<!-- This site is optimized with the Yoast SEO Premium plugin v26.6 (Yoast SEO v26.6) - https:\/\/yoast.com\/wordpress\/plugins\/seo\/ -->\n<title>Saco de compras de Natal &quot;Boules&quot; PP Tecido Reutiliz\u00e1vel 40 + 24 x 35 cm<\/title>\n<meta name=\"description\" content=\"Saco de compras de Natal &quot;Boules&quot; PP tecido 40+24x35 cm: resistente, reutiliz\u00e1vel e festivo. Ideal para compras, presentes e embrulhos de fim-de-ano.\" \/>\n<meta name=\"robots\" content=\"index, follow, max-snippet:-1, max-image-preview:large, max-video-preview:-1\" \/>\n<link rel=\"canonical\" href=\"https:\/\/www.csj-emballages.com\/pt-pt\/produit\/1-saco-de-compras-reutilizavel-em-pp-com-padrao-boules-40-24-x-35-cm\/\" \/>\n<meta property=\"og:locale\" content=\"pt_PT\" \/>\n<meta property=\"og:type\" content=\"article\" \/>\n<meta property=\"og:title\" content=\"Saco de compras de Natal em PP tecido reutiliz\u00e1vel &quot;Boules&quot; 40 + 24 x 35 cm\" \/>\n<meta property=\"og:description\" content=\"Saco de compras de Natal &quot;Boules&quot; PP tecido 40+24x35 cm: resistente, reutiliz\u00e1vel e festivo. Ideal para compras, presentes e embrulhos de fim-de-ano.\" \/>\n<meta property=\"og:url\" content=\"https:\/\/www.csj-emballages.com\/pt-pt\/produit\/1-saco-de-compras-reutilizavel-em-pp-com-padrao-boules-40-24-x-35-cm\/\" \/>\n<meta property=\"og:site_name\" content=\"CSJ Emballages\" \/>\n<meta property=\"article:publisher\" content=\"https:\/\/www.facebook.com\/csjemballages\" \/>\n<meta property=\"article:modified_time\" content=\"2026-04-03T00:19:55+00:00\" \/>\n<meta property=\"og:image\" content=\"https:\/\/www.csj-emballages.com\/wp-content\/uploads\/2024\/03\/SACPPNOEL2023.webp\" \/>\n\t<meta property=\"og:image:width\" content=\"800\" \/>\n\t<meta property=\"og:image:height\" content=\"800\" \/>\n\t<meta property=\"og:image:type\" content=\"image\/webp\" \/>\n<meta name=\"twitter:card\" content=\"summary_large_image\" \/>\n<meta name=\"twitter:label1\" content=\"Tempo estimado de leitura\" \/>\n\t<meta name=\"twitter:data1\" content=\"1 minuto\" \/>\n<script type=\"application\/ld+json\" class=\"yoast-schema-graph\">{\"@context\":\"https:\/\/schema.org\",\"@graph\":[{\"@type\":\"WebPage\",\"@id\":\"https:\/\/www.csj-emballages.com\/pt-pt\/produit\/1-saco-de-compras-reutilizavel-em-pp-com-padrao-boules-40-24-x-35-cm\/\",\"url\":\"https:\/\/www.csj-emballages.com\/pt-pt\/produit\/1-saco-de-compras-reutilizavel-em-pp-com-padrao-boules-40-24-x-35-cm\/\",\"name\":\"Saco de compras de Natal \\\"Boules\\\" PP Tecido Reutiliz\u00e1vel 40 + 24 x 35 cm\",\"isPartOf\":{\"@id\":\"https:\/\/www.csj-emballages.com\/pt-pt\/#website\"},\"primaryImageOfPage\":{\"@id\":\"https:\/\/www.csj-emballages.com\/pt-pt\/produit\/1-saco-de-compras-reutilizavel-em-pp-com-padrao-boules-40-24-x-35-cm\/#primaryimage\"},\"image\":{\"@id\":\"https:\/\/www.csj-emballages.com\/pt-pt\/produit\/1-saco-de-compras-reutilizavel-em-pp-com-padrao-boules-40-24-x-35-cm\/#primaryimage\"},\"thumbnailUrl\":\"https:\/\/www.csj-emballages.com\/wp-content\/uploads\/2024\/03\/SACPPNOEL2023.webp\",\"datePublished\":\"2024-03-01T15:50:06+00:00\",\"dateModified\":\"2026-04-03T00:19:55+00:00\",\"description\":\"Saco de compras de Natal \\\"Boules\\\" PP tecido 40+24x35 cm: resistente, reutiliz\u00e1vel e festivo. Ideal para compras, presentes e embrulhos de fim-de-ano.\",\"breadcrumb\":{\"@id\":\"https:\/\/www.csj-emballages.com\/pt-pt\/produit\/1-saco-de-compras-reutilizavel-em-pp-com-padrao-boules-40-24-x-35-cm\/#breadcrumb\"},\"inLanguage\":\"pt-PT\",\"potentialAction\":[{\"@type\":\"ReadAction\",\"target\":[\"https:\/\/www.csj-emballages.com\/pt-pt\/produit\/1-saco-de-compras-reutilizavel-em-pp-com-padrao-boules-40-24-x-35-cm\/\"]}]},{\"@type\":\"ImageObject\",\"inLanguage\":\"pt-PT\",\"@id\":\"https:\/\/www.csj-emballages.com\/pt-pt\/produit\/1-saco-de-compras-reutilizavel-em-pp-com-padrao-boules-40-24-x-35-cm\/#primaryimage\",\"url\":\"https:\/\/www.csj-emballages.com\/wp-content\/uploads\/2024\/03\/SACPPNOEL2023.webp\",\"contentUrl\":\"https:\/\/www.csj-emballages.com\/wp-content\/uploads\/2024\/03\/SACPPNOEL2023.webp\",\"width\":800,\"height\":800,\"caption\":\"Sac cabas No\u00ebl\"},{\"@type\":\"BreadcrumbList\",\"@id\":\"https:\/\/www.csj-emballages.com\/pt-pt\/produit\/1-saco-de-compras-reutilizavel-em-pp-com-padrao-boules-40-24-x-35-cm\/#breadcrumb\",\"itemListElement\":[{\"@type\":\"ListItem\",\"position\":1,\"name\":\"Acolhimento\",\"item\":\"https:\/\/www.csj-emballages.com\/pt-pt\/universo-das-embalagens-alimentares\/\"},{\"@type\":\"ListItem\",\"position\":2,\"name\":\"Shop\",\"item\":\"https:\/\/www.csj-emballages.com\/shop\/\"},{\"@type\":\"ListItem\",\"position\":3,\"name\":\"Saco de compras de Natal em PP tecido reutiliz\u00e1vel \u00ab\u00a0Boules\u00a0\u00bb 40 + 24 x 35 cm\"}]},{\"@type\":\"WebSite\",\"@id\":\"https:\/\/www.csj-emballages.com\/pt-pt\/#website\",\"url\":\"https:\/\/www.csj-emballages.com\/pt-pt\/\",\"name\":\"CSJ Emballages\",\"description\":\"\",\"publisher\":{\"@id\":\"https:\/\/www.csj-emballages.com\/pt-pt\/#organization\"},\"potentialAction\":[{\"@type\":\"SearchAction\",\"target\":{\"@type\":\"EntryPoint\",\"urlTemplate\":\"https:\/\/www.csj-emballages.com\/pt-pt\/?s={search_term_string}\"},\"query-input\":{\"@type\":\"PropertyValueSpecification\",\"valueRequired\":true,\"valueName\":\"search_term_string\"}}],\"inLanguage\":\"pt-PT\"},{\"@type\":\"Organization\",\"@id\":\"https:\/\/www.csj-emballages.com\/pt-pt\/#Organization\/\",\"name\":\"CSJ Emballages\",\"url\":\"https:\/\/www.csj-emballages.com\/pt-pt\/\",\"logo\":{\"@type\":\"ImageObject\",\"inLanguage\":\"pt-PT\",\"@id\":\"https:\/\/www.csj-emballages.com\/pt-pt\/#\/schema\/logo\/image\/\",\"url\":\"https:\/\/www.csj-emballages.com\/wp-content\/uploads\/2023\/10\/logo_csj.webp\",\"contentUrl\":\"https:\/\/www.csj-emballages.com\/wp-content\/uploads\/2023\/10\/logo_csj.webp\",\"width\":250,\"height\":95,\"caption\":\"CSJ Emballages\"},\"image\":{\"@id\":\"https:\/\/www.csj-emballages.com\/pt-pt\/#\/schema\/logo\/image\/\"},\"sameAs\":[\"https:\/\/www.facebook.com\/csjemballages\"],\"address\":{\"@type\":\"PostalAddress\",\"streetAddress\":\"ZI La Lechere\",\"addressLocality\":\"Patornay\",\"postalCode\":\"39130\",\"addressCountry\":\"FR\"},\"contactPoint\":[{\"@type\":\"ContactPoint\",\"contactType\":\"Service client\",\"telephone\":\"0384254272\",\"email\":\"contact@csj-emballages.com\"}]}]}<\/script>\n<!-- \/ Yoast SEO Premium plugin. -->","yoast_head_json":{"title":"Saco de compras de Natal \"Boules\" PP Tecido Reutiliz\u00e1vel 40 + 24 x 35 cm","description":"Saco de compras de Natal \"Boules\" PP tecido 40+24x35 cm: resistente, reutiliz\u00e1vel e festivo. Ideal para compras, presentes e embrulhos de fim-de-ano.","robots":{"index":"index","follow":"follow","max-snippet":"max-snippet:-1","max-image-preview":"max-image-preview:large","max-video-preview":"max-video-preview:-1"},"canonical":"https:\/\/www.csj-emballages.com\/pt-pt\/produit\/1-saco-de-compras-reutilizavel-em-pp-com-padrao-boules-40-24-x-35-cm\/","og_locale":"pt_PT","og_type":"article","og_title":"Saco de compras de Natal em PP tecido reutiliz\u00e1vel \"Boules\" 40 + 24 x 35 cm","og_description":"Saco de compras de Natal \"Boules\" PP tecido 40+24x35 cm: resistente, reutiliz\u00e1vel e festivo. Ideal para compras, presentes e embrulhos de fim-de-ano.","og_url":"https:\/\/www.csj-emballages.com\/pt-pt\/produit\/1-saco-de-compras-reutilizavel-em-pp-com-padrao-boules-40-24-x-35-cm\/","og_site_name":"CSJ Emballages","article_publisher":"https:\/\/www.facebook.com\/csjemballages","article_modified_time":"2026-04-03T00:19:55+00:00","og_image":[{"width":800,"height":800,"url":"https:\/\/www.csj-emballages.com\/wp-content\/uploads\/2024\/03\/SACPPNOEL2023.webp","type":"image\/webp"}],"twitter_card":"summary_large_image","twitter_misc":{"Tempo estimado de leitura":"1 minuto"},"schema":{"@context":"https:\/\/schema.org","@graph":[{"@type":"WebPage","@id":"https:\/\/www.csj-emballages.com\/pt-pt\/produit\/1-saco-de-compras-reutilizavel-em-pp-com-padrao-boules-40-24-x-35-cm\/","url":"https:\/\/www.csj-emballages.com\/pt-pt\/produit\/1-saco-de-compras-reutilizavel-em-pp-com-padrao-boules-40-24-x-35-cm\/","name":"Saco de compras de Natal \"Boules\" PP Tecido Reutiliz\u00e1vel 40 + 24 x 35 cm","isPartOf":{"@id":"https:\/\/www.csj-emballages.com\/pt-pt\/#website"},"primaryImageOfPage":{"@id":"https:\/\/www.csj-emballages.com\/pt-pt\/produit\/1-saco-de-compras-reutilizavel-em-pp-com-padrao-boules-40-24-x-35-cm\/#primaryimage"},"image":{"@id":"https:\/\/www.csj-emballages.com\/pt-pt\/produit\/1-saco-de-compras-reutilizavel-em-pp-com-padrao-boules-40-24-x-35-cm\/#primaryimage"},"thumbnailUrl":"https:\/\/www.csj-emballages.com\/wp-content\/uploads\/2024\/03\/SACPPNOEL2023.webp","datePublished":"2024-03-01T15:50:06+00:00","dateModified":"2026-04-03T00:19:55+00:00","description":"Saco de compras de Natal \"Boules\" PP tecido 40+24x35 cm: resistente, reutiliz\u00e1vel e festivo. Ideal para compras, presentes e embrulhos de fim-de-ano.","breadcrumb":{"@id":"https:\/\/www.csj-emballages.com\/pt-pt\/produit\/1-saco-de-compras-reutilizavel-em-pp-com-padrao-boules-40-24-x-35-cm\/#breadcrumb"},"inLanguage":"pt-PT","potentialAction":[{"@type":"ReadAction","target":["https:\/\/www.csj-emballages.com\/pt-pt\/produit\/1-saco-de-compras-reutilizavel-em-pp-com-padrao-boules-40-24-x-35-cm\/"]}]},{"@type":"ImageObject","inLanguage":"pt-PT","@id":"https:\/\/www.csj-emballages.com\/pt-pt\/produit\/1-saco-de-compras-reutilizavel-em-pp-com-padrao-boules-40-24-x-35-cm\/#primaryimage","url":"https:\/\/www.csj-emballages.com\/wp-content\/uploads\/2024\/03\/SACPPNOEL2023.webp","contentUrl":"https:\/\/www.csj-emballages.com\/wp-content\/uploads\/2024\/03\/SACPPNOEL2023.webp","width":800,"height":800,"caption":"Sac cabas No\u00ebl"},{"@type":"BreadcrumbList","@id":"https:\/\/www.csj-emballages.com\/pt-pt\/produit\/1-saco-de-compras-reutilizavel-em-pp-com-padrao-boules-40-24-x-35-cm\/#breadcrumb","itemListElement":[{"@type":"ListItem","position":1,"name":"Acolhimento","item":"https:\/\/www.csj-emballages.com\/pt-pt\/universo-das-embalagens-alimentares\/"},{"@type":"ListItem","position":2,"name":"Shop","item":"https:\/\/www.csj-emballages.com\/shop\/"},{"@type":"ListItem","position":3,"name":"Saco de compras de Natal em PP tecido reutiliz\u00e1vel \u00ab\u00a0Boules\u00a0\u00bb 40 + 24 x 35 cm"}]},{"@type":"WebSite","@id":"https:\/\/www.csj-emballages.com\/pt-pt\/#website","url":"https:\/\/www.csj-emballages.com\/pt-pt\/","name":"CSJ Emballages","description":"","publisher":{"@id":"https:\/\/www.csj-emballages.com\/pt-pt\/#organization"},"potentialAction":[{"@type":"SearchAction","target":{"@type":"EntryPoint","urlTemplate":"https:\/\/www.csj-emballages.com\/pt-pt\/?s={search_term_string}"},"query-input":{"@type":"PropertyValueSpecification","valueRequired":true,"valueName":"search_term_string"}}],"inLanguage":"pt-PT"},{"@type":"Organization","@id":"https:\/\/www.csj-emballages.com\/pt-pt\/#Organization\/","name":"CSJ Emballages","url":"https:\/\/www.csj-emballages.com\/pt-pt\/","logo":{"@type":"ImageObject","inLanguage":"pt-PT","@id":"https:\/\/www.csj-emballages.com\/pt-pt\/#\/schema\/logo\/image\/","url":"https:\/\/www.csj-emballages.com\/wp-content\/uploads\/2023\/10\/logo_csj.webp","contentUrl":"https:\/\/www.csj-emballages.com\/wp-content\/uploads\/2023\/10\/logo_csj.webp","width":250,"height":95,"caption":"CSJ Emballages"},"image":{"@id":"https:\/\/www.csj-emballages.com\/pt-pt\/#\/schema\/logo\/image\/"},"sameAs":["https:\/\/www.facebook.com\/csjemballages"],"address":{"@type":"PostalAddress","streetAddress":"ZI La Lechere","addressLocality":"Patornay","postalCode":"39130","addressCountry":"FR"},"contactPoint":[{"@type":"ContactPoint","contactType":"Service client","telephone":"0384254272","email":"contact@csj-emballages.com"}]}]}},"df_price":1.33,"df_sale_price":"","df_regular_price":1.33,"df_image_link":"https:\/\/www.csj-emballages.com\/wp-content\/uploads\/2024\/03\/SACPPNOEL2023-300x300.webp","tiered_pricing_type":"fixed","tiered_pricing_fixed_rules":[],"tiered_pricing_percentage_rules":[],"tiered_pricing_minimum":1,"tiered_pricing_roles_data":[],"_links":{"self":[{"href":"https:\/\/www.csj-emballages.com\/pt-pt\/wp-json\/wp\/v2\/product\/23166","targetHints":{"allow":["GET"]}}],"collection":[{"href":"https:\/\/www.csj-emballages.com\/pt-pt\/wp-json\/wp\/v2\/product"}],"about":[{"href":"https:\/\/www.csj-emballages.com\/pt-pt\/wp-json\/wp\/v2\/types\/product"}],"wp:featuredmedia":[{"embeddable":true,"href":"https:\/\/www.csj-emballages.com\/pt-pt\/wp-json\/wp\/v2\/media\/245655"}],"wp:attachment":[{"href":"https:\/\/www.csj-emballages.com\/pt-pt\/wp-json\/wp\/v2\/media?parent=23166"}],"wp:term":[{"taxonomy":"product_brand","embeddable":true,"href":"https:\/\/www.csj-emballages.com\/pt-pt\/wp-json\/wp\/v2\/product_brand?post=23166"},{"taxonomy":"product_cat","embeddable":true,"href":"https:\/\/www.csj-emballages.com\/pt-pt\/wp-json\/wp\/v2\/product_cat?post=23166"},{"taxonomy":"product_tag","embeddable":true,"href":"https:\/\/www.csj-emballages.com\/pt-pt\/wp-json\/wp\/v2\/product_tag?post=23166"}],"curies":[{"name":"wp","href":"https:\/\/api.w.org\/{rel}","templated":true}]}}