{"id":23135,"date":"2024-03-01T16:50:08","date_gmt":"2024-03-01T15:50:08","guid":{"rendered":"https:\/\/u15jnbdpoq.preview.infomaniak.website\/produit\/1-saco-de-compras-reutilizavel-em-pp-tecido-christmas-dog-woody-40-24-x-35-cm\/"},"modified":"2026-04-03T02:19:54","modified_gmt":"2026-04-03T00:19:54","slug":"1-saco-de-compras-reutilizavel-em-pp-tecido-christmas-dog-woody-40-24-x-35-cm","status":"publish","type":"product","link":"https:\/\/www.csj-emballages.com\/pt-pt\/produit\/1-saco-de-compras-reutilizavel-em-pp-tecido-christmas-dog-woody-40-24-x-35-cm\/","title":{"rendered":"Saco de Natal para c\u00e3es WOODY PP tecido reutiliz\u00e1vel 40 + 24 x 35 cm"},"content":{"rendered":"<h2 class=\"p1\">Saco de compras<\/h2>\n<hr>\n<h3>Descri\u00e7\u00e3o do nosso saco de compras reutiliz\u00e1vel em PP tecido &#8220;Christmas dog WOODY&#8221; 40 + 24 x 35 cm<\/h3>\n<p><!--more--><\/p>\n<p data-start=\"173\" data-end=\"536\">Quando a \u00e9poca festiva se aproxima, todos gostamos de acrescentar um pouco de magia \u00e0s nossas compras e embrulhos. Este <g id=\"gid_0\">saco de compras<\/g> <g id=\"gid_1\">reutiliz\u00e1vel em PP tecido<\/g> <g id=\"gid_0\">&#8220;Christmas dog WOODY&#8221;<\/g> faz exatamente isso. Fabricado a partir de materiais resistentes, combina praticidade e est\u00e9tica, apresentando um bonito motivo festivo que ir\u00e1 certamente agradar a mi\u00fados e gra\u00fados.  <\/p>\n<p data-start=\"538\" data-end=\"924\">Com as suas dimens\u00f5es generosas de <strong data-start=\"563\" data-end=\"582\">40 + 24 x 35 cm<\/strong>, este saco tem uma grande capacidade para transportar as suas compras, presentes e guloseimas. Gra\u00e7as ao seu design <g id=\"gid_1\">em polipropileno tecido<\/g>, \u00e9 robusto, imperme\u00e1vel e duradouro. Pode utiliz\u00e1-lo v\u00e1rias vezes sem se preocupar com o desgaste, o que o torna uma excelente alternativa aos sacos descart\u00e1veis.  <\/p>\n<p data-start=\"926\" data-end=\"1304\">Mas este <strong>saco de Natal<\/strong> n\u00e3o \u00e9 apenas pr\u00e1tico. O seu design festivo apresenta um ador\u00e1vel <strong data-start=\"1020\" data-end=\"1035\">c\u00e3o Woody<\/strong>, rodeado por uma decora\u00e7\u00e3o <strong data-start=\"1059\" data-end=\"1078\">de Natal acolhedora<\/strong>. D\u00e1 um toque simp\u00e1tico e original, perfeito para oferecer uma experi\u00eancia \u00fanica aos seus clientes. Numa padaria, numa charcutaria, numa loja de brinquedos ou numa boutique tempor\u00e1ria, este saco vai certamente agradar.   <\/p>\n<p data-start=\"1306\" data-end=\"1585\">Al\u00e9m disso, a sua possibilidade de reutiliza\u00e7\u00e3o est\u00e1 em perfeita sintonia com uma abordagem mais <strong data-start=\"1383\" data-end=\"1412\">ecol\u00f3gica e respons\u00e1vel<\/strong>. Ao escolher este produto, est\u00e1 a oferecer aos seus clientes um saco s\u00f3lido que eles podem reutilizar todos os dias, ao mesmo tempo que transmite uma imagem amiga do ambiente. <\/p>\n<p data-start=\"1587\" data-end=\"1778\">Em suma, este <strong data-start=\"1601\" data-end=\"1631\">saco de Natal para c\u00e3es WOODY<\/strong> \u00e9 um instrumento pr\u00e1tico para a sua embalagem, um meio de publicidade elegante e um toque festivo que far\u00e1 toda a diferen\u00e7a.<\/p>\n<p data-start=\"1587\" data-end=\"1778\">\n<p><!--more--><\/p>\n<h4><strong>Vantagens :<\/strong><\/h4>\n<ul>\n<li><strong data-start=\"2009\" data-end=\"2028\">Tamanho pr\u00e1tico<\/strong>: 40 + 24 x 35 cm, grande capacidade.<\/li>\n<li><strong data-start=\"2080\" data-end=\"2102\">Material resistente<\/strong>: polipropileno tecido resistente e imperme\u00e1vel.<\/li>\n<li><strong data-start=\"2152\" data-end=\"2168\">Reutiliz\u00e1veis<\/strong>: uma alternativa ecol\u00f3gica aos sacos descart\u00e1veis.<\/li>\n<li><strong data-start=\"2217\" data-end=\"2234\">Design festivo<\/strong>: motivo de c\u00e3o amadeirado e ambiente natal\u00edcio acolhedor.<\/li>\n<li><strong data-start=\"2292\" data-end=\"2306\">Vers\u00e1til<\/strong>: ideal para compras, presentes ou embalagens de lojas.<\/li>\n<\/ul>\n<p>&nbsp;<\/p>\n<p><!--more--><\/p>\n<h4>Outras informa\u00e7\u00f5es :<\/h4>\n<ul>\n<li><strong>Embalagem<\/strong>: Por unidade<\/li>\n<li><strong>Dimens\u00f5es<\/strong>: 40 + 24 x 35 cm<\/li>\n<li><strong>Cor<\/strong>: Branco \/ Vermelho<\/li>\n<li><strong>Material<\/strong>: Polipropileno tecido robusto<\/li>\n<\/ul>\n<p>&nbsp;<\/p>\n<p><!--more--><\/p>\n<p><a href=\"https:\/\/www.csj-emballages.com\/pt-pt\/categorie-produit\/embalagem-de-alimentos\/loja-e-armazem\/sacos-saquetas\/sacos-de-boutique\/\">V\u00ea o resto da nossa gama de malas de boutique!<\/a><\/p>\n","protected":false},"excerpt":{"rendered":"<p>Saco de compras Descri\u00e7\u00e3o do nosso saco de compras reutiliz\u00e1vel em PP tecido &#8220;Christmas dog WOODY&#8221; 40 + 24 x 35 cm<\/p>\n","protected":false},"featured_media":245649,"template":"","meta":{"_acf_changed":false},"product_brand":[],"product_cat":[1141,1482,1840],"product_tag":[],"class_list":{"0":"post-23135","1":"product","2":"type-product","3":"status-publish","4":"has-post-thumbnail","6":"product_cat-embalagem-de-alimentos","7":"product_cat-loja-e-armazem","8":"product_cat-sacos-de-boutique","10":"first","11":"instock","12":"taxable","13":"shipping-taxable","14":"purchasable","15":"product-type-simple"},"acf":[],"yoast_head":"<!-- This site is optimized with the Yoast SEO Premium plugin v26.6 (Yoast SEO v26.6) - https:\/\/yoast.com\/wordpress\/plugins\/seo\/ -->\n<title>Saco &quot;No\u00ebl Chien WOODY&quot; PP Tecido 40 + 24 x 35 cm<\/title>\n<meta name=\"description\" content=\"Saco de Natal reutiliz\u00e1vel WOODY para c\u00e3es em tecido PP. Robusto, festivo e pr\u00e1tico, ideal para os seus clientes durante a \u00e9poca festiva.\" \/>\n<meta name=\"robots\" content=\"index, follow, max-snippet:-1, max-image-preview:large, max-video-preview:-1\" \/>\n<link rel=\"canonical\" href=\"https:\/\/www.csj-emballages.com\/pt-pt\/produit\/1-saco-de-compras-reutilizavel-em-pp-tecido-christmas-dog-woody-40-24-x-35-cm\/\" \/>\n<meta property=\"og:locale\" content=\"pt_PT\" \/>\n<meta property=\"og:type\" content=\"article\" \/>\n<meta property=\"og:title\" content=\"Saco de Natal para c\u00e3es WOODY PP tecido reutiliz\u00e1vel 40 + 24 x 35 cm\" \/>\n<meta property=\"og:description\" content=\"Saco de Natal reutiliz\u00e1vel WOODY para c\u00e3es em tecido PP. Robusto, festivo e pr\u00e1tico, ideal para os seus clientes durante a \u00e9poca festiva.\" \/>\n<meta property=\"og:url\" content=\"https:\/\/www.csj-emballages.com\/pt-pt\/produit\/1-saco-de-compras-reutilizavel-em-pp-tecido-christmas-dog-woody-40-24-x-35-cm\/\" \/>\n<meta property=\"og:site_name\" content=\"CSJ Emballages\" \/>\n<meta property=\"article:publisher\" content=\"https:\/\/www.facebook.com\/csjemballages\" \/>\n<meta property=\"article:modified_time\" content=\"2026-04-03T00:19:54+00:00\" \/>\n<meta property=\"og:image\" content=\"https:\/\/www.csj-emballages.com\/wp-content\/uploads\/2024\/03\/SACPPNOEL2022.webp\" \/>\n\t<meta property=\"og:image:width\" content=\"800\" \/>\n\t<meta property=\"og:image:height\" content=\"800\" \/>\n\t<meta property=\"og:image:type\" content=\"image\/webp\" \/>\n<meta name=\"twitter:card\" content=\"summary_large_image\" \/>\n<meta name=\"twitter:label1\" content=\"Tempo estimado de leitura\" \/>\n\t<meta name=\"twitter:data1\" content=\"1 minuto\" \/>\n<script type=\"application\/ld+json\" class=\"yoast-schema-graph\">{\"@context\":\"https:\/\/schema.org\",\"@graph\":[{\"@type\":\"WebPage\",\"@id\":\"https:\/\/www.csj-emballages.com\/pt-pt\/produit\/1-saco-de-compras-reutilizavel-em-pp-tecido-christmas-dog-woody-40-24-x-35-cm\/\",\"url\":\"https:\/\/www.csj-emballages.com\/pt-pt\/produit\/1-saco-de-compras-reutilizavel-em-pp-tecido-christmas-dog-woody-40-24-x-35-cm\/\",\"name\":\"Saco \\\"No\u00ebl Chien WOODY\\\" PP Tecido 40 + 24 x 35 cm\",\"isPartOf\":{\"@id\":\"https:\/\/www.csj-emballages.com\/pt-pt\/#website\"},\"primaryImageOfPage\":{\"@id\":\"https:\/\/www.csj-emballages.com\/pt-pt\/produit\/1-saco-de-compras-reutilizavel-em-pp-tecido-christmas-dog-woody-40-24-x-35-cm\/#primaryimage\"},\"image\":{\"@id\":\"https:\/\/www.csj-emballages.com\/pt-pt\/produit\/1-saco-de-compras-reutilizavel-em-pp-tecido-christmas-dog-woody-40-24-x-35-cm\/#primaryimage\"},\"thumbnailUrl\":\"https:\/\/www.csj-emballages.com\/wp-content\/uploads\/2024\/03\/SACPPNOEL2022.webp\",\"datePublished\":\"2024-03-01T15:50:08+00:00\",\"dateModified\":\"2026-04-03T00:19:54+00:00\",\"description\":\"Saco de Natal reutiliz\u00e1vel WOODY para c\u00e3es em tecido PP. Robusto, festivo e pr\u00e1tico, ideal para os seus clientes durante a \u00e9poca festiva.\",\"breadcrumb\":{\"@id\":\"https:\/\/www.csj-emballages.com\/pt-pt\/produit\/1-saco-de-compras-reutilizavel-em-pp-tecido-christmas-dog-woody-40-24-x-35-cm\/#breadcrumb\"},\"inLanguage\":\"pt-PT\",\"potentialAction\":[{\"@type\":\"ReadAction\",\"target\":[\"https:\/\/www.csj-emballages.com\/pt-pt\/produit\/1-saco-de-compras-reutilizavel-em-pp-tecido-christmas-dog-woody-40-24-x-35-cm\/\"]}]},{\"@type\":\"ImageObject\",\"inLanguage\":\"pt-PT\",\"@id\":\"https:\/\/www.csj-emballages.com\/pt-pt\/produit\/1-saco-de-compras-reutilizavel-em-pp-tecido-christmas-dog-woody-40-24-x-35-cm\/#primaryimage\",\"url\":\"https:\/\/www.csj-emballages.com\/wp-content\/uploads\/2024\/03\/SACPPNOEL2022.webp\",\"contentUrl\":\"https:\/\/www.csj-emballages.com\/wp-content\/uploads\/2024\/03\/SACPPNOEL2022.webp\",\"width\":800,\"height\":800,\"caption\":\"Sac cabas\"},{\"@type\":\"BreadcrumbList\",\"@id\":\"https:\/\/www.csj-emballages.com\/pt-pt\/produit\/1-saco-de-compras-reutilizavel-em-pp-tecido-christmas-dog-woody-40-24-x-35-cm\/#breadcrumb\",\"itemListElement\":[{\"@type\":\"ListItem\",\"position\":1,\"name\":\"Acolhimento\",\"item\":\"https:\/\/www.csj-emballages.com\/pt-pt\/universo-das-embalagens-alimentares\/\"},{\"@type\":\"ListItem\",\"position\":2,\"name\":\"Shop\",\"item\":\"https:\/\/www.csj-emballages.com\/shop\/\"},{\"@type\":\"ListItem\",\"position\":3,\"name\":\"Saco de Natal para c\u00e3es WOODY PP tecido reutiliz\u00e1vel 40 + 24 x 35 cm\"}]},{\"@type\":\"WebSite\",\"@id\":\"https:\/\/www.csj-emballages.com\/pt-pt\/#website\",\"url\":\"https:\/\/www.csj-emballages.com\/pt-pt\/\",\"name\":\"CSJ Emballages\",\"description\":\"\",\"publisher\":{\"@id\":\"https:\/\/www.csj-emballages.com\/pt-pt\/#organization\"},\"potentialAction\":[{\"@type\":\"SearchAction\",\"target\":{\"@type\":\"EntryPoint\",\"urlTemplate\":\"https:\/\/www.csj-emballages.com\/pt-pt\/?s={search_term_string}\"},\"query-input\":{\"@type\":\"PropertyValueSpecification\",\"valueRequired\":true,\"valueName\":\"search_term_string\"}}],\"inLanguage\":\"pt-PT\"},{\"@type\":\"Organization\",\"@id\":\"https:\/\/www.csj-emballages.com\/pt-pt\/#Organization\/\",\"name\":\"CSJ Emballages\",\"url\":\"https:\/\/www.csj-emballages.com\/pt-pt\/\",\"logo\":{\"@type\":\"ImageObject\",\"inLanguage\":\"pt-PT\",\"@id\":\"https:\/\/www.csj-emballages.com\/pt-pt\/#\/schema\/logo\/image\/\",\"url\":\"https:\/\/www.csj-emballages.com\/wp-content\/uploads\/2023\/10\/logo_csj.webp\",\"contentUrl\":\"https:\/\/www.csj-emballages.com\/wp-content\/uploads\/2023\/10\/logo_csj.webp\",\"width\":250,\"height\":95,\"caption\":\"CSJ Emballages\"},\"image\":{\"@id\":\"https:\/\/www.csj-emballages.com\/pt-pt\/#\/schema\/logo\/image\/\"},\"sameAs\":[\"https:\/\/www.facebook.com\/csjemballages\"],\"address\":{\"@type\":\"PostalAddress\",\"streetAddress\":\"ZI La Lechere\",\"addressLocality\":\"Patornay\",\"postalCode\":\"39130\",\"addressCountry\":\"FR\"},\"contactPoint\":[{\"@type\":\"ContactPoint\",\"contactType\":\"Service client\",\"telephone\":\"0384254272\",\"email\":\"contact@csj-emballages.com\"}]}]}<\/script>\n<!-- \/ Yoast SEO Premium plugin. -->","yoast_head_json":{"title":"Saco \"No\u00ebl Chien WOODY\" PP Tecido 40 + 24 x 35 cm","description":"Saco de Natal reutiliz\u00e1vel WOODY para c\u00e3es em tecido PP. Robusto, festivo e pr\u00e1tico, ideal para os seus clientes durante a \u00e9poca festiva.","robots":{"index":"index","follow":"follow","max-snippet":"max-snippet:-1","max-image-preview":"max-image-preview:large","max-video-preview":"max-video-preview:-1"},"canonical":"https:\/\/www.csj-emballages.com\/pt-pt\/produit\/1-saco-de-compras-reutilizavel-em-pp-tecido-christmas-dog-woody-40-24-x-35-cm\/","og_locale":"pt_PT","og_type":"article","og_title":"Saco de Natal para c\u00e3es WOODY PP tecido reutiliz\u00e1vel 40 + 24 x 35 cm","og_description":"Saco de Natal reutiliz\u00e1vel WOODY para c\u00e3es em tecido PP. Robusto, festivo e pr\u00e1tico, ideal para os seus clientes durante a \u00e9poca festiva.","og_url":"https:\/\/www.csj-emballages.com\/pt-pt\/produit\/1-saco-de-compras-reutilizavel-em-pp-tecido-christmas-dog-woody-40-24-x-35-cm\/","og_site_name":"CSJ Emballages","article_publisher":"https:\/\/www.facebook.com\/csjemballages","article_modified_time":"2026-04-03T00:19:54+00:00","og_image":[{"width":800,"height":800,"url":"https:\/\/www.csj-emballages.com\/wp-content\/uploads\/2024\/03\/SACPPNOEL2022.webp","type":"image\/webp"}],"twitter_card":"summary_large_image","twitter_misc":{"Tempo estimado de leitura":"1 minuto"},"schema":{"@context":"https:\/\/schema.org","@graph":[{"@type":"WebPage","@id":"https:\/\/www.csj-emballages.com\/pt-pt\/produit\/1-saco-de-compras-reutilizavel-em-pp-tecido-christmas-dog-woody-40-24-x-35-cm\/","url":"https:\/\/www.csj-emballages.com\/pt-pt\/produit\/1-saco-de-compras-reutilizavel-em-pp-tecido-christmas-dog-woody-40-24-x-35-cm\/","name":"Saco \"No\u00ebl Chien WOODY\" PP Tecido 40 + 24 x 35 cm","isPartOf":{"@id":"https:\/\/www.csj-emballages.com\/pt-pt\/#website"},"primaryImageOfPage":{"@id":"https:\/\/www.csj-emballages.com\/pt-pt\/produit\/1-saco-de-compras-reutilizavel-em-pp-tecido-christmas-dog-woody-40-24-x-35-cm\/#primaryimage"},"image":{"@id":"https:\/\/www.csj-emballages.com\/pt-pt\/produit\/1-saco-de-compras-reutilizavel-em-pp-tecido-christmas-dog-woody-40-24-x-35-cm\/#primaryimage"},"thumbnailUrl":"https:\/\/www.csj-emballages.com\/wp-content\/uploads\/2024\/03\/SACPPNOEL2022.webp","datePublished":"2024-03-01T15:50:08+00:00","dateModified":"2026-04-03T00:19:54+00:00","description":"Saco de Natal reutiliz\u00e1vel WOODY para c\u00e3es em tecido PP. Robusto, festivo e pr\u00e1tico, ideal para os seus clientes durante a \u00e9poca festiva.","breadcrumb":{"@id":"https:\/\/www.csj-emballages.com\/pt-pt\/produit\/1-saco-de-compras-reutilizavel-em-pp-tecido-christmas-dog-woody-40-24-x-35-cm\/#breadcrumb"},"inLanguage":"pt-PT","potentialAction":[{"@type":"ReadAction","target":["https:\/\/www.csj-emballages.com\/pt-pt\/produit\/1-saco-de-compras-reutilizavel-em-pp-tecido-christmas-dog-woody-40-24-x-35-cm\/"]}]},{"@type":"ImageObject","inLanguage":"pt-PT","@id":"https:\/\/www.csj-emballages.com\/pt-pt\/produit\/1-saco-de-compras-reutilizavel-em-pp-tecido-christmas-dog-woody-40-24-x-35-cm\/#primaryimage","url":"https:\/\/www.csj-emballages.com\/wp-content\/uploads\/2024\/03\/SACPPNOEL2022.webp","contentUrl":"https:\/\/www.csj-emballages.com\/wp-content\/uploads\/2024\/03\/SACPPNOEL2022.webp","width":800,"height":800,"caption":"Sac cabas"},{"@type":"BreadcrumbList","@id":"https:\/\/www.csj-emballages.com\/pt-pt\/produit\/1-saco-de-compras-reutilizavel-em-pp-tecido-christmas-dog-woody-40-24-x-35-cm\/#breadcrumb","itemListElement":[{"@type":"ListItem","position":1,"name":"Acolhimento","item":"https:\/\/www.csj-emballages.com\/pt-pt\/universo-das-embalagens-alimentares\/"},{"@type":"ListItem","position":2,"name":"Shop","item":"https:\/\/www.csj-emballages.com\/shop\/"},{"@type":"ListItem","position":3,"name":"Saco de Natal para c\u00e3es WOODY PP tecido reutiliz\u00e1vel 40 + 24 x 35 cm"}]},{"@type":"WebSite","@id":"https:\/\/www.csj-emballages.com\/pt-pt\/#website","url":"https:\/\/www.csj-emballages.com\/pt-pt\/","name":"CSJ Emballages","description":"","publisher":{"@id":"https:\/\/www.csj-emballages.com\/pt-pt\/#organization"},"potentialAction":[{"@type":"SearchAction","target":{"@type":"EntryPoint","urlTemplate":"https:\/\/www.csj-emballages.com\/pt-pt\/?s={search_term_string}"},"query-input":{"@type":"PropertyValueSpecification","valueRequired":true,"valueName":"search_term_string"}}],"inLanguage":"pt-PT"},{"@type":"Organization","@id":"https:\/\/www.csj-emballages.com\/pt-pt\/#Organization\/","name":"CSJ Emballages","url":"https:\/\/www.csj-emballages.com\/pt-pt\/","logo":{"@type":"ImageObject","inLanguage":"pt-PT","@id":"https:\/\/www.csj-emballages.com\/pt-pt\/#\/schema\/logo\/image\/","url":"https:\/\/www.csj-emballages.com\/wp-content\/uploads\/2023\/10\/logo_csj.webp","contentUrl":"https:\/\/www.csj-emballages.com\/wp-content\/uploads\/2023\/10\/logo_csj.webp","width":250,"height":95,"caption":"CSJ Emballages"},"image":{"@id":"https:\/\/www.csj-emballages.com\/pt-pt\/#\/schema\/logo\/image\/"},"sameAs":["https:\/\/www.facebook.com\/csjemballages"],"address":{"@type":"PostalAddress","streetAddress":"ZI La Lechere","addressLocality":"Patornay","postalCode":"39130","addressCountry":"FR"},"contactPoint":[{"@type":"ContactPoint","contactType":"Service client","telephone":"0384254272","email":"contact@csj-emballages.com"}]}]}},"df_price":1.33,"df_sale_price":"","df_regular_price":1.33,"df_image_link":"https:\/\/www.csj-emballages.com\/wp-content\/uploads\/2024\/03\/SACPPNOEL2022-300x300.webp","tiered_pricing_type":"fixed","tiered_pricing_fixed_rules":[],"tiered_pricing_percentage_rules":[],"tiered_pricing_minimum":1,"tiered_pricing_roles_data":[],"_links":{"self":[{"href":"https:\/\/www.csj-emballages.com\/pt-pt\/wp-json\/wp\/v2\/product\/23135","targetHints":{"allow":["GET"]}}],"collection":[{"href":"https:\/\/www.csj-emballages.com\/pt-pt\/wp-json\/wp\/v2\/product"}],"about":[{"href":"https:\/\/www.csj-emballages.com\/pt-pt\/wp-json\/wp\/v2\/types\/product"}],"wp:featuredmedia":[{"embeddable":true,"href":"https:\/\/www.csj-emballages.com\/pt-pt\/wp-json\/wp\/v2\/media\/245649"}],"wp:attachment":[{"href":"https:\/\/www.csj-emballages.com\/pt-pt\/wp-json\/wp\/v2\/media?parent=23135"}],"wp:term":[{"taxonomy":"product_brand","embeddable":true,"href":"https:\/\/www.csj-emballages.com\/pt-pt\/wp-json\/wp\/v2\/product_brand?post=23135"},{"taxonomy":"product_cat","embeddable":true,"href":"https:\/\/www.csj-emballages.com\/pt-pt\/wp-json\/wp\/v2\/product_cat?post=23135"},{"taxonomy":"product_tag","embeddable":true,"href":"https:\/\/www.csj-emballages.com\/pt-pt\/wp-json\/wp\/v2\/product_tag?post=23135"}],"curies":[{"name":"wp","href":"https:\/\/api.w.org\/{rel}","templated":true}]}}