{"id":23132,"date":"2024-03-01T16:50:08","date_gmt":"2024-03-01T15:50:08","guid":{"rendered":"https:\/\/u15jnbdpoq.preview.infomaniak.website\/produit\/500-sacos-de-papel-vegetal-para-frangos-200-80-x-350-mm\/"},"modified":"2026-04-03T02:19:53","modified_gmt":"2026-04-03T00:19:53","slug":"500-sacos-de-papel-vegetal-para-frangos-200-80-x-350-mm","status":"publish","type":"product","link":"https:\/\/www.csj-emballages.com\/pt-pt\/produit\/500-sacos-de-papel-vegetal-para-frangos-200-80-x-350-mm\/","title":{"rendered":"Saco de papel vegetal para frangos XL 200 + 80 x 340 mm por 500"},"content":{"rendered":"<div style=\"font-family: Roboto, sans-serif\">\n<div style=\"font-family: Roboto, sans-serif\">\n<div style=\"font-family: Roboto, sans-serif\">\n<div style=\"font-family: Roboto, sans-serif\">\n<div style=\"font-family: Roboto, sans-serif\">\n<div style=\"font-family: Roboto, sans-serif\">\n<div style=\"font-family: Roboto, sans-serif\">\n<div style=\"font-family: Roboto, sans-serif\">\n<div style=\"font-family: Roboto, sans-serif\">\n<div style=\"font-family: Roboto, sans-serif\">\n<div style=\"font-family: Roboto, sans-serif\">\n<div style=\"font-family: Roboto, sans-serif\">\n<div style=\"font-family: Roboto, sans-serif\">\n<div class=\"flex flex-grow flex-col max-w-full\">\n<div class=\"min-h-[20px] text-message flex flex-col items-start whitespace-pre-wrap break-words [.text-message+&amp;]:mt-5 juice:w-full juice:items-end overflow-x-auto gap-2\" dir=\"auto\" data-message-author-role=\"assistant\" data-message-id=\"2034782e-88f9-44ef-b4dc-07dd7bf0115f\">\n<div class=\"flex w-full flex-col gap-1 juice:empty:hidden juice:first:pt-[3px]\">\n<div class=\"markdown prose w-full break-words dark:prose-invert light\">\n<div style=\"font-family: Roboto, sans-serif\">\n<div style=\"font-family: Roboto, sans-serif\">\n<div style=\"font-family: Roboto, sans-serif\">\n<div style=\"font-family: Roboto, sans-serif\">\n<div style=\"font-family: Roboto, sans-serif\">\n<div style=\"font-family: Roboto, sans-serif\">\n<h2>Sacos de frango<\/h2>\n<div style=\"font-family: Roboto, sans-serif\">\n<div style=\"font-family: Roboto, sans-serif\">\n<div style=\"font-family: Roboto, sans-serif\">\n<div style=\"text-align: center\">\n<div style=\"font-family: Roboto, sans-serif\">\n<div style=\"font-family: Roboto, sans-serif\">\n<div style=\"font-family: Roboto, sans-serif\">\n<div style=\"font-family: Roboto, sans-serif\">\n<div style=\"font-family: Roboto, sans-serif\">\n<div style=\"font-family: Roboto, sans-serif;text-align: left\">\n<hr>\n<h3 style=\"text-align: left\">Descri\u00e7\u00e3o dos sacos de papel vegetal para frangos 200 + 80 x 350 mm<!--more--><\/h3>\n<p><strong>Os sacos para frango<\/strong> <strong>200 + 80 x 350 mm<\/strong>, dispon\u00edveis em embalagens de <strong>500<\/strong>, s\u00e3o a solu\u00e7\u00e3o ideal para os profissionais da restaura\u00e7\u00e3o. Estes <strong>sacos<\/strong> s\u00e3o uma escolha inteligente para melhorar a apresenta\u00e7\u00e3o e a prote\u00e7\u00e3o dos produtos para levar. O seu design garante que os teus alimentos, especialmente <strong>o frango<\/strong> assado, permane\u00e7am intactos e apetitosos. Em primeiro lugar, estes <strong>sacos para frango<\/strong> s\u00e3o feitos de papel \u00e0 prova de gordura, o que significa que os \u00f3leos e as gorduras n\u00e3o penetram no papel. Esta carater\u00edstica \u00e9 crucial para manter uma higiene impec\u00e1vel, que \u00e9 muitas vezes problem\u00e1tica.    <\/p>\n<p>&nbsp;<\/p>\n<\/div>\n<\/div>\n<\/div>\n<\/div>\n<\/div>\n<\/div>\n<\/div>\n<\/div>\n<\/div>\n<\/div>\n<\/div>\n<\/div>\n<\/div>\n<\/div>\n<\/div>\n<\/div>\n<\/div>\n<\/div>\n<\/div>\n<\/div>\n<\/div>\n<\/div>\n<\/div>\n<\/div>\n<\/div>\n<\/div>\n<\/div>\n<\/div>\n<\/div>\n<\/div>\n<\/div>\n<\/div>\n<\/div>\n<p><!--more--><\/p>\n<h4>Porqu\u00ea utilizar os nossos sacos de frango?<\/h4>\n<div class=\"flex flex-grow flex-col max-w-full\">\n<div class=\"min-h-[20px] text-message flex flex-col items-start whitespace-pre-wrap break-words [.text-message+&amp;]:mt-5 juice:w-full juice:items-end overflow-x-auto gap-2\" dir=\"auto\" data-message-author-role=\"assistant\" data-message-id=\"2034782e-88f9-44ef-b4dc-07dd7bf0115f\">\n<div class=\"flex w-full flex-col gap-1 juice:empty:hidden juice:first:pt-[3px]\">\n<div class=\"markdown prose w-full break-words dark:prose-invert light\">\n<div style=\"font-family: Roboto, sans-serif\">\n<div style=\"font-family: Roboto, sans-serif\">\n<div style=\"font-family: Roboto, sans-serif\">\n<div style=\"font-family: Roboto, sans-serif\">\n<div style=\"font-family: Roboto, sans-serif\">\n<div style=\"font-family: Roboto, sans-serif\">\n<div style=\"font-family: Roboto, sans-serif\">\n<div style=\"font-family: Roboto, sans-serif\">\n<div style=\"font-family: Roboto, sans-serif\">\n<div style=\"text-align: center\">\n<div style=\"font-family: Roboto, sans-serif\">\n<div style=\"font-family: Roboto, sans-serif\">\n<div style=\"font-family: Roboto, sans-serif\">\n<div style=\"font-family: Roboto, sans-serif\">\n<div style=\"font-family: Roboto, sans-serif\">\n<div style=\"font-family: Roboto, sans-serif;text-align: left\">\n<p>Para al\u00e9m de serem resistentes \u00e0 gordura, estas <strong>bolsas para frango<\/strong> s\u00e3o tamb\u00e9m muito pr\u00e1ticas em termos de tamanho. Com dimens\u00f5es de <strong>200 + 80 x 350 mm<\/strong>, s\u00e3o suficientemente espa\u00e7osos para acomodar por\u00e7\u00f5es de frango de v\u00e1rios tamanhos, sem comprometer a seguran\u00e7a ou a apresenta\u00e7\u00e3o. <strong>Os sacos de frango<\/strong> s\u00e3o tamb\u00e9m uma solu\u00e7\u00e3o amiga do ambiente. Ao escolher estes <strong>sacos<\/strong> <strong>de papel<\/strong>, est\u00e1 a optar por uma alternativa amiga do ambiente. Al\u00e9m disso, estes <strong>sacos de frango<\/strong> est\u00e3o dispon\u00edveis em embalagens de <strong>500<\/strong> unidades, ideais para empresas com necessidades constantes. Quer gere uma pequena rotisserie de bairro ou uma cadeia de fast-food, esta embalagem de grande volume permite-lhe manter um stock est\u00e1vel e otimizar os seus custos de compra.   <\/p>\n<p>&nbsp;<\/p>\n<\/div>\n<\/div>\n<\/div>\n<\/div>\n<\/div>\n<\/div>\n<\/div>\n<\/div>\n<\/div>\n<\/div>\n<\/div>\n<\/div>\n<\/div>\n<\/div>\n<\/div>\n<\/div>\n<\/div>\n<\/div>\n<\/div>\n<\/div>\n<p><!--more--><\/p>\n<div style=\"font-family: Roboto, sans-serif\">\n<div style=\"font-family: Roboto, sans-serif\">\n<div style=\"font-family: Roboto, sans-serif\">\n<div style=\"font-family: Roboto, sans-serif\">\n<div style=\"font-family: Roboto, sans-serif\">\n<div style=\"font-family: Roboto, sans-serif\">\n<div style=\"font-family: Roboto, sans-serif\">\n<div style=\"font-family: Roboto, sans-serif\">\n<div style=\"font-family: Roboto, sans-serif\">\n<div style=\"font-family: Roboto, sans-serif\">\n<div style=\"font-family: Roboto, sans-serif\">\n<div style=\"font-family: Roboto, sans-serif\">\n<div style=\"font-family: Roboto, sans-serif\">\n<div class=\"flex flex-grow flex-col max-w-full\">\n<div class=\"min-h-[20px] text-message flex flex-col items-start whitespace-pre-wrap break-words [.text-message+&amp;]:mt-5 juice:w-full juice:items-end overflow-x-auto gap-2\" dir=\"auto\" data-message-author-role=\"assistant\" data-message-id=\"2034782e-88f9-44ef-b4dc-07dd7bf0115f\">\n<div class=\"flex w-full flex-col gap-1 juice:empty:hidden juice:first:pt-[3px]\">\n<div class=\"markdown prose w-full break-words dark:prose-invert light\">\n<div style=\"font-family: Roboto, sans-serif\">\n<div style=\"font-family: Roboto, sans-serif\">\n<div style=\"font-family: Roboto, sans-serif\">\n<div style=\"font-family: Roboto, sans-serif\">\n<div style=\"font-family: Roboto, sans-serif\">\n<div style=\"font-family: Roboto, sans-serif\">\n<div class=\"flex flex-grow flex-col max-w-full\">\n<div class=\"min-h-[20px] text-message flex flex-col items-start whitespace-pre-wrap break-words [.text-message+&amp;]:mt-5 juice:w-full juice:items-end overflow-x-auto gap-2\" dir=\"auto\" data-message-author-role=\"assistant\" data-message-id=\"2034782e-88f9-44ef-b4dc-07dd7bf0115f\">\n<div class=\"flex w-full flex-col gap-1 juice:empty:hidden juice:first:pt-[3px]\">\n<div class=\"markdown prose w-full break-words dark:prose-invert light\">\n<div style=\"font-family: Roboto, sans-serif\">\n<div style=\"font-family: Roboto, sans-serif\">\n<div style=\"font-family: Roboto, sans-serif\">\n<div style=\"font-family: Roboto, sans-serif\">\n<div style=\"font-family: Roboto, sans-serif\">\n<div style=\"font-family: Roboto, sans-serif\">\n<div style=\"font-family: Roboto, sans-serif\">\n<div style=\"font-family: Roboto, sans-serif\">\n<div style=\"font-family: Roboto, sans-serif\">\n<div style=\"text-align: center\">\n<div style=\"font-family: Roboto, sans-serif\">\n<div style=\"font-family: Roboto, sans-serif\">\n<div style=\"font-family: Roboto, sans-serif\">\n<div style=\"font-family: Roboto, sans-serif\">\n<div style=\"font-family: Roboto, sans-serif\">\n<div style=\"font-family: Roboto, sans-serif;text-align: left\">\n<p>Por \u00faltimo, a utiliza\u00e7\u00e3o destes <strong>sacos de frango<\/strong> melhora a experi\u00eancia do cliente. Gra\u00e7as \u00e0 sua durabilidade e praticidade, garante que cada encomenda seja entregue em condi\u00e7\u00f5es \u00f3ptimas. Os clientes v\u00e3o apreciar o facto de a sua refei\u00e7\u00e3o chegar quente e sem fugas. Ao utilizar estes <strong>sacos de frango<\/strong>, podes garantir a satisfa\u00e7\u00e3o dos teus clientes.<\/p>\n<p>Em suma, <strong>os sacos de frango em<\/strong> <strong>papel vegetal<\/strong> <strong>200 + 80 x 350 mm<\/strong> s\u00e3o indispens\u00e1veis para os profissionais do sector alimentar. Combinam praticidade, durabilidade e respeito pelo ambiente, garantindo uma apresenta\u00e7\u00e3o impec\u00e1vel dos teus produtos.<\/p>\n<\/div>\n<\/div>\n<\/div>\n<\/div>\n<\/div>\n<\/div>\n<\/div>\n<\/div>\n<\/div>\n<\/div>\n<\/div>\n<\/div>\n<\/div>\n<\/div>\n<\/div>\n<\/div>\n<\/div>\n<\/div>\n<\/div>\n<\/div>\n<p>&nbsp;<\/p>\n<p><!--more--><\/p>\n<h4 style=\"text-align: left\"><strong>As vantagens dos <\/strong>sacos de frango :<\/h4>\n<ul>\n<li style=\"text-align: left\"><strong>\u00c0 prova de gordura: <\/strong>O papel \u00e0 prova de gordura impede a penetra\u00e7\u00e3o de \u00f3leos e gorduras, garantindo uma limpeza \u00f3ptima e uma apresenta\u00e7\u00e3o cuidada<strong>.<\/strong><\/li>\n<li><strong>Grande capacidade<\/strong>: Com dimens\u00f5es de <strong>200 + 80 x 350 mm<\/strong>, estes <strong>sacos de frango<\/strong> podem conter diferentes por\u00e7\u00f5es de frango.<\/li>\n<li><strong>Praticidade do grande formato<\/strong>: a embalagem <strong>de 500<\/strong> unidades permite-te gerir adequadamente as tuas necessidades de embalagem, ideal para profissionais com grande procura.<\/li>\n<li><strong>Isolamento t\u00e9rmico<\/strong>: Os nossos sacos t\u00eam uma camada isolante eficaz.<\/li>\n<\/ul>\n<\/div>\n<\/div>\n<\/div>\n<\/div>\n<\/div>\n<\/div>\n<\/div>\n<\/div>\n<\/div>\n<\/div>\n<\/div>\n<\/div>\n<p>&nbsp;<\/p>\n<\/div>\n<\/div>\n<\/div>\n<\/div>\n<\/div>\n<\/div>\n<\/div>\n<\/div>\n<\/div>\n<\/div>\n<\/div>\n<p><!--more--><\/p>\n<h4>Outras informa\u00e7\u00f5es sobre este produto:<\/h4>\n<ul style=\"font-family: Roboto, sans-serif\">\n<li><strong>Embalagem<\/strong>: Caixa de 500<\/li>\n<li><b>Peso: <\/b>45g + 20g OPP<\/li>\n<\/ul>\n<p>&nbsp;<\/p>\n<p style=\"text-align: left\"><!--more--><\/p>\n<p>Dispon\u00edvel em <span style=\"color: #d62727\"><a style=\"color: #d62727\" href=\"https:\/\/u15jnbdpoq.preview.infomaniak.website\/produit\/500-sacs-poulet-papier-ingraissable-180-65-x-340-mm\/\">180 + 65 x 340 mm<\/a><\/span> \/ <span style=\"color: #d62727\"><a style=\"color: #d62727\" href=\"https:\/\/u15jnbdpoq.preview.infomaniak.website\/produit\/500-sacs-poulet-papier-ingraissable-xxl-250-8-5-x-410-mm\/\">250 + 85 x 410 mm<\/a><\/span><\/p>\n<p>&nbsp;<\/p>\n<p style=\"text-align: left\"><!--more--><\/p>\n<p><a href=\"https:\/\/www.csj-emballages.com\/categorie-produit\/emballages\/boucherie-traiteur-primeur\/sacs-et-sachets\/sacs-poulets\/\">V\u00ea o resto da nossa gama de sacos de frango<\/a><\/p>\n<p>&nbsp;<\/p>\n","protected":false},"excerpt":{"rendered":"<p>Sacos de frango Descri\u00e7\u00e3o dos sacos de papel vegetal para frangos 200 + 80 x 350 mm<\/p>\n","protected":false},"featured_media":209322,"template":"","meta":{"_acf_changed":false},"product_brand":[],"product_cat":[1141,1176,3344],"product_tag":[],"class_list":{"0":"post-23132","1":"product","2":"type-product","3":"status-publish","4":"has-post-thumbnail","6":"product_cat-embalagem-de-alimentos","7":"product_cat-talho-e-charcutaria","8":"product_cat-sacos-de-frango","10":"first","11":"instock","12":"featured","13":"taxable","14":"shipping-taxable","15":"purchasable","16":"product-type-simple"},"acf":[],"yoast_head":"<!-- This site is optimized with the Yoast SEO Premium plugin v26.6 (Yoast SEO v26.6) - https:\/\/yoast.com\/wordpress\/plugins\/seo\/ -->\n<title>- Sacos de frango 200 + 80 x 350 mm por 500<\/title>\n<meta name=\"description\" content=\"Descobre os sacos para frango de 200 + 80 x 350 mm. Perfeitos para o frango assado, garantem a sua limpeza e conserva\u00e7\u00e3o. Embalagem de 500, ideal para profissionais.\" \/>\n<meta name=\"robots\" content=\"index, follow, max-snippet:-1, max-image-preview:large, max-video-preview:-1\" \/>\n<link rel=\"canonical\" href=\"https:\/\/www.csj-emballages.com\/pt-pt\/produit\/500-sacos-de-papel-vegetal-para-frangos-200-80-x-350-mm\/\" \/>\n<meta property=\"og:locale\" content=\"pt_PT\" \/>\n<meta property=\"og:type\" content=\"article\" \/>\n<meta property=\"og:title\" content=\"Sacos para frangos - 200 + 80 x 350 mm por 500\" \/>\n<meta property=\"og:description\" content=\"Descobre os sacos para frango de 200 + 80 x 350 mm. Perfeitos para o frango assado, garantem a sua limpeza e conserva\u00e7\u00e3o. Embalagem de 500, ideal para profissionais.\" \/>\n<meta property=\"og:url\" content=\"https:\/\/www.csj-emballages.com\/pt-pt\/produit\/500-sacos-de-papel-vegetal-para-frangos-200-80-x-350-mm\/\" \/>\n<meta property=\"og:site_name\" content=\"CSJ Emballages\" \/>\n<meta property=\"article:publisher\" content=\"https:\/\/www.facebook.com\/csjemballages\" \/>\n<meta property=\"article:modified_time\" content=\"2026-04-03T00:19:53+00:00\" \/>\n<meta property=\"og:image\" content=\"https:\/\/www.csj-emballages.com\/wp-content\/uploads\/2024\/06\/Capture-decran-2024-06-13-a-08.24.45.png\" \/>\n\t<meta property=\"og:image:width\" content=\"300\" \/>\n\t<meta property=\"og:image:height\" content=\"301\" \/>\n\t<meta property=\"og:image:type\" content=\"image\/png\" \/>\n<meta name=\"twitter:card\" content=\"summary_large_image\" \/>\n<meta name=\"twitter:title\" content=\"Sacos para frangos - 200 + 80 x 350 mm por 500\" \/>\n<meta name=\"twitter:description\" content=\"Descobre os sacos para frango de 200 + 80 x 350 mm. Perfeitos para o frango assado, garantem a sua limpeza e conserva\u00e7\u00e3o. Embalagem de 500, ideal para profissionais.\" \/>\n<meta name=\"twitter:label1\" content=\"Tempo estimado de leitura\" \/>\n\t<meta name=\"twitter:data1\" content=\"2 minutos\" \/>\n<script type=\"application\/ld+json\" class=\"yoast-schema-graph\">{\"@context\":\"https:\/\/schema.org\",\"@graph\":[{\"@type\":\"WebPage\",\"@id\":\"https:\/\/www.csj-emballages.com\/pt-pt\/produit\/500-sacos-de-papel-vegetal-para-frangos-200-80-x-350-mm\/\",\"url\":\"https:\/\/www.csj-emballages.com\/pt-pt\/produit\/500-sacos-de-papel-vegetal-para-frangos-200-80-x-350-mm\/\",\"name\":\"- Sacos de frango 200 + 80 x 350 mm por 500\",\"isPartOf\":{\"@id\":\"https:\/\/www.csj-emballages.com\/pt-pt\/#website\"},\"primaryImageOfPage\":{\"@id\":\"https:\/\/www.csj-emballages.com\/pt-pt\/produit\/500-sacos-de-papel-vegetal-para-frangos-200-80-x-350-mm\/#primaryimage\"},\"image\":{\"@id\":\"https:\/\/www.csj-emballages.com\/pt-pt\/produit\/500-sacos-de-papel-vegetal-para-frangos-200-80-x-350-mm\/#primaryimage\"},\"thumbnailUrl\":\"https:\/\/www.csj-emballages.com\/wp-content\/uploads\/2024\/03\/Sac-poulet-1.webp\",\"datePublished\":\"2024-03-01T15:50:08+00:00\",\"dateModified\":\"2026-04-03T00:19:53+00:00\",\"description\":\"Descobre os sacos para frango de 200 + 80 x 350 mm. Perfeitos para o frango assado, garantem a sua limpeza e conserva\u00e7\u00e3o. Embalagem de 500, ideal para profissionais.\",\"breadcrumb\":{\"@id\":\"https:\/\/www.csj-emballages.com\/pt-pt\/produit\/500-sacos-de-papel-vegetal-para-frangos-200-80-x-350-mm\/#breadcrumb\"},\"inLanguage\":\"pt-PT\",\"potentialAction\":[{\"@type\":\"ReadAction\",\"target\":[\"https:\/\/www.csj-emballages.com\/pt-pt\/produit\/500-sacos-de-papel-vegetal-para-frangos-200-80-x-350-mm\/\"]}]},{\"@type\":\"ImageObject\",\"inLanguage\":\"pt-PT\",\"@id\":\"https:\/\/www.csj-emballages.com\/pt-pt\/produit\/500-sacos-de-papel-vegetal-para-frangos-200-80-x-350-mm\/#primaryimage\",\"url\":\"https:\/\/www.csj-emballages.com\/wp-content\/uploads\/2024\/03\/Sac-poulet-1.webp\",\"contentUrl\":\"https:\/\/www.csj-emballages.com\/wp-content\/uploads\/2024\/03\/Sac-poulet-1.webp\",\"width\":800,\"height\":800,\"caption\":\"sac poulet\"},{\"@type\":\"BreadcrumbList\",\"@id\":\"https:\/\/www.csj-emballages.com\/pt-pt\/produit\/500-sacos-de-papel-vegetal-para-frangos-200-80-x-350-mm\/#breadcrumb\",\"itemListElement\":[{\"@type\":\"ListItem\",\"position\":1,\"name\":\"Acolhimento\",\"item\":\"https:\/\/www.csj-emballages.com\/pt-pt\/universo-das-embalagens-alimentares\/\"},{\"@type\":\"ListItem\",\"position\":2,\"name\":\"Shop\",\"item\":\"https:\/\/www.csj-emballages.com\/shop\/\"},{\"@type\":\"ListItem\",\"position\":3,\"name\":\"Saco de papel vegetal para frangos XL 200 + 80 x 340 mm por 500\"}]},{\"@type\":\"WebSite\",\"@id\":\"https:\/\/www.csj-emballages.com\/pt-pt\/#website\",\"url\":\"https:\/\/www.csj-emballages.com\/pt-pt\/\",\"name\":\"CSJ Emballages\",\"description\":\"\",\"publisher\":{\"@id\":\"https:\/\/www.csj-emballages.com\/pt-pt\/#organization\"},\"potentialAction\":[{\"@type\":\"SearchAction\",\"target\":{\"@type\":\"EntryPoint\",\"urlTemplate\":\"https:\/\/www.csj-emballages.com\/pt-pt\/?s={search_term_string}\"},\"query-input\":{\"@type\":\"PropertyValueSpecification\",\"valueRequired\":true,\"valueName\":\"search_term_string\"}}],\"inLanguage\":\"pt-PT\"},{\"@type\":\"Organization\",\"@id\":\"https:\/\/www.csj-emballages.com\/pt-pt\/#Organization\/\",\"name\":\"CSJ Emballages\",\"url\":\"https:\/\/www.csj-emballages.com\/pt-pt\/\",\"logo\":{\"@type\":\"ImageObject\",\"inLanguage\":\"pt-PT\",\"@id\":\"https:\/\/www.csj-emballages.com\/pt-pt\/#\/schema\/logo\/image\/\",\"url\":\"https:\/\/www.csj-emballages.com\/wp-content\/uploads\/2023\/10\/logo_csj.webp\",\"contentUrl\":\"https:\/\/www.csj-emballages.com\/wp-content\/uploads\/2023\/10\/logo_csj.webp\",\"width\":250,\"height\":95,\"caption\":\"CSJ Emballages\"},\"image\":{\"@id\":\"https:\/\/www.csj-emballages.com\/pt-pt\/#\/schema\/logo\/image\/\"},\"sameAs\":[\"https:\/\/www.facebook.com\/csjemballages\"],\"address\":{\"@type\":\"PostalAddress\",\"streetAddress\":\"ZI La Lechere\",\"addressLocality\":\"Patornay\",\"postalCode\":\"39130\",\"addressCountry\":\"FR\"},\"contactPoint\":[{\"@type\":\"ContactPoint\",\"contactType\":\"Service client\",\"telephone\":\"0384254272\",\"email\":\"contact@csj-emballages.com\"}]}]}<\/script>\n<!-- \/ Yoast SEO Premium plugin. -->","yoast_head_json":{"title":"- Sacos de frango 200 + 80 x 350 mm por 500","description":"Descobre os sacos para frango de 200 + 80 x 350 mm. Perfeitos para o frango assado, garantem a sua limpeza e conserva\u00e7\u00e3o. Embalagem de 500, ideal para profissionais.","robots":{"index":"index","follow":"follow","max-snippet":"max-snippet:-1","max-image-preview":"max-image-preview:large","max-video-preview":"max-video-preview:-1"},"canonical":"https:\/\/www.csj-emballages.com\/pt-pt\/produit\/500-sacos-de-papel-vegetal-para-frangos-200-80-x-350-mm\/","og_locale":"pt_PT","og_type":"article","og_title":"Sacos para frangos - 200 + 80 x 350 mm por 500","og_description":"Descobre os sacos para frango de 200 + 80 x 350 mm. Perfeitos para o frango assado, garantem a sua limpeza e conserva\u00e7\u00e3o. Embalagem de 500, ideal para profissionais.","og_url":"https:\/\/www.csj-emballages.com\/pt-pt\/produit\/500-sacos-de-papel-vegetal-para-frangos-200-80-x-350-mm\/","og_site_name":"CSJ Emballages","article_publisher":"https:\/\/www.facebook.com\/csjemballages","article_modified_time":"2026-04-03T00:19:53+00:00","og_image":[{"width":300,"height":301,"url":"https:\/\/www.csj-emballages.com\/wp-content\/uploads\/2024\/06\/Capture-decran-2024-06-13-a-08.24.45.png","type":"image\/png"}],"twitter_card":"summary_large_image","twitter_title":"Sacos para frangos - 200 + 80 x 350 mm por 500","twitter_description":"Descobre os sacos para frango de 200 + 80 x 350 mm. Perfeitos para o frango assado, garantem a sua limpeza e conserva\u00e7\u00e3o. Embalagem de 500, ideal para profissionais.","twitter_misc":{"Tempo estimado de leitura":"2 minutos"},"schema":{"@context":"https:\/\/schema.org","@graph":[{"@type":"WebPage","@id":"https:\/\/www.csj-emballages.com\/pt-pt\/produit\/500-sacos-de-papel-vegetal-para-frangos-200-80-x-350-mm\/","url":"https:\/\/www.csj-emballages.com\/pt-pt\/produit\/500-sacos-de-papel-vegetal-para-frangos-200-80-x-350-mm\/","name":"- Sacos de frango 200 + 80 x 350 mm por 500","isPartOf":{"@id":"https:\/\/www.csj-emballages.com\/pt-pt\/#website"},"primaryImageOfPage":{"@id":"https:\/\/www.csj-emballages.com\/pt-pt\/produit\/500-sacos-de-papel-vegetal-para-frangos-200-80-x-350-mm\/#primaryimage"},"image":{"@id":"https:\/\/www.csj-emballages.com\/pt-pt\/produit\/500-sacos-de-papel-vegetal-para-frangos-200-80-x-350-mm\/#primaryimage"},"thumbnailUrl":"https:\/\/www.csj-emballages.com\/wp-content\/uploads\/2024\/03\/Sac-poulet-1.webp","datePublished":"2024-03-01T15:50:08+00:00","dateModified":"2026-04-03T00:19:53+00:00","description":"Descobre os sacos para frango de 200 + 80 x 350 mm. Perfeitos para o frango assado, garantem a sua limpeza e conserva\u00e7\u00e3o. Embalagem de 500, ideal para profissionais.","breadcrumb":{"@id":"https:\/\/www.csj-emballages.com\/pt-pt\/produit\/500-sacos-de-papel-vegetal-para-frangos-200-80-x-350-mm\/#breadcrumb"},"inLanguage":"pt-PT","potentialAction":[{"@type":"ReadAction","target":["https:\/\/www.csj-emballages.com\/pt-pt\/produit\/500-sacos-de-papel-vegetal-para-frangos-200-80-x-350-mm\/"]}]},{"@type":"ImageObject","inLanguage":"pt-PT","@id":"https:\/\/www.csj-emballages.com\/pt-pt\/produit\/500-sacos-de-papel-vegetal-para-frangos-200-80-x-350-mm\/#primaryimage","url":"https:\/\/www.csj-emballages.com\/wp-content\/uploads\/2024\/03\/Sac-poulet-1.webp","contentUrl":"https:\/\/www.csj-emballages.com\/wp-content\/uploads\/2024\/03\/Sac-poulet-1.webp","width":800,"height":800,"caption":"sac poulet"},{"@type":"BreadcrumbList","@id":"https:\/\/www.csj-emballages.com\/pt-pt\/produit\/500-sacos-de-papel-vegetal-para-frangos-200-80-x-350-mm\/#breadcrumb","itemListElement":[{"@type":"ListItem","position":1,"name":"Acolhimento","item":"https:\/\/www.csj-emballages.com\/pt-pt\/universo-das-embalagens-alimentares\/"},{"@type":"ListItem","position":2,"name":"Shop","item":"https:\/\/www.csj-emballages.com\/shop\/"},{"@type":"ListItem","position":3,"name":"Saco de papel vegetal para frangos XL 200 + 80 x 340 mm por 500"}]},{"@type":"WebSite","@id":"https:\/\/www.csj-emballages.com\/pt-pt\/#website","url":"https:\/\/www.csj-emballages.com\/pt-pt\/","name":"CSJ Emballages","description":"","publisher":{"@id":"https:\/\/www.csj-emballages.com\/pt-pt\/#organization"},"potentialAction":[{"@type":"SearchAction","target":{"@type":"EntryPoint","urlTemplate":"https:\/\/www.csj-emballages.com\/pt-pt\/?s={search_term_string}"},"query-input":{"@type":"PropertyValueSpecification","valueRequired":true,"valueName":"search_term_string"}}],"inLanguage":"pt-PT"},{"@type":"Organization","@id":"https:\/\/www.csj-emballages.com\/pt-pt\/#Organization\/","name":"CSJ Emballages","url":"https:\/\/www.csj-emballages.com\/pt-pt\/","logo":{"@type":"ImageObject","inLanguage":"pt-PT","@id":"https:\/\/www.csj-emballages.com\/pt-pt\/#\/schema\/logo\/image\/","url":"https:\/\/www.csj-emballages.com\/wp-content\/uploads\/2023\/10\/logo_csj.webp","contentUrl":"https:\/\/www.csj-emballages.com\/wp-content\/uploads\/2023\/10\/logo_csj.webp","width":250,"height":95,"caption":"CSJ Emballages"},"image":{"@id":"https:\/\/www.csj-emballages.com\/pt-pt\/#\/schema\/logo\/image\/"},"sameAs":["https:\/\/www.facebook.com\/csjemballages"],"address":{"@type":"PostalAddress","streetAddress":"ZI La Lechere","addressLocality":"Patornay","postalCode":"39130","addressCountry":"FR"},"contactPoint":[{"@type":"ContactPoint","contactType":"Service client","telephone":"0384254272","email":"contact@csj-emballages.com"}]}]}},"df_price":40.43,"df_sale_price":"","df_regular_price":40.43,"df_image_link":"https:\/\/www.csj-emballages.com\/wp-content\/uploads\/2024\/03\/Sac-poulet-1-300x300.webp","tiered_pricing_type":"fixed","tiered_pricing_fixed_rules":[],"tiered_pricing_percentage_rules":[],"tiered_pricing_minimum":1,"tiered_pricing_roles_data":[],"_links":{"self":[{"href":"https:\/\/www.csj-emballages.com\/pt-pt\/wp-json\/wp\/v2\/product\/23132","targetHints":{"allow":["GET"]}}],"collection":[{"href":"https:\/\/www.csj-emballages.com\/pt-pt\/wp-json\/wp\/v2\/product"}],"about":[{"href":"https:\/\/www.csj-emballages.com\/pt-pt\/wp-json\/wp\/v2\/types\/product"}],"wp:featuredmedia":[{"embeddable":true,"href":"https:\/\/www.csj-emballages.com\/pt-pt\/wp-json\/wp\/v2\/media\/209322"}],"wp:attachment":[{"href":"https:\/\/www.csj-emballages.com\/pt-pt\/wp-json\/wp\/v2\/media?parent=23132"}],"wp:term":[{"taxonomy":"product_brand","embeddable":true,"href":"https:\/\/www.csj-emballages.com\/pt-pt\/wp-json\/wp\/v2\/product_brand?post=23132"},{"taxonomy":"product_cat","embeddable":true,"href":"https:\/\/www.csj-emballages.com\/pt-pt\/wp-json\/wp\/v2\/product_cat?post=23132"},{"taxonomy":"product_tag","embeddable":true,"href":"https:\/\/www.csj-emballages.com\/pt-pt\/wp-json\/wp\/v2\/product_tag?post=23132"}],"curies":[{"name":"wp","href":"https:\/\/api.w.org\/{rel}","templated":true}]}}