{"id":231294,"date":"2025-04-11T08:24:41","date_gmt":"2025-04-11T06:24:41","guid":{"rendered":"https:\/\/www.csj-emballages.com\/produit\/1-kg-de-alperces-secos-inteiros\/"},"modified":"2026-03-12T16:06:49","modified_gmt":"2026-03-12T15:06:49","slug":"1-kg-de-alperces-secos-inteiros","status":"publish","type":"product","link":"https:\/\/www.csj-emballages.com\/pt-pt\/produit\/1-kg-de-alperces-secos-inteiros\/","title":{"rendered":"Damascos secos inteiros 1kg"},"content":{"rendered":"<h2 class=\"p1\">Damascos secos<\/h2>\n<hr>\n<h3>Descri\u00e7\u00e3o dos nossos damascos secos inteiros em 1kg<\/h3>\n<h3><!--more--><\/h3>\n<div class=\"flex flex-grow flex-col max-w-full\">\n<div class=\"min-h-[20px] text-message flex flex-col items-start whitespace-pre-wrap break-words [.text-message+&amp;]:mt-5 juice:w-full juice:items-end overflow-x-auto gap-2\" dir=\"auto\" data-message-author-role=\"assistant\" data-message-id=\"579bfb50-fb6c-479d-a152-27ab4b509f37\">\n<div class=\"flex w-full flex-col gap-1 juice:empty:hidden juice:first:pt-[3px]\">\n<div class=\"markdown prose w-full break-words dark:prose-invert light\">\n<p class=\"\" data-start=\"264\" data-end=\"614\"><strong data-start=\"281\" data-end=\"306\">Os<\/strong> nossos <strong data-start=\"281\" data-end=\"306\">alperces secos inteiros<\/strong> v\u00eam num generoso tamanho <strong>de 1 kg<\/strong>: um verdadeiro deleite natural para desfrutar todos os dias. Estes frutos cuidadosamente selecionados s\u00e3o colhidos quando maduros e depois secos suavemente para preservar a sua suavidade, a bela cor laranja e o sabor naturalmente doce, sem adi\u00e7\u00e3o de a\u00e7\u00facar ou conservantes. Perfeitos para uma pausa saud\u00e1vel ou um lanche r\u00e1pido durante o dia, s\u00e3o tamb\u00e9m muito populares na cozinha: real\u00e7am as suas tagines, pratos doces e salgados, bolos, granolas ou compotas caseiras. A sua textura que derrete na boca e o seu sabor delicado fazem delas um ingrediente de elei\u00e7\u00e3o para os profissionais da restaura\u00e7\u00e3o e para os apreciadores de produtos aut\u00eanticos.   <\/p>\n<p class=\"\" data-start=\"1009\" data-end=\"1239\">Ricos em fibras, ferro, pot\u00e1ssio e antioxidantes, <strong>os alperces secos<\/strong> s\u00e3o uma adi\u00e7\u00e3o saud\u00e1vel ao seu arm\u00e1rio. O <strong>saco de 1 kg<\/strong> assegura uma conserva\u00e7\u00e3o \u00f3ptima ao longo do tempo, oferecendo uma excelente rela\u00e7\u00e3o qualidade\/pre\u00e7o. <\/p>\n<p class=\"\" data-start=\"1241\" data-end=\"1452\">Quer seja um fornecedor de refei\u00e7\u00f5es, propriet\u00e1rio de um restaurante ou simplesmente um consumidor que gosta de produtos saud\u00e1veis e saborosos, este produto ir\u00e1 satisfazer as suas expectativas em termos de qualidade, sabor e versatilidade.<\/p>\n<p class=\"\" data-start=\"1454\" data-end=\"1554\">D\u00ea um toque de sol \u00e0s suas receitas com estes saborosos e naturalmente bons <strong>alperces secos<\/strong>!<\/p>\n<p data-start=\"1454\" data-end=\"1554\">\n<\/div>\n<\/div>\n<\/div>\n<\/div>\n<p><!--more--><\/p>\n<div class=\"flex flex-grow flex-col max-w-full\">\n<div class=\"min-h-[20px] text-message flex flex-col items-start whitespace-pre-wrap break-words [.text-message+&amp;]:mt-5 juice:w-full juice:items-end overflow-x-auto gap-2\" dir=\"auto\" data-message-author-role=\"assistant\" data-message-id=\"579bfb50-fb6c-479d-a152-27ab4b509f37\">\n<div class=\"flex w-full flex-col gap-1 juice:empty:hidden juice:first:pt-[3px]\">\n<div class=\"markdown prose w-full break-words dark:prose-invert light\">\n<h4><strong>As suas vantagens:<\/strong><\/h4>\n<ul>\n<li>Textura suave e sabor naturalmente doce.<\/li>\n<li>Rico em fibras, ferro e antioxidantes.<\/li>\n<li>Ideal como snack ou na cozinha (pratos, sobremesas, pastelaria).<\/li>\n<li>Formato econ\u00f3mico e pr\u00e1tico de 1 kg.<\/li>\n<li>Produto apreciado tanto por profissionais como por clientes particulares.<\/li>\n<\/ul>\n<\/div>\n<div class=\"markdown prose w-full break-words dark:prose-invert light\">\n<p>&nbsp;<\/p>\n<\/div>\n<\/div>\n<\/div>\n<\/div>\n<p><!--more--><\/p>\n<h4>Outras informa\u00e7\u00f5es :<\/h4>\n<ul>\n<li><strong>Embalagem<\/strong>: Pacote de 1kg<\/li>\n<li><strong>Tipo<\/strong>: Damascos secos inteiros<\/li>\n<\/ul>\n<p>&nbsp;<\/p>\n<p><!--more--><\/p>\n<p>Encontre aqui as nossas ameixas secas e sultanas: <span style=\"color: #d12727\"><a style=\"color: #d12727\" href=\"https:\/\/www.csj-emballages.com\/es\/produit\/1-kg-de-ciruelas-pasas-deshuesadas\/\">160011<\/a> <\/span>\/ <span style=\"color: #d12727\"><a style=\"color: #d12727\" href=\"https:\/\/www.csj-emballages.com\/de\/produit\/1kg-rosine-sultaninen\/\">160010<\/a><\/span><\/p>\n<p>&nbsp;<\/p>\n<p><!--more--><\/p>\n<p><a href=\"https:\/\/u15jnbdpoq.preview.infomaniak.website\/categorie-produit\/alimentation\/aliments\/fruits-secs-au-sirop\/fruits-secs\/\">V\u00ea o resto da nossa gama de frutos secos<\/a><\/p>\n","protected":false},"excerpt":{"rendered":"<p>Damascos secos Descri\u00e7\u00e3o dos nossos damascos secos inteiros em 1kg<\/p>\n","protected":false},"featured_media":231269,"template":"","meta":{"_acf_changed":false},"product_brand":[],"product_cat":[1151,7622],"product_tag":[],"class_list":{"0":"post-231294","1":"product","2":"type-product","3":"status-publish","4":"has-post-thumbnail","6":"product_cat-alimentacao-pt-pt","7":"product_cat-frutas-secas","9":"first","10":"instock","11":"featured","12":"taxable","13":"shipping-taxable","14":"purchasable","15":"product-type-simple"},"acf":[],"yoast_head":"<!-- This site is optimized with the Yoast SEO Premium plugin v26.6 (Yoast SEO v26.6) - https:\/\/yoast.com\/wordpress\/plugins\/seo\/ -->\n<title>Damascos secos inteiros 1kg<\/title>\n<meta name=\"description\" content=\"Damascos secos inteiros de 1 kg, h\u00famidos e saborosos, perfeitos para uma pausa saud\u00e1vel ou para cozinhar. Rico em fibras e sabor. Formato econ\u00f3mico.\" \/>\n<meta name=\"robots\" content=\"index, follow, max-snippet:-1, max-image-preview:large, max-video-preview:-1\" \/>\n<link rel=\"canonical\" href=\"https:\/\/www.csj-emballages.com\/pt-pt\/produit\/1-kg-de-alperces-secos-inteiros\/\" \/>\n<meta property=\"og:locale\" content=\"pt_PT\" \/>\n<meta property=\"og:type\" content=\"article\" \/>\n<meta property=\"og:title\" content=\"Damascos secos inteiros 1kg\" \/>\n<meta property=\"og:description\" content=\"Damascos secos inteiros de 1 kg, h\u00famidos e saborosos, perfeitos para uma pausa saud\u00e1vel ou para cozinhar. Rico em fibras e sabor. Formato econ\u00f3mico.\" \/>\n<meta property=\"og:url\" content=\"https:\/\/www.csj-emballages.com\/pt-pt\/produit\/1-kg-de-alperces-secos-inteiros\/\" \/>\n<meta property=\"og:site_name\" content=\"CSJ Emballages\" \/>\n<meta property=\"article:publisher\" content=\"https:\/\/www.facebook.com\/csjemballages\" \/>\n<meta property=\"article:modified_time\" content=\"2026-03-12T15:06:49+00:00\" \/>\n<meta property=\"og:image\" content=\"https:\/\/www.csj-emballages.com\/wp-content\/uploads\/2025\/04\/Abricot-sec-entier.webp\" \/>\n\t<meta property=\"og:image:width\" content=\"800\" \/>\n\t<meta property=\"og:image:height\" content=\"800\" \/>\n\t<meta property=\"og:image:type\" content=\"image\/webp\" \/>\n<meta name=\"twitter:card\" content=\"summary_large_image\" \/>\n<meta name=\"twitter:label1\" content=\"Tempo estimado de leitura\" \/>\n\t<meta name=\"twitter:data1\" content=\"2 minutos\" \/>\n<script type=\"application\/ld+json\" class=\"yoast-schema-graph\">{\"@context\":\"https:\/\/schema.org\",\"@graph\":[{\"@type\":\"WebPage\",\"@id\":\"https:\/\/www.csj-emballages.com\/pt-pt\/produit\/1-kg-de-alperces-secos-inteiros\/\",\"url\":\"https:\/\/www.csj-emballages.com\/pt-pt\/produit\/1-kg-de-alperces-secos-inteiros\/\",\"name\":\"Damascos secos inteiros 1kg\",\"isPartOf\":{\"@id\":\"https:\/\/www.csj-emballages.com\/pt-pt\/#website\"},\"primaryImageOfPage\":{\"@id\":\"https:\/\/www.csj-emballages.com\/pt-pt\/produit\/1-kg-de-alperces-secos-inteiros\/#primaryimage\"},\"image\":{\"@id\":\"https:\/\/www.csj-emballages.com\/pt-pt\/produit\/1-kg-de-alperces-secos-inteiros\/#primaryimage\"},\"thumbnailUrl\":\"https:\/\/www.csj-emballages.com\/wp-content\/uploads\/2025\/04\/Abricot-sec-entier.webp\",\"datePublished\":\"2025-04-11T06:24:41+00:00\",\"dateModified\":\"2026-03-12T15:06:49+00:00\",\"description\":\"Damascos secos inteiros de 1 kg, h\u00famidos e saborosos, perfeitos para uma pausa saud\u00e1vel ou para cozinhar. Rico em fibras e sabor. Formato econ\u00f3mico.\",\"breadcrumb\":{\"@id\":\"https:\/\/www.csj-emballages.com\/pt-pt\/produit\/1-kg-de-alperces-secos-inteiros\/#breadcrumb\"},\"inLanguage\":\"pt-PT\",\"potentialAction\":[{\"@type\":\"ReadAction\",\"target\":[\"https:\/\/www.csj-emballages.com\/pt-pt\/produit\/1-kg-de-alperces-secos-inteiros\/\"]}]},{\"@type\":\"ImageObject\",\"inLanguage\":\"pt-PT\",\"@id\":\"https:\/\/www.csj-emballages.com\/pt-pt\/produit\/1-kg-de-alperces-secos-inteiros\/#primaryimage\",\"url\":\"https:\/\/www.csj-emballages.com\/wp-content\/uploads\/2025\/04\/Abricot-sec-entier.webp\",\"contentUrl\":\"https:\/\/www.csj-emballages.com\/wp-content\/uploads\/2025\/04\/Abricot-sec-entier.webp\",\"width\":800,\"height\":800,\"caption\":\"abricots secs\"},{\"@type\":\"BreadcrumbList\",\"@id\":\"https:\/\/www.csj-emballages.com\/pt-pt\/produit\/1-kg-de-alperces-secos-inteiros\/#breadcrumb\",\"itemListElement\":[{\"@type\":\"ListItem\",\"position\":1,\"name\":\"Acolhimento\",\"item\":\"https:\/\/www.csj-emballages.com\/pt-pt\/universo-das-embalagens-alimentares\/\"},{\"@type\":\"ListItem\",\"position\":2,\"name\":\"Shop\",\"item\":\"https:\/\/www.csj-emballages.com\/shop\/\"},{\"@type\":\"ListItem\",\"position\":3,\"name\":\"Damascos secos inteiros 1kg\"}]},{\"@type\":\"WebSite\",\"@id\":\"https:\/\/www.csj-emballages.com\/pt-pt\/#website\",\"url\":\"https:\/\/www.csj-emballages.com\/pt-pt\/\",\"name\":\"CSJ Emballages\",\"description\":\"\",\"publisher\":{\"@id\":\"https:\/\/www.csj-emballages.com\/pt-pt\/#organization\"},\"potentialAction\":[{\"@type\":\"SearchAction\",\"target\":{\"@type\":\"EntryPoint\",\"urlTemplate\":\"https:\/\/www.csj-emballages.com\/pt-pt\/?s={search_term_string}\"},\"query-input\":{\"@type\":\"PropertyValueSpecification\",\"valueRequired\":true,\"valueName\":\"search_term_string\"}}],\"inLanguage\":\"pt-PT\"},{\"@type\":\"Organization\",\"@id\":\"https:\/\/www.csj-emballages.com\/pt-pt\/#Organization\/\",\"name\":\"CSJ Emballages\",\"url\":\"https:\/\/www.csj-emballages.com\/pt-pt\/\",\"logo\":{\"@type\":\"ImageObject\",\"inLanguage\":\"pt-PT\",\"@id\":\"https:\/\/www.csj-emballages.com\/pt-pt\/#\/schema\/logo\/image\/\",\"url\":\"https:\/\/www.csj-emballages.com\/wp-content\/uploads\/2023\/10\/logo_csj.webp\",\"contentUrl\":\"https:\/\/www.csj-emballages.com\/wp-content\/uploads\/2023\/10\/logo_csj.webp\",\"width\":250,\"height\":95,\"caption\":\"CSJ Emballages\"},\"image\":{\"@id\":\"https:\/\/www.csj-emballages.com\/pt-pt\/#\/schema\/logo\/image\/\"},\"sameAs\":[\"https:\/\/www.facebook.com\/csjemballages\"],\"address\":{\"@type\":\"PostalAddress\",\"streetAddress\":\"ZI La Lechere\",\"addressLocality\":\"Patornay\",\"postalCode\":\"39130\",\"addressCountry\":\"FR\"},\"contactPoint\":[{\"@type\":\"ContactPoint\",\"contactType\":\"Service client\",\"telephone\":\"0384254272\",\"email\":\"contact@csj-emballages.com\"}]}]}<\/script>\n<!-- \/ Yoast SEO Premium plugin. -->","yoast_head_json":{"title":"Damascos secos inteiros 1kg","description":"Damascos secos inteiros de 1 kg, h\u00famidos e saborosos, perfeitos para uma pausa saud\u00e1vel ou para cozinhar. Rico em fibras e sabor. Formato econ\u00f3mico.","robots":{"index":"index","follow":"follow","max-snippet":"max-snippet:-1","max-image-preview":"max-image-preview:large","max-video-preview":"max-video-preview:-1"},"canonical":"https:\/\/www.csj-emballages.com\/pt-pt\/produit\/1-kg-de-alperces-secos-inteiros\/","og_locale":"pt_PT","og_type":"article","og_title":"Damascos secos inteiros 1kg","og_description":"Damascos secos inteiros de 1 kg, h\u00famidos e saborosos, perfeitos para uma pausa saud\u00e1vel ou para cozinhar. Rico em fibras e sabor. Formato econ\u00f3mico.","og_url":"https:\/\/www.csj-emballages.com\/pt-pt\/produit\/1-kg-de-alperces-secos-inteiros\/","og_site_name":"CSJ Emballages","article_publisher":"https:\/\/www.facebook.com\/csjemballages","article_modified_time":"2026-03-12T15:06:49+00:00","og_image":[{"width":800,"height":800,"url":"https:\/\/www.csj-emballages.com\/wp-content\/uploads\/2025\/04\/Abricot-sec-entier.webp","type":"image\/webp"}],"twitter_card":"summary_large_image","twitter_misc":{"Tempo estimado de leitura":"2 minutos"},"schema":{"@context":"https:\/\/schema.org","@graph":[{"@type":"WebPage","@id":"https:\/\/www.csj-emballages.com\/pt-pt\/produit\/1-kg-de-alperces-secos-inteiros\/","url":"https:\/\/www.csj-emballages.com\/pt-pt\/produit\/1-kg-de-alperces-secos-inteiros\/","name":"Damascos secos inteiros 1kg","isPartOf":{"@id":"https:\/\/www.csj-emballages.com\/pt-pt\/#website"},"primaryImageOfPage":{"@id":"https:\/\/www.csj-emballages.com\/pt-pt\/produit\/1-kg-de-alperces-secos-inteiros\/#primaryimage"},"image":{"@id":"https:\/\/www.csj-emballages.com\/pt-pt\/produit\/1-kg-de-alperces-secos-inteiros\/#primaryimage"},"thumbnailUrl":"https:\/\/www.csj-emballages.com\/wp-content\/uploads\/2025\/04\/Abricot-sec-entier.webp","datePublished":"2025-04-11T06:24:41+00:00","dateModified":"2026-03-12T15:06:49+00:00","description":"Damascos secos inteiros de 1 kg, h\u00famidos e saborosos, perfeitos para uma pausa saud\u00e1vel ou para cozinhar. Rico em fibras e sabor. Formato econ\u00f3mico.","breadcrumb":{"@id":"https:\/\/www.csj-emballages.com\/pt-pt\/produit\/1-kg-de-alperces-secos-inteiros\/#breadcrumb"},"inLanguage":"pt-PT","potentialAction":[{"@type":"ReadAction","target":["https:\/\/www.csj-emballages.com\/pt-pt\/produit\/1-kg-de-alperces-secos-inteiros\/"]}]},{"@type":"ImageObject","inLanguage":"pt-PT","@id":"https:\/\/www.csj-emballages.com\/pt-pt\/produit\/1-kg-de-alperces-secos-inteiros\/#primaryimage","url":"https:\/\/www.csj-emballages.com\/wp-content\/uploads\/2025\/04\/Abricot-sec-entier.webp","contentUrl":"https:\/\/www.csj-emballages.com\/wp-content\/uploads\/2025\/04\/Abricot-sec-entier.webp","width":800,"height":800,"caption":"abricots secs"},{"@type":"BreadcrumbList","@id":"https:\/\/www.csj-emballages.com\/pt-pt\/produit\/1-kg-de-alperces-secos-inteiros\/#breadcrumb","itemListElement":[{"@type":"ListItem","position":1,"name":"Acolhimento","item":"https:\/\/www.csj-emballages.com\/pt-pt\/universo-das-embalagens-alimentares\/"},{"@type":"ListItem","position":2,"name":"Shop","item":"https:\/\/www.csj-emballages.com\/shop\/"},{"@type":"ListItem","position":3,"name":"Damascos secos inteiros 1kg"}]},{"@type":"WebSite","@id":"https:\/\/www.csj-emballages.com\/pt-pt\/#website","url":"https:\/\/www.csj-emballages.com\/pt-pt\/","name":"CSJ Emballages","description":"","publisher":{"@id":"https:\/\/www.csj-emballages.com\/pt-pt\/#organization"},"potentialAction":[{"@type":"SearchAction","target":{"@type":"EntryPoint","urlTemplate":"https:\/\/www.csj-emballages.com\/pt-pt\/?s={search_term_string}"},"query-input":{"@type":"PropertyValueSpecification","valueRequired":true,"valueName":"search_term_string"}}],"inLanguage":"pt-PT"},{"@type":"Organization","@id":"https:\/\/www.csj-emballages.com\/pt-pt\/#Organization\/","name":"CSJ Emballages","url":"https:\/\/www.csj-emballages.com\/pt-pt\/","logo":{"@type":"ImageObject","inLanguage":"pt-PT","@id":"https:\/\/www.csj-emballages.com\/pt-pt\/#\/schema\/logo\/image\/","url":"https:\/\/www.csj-emballages.com\/wp-content\/uploads\/2023\/10\/logo_csj.webp","contentUrl":"https:\/\/www.csj-emballages.com\/wp-content\/uploads\/2023\/10\/logo_csj.webp","width":250,"height":95,"caption":"CSJ Emballages"},"image":{"@id":"https:\/\/www.csj-emballages.com\/pt-pt\/#\/schema\/logo\/image\/"},"sameAs":["https:\/\/www.facebook.com\/csjemballages"],"address":{"@type":"PostalAddress","streetAddress":"ZI La Lechere","addressLocality":"Patornay","postalCode":"39130","addressCountry":"FR"},"contactPoint":[{"@type":"ContactPoint","contactType":"Service client","telephone":"0384254272","email":"contact@csj-emballages.com"}]}]}},"df_price":12.13,"df_sale_price":"","df_regular_price":12.13,"df_image_link":"https:\/\/www.csj-emballages.com\/wp-content\/uploads\/2025\/04\/Abricot-sec-entier-300x300.webp","tiered_pricing_type":"fixed","tiered_pricing_fixed_rules":[],"tiered_pricing_percentage_rules":[],"tiered_pricing_minimum":1,"tiered_pricing_roles_data":[],"_links":{"self":[{"href":"https:\/\/www.csj-emballages.com\/pt-pt\/wp-json\/wp\/v2\/product\/231294","targetHints":{"allow":["GET"]}}],"collection":[{"href":"https:\/\/www.csj-emballages.com\/pt-pt\/wp-json\/wp\/v2\/product"}],"about":[{"href":"https:\/\/www.csj-emballages.com\/pt-pt\/wp-json\/wp\/v2\/types\/product"}],"wp:featuredmedia":[{"embeddable":true,"href":"https:\/\/www.csj-emballages.com\/pt-pt\/wp-json\/wp\/v2\/media\/231269"}],"wp:attachment":[{"href":"https:\/\/www.csj-emballages.com\/pt-pt\/wp-json\/wp\/v2\/media?parent=231294"}],"wp:term":[{"taxonomy":"product_brand","embeddable":true,"href":"https:\/\/www.csj-emballages.com\/pt-pt\/wp-json\/wp\/v2\/product_brand?post=231294"},{"taxonomy":"product_cat","embeddable":true,"href":"https:\/\/www.csj-emballages.com\/pt-pt\/wp-json\/wp\/v2\/product_cat?post=231294"},{"taxonomy":"product_tag","embeddable":true,"href":"https:\/\/www.csj-emballages.com\/pt-pt\/wp-json\/wp\/v2\/product_tag?post=231294"}],"curies":[{"name":"wp","href":"https:\/\/api.w.org\/{rel}","templated":true}]}}