{"id":231281,"date":"2025-04-11T08:24:37","date_gmt":"2025-04-11T06:24:37","guid":{"rendered":"https:\/\/www.csj-emballages.com\/produit\/1-kg-de-ameixas-secas-sem-caroco\/"},"modified":"2026-03-12T16:06:47","modified_gmt":"2026-03-12T15:06:47","slug":"1-kg-de-ameixas-secas-sem-caroco","status":"publish","type":"product","link":"https:\/\/www.csj-emballages.com\/pt-pt\/produit\/1-kg-de-ameixas-secas-sem-caroco\/","title":{"rendered":"Ameixas secas sem caro\u00e7o 1kg"},"content":{"rendered":"<h2 class=\"p1\">Ameixas secas<\/h2>\n<hr>\n<h3>Descri\u00e7\u00e3o das nossas ameixas secas sem caro\u00e7o 1kg<\/h3>\n<h3><!--more--><\/h3>\n<div class=\"flex flex-grow flex-col max-w-full\">\n<div class=\"min-h-[20px] text-message flex flex-col items-start whitespace-pre-wrap break-words [.text-message+&amp;]:mt-5 juice:w-full juice:items-end overflow-x-auto gap-2\" dir=\"auto\" data-message-author-role=\"assistant\" data-message-id=\"579bfb50-fb6c-479d-a152-27ab4b509f37\">\n<div class=\"flex w-full flex-col gap-1 juice:empty:hidden juice:first:pt-[3px]\">\n<div class=\"markdown prose w-full break-words dark:prose-invert light\">\n<p class=\"\" data-start=\"239\" data-end=\"450\">Ricas em fibras, naturalmente doces e excecionalmente tenras, as nossas <strong>ameixas secas sem caro\u00e7o<\/strong> em <strong>sacos de 1 kg<\/strong> s\u00e3o indispens\u00e1veis para as suas prepara\u00e7\u00f5es culin\u00e1rias di\u00e1rias ou lanches saud\u00e1veis. Produzidas a partir de frutos cuidadosamente selecionados e colhidos quando est\u00e3o completamente maduros, estas <strong>ameixas<\/strong> s\u00e3o <strong>secas<\/strong> lentamente para preservar toda a sua do\u00e7ura e qualidades nutricionais. A sua vantagem? S\u00e3o <strong data-start=\"663\" data-end=\"677\">sem caro\u00e7o<\/strong>, o que lhe permite poupar um tempo precioso na cozinha. Pode facilmente adicion\u00e1-las \u00e0s suas receitas doces ou salgadas: tajines, bolos, compotas, batidos ou mesmo saladas. O <strong>saco de 1 kg<\/strong> \u00e9 t\u00e3o adequado para os profissionais da restaura\u00e7\u00e3o como para os consumidores preocupados com a sa\u00fade. F\u00e1ceis de guardar e de utilizar, s\u00e3o tamb\u00e9m uma excelente op\u00e7\u00e3o para os adeptos de produtos naturais sem aditivos sup\u00e9rfluos.      <\/p>\n<p class=\"\" data-start=\"1127\" data-end=\"1335\"><strong>As ameixas secas<\/strong> s\u00e3o conhecidas pelos seus efeitos ben\u00e9ficos para o tr\u00e2nsito, para al\u00e9m de serem ricas em antioxidantes e minerais como o pot\u00e1ssio. Assim, este produto combina indulg\u00eancia e bem-estar, sem compromisso. <\/p>\n<p class=\"\" data-start=\"1337\" data-end=\"1486\">Em suma, quer seja cozinheiro, pasteleiro, dono de um restaurante ou simplesmente apaixonado pela cozinha caseira, estas <strong>ameixas secas<\/strong> ser\u00e3o uma adi\u00e7\u00e3o bem-vinda \u00e0 sua despensa.<\/p>\n<p data-start=\"1337\" data-end=\"1486\">\n<\/div>\n<\/div>\n<\/div>\n<\/div>\n<p><!--more--><\/p>\n<div class=\"flex flex-grow flex-col max-w-full\">\n<div class=\"min-h-[20px] text-message flex flex-col items-start whitespace-pre-wrap break-words [.text-message+&amp;]:mt-5 juice:w-full juice:items-end overflow-x-auto gap-2\" dir=\"auto\" data-message-author-role=\"assistant\" data-message-id=\"579bfb50-fb6c-479d-a152-27ab4b509f37\">\n<div class=\"flex w-full flex-col gap-1 juice:empty:hidden juice:first:pt-[3px]\">\n<div class=\"markdown prose w-full break-words dark:prose-invert light\">\n<h4><strong>As suas vantagens:<\/strong><\/h4>\n<ul>\n<li>Ameixas secas sem caro\u00e7o prontas a utilizar.<\/li>\n<li>Rico em fibras e nutrientes.<\/li>\n<li>Naturalmente doce, sem adi\u00e7\u00e3o de a\u00e7\u00facar.<\/li>\n<li>Formato econ\u00f3mico e pr\u00e1tico de 1 kg.<\/li>\n<li>Ideal para receitas doces e salgadas.<\/li>\n<\/ul>\n<\/div>\n<div class=\"markdown prose w-full break-words dark:prose-invert light\">\n<p>&nbsp;<\/p>\n<\/div>\n<\/div>\n<\/div>\n<\/div>\n<p><!--more--><\/p>\n<h4>Outras informa\u00e7\u00f5es :<\/h4>\n<ul>\n<li><strong>Embalagem<\/strong>: Pacote de 1kg<\/li>\n<li><strong>Tipo<\/strong>: Ameixas secas sem caro\u00e7o<\/li>\n<\/ul>\n<p>&nbsp;<\/p>\n<p><!--more--><\/p>\n<p>Encontre aqui os nossos alperces secos e passas de uva: <span style=\"color: #d12727\"><a style=\"color: #d12727\" href=\"https:\/\/www.csj-emballages.com\/es\/produit\/1-kg-de-albaricoques-secos-enteros\/\">160012<\/a> <\/span>\/ <span style=\"color: #d12727\"><a style=\"color: #d12727\" href=\"https:\/\/www.csj-emballages.com\/es\/produit\/1-kg-de-pasas-sultanas\/\">160010<\/a><\/span><\/p>\n<p>&nbsp;<\/p>\n<p><!--more--><\/p>\n<p><a href=\"https:\/\/u15jnbdpoq.preview.infomaniak.website\/categorie-produit\/alimentation\/aliments\/fruits-secs-au-sirop\/fruits-secs\/\">V\u00ea o resto da nossa gama de frutos secos<\/a><\/p>\n","protected":false},"excerpt":{"rendered":"<p>Ameixas secas Descri\u00e7\u00e3o das nossas ameixas secas sem caro\u00e7o 1kg<\/p>\n","protected":false},"featured_media":231278,"template":"","meta":{"_acf_changed":false},"product_brand":[],"product_cat":[1151,7622],"product_tag":[],"class_list":{"0":"post-231281","1":"product","2":"type-product","3":"status-publish","4":"has-post-thumbnail","6":"product_cat-alimentacao-pt-pt","7":"product_cat-frutas-secas","9":"first","10":"instock","11":"featured","12":"taxable","13":"shipping-taxable","14":"purchasable","15":"product-type-simple"},"acf":[],"yoast_head":"<!-- This site is optimized with the Yoast SEO Premium plugin v26.6 (Yoast SEO v26.6) - https:\/\/yoast.com\/wordpress\/plugins\/seo\/ -->\n<title>Ameixas secas sem caro\u00e7o 1kg<\/title>\n<meta name=\"description\" content=\"Ameixas secas sem caro\u00e7o 1kg: ricas em fibras, naturais e saborosas, perfeitas para as suas receitas ou para uma pausa saud\u00e1vel em qualquer altura.\" \/>\n<meta name=\"robots\" content=\"index, follow, max-snippet:-1, max-image-preview:large, max-video-preview:-1\" \/>\n<link rel=\"canonical\" href=\"https:\/\/www.csj-emballages.com\/pt-pt\/produit\/1-kg-de-ameixas-secas-sem-caroco\/\" \/>\n<meta property=\"og:locale\" content=\"pt_PT\" \/>\n<meta property=\"og:type\" content=\"article\" \/>\n<meta property=\"og:title\" content=\"Ameixas secas sem caro\u00e7o 1kg\" \/>\n<meta property=\"og:description\" content=\"Ameixas secas sem caro\u00e7o 1kg: ricas em fibras, naturais e saborosas, perfeitas para as suas receitas ou para uma pausa saud\u00e1vel em qualquer altura.\" \/>\n<meta property=\"og:url\" content=\"https:\/\/www.csj-emballages.com\/pt-pt\/produit\/1-kg-de-ameixas-secas-sem-caroco\/\" \/>\n<meta property=\"og:site_name\" content=\"CSJ Emballages\" \/>\n<meta property=\"article:publisher\" content=\"https:\/\/www.facebook.com\/csjemballages\" \/>\n<meta property=\"article:modified_time\" content=\"2026-03-12T15:06:47+00:00\" \/>\n<meta property=\"og:image\" content=\"https:\/\/www.csj-emballages.com\/wp-content\/uploads\/2025\/04\/Pruneaux-seches.webp\" \/>\n\t<meta property=\"og:image:width\" content=\"800\" \/>\n\t<meta property=\"og:image:height\" content=\"800\" \/>\n\t<meta property=\"og:image:type\" content=\"image\/webp\" \/>\n<meta name=\"twitter:card\" content=\"summary_large_image\" \/>\n<meta name=\"twitter:label1\" content=\"Tempo estimado de leitura\" \/>\n\t<meta name=\"twitter:data1\" content=\"1 minuto\" \/>\n<script type=\"application\/ld+json\" class=\"yoast-schema-graph\">{\"@context\":\"https:\/\/schema.org\",\"@graph\":[{\"@type\":\"WebPage\",\"@id\":\"https:\/\/www.csj-emballages.com\/pt-pt\/produit\/1-kg-de-ameixas-secas-sem-caroco\/\",\"url\":\"https:\/\/www.csj-emballages.com\/pt-pt\/produit\/1-kg-de-ameixas-secas-sem-caroco\/\",\"name\":\"Ameixas secas sem caro\u00e7o 1kg\",\"isPartOf\":{\"@id\":\"https:\/\/www.csj-emballages.com\/pt-pt\/#website\"},\"primaryImageOfPage\":{\"@id\":\"https:\/\/www.csj-emballages.com\/pt-pt\/produit\/1-kg-de-ameixas-secas-sem-caroco\/#primaryimage\"},\"image\":{\"@id\":\"https:\/\/www.csj-emballages.com\/pt-pt\/produit\/1-kg-de-ameixas-secas-sem-caroco\/#primaryimage\"},\"thumbnailUrl\":\"https:\/\/www.csj-emballages.com\/wp-content\/uploads\/2025\/04\/Pruneaux-seches.webp\",\"datePublished\":\"2025-04-11T06:24:37+00:00\",\"dateModified\":\"2026-03-12T15:06:47+00:00\",\"description\":\"Ameixas secas sem caro\u00e7o 1kg: ricas em fibras, naturais e saborosas, perfeitas para as suas receitas ou para uma pausa saud\u00e1vel em qualquer altura.\",\"breadcrumb\":{\"@id\":\"https:\/\/www.csj-emballages.com\/pt-pt\/produit\/1-kg-de-ameixas-secas-sem-caroco\/#breadcrumb\"},\"inLanguage\":\"pt-PT\",\"potentialAction\":[{\"@type\":\"ReadAction\",\"target\":[\"https:\/\/www.csj-emballages.com\/pt-pt\/produit\/1-kg-de-ameixas-secas-sem-caroco\/\"]}]},{\"@type\":\"ImageObject\",\"inLanguage\":\"pt-PT\",\"@id\":\"https:\/\/www.csj-emballages.com\/pt-pt\/produit\/1-kg-de-ameixas-secas-sem-caroco\/#primaryimage\",\"url\":\"https:\/\/www.csj-emballages.com\/wp-content\/uploads\/2025\/04\/Pruneaux-seches.webp\",\"contentUrl\":\"https:\/\/www.csj-emballages.com\/wp-content\/uploads\/2025\/04\/Pruneaux-seches.webp\",\"width\":800,\"height\":800,\"caption\":\"Pruneaux s\u00e9ch\u00e9s\"},{\"@type\":\"BreadcrumbList\",\"@id\":\"https:\/\/www.csj-emballages.com\/pt-pt\/produit\/1-kg-de-ameixas-secas-sem-caroco\/#breadcrumb\",\"itemListElement\":[{\"@type\":\"ListItem\",\"position\":1,\"name\":\"Acolhimento\",\"item\":\"https:\/\/www.csj-emballages.com\/pt-pt\/universo-das-embalagens-alimentares\/\"},{\"@type\":\"ListItem\",\"position\":2,\"name\":\"Shop\",\"item\":\"https:\/\/www.csj-emballages.com\/shop\/\"},{\"@type\":\"ListItem\",\"position\":3,\"name\":\"Ameixas secas sem caro\u00e7o 1kg\"}]},{\"@type\":\"WebSite\",\"@id\":\"https:\/\/www.csj-emballages.com\/pt-pt\/#website\",\"url\":\"https:\/\/www.csj-emballages.com\/pt-pt\/\",\"name\":\"CSJ Emballages\",\"description\":\"\",\"publisher\":{\"@id\":\"https:\/\/www.csj-emballages.com\/pt-pt\/#organization\"},\"potentialAction\":[{\"@type\":\"SearchAction\",\"target\":{\"@type\":\"EntryPoint\",\"urlTemplate\":\"https:\/\/www.csj-emballages.com\/pt-pt\/?s={search_term_string}\"},\"query-input\":{\"@type\":\"PropertyValueSpecification\",\"valueRequired\":true,\"valueName\":\"search_term_string\"}}],\"inLanguage\":\"pt-PT\"},{\"@type\":\"Organization\",\"@id\":\"https:\/\/www.csj-emballages.com\/pt-pt\/#Organization\/\",\"name\":\"CSJ Emballages\",\"url\":\"https:\/\/www.csj-emballages.com\/pt-pt\/\",\"logo\":{\"@type\":\"ImageObject\",\"inLanguage\":\"pt-PT\",\"@id\":\"https:\/\/www.csj-emballages.com\/pt-pt\/#\/schema\/logo\/image\/\",\"url\":\"https:\/\/www.csj-emballages.com\/wp-content\/uploads\/2023\/10\/logo_csj.webp\",\"contentUrl\":\"https:\/\/www.csj-emballages.com\/wp-content\/uploads\/2023\/10\/logo_csj.webp\",\"width\":250,\"height\":95,\"caption\":\"CSJ Emballages\"},\"image\":{\"@id\":\"https:\/\/www.csj-emballages.com\/pt-pt\/#\/schema\/logo\/image\/\"},\"sameAs\":[\"https:\/\/www.facebook.com\/csjemballages\"],\"address\":{\"@type\":\"PostalAddress\",\"streetAddress\":\"ZI La Lechere\",\"addressLocality\":\"Patornay\",\"postalCode\":\"39130\",\"addressCountry\":\"FR\"},\"contactPoint\":[{\"@type\":\"ContactPoint\",\"contactType\":\"Service client\",\"telephone\":\"0384254272\",\"email\":\"contact@csj-emballages.com\"}]}]}<\/script>\n<!-- \/ Yoast SEO Premium plugin. -->","yoast_head_json":{"title":"Ameixas secas sem caro\u00e7o 1kg","description":"Ameixas secas sem caro\u00e7o 1kg: ricas em fibras, naturais e saborosas, perfeitas para as suas receitas ou para uma pausa saud\u00e1vel em qualquer altura.","robots":{"index":"index","follow":"follow","max-snippet":"max-snippet:-1","max-image-preview":"max-image-preview:large","max-video-preview":"max-video-preview:-1"},"canonical":"https:\/\/www.csj-emballages.com\/pt-pt\/produit\/1-kg-de-ameixas-secas-sem-caroco\/","og_locale":"pt_PT","og_type":"article","og_title":"Ameixas secas sem caro\u00e7o 1kg","og_description":"Ameixas secas sem caro\u00e7o 1kg: ricas em fibras, naturais e saborosas, perfeitas para as suas receitas ou para uma pausa saud\u00e1vel em qualquer altura.","og_url":"https:\/\/www.csj-emballages.com\/pt-pt\/produit\/1-kg-de-ameixas-secas-sem-caroco\/","og_site_name":"CSJ Emballages","article_publisher":"https:\/\/www.facebook.com\/csjemballages","article_modified_time":"2026-03-12T15:06:47+00:00","og_image":[{"width":800,"height":800,"url":"https:\/\/www.csj-emballages.com\/wp-content\/uploads\/2025\/04\/Pruneaux-seches.webp","type":"image\/webp"}],"twitter_card":"summary_large_image","twitter_misc":{"Tempo estimado de leitura":"1 minuto"},"schema":{"@context":"https:\/\/schema.org","@graph":[{"@type":"WebPage","@id":"https:\/\/www.csj-emballages.com\/pt-pt\/produit\/1-kg-de-ameixas-secas-sem-caroco\/","url":"https:\/\/www.csj-emballages.com\/pt-pt\/produit\/1-kg-de-ameixas-secas-sem-caroco\/","name":"Ameixas secas sem caro\u00e7o 1kg","isPartOf":{"@id":"https:\/\/www.csj-emballages.com\/pt-pt\/#website"},"primaryImageOfPage":{"@id":"https:\/\/www.csj-emballages.com\/pt-pt\/produit\/1-kg-de-ameixas-secas-sem-caroco\/#primaryimage"},"image":{"@id":"https:\/\/www.csj-emballages.com\/pt-pt\/produit\/1-kg-de-ameixas-secas-sem-caroco\/#primaryimage"},"thumbnailUrl":"https:\/\/www.csj-emballages.com\/wp-content\/uploads\/2025\/04\/Pruneaux-seches.webp","datePublished":"2025-04-11T06:24:37+00:00","dateModified":"2026-03-12T15:06:47+00:00","description":"Ameixas secas sem caro\u00e7o 1kg: ricas em fibras, naturais e saborosas, perfeitas para as suas receitas ou para uma pausa saud\u00e1vel em qualquer altura.","breadcrumb":{"@id":"https:\/\/www.csj-emballages.com\/pt-pt\/produit\/1-kg-de-ameixas-secas-sem-caroco\/#breadcrumb"},"inLanguage":"pt-PT","potentialAction":[{"@type":"ReadAction","target":["https:\/\/www.csj-emballages.com\/pt-pt\/produit\/1-kg-de-ameixas-secas-sem-caroco\/"]}]},{"@type":"ImageObject","inLanguage":"pt-PT","@id":"https:\/\/www.csj-emballages.com\/pt-pt\/produit\/1-kg-de-ameixas-secas-sem-caroco\/#primaryimage","url":"https:\/\/www.csj-emballages.com\/wp-content\/uploads\/2025\/04\/Pruneaux-seches.webp","contentUrl":"https:\/\/www.csj-emballages.com\/wp-content\/uploads\/2025\/04\/Pruneaux-seches.webp","width":800,"height":800,"caption":"Pruneaux s\u00e9ch\u00e9s"},{"@type":"BreadcrumbList","@id":"https:\/\/www.csj-emballages.com\/pt-pt\/produit\/1-kg-de-ameixas-secas-sem-caroco\/#breadcrumb","itemListElement":[{"@type":"ListItem","position":1,"name":"Acolhimento","item":"https:\/\/www.csj-emballages.com\/pt-pt\/universo-das-embalagens-alimentares\/"},{"@type":"ListItem","position":2,"name":"Shop","item":"https:\/\/www.csj-emballages.com\/shop\/"},{"@type":"ListItem","position":3,"name":"Ameixas secas sem caro\u00e7o 1kg"}]},{"@type":"WebSite","@id":"https:\/\/www.csj-emballages.com\/pt-pt\/#website","url":"https:\/\/www.csj-emballages.com\/pt-pt\/","name":"CSJ Emballages","description":"","publisher":{"@id":"https:\/\/www.csj-emballages.com\/pt-pt\/#organization"},"potentialAction":[{"@type":"SearchAction","target":{"@type":"EntryPoint","urlTemplate":"https:\/\/www.csj-emballages.com\/pt-pt\/?s={search_term_string}"},"query-input":{"@type":"PropertyValueSpecification","valueRequired":true,"valueName":"search_term_string"}}],"inLanguage":"pt-PT"},{"@type":"Organization","@id":"https:\/\/www.csj-emballages.com\/pt-pt\/#Organization\/","name":"CSJ Emballages","url":"https:\/\/www.csj-emballages.com\/pt-pt\/","logo":{"@type":"ImageObject","inLanguage":"pt-PT","@id":"https:\/\/www.csj-emballages.com\/pt-pt\/#\/schema\/logo\/image\/","url":"https:\/\/www.csj-emballages.com\/wp-content\/uploads\/2023\/10\/logo_csj.webp","contentUrl":"https:\/\/www.csj-emballages.com\/wp-content\/uploads\/2023\/10\/logo_csj.webp","width":250,"height":95,"caption":"CSJ Emballages"},"image":{"@id":"https:\/\/www.csj-emballages.com\/pt-pt\/#\/schema\/logo\/image\/"},"sameAs":["https:\/\/www.facebook.com\/csjemballages"],"address":{"@type":"PostalAddress","streetAddress":"ZI La Lechere","addressLocality":"Patornay","postalCode":"39130","addressCountry":"FR"},"contactPoint":[{"@type":"ContactPoint","contactType":"Service client","telephone":"0384254272","email":"contact@csj-emballages.com"}]}]}},"df_price":9.95,"df_sale_price":"","df_regular_price":9.95,"df_image_link":"https:\/\/www.csj-emballages.com\/wp-content\/uploads\/2025\/04\/Pruneaux-seches-300x300.webp","tiered_pricing_type":"fixed","tiered_pricing_fixed_rules":[],"tiered_pricing_percentage_rules":[],"tiered_pricing_minimum":1,"tiered_pricing_roles_data":[],"_links":{"self":[{"href":"https:\/\/www.csj-emballages.com\/pt-pt\/wp-json\/wp\/v2\/product\/231281","targetHints":{"allow":["GET"]}}],"collection":[{"href":"https:\/\/www.csj-emballages.com\/pt-pt\/wp-json\/wp\/v2\/product"}],"about":[{"href":"https:\/\/www.csj-emballages.com\/pt-pt\/wp-json\/wp\/v2\/types\/product"}],"wp:featuredmedia":[{"embeddable":true,"href":"https:\/\/www.csj-emballages.com\/pt-pt\/wp-json\/wp\/v2\/media\/231278"}],"wp:attachment":[{"href":"https:\/\/www.csj-emballages.com\/pt-pt\/wp-json\/wp\/v2\/media?parent=231281"}],"wp:term":[{"taxonomy":"product_brand","embeddable":true,"href":"https:\/\/www.csj-emballages.com\/pt-pt\/wp-json\/wp\/v2\/product_brand?post=231281"},{"taxonomy":"product_cat","embeddable":true,"href":"https:\/\/www.csj-emballages.com\/pt-pt\/wp-json\/wp\/v2\/product_cat?post=231281"},{"taxonomy":"product_tag","embeddable":true,"href":"https:\/\/www.csj-emballages.com\/pt-pt\/wp-json\/wp\/v2\/product_tag?post=231281"}],"curies":[{"name":"wp","href":"https:\/\/api.w.org\/{rel}","templated":true}]}}