{"id":23100,"date":"2024-03-01T16:50:09","date_gmt":"2024-03-01T15:50:09","guid":{"rendered":"https:\/\/u15jnbdpoq.preview.infomaniak.website\/produit\/1000-sacos-de-matadouro-agrupados-40-x-60-cm-30-%c2%b5\/"},"modified":"2026-04-14T02:20:46","modified_gmt":"2026-04-14T00:20:46","slug":"1000-sacos-de-matadouro-agrupados-40-x-60-cm-30-%c2%b5","status":"publish","type":"product","link":"https:\/\/www.csj-emballages.com\/pt-pt\/produit\/1000-sacos-de-matadouro-agrupados-40-x-60-cm-30-%c2%b5\/","title":{"rendered":"Saco de matadouro atado 40 x 60 cm 30 \u00b5 por 1000"},"content":{"rendered":"<h2>Saco para matadouro<\/h2>\n<hr>\n<h3>Descri\u00e7\u00e3o do nosso saco de abate encadernado 40 x 60 cm 30 \u00b5 por 1000<\/h3>\n<p><!--more--><\/p>\n<div class=\"flex flex-grow flex-col max-w-full\">\n<div class=\"min-h-[20px] text-message flex flex-col items-start whitespace-pre-wrap break-words [.text-message+&amp;]:mt-5 juice:w-full juice:items-end overflow-x-auto gap-2\" dir=\"auto\" data-message-author-role=\"assistant\" data-message-id=\"3a536f7e-879d-4f2d-9ebb-28d2279e1068\">\n<div class=\"flex w-full flex-col gap-1 juice:empty:hidden juice:first:pt-[3px]\">\n<div class=\"markdown prose w-full break-words dark:prose-invert light\">\n<p>O <strong>saco de matadouro de 40 x 60 cm com 30 \u00b5 de encaderna\u00e7\u00e3o<\/strong> foi concebido para uma prote\u00e7\u00e3o e resist\u00eancia \u00f3ptimas em ambientes exigentes. Com uma capacidade de <strong>1000<\/strong> por lote, \u00e9 ideal para utiliza\u00e7\u00e3o em matadouros e ind\u00fastrias semelhantes. A sua constru\u00e7\u00e3o em polietileno <strong>de 30 m\u00edcrones<\/strong> garante resist\u00eancia face a uma utiliza\u00e7\u00e3o intensiva, ao mesmo tempo que oferece flexibilidade para um manuseamento f\u00e1cil. Este produto \u00e9 perfeito para o armazenamento, transporte e elimina\u00e7\u00e3o de res\u00edduos profissionais.   <\/p>\n<\/div>\n<\/div>\n<p>&nbsp;<\/p>\n<\/div>\n<\/div>\n<p><!--more--><\/p>\n<h4>Vantagens :<\/h4>\n<ul>\n<li data-start=\"1840\" data-end=\"1884\">Grande formato adequado para volumes importantes.<\/li>\n<li data-start=\"1887\" data-end=\"1933\"><strong>Espessura 30 \u00b5<\/strong> para uma maior resist\u00eancia.<\/li>\n<li data-start=\"1936\" data-end=\"1977\">Apresenta\u00e7\u00e3o em ma\u00e7os pr\u00e1tica e r\u00e1pida.<\/li>\n<li data-start=\"1980\" data-end=\"2015\">Utiliza\u00e7\u00e3o simples e polivalente.<\/li>\n<li data-start=\"2018\" data-end=\"2058\">Embalagem econ\u00f3mica de <strong>1000 sacos<\/strong>.<\/li>\n<\/ul>\n<p>&nbsp;<\/p>\n<p><!--more--><\/p>\n<h4>As suas vantagens:<\/h4>\n<ul>\n<li><strong>Amigo do ambiente<\/strong>: Fabricados em papel recicl\u00e1vel e biodegrad\u00e1vel, estes sacos reduzem a utiliza\u00e7\u00e3o de pl\u00e1stico, ajudando a reduzir os res\u00edduos de pl\u00e1stico e a polui\u00e7\u00e3o ambiental.<\/li>\n<li><strong>Variedade<\/strong>: Dispon\u00edvel em v\u00e1rios tamanhos e cores para se adaptar \u00e0s tuas necessidades.<\/li>\n<li><strong>Est\u00e9tica<\/strong>: Os sacos de papel kraft t\u00eam um aspeto natural e r\u00fastico que agrada a muitos consumidores. O seu aspeto s\u00f3brio e elegante pode tamb\u00e9m melhorar a imagem de marca das empresas que os utilizam.<\/li>\n<\/ul>\n<p>&nbsp;<\/p>\n<p><!--more--><\/p>\n<p>Produto dispon\u00edvel em tamanho maior : <span style=\"color: #d12727;\"><a style=\"color: #d12727;\" href=\"https:\/\/www.csj-emballages.com\/produit\/300-sacs-abattoirs-liasses-60-x-100-cm-50-%c2%b5\/\">60 x 100 cm<\/a><\/span><\/p>\n<p>&nbsp;<\/p>\n<p><!--more--><\/p>\n<p><a href=\"https:\/\/www.csj-emballages.com\/pt-pt\/categorie-produit\/embalagem-de-alimentos\/talho-e-charcutaria\/sacos-e-bolsas\/sacos-para-matadouros\/\">V\u00ea o resto da nossa gama de sacos para matadouros<\/a><\/p>\n","protected":false},"excerpt":{"rendered":"<p>Saco para matadouro Descri\u00e7\u00e3o do nosso saco de abate encadernado 40 x 60 cm 30 \u00b5 por 1000<\/p>\n","protected":false},"featured_media":209352,"template":"","meta":{"_acf_changed":false},"product_brand":[],"product_cat":[1176,3289],"product_tag":[],"class_list":{"0":"post-23100","1":"product","2":"type-product","3":"status-publish","4":"has-post-thumbnail","6":"product_cat-talho-e-charcutaria","7":"product_cat-sacos-para-matadouros","9":"first","10":"instock","11":"taxable","12":"shipping-taxable","13":"purchasable","14":"product-type-simple"},"acf":[],"yoast_head":"<!-- This site is optimized with the Yoast SEO Premium plugin v26.6 (Yoast SEO v26.6) - https:\/\/yoast.com\/wordpress\/plugins\/seo\/ -->\n<title>Saco para matadouro 30 \u00b5 - 40 x 60 cm<\/title>\n<meta name=\"description\" content=\"40 x 60 cm 30 \u00b5 por 1000: robusto, flex\u00edvel e adequado para ambientes exigentes, ideal para armazenar e transportar res\u00edduos.\" \/>\n<meta name=\"robots\" content=\"index, follow, max-snippet:-1, max-image-preview:large, max-video-preview:-1\" \/>\n<link rel=\"canonical\" href=\"https:\/\/www.csj-emballages.com\/pt-pt\/produit\/1000-sacos-de-matadouro-agrupados-40-x-60-cm-30-%c2%b5\/\" \/>\n<meta property=\"og:locale\" content=\"pt_PT\" \/>\n<meta property=\"og:type\" content=\"article\" \/>\n<meta property=\"og:title\" content=\"Saco de matadouro atado 40 x 60 cm 30 \u00b5 por 1000\" \/>\n<meta property=\"og:description\" content=\"40 x 60 cm 30 \u00b5 por 1000: robusto, flex\u00edvel e adequado para ambientes exigentes, ideal para armazenar e transportar res\u00edduos.\" \/>\n<meta property=\"og:url\" content=\"https:\/\/www.csj-emballages.com\/pt-pt\/produit\/1000-sacos-de-matadouro-agrupados-40-x-60-cm-30-%c2%b5\/\" \/>\n<meta property=\"og:site_name\" content=\"CSJ Emballages\" \/>\n<meta property=\"article:publisher\" content=\"https:\/\/www.facebook.com\/csjemballages\" \/>\n<meta property=\"article:modified_time\" content=\"2026-04-14T00:20:46+00:00\" \/>\n<meta property=\"og:image\" content=\"https:\/\/www.csj-emballages.com\/wp-content\/uploads\/2024\/03\/sac-abattoir.webp\" \/>\n\t<meta property=\"og:image:width\" content=\"801\" \/>\n\t<meta property=\"og:image:height\" content=\"800\" \/>\n\t<meta property=\"og:image:type\" content=\"image\/webp\" \/>\n<meta name=\"twitter:card\" content=\"summary_large_image\" \/>\n<meta name=\"twitter:label1\" content=\"Tempo estimado de leitura\" \/>\n\t<meta name=\"twitter:data1\" content=\"1 minuto\" \/>\n<script type=\"application\/ld+json\" class=\"yoast-schema-graph\">{\"@context\":\"https:\/\/schema.org\",\"@graph\":[{\"@type\":\"WebPage\",\"@id\":\"https:\/\/www.csj-emballages.com\/pt-pt\/produit\/1000-sacos-de-matadouro-agrupados-40-x-60-cm-30-%c2%b5\/\",\"url\":\"https:\/\/www.csj-emballages.com\/pt-pt\/produit\/1000-sacos-de-matadouro-agrupados-40-x-60-cm-30-%c2%b5\/\",\"name\":\"Saco para matadouro 30 \u00b5 - 40 x 60 cm\",\"isPartOf\":{\"@id\":\"https:\/\/www.csj-emballages.com\/pt-pt\/#website\"},\"primaryImageOfPage\":{\"@id\":\"https:\/\/www.csj-emballages.com\/pt-pt\/produit\/1000-sacos-de-matadouro-agrupados-40-x-60-cm-30-%c2%b5\/#primaryimage\"},\"image\":{\"@id\":\"https:\/\/www.csj-emballages.com\/pt-pt\/produit\/1000-sacos-de-matadouro-agrupados-40-x-60-cm-30-%c2%b5\/#primaryimage\"},\"thumbnailUrl\":\"https:\/\/www.csj-emballages.com\/wp-content\/uploads\/2024\/03\/sac-abattoir.webp\",\"datePublished\":\"2024-03-01T15:50:09+00:00\",\"dateModified\":\"2026-04-14T00:20:46+00:00\",\"description\":\"40 x 60 cm 30 \u00b5 por 1000: robusto, flex\u00edvel e adequado para ambientes exigentes, ideal para armazenar e transportar res\u00edduos.\",\"breadcrumb\":{\"@id\":\"https:\/\/www.csj-emballages.com\/pt-pt\/produit\/1000-sacos-de-matadouro-agrupados-40-x-60-cm-30-%c2%b5\/#breadcrumb\"},\"inLanguage\":\"pt-PT\",\"potentialAction\":[{\"@type\":\"ReadAction\",\"target\":[\"https:\/\/www.csj-emballages.com\/pt-pt\/produit\/1000-sacos-de-matadouro-agrupados-40-x-60-cm-30-%c2%b5\/\"]}]},{\"@type\":\"ImageObject\",\"inLanguage\":\"pt-PT\",\"@id\":\"https:\/\/www.csj-emballages.com\/pt-pt\/produit\/1000-sacos-de-matadouro-agrupados-40-x-60-cm-30-%c2%b5\/#primaryimage\",\"url\":\"https:\/\/www.csj-emballages.com\/wp-content\/uploads\/2024\/03\/sac-abattoir.webp\",\"contentUrl\":\"https:\/\/www.csj-emballages.com\/wp-content\/uploads\/2024\/03\/sac-abattoir.webp\",\"width\":801,\"height\":800,\"caption\":\"sac abattoir\"},{\"@type\":\"BreadcrumbList\",\"@id\":\"https:\/\/www.csj-emballages.com\/pt-pt\/produit\/1000-sacos-de-matadouro-agrupados-40-x-60-cm-30-%c2%b5\/#breadcrumb\",\"itemListElement\":[{\"@type\":\"ListItem\",\"position\":1,\"name\":\"Acolhimento\",\"item\":\"https:\/\/www.csj-emballages.com\/pt-pt\/universo-das-embalagens-alimentares\/\"},{\"@type\":\"ListItem\",\"position\":2,\"name\":\"Shop\",\"item\":\"https:\/\/www.csj-emballages.com\/shop\/\"},{\"@type\":\"ListItem\",\"position\":3,\"name\":\"Saco de matadouro atado 40 x 60 cm 30 \u00b5 por 1000\"}]},{\"@type\":\"WebSite\",\"@id\":\"https:\/\/www.csj-emballages.com\/pt-pt\/#website\",\"url\":\"https:\/\/www.csj-emballages.com\/pt-pt\/\",\"name\":\"CSJ Emballages\",\"description\":\"\",\"publisher\":{\"@id\":\"https:\/\/www.csj-emballages.com\/pt-pt\/#organization\"},\"potentialAction\":[{\"@type\":\"SearchAction\",\"target\":{\"@type\":\"EntryPoint\",\"urlTemplate\":\"https:\/\/www.csj-emballages.com\/pt-pt\/?s={search_term_string}\"},\"query-input\":{\"@type\":\"PropertyValueSpecification\",\"valueRequired\":true,\"valueName\":\"search_term_string\"}}],\"inLanguage\":\"pt-PT\"},{\"@type\":\"Organization\",\"@id\":\"https:\/\/www.csj-emballages.com\/pt-pt\/#Organization\/\",\"name\":\"CSJ Emballages\",\"url\":\"https:\/\/www.csj-emballages.com\/pt-pt\/\",\"logo\":{\"@type\":\"ImageObject\",\"inLanguage\":\"pt-PT\",\"@id\":\"https:\/\/www.csj-emballages.com\/pt-pt\/#\/schema\/logo\/image\/\",\"url\":\"https:\/\/www.csj-emballages.com\/wp-content\/uploads\/2023\/10\/logo_csj.webp\",\"contentUrl\":\"https:\/\/www.csj-emballages.com\/wp-content\/uploads\/2023\/10\/logo_csj.webp\",\"width\":250,\"height\":95,\"caption\":\"CSJ Emballages\"},\"image\":{\"@id\":\"https:\/\/www.csj-emballages.com\/pt-pt\/#\/schema\/logo\/image\/\"},\"sameAs\":[\"https:\/\/www.facebook.com\/csjemballages\"],\"address\":{\"@type\":\"PostalAddress\",\"streetAddress\":\"ZI La Lechere\",\"addressLocality\":\"Patornay\",\"postalCode\":\"39130\",\"addressCountry\":\"FR\"},\"contactPoint\":[{\"@type\":\"ContactPoint\",\"contactType\":\"Service client\",\"telephone\":\"0384254272\",\"email\":\"contact@csj-emballages.com\"}]}]}<\/script>\n<!-- \/ Yoast SEO Premium plugin. -->","yoast_head_json":{"title":"Saco para matadouro 30 \u00b5 - 40 x 60 cm","description":"40 x 60 cm 30 \u00b5 por 1000: robusto, flex\u00edvel e adequado para ambientes exigentes, ideal para armazenar e transportar res\u00edduos.","robots":{"index":"index","follow":"follow","max-snippet":"max-snippet:-1","max-image-preview":"max-image-preview:large","max-video-preview":"max-video-preview:-1"},"canonical":"https:\/\/www.csj-emballages.com\/pt-pt\/produit\/1000-sacos-de-matadouro-agrupados-40-x-60-cm-30-%c2%b5\/","og_locale":"pt_PT","og_type":"article","og_title":"Saco de matadouro atado 40 x 60 cm 30 \u00b5 por 1000","og_description":"40 x 60 cm 30 \u00b5 por 1000: robusto, flex\u00edvel e adequado para ambientes exigentes, ideal para armazenar e transportar res\u00edduos.","og_url":"https:\/\/www.csj-emballages.com\/pt-pt\/produit\/1000-sacos-de-matadouro-agrupados-40-x-60-cm-30-%c2%b5\/","og_site_name":"CSJ Emballages","article_publisher":"https:\/\/www.facebook.com\/csjemballages","article_modified_time":"2026-04-14T00:20:46+00:00","og_image":[{"width":801,"height":800,"url":"https:\/\/www.csj-emballages.com\/wp-content\/uploads\/2024\/03\/sac-abattoir.webp","type":"image\/webp"}],"twitter_card":"summary_large_image","twitter_misc":{"Tempo estimado de leitura":"1 minuto"},"schema":{"@context":"https:\/\/schema.org","@graph":[{"@type":"WebPage","@id":"https:\/\/www.csj-emballages.com\/pt-pt\/produit\/1000-sacos-de-matadouro-agrupados-40-x-60-cm-30-%c2%b5\/","url":"https:\/\/www.csj-emballages.com\/pt-pt\/produit\/1000-sacos-de-matadouro-agrupados-40-x-60-cm-30-%c2%b5\/","name":"Saco para matadouro 30 \u00b5 - 40 x 60 cm","isPartOf":{"@id":"https:\/\/www.csj-emballages.com\/pt-pt\/#website"},"primaryImageOfPage":{"@id":"https:\/\/www.csj-emballages.com\/pt-pt\/produit\/1000-sacos-de-matadouro-agrupados-40-x-60-cm-30-%c2%b5\/#primaryimage"},"image":{"@id":"https:\/\/www.csj-emballages.com\/pt-pt\/produit\/1000-sacos-de-matadouro-agrupados-40-x-60-cm-30-%c2%b5\/#primaryimage"},"thumbnailUrl":"https:\/\/www.csj-emballages.com\/wp-content\/uploads\/2024\/03\/sac-abattoir.webp","datePublished":"2024-03-01T15:50:09+00:00","dateModified":"2026-04-14T00:20:46+00:00","description":"40 x 60 cm 30 \u00b5 por 1000: robusto, flex\u00edvel e adequado para ambientes exigentes, ideal para armazenar e transportar res\u00edduos.","breadcrumb":{"@id":"https:\/\/www.csj-emballages.com\/pt-pt\/produit\/1000-sacos-de-matadouro-agrupados-40-x-60-cm-30-%c2%b5\/#breadcrumb"},"inLanguage":"pt-PT","potentialAction":[{"@type":"ReadAction","target":["https:\/\/www.csj-emballages.com\/pt-pt\/produit\/1000-sacos-de-matadouro-agrupados-40-x-60-cm-30-%c2%b5\/"]}]},{"@type":"ImageObject","inLanguage":"pt-PT","@id":"https:\/\/www.csj-emballages.com\/pt-pt\/produit\/1000-sacos-de-matadouro-agrupados-40-x-60-cm-30-%c2%b5\/#primaryimage","url":"https:\/\/www.csj-emballages.com\/wp-content\/uploads\/2024\/03\/sac-abattoir.webp","contentUrl":"https:\/\/www.csj-emballages.com\/wp-content\/uploads\/2024\/03\/sac-abattoir.webp","width":801,"height":800,"caption":"sac abattoir"},{"@type":"BreadcrumbList","@id":"https:\/\/www.csj-emballages.com\/pt-pt\/produit\/1000-sacos-de-matadouro-agrupados-40-x-60-cm-30-%c2%b5\/#breadcrumb","itemListElement":[{"@type":"ListItem","position":1,"name":"Acolhimento","item":"https:\/\/www.csj-emballages.com\/pt-pt\/universo-das-embalagens-alimentares\/"},{"@type":"ListItem","position":2,"name":"Shop","item":"https:\/\/www.csj-emballages.com\/shop\/"},{"@type":"ListItem","position":3,"name":"Saco de matadouro atado 40 x 60 cm 30 \u00b5 por 1000"}]},{"@type":"WebSite","@id":"https:\/\/www.csj-emballages.com\/pt-pt\/#website","url":"https:\/\/www.csj-emballages.com\/pt-pt\/","name":"CSJ Emballages","description":"","publisher":{"@id":"https:\/\/www.csj-emballages.com\/pt-pt\/#organization"},"potentialAction":[{"@type":"SearchAction","target":{"@type":"EntryPoint","urlTemplate":"https:\/\/www.csj-emballages.com\/pt-pt\/?s={search_term_string}"},"query-input":{"@type":"PropertyValueSpecification","valueRequired":true,"valueName":"search_term_string"}}],"inLanguage":"pt-PT"},{"@type":"Organization","@id":"https:\/\/www.csj-emballages.com\/pt-pt\/#Organization\/","name":"CSJ Emballages","url":"https:\/\/www.csj-emballages.com\/pt-pt\/","logo":{"@type":"ImageObject","inLanguage":"pt-PT","@id":"https:\/\/www.csj-emballages.com\/pt-pt\/#\/schema\/logo\/image\/","url":"https:\/\/www.csj-emballages.com\/wp-content\/uploads\/2023\/10\/logo_csj.webp","contentUrl":"https:\/\/www.csj-emballages.com\/wp-content\/uploads\/2023\/10\/logo_csj.webp","width":250,"height":95,"caption":"CSJ Emballages"},"image":{"@id":"https:\/\/www.csj-emballages.com\/pt-pt\/#\/schema\/logo\/image\/"},"sameAs":["https:\/\/www.facebook.com\/csjemballages"],"address":{"@type":"PostalAddress","streetAddress":"ZI La Lechere","addressLocality":"Patornay","postalCode":"39130","addressCountry":"FR"},"contactPoint":[{"@type":"ContactPoint","contactType":"Service client","telephone":"0384254272","email":"contact@csj-emballages.com"}]}]}},"df_price":60.41,"df_sale_price":"","df_regular_price":60.41,"df_image_link":"https:\/\/www.csj-emballages.com\/wp-content\/uploads\/2024\/03\/sac-abattoir-300x300.webp","tiered_pricing_type":"fixed","tiered_pricing_fixed_rules":[],"tiered_pricing_percentage_rules":[],"tiered_pricing_minimum":1,"tiered_pricing_roles_data":[],"_links":{"self":[{"href":"https:\/\/www.csj-emballages.com\/pt-pt\/wp-json\/wp\/v2\/product\/23100","targetHints":{"allow":["GET"]}}],"collection":[{"href":"https:\/\/www.csj-emballages.com\/pt-pt\/wp-json\/wp\/v2\/product"}],"about":[{"href":"https:\/\/www.csj-emballages.com\/pt-pt\/wp-json\/wp\/v2\/types\/product"}],"wp:featuredmedia":[{"embeddable":true,"href":"https:\/\/www.csj-emballages.com\/pt-pt\/wp-json\/wp\/v2\/media\/209352"}],"wp:attachment":[{"href":"https:\/\/www.csj-emballages.com\/pt-pt\/wp-json\/wp\/v2\/media?parent=23100"}],"wp:term":[{"taxonomy":"product_brand","embeddable":true,"href":"https:\/\/www.csj-emballages.com\/pt-pt\/wp-json\/wp\/v2\/product_brand?post=23100"},{"taxonomy":"product_cat","embeddable":true,"href":"https:\/\/www.csj-emballages.com\/pt-pt\/wp-json\/wp\/v2\/product_cat?post=23100"},{"taxonomy":"product_tag","embeddable":true,"href":"https:\/\/www.csj-emballages.com\/pt-pt\/wp-json\/wp\/v2\/product_tag?post=23100"}],"curies":[{"name":"wp","href":"https:\/\/api.w.org\/{rel}","templated":true}]}}