{"id":23097,"date":"2024-03-01T16:50:10","date_gmt":"2024-03-01T15:50:10","guid":{"rendered":"https:\/\/u15jnbdpoq.preview.infomaniak.website\/produit\/500-ldpe-26-12-x-45-cm-50-%c2%b5-sacos-de-transporte-early-bird\/"},"modified":"2026-03-12T16:37:29","modified_gmt":"2026-03-12T15:37:29","slug":"500-ldpe-26-12-x-45-cm-50-%c2%b5-sacos-de-transporte-early-bird","status":"publish","type":"product","link":"https:\/\/www.csj-emballages.com\/pt-pt\/produit\/500-ldpe-26-12-x-45-cm-50-%c2%b5-sacos-de-transporte-early-bird\/","title":{"rendered":"Bolsa de ombro &#8220;Primeur&#8221; 26 + 12 x 45 cm 50 \u00b5 LDPE por 500"},"content":{"rendered":"<h2>Saco a tiracolo<\/h2>\n<hr>\n<h3>Descri\u00e7\u00e3o do nosso saco de ombro &#8220;Primeur&#8221; 26 + 12 x 45 cm 50 \u00b5 LDPE, embalagem de 500<\/h3>\n<p><!--more--><\/p>\n<div style=\"box-sizing: inherit; font-family: Roboto, sans-serif;\">\n<p data-start=\"285\" data-end=\"635\">Simples, pr\u00e1tico e reconhec\u00edvel \u00e0 primeira vista, o <strong>saco de al\u00e7a<\/strong> <strong data-start=\"359\" data-end=\"374\">\u00ab Primeur \u00bb<\/strong> continua a ser indispens\u00e1vel para os com\u00e9rcios alimentares. Com o seu formato <strong data-start=\"447\" data-end=\"466\">26 + 12 x 45 cm<\/strong>, adapta-se facilmente a frutas, legumes e outros produtos do quotidiano. Nele se colocam rapidamente ma\u00e7\u00e3s, bananas, saladas ou citrinos, sem ter de for\u00e7ar nem empilhar.  <\/p>\n<p data-start=\"637\" data-end=\"953\">Gra\u00e7as \u00e0 sua espessura <strong data-start=\"659\" data-end=\"673\">50 microns<\/strong>, este saco oferece uma boa firmeza na m\u00e3o. Suporta o peso das compras sem se deformar e limita os riscos de rasgo, mesmo quando o saco est\u00e1 bem cheio. As <strong>al\u00e7as largas<\/strong> permitem um transporte confort\u00e1vel, quer para o cliente, quer para uma utiliza\u00e7\u00e3o r\u00e1pida na caixa.  <\/p>\n<p data-start=\"955\" data-end=\"1273\">O seu <strong>visual colorido<\/strong>, com ilustra\u00e7\u00f5es de frutas, fala por si. Evoca imediatamente a frescura e a sec\u00e7\u00e3o de frutas e legumes, o que facilita a identifica\u00e7\u00e3o na loja. Da mesma forma, o seu aspeto transl\u00facido permite ver o conte\u00fado num relance, o que continua a ser muito pr\u00e1tico tanto para os comerciantes como para os clientes.  <\/p>\n<p data-start=\"1275\" data-end=\"1538\">Vendido <strong data-start=\"1281\" data-end=\"1299\">par lot de 500<\/strong>, este saco \u00e9 perfeitamente adequado para uma utiliza\u00e7\u00e3o intensiva. \u00c9 adequado tanto para mercados, mercearias, frutarias como para supermercados. Ganha-se tempo, trabalha-se eficazmente e disp\u00f5e-se sempre de um stock fi\u00e1vel \u00e0 m\u00e3o.  <\/p>\n<p data-start=\"1540\" data-end=\"1745\">Em resumo, este <strong>saco de al\u00e7a \u00ab Primeur \u00bb<\/strong> vai ao essencial: \u00e9 s\u00f3lido, funcional e pensado para o quotidiano dos profissionais que querem uma embalagem simples, eficaz e imediatamente reconhec\u00edvel.<\/p>\n<\/div>\n<p data-start=\"1540\" data-end=\"1745\">\n<p data-start=\"1540\" data-end=\"1745\"><!--more--><\/p>\n<h4 data-start=\"1540\" data-end=\"1745\">Vantagens :<\/h4>\n<div style=\"box-sizing: inherit; font-family: Roboto, sans-serif;\">\n<ul>\n<li data-start=\"1770\" data-end=\"1807\">Formato ideal para frutas e legumes.<\/li>\n<li data-start=\"1810\" data-end=\"1853\">Boa resist\u00eancia gra\u00e7as \u00e0 espessura <strong>50 \u00b5<\/strong>.<\/li>\n<li data-start=\"1856\" data-end=\"1891\"><strong>Al\u00e7as<\/strong> <strong>s\u00f3lidas<\/strong> e confort\u00e1veis.<\/li>\n<li data-start=\"1894\" data-end=\"1929\">Visual de produtos frescos claro e atrativo.<\/li>\n<li data-start=\"1932\" data-end=\"1960\">Lote econ\u00f3mico de <strong>500 sacos<\/strong>.<\/li>\n<\/ul>\n<p>&nbsp;<\/p>\n<\/div>\n<p><!--more--><\/p>\n<div style=\"box-sizing: inherit; font-family: Roboto, sans-serif;\">\n<div style=\"box-sizing: inherit; font-family: Roboto, sans-serif;\">\n<div style=\"box-sizing: inherit; font-family: Roboto, sans-serif;\">\n<div style=\"box-sizing: inherit; font-family: Roboto, sans-serif;\">\n<h4>Outras informa\u00e7\u00f5es :<\/h4>\n<ul>\n<li><strong>Embalagem : <\/strong>Caixa de 500<\/li>\n<li><strong>Dimens\u00f5es: <\/strong>260 + 120 x 450 mm<\/li>\n<li><strong>Material : <\/strong>LDPE<\/li>\n<li><strong>Resist\u00eancia<\/strong>: 50 microns<\/li>\n<li><strong>Cor: <\/strong>Branco com estampados<\/li>\n<\/ul>\n<\/div>\n<p>&nbsp;<\/p>\n<\/div>\n<\/div>\n<\/div>\n<p><!--more--><\/p>\n<p>Este produto est\u00e1 dispon\u00edvel em diferentes vers\u00f5es, adaptadas a diferentes profiss\u00f5es: <span style=\"color: #d12727;\"><a style=\"color: #d12727;\" href=\"https:\/\/www.csj-emballages.com\/es\/produit\/500-bolsas-de-polietileno-de-baja-densidad-fromage-de-pays-26-12-x-45-cm-50-%c2%b5\/\">Queijo leiteiro<\/a><\/span> \/ <span style=\"color: #d12727;\"><a style=\"color: #d12727;\" href=\"https:\/\/www.csj-emballages.com\/produit\/500-sacs-bretelles-poissonnerie-26-12-x-45-cm-50-%c2%b5-en-plastique\/\">Peixaria<\/a><\/span> \/ <span style=\"color: #d12727;\"><a style=\"color: #d12727;\" href=\"https:\/\/www.csj-emballages.com\/es\/produit\/500-bolsas-de-plastico-carniceria-26-12-x-45-cm-50-%c2%b5\/\">Talho<\/a><\/span><\/p>\n<p>&nbsp;<\/p>\n<p><!--more--><\/p>\n<p><a href=\"https:\/\/www.csj-emballages.com\/pt-pt\/categorie-produit\/embalagem-de-alimentos\/restauracao\/sacos-e-papel\/bolsas-de-ombro-artesanato\/sacos-de-plastico\/\">V\u00ea o resto da nossa gama de sacos de pl\u00e1stico<\/a><\/p>\n","protected":false},"excerpt":{"rendered":"<p>Saco a tiracolo Descri\u00e7\u00e3o do nosso saco de ombro &#8220;Primeur&#8221; 26 + 12 x 45 cm 50 \u00b5 LDPE, embalagem de 500<\/p>\n","protected":false},"featured_media":207351,"template":"","meta":{"_acf_changed":false},"product_brand":[],"product_cat":[1141,1138,3928,2802,9206,1482,1891,3279],"product_tag":[],"class_list":{"0":"post-23097","1":"product","2":"type-product","3":"status-publish","4":"has-post-thumbnail","6":"product_cat-embalagem-de-alimentos","7":"product_cat-restauracao","8":"product_cat-sacos-e-papel","9":"product_cat-bolsas-de-ombro-artesanato","10":"product_cat-sacos-de-plastico","11":"product_cat-loja-e-armazem","12":"product_cat-sacos-de-ombro-artesanato","13":"product_cat-bolsas-de-ombro","15":"first","16":"instock","17":"taxable","18":"shipping-taxable","19":"purchasable","20":"product-type-simple"},"acf":[],"yoast_head":"<!-- This site is optimized with the Yoast SEO Premium plugin v26.6 (Yoast SEO v26.6) - https:\/\/yoast.com\/wordpress\/plugins\/seo\/ -->\n<title>Saco de ombro &quot;Primeur&quot; em PEBD 50\u00b5 - 26 + 12 x 45 cm<\/title>\n<meta name=\"description\" content=\"Saco de al\u00e7a &quot;Primeur&quot; 26 + 12 x 45 cm, 50 \u00b5 em PEBD, resistente e pr\u00e1tico para embalar os seus produtos de talho. Lote de 500 unidades.\" \/>\n<meta name=\"robots\" content=\"index, follow, max-snippet:-1, max-image-preview:large, max-video-preview:-1\" \/>\n<link rel=\"canonical\" href=\"https:\/\/www.csj-emballages.com\/pt-pt\/produit\/500-ldpe-26-12-x-45-cm-50-%c2%b5-sacos-de-transporte-early-bird\/\" \/>\n<meta property=\"og:locale\" content=\"pt_PT\" \/>\n<meta property=\"og:type\" content=\"article\" \/>\n<meta property=\"og:title\" content=\"Bolsa de ombro &quot;Primeur&quot; 26 + 12 x 45 cm 50 \u00b5 LDPE por 500\" \/>\n<meta property=\"og:description\" content=\"Saco de al\u00e7a &quot;Primeur&quot; 26 + 12 x 45 cm, 50 \u00b5 em PEBD, resistente e pr\u00e1tico para embalar os seus produtos de talho. Lote de 500 unidades.\" \/>\n<meta property=\"og:url\" content=\"https:\/\/www.csj-emballages.com\/pt-pt\/produit\/500-ldpe-26-12-x-45-cm-50-%c2%b5-sacos-de-transporte-early-bird\/\" \/>\n<meta property=\"og:site_name\" content=\"CSJ Emballages\" \/>\n<meta property=\"article:publisher\" content=\"https:\/\/www.facebook.com\/csjemballages\" \/>\n<meta property=\"article:modified_time\" content=\"2026-03-12T15:37:29+00:00\" \/>\n<meta property=\"og:image\" content=\"https:\/\/www.csj-emballages.com\/wp-content\/uploads\/2024\/03\/SAC2645PRI.webp\" \/>\n\t<meta property=\"og:image:width\" content=\"800\" \/>\n\t<meta property=\"og:image:height\" content=\"800\" \/>\n\t<meta property=\"og:image:type\" content=\"image\/webp\" \/>\n<meta name=\"twitter:card\" content=\"summary_large_image\" \/>\n<meta name=\"twitter:label1\" content=\"Tempo estimado de leitura\" \/>\n\t<meta name=\"twitter:data1\" content=\"2 minutos\" \/>\n<script type=\"application\/ld+json\" class=\"yoast-schema-graph\">{\"@context\":\"https:\/\/schema.org\",\"@graph\":[{\"@type\":\"WebPage\",\"@id\":\"https:\/\/www.csj-emballages.com\/pt-pt\/produit\/500-ldpe-26-12-x-45-cm-50-%c2%b5-sacos-de-transporte-early-bird\/\",\"url\":\"https:\/\/www.csj-emballages.com\/pt-pt\/produit\/500-ldpe-26-12-x-45-cm-50-%c2%b5-sacos-de-transporte-early-bird\/\",\"name\":\"Saco de ombro \\\"Primeur\\\" em PEBD 50\u00b5 - 26 + 12 x 45 cm\",\"isPartOf\":{\"@id\":\"https:\/\/www.csj-emballages.com\/pt-pt\/#website\"},\"primaryImageOfPage\":{\"@id\":\"https:\/\/www.csj-emballages.com\/pt-pt\/produit\/500-ldpe-26-12-x-45-cm-50-%c2%b5-sacos-de-transporte-early-bird\/#primaryimage\"},\"image\":{\"@id\":\"https:\/\/www.csj-emballages.com\/pt-pt\/produit\/500-ldpe-26-12-x-45-cm-50-%c2%b5-sacos-de-transporte-early-bird\/#primaryimage\"},\"thumbnailUrl\":\"https:\/\/www.csj-emballages.com\/wp-content\/uploads\/2024\/03\/SAC2645PRI.webp\",\"datePublished\":\"2024-03-01T15:50:10+00:00\",\"dateModified\":\"2026-03-12T15:37:29+00:00\",\"description\":\"Saco de al\u00e7a \\\"Primeur\\\" 26 + 12 x 45 cm, 50 \u00b5 em PEBD, resistente e pr\u00e1tico para embalar os seus produtos de talho. Lote de 500 unidades.\",\"breadcrumb\":{\"@id\":\"https:\/\/www.csj-emballages.com\/pt-pt\/produit\/500-ldpe-26-12-x-45-cm-50-%c2%b5-sacos-de-transporte-early-bird\/#breadcrumb\"},\"inLanguage\":\"pt-PT\",\"potentialAction\":[{\"@type\":\"ReadAction\",\"target\":[\"https:\/\/www.csj-emballages.com\/pt-pt\/produit\/500-ldpe-26-12-x-45-cm-50-%c2%b5-sacos-de-transporte-early-bird\/\"]}]},{\"@type\":\"ImageObject\",\"inLanguage\":\"pt-PT\",\"@id\":\"https:\/\/www.csj-emballages.com\/pt-pt\/produit\/500-ldpe-26-12-x-45-cm-50-%c2%b5-sacos-de-transporte-early-bird\/#primaryimage\",\"url\":\"https:\/\/www.csj-emballages.com\/wp-content\/uploads\/2024\/03\/SAC2645PRI.webp\",\"contentUrl\":\"https:\/\/www.csj-emballages.com\/wp-content\/uploads\/2024\/03\/SAC2645PRI.webp\",\"width\":800,\"height\":800,\"caption\":\"sac bretelle\"},{\"@type\":\"BreadcrumbList\",\"@id\":\"https:\/\/www.csj-emballages.com\/pt-pt\/produit\/500-ldpe-26-12-x-45-cm-50-%c2%b5-sacos-de-transporte-early-bird\/#breadcrumb\",\"itemListElement\":[{\"@type\":\"ListItem\",\"position\":1,\"name\":\"Acolhimento\",\"item\":\"https:\/\/www.csj-emballages.com\/pt-pt\/universo-das-embalagens-alimentares\/\"},{\"@type\":\"ListItem\",\"position\":2,\"name\":\"Shop\",\"item\":\"https:\/\/www.csj-emballages.com\/shop\/\"},{\"@type\":\"ListItem\",\"position\":3,\"name\":\"Bolsa de ombro \u00ab\u00a0Primeur\u00a0\u00bb 26 + 12 x 45 cm 50 \u00b5 LDPE por 500\"}]},{\"@type\":\"WebSite\",\"@id\":\"https:\/\/www.csj-emballages.com\/pt-pt\/#website\",\"url\":\"https:\/\/www.csj-emballages.com\/pt-pt\/\",\"name\":\"CSJ Emballages\",\"description\":\"\",\"publisher\":{\"@id\":\"https:\/\/www.csj-emballages.com\/pt-pt\/#organization\"},\"potentialAction\":[{\"@type\":\"SearchAction\",\"target\":{\"@type\":\"EntryPoint\",\"urlTemplate\":\"https:\/\/www.csj-emballages.com\/pt-pt\/?s={search_term_string}\"},\"query-input\":{\"@type\":\"PropertyValueSpecification\",\"valueRequired\":true,\"valueName\":\"search_term_string\"}}],\"inLanguage\":\"pt-PT\"},{\"@type\":\"Organization\",\"@id\":\"https:\/\/www.csj-emballages.com\/pt-pt\/#Organization\/\",\"name\":\"CSJ Emballages\",\"url\":\"https:\/\/www.csj-emballages.com\/pt-pt\/\",\"logo\":{\"@type\":\"ImageObject\",\"inLanguage\":\"pt-PT\",\"@id\":\"https:\/\/www.csj-emballages.com\/pt-pt\/#\/schema\/logo\/image\/\",\"url\":\"https:\/\/www.csj-emballages.com\/wp-content\/uploads\/2023\/10\/logo_csj.webp\",\"contentUrl\":\"https:\/\/www.csj-emballages.com\/wp-content\/uploads\/2023\/10\/logo_csj.webp\",\"width\":250,\"height\":95,\"caption\":\"CSJ Emballages\"},\"image\":{\"@id\":\"https:\/\/www.csj-emballages.com\/pt-pt\/#\/schema\/logo\/image\/\"},\"sameAs\":[\"https:\/\/www.facebook.com\/csjemballages\"],\"address\":{\"@type\":\"PostalAddress\",\"streetAddress\":\"ZI La Lechere\",\"addressLocality\":\"Patornay\",\"postalCode\":\"39130\",\"addressCountry\":\"FR\"},\"contactPoint\":[{\"@type\":\"ContactPoint\",\"contactType\":\"Service client\",\"telephone\":\"0384254272\",\"email\":\"contact@csj-emballages.com\"}]}]}<\/script>\n<!-- \/ Yoast SEO Premium plugin. -->","yoast_head_json":{"title":"Saco de ombro \"Primeur\" em PEBD 50\u00b5 - 26 + 12 x 45 cm","description":"Saco de al\u00e7a \"Primeur\" 26 + 12 x 45 cm, 50 \u00b5 em PEBD, resistente e pr\u00e1tico para embalar os seus produtos de talho. Lote de 500 unidades.","robots":{"index":"index","follow":"follow","max-snippet":"max-snippet:-1","max-image-preview":"max-image-preview:large","max-video-preview":"max-video-preview:-1"},"canonical":"https:\/\/www.csj-emballages.com\/pt-pt\/produit\/500-ldpe-26-12-x-45-cm-50-%c2%b5-sacos-de-transporte-early-bird\/","og_locale":"pt_PT","og_type":"article","og_title":"Bolsa de ombro \"Primeur\" 26 + 12 x 45 cm 50 \u00b5 LDPE por 500","og_description":"Saco de al\u00e7a \"Primeur\" 26 + 12 x 45 cm, 50 \u00b5 em PEBD, resistente e pr\u00e1tico para embalar os seus produtos de talho. Lote de 500 unidades.","og_url":"https:\/\/www.csj-emballages.com\/pt-pt\/produit\/500-ldpe-26-12-x-45-cm-50-%c2%b5-sacos-de-transporte-early-bird\/","og_site_name":"CSJ Emballages","article_publisher":"https:\/\/www.facebook.com\/csjemballages","article_modified_time":"2026-03-12T15:37:29+00:00","og_image":[{"width":800,"height":800,"url":"https:\/\/www.csj-emballages.com\/wp-content\/uploads\/2024\/03\/SAC2645PRI.webp","type":"image\/webp"}],"twitter_card":"summary_large_image","twitter_misc":{"Tempo estimado de leitura":"2 minutos"},"schema":{"@context":"https:\/\/schema.org","@graph":[{"@type":"WebPage","@id":"https:\/\/www.csj-emballages.com\/pt-pt\/produit\/500-ldpe-26-12-x-45-cm-50-%c2%b5-sacos-de-transporte-early-bird\/","url":"https:\/\/www.csj-emballages.com\/pt-pt\/produit\/500-ldpe-26-12-x-45-cm-50-%c2%b5-sacos-de-transporte-early-bird\/","name":"Saco de ombro \"Primeur\" em PEBD 50\u00b5 - 26 + 12 x 45 cm","isPartOf":{"@id":"https:\/\/www.csj-emballages.com\/pt-pt\/#website"},"primaryImageOfPage":{"@id":"https:\/\/www.csj-emballages.com\/pt-pt\/produit\/500-ldpe-26-12-x-45-cm-50-%c2%b5-sacos-de-transporte-early-bird\/#primaryimage"},"image":{"@id":"https:\/\/www.csj-emballages.com\/pt-pt\/produit\/500-ldpe-26-12-x-45-cm-50-%c2%b5-sacos-de-transporte-early-bird\/#primaryimage"},"thumbnailUrl":"https:\/\/www.csj-emballages.com\/wp-content\/uploads\/2024\/03\/SAC2645PRI.webp","datePublished":"2024-03-01T15:50:10+00:00","dateModified":"2026-03-12T15:37:29+00:00","description":"Saco de al\u00e7a \"Primeur\" 26 + 12 x 45 cm, 50 \u00b5 em PEBD, resistente e pr\u00e1tico para embalar os seus produtos de talho. Lote de 500 unidades.","breadcrumb":{"@id":"https:\/\/www.csj-emballages.com\/pt-pt\/produit\/500-ldpe-26-12-x-45-cm-50-%c2%b5-sacos-de-transporte-early-bird\/#breadcrumb"},"inLanguage":"pt-PT","potentialAction":[{"@type":"ReadAction","target":["https:\/\/www.csj-emballages.com\/pt-pt\/produit\/500-ldpe-26-12-x-45-cm-50-%c2%b5-sacos-de-transporte-early-bird\/"]}]},{"@type":"ImageObject","inLanguage":"pt-PT","@id":"https:\/\/www.csj-emballages.com\/pt-pt\/produit\/500-ldpe-26-12-x-45-cm-50-%c2%b5-sacos-de-transporte-early-bird\/#primaryimage","url":"https:\/\/www.csj-emballages.com\/wp-content\/uploads\/2024\/03\/SAC2645PRI.webp","contentUrl":"https:\/\/www.csj-emballages.com\/wp-content\/uploads\/2024\/03\/SAC2645PRI.webp","width":800,"height":800,"caption":"sac bretelle"},{"@type":"BreadcrumbList","@id":"https:\/\/www.csj-emballages.com\/pt-pt\/produit\/500-ldpe-26-12-x-45-cm-50-%c2%b5-sacos-de-transporte-early-bird\/#breadcrumb","itemListElement":[{"@type":"ListItem","position":1,"name":"Acolhimento","item":"https:\/\/www.csj-emballages.com\/pt-pt\/universo-das-embalagens-alimentares\/"},{"@type":"ListItem","position":2,"name":"Shop","item":"https:\/\/www.csj-emballages.com\/shop\/"},{"@type":"ListItem","position":3,"name":"Bolsa de ombro \u00ab\u00a0Primeur\u00a0\u00bb 26 + 12 x 45 cm 50 \u00b5 LDPE por 500"}]},{"@type":"WebSite","@id":"https:\/\/www.csj-emballages.com\/pt-pt\/#website","url":"https:\/\/www.csj-emballages.com\/pt-pt\/","name":"CSJ Emballages","description":"","publisher":{"@id":"https:\/\/www.csj-emballages.com\/pt-pt\/#organization"},"potentialAction":[{"@type":"SearchAction","target":{"@type":"EntryPoint","urlTemplate":"https:\/\/www.csj-emballages.com\/pt-pt\/?s={search_term_string}"},"query-input":{"@type":"PropertyValueSpecification","valueRequired":true,"valueName":"search_term_string"}}],"inLanguage":"pt-PT"},{"@type":"Organization","@id":"https:\/\/www.csj-emballages.com\/pt-pt\/#Organization\/","name":"CSJ Emballages","url":"https:\/\/www.csj-emballages.com\/pt-pt\/","logo":{"@type":"ImageObject","inLanguage":"pt-PT","@id":"https:\/\/www.csj-emballages.com\/pt-pt\/#\/schema\/logo\/image\/","url":"https:\/\/www.csj-emballages.com\/wp-content\/uploads\/2023\/10\/logo_csj.webp","contentUrl":"https:\/\/www.csj-emballages.com\/wp-content\/uploads\/2023\/10\/logo_csj.webp","width":250,"height":95,"caption":"CSJ Emballages"},"image":{"@id":"https:\/\/www.csj-emballages.com\/pt-pt\/#\/schema\/logo\/image\/"},"sameAs":["https:\/\/www.facebook.com\/csjemballages"],"address":{"@type":"PostalAddress","streetAddress":"ZI La Lechere","addressLocality":"Patornay","postalCode":"39130","addressCountry":"FR"},"contactPoint":[{"@type":"ContactPoint","contactType":"Service client","telephone":"0384254272","email":"contact@csj-emballages.com"}]}]}},"df_price":53.69,"df_sale_price":"","df_regular_price":53.69,"df_image_link":"https:\/\/www.csj-emballages.com\/wp-content\/uploads\/2024\/03\/SAC2645PRI-300x300.webp","tiered_pricing_type":"fixed","tiered_pricing_fixed_rules":[],"tiered_pricing_percentage_rules":[],"tiered_pricing_minimum":1,"tiered_pricing_roles_data":[],"_links":{"self":[{"href":"https:\/\/www.csj-emballages.com\/pt-pt\/wp-json\/wp\/v2\/product\/23097","targetHints":{"allow":["GET"]}}],"collection":[{"href":"https:\/\/www.csj-emballages.com\/pt-pt\/wp-json\/wp\/v2\/product"}],"about":[{"href":"https:\/\/www.csj-emballages.com\/pt-pt\/wp-json\/wp\/v2\/types\/product"}],"wp:featuredmedia":[{"embeddable":true,"href":"https:\/\/www.csj-emballages.com\/pt-pt\/wp-json\/wp\/v2\/media\/207351"}],"wp:attachment":[{"href":"https:\/\/www.csj-emballages.com\/pt-pt\/wp-json\/wp\/v2\/media?parent=23097"}],"wp:term":[{"taxonomy":"product_brand","embeddable":true,"href":"https:\/\/www.csj-emballages.com\/pt-pt\/wp-json\/wp\/v2\/product_brand?post=23097"},{"taxonomy":"product_cat","embeddable":true,"href":"https:\/\/www.csj-emballages.com\/pt-pt\/wp-json\/wp\/v2\/product_cat?post=23097"},{"taxonomy":"product_tag","embeddable":true,"href":"https:\/\/www.csj-emballages.com\/pt-pt\/wp-json\/wp\/v2\/product_tag?post=23097"}],"curies":[{"name":"wp","href":"https:\/\/api.w.org\/{rel}","templated":true}]}}