{"id":23094,"date":"2024-03-01T16:50:09","date_gmt":"2024-03-01T15:50:09","guid":{"rendered":"https:\/\/u15jnbdpoq.preview.infomaniak.website\/produit\/300-sacos-de-matadouro-agrupados-60-x-100-cm-50-%c2%b5\/"},"modified":"2026-03-31T02:17:11","modified_gmt":"2026-03-31T00:17:11","slug":"300-sacos-de-matadouro-agrupados-60-x-100-cm-50-%c2%b5","status":"publish","type":"product","link":"https:\/\/www.csj-emballages.com\/pt-pt\/produit\/300-sacos-de-matadouro-agrupados-60-x-100-cm-50-%c2%b5\/","title":{"rendered":"Saco para matadouro em ma\u00e7os 60 x 100 cm 50 \u00b5 por 250"},"content":{"rendered":"<h2>Saco para matadouro<\/h2>\n<hr>\n<h3>Descri\u00e7\u00e3o do nosso saco para matadouro em ma\u00e7os 60 x 100 cm 50 \u00b5 por 250<\/h3>\n<p><!--more--><\/p>\n<div class=\"flex flex-grow flex-col max-w-full\">\n<div class=\"min-h-[20px] text-message flex flex-col items-start whitespace-pre-wrap break-words [.text-message+&amp;]:mt-5 juice:w-full juice:items-end overflow-x-auto gap-2\" dir=\"auto\" data-message-author-role=\"assistant\" data-message-id=\"3a536f7e-879d-4f2d-9ebb-28d2279e1068\">\n<div class=\"flex w-full flex-col gap-1 juice:empty:hidden juice:first:pt-[3px]\">\n<div class=\"markdown prose w-full break-words dark:prose-invert light\">\n<p data-start=\"212\" data-end=\"653\">Quando se trata de gerir volumes importantes e utiliza\u00e7\u00f5es exigentes, este <strong data-start=\"288\" data-end=\"323\">saco para matadouro em ma\u00e7os 60 x 100 cm<\/strong> est\u00e1 presente sem complicar o trabalho. Concebido para uso profissional, combina um formato generoso e uma espessura de <strong data-start=\"452\" data-end=\"466\">50 microns<\/strong>, o que lhe permite suportar cargas pesadas, mantendo-se fi\u00e1vel no dia a dia. Pode ser utilizado sem receio, mesmo em ambientes onde a resist\u00eancia \u00e9 indispens\u00e1vel.  <\/p>\n<p data-start=\"655\" data-end=\"1048\">Gra\u00e7as ao seu acondicionamento <strong data-start=\"683\" data-end=\"693\">em ma\u00e7os<\/strong>, a recolha dos sacos torna-se mais r\u00e1pida e mais limpa. Ganha tempo, principalmente quando os gestos t\u00eam de ser encadeados de forma eficiente. Basta destacar um e est\u00e1 feito. Este detalhe faz muitas vezes toda a diferen\u00e7a no terreno, nomeadamente em matadouros, oficinas de corte, ind\u00fastrias agroalimentares ou zonas de prepara\u00e7\u00e3o.   <\/p>\n<p data-start=\"1050\" data-end=\"1393\">O seu grande formato <strong data-start=\"1067\" data-end=\"1082\">60 x 100 cm<\/strong> oferece uma boa capacidade, ideal para a recolha de res\u00edduos volumosos ou pesados. O pl\u00e1stico espesso limita os riscos de rasg\u00f5es e garante uma boa resist\u00eancia, mesmo durante manipula\u00e7\u00f5es repetidas. Al\u00e9m disso, a sua conce\u00e7\u00e3o simples e funcional permite uma utiliza\u00e7\u00e3o polivalente, sem restri\u00e7\u00f5es particulares.  <\/p>\n<p data-start=\"1395\" data-end=\"1630\">Vendido <strong data-start=\"1401\" data-end=\"1419\">em lote de 250<\/strong>, este saco integra-se facilmente numa organiza\u00e7\u00e3o profissional onde a regularidade e a fiabilidade s\u00e3o essenciais. Antecipa as suas necessidades, garante o seu stock e trabalha com mais tranquilidade. <\/p>\n<p data-start=\"1632\" data-end=\"1812\">Em resumo, este <strong>saco para matadouro<\/strong> aposta na efici\u00eancia em vez do sup\u00e9rfluo. Acompanha os profissionais nas suas tarefas di\u00e1rias com discri\u00e7\u00e3o, solidez e praticidade. <\/p>\n<\/div>\n<\/div>\n<\/div>\n<\/div>\n<h4><\/h4>\n<p><!--more--><\/p>\n<h4>Vantagens :<\/h4>\n<ul>\n<li data-start=\"1840\" data-end=\"1884\">Grande formato adequado para volumes importantes.<\/li>\n<li data-start=\"1887\" data-end=\"1933\"><strong>Espessura de 50 \u00b5<\/strong> para uma melhor resist\u00eancia.<\/li>\n<li data-start=\"1936\" data-end=\"1977\">Apresenta\u00e7\u00e3o em ma\u00e7os pr\u00e1tica e r\u00e1pida.<\/li>\n<li data-start=\"1980\" data-end=\"2015\">Utiliza\u00e7\u00e3o simples e polivalente.<\/li>\n<li data-start=\"2018\" data-end=\"2058\">Acondicionamento econ\u00f3mico de <strong>250 sacos<\/strong>.<\/li>\n<\/ul>\n<p>&nbsp;<\/p>\n<p><!--more--><\/p>\n<p><strong>Outras informa\u00e7\u00f5es :  <\/strong><\/p>\n<ul>\n<li><strong>Embalagem<\/strong>: 250 unidades<\/li>\n<li><strong>Dimens\u00f5es<\/strong>: 60 x 100 cm<\/li>\n<li><strong>Espessura<\/strong>: 50\u00b5<\/li>\n<\/ul>\n<p>&nbsp;<\/p>\n<p><!--more--><\/p>\n<p>Produto dispon\u00edvel num tamanho superior: <span style=\"color: #d12727;\"><a style=\"color: #d12727;\" href=\"https:\/\/www.csj-emballages.com\/pt-pt\/produit\/1000-sacos-de-matadouro-agrupados-40-x-60-cm-30-%c2%b5\/\">40 x 60 cm<\/a><\/span><\/p>\n<p>&nbsp;<\/p>\n<p><!--more--><\/p>\n<p><a href=\"https:\/\/www.csj-emballages.com\/pt-pt\/categorie-produit\/embalagem-de-alimentos\/talho-e-charcutaria\/sacos-e-bolsas\/sacos-para-matadouros\/\">V\u00ea o resto da nossa gama de sacos para matadouros<\/a><\/p>\n","protected":false},"excerpt":{"rendered":"<p>Saco para matadouro Descri\u00e7\u00e3o do nosso saco para matadouro em ma\u00e7os 60 x 100 cm 50 \u00b5 por 250<\/p>\n","protected":false},"featured_media":209352,"template":"","meta":{"_acf_changed":false},"product_brand":[],"product_cat":[1176,3289],"product_tag":[],"class_list":{"0":"post-23094","1":"product","2":"type-product","3":"status-publish","4":"has-post-thumbnail","6":"product_cat-talho-e-charcutaria","7":"product_cat-sacos-para-matadouros","9":"first","10":"instock","11":"taxable","12":"shipping-taxable","13":"purchasable","14":"product-type-simple"},"acf":[],"yoast_head":"<!-- This site is optimized with the Yoast SEO Premium plugin v26.6 (Yoast SEO v26.6) - https:\/\/yoast.com\/wordpress\/plugins\/seo\/ -->\n<title>Saco de abate 50 \u00b5 - 60 x 100 cm<\/title>\n<meta name=\"description\" content=\"Saco para matadouro em ma\u00e7os 60 x 100 cm 50 \u00b5 por 250: robusto, flex\u00edvel e adequado para ambientes exigentes, ideal para o armazenamento e transporte de res\u00edduos.\" \/>\n<meta name=\"robots\" content=\"index, follow, max-snippet:-1, max-image-preview:large, max-video-preview:-1\" \/>\n<link rel=\"canonical\" href=\"https:\/\/www.csj-emballages.com\/pt-pt\/produit\/300-sacos-de-matadouro-agrupados-60-x-100-cm-50-%c2%b5\/\" \/>\n<meta property=\"og:locale\" content=\"pt_PT\" \/>\n<meta property=\"og:type\" content=\"article\" \/>\n<meta property=\"og:title\" content=\"Saco para matadouro em ma\u00e7os 60 x 100 cm 50 \u00b5 por 250\" \/>\n<meta property=\"og:description\" content=\"Saco para matadouro em ma\u00e7os 60 x 100 cm 50 \u00b5 por 250: robusto, flex\u00edvel e adequado para ambientes exigentes, ideal para o armazenamento e transporte de res\u00edduos.\" \/>\n<meta property=\"og:url\" content=\"https:\/\/www.csj-emballages.com\/pt-pt\/produit\/300-sacos-de-matadouro-agrupados-60-x-100-cm-50-%c2%b5\/\" \/>\n<meta property=\"og:site_name\" content=\"CSJ Emballages\" \/>\n<meta property=\"article:publisher\" content=\"https:\/\/www.facebook.com\/csjemballages\" \/>\n<meta property=\"article:modified_time\" content=\"2026-03-31T00:17:11+00:00\" \/>\n<meta property=\"og:image\" content=\"https:\/\/www.csj-emballages.com\/wp-content\/uploads\/2024\/03\/sac-abattoir.webp\" \/>\n\t<meta property=\"og:image:width\" content=\"801\" \/>\n\t<meta property=\"og:image:height\" content=\"800\" \/>\n\t<meta property=\"og:image:type\" content=\"image\/webp\" \/>\n<meta name=\"twitter:card\" content=\"summary_large_image\" \/>\n<meta name=\"twitter:label1\" content=\"Tempo estimado de leitura\" \/>\n\t<meta name=\"twitter:data1\" content=\"2 minutos\" \/>\n<script type=\"application\/ld+json\" class=\"yoast-schema-graph\">{\"@context\":\"https:\/\/schema.org\",\"@graph\":[{\"@type\":\"WebPage\",\"@id\":\"https:\/\/www.csj-emballages.com\/pt-pt\/produit\/300-sacos-de-matadouro-agrupados-60-x-100-cm-50-%c2%b5\/\",\"url\":\"https:\/\/www.csj-emballages.com\/pt-pt\/produit\/300-sacos-de-matadouro-agrupados-60-x-100-cm-50-%c2%b5\/\",\"name\":\"Saco de abate 50 \u00b5 - 60 x 100 cm\",\"isPartOf\":{\"@id\":\"https:\/\/www.csj-emballages.com\/pt-pt\/#website\"},\"primaryImageOfPage\":{\"@id\":\"https:\/\/www.csj-emballages.com\/pt-pt\/produit\/300-sacos-de-matadouro-agrupados-60-x-100-cm-50-%c2%b5\/#primaryimage\"},\"image\":{\"@id\":\"https:\/\/www.csj-emballages.com\/pt-pt\/produit\/300-sacos-de-matadouro-agrupados-60-x-100-cm-50-%c2%b5\/#primaryimage\"},\"thumbnailUrl\":\"https:\/\/www.csj-emballages.com\/wp-content\/uploads\/2024\/03\/sac-abattoir.webp\",\"datePublished\":\"2024-03-01T15:50:09+00:00\",\"dateModified\":\"2026-03-31T00:17:11+00:00\",\"description\":\"Saco para matadouro em ma\u00e7os 60 x 100 cm 50 \u00b5 por 250: robusto, flex\u00edvel e adequado para ambientes exigentes, ideal para o armazenamento e transporte de res\u00edduos.\",\"breadcrumb\":{\"@id\":\"https:\/\/www.csj-emballages.com\/pt-pt\/produit\/300-sacos-de-matadouro-agrupados-60-x-100-cm-50-%c2%b5\/#breadcrumb\"},\"inLanguage\":\"pt-PT\",\"potentialAction\":[{\"@type\":\"ReadAction\",\"target\":[\"https:\/\/www.csj-emballages.com\/pt-pt\/produit\/300-sacos-de-matadouro-agrupados-60-x-100-cm-50-%c2%b5\/\"]}]},{\"@type\":\"ImageObject\",\"inLanguage\":\"pt-PT\",\"@id\":\"https:\/\/www.csj-emballages.com\/pt-pt\/produit\/300-sacos-de-matadouro-agrupados-60-x-100-cm-50-%c2%b5\/#primaryimage\",\"url\":\"https:\/\/www.csj-emballages.com\/wp-content\/uploads\/2024\/03\/sac-abattoir.webp\",\"contentUrl\":\"https:\/\/www.csj-emballages.com\/wp-content\/uploads\/2024\/03\/sac-abattoir.webp\",\"width\":801,\"height\":800,\"caption\":\"sac abattoir\"},{\"@type\":\"BreadcrumbList\",\"@id\":\"https:\/\/www.csj-emballages.com\/pt-pt\/produit\/300-sacos-de-matadouro-agrupados-60-x-100-cm-50-%c2%b5\/#breadcrumb\",\"itemListElement\":[{\"@type\":\"ListItem\",\"position\":1,\"name\":\"Acolhimento\",\"item\":\"https:\/\/www.csj-emballages.com\/pt-pt\/universo-das-embalagens-alimentares\/\"},{\"@type\":\"ListItem\",\"position\":2,\"name\":\"Shop\",\"item\":\"https:\/\/www.csj-emballages.com\/shop\/\"},{\"@type\":\"ListItem\",\"position\":3,\"name\":\"Saco para matadouro em ma\u00e7os 60 x 100 cm 50 \u00b5 por 250\"}]},{\"@type\":\"WebSite\",\"@id\":\"https:\/\/www.csj-emballages.com\/pt-pt\/#website\",\"url\":\"https:\/\/www.csj-emballages.com\/pt-pt\/\",\"name\":\"CSJ Emballages\",\"description\":\"\",\"publisher\":{\"@id\":\"https:\/\/www.csj-emballages.com\/pt-pt\/#organization\"},\"potentialAction\":[{\"@type\":\"SearchAction\",\"target\":{\"@type\":\"EntryPoint\",\"urlTemplate\":\"https:\/\/www.csj-emballages.com\/pt-pt\/?s={search_term_string}\"},\"query-input\":{\"@type\":\"PropertyValueSpecification\",\"valueRequired\":true,\"valueName\":\"search_term_string\"}}],\"inLanguage\":\"pt-PT\"},{\"@type\":\"Organization\",\"@id\":\"https:\/\/www.csj-emballages.com\/pt-pt\/#Organization\/\",\"name\":\"CSJ Emballages\",\"url\":\"https:\/\/www.csj-emballages.com\/pt-pt\/\",\"logo\":{\"@type\":\"ImageObject\",\"inLanguage\":\"pt-PT\",\"@id\":\"https:\/\/www.csj-emballages.com\/pt-pt\/#\/schema\/logo\/image\/\",\"url\":\"https:\/\/www.csj-emballages.com\/wp-content\/uploads\/2023\/10\/logo_csj.webp\",\"contentUrl\":\"https:\/\/www.csj-emballages.com\/wp-content\/uploads\/2023\/10\/logo_csj.webp\",\"width\":250,\"height\":95,\"caption\":\"CSJ Emballages\"},\"image\":{\"@id\":\"https:\/\/www.csj-emballages.com\/pt-pt\/#\/schema\/logo\/image\/\"},\"sameAs\":[\"https:\/\/www.facebook.com\/csjemballages\"],\"address\":{\"@type\":\"PostalAddress\",\"streetAddress\":\"ZI La Lechere\",\"addressLocality\":\"Patornay\",\"postalCode\":\"39130\",\"addressCountry\":\"FR\"},\"contactPoint\":[{\"@type\":\"ContactPoint\",\"contactType\":\"Service client\",\"telephone\":\"0384254272\",\"email\":\"contact@csj-emballages.com\"}]}]}<\/script>\n<!-- \/ Yoast SEO Premium plugin. -->","yoast_head_json":{"title":"Saco de abate 50 \u00b5 - 60 x 100 cm","description":"Saco para matadouro em ma\u00e7os 60 x 100 cm 50 \u00b5 por 250: robusto, flex\u00edvel e adequado para ambientes exigentes, ideal para o armazenamento e transporte de res\u00edduos.","robots":{"index":"index","follow":"follow","max-snippet":"max-snippet:-1","max-image-preview":"max-image-preview:large","max-video-preview":"max-video-preview:-1"},"canonical":"https:\/\/www.csj-emballages.com\/pt-pt\/produit\/300-sacos-de-matadouro-agrupados-60-x-100-cm-50-%c2%b5\/","og_locale":"pt_PT","og_type":"article","og_title":"Saco para matadouro em ma\u00e7os 60 x 100 cm 50 \u00b5 por 250","og_description":"Saco para matadouro em ma\u00e7os 60 x 100 cm 50 \u00b5 por 250: robusto, flex\u00edvel e adequado para ambientes exigentes, ideal para o armazenamento e transporte de res\u00edduos.","og_url":"https:\/\/www.csj-emballages.com\/pt-pt\/produit\/300-sacos-de-matadouro-agrupados-60-x-100-cm-50-%c2%b5\/","og_site_name":"CSJ Emballages","article_publisher":"https:\/\/www.facebook.com\/csjemballages","article_modified_time":"2026-03-31T00:17:11+00:00","og_image":[{"width":801,"height":800,"url":"https:\/\/www.csj-emballages.com\/wp-content\/uploads\/2024\/03\/sac-abattoir.webp","type":"image\/webp"}],"twitter_card":"summary_large_image","twitter_misc":{"Tempo estimado de leitura":"2 minutos"},"schema":{"@context":"https:\/\/schema.org","@graph":[{"@type":"WebPage","@id":"https:\/\/www.csj-emballages.com\/pt-pt\/produit\/300-sacos-de-matadouro-agrupados-60-x-100-cm-50-%c2%b5\/","url":"https:\/\/www.csj-emballages.com\/pt-pt\/produit\/300-sacos-de-matadouro-agrupados-60-x-100-cm-50-%c2%b5\/","name":"Saco de abate 50 \u00b5 - 60 x 100 cm","isPartOf":{"@id":"https:\/\/www.csj-emballages.com\/pt-pt\/#website"},"primaryImageOfPage":{"@id":"https:\/\/www.csj-emballages.com\/pt-pt\/produit\/300-sacos-de-matadouro-agrupados-60-x-100-cm-50-%c2%b5\/#primaryimage"},"image":{"@id":"https:\/\/www.csj-emballages.com\/pt-pt\/produit\/300-sacos-de-matadouro-agrupados-60-x-100-cm-50-%c2%b5\/#primaryimage"},"thumbnailUrl":"https:\/\/www.csj-emballages.com\/wp-content\/uploads\/2024\/03\/sac-abattoir.webp","datePublished":"2024-03-01T15:50:09+00:00","dateModified":"2026-03-31T00:17:11+00:00","description":"Saco para matadouro em ma\u00e7os 60 x 100 cm 50 \u00b5 por 250: robusto, flex\u00edvel e adequado para ambientes exigentes, ideal para o armazenamento e transporte de res\u00edduos.","breadcrumb":{"@id":"https:\/\/www.csj-emballages.com\/pt-pt\/produit\/300-sacos-de-matadouro-agrupados-60-x-100-cm-50-%c2%b5\/#breadcrumb"},"inLanguage":"pt-PT","potentialAction":[{"@type":"ReadAction","target":["https:\/\/www.csj-emballages.com\/pt-pt\/produit\/300-sacos-de-matadouro-agrupados-60-x-100-cm-50-%c2%b5\/"]}]},{"@type":"ImageObject","inLanguage":"pt-PT","@id":"https:\/\/www.csj-emballages.com\/pt-pt\/produit\/300-sacos-de-matadouro-agrupados-60-x-100-cm-50-%c2%b5\/#primaryimage","url":"https:\/\/www.csj-emballages.com\/wp-content\/uploads\/2024\/03\/sac-abattoir.webp","contentUrl":"https:\/\/www.csj-emballages.com\/wp-content\/uploads\/2024\/03\/sac-abattoir.webp","width":801,"height":800,"caption":"sac abattoir"},{"@type":"BreadcrumbList","@id":"https:\/\/www.csj-emballages.com\/pt-pt\/produit\/300-sacos-de-matadouro-agrupados-60-x-100-cm-50-%c2%b5\/#breadcrumb","itemListElement":[{"@type":"ListItem","position":1,"name":"Acolhimento","item":"https:\/\/www.csj-emballages.com\/pt-pt\/universo-das-embalagens-alimentares\/"},{"@type":"ListItem","position":2,"name":"Shop","item":"https:\/\/www.csj-emballages.com\/shop\/"},{"@type":"ListItem","position":3,"name":"Saco para matadouro em ma\u00e7os 60 x 100 cm 50 \u00b5 por 250"}]},{"@type":"WebSite","@id":"https:\/\/www.csj-emballages.com\/pt-pt\/#website","url":"https:\/\/www.csj-emballages.com\/pt-pt\/","name":"CSJ Emballages","description":"","publisher":{"@id":"https:\/\/www.csj-emballages.com\/pt-pt\/#organization"},"potentialAction":[{"@type":"SearchAction","target":{"@type":"EntryPoint","urlTemplate":"https:\/\/www.csj-emballages.com\/pt-pt\/?s={search_term_string}"},"query-input":{"@type":"PropertyValueSpecification","valueRequired":true,"valueName":"search_term_string"}}],"inLanguage":"pt-PT"},{"@type":"Organization","@id":"https:\/\/www.csj-emballages.com\/pt-pt\/#Organization\/","name":"CSJ Emballages","url":"https:\/\/www.csj-emballages.com\/pt-pt\/","logo":{"@type":"ImageObject","inLanguage":"pt-PT","@id":"https:\/\/www.csj-emballages.com\/pt-pt\/#\/schema\/logo\/image\/","url":"https:\/\/www.csj-emballages.com\/wp-content\/uploads\/2023\/10\/logo_csj.webp","contentUrl":"https:\/\/www.csj-emballages.com\/wp-content\/uploads\/2023\/10\/logo_csj.webp","width":250,"height":95,"caption":"CSJ Emballages"},"image":{"@id":"https:\/\/www.csj-emballages.com\/pt-pt\/#\/schema\/logo\/image\/"},"sameAs":["https:\/\/www.facebook.com\/csjemballages"],"address":{"@type":"PostalAddress","streetAddress":"ZI La Lechere","addressLocality":"Patornay","postalCode":"39130","addressCountry":"FR"},"contactPoint":[{"@type":"ContactPoint","contactType":"Service client","telephone":"0384254272","email":"contact@csj-emballages.com"}]}]}},"df_price":82.8,"df_sale_price":"","df_regular_price":82.8,"df_image_link":"https:\/\/www.csj-emballages.com\/wp-content\/uploads\/2024\/03\/sac-abattoir-300x300.webp","tiered_pricing_type":"fixed","tiered_pricing_fixed_rules":[],"tiered_pricing_percentage_rules":[],"tiered_pricing_minimum":1,"tiered_pricing_roles_data":[],"_links":{"self":[{"href":"https:\/\/www.csj-emballages.com\/pt-pt\/wp-json\/wp\/v2\/product\/23094","targetHints":{"allow":["GET"]}}],"collection":[{"href":"https:\/\/www.csj-emballages.com\/pt-pt\/wp-json\/wp\/v2\/product"}],"about":[{"href":"https:\/\/www.csj-emballages.com\/pt-pt\/wp-json\/wp\/v2\/types\/product"}],"wp:featuredmedia":[{"embeddable":true,"href":"https:\/\/www.csj-emballages.com\/pt-pt\/wp-json\/wp\/v2\/media\/209352"}],"wp:attachment":[{"href":"https:\/\/www.csj-emballages.com\/pt-pt\/wp-json\/wp\/v2\/media?parent=23094"}],"wp:term":[{"taxonomy":"product_brand","embeddable":true,"href":"https:\/\/www.csj-emballages.com\/pt-pt\/wp-json\/wp\/v2\/product_brand?post=23094"},{"taxonomy":"product_cat","embeddable":true,"href":"https:\/\/www.csj-emballages.com\/pt-pt\/wp-json\/wp\/v2\/product_cat?post=23094"},{"taxonomy":"product_tag","embeddable":true,"href":"https:\/\/www.csj-emballages.com\/pt-pt\/wp-json\/wp\/v2\/product_tag?post=23094"}],"curies":[{"name":"wp","href":"https:\/\/api.w.org\/{rel}","templated":true}]}}