{"id":23092,"date":"2024-03-01T16:50:11","date_gmt":"2024-03-01T15:50:11","guid":{"rendered":"https:\/\/u15jnbdpoq.preview.infomaniak.website\/produit\/7-kg-de-rolo-de-papel-de-seda-com-33-cm-de-largura\/"},"modified":"2026-03-12T16:37:16","modified_gmt":"2026-03-12T15:37:16","slug":"7-kg-de-rolo-de-papel-de-seda-com-33-cm-de-largura","status":"publish","type":"product","link":"https:\/\/www.csj-emballages.com\/pt-pt\/produit\/7-kg-de-rolo-de-papel-de-seda-com-33-cm-de-largura\/","title":{"rendered":"Rolo de papel tissue 33 cm largura 7kg"},"content":{"rendered":"<h2>Rolo de papel de seda<\/h2>\n<hr>\n<h3>Descri\u00e7\u00e3o do nosso rolo de papel tissue 33 cm largura 7kg<\/h3>\n<p><!--more--><\/p>\n<p data-start=\"189\" data-end=\"640\">Procura uma solu\u00e7\u00e3o pr\u00e1tica, econ\u00f3mica e ecol\u00f3gica para proteger os seus produtos? O <g id=\"gid_0\">rolo de papel de seda kraft de 33 cm &#8211; 7 kg<\/g> \u00e9 o aliado ideal para todas as suas necessidades de embalagem. Gra\u00e7as \u00e0 sua <strong data-start=\"408\" data-end=\"419\">finura<\/strong> e <strong data-start=\"428\" data-end=\"441\">flexibilidade<\/strong>, pode ser utilizado para uma grande variedade de fins, quer seja para embrulhar artigos fr\u00e1geis, proteger superf\u00edcies delicadas ou dar um toque de apresenta\u00e7\u00e3o natural \u00e0s suas encomendas.  <\/p>\n<p data-start=\"642\" data-end=\"1100\">Este <strong>rolo de papel de seda kraft<\/strong> \u00e9 conhecido pela sua <strong data-start=\"693\" data-end=\"707\">resist\u00eancia<\/strong> apesar da sua leveza. Permite-lhe criar embalagens profissionais e limpas, mantendo-se f\u00e1cil de manusear. A sua <g id=\"gid_2\">largura de 33 cm<\/g> adapta-se perfeitamente a objectos de pequenas e m\u00e9dias dimens\u00f5es, o que o torna um formato muito vers\u00e1til para a utiliza\u00e7\u00e3o quotidiana. Al\u00e9m disso, o peso <strong data-start=\"1002\" data-end=\"1010\">de 7 kg<\/strong> do rolo permite-lhe utiliz\u00e1-lo durante muito tempo, mesmo em utiliza\u00e7\u00e3o profissional intensiva.   <\/p>\n<p data-start=\"1102\" data-end=\"1458\">Para al\u00e9m de ser pr\u00e1tico, este <strong>papel tissue<\/strong> \u00e9 tamb\u00e9m apreciado pelas suas credenciais <strong data-start=\"1174\" data-end=\"1188\">ecol\u00f3gicas<\/strong>: \u00e9 recicl\u00e1vel e cumpre o seu compromisso de embalagem mais respons\u00e1vel. Pode ser utilizado no sector alimentar (padarias, pastelarias, catering), bem como em artigos n\u00e3o alimentares (t\u00eaxteis, acess\u00f3rios, decora\u00e7\u00e3o). <\/p>\n<p data-start=\"1460\" data-end=\"1846\">Ao optar por um <strong>rolo de papel tissue kraft<\/strong>, pode combinar <strong data-start=\"1521\" data-end=\"1535\">efic\u00e1cia<\/strong>, <strong data-start=\"1537\" data-end=\"1551\">est\u00e9tica<\/strong> e <strong data-start=\"1555\" data-end=\"1585\">respeito pelo ambiente<\/strong>. Quer seja artes\u00e3o, comerciante ou restaurador, este rolo permite-lhe poupar tempo e valorizar os seus produtos. Optar por este papel significa ter a certeza de uma apresenta\u00e7\u00e3o cuidada, de uma prote\u00e7\u00e3o \u00f3ptima e de um gesto simples mas empenhado para com o planeta.  <\/p>\n<p data-start=\"1460\" data-end=\"1846\">\n<p data-start=\"1506\" data-end=\"1740\"><!--more--><\/p>\n<h4 data-start=\"1506\" data-end=\"1740\">Vantagens :<\/h4>\n<ul>\n<li data-start=\"1506\" data-end=\"1740\"><strong data-start=\"2079\" data-end=\"2102\">Resistente e flex\u00edvel<\/strong>: protege eficazmente os seus produtos sem os sobrecarregar.<\/li>\n<li data-start=\"1506\" data-end=\"1740\"><strong data-start=\"2162\" data-end=\"2181\">Formato pr\u00e1tico<\/strong>: 33 cm de largura, ideal para uma vasta gama de utiliza\u00e7\u00f5es.<\/li>\n<li data-start=\"1506\" data-end=\"1740\"><strong data-start=\"2235\" data-end=\"2249\">Econ\u00f3mico<\/strong>: rolo de 7 kg para uma longa dura\u00e7\u00e3o.<\/li>\n<li data-start=\"1506\" data-end=\"1740\"><strong data-start=\"2309\" data-end=\"2323\">Vers\u00e1til<\/strong>: adequado para os sectores alimentar e n\u00e3o alimentar.<\/li>\n<li data-start=\"1506\" data-end=\"1740\"><strong data-start=\"2382\" data-end=\"2396\">Ecol\u00f3gico<\/strong>: recicl\u00e1vel e amigo do ambiente.<\/li>\n<\/ul>\n<p>&nbsp;<\/p>\n<p><!--more--><\/p>\n<h4>Outras informa\u00e7\u00f5es :<\/h4>\n<ul>\n<li><strong>Embalagem<\/strong>: rolo de 7 kg<\/li>\n<li><strong>Material<\/strong>: Papel<\/li>\n<li><strong>Comprimento<\/strong>: 19 cm<\/li>\n<li><strong>Largura<\/strong>: 33 cm<\/li>\n<li><strong>Cor<\/strong>: Kraft<\/li>\n<\/ul>\n<p>&nbsp;<\/p>\n<p><!--more--><\/p>\n<p>Este rolo tamb\u00e9m est\u00e1 dispon\u00edvel em formato de folha: <span style=\"color: #d12727;\"><a style=\"color: #d12727;\" href=\"https:\/\/www.csj-emballages.com\/es\/produit\/papel-de-seda-40x60cm-10-kg\/\">MOUSS4060<\/a><\/span><\/p>\n<p>&nbsp;<\/p>\n<p><!--more--><\/p>\n<p><a href=\"https:\/\/www.csj-emballages.com\/pt-pt\/categorie-produit\/embalagem-de-alimentos\/padaria-e-pastelaria\/sacos-saquetas-e-papel\/papel-de-seda\/\">Ver o resto da nossa gama de pap\u00e9is tissue<\/a><\/p>\n","protected":false},"excerpt":{"rendered":"<p>Rolo de papel de seda Descri\u00e7\u00e3o do nosso rolo de papel tissue 33 cm largura 7kg<\/p>\n","protected":false},"featured_media":245435,"template":"","meta":{"_acf_changed":false},"product_brand":[],"product_cat":[1177,2888],"product_tag":[],"class_list":{"0":"post-23092","1":"product","2":"type-product","3":"status-publish","4":"has-post-thumbnail","6":"product_cat-padaria-e-pastelaria","7":"product_cat-papel-de-seda","9":"first","10":"instock","11":"taxable","12":"shipping-taxable","13":"purchasable","14":"product-type-simple"},"acf":[],"yoast_head":"<!-- This site is optimized with the Yoast SEO Premium plugin v26.6 (Yoast SEO v26.6) - https:\/\/yoast.com\/wordpress\/plugins\/seo\/ -->\n<title>Rolo de papel de seda 33 cm 7kg<\/title>\n<meta name=\"description\" content=\"Rolo de papel de seda kraft 33 cm - 7 kg: pr\u00e1tico, resistente e ecol\u00f3gico para proteger e valorizar as suas embalagens profissionais.\" \/>\n<meta name=\"robots\" content=\"index, follow, max-snippet:-1, max-image-preview:large, max-video-preview:-1\" \/>\n<link rel=\"canonical\" href=\"https:\/\/www.csj-emballages.com\/pt-pt\/produit\/7-kg-de-rolo-de-papel-de-seda-com-33-cm-de-largura\/\" \/>\n<meta property=\"og:locale\" content=\"pt_PT\" \/>\n<meta property=\"og:type\" content=\"article\" \/>\n<meta property=\"og:title\" content=\"Rolo de papel tissue 33 cm largura 7kg\" \/>\n<meta property=\"og:description\" content=\"Rolo de papel de seda kraft 33 cm - 7 kg: pr\u00e1tico, resistente e ecol\u00f3gico para proteger e valorizar as suas embalagens profissionais.\" \/>\n<meta property=\"og:url\" content=\"https:\/\/www.csj-emballages.com\/pt-pt\/produit\/7-kg-de-rolo-de-papel-de-seda-com-33-cm-de-largura\/\" \/>\n<meta property=\"og:site_name\" content=\"CSJ Emballages\" \/>\n<meta property=\"article:publisher\" content=\"https:\/\/www.facebook.com\/csjemballages\" \/>\n<meta property=\"article:modified_time\" content=\"2026-03-12T15:37:16+00:00\" \/>\n<meta property=\"og:image\" content=\"https:\/\/www.csj-emballages.com\/wp-content\/uploads\/2024\/03\/ROUMOUSS27.webp\" \/>\n\t<meta property=\"og:image:width\" content=\"800\" \/>\n\t<meta property=\"og:image:height\" content=\"800\" \/>\n\t<meta property=\"og:image:type\" content=\"image\/webp\" \/>\n<meta name=\"twitter:card\" content=\"summary_large_image\" \/>\n<meta name=\"twitter:label1\" content=\"Tempo estimado de leitura\" \/>\n\t<meta name=\"twitter:data1\" content=\"2 minutos\" \/>\n<script type=\"application\/ld+json\" class=\"yoast-schema-graph\">{\"@context\":\"https:\/\/schema.org\",\"@graph\":[{\"@type\":\"WebPage\",\"@id\":\"https:\/\/www.csj-emballages.com\/pt-pt\/produit\/7-kg-de-rolo-de-papel-de-seda-com-33-cm-de-largura\/\",\"url\":\"https:\/\/www.csj-emballages.com\/pt-pt\/produit\/7-kg-de-rolo-de-papel-de-seda-com-33-cm-de-largura\/\",\"name\":\"Rolo de papel de seda 33 cm 7kg\",\"isPartOf\":{\"@id\":\"https:\/\/www.csj-emballages.com\/pt-pt\/#website\"},\"primaryImageOfPage\":{\"@id\":\"https:\/\/www.csj-emballages.com\/pt-pt\/produit\/7-kg-de-rolo-de-papel-de-seda-com-33-cm-de-largura\/#primaryimage\"},\"image\":{\"@id\":\"https:\/\/www.csj-emballages.com\/pt-pt\/produit\/7-kg-de-rolo-de-papel-de-seda-com-33-cm-de-largura\/#primaryimage\"},\"thumbnailUrl\":\"https:\/\/www.csj-emballages.com\/wp-content\/uploads\/2024\/03\/ROUMOUSS27.webp\",\"datePublished\":\"2024-03-01T15:50:11+00:00\",\"dateModified\":\"2026-03-12T15:37:16+00:00\",\"description\":\"Rolo de papel de seda kraft 33 cm - 7 kg: pr\u00e1tico, resistente e ecol\u00f3gico para proteger e valorizar as suas embalagens profissionais.\",\"breadcrumb\":{\"@id\":\"https:\/\/www.csj-emballages.com\/pt-pt\/produit\/7-kg-de-rolo-de-papel-de-seda-com-33-cm-de-largura\/#breadcrumb\"},\"inLanguage\":\"pt-PT\",\"potentialAction\":[{\"@type\":\"ReadAction\",\"target\":[\"https:\/\/www.csj-emballages.com\/pt-pt\/produit\/7-kg-de-rolo-de-papel-de-seda-com-33-cm-de-largura\/\"]}]},{\"@type\":\"ImageObject\",\"inLanguage\":\"pt-PT\",\"@id\":\"https:\/\/www.csj-emballages.com\/pt-pt\/produit\/7-kg-de-rolo-de-papel-de-seda-com-33-cm-de-largura\/#primaryimage\",\"url\":\"https:\/\/www.csj-emballages.com\/wp-content\/uploads\/2024\/03\/ROUMOUSS27.webp\",\"contentUrl\":\"https:\/\/www.csj-emballages.com\/wp-content\/uploads\/2024\/03\/ROUMOUSS27.webp\",\"width\":800,\"height\":800,\"caption\":\"Rouleau de papier mousseline\"},{\"@type\":\"BreadcrumbList\",\"@id\":\"https:\/\/www.csj-emballages.com\/pt-pt\/produit\/7-kg-de-rolo-de-papel-de-seda-com-33-cm-de-largura\/#breadcrumb\",\"itemListElement\":[{\"@type\":\"ListItem\",\"position\":1,\"name\":\"Acolhimento\",\"item\":\"https:\/\/www.csj-emballages.com\/pt-pt\/universo-das-embalagens-alimentares\/\"},{\"@type\":\"ListItem\",\"position\":2,\"name\":\"Shop\",\"item\":\"https:\/\/www.csj-emballages.com\/shop\/\"},{\"@type\":\"ListItem\",\"position\":3,\"name\":\"Rolo de papel tissue 33 cm largura 7kg\"}]},{\"@type\":\"WebSite\",\"@id\":\"https:\/\/www.csj-emballages.com\/pt-pt\/#website\",\"url\":\"https:\/\/www.csj-emballages.com\/pt-pt\/\",\"name\":\"CSJ Emballages\",\"description\":\"\",\"publisher\":{\"@id\":\"https:\/\/www.csj-emballages.com\/pt-pt\/#organization\"},\"potentialAction\":[{\"@type\":\"SearchAction\",\"target\":{\"@type\":\"EntryPoint\",\"urlTemplate\":\"https:\/\/www.csj-emballages.com\/pt-pt\/?s={search_term_string}\"},\"query-input\":{\"@type\":\"PropertyValueSpecification\",\"valueRequired\":true,\"valueName\":\"search_term_string\"}}],\"inLanguage\":\"pt-PT\"},{\"@type\":\"Organization\",\"@id\":\"https:\/\/www.csj-emballages.com\/pt-pt\/#Organization\/\",\"name\":\"CSJ Emballages\",\"url\":\"https:\/\/www.csj-emballages.com\/pt-pt\/\",\"logo\":{\"@type\":\"ImageObject\",\"inLanguage\":\"pt-PT\",\"@id\":\"https:\/\/www.csj-emballages.com\/pt-pt\/#\/schema\/logo\/image\/\",\"url\":\"https:\/\/www.csj-emballages.com\/wp-content\/uploads\/2023\/10\/logo_csj.webp\",\"contentUrl\":\"https:\/\/www.csj-emballages.com\/wp-content\/uploads\/2023\/10\/logo_csj.webp\",\"width\":250,\"height\":95,\"caption\":\"CSJ Emballages\"},\"image\":{\"@id\":\"https:\/\/www.csj-emballages.com\/pt-pt\/#\/schema\/logo\/image\/\"},\"sameAs\":[\"https:\/\/www.facebook.com\/csjemballages\"],\"address\":{\"@type\":\"PostalAddress\",\"streetAddress\":\"ZI La Lechere\",\"addressLocality\":\"Patornay\",\"postalCode\":\"39130\",\"addressCountry\":\"FR\"},\"contactPoint\":[{\"@type\":\"ContactPoint\",\"contactType\":\"Service client\",\"telephone\":\"0384254272\",\"email\":\"contact@csj-emballages.com\"}]}]}<\/script>\n<!-- \/ Yoast SEO Premium plugin. -->","yoast_head_json":{"title":"Rolo de papel de seda 33 cm 7kg","description":"Rolo de papel de seda kraft 33 cm - 7 kg: pr\u00e1tico, resistente e ecol\u00f3gico para proteger e valorizar as suas embalagens profissionais.","robots":{"index":"index","follow":"follow","max-snippet":"max-snippet:-1","max-image-preview":"max-image-preview:large","max-video-preview":"max-video-preview:-1"},"canonical":"https:\/\/www.csj-emballages.com\/pt-pt\/produit\/7-kg-de-rolo-de-papel-de-seda-com-33-cm-de-largura\/","og_locale":"pt_PT","og_type":"article","og_title":"Rolo de papel tissue 33 cm largura 7kg","og_description":"Rolo de papel de seda kraft 33 cm - 7 kg: pr\u00e1tico, resistente e ecol\u00f3gico para proteger e valorizar as suas embalagens profissionais.","og_url":"https:\/\/www.csj-emballages.com\/pt-pt\/produit\/7-kg-de-rolo-de-papel-de-seda-com-33-cm-de-largura\/","og_site_name":"CSJ Emballages","article_publisher":"https:\/\/www.facebook.com\/csjemballages","article_modified_time":"2026-03-12T15:37:16+00:00","og_image":[{"width":800,"height":800,"url":"https:\/\/www.csj-emballages.com\/wp-content\/uploads\/2024\/03\/ROUMOUSS27.webp","type":"image\/webp"}],"twitter_card":"summary_large_image","twitter_misc":{"Tempo estimado de leitura":"2 minutos"},"schema":{"@context":"https:\/\/schema.org","@graph":[{"@type":"WebPage","@id":"https:\/\/www.csj-emballages.com\/pt-pt\/produit\/7-kg-de-rolo-de-papel-de-seda-com-33-cm-de-largura\/","url":"https:\/\/www.csj-emballages.com\/pt-pt\/produit\/7-kg-de-rolo-de-papel-de-seda-com-33-cm-de-largura\/","name":"Rolo de papel de seda 33 cm 7kg","isPartOf":{"@id":"https:\/\/www.csj-emballages.com\/pt-pt\/#website"},"primaryImageOfPage":{"@id":"https:\/\/www.csj-emballages.com\/pt-pt\/produit\/7-kg-de-rolo-de-papel-de-seda-com-33-cm-de-largura\/#primaryimage"},"image":{"@id":"https:\/\/www.csj-emballages.com\/pt-pt\/produit\/7-kg-de-rolo-de-papel-de-seda-com-33-cm-de-largura\/#primaryimage"},"thumbnailUrl":"https:\/\/www.csj-emballages.com\/wp-content\/uploads\/2024\/03\/ROUMOUSS27.webp","datePublished":"2024-03-01T15:50:11+00:00","dateModified":"2026-03-12T15:37:16+00:00","description":"Rolo de papel de seda kraft 33 cm - 7 kg: pr\u00e1tico, resistente e ecol\u00f3gico para proteger e valorizar as suas embalagens profissionais.","breadcrumb":{"@id":"https:\/\/www.csj-emballages.com\/pt-pt\/produit\/7-kg-de-rolo-de-papel-de-seda-com-33-cm-de-largura\/#breadcrumb"},"inLanguage":"pt-PT","potentialAction":[{"@type":"ReadAction","target":["https:\/\/www.csj-emballages.com\/pt-pt\/produit\/7-kg-de-rolo-de-papel-de-seda-com-33-cm-de-largura\/"]}]},{"@type":"ImageObject","inLanguage":"pt-PT","@id":"https:\/\/www.csj-emballages.com\/pt-pt\/produit\/7-kg-de-rolo-de-papel-de-seda-com-33-cm-de-largura\/#primaryimage","url":"https:\/\/www.csj-emballages.com\/wp-content\/uploads\/2024\/03\/ROUMOUSS27.webp","contentUrl":"https:\/\/www.csj-emballages.com\/wp-content\/uploads\/2024\/03\/ROUMOUSS27.webp","width":800,"height":800,"caption":"Rouleau de papier mousseline"},{"@type":"BreadcrumbList","@id":"https:\/\/www.csj-emballages.com\/pt-pt\/produit\/7-kg-de-rolo-de-papel-de-seda-com-33-cm-de-largura\/#breadcrumb","itemListElement":[{"@type":"ListItem","position":1,"name":"Acolhimento","item":"https:\/\/www.csj-emballages.com\/pt-pt\/universo-das-embalagens-alimentares\/"},{"@type":"ListItem","position":2,"name":"Shop","item":"https:\/\/www.csj-emballages.com\/shop\/"},{"@type":"ListItem","position":3,"name":"Rolo de papel tissue 33 cm largura 7kg"}]},{"@type":"WebSite","@id":"https:\/\/www.csj-emballages.com\/pt-pt\/#website","url":"https:\/\/www.csj-emballages.com\/pt-pt\/","name":"CSJ Emballages","description":"","publisher":{"@id":"https:\/\/www.csj-emballages.com\/pt-pt\/#organization"},"potentialAction":[{"@type":"SearchAction","target":{"@type":"EntryPoint","urlTemplate":"https:\/\/www.csj-emballages.com\/pt-pt\/?s={search_term_string}"},"query-input":{"@type":"PropertyValueSpecification","valueRequired":true,"valueName":"search_term_string"}}],"inLanguage":"pt-PT"},{"@type":"Organization","@id":"https:\/\/www.csj-emballages.com\/pt-pt\/#Organization\/","name":"CSJ Emballages","url":"https:\/\/www.csj-emballages.com\/pt-pt\/","logo":{"@type":"ImageObject","inLanguage":"pt-PT","@id":"https:\/\/www.csj-emballages.com\/pt-pt\/#\/schema\/logo\/image\/","url":"https:\/\/www.csj-emballages.com\/wp-content\/uploads\/2023\/10\/logo_csj.webp","contentUrl":"https:\/\/www.csj-emballages.com\/wp-content\/uploads\/2023\/10\/logo_csj.webp","width":250,"height":95,"caption":"CSJ Emballages"},"image":{"@id":"https:\/\/www.csj-emballages.com\/pt-pt\/#\/schema\/logo\/image\/"},"sameAs":["https:\/\/www.facebook.com\/csjemballages"],"address":{"@type":"PostalAddress","streetAddress":"ZI La Lechere","addressLocality":"Patornay","postalCode":"39130","addressCountry":"FR"},"contactPoint":[{"@type":"ContactPoint","contactType":"Service client","telephone":"0384254272","email":"contact@csj-emballages.com"}]}]}},"df_price":40.19,"df_sale_price":"","df_regular_price":40.19,"df_image_link":"https:\/\/www.csj-emballages.com\/wp-content\/uploads\/2024\/03\/ROUMOUSS27-300x300.webp","tiered_pricing_type":"fixed","tiered_pricing_fixed_rules":[],"tiered_pricing_percentage_rules":[],"tiered_pricing_minimum":1,"tiered_pricing_roles_data":[],"_links":{"self":[{"href":"https:\/\/www.csj-emballages.com\/pt-pt\/wp-json\/wp\/v2\/product\/23092","targetHints":{"allow":["GET"]}}],"collection":[{"href":"https:\/\/www.csj-emballages.com\/pt-pt\/wp-json\/wp\/v2\/product"}],"about":[{"href":"https:\/\/www.csj-emballages.com\/pt-pt\/wp-json\/wp\/v2\/types\/product"}],"wp:featuredmedia":[{"embeddable":true,"href":"https:\/\/www.csj-emballages.com\/pt-pt\/wp-json\/wp\/v2\/media\/245435"}],"wp:attachment":[{"href":"https:\/\/www.csj-emballages.com\/pt-pt\/wp-json\/wp\/v2\/media?parent=23092"}],"wp:term":[{"taxonomy":"product_brand","embeddable":true,"href":"https:\/\/www.csj-emballages.com\/pt-pt\/wp-json\/wp\/v2\/product_brand?post=23092"},{"taxonomy":"product_cat","embeddable":true,"href":"https:\/\/www.csj-emballages.com\/pt-pt\/wp-json\/wp\/v2\/product_cat?post=23092"},{"taxonomy":"product_tag","embeddable":true,"href":"https:\/\/www.csj-emballages.com\/pt-pt\/wp-json\/wp\/v2\/product_tag?post=23092"}],"curies":[{"name":"wp","href":"https:\/\/api.w.org\/{rel}","templated":true}]}}