{"id":23090,"date":"2024-03-01T16:50:10","date_gmt":"2024-03-01T15:50:10","guid":{"rendered":"https:\/\/u15jnbdpoq.preview.infomaniak.website\/produit\/500-sacos-de-plastico-brancos-de-26-12-x-45-cm-50-%c2%b5\/"},"modified":"2026-04-28T11:02:41","modified_gmt":"2026-04-28T09:02:41","slug":"500-sacos-de-plastico-brancos-de-26-12-x-45-cm-50-%c2%b5","status":"publish","type":"product","link":"https:\/\/www.csj-emballages.com\/pt-pt\/produit\/500-sacos-de-plastico-brancos-de-26-12-x-45-cm-50-%c2%b5\/","title":{"rendered":"Saco de pl\u00e1stico branco codificado com al\u00e7as 26 + 12 x 45 cm 50 \u00b5 por 500"},"content":{"rendered":"<div style=\"font-family: Roboto, sans-serif;\">\n<div style=\"font-family: Roboto, sans-serif;\">\n<div style=\"font-family: Roboto, sans-serif;\">\n<div style=\"font-family: Roboto, sans-serif;\">\n<div style=\"font-family: Roboto, sans-serif;\">\n<div style=\"font-family: Roboto, sans-serif;\">\n<h2>Saco a tiracolo<\/h2>\n<hr>\n<h3>Descri\u00e7\u00e3o do nosso saco de ombro de pl\u00e1stico branco codificado 26 + 12 x 45 cm 50 \u00b5, 500 unidades<\/h3>\n<p><!--more--><\/p>\n<div style=\"box-sizing: inherit; font-family: Roboto, sans-serif;\">\n<div style=\"font-family: Roboto, sans-serif;\">\n<div style=\"font-family: Roboto, sans-serif;\">\n<div style=\"font-family: Roboto, sans-serif;\">\n<div style=\"font-family: Roboto, sans-serif;\">\n<div style=\"font-family: Roboto, sans-serif;\">\n<div style=\"font-family: Roboto, sans-serif;\">\n<p><strong>Os<\/strong> nossos <strong>sacos de pl\u00e1stico brancos de 50\u00b5<\/strong> s\u00e3o perfeitos para a utiliza\u00e7\u00e3o di\u00e1ria em lojas e estabelecimentos comerciais. Concebidos com uma espessura de <strong>50 microns<\/strong>, estes <strong>sacos<\/strong> s\u00e3o suficientemente robustos e duradouros para transportar uma variedade de produtos. As suas pr\u00e1ticas pegas <strong>de ombro<\/strong> tornam-nas confort\u00e1veis de transportar, mesmo para cargas mais pesadas.<\/p>\n<p>Fabricados em <strong>pl\u00e1stico branco<\/strong>, estes <strong>sacos<\/strong> t\u00eam um aspeto limpo e profissional. Gra\u00e7as ao seu design vers\u00e1til, podem ser utilizadas para tudo, desde as compras do dia a dia at\u00e9 \u00e0 embalagem de produtos. Al\u00e9m disso, <strong>os sacos de pl\u00e1stico brancos com refor\u00e7o de 50\u00b5<\/strong> est\u00e3o dispon\u00edveis numa gama de tamanhos e modelos para se adaptarem a todas as tuas necessidades de embalagem.<\/p>\n<p>A utiliza\u00e7\u00e3o destes <strong>sacos<\/strong> garante-te uma solu\u00e7\u00e3o econ\u00f3mica, mantendo uma apresenta\u00e7\u00e3o cuidada dos teus produtos. Al\u00e9m disso, podem ser reciclados, contribuindo para uma abordagem amiga do ambiente. O seu design <strong>branco<\/strong> neutro adapta-se a todos os contextos, garantindo uma apresenta\u00e7\u00e3o esteticamente agrad\u00e1vel.<\/p>\n<p>Estes <strong>sacos a tiracolo<\/strong> s\u00e3o ainda mais pr\u00e1ticos, pois t\u00eam 2 refor\u00e7os laterais para uma maior capacidade de arruma\u00e7\u00e3o.<\/p>\n<p>&nbsp;<\/p>\n<p><!--more--><\/p>\n<p>Impresso* <span style=\"color: #339966;\"><br \/>\n  <em>&#8220;Sou reutiliz\u00e1vel, n\u00e3o me deites fora&#8221;. <\/em><br \/>\n<\/span> <\/p>\n<\/div>\n<\/div>\n<\/div>\n<\/div>\n<p>&nbsp;<\/p>\n<\/div>\n<\/div>\n<\/div>\n<\/div>\n<\/div>\n<\/div>\n<\/div>\n<\/div>\n<\/div>\n<p><!--more--><\/p>\n<h4>As suas vantagens:<\/h4>\n<ul>\n<li><strong>Robustez e durabilidade<\/strong>: espessura de 50 m\u00edcrones para uma elevada resist\u00eancia e uma longa vida \u00fatil<\/li>\n<li><strong>Versatilidade<\/strong>: Adequado para uma variedade de utiliza\u00e7\u00f5es, desde lojas de retalho a lojas especializadas<\/li>\n<li><strong>Econ\u00f3mica<\/strong>: Solu\u00e7\u00e3o de embalagem econ\u00f3mica para pontos de venda a retalho, oferecendo uma excelente rela\u00e7\u00e3o qualidade\/pre\u00e7o<\/li>\n<li><strong>F\u00e1cil de reciclar<\/strong>: Fabricados em pl\u00e1stico recicl\u00e1vel, contribuem para uma gest\u00e3o respons\u00e1vel dos res\u00edduos.<\/li>\n<li><strong>Imprimir<\/strong>: Imprime um Gencode<\/li>\n<\/ul>\n<p>&nbsp;<\/p>\n<div style=\"font-family: Roboto, sans-serif;\">\n<div style=\"font-family: Roboto, sans-serif;\">\n<div style=\"font-family: Roboto, sans-serif;\">\n<div style=\"font-family: Roboto, sans-serif;\">\n<div style=\"font-family: Roboto, sans-serif;\">\n<div style=\"font-family: Roboto, sans-serif;\">\n<p><!--more--><\/p>\n<div style=\"box-sizing: inherit; font-family: Roboto, sans-serif;\">\n<div style=\"box-sizing: inherit; font-family: Roboto, sans-serif;\">\n<div style=\"box-sizing: inherit; font-family: Roboto, sans-serif;\">\n<div style=\"box-sizing: inherit; font-family: Roboto, sans-serif;\">\n<h4>Outras informa\u00e7\u00f5es :<\/h4>\n<ul>\n<li><strong>Dimens\u00f5es: <\/strong>260 + 120 x 450 mm<\/li>\n<li><strong>Material : <\/strong>Pl\u00e1stico<\/li>\n<li><strong>Resist\u00eancia<\/strong>: 50 microns<\/li>\n<li><strong>Embalagem : <\/strong>Caixa de 500<\/li>\n<li><strong>Cor: <\/strong>Branco com estampados<\/li>\n<\/ul>\n<\/div>\n<p>&nbsp;<\/p>\n<\/div>\n<\/div>\n<\/div>\n<p><!--more--><\/p>\n<p>Este produto tamb\u00e9m existe sem gencode : <span style=\"color: #d12727;\"><a style=\"color: #d12727;\" href=\"https:\/\/www.csj-emballages.com\/produit\/400-sacs-bretelles-blancs-30-14-x-54-cm-50-%c2%b5-en-plastique\/\">SAC50541<\/a><\/span><\/p>\n<p>&nbsp;<\/p>\n<p><!--more--><\/p>\n<p><a href=\"https:\/\/www.csj-emballages.com\/pt-pt\/categorie-produit\/embalagem-de-alimentos\/restauracao\/sacos-e-papel\/bolsas-de-ombro-artesanato\/sacos-de-plastico\/\">V\u00ea o resto da nossa gama de sacos de pl\u00e1stico<\/a><\/p>\n<\/div>\n<\/div>\n<\/div>\n<\/div>\n<\/div>\n<\/div>\n","protected":false},"excerpt":{"rendered":"<p>Saco a tiracolo Descri\u00e7\u00e3o do nosso saco de ombro de pl\u00e1stico branco codificado 26 + 12 x 45 cm 50 \u00b5, 500 unidades<\/p>\n","protected":false},"featured_media":207369,"template":"","meta":{"_acf_changed":false},"product_brand":[],"product_cat":[1141,1138,3928,2802,9206,1482,1891,3279],"product_tag":[],"class_list":{"0":"post-23090","1":"product","2":"type-product","3":"status-publish","4":"has-post-thumbnail","6":"product_cat-embalagem-de-alimentos","7":"product_cat-restauracao","8":"product_cat-sacos-e-papel","9":"product_cat-bolsas-de-ombro-artesanato","10":"product_cat-sacos-de-plastico","11":"product_cat-loja-e-armazem","12":"product_cat-sacos-de-ombro-artesanato","13":"product_cat-bolsas-de-ombro","15":"first","16":"instock","17":"taxable","18":"shipping-taxable","19":"purchasable","20":"product-type-simple"},"acf":[],"yoast_head":"<!-- This site is optimized with the Yoast SEO Premium plugin v26.6 (Yoast SEO v26.6) - https:\/\/yoast.com\/wordpress\/plugins\/seo\/ -->\n<title>Saco de pl\u00e1stico branco com al\u00e7as de ombro codificadas - 26 + 12 x 45 cm<\/title>\n<meta name=\"description\" content=\"Saco de pl\u00e1stico branco 50\u00b5 - Descobre o nosso saco de pl\u00e1stico branco robusto e pr\u00e1tico. Ideal para todas as tuas necessidades de embalagem, resistente e recicl\u00e1vel.\" \/>\n<meta name=\"robots\" content=\"index, follow, max-snippet:-1, max-image-preview:large, max-video-preview:-1\" \/>\n<link rel=\"canonical\" href=\"https:\/\/www.csj-emballages.com\/pt-pt\/produit\/500-sacos-de-plastico-brancos-de-26-12-x-45-cm-50-%c2%b5\/\" \/>\n<meta property=\"og:locale\" content=\"pt_PT\" \/>\n<meta property=\"og:type\" content=\"article\" \/>\n<meta property=\"og:title\" content=\"Saco de pl\u00e1stico branco codificado com al\u00e7as 26 + 12 x 45 cm 50 \u00b5 por 500\" \/>\n<meta property=\"og:description\" content=\"Saco de pl\u00e1stico branco 50\u00b5 - Descobre o nosso saco de pl\u00e1stico branco robusto e pr\u00e1tico. Ideal para todas as tuas necessidades de embalagem, resistente e recicl\u00e1vel.\" \/>\n<meta property=\"og:url\" content=\"https:\/\/www.csj-emballages.com\/pt-pt\/produit\/500-sacos-de-plastico-brancos-de-26-12-x-45-cm-50-%c2%b5\/\" \/>\n<meta property=\"og:site_name\" content=\"CSJ Emballages\" \/>\n<meta property=\"article:publisher\" content=\"https:\/\/www.facebook.com\/csjemballages\" \/>\n<meta property=\"article:modified_time\" content=\"2026-04-28T09:02:41+00:00\" \/>\n<meta property=\"og:image\" content=\"https:\/\/www.csj-emballages.com\/wp-content\/uploads\/2024\/03\/SAC2645GENCODE.webp\" \/>\n\t<meta property=\"og:image:width\" content=\"801\" \/>\n\t<meta property=\"og:image:height\" content=\"801\" \/>\n\t<meta property=\"og:image:type\" content=\"image\/webp\" \/>\n<meta name=\"twitter:card\" content=\"summary_large_image\" \/>\n<meta name=\"twitter:label1\" content=\"Tempo estimado de leitura\" \/>\n\t<meta name=\"twitter:data1\" content=\"2 minutos\" \/>\n<script type=\"application\/ld+json\" class=\"yoast-schema-graph\">{\"@context\":\"https:\/\/schema.org\",\"@graph\":[{\"@type\":\"WebPage\",\"@id\":\"https:\/\/www.csj-emballages.com\/pt-pt\/produit\/500-sacos-de-plastico-brancos-de-26-12-x-45-cm-50-%c2%b5\/\",\"url\":\"https:\/\/www.csj-emballages.com\/pt-pt\/produit\/500-sacos-de-plastico-brancos-de-26-12-x-45-cm-50-%c2%b5\/\",\"name\":\"Saco de pl\u00e1stico branco com al\u00e7as de ombro codificadas - 26 + 12 x 45 cm\",\"isPartOf\":{\"@id\":\"https:\/\/www.csj-emballages.com\/pt-pt\/#website\"},\"primaryImageOfPage\":{\"@id\":\"https:\/\/www.csj-emballages.com\/pt-pt\/produit\/500-sacos-de-plastico-brancos-de-26-12-x-45-cm-50-%c2%b5\/#primaryimage\"},\"image\":{\"@id\":\"https:\/\/www.csj-emballages.com\/pt-pt\/produit\/500-sacos-de-plastico-brancos-de-26-12-x-45-cm-50-%c2%b5\/#primaryimage\"},\"thumbnailUrl\":\"https:\/\/www.csj-emballages.com\/wp-content\/uploads\/2024\/03\/SAC2645GENCODE.webp\",\"datePublished\":\"2024-03-01T15:50:10+00:00\",\"dateModified\":\"2026-04-28T09:02:41+00:00\",\"description\":\"Saco de pl\u00e1stico branco 50\u00b5 - Descobre o nosso saco de pl\u00e1stico branco robusto e pr\u00e1tico. Ideal para todas as tuas necessidades de embalagem, resistente e recicl\u00e1vel.\",\"breadcrumb\":{\"@id\":\"https:\/\/www.csj-emballages.com\/pt-pt\/produit\/500-sacos-de-plastico-brancos-de-26-12-x-45-cm-50-%c2%b5\/#breadcrumb\"},\"inLanguage\":\"pt-PT\",\"potentialAction\":[{\"@type\":\"ReadAction\",\"target\":[\"https:\/\/www.csj-emballages.com\/pt-pt\/produit\/500-sacos-de-plastico-brancos-de-26-12-x-45-cm-50-%c2%b5\/\"]}]},{\"@type\":\"ImageObject\",\"inLanguage\":\"pt-PT\",\"@id\":\"https:\/\/www.csj-emballages.com\/pt-pt\/produit\/500-sacos-de-plastico-brancos-de-26-12-x-45-cm-50-%c2%b5\/#primaryimage\",\"url\":\"https:\/\/www.csj-emballages.com\/wp-content\/uploads\/2024\/03\/SAC2645GENCODE.webp\",\"contentUrl\":\"https:\/\/www.csj-emballages.com\/wp-content\/uploads\/2024\/03\/SAC2645GENCODE.webp\",\"width\":801,\"height\":801,\"caption\":\"sac bretelle\"},{\"@type\":\"BreadcrumbList\",\"@id\":\"https:\/\/www.csj-emballages.com\/pt-pt\/produit\/500-sacos-de-plastico-brancos-de-26-12-x-45-cm-50-%c2%b5\/#breadcrumb\",\"itemListElement\":[{\"@type\":\"ListItem\",\"position\":1,\"name\":\"Acolhimento\",\"item\":\"https:\/\/www.csj-emballages.com\/pt-pt\/universo-das-embalagens-alimentares\/\"},{\"@type\":\"ListItem\",\"position\":2,\"name\":\"Shop\",\"item\":\"https:\/\/www.csj-emballages.com\/shop\/\"},{\"@type\":\"ListItem\",\"position\":3,\"name\":\"Saco de pl\u00e1stico branco codificado com al\u00e7as 26 + 12 x 45 cm 50 \u00b5 por 500\"}]},{\"@type\":\"WebSite\",\"@id\":\"https:\/\/www.csj-emballages.com\/pt-pt\/#website\",\"url\":\"https:\/\/www.csj-emballages.com\/pt-pt\/\",\"name\":\"CSJ Emballages\",\"description\":\"\",\"publisher\":{\"@id\":\"https:\/\/www.csj-emballages.com\/pt-pt\/#organization\"},\"potentialAction\":[{\"@type\":\"SearchAction\",\"target\":{\"@type\":\"EntryPoint\",\"urlTemplate\":\"https:\/\/www.csj-emballages.com\/pt-pt\/?s={search_term_string}\"},\"query-input\":{\"@type\":\"PropertyValueSpecification\",\"valueRequired\":true,\"valueName\":\"search_term_string\"}}],\"inLanguage\":\"pt-PT\"},{\"@type\":\"Organization\",\"@id\":\"https:\/\/www.csj-emballages.com\/pt-pt\/#Organization\/\",\"name\":\"CSJ Emballages\",\"url\":\"https:\/\/www.csj-emballages.com\/pt-pt\/\",\"logo\":{\"@type\":\"ImageObject\",\"inLanguage\":\"pt-PT\",\"@id\":\"https:\/\/www.csj-emballages.com\/pt-pt\/#\/schema\/logo\/image\/\",\"url\":\"https:\/\/www.csj-emballages.com\/wp-content\/uploads\/2023\/10\/logo_csj.webp\",\"contentUrl\":\"https:\/\/www.csj-emballages.com\/wp-content\/uploads\/2023\/10\/logo_csj.webp\",\"width\":250,\"height\":95,\"caption\":\"CSJ Emballages\"},\"image\":{\"@id\":\"https:\/\/www.csj-emballages.com\/pt-pt\/#\/schema\/logo\/image\/\"},\"sameAs\":[\"https:\/\/www.facebook.com\/csjemballages\"],\"address\":{\"@type\":\"PostalAddress\",\"streetAddress\":\"ZI La Lechere\",\"addressLocality\":\"Patornay\",\"postalCode\":\"39130\",\"addressCountry\":\"FR\"},\"contactPoint\":[{\"@type\":\"ContactPoint\",\"contactType\":\"Service client\",\"telephone\":\"0384254272\",\"email\":\"contact@csj-emballages.com\"}]}]}<\/script>\n<!-- \/ Yoast SEO Premium plugin. -->","yoast_head_json":{"title":"Saco de pl\u00e1stico branco com al\u00e7as de ombro codificadas - 26 + 12 x 45 cm","description":"Saco de pl\u00e1stico branco 50\u00b5 - Descobre o nosso saco de pl\u00e1stico branco robusto e pr\u00e1tico. Ideal para todas as tuas necessidades de embalagem, resistente e recicl\u00e1vel.","robots":{"index":"index","follow":"follow","max-snippet":"max-snippet:-1","max-image-preview":"max-image-preview:large","max-video-preview":"max-video-preview:-1"},"canonical":"https:\/\/www.csj-emballages.com\/pt-pt\/produit\/500-sacos-de-plastico-brancos-de-26-12-x-45-cm-50-%c2%b5\/","og_locale":"pt_PT","og_type":"article","og_title":"Saco de pl\u00e1stico branco codificado com al\u00e7as 26 + 12 x 45 cm 50 \u00b5 por 500","og_description":"Saco de pl\u00e1stico branco 50\u00b5 - Descobre o nosso saco de pl\u00e1stico branco robusto e pr\u00e1tico. Ideal para todas as tuas necessidades de embalagem, resistente e recicl\u00e1vel.","og_url":"https:\/\/www.csj-emballages.com\/pt-pt\/produit\/500-sacos-de-plastico-brancos-de-26-12-x-45-cm-50-%c2%b5\/","og_site_name":"CSJ Emballages","article_publisher":"https:\/\/www.facebook.com\/csjemballages","article_modified_time":"2026-04-28T09:02:41+00:00","og_image":[{"width":801,"height":801,"url":"https:\/\/www.csj-emballages.com\/wp-content\/uploads\/2024\/03\/SAC2645GENCODE.webp","type":"image\/webp"}],"twitter_card":"summary_large_image","twitter_misc":{"Tempo estimado de leitura":"2 minutos"},"schema":{"@context":"https:\/\/schema.org","@graph":[{"@type":"WebPage","@id":"https:\/\/www.csj-emballages.com\/pt-pt\/produit\/500-sacos-de-plastico-brancos-de-26-12-x-45-cm-50-%c2%b5\/","url":"https:\/\/www.csj-emballages.com\/pt-pt\/produit\/500-sacos-de-plastico-brancos-de-26-12-x-45-cm-50-%c2%b5\/","name":"Saco de pl\u00e1stico branco com al\u00e7as de ombro codificadas - 26 + 12 x 45 cm","isPartOf":{"@id":"https:\/\/www.csj-emballages.com\/pt-pt\/#website"},"primaryImageOfPage":{"@id":"https:\/\/www.csj-emballages.com\/pt-pt\/produit\/500-sacos-de-plastico-brancos-de-26-12-x-45-cm-50-%c2%b5\/#primaryimage"},"image":{"@id":"https:\/\/www.csj-emballages.com\/pt-pt\/produit\/500-sacos-de-plastico-brancos-de-26-12-x-45-cm-50-%c2%b5\/#primaryimage"},"thumbnailUrl":"https:\/\/www.csj-emballages.com\/wp-content\/uploads\/2024\/03\/SAC2645GENCODE.webp","datePublished":"2024-03-01T15:50:10+00:00","dateModified":"2026-04-28T09:02:41+00:00","description":"Saco de pl\u00e1stico branco 50\u00b5 - Descobre o nosso saco de pl\u00e1stico branco robusto e pr\u00e1tico. Ideal para todas as tuas necessidades de embalagem, resistente e recicl\u00e1vel.","breadcrumb":{"@id":"https:\/\/www.csj-emballages.com\/pt-pt\/produit\/500-sacos-de-plastico-brancos-de-26-12-x-45-cm-50-%c2%b5\/#breadcrumb"},"inLanguage":"pt-PT","potentialAction":[{"@type":"ReadAction","target":["https:\/\/www.csj-emballages.com\/pt-pt\/produit\/500-sacos-de-plastico-brancos-de-26-12-x-45-cm-50-%c2%b5\/"]}]},{"@type":"ImageObject","inLanguage":"pt-PT","@id":"https:\/\/www.csj-emballages.com\/pt-pt\/produit\/500-sacos-de-plastico-brancos-de-26-12-x-45-cm-50-%c2%b5\/#primaryimage","url":"https:\/\/www.csj-emballages.com\/wp-content\/uploads\/2024\/03\/SAC2645GENCODE.webp","contentUrl":"https:\/\/www.csj-emballages.com\/wp-content\/uploads\/2024\/03\/SAC2645GENCODE.webp","width":801,"height":801,"caption":"sac bretelle"},{"@type":"BreadcrumbList","@id":"https:\/\/www.csj-emballages.com\/pt-pt\/produit\/500-sacos-de-plastico-brancos-de-26-12-x-45-cm-50-%c2%b5\/#breadcrumb","itemListElement":[{"@type":"ListItem","position":1,"name":"Acolhimento","item":"https:\/\/www.csj-emballages.com\/pt-pt\/universo-das-embalagens-alimentares\/"},{"@type":"ListItem","position":2,"name":"Shop","item":"https:\/\/www.csj-emballages.com\/shop\/"},{"@type":"ListItem","position":3,"name":"Saco de pl\u00e1stico branco codificado com al\u00e7as 26 + 12 x 45 cm 50 \u00b5 por 500"}]},{"@type":"WebSite","@id":"https:\/\/www.csj-emballages.com\/pt-pt\/#website","url":"https:\/\/www.csj-emballages.com\/pt-pt\/","name":"CSJ Emballages","description":"","publisher":{"@id":"https:\/\/www.csj-emballages.com\/pt-pt\/#organization"},"potentialAction":[{"@type":"SearchAction","target":{"@type":"EntryPoint","urlTemplate":"https:\/\/www.csj-emballages.com\/pt-pt\/?s={search_term_string}"},"query-input":{"@type":"PropertyValueSpecification","valueRequired":true,"valueName":"search_term_string"}}],"inLanguage":"pt-PT"},{"@type":"Organization","@id":"https:\/\/www.csj-emballages.com\/pt-pt\/#Organization\/","name":"CSJ Emballages","url":"https:\/\/www.csj-emballages.com\/pt-pt\/","logo":{"@type":"ImageObject","inLanguage":"pt-PT","@id":"https:\/\/www.csj-emballages.com\/pt-pt\/#\/schema\/logo\/image\/","url":"https:\/\/www.csj-emballages.com\/wp-content\/uploads\/2023\/10\/logo_csj.webp","contentUrl":"https:\/\/www.csj-emballages.com\/wp-content\/uploads\/2023\/10\/logo_csj.webp","width":250,"height":95,"caption":"CSJ Emballages"},"image":{"@id":"https:\/\/www.csj-emballages.com\/pt-pt\/#\/schema\/logo\/image\/"},"sameAs":["https:\/\/www.facebook.com\/csjemballages"],"address":{"@type":"PostalAddress","streetAddress":"ZI La Lechere","addressLocality":"Patornay","postalCode":"39130","addressCountry":"FR"},"contactPoint":[{"@type":"ContactPoint","contactType":"Service client","telephone":"0384254272","email":"contact@csj-emballages.com"}]}]}},"df_price":22.32,"df_sale_price":"","df_regular_price":22.32,"df_image_link":"https:\/\/www.csj-emballages.com\/wp-content\/uploads\/2024\/03\/SAC2645GENCODE-300x300.webp","tiered_pricing_type":"fixed","tiered_pricing_fixed_rules":[],"tiered_pricing_percentage_rules":[],"tiered_pricing_minimum":1,"tiered_pricing_roles_data":[],"_links":{"self":[{"href":"https:\/\/www.csj-emballages.com\/pt-pt\/wp-json\/wp\/v2\/product\/23090","targetHints":{"allow":["GET"]}}],"collection":[{"href":"https:\/\/www.csj-emballages.com\/pt-pt\/wp-json\/wp\/v2\/product"}],"about":[{"href":"https:\/\/www.csj-emballages.com\/pt-pt\/wp-json\/wp\/v2\/types\/product"}],"wp:featuredmedia":[{"embeddable":true,"href":"https:\/\/www.csj-emballages.com\/pt-pt\/wp-json\/wp\/v2\/media\/207369"}],"wp:attachment":[{"href":"https:\/\/www.csj-emballages.com\/pt-pt\/wp-json\/wp\/v2\/media?parent=23090"}],"wp:term":[{"taxonomy":"product_brand","embeddable":true,"href":"https:\/\/www.csj-emballages.com\/pt-pt\/wp-json\/wp\/v2\/product_brand?post=23090"},{"taxonomy":"product_cat","embeddable":true,"href":"https:\/\/www.csj-emballages.com\/pt-pt\/wp-json\/wp\/v2\/product_cat?post=23090"},{"taxonomy":"product_tag","embeddable":true,"href":"https:\/\/www.csj-emballages.com\/pt-pt\/wp-json\/wp\/v2\/product_tag?post=23090"}],"curies":[{"name":"wp","href":"https:\/\/api.w.org\/{rel}","templated":true}]}}