{"id":23086,"date":"2024-03-01T16:50:11","date_gmt":"2024-03-01T15:50:11","guid":{"rendered":"https:\/\/u15jnbdpoq.preview.infomaniak.website\/produit\/25-saladeira-de-plastico-cristal-2250ml\/"},"modified":"2026-04-29T02:17:23","modified_gmt":"2026-04-29T00:17:23","slug":"25-saladeira-de-plastico-cristal-2250ml","status":"publish","type":"product","link":"https:\/\/www.csj-emballages.com\/pt-pt\/produit\/25-saladeira-de-plastico-cristal-2250ml\/","title":{"rendered":"Saladeira de pl\u00e1stico 2250ml \u00e0 6"},"content":{"rendered":"<h2 class=\"ai-optimize-35\">Saladeira de pl\u00e1stico<\/h2>\n<hr>\n<h3 class=\"ai-optimize-36\">Descri\u00e7\u00e3o da nossa saladeira de pl\u00e1stico cristal 2250ml por 6<\/h3>\n<p><!--more--><\/p>\n<div class=\"flex max-w-full flex-col flex-grow\">\n<div class=\"min-h-8 text-message flex w-full flex-col items-end gap-2 whitespace-normal break-words text-start [.text-message+&amp;]:mt-5\" dir=\"auto\" data-message-author-role=\"assistant\" data-message-id=\"266ca6f3-5e07-4948-bd20-80ac5e6da4a5\" data-message-model-slug=\"gpt-4o\">\n<div class=\"flex w-full flex-col gap-1 empty:hidden first:pt-[3px]\">\n<div class=\"markdown prose w-full break-words dark:prose-invert dark\">\n<p class=\"ai-optimize-37 ai-optimize-introduction\">Concebida para <strong>empresas de catering<\/strong>, <strong>restaurantes<\/strong> ou mesmo para uso <strong>dom\u00e9stico<\/strong>, esta <strong>saladeira<\/strong> <strong>de pl\u00e1stico<\/strong> cristalino combina <strong>eleg\u00e2ncia<\/strong> e <strong>praticidade<\/strong>. Com uma capacidade generosa de <strong>2250 ml<\/strong>, \u00e9 ideal para apresentar e transportar os teus pratos frios com toda a seguran\u00e7a. <\/p>\n<article class=\"w-full scroll-mb-[var(--thread-trailing-height,150px)] text-token-text-primary focus-visible:outline-2 focus-visible:outline-offset-[-4px]\" dir=\"auto\" data-testid=\"conversation-turn-5\" data-scroll-anchor=\"false\">\n<div class=\"m-auto text-base py-[18px] px-3 md:px-4 w-full md:px-5 lg:px-4 xl:px-5\">\n<div class=\"mx-auto flex flex-1 gap-4 text-base md:gap-5 lg:gap-6 md:max-w-3xl lg:max-w-[40rem] xl:max-w-[48rem]\">\n<div class=\"group\/conversation-turn relative flex w-full min-w-0 flex-col agent-turn\">\n<div class=\"flex-col gap-1 md:gap-3\">\n<div class=\"flex max-w-full flex-col flex-grow\">\n<div class=\"min-h-8 text-message flex w-full flex-col items-end gap-2 whitespace-normal break-words text-start [.text-message+&amp;]:mt-5\" dir=\"auto\" data-message-author-role=\"assistant\" data-message-id=\"98a91a6a-6202-4e0c-ad85-3389b1f6ea8a\" data-message-model-slug=\"gpt-4o\">\n<div class=\"flex w-full flex-col gap-1 empty:hidden first:pt-[3px]\">\n<div class=\"markdown prose w-full break-words dark:prose-invert dark\">\n<p class=\"ai-optimize-38\">Em suma, quer estejas a planear um <strong>buffet<\/strong>, um <strong>takeaway<\/strong> ou um simples jantar com amigos, esta vers\u00e1til e atraente <strong>saladeira de pl\u00e1stico<\/strong> ir\u00e1 satisfazer as tuas necessidades com <strong>fiabilidade<\/strong> e <strong>estilo<\/strong>.<\/p>\n<p>&nbsp;<\/p>\n<\/div>\n<p><!--more--><\/p>\n<p class=\"ai-optimize-39\"><span style=\"color: #ff0000;\"><a style=\"color: #ff0000;\" href=\"https:\/\/www.csj-emballages.com\/produit\/25-couvercles-pour-saladiers-plastiques-cristal-2250ml-sa2250\/\"><strong>*Tampa vendida separadamente<\/strong><\/a><\/span><\/p>\n<\/div>\n<\/div>\n<\/div>\n<\/div>\n<\/div>\n<\/div>\n<\/div>\n<\/article>\n<\/div>\n<\/div>\n<\/div>\n<\/div>\n<p>&nbsp;<\/p>\n<p><!--more--><\/p>\n<h4 class=\"ai-optimize-40\">Vantagens:<\/h4>\n<ul>\n<li class=\"ai-optimize-41\"><strong>Grande capacidade<\/strong>: Com 2250 ml, esta saladeira \u00e9 perfeita para por\u00e7\u00f5es generosas, ideais para refei\u00e7\u00f5es de grupo ou buffets.<\/li>\n<li class=\"ai-optimize-42\"><strong>Apresenta\u00e7\u00e3o elegante<\/strong>: A sua transpar\u00eancia real\u00e7a os teus pratos, quer sejam saladas coloridas, refei\u00e7\u00f5es prontas ou sobremesas de fazer crescer \u00e1gua na boca.<\/li>\n<li class=\"ai-optimize-43\"><strong>Robusto e leve<\/strong>: Fabricado em APET, \u00e9 resistente aos choques, mas leve e f\u00e1cil de manusear.<\/li>\n<li class=\"ai-optimize-44\"><strong>Utiliza\u00e7\u00e3o vers\u00e1til<\/strong>: Adequado para pratos frios e ligeiramente quentes (+70\u00b0C), tornando-o uma escolha pr\u00e1tica para uma variedade de prepara\u00e7\u00f5es.<\/li>\n<li class=\"ai-optimize-46\"><strong>Adequado para transporte<\/strong>: Compat\u00edvel com tampas (<span style=\"color: #d12727;\"><a style=\"color: #d12727;\" href=\"https:\/\/www.csj-emballages.com\/produit\/25-couvercles-pour-saladiers-plastiques-cristal-2250ml-sa2250\/\">clica aqui<\/a><\/span>), segura e protege os teus pratos quando est\u00e1s em movimento.<\/li>\n<\/ul>\n<p>&nbsp;<\/p>\n<p><!--more--><\/p>\n<h4 class=\"ai-optimize-47\">Outras informa\u00e7\u00f5es :<\/h4>\n<ul>\n<li class=\"ai-optimize-48\"><strong>Embalagem<\/strong>: Pacote de 6<\/li>\n<li class=\"ai-optimize-49\"><strong>Dimens\u00f5es<\/strong>: 260 x 92 (\u00d8 x H em mm)<\/li>\n<li class=\"ai-optimize-50\"><strong>Material<\/strong>: Politereftalato de etileno virgem (APET)<\/li>\n<li class=\"ai-optimize-51\"><strong>Volume<\/strong>: 2250 ml<\/li>\n<li class=\"ai-optimize-52\"><strong>Utiliza\u00e7\u00e3o<\/strong>: Frio<\/li>\n<li class=\"ai-optimize-53\"><strong>Temperatura de funcionamento<\/strong>: -40\u00b0C\/+70\u00b0C<\/li>\n<\/ul>\n<p>&nbsp;<\/p>\n<p><!--more--><\/p>\n<p class=\"ai-optimize-54\">Encontra aqui a capa compat\u00edvel com este produto vendida separadamente: <span style=\"color: #d12727;\"><a style=\"color: #d12727;\" href=\"https:\/\/www.csj-emballages.com\/produit\/25-couvercles-pour-saladiers-plastiques-cristal-2250ml-sa2250\/\">COUVSA2250<\/a><\/span><\/p>\n<p>&nbsp;<\/p>\n<p><!--more--><\/p>\n<p class=\"ai-optimize-55\">Esta saladeira tamb\u00e9m est\u00e1 dispon\u00edvel em 4500 ml: <span style=\"color: #d12727;\"><a style=\"color: #d12727;\" href=\"https:\/\/www.csj-emballages.com\/es\/produit\/6-ensaladeras-de-plastico-4500ml\/\">SA4500<\/a><\/span><\/p>\n<p>&nbsp;<\/p>\n<p><!--more--><\/p>\n<p class=\"ai-optimize-56\"><a href=\"\/?product_cat=saladiers\">V\u00ea o resto da nossa gama de saladeiras de pl\u00e1stico<\/a><\/p>\n","protected":false},"excerpt":{"rendered":"<p>Saladeira de pl\u00e1stico Descri\u00e7\u00e3o da nossa saladeira de pl\u00e1stico cristal 2250ml por 6<\/p>\n","protected":false},"featured_media":221020,"template":"","meta":{"_acf_changed":false},"product_brand":[],"product_cat":[2471],"product_tag":[],"class_list":{"0":"post-23086","1":"product","2":"type-product","3":"status-publish","4":"has-post-thumbnail","6":"product_cat-tigelas-de-salada","8":"first","9":"instock","10":"taxable","11":"shipping-taxable","12":"purchasable","13":"product-type-simple"},"acf":[],"yoast_head":"<!-- This site is optimized with the Yoast SEO Premium plugin v26.6 (Yoast SEO v26.6) - https:\/\/yoast.com\/wordpress\/plugins\/seo\/ -->\n<title>Saladeira de pl\u00e1stico cristal - 2250ml<\/title>\n<meta name=\"description\" content=\"Saladeira de pl\u00e1stico transparente de 2250 ml, ideal para catering, restaurantes e particulares. Capacidade grande e robusta para apresentar os seus pratos frios\" \/>\n<meta name=\"robots\" content=\"index, follow, max-snippet:-1, max-image-preview:large, max-video-preview:-1\" \/>\n<link rel=\"canonical\" href=\"https:\/\/www.csj-emballages.com\/pt-pt\/produit\/25-saladeira-de-plastico-cristal-2250ml\/\" \/>\n<meta property=\"og:locale\" content=\"pt_PT\" \/>\n<meta property=\"og:type\" content=\"article\" \/>\n<meta property=\"og:title\" content=\"Saladeira de pl\u00e1stico 2250ml \u00e0 6\" \/>\n<meta property=\"og:description\" content=\"Saladeira de pl\u00e1stico transparente de 2250 ml, ideal para catering, restaurantes e particulares. Capacidade grande e robusta para apresentar os seus pratos frios\" \/>\n<meta property=\"og:url\" content=\"https:\/\/www.csj-emballages.com\/pt-pt\/produit\/25-saladeira-de-plastico-cristal-2250ml\/\" \/>\n<meta property=\"og:site_name\" content=\"CSJ Emballages\" \/>\n<meta property=\"article:publisher\" content=\"https:\/\/www.facebook.com\/csjemballages\" \/>\n<meta property=\"article:modified_time\" content=\"2026-04-29T00:17:23+00:00\" \/>\n<meta property=\"og:image\" content=\"https:\/\/www.csj-emballages.com\/wp-content\/uploads\/2024\/03\/SA2250.webp\" \/>\n\t<meta property=\"og:image:width\" content=\"800\" \/>\n\t<meta property=\"og:image:height\" content=\"801\" \/>\n\t<meta property=\"og:image:type\" content=\"image\/webp\" \/>\n<meta name=\"twitter:card\" content=\"summary_large_image\" \/>\n<meta name=\"twitter:label1\" content=\"Tempo estimado de leitura\" \/>\n\t<meta name=\"twitter:data1\" content=\"1 minuto\" \/>\n<script type=\"application\/ld+json\" class=\"yoast-schema-graph\">{\"@context\":\"https:\/\/schema.org\",\"@graph\":[{\"@type\":\"WebPage\",\"@id\":\"https:\/\/www.csj-emballages.com\/pt-pt\/produit\/25-saladeira-de-plastico-cristal-2250ml\/\",\"url\":\"https:\/\/www.csj-emballages.com\/pt-pt\/produit\/25-saladeira-de-plastico-cristal-2250ml\/\",\"name\":\"Saladeira de pl\u00e1stico cristal - 2250ml\",\"isPartOf\":{\"@id\":\"https:\/\/www.csj-emballages.com\/pt-pt\/#website\"},\"primaryImageOfPage\":{\"@id\":\"https:\/\/www.csj-emballages.com\/pt-pt\/produit\/25-saladeira-de-plastico-cristal-2250ml\/#primaryimage\"},\"image\":{\"@id\":\"https:\/\/www.csj-emballages.com\/pt-pt\/produit\/25-saladeira-de-plastico-cristal-2250ml\/#primaryimage\"},\"thumbnailUrl\":\"https:\/\/www.csj-emballages.com\/wp-content\/uploads\/2024\/03\/SA2250.webp\",\"datePublished\":\"2024-03-01T15:50:11+00:00\",\"dateModified\":\"2026-04-29T00:17:23+00:00\",\"description\":\"Saladeira de pl\u00e1stico transparente de 2250 ml, ideal para catering, restaurantes e particulares. Capacidade grande e robusta para apresentar os seus pratos frios\",\"breadcrumb\":{\"@id\":\"https:\/\/www.csj-emballages.com\/pt-pt\/produit\/25-saladeira-de-plastico-cristal-2250ml\/#breadcrumb\"},\"inLanguage\":\"pt-PT\",\"potentialAction\":[{\"@type\":\"ReadAction\",\"target\":[\"https:\/\/www.csj-emballages.com\/pt-pt\/produit\/25-saladeira-de-plastico-cristal-2250ml\/\"]}]},{\"@type\":\"ImageObject\",\"inLanguage\":\"pt-PT\",\"@id\":\"https:\/\/www.csj-emballages.com\/pt-pt\/produit\/25-saladeira-de-plastico-cristal-2250ml\/#primaryimage\",\"url\":\"https:\/\/www.csj-emballages.com\/wp-content\/uploads\/2024\/03\/SA2250.webp\",\"contentUrl\":\"https:\/\/www.csj-emballages.com\/wp-content\/uploads\/2024\/03\/SA2250.webp\",\"width\":800,\"height\":801,\"caption\":\"Saladier plastique\"},{\"@type\":\"BreadcrumbList\",\"@id\":\"https:\/\/www.csj-emballages.com\/pt-pt\/produit\/25-saladeira-de-plastico-cristal-2250ml\/#breadcrumb\",\"itemListElement\":[{\"@type\":\"ListItem\",\"position\":1,\"name\":\"Acolhimento\",\"item\":\"https:\/\/www.csj-emballages.com\/pt-pt\/universo-das-embalagens-alimentares\/\"},{\"@type\":\"ListItem\",\"position\":2,\"name\":\"Shop\",\"item\":\"https:\/\/www.csj-emballages.com\/shop\/\"},{\"@type\":\"ListItem\",\"position\":3,\"name\":\"Saladeira de pl\u00e1stico 2250ml \u00e0 6\"}]},{\"@type\":\"WebSite\",\"@id\":\"https:\/\/www.csj-emballages.com\/pt-pt\/#website\",\"url\":\"https:\/\/www.csj-emballages.com\/pt-pt\/\",\"name\":\"CSJ Emballages\",\"description\":\"\",\"publisher\":{\"@id\":\"https:\/\/www.csj-emballages.com\/pt-pt\/#organization\"},\"potentialAction\":[{\"@type\":\"SearchAction\",\"target\":{\"@type\":\"EntryPoint\",\"urlTemplate\":\"https:\/\/www.csj-emballages.com\/pt-pt\/?s={search_term_string}\"},\"query-input\":{\"@type\":\"PropertyValueSpecification\",\"valueRequired\":true,\"valueName\":\"search_term_string\"}}],\"inLanguage\":\"pt-PT\"},{\"@type\":\"Organization\",\"@id\":\"https:\/\/www.csj-emballages.com\/pt-pt\/#Organization\/\",\"name\":\"CSJ Emballages\",\"url\":\"https:\/\/www.csj-emballages.com\/pt-pt\/\",\"logo\":{\"@type\":\"ImageObject\",\"inLanguage\":\"pt-PT\",\"@id\":\"https:\/\/www.csj-emballages.com\/pt-pt\/#\/schema\/logo\/image\/\",\"url\":\"https:\/\/www.csj-emballages.com\/wp-content\/uploads\/2023\/10\/logo_csj.webp\",\"contentUrl\":\"https:\/\/www.csj-emballages.com\/wp-content\/uploads\/2023\/10\/logo_csj.webp\",\"width\":250,\"height\":95,\"caption\":\"CSJ Emballages\"},\"image\":{\"@id\":\"https:\/\/www.csj-emballages.com\/pt-pt\/#\/schema\/logo\/image\/\"},\"sameAs\":[\"https:\/\/www.facebook.com\/csjemballages\"],\"address\":{\"@type\":\"PostalAddress\",\"streetAddress\":\"ZI La Lechere\",\"addressLocality\":\"Patornay\",\"postalCode\":\"39130\",\"addressCountry\":\"FR\"},\"contactPoint\":[{\"@type\":\"ContactPoint\",\"contactType\":\"Service client\",\"telephone\":\"0384254272\",\"email\":\"contact@csj-emballages.com\"}]}]}<\/script>\n<!-- \/ Yoast SEO Premium plugin. -->","yoast_head_json":{"title":"Saladeira de pl\u00e1stico cristal - 2250ml","description":"Saladeira de pl\u00e1stico transparente de 2250 ml, ideal para catering, restaurantes e particulares. Capacidade grande e robusta para apresentar os seus pratos frios","robots":{"index":"index","follow":"follow","max-snippet":"max-snippet:-1","max-image-preview":"max-image-preview:large","max-video-preview":"max-video-preview:-1"},"canonical":"https:\/\/www.csj-emballages.com\/pt-pt\/produit\/25-saladeira-de-plastico-cristal-2250ml\/","og_locale":"pt_PT","og_type":"article","og_title":"Saladeira de pl\u00e1stico 2250ml \u00e0 6","og_description":"Saladeira de pl\u00e1stico transparente de 2250 ml, ideal para catering, restaurantes e particulares. Capacidade grande e robusta para apresentar os seus pratos frios","og_url":"https:\/\/www.csj-emballages.com\/pt-pt\/produit\/25-saladeira-de-plastico-cristal-2250ml\/","og_site_name":"CSJ Emballages","article_publisher":"https:\/\/www.facebook.com\/csjemballages","article_modified_time":"2026-04-29T00:17:23+00:00","og_image":[{"width":800,"height":801,"url":"https:\/\/www.csj-emballages.com\/wp-content\/uploads\/2024\/03\/SA2250.webp","type":"image\/webp"}],"twitter_card":"summary_large_image","twitter_misc":{"Tempo estimado de leitura":"1 minuto"},"schema":{"@context":"https:\/\/schema.org","@graph":[{"@type":"WebPage","@id":"https:\/\/www.csj-emballages.com\/pt-pt\/produit\/25-saladeira-de-plastico-cristal-2250ml\/","url":"https:\/\/www.csj-emballages.com\/pt-pt\/produit\/25-saladeira-de-plastico-cristal-2250ml\/","name":"Saladeira de pl\u00e1stico cristal - 2250ml","isPartOf":{"@id":"https:\/\/www.csj-emballages.com\/pt-pt\/#website"},"primaryImageOfPage":{"@id":"https:\/\/www.csj-emballages.com\/pt-pt\/produit\/25-saladeira-de-plastico-cristal-2250ml\/#primaryimage"},"image":{"@id":"https:\/\/www.csj-emballages.com\/pt-pt\/produit\/25-saladeira-de-plastico-cristal-2250ml\/#primaryimage"},"thumbnailUrl":"https:\/\/www.csj-emballages.com\/wp-content\/uploads\/2024\/03\/SA2250.webp","datePublished":"2024-03-01T15:50:11+00:00","dateModified":"2026-04-29T00:17:23+00:00","description":"Saladeira de pl\u00e1stico transparente de 2250 ml, ideal para catering, restaurantes e particulares. Capacidade grande e robusta para apresentar os seus pratos frios","breadcrumb":{"@id":"https:\/\/www.csj-emballages.com\/pt-pt\/produit\/25-saladeira-de-plastico-cristal-2250ml\/#breadcrumb"},"inLanguage":"pt-PT","potentialAction":[{"@type":"ReadAction","target":["https:\/\/www.csj-emballages.com\/pt-pt\/produit\/25-saladeira-de-plastico-cristal-2250ml\/"]}]},{"@type":"ImageObject","inLanguage":"pt-PT","@id":"https:\/\/www.csj-emballages.com\/pt-pt\/produit\/25-saladeira-de-plastico-cristal-2250ml\/#primaryimage","url":"https:\/\/www.csj-emballages.com\/wp-content\/uploads\/2024\/03\/SA2250.webp","contentUrl":"https:\/\/www.csj-emballages.com\/wp-content\/uploads\/2024\/03\/SA2250.webp","width":800,"height":801,"caption":"Saladier plastique"},{"@type":"BreadcrumbList","@id":"https:\/\/www.csj-emballages.com\/pt-pt\/produit\/25-saladeira-de-plastico-cristal-2250ml\/#breadcrumb","itemListElement":[{"@type":"ListItem","position":1,"name":"Acolhimento","item":"https:\/\/www.csj-emballages.com\/pt-pt\/universo-das-embalagens-alimentares\/"},{"@type":"ListItem","position":2,"name":"Shop","item":"https:\/\/www.csj-emballages.com\/shop\/"},{"@type":"ListItem","position":3,"name":"Saladeira de pl\u00e1stico 2250ml \u00e0 6"}]},{"@type":"WebSite","@id":"https:\/\/www.csj-emballages.com\/pt-pt\/#website","url":"https:\/\/www.csj-emballages.com\/pt-pt\/","name":"CSJ Emballages","description":"","publisher":{"@id":"https:\/\/www.csj-emballages.com\/pt-pt\/#organization"},"potentialAction":[{"@type":"SearchAction","target":{"@type":"EntryPoint","urlTemplate":"https:\/\/www.csj-emballages.com\/pt-pt\/?s={search_term_string}"},"query-input":{"@type":"PropertyValueSpecification","valueRequired":true,"valueName":"search_term_string"}}],"inLanguage":"pt-PT"},{"@type":"Organization","@id":"https:\/\/www.csj-emballages.com\/pt-pt\/#Organization\/","name":"CSJ Emballages","url":"https:\/\/www.csj-emballages.com\/pt-pt\/","logo":{"@type":"ImageObject","inLanguage":"pt-PT","@id":"https:\/\/www.csj-emballages.com\/pt-pt\/#\/schema\/logo\/image\/","url":"https:\/\/www.csj-emballages.com\/wp-content\/uploads\/2023\/10\/logo_csj.webp","contentUrl":"https:\/\/www.csj-emballages.com\/wp-content\/uploads\/2023\/10\/logo_csj.webp","width":250,"height":95,"caption":"CSJ Emballages"},"image":{"@id":"https:\/\/www.csj-emballages.com\/pt-pt\/#\/schema\/logo\/image\/"},"sameAs":["https:\/\/www.facebook.com\/csjemballages"],"address":{"@type":"PostalAddress","streetAddress":"ZI La Lechere","addressLocality":"Patornay","postalCode":"39130","addressCountry":"FR"},"contactPoint":[{"@type":"ContactPoint","contactType":"Service client","telephone":"0384254272","email":"contact@csj-emballages.com"}]}]}},"df_price":7.57,"df_sale_price":"","df_regular_price":7.57,"df_image_link":"https:\/\/www.csj-emballages.com\/wp-content\/uploads\/2024\/03\/SA2250-300x300.webp","tiered_pricing_type":"fixed","tiered_pricing_fixed_rules":[],"tiered_pricing_percentage_rules":[],"tiered_pricing_minimum":1,"tiered_pricing_roles_data":[],"_links":{"self":[{"href":"https:\/\/www.csj-emballages.com\/pt-pt\/wp-json\/wp\/v2\/product\/23086","targetHints":{"allow":["GET"]}}],"collection":[{"href":"https:\/\/www.csj-emballages.com\/pt-pt\/wp-json\/wp\/v2\/product"}],"about":[{"href":"https:\/\/www.csj-emballages.com\/pt-pt\/wp-json\/wp\/v2\/types\/product"}],"wp:featuredmedia":[{"embeddable":true,"href":"https:\/\/www.csj-emballages.com\/pt-pt\/wp-json\/wp\/v2\/media\/221020"}],"wp:attachment":[{"href":"https:\/\/www.csj-emballages.com\/pt-pt\/wp-json\/wp\/v2\/media?parent=23086"}],"wp:term":[{"taxonomy":"product_brand","embeddable":true,"href":"https:\/\/www.csj-emballages.com\/pt-pt\/wp-json\/wp\/v2\/product_brand?post=23086"},{"taxonomy":"product_cat","embeddable":true,"href":"https:\/\/www.csj-emballages.com\/pt-pt\/wp-json\/wp\/v2\/product_cat?post=23086"},{"taxonomy":"product_tag","embeddable":true,"href":"https:\/\/www.csj-emballages.com\/pt-pt\/wp-json\/wp\/v2\/product_tag?post=23086"}],"curies":[{"name":"wp","href":"https:\/\/api.w.org\/{rel}","templated":true}]}}