{"id":23071,"date":"2024-03-01T16:50:11","date_gmt":"2024-03-01T15:50:11","guid":{"rendered":"https:\/\/u15jnbdpoq.preview.infomaniak.website\/produit\/500-sacos-de-plastico-peixaria-26-12-x-45-cm-50-%c2%b5\/"},"modified":"2026-04-24T02:16:07","modified_gmt":"2026-04-24T00:16:07","slug":"500-sacos-de-plastico-peixaria-26-12-x-45-cm-50-%c2%b5","status":"publish","type":"product","link":"https:\/\/www.csj-emballages.com\/pt-pt\/produit\/500-sacos-de-plastico-peixaria-26-12-x-45-cm-50-%c2%b5\/","title":{"rendered":"Saco de ombro &#8220;Fishmonger&#8217;s&#8221; 26 + 12 x 45 cm 50 \u00b5 LDPE por 500"},"content":{"rendered":"<h2>Saco a tiracolo de peixeiro<\/h2>\n<hr>\n<h3>Descri\u00e7\u00e3o do nosso saco de ombro &#8220;Poissonnerie&#8221; 26 + 12 x 45 cm 50 \u00b5 LDPE, embalagem de 500<\/h3>\n<p><!--more--><\/p>\n<div style=\"box-sizing: inherit; font-family: Roboto, sans-serif;\">\n<p>Descobre o <strong>saco de ombro &#8220;Fishmonger&#8217;s&#8221;<\/strong> em <strong>PEBD<\/strong> (polietileno de baixa densidade), concebido para transportar os teus produtos frescos com praticidade e robustez. Com as suas dimens\u00f5es generosas de <strong>26 + 12 x 45 cm<\/strong> e uma espessura de <strong>50 \u00b5<\/strong>, oferece uma resist\u00eancia \u00f3ptima para as tuas necessidades di\u00e1rias. <\/p>\n<p>Este <strong>saco<\/strong>, com o seu design tradicional<strong>&#8220;Poissonnerie&#8221;<\/strong>, d\u00e1 um toque aut\u00eantico \u00e0 tua embalagem, valorizando os teus produtos. Embalado em lotes de <strong>500<\/strong> unidades, \u00e9 perfeito para lojas de produtos alimentares, mercados e charcutarias. <\/p>\n<\/div>\n<p>&nbsp;<\/p>\n<p><!--more--><\/p>\n<div style=\"box-sizing: inherit; font-family: Roboto, sans-serif;\">\n<p>Estes <strong>sacos para peixe<\/strong> s\u00e3o ainda mais pr\u00e1ticos, com 2 refor\u00e7os laterais para uma maior capacidade de arruma\u00e7\u00e3o.<\/p>\n<\/div>\n<p>&nbsp;<\/p>\n<p><!--more--><\/p>\n<div style=\"box-sizing: inherit; font-family: Roboto, sans-serif;\">\n<div style=\"box-sizing: inherit; font-family: Roboto, sans-serif;\">\n<div style=\"box-sizing: inherit; font-family: Roboto, sans-serif;\">\n<div style=\"box-sizing: inherit; font-family: Roboto, sans-serif;\">\n<h4>Outras informa\u00e7\u00f5es :<\/h4>\n<ul>\n<li><strong>Dimens\u00f5es: <\/strong>260 + 120 x 450 mm<\/li>\n<li><strong>Material : <\/strong>LDPE<\/li>\n<li><strong>Resist\u00eancia<\/strong>: 50 microns<\/li>\n<li><strong>Embalagem : <\/strong>Caixa de 500<\/li>\n<li><strong>Cor: <\/strong>Azul com estampados<\/li>\n<\/ul>\n<\/div>\n<p>&nbsp;<\/p>\n<\/div>\n<\/div>\n<\/div>\n<p><!--more--><\/p>\n<p>Este produto est\u00e1 dispon\u00edvel em diferentes vers\u00f5es, adaptadas a diferentes profiss\u00f5es: <span style=\"color: #d12727;\"><a style=\"color: #d12727;\" href=\"https:\/\/www.csj-emballages.com\/es\/produit\/500-bolsas-de-polietileno-de-baja-densidad-fromage-de-pays-26-12-x-45-cm-50-%c2%b5\/\">Queijo de leite<\/a><\/span> \/ <span style=\"color: #d12727;\"><a style=\"color: #d12727;\" href=\"https:\/\/www.csj-emballages.com\/produit\/500-sacs-bretelles-boucherie-26-12-x-45-cm-50-%c2%b5-en-plastique\/\">Talho<\/a><\/span> \/ <span style=\"color: #d12727;\"><a style=\"color: #d12727;\" href=\"https:\/\/www.csj-emballages.com\/produit\/500-sacs-bretelles-primeurs-26-12-x-45-cm-50-%c2%b5-en-pebd\/\">Primeur<\/a><\/span><\/p>\n<p>&nbsp;<\/p>\n<p><!--more--><\/p>\n<p><a href=\"https:\/\/www.csj-emballages.com\/pt-pt\/categorie-produit\/embalagem-de-alimentos\/restauracao\/sacos-e-papel\/bolsas-de-ombro-artesanato\/sacos-de-plastico\/\">V\u00ea o resto da nossa gama de sacos de pl\u00e1stico<\/a><\/p>\n","protected":false},"excerpt":{"rendered":"<p>Saco a tiracolo de peixeiro Descri\u00e7\u00e3o do nosso saco de ombro &#8220;Poissonnerie&#8221; 26 + 12 x 45 cm 50 \u00b5 LDPE, embalagem de 500<\/p>\n","protected":false},"featured_media":255643,"template":"","meta":{"_acf_changed":false},"product_brand":[],"product_cat":[1141,1138,3928,2802,9206,1482,1891,3279],"product_tag":[],"class_list":{"0":"post-23071","1":"product","2":"type-product","3":"status-publish","4":"has-post-thumbnail","6":"product_cat-embalagem-de-alimentos","7":"product_cat-restauracao","8":"product_cat-sacos-e-papel","9":"product_cat-bolsas-de-ombro-artesanato","10":"product_cat-sacos-de-plastico","11":"product_cat-loja-e-armazem","12":"product_cat-sacos-de-ombro-artesanato","13":"product_cat-bolsas-de-ombro","15":"first","16":"instock","17":"taxable","18":"shipping-taxable","19":"purchasable","20":"product-type-simple"},"acf":[],"yoast_head":"<!-- This site is optimized with the Yoast SEO Premium plugin v26.6 (Yoast SEO v26.6) - https:\/\/yoast.com\/wordpress\/plugins\/seo\/ -->\n<title>Saco de ombro para peixaria em PEBD 50\u00b5 - 26 + 12 x 45 cm<\/title>\n<meta name=\"description\" content=\"Saco de ombro &quot;Fishmonger&quot; 26 + 12 x 45 cm, 50 \u00b5 LDPE, ideal para embalar os seus produtos do mar. Resistente e pr\u00e1tico, \u00e9 vendido em embalagens de 500 unidades.\" \/>\n<meta name=\"robots\" content=\"index, follow, max-snippet:-1, max-image-preview:large, max-video-preview:-1\" \/>\n<link rel=\"canonical\" href=\"https:\/\/www.csj-emballages.com\/pt-pt\/produit\/500-sacos-de-plastico-peixaria-26-12-x-45-cm-50-%c2%b5\/\" \/>\n<meta property=\"og:locale\" content=\"pt_PT\" \/>\n<meta property=\"og:type\" content=\"article\" \/>\n<meta property=\"og:title\" content=\"Saco de ombro &quot;Fishmonger&#039;s&quot; 26 + 12 x 45 cm 50 \u00b5 LDPE por 500\" \/>\n<meta property=\"og:description\" content=\"Saco de ombro &quot;Fishmonger&quot; 26 + 12 x 45 cm, 50 \u00b5 LDPE, ideal para embalar os seus produtos do mar. Resistente e pr\u00e1tico, \u00e9 vendido em embalagens de 500 unidades.\" \/>\n<meta property=\"og:url\" content=\"https:\/\/www.csj-emballages.com\/pt-pt\/produit\/500-sacos-de-plastico-peixaria-26-12-x-45-cm-50-%c2%b5\/\" \/>\n<meta property=\"og:site_name\" content=\"CSJ Emballages\" \/>\n<meta property=\"article:publisher\" content=\"https:\/\/www.facebook.com\/csjemballages\" \/>\n<meta property=\"article:modified_time\" content=\"2026-04-24T00:16:07+00:00\" \/>\n<meta property=\"og:image\" content=\"https:\/\/www.csj-emballages.com\/wp-content\/uploads\/2024\/03\/SAC2645POI.webp\" \/>\n\t<meta property=\"og:image:width\" content=\"800\" \/>\n\t<meta property=\"og:image:height\" content=\"800\" \/>\n\t<meta property=\"og:image:type\" content=\"image\/webp\" \/>\n<meta name=\"twitter:card\" content=\"summary_large_image\" \/>\n<meta name=\"twitter:label1\" content=\"Tempo estimado de leitura\" \/>\n\t<meta name=\"twitter:data1\" content=\"1 minuto\" \/>\n<script type=\"application\/ld+json\" class=\"yoast-schema-graph\">{\"@context\":\"https:\/\/schema.org\",\"@graph\":[{\"@type\":\"WebPage\",\"@id\":\"https:\/\/www.csj-emballages.com\/pt-pt\/produit\/500-sacos-de-plastico-peixaria-26-12-x-45-cm-50-%c2%b5\/\",\"url\":\"https:\/\/www.csj-emballages.com\/pt-pt\/produit\/500-sacos-de-plastico-peixaria-26-12-x-45-cm-50-%c2%b5\/\",\"name\":\"Saco de ombro para peixaria em PEBD 50\u00b5 - 26 + 12 x 45 cm\",\"isPartOf\":{\"@id\":\"https:\/\/www.csj-emballages.com\/pt-pt\/#website\"},\"primaryImageOfPage\":{\"@id\":\"https:\/\/www.csj-emballages.com\/pt-pt\/produit\/500-sacos-de-plastico-peixaria-26-12-x-45-cm-50-%c2%b5\/#primaryimage\"},\"image\":{\"@id\":\"https:\/\/www.csj-emballages.com\/pt-pt\/produit\/500-sacos-de-plastico-peixaria-26-12-x-45-cm-50-%c2%b5\/#primaryimage\"},\"thumbnailUrl\":\"https:\/\/www.csj-emballages.com\/wp-content\/uploads\/2024\/03\/SAC2645POI.webp\",\"datePublished\":\"2024-03-01T15:50:11+00:00\",\"dateModified\":\"2026-04-24T00:16:07+00:00\",\"description\":\"Saco de ombro \\\"Fishmonger\\\" 26 + 12 x 45 cm, 50 \u00b5 LDPE, ideal para embalar os seus produtos do mar. Resistente e pr\u00e1tico, \u00e9 vendido em embalagens de 500 unidades.\",\"breadcrumb\":{\"@id\":\"https:\/\/www.csj-emballages.com\/pt-pt\/produit\/500-sacos-de-plastico-peixaria-26-12-x-45-cm-50-%c2%b5\/#breadcrumb\"},\"inLanguage\":\"pt-PT\",\"potentialAction\":[{\"@type\":\"ReadAction\",\"target\":[\"https:\/\/www.csj-emballages.com\/pt-pt\/produit\/500-sacos-de-plastico-peixaria-26-12-x-45-cm-50-%c2%b5\/\"]}]},{\"@type\":\"ImageObject\",\"inLanguage\":\"pt-PT\",\"@id\":\"https:\/\/www.csj-emballages.com\/pt-pt\/produit\/500-sacos-de-plastico-peixaria-26-12-x-45-cm-50-%c2%b5\/#primaryimage\",\"url\":\"https:\/\/www.csj-emballages.com\/wp-content\/uploads\/2024\/03\/SAC2645POI.webp\",\"contentUrl\":\"https:\/\/www.csj-emballages.com\/wp-content\/uploads\/2024\/03\/SAC2645POI.webp\",\"width\":800,\"height\":800,\"caption\":\"Sac bretelle \\\"Poissonnerie\\\"\"},{\"@type\":\"BreadcrumbList\",\"@id\":\"https:\/\/www.csj-emballages.com\/pt-pt\/produit\/500-sacos-de-plastico-peixaria-26-12-x-45-cm-50-%c2%b5\/#breadcrumb\",\"itemListElement\":[{\"@type\":\"ListItem\",\"position\":1,\"name\":\"Acolhimento\",\"item\":\"https:\/\/www.csj-emballages.com\/pt-pt\/universo-das-embalagens-alimentares\/\"},{\"@type\":\"ListItem\",\"position\":2,\"name\":\"Shop\",\"item\":\"https:\/\/www.csj-emballages.com\/shop\/\"},{\"@type\":\"ListItem\",\"position\":3,\"name\":\"Saco de ombro \u00ab\u00a0Fishmonger&rsquo;s\u00a0\u00bb 26 + 12 x 45 cm 50 \u00b5 LDPE por 500\"}]},{\"@type\":\"WebSite\",\"@id\":\"https:\/\/www.csj-emballages.com\/pt-pt\/#website\",\"url\":\"https:\/\/www.csj-emballages.com\/pt-pt\/\",\"name\":\"CSJ Emballages\",\"description\":\"\",\"publisher\":{\"@id\":\"https:\/\/www.csj-emballages.com\/pt-pt\/#organization\"},\"potentialAction\":[{\"@type\":\"SearchAction\",\"target\":{\"@type\":\"EntryPoint\",\"urlTemplate\":\"https:\/\/www.csj-emballages.com\/pt-pt\/?s={search_term_string}\"},\"query-input\":{\"@type\":\"PropertyValueSpecification\",\"valueRequired\":true,\"valueName\":\"search_term_string\"}}],\"inLanguage\":\"pt-PT\"},{\"@type\":\"Organization\",\"@id\":\"https:\/\/www.csj-emballages.com\/pt-pt\/#Organization\/\",\"name\":\"CSJ Emballages\",\"url\":\"https:\/\/www.csj-emballages.com\/pt-pt\/\",\"logo\":{\"@type\":\"ImageObject\",\"inLanguage\":\"pt-PT\",\"@id\":\"https:\/\/www.csj-emballages.com\/pt-pt\/#\/schema\/logo\/image\/\",\"url\":\"https:\/\/www.csj-emballages.com\/wp-content\/uploads\/2023\/10\/logo_csj.webp\",\"contentUrl\":\"https:\/\/www.csj-emballages.com\/wp-content\/uploads\/2023\/10\/logo_csj.webp\",\"width\":250,\"height\":95,\"caption\":\"CSJ Emballages\"},\"image\":{\"@id\":\"https:\/\/www.csj-emballages.com\/pt-pt\/#\/schema\/logo\/image\/\"},\"sameAs\":[\"https:\/\/www.facebook.com\/csjemballages\"],\"address\":{\"@type\":\"PostalAddress\",\"streetAddress\":\"ZI La Lechere\",\"addressLocality\":\"Patornay\",\"postalCode\":\"39130\",\"addressCountry\":\"FR\"},\"contactPoint\":[{\"@type\":\"ContactPoint\",\"contactType\":\"Service client\",\"telephone\":\"0384254272\",\"email\":\"contact@csj-emballages.com\"}]}]}<\/script>\n<!-- \/ Yoast SEO Premium plugin. -->","yoast_head_json":{"title":"Saco de ombro para peixaria em PEBD 50\u00b5 - 26 + 12 x 45 cm","description":"Saco de ombro \"Fishmonger\" 26 + 12 x 45 cm, 50 \u00b5 LDPE, ideal para embalar os seus produtos do mar. Resistente e pr\u00e1tico, \u00e9 vendido em embalagens de 500 unidades.","robots":{"index":"index","follow":"follow","max-snippet":"max-snippet:-1","max-image-preview":"max-image-preview:large","max-video-preview":"max-video-preview:-1"},"canonical":"https:\/\/www.csj-emballages.com\/pt-pt\/produit\/500-sacos-de-plastico-peixaria-26-12-x-45-cm-50-%c2%b5\/","og_locale":"pt_PT","og_type":"article","og_title":"Saco de ombro \"Fishmonger's\" 26 + 12 x 45 cm 50 \u00b5 LDPE por 500","og_description":"Saco de ombro \"Fishmonger\" 26 + 12 x 45 cm, 50 \u00b5 LDPE, ideal para embalar os seus produtos do mar. Resistente e pr\u00e1tico, \u00e9 vendido em embalagens de 500 unidades.","og_url":"https:\/\/www.csj-emballages.com\/pt-pt\/produit\/500-sacos-de-plastico-peixaria-26-12-x-45-cm-50-%c2%b5\/","og_site_name":"CSJ Emballages","article_publisher":"https:\/\/www.facebook.com\/csjemballages","article_modified_time":"2026-04-24T00:16:07+00:00","og_image":[{"width":800,"height":800,"url":"https:\/\/www.csj-emballages.com\/wp-content\/uploads\/2024\/03\/SAC2645POI.webp","type":"image\/webp"}],"twitter_card":"summary_large_image","twitter_misc":{"Tempo estimado de leitura":"1 minuto"},"schema":{"@context":"https:\/\/schema.org","@graph":[{"@type":"WebPage","@id":"https:\/\/www.csj-emballages.com\/pt-pt\/produit\/500-sacos-de-plastico-peixaria-26-12-x-45-cm-50-%c2%b5\/","url":"https:\/\/www.csj-emballages.com\/pt-pt\/produit\/500-sacos-de-plastico-peixaria-26-12-x-45-cm-50-%c2%b5\/","name":"Saco de ombro para peixaria em PEBD 50\u00b5 - 26 + 12 x 45 cm","isPartOf":{"@id":"https:\/\/www.csj-emballages.com\/pt-pt\/#website"},"primaryImageOfPage":{"@id":"https:\/\/www.csj-emballages.com\/pt-pt\/produit\/500-sacos-de-plastico-peixaria-26-12-x-45-cm-50-%c2%b5\/#primaryimage"},"image":{"@id":"https:\/\/www.csj-emballages.com\/pt-pt\/produit\/500-sacos-de-plastico-peixaria-26-12-x-45-cm-50-%c2%b5\/#primaryimage"},"thumbnailUrl":"https:\/\/www.csj-emballages.com\/wp-content\/uploads\/2024\/03\/SAC2645POI.webp","datePublished":"2024-03-01T15:50:11+00:00","dateModified":"2026-04-24T00:16:07+00:00","description":"Saco de ombro \"Fishmonger\" 26 + 12 x 45 cm, 50 \u00b5 LDPE, ideal para embalar os seus produtos do mar. Resistente e pr\u00e1tico, \u00e9 vendido em embalagens de 500 unidades.","breadcrumb":{"@id":"https:\/\/www.csj-emballages.com\/pt-pt\/produit\/500-sacos-de-plastico-peixaria-26-12-x-45-cm-50-%c2%b5\/#breadcrumb"},"inLanguage":"pt-PT","potentialAction":[{"@type":"ReadAction","target":["https:\/\/www.csj-emballages.com\/pt-pt\/produit\/500-sacos-de-plastico-peixaria-26-12-x-45-cm-50-%c2%b5\/"]}]},{"@type":"ImageObject","inLanguage":"pt-PT","@id":"https:\/\/www.csj-emballages.com\/pt-pt\/produit\/500-sacos-de-plastico-peixaria-26-12-x-45-cm-50-%c2%b5\/#primaryimage","url":"https:\/\/www.csj-emballages.com\/wp-content\/uploads\/2024\/03\/SAC2645POI.webp","contentUrl":"https:\/\/www.csj-emballages.com\/wp-content\/uploads\/2024\/03\/SAC2645POI.webp","width":800,"height":800,"caption":"Sac bretelle \"Poissonnerie\""},{"@type":"BreadcrumbList","@id":"https:\/\/www.csj-emballages.com\/pt-pt\/produit\/500-sacos-de-plastico-peixaria-26-12-x-45-cm-50-%c2%b5\/#breadcrumb","itemListElement":[{"@type":"ListItem","position":1,"name":"Acolhimento","item":"https:\/\/www.csj-emballages.com\/pt-pt\/universo-das-embalagens-alimentares\/"},{"@type":"ListItem","position":2,"name":"Shop","item":"https:\/\/www.csj-emballages.com\/shop\/"},{"@type":"ListItem","position":3,"name":"Saco de ombro \u00ab\u00a0Fishmonger&rsquo;s\u00a0\u00bb 26 + 12 x 45 cm 50 \u00b5 LDPE por 500"}]},{"@type":"WebSite","@id":"https:\/\/www.csj-emballages.com\/pt-pt\/#website","url":"https:\/\/www.csj-emballages.com\/pt-pt\/","name":"CSJ Emballages","description":"","publisher":{"@id":"https:\/\/www.csj-emballages.com\/pt-pt\/#organization"},"potentialAction":[{"@type":"SearchAction","target":{"@type":"EntryPoint","urlTemplate":"https:\/\/www.csj-emballages.com\/pt-pt\/?s={search_term_string}"},"query-input":{"@type":"PropertyValueSpecification","valueRequired":true,"valueName":"search_term_string"}}],"inLanguage":"pt-PT"},{"@type":"Organization","@id":"https:\/\/www.csj-emballages.com\/pt-pt\/#Organization\/","name":"CSJ Emballages","url":"https:\/\/www.csj-emballages.com\/pt-pt\/","logo":{"@type":"ImageObject","inLanguage":"pt-PT","@id":"https:\/\/www.csj-emballages.com\/pt-pt\/#\/schema\/logo\/image\/","url":"https:\/\/www.csj-emballages.com\/wp-content\/uploads\/2023\/10\/logo_csj.webp","contentUrl":"https:\/\/www.csj-emballages.com\/wp-content\/uploads\/2023\/10\/logo_csj.webp","width":250,"height":95,"caption":"CSJ Emballages"},"image":{"@id":"https:\/\/www.csj-emballages.com\/pt-pt\/#\/schema\/logo\/image\/"},"sameAs":["https:\/\/www.facebook.com\/csjemballages"],"address":{"@type":"PostalAddress","streetAddress":"ZI La Lechere","addressLocality":"Patornay","postalCode":"39130","addressCountry":"FR"},"contactPoint":[{"@type":"ContactPoint","contactType":"Service client","telephone":"0384254272","email":"contact@csj-emballages.com"}]}]}},"df_price":28.63,"df_sale_price":"","df_regular_price":28.63,"df_image_link":"https:\/\/www.csj-emballages.com\/wp-content\/uploads\/2024\/03\/SAC2645POI-300x300.webp","tiered_pricing_type":"fixed","tiered_pricing_fixed_rules":[],"tiered_pricing_percentage_rules":[],"tiered_pricing_minimum":1,"tiered_pricing_roles_data":[],"_links":{"self":[{"href":"https:\/\/www.csj-emballages.com\/pt-pt\/wp-json\/wp\/v2\/product\/23071","targetHints":{"allow":["GET"]}}],"collection":[{"href":"https:\/\/www.csj-emballages.com\/pt-pt\/wp-json\/wp\/v2\/product"}],"about":[{"href":"https:\/\/www.csj-emballages.com\/pt-pt\/wp-json\/wp\/v2\/types\/product"}],"wp:featuredmedia":[{"embeddable":true,"href":"https:\/\/www.csj-emballages.com\/pt-pt\/wp-json\/wp\/v2\/media\/255643"}],"wp:attachment":[{"href":"https:\/\/www.csj-emballages.com\/pt-pt\/wp-json\/wp\/v2\/media?parent=23071"}],"wp:term":[{"taxonomy":"product_brand","embeddable":true,"href":"https:\/\/www.csj-emballages.com\/pt-pt\/wp-json\/wp\/v2\/product_brand?post=23071"},{"taxonomy":"product_cat","embeddable":true,"href":"https:\/\/www.csj-emballages.com\/pt-pt\/wp-json\/wp\/v2\/product_cat?post=23071"},{"taxonomy":"product_tag","embeddable":true,"href":"https:\/\/www.csj-emballages.com\/pt-pt\/wp-json\/wp\/v2\/product_tag?post=23071"}],"curies":[{"name":"wp","href":"https:\/\/api.w.org\/{rel}","templated":true}]}}