{"id":23040,"date":"2024-03-01T16:50:12","date_gmt":"2024-03-01T15:50:12","guid":{"rendered":"https:\/\/u15jnbdpoq.preview.infomaniak.website\/produit\/100-rodelas-douradas-grossas-o28-cm\/"},"modified":"2026-04-14T02:20:30","modified_gmt":"2026-04-14T00:20:30","slug":"100-rodelas-douradas-grossas-o28-cm","status":"publish","type":"product","link":"https:\/\/www.csj-emballages.com\/pt-pt\/produit\/100-rodelas-douradas-grossas-o28-cm\/","title":{"rendered":"Cart\u00e3o dourado redondo de espessura \u00f828 cm por 100"},"content":{"rendered":"<h2>Ouro redondo<\/h2>\n<hr>\n<h3>Descri\u00e7\u00e3o do nosso cart\u00e3o grosso redondo dourado \u00f828 cm por 100<\/h3>\n<p><!--more--><\/p>\n<p data-start=\"0\" data-end=\"490\">Acrescente um toque de eleg\u00e2ncia \u00e0s suas cria\u00e7\u00f5es doces com o nosso <g id=\"gid_5\">suporte para bolos<\/g> <strong data-start=\"96\" data-end=\"130\">em cart\u00e3o grosso dourado \u00f828 cm<\/strong> por <strong>100<\/strong>. Especialmente concebido para <g id=\"gid_2\">pasteleiros<\/g>, <g id=\"gid_3\">padeiros<\/g> e <g id=\"gid_4\">fornecedores de catering<\/g>, este <g id=\"gid_5\">suporte para bolos<\/g> combina robustez e requinte. Gra\u00e7as ao seu <strong data-start=\"291\" data-end=\"311\" data-is-only-node=\"\">revestimento pl\u00e1stico<\/strong> <strong data-start=\"323\" data-end=\"338\">dourado luminoso<\/strong>, real\u00e7a todas as sobremesas, quer se trate de uma charlotte de morango, de um vacherin gelado, de uma tarte gourmet ou de um fondant de chocolate.  <\/p>\n<p data-start=\"492\" data-end=\"922\">Fabricado em <strong data-start=\"509\" data-end=\"533\">cart\u00e3o espesso<\/strong>, este <strong>tabuleiro redondo<\/strong> oferece <strong data-start=\"553\" data-end=\"574\">uma rigidez \u00f3ptima<\/strong>, garantindo uma apresenta\u00e7\u00e3o impec\u00e1vel do princ\u00edpio ao fim. Al\u00e9m disso, a sua superf\u00edcie plastificada protege contra a humidade e evita que os preparados se colem, facilitando o corte e o servi\u00e7o. <strong data-start=\"790\" data-end=\"802\">Pr\u00e1tica,<\/strong> adapta-se perfeitamente \u00e0s <span style=\"color: #d12727;\"><a style=\"color: #d12727;\" href=\"https:\/\/www.csj-emballages.com\/pt-pt\/categorie-produit\/embalagem-de-alimentos\/padaria-e-pastelaria\/caixas-e-estojos\/caixas-de-pastelaria\/\"><strong>caixas de pastelaria<\/strong><\/a><\/span>para um transporte seguro das iguarias mais delicadas. <\/p>\n<p data-start=\"924\" data-end=\"1335\">Mas n\u00e3o \u00e9 tudo: este <strong>suporte<\/strong> <strong data-start=\"960\" data-end=\"977\">biodegrad\u00e1vel<\/strong> responde \u00e0s exig\u00eancias actuais em termos de respeito pelo ambiente. Assim, \u00e9 poss\u00edvel combinar uma est\u00e9tica dourada com uma abordagem eco-respons\u00e1vel, uma vantagem apreciada pelos clientes sens\u00edveis ao desenvolvimento sustent\u00e1vel. Al\u00e9m disso, o seu formato <strong>de 28 cm<\/strong> torna-o a escolha ideal para bolos individuais ou de tamanho m\u00e9dio, oferecendo uma base est\u00e1vel e elegante.  <\/p>\n<p data-start=\"1337\" data-end=\"1767\">Ao optar por esta <strong data-start=\"1355\" data-end=\"1373\">esfera dourada<\/strong> de \u00f828 <strong data-start=\"1355\" data-end=\"1373\">cm<\/strong>, obt\u00e9m um produto <strong data-start=\"1402\" data-end=\"1416\">vers\u00e1til<\/strong> e <strong data-start=\"1420\" data-end=\"1430\">fi\u00e1vel<\/strong> que valoriza as suas cria\u00e7\u00f5es e simplifica a sua organiza\u00e7\u00e3o. Adapta-se igualmente bem a eventos festivos e a vendas quotidianas, acrescentando aquele <strong data-start=\"1587\" data-end=\"1609\">toque de prest\u00edgio<\/strong> que faz toda a diferen\u00e7a. <strong data-start=\"1640\" data-end=\"1665\">Opte pela qualidade<\/strong> e valorize cada sobremesa com este suporte que alia beleza, praticidade e respeito pelo planeta. <\/p>\n<p><!--more--><\/p>\n<h4><strong>Vantagens :<\/strong><\/h4>\n<ul>\n<li><strong data-start=\"1992\" data-end=\"2004\">Eleg\u00e2ncia<\/strong>: uma cor dourada que real\u00e7a qualquer pastelaria.<\/li>\n<li><strong data-start=\"2053\" data-end=\"2065\">Robustez<\/strong>: cart\u00e3o espesso para um ajuste perfeito.<\/li>\n<li><strong data-start=\"2119\" data-end=\"2132\">Pr\u00e1tico<\/strong>: superf\u00edcie de pl\u00e1stico resistente \u00e0 humidade para facilitar o transporte.<\/li>\n<li><strong data-start=\"2191\" data-end=\"2209\">Amigo do ambiente<\/strong>: base redonda biodegrad\u00e1vel.<\/li>\n<li><strong data-start=\"2244\" data-end=\"2258\">Vers\u00e1til<\/strong>: ideal para bolos, tartes, vacherins e muito mais.<\/li>\n<\/ul>\n<p>&nbsp;<\/p>\n<p><!--more--><\/p>\n<h4>Outras informa\u00e7\u00f5es :<\/h4>\n<ul>\n<li><strong>Embalagem<\/strong>: Pacote de 100<\/li>\n<li><strong>Di\u00e2metro<\/strong>: 28 cm<\/li>\n<li><strong>Material<\/strong>: Cart\u00e3o<\/li>\n<li><strong>Cor<\/strong>: dourado<\/li>\n<\/ul>\n<p>&nbsp;<\/p>\n<p><!--more--><\/p>\n<p>Este suporte redondo branco liso para bolos est\u00e1 dispon\u00edvel em diferentes tamanhos: <span style=\"color: #d12727;\"><a style=\"color: #d12727;\" href=\"https:\/\/www.csj-emballages.com\/de\/produit\/100-dicke-goldene-ringe-o16-cm\/\">\u00d816 cm<\/a><\/span> \/ <span style=\"color: #d12727;\"><a style=\"color: #d12727;\" href=\"https:\/\/www.csj-emballages.com\/produit\/100-ronds-or-epais-o18-cm\/\">\u00d818 cm<\/a><\/span> \/ <span style=\"color: #d12727;\"><a style=\"color: #d12727;\" href=\"https:\/\/www.csj-emballages.com\/produit\/100-ronds-or-epais-o20-cm\/\">\u00d820 cm<\/a><\/span> \/ <span style=\"color: #d12727;\"><a style=\"color: #d12727;\" href=\"https:\/\/www.csj-emballages.com\/produit\/100-ronds-or-epais-o22-cm\/\">\u00d822 cm<\/a><\/span> \/ <span style=\"color: #d12727;\"><a style=\"color: #d12727;\" href=\"https:\/\/www.csj-emballages.com\/produit\/100-ronds-or-epais-o24-cm\/\">\u00d824 cm<\/a><\/span> \/ <span style=\"color: #d12727;\"><a style=\"color: #d12727;\" href=\"https:\/\/www.csj-emballages.com\/produit\/100-ronds-or-epais-o26-cm\/\">\u00d826 cm<\/a> \/ <a style=\"color: #d12727;\" href=\"https:\/\/www.csj-emballages.com\/produit\/100-ronds-or-epais-o30-cm\/\">\u00d830 cm<\/a> \/ <a style=\"color: #d12727;\" href=\"https:\/\/www.csj-emballages.com\/produit\/100-ronds-or-epais-o32-cm\/\">\u00d832 cm<\/a><\/span><\/p>\n<p>&nbsp;<\/p>\n<p><!--more--><\/p>\n<p><a href=\"https:\/\/www.csj-emballages.com\/pt-pt\/categorie-produit\/embalagem-de-alimentos\/padaria-e-pastelaria\/suportes-para-bases-de-bolos\/bases-para-bolos-redondas\/suportes-para-bolos-dourados\/rodelas-de-bolo-douradas\/\">Veja o resto da nossa gama de suportes redondos em ouro aqui<\/a><\/p>\n","protected":false},"excerpt":{"rendered":"<p>Ouro redondo Descri\u00e7\u00e3o do nosso cart\u00e3o grosso redondo dourado \u00f828 cm por 100<\/p>\n","protected":false},"featured_media":0,"template":"","meta":{"_acf_changed":false},"product_brand":[],"product_cat":[1141,1177,1914,3114,3277],"product_tag":[],"class_list":{"0":"post-23040","1":"product","2":"type-product","3":"status-publish","5":"product_cat-embalagem-de-alimentos","6":"product_cat-padaria-e-pastelaria","7":"product_cat-suportes-para-bases-de-bolos","8":"product_cat-suportes-para-bolos-dourados","9":"product_cat-rodelas-de-bolo-douradas","11":"first","12":"instock","13":"taxable","14":"shipping-taxable","15":"purchasable","16":"product-type-simple"},"acf":[],"yoast_head":"<!-- This site is optimized with the Yoast SEO Premium plugin v26.6 (Yoast SEO v26.6) - https:\/\/yoast.com\/wordpress\/plugins\/seo\/ -->\n<title>Ouro redondo Cart\u00e3o grosso \u00f828 cm por 100<\/title>\n<meta name=\"description\" content=\"Roda dourada \u00d828 cm em cart\u00e3o espesso, biodegrad\u00e1vel e revestido a pl\u00e1stico. Ideal para pasteleiros, padeiros e catering para real\u00e7ar bolos e sobremesas.\" \/>\n<meta name=\"robots\" content=\"index, follow, max-snippet:-1, max-image-preview:large, max-video-preview:-1\" \/>\n<link rel=\"canonical\" href=\"https:\/\/www.csj-emballages.com\/pt-pt\/produit\/100-rodelas-douradas-grossas-o28-cm\/\" \/>\n<meta property=\"og:locale\" content=\"pt_PT\" \/>\n<meta property=\"og:type\" content=\"article\" \/>\n<meta property=\"og:title\" content=\"Cart\u00e3o dourado redondo de espessura \u00f828 cm por 100\" \/>\n<meta property=\"og:description\" content=\"Roda dourada \u00d828 cm em cart\u00e3o espesso, biodegrad\u00e1vel e revestido a pl\u00e1stico. Ideal para pasteleiros, padeiros e catering para real\u00e7ar bolos e sobremesas.\" \/>\n<meta property=\"og:url\" content=\"https:\/\/www.csj-emballages.com\/pt-pt\/produit\/100-rodelas-douradas-grossas-o28-cm\/\" \/>\n<meta property=\"og:site_name\" content=\"CSJ Emballages\" \/>\n<meta property=\"article:publisher\" content=\"https:\/\/www.facebook.com\/csjemballages\" \/>\n<meta property=\"article:modified_time\" content=\"2026-04-14T00:20:30+00:00\" \/>\n<meta property=\"og:image\" content=\"https:\/\/www.csj-emballages.com\/wp-content\/uploads\/2024\/03\/Rond-or.webp\" \/>\n\t<meta property=\"og:image:width\" content=\"800\" \/>\n\t<meta property=\"og:image:height\" content=\"800\" \/>\n\t<meta property=\"og:image:type\" content=\"image\/webp\" \/>\n<meta name=\"twitter:card\" content=\"summary_large_image\" \/>\n<meta name=\"twitter:label1\" content=\"Tempo estimado de leitura\" \/>\n\t<meta name=\"twitter:data1\" content=\"2 minutos\" \/>\n<script type=\"application\/ld+json\" class=\"yoast-schema-graph\">{\"@context\":\"https:\/\/schema.org\",\"@graph\":[{\"@type\":\"WebPage\",\"@id\":\"https:\/\/www.csj-emballages.com\/pt-pt\/produit\/100-rodelas-douradas-grossas-o28-cm\/\",\"url\":\"https:\/\/www.csj-emballages.com\/pt-pt\/produit\/100-rodelas-douradas-grossas-o28-cm\/\",\"name\":\"Ouro redondo Cart\u00e3o grosso \u00f828 cm por 100\",\"isPartOf\":{\"@id\":\"https:\/\/www.csj-emballages.com\/pt-pt\/#website\"},\"datePublished\":\"2024-03-01T15:50:12+00:00\",\"dateModified\":\"2026-04-14T00:20:30+00:00\",\"description\":\"Roda dourada \u00d828 cm em cart\u00e3o espesso, biodegrad\u00e1vel e revestido a pl\u00e1stico. Ideal para pasteleiros, padeiros e catering para real\u00e7ar bolos e sobremesas.\",\"breadcrumb\":{\"@id\":\"https:\/\/www.csj-emballages.com\/pt-pt\/produit\/100-rodelas-douradas-grossas-o28-cm\/#breadcrumb\"},\"inLanguage\":\"pt-PT\",\"potentialAction\":[{\"@type\":\"ReadAction\",\"target\":[\"https:\/\/www.csj-emballages.com\/pt-pt\/produit\/100-rodelas-douradas-grossas-o28-cm\/\"]}]},{\"@type\":\"BreadcrumbList\",\"@id\":\"https:\/\/www.csj-emballages.com\/pt-pt\/produit\/100-rodelas-douradas-grossas-o28-cm\/#breadcrumb\",\"itemListElement\":[{\"@type\":\"ListItem\",\"position\":1,\"name\":\"Acolhimento\",\"item\":\"https:\/\/www.csj-emballages.com\/pt-pt\/universo-das-embalagens-alimentares\/\"},{\"@type\":\"ListItem\",\"position\":2,\"name\":\"Shop\",\"item\":\"https:\/\/www.csj-emballages.com\/shop\/\"},{\"@type\":\"ListItem\",\"position\":3,\"name\":\"Cart\u00e3o dourado redondo de espessura \u00f828 cm por 100\"}]},{\"@type\":\"WebSite\",\"@id\":\"https:\/\/www.csj-emballages.com\/pt-pt\/#website\",\"url\":\"https:\/\/www.csj-emballages.com\/pt-pt\/\",\"name\":\"CSJ Emballages\",\"description\":\"\",\"publisher\":{\"@id\":\"https:\/\/www.csj-emballages.com\/pt-pt\/#organization\"},\"potentialAction\":[{\"@type\":\"SearchAction\",\"target\":{\"@type\":\"EntryPoint\",\"urlTemplate\":\"https:\/\/www.csj-emballages.com\/pt-pt\/?s={search_term_string}\"},\"query-input\":{\"@type\":\"PropertyValueSpecification\",\"valueRequired\":true,\"valueName\":\"search_term_string\"}}],\"inLanguage\":\"pt-PT\"},{\"@type\":\"Organization\",\"@id\":\"https:\/\/www.csj-emballages.com\/pt-pt\/#Organization\/\",\"name\":\"CSJ Emballages\",\"url\":\"https:\/\/www.csj-emballages.com\/pt-pt\/\",\"logo\":{\"@type\":\"ImageObject\",\"inLanguage\":\"pt-PT\",\"@id\":\"https:\/\/www.csj-emballages.com\/pt-pt\/#\/schema\/logo\/image\/\",\"url\":\"https:\/\/www.csj-emballages.com\/wp-content\/uploads\/2023\/10\/logo_csj.webp\",\"contentUrl\":\"https:\/\/www.csj-emballages.com\/wp-content\/uploads\/2023\/10\/logo_csj.webp\",\"width\":250,\"height\":95,\"caption\":\"CSJ Emballages\"},\"image\":{\"@id\":\"https:\/\/www.csj-emballages.com\/pt-pt\/#\/schema\/logo\/image\/\"},\"sameAs\":[\"https:\/\/www.facebook.com\/csjemballages\"],\"address\":{\"@type\":\"PostalAddress\",\"streetAddress\":\"ZI La Lechere\",\"addressLocality\":\"Patornay\",\"postalCode\":\"39130\",\"addressCountry\":\"FR\"},\"contactPoint\":[{\"@type\":\"ContactPoint\",\"contactType\":\"Service client\",\"telephone\":\"0384254272\",\"email\":\"contact@csj-emballages.com\"}]}]}<\/script>\n<!-- \/ Yoast SEO Premium plugin. -->","yoast_head_json":{"title":"Ouro redondo Cart\u00e3o grosso \u00f828 cm por 100","description":"Roda dourada \u00d828 cm em cart\u00e3o espesso, biodegrad\u00e1vel e revestido a pl\u00e1stico. Ideal para pasteleiros, padeiros e catering para real\u00e7ar bolos e sobremesas.","robots":{"index":"index","follow":"follow","max-snippet":"max-snippet:-1","max-image-preview":"max-image-preview:large","max-video-preview":"max-video-preview:-1"},"canonical":"https:\/\/www.csj-emballages.com\/pt-pt\/produit\/100-rodelas-douradas-grossas-o28-cm\/","og_locale":"pt_PT","og_type":"article","og_title":"Cart\u00e3o dourado redondo de espessura \u00f828 cm por 100","og_description":"Roda dourada \u00d828 cm em cart\u00e3o espesso, biodegrad\u00e1vel e revestido a pl\u00e1stico. Ideal para pasteleiros, padeiros e catering para real\u00e7ar bolos e sobremesas.","og_url":"https:\/\/www.csj-emballages.com\/pt-pt\/produit\/100-rodelas-douradas-grossas-o28-cm\/","og_site_name":"CSJ Emballages","article_publisher":"https:\/\/www.facebook.com\/csjemballages","article_modified_time":"2026-04-14T00:20:30+00:00","og_image":[{"width":800,"height":800,"url":"https:\/\/www.csj-emballages.com\/wp-content\/uploads\/2024\/03\/Rond-or.webp","type":"image\/webp"}],"twitter_card":"summary_large_image","twitter_misc":{"Tempo estimado de leitura":"2 minutos"},"schema":{"@context":"https:\/\/schema.org","@graph":[{"@type":"WebPage","@id":"https:\/\/www.csj-emballages.com\/pt-pt\/produit\/100-rodelas-douradas-grossas-o28-cm\/","url":"https:\/\/www.csj-emballages.com\/pt-pt\/produit\/100-rodelas-douradas-grossas-o28-cm\/","name":"Ouro redondo Cart\u00e3o grosso \u00f828 cm por 100","isPartOf":{"@id":"https:\/\/www.csj-emballages.com\/pt-pt\/#website"},"datePublished":"2024-03-01T15:50:12+00:00","dateModified":"2026-04-14T00:20:30+00:00","description":"Roda dourada \u00d828 cm em cart\u00e3o espesso, biodegrad\u00e1vel e revestido a pl\u00e1stico. Ideal para pasteleiros, padeiros e catering para real\u00e7ar bolos e sobremesas.","breadcrumb":{"@id":"https:\/\/www.csj-emballages.com\/pt-pt\/produit\/100-rodelas-douradas-grossas-o28-cm\/#breadcrumb"},"inLanguage":"pt-PT","potentialAction":[{"@type":"ReadAction","target":["https:\/\/www.csj-emballages.com\/pt-pt\/produit\/100-rodelas-douradas-grossas-o28-cm\/"]}]},{"@type":"BreadcrumbList","@id":"https:\/\/www.csj-emballages.com\/pt-pt\/produit\/100-rodelas-douradas-grossas-o28-cm\/#breadcrumb","itemListElement":[{"@type":"ListItem","position":1,"name":"Acolhimento","item":"https:\/\/www.csj-emballages.com\/pt-pt\/universo-das-embalagens-alimentares\/"},{"@type":"ListItem","position":2,"name":"Shop","item":"https:\/\/www.csj-emballages.com\/shop\/"},{"@type":"ListItem","position":3,"name":"Cart\u00e3o dourado redondo de espessura \u00f828 cm por 100"}]},{"@type":"WebSite","@id":"https:\/\/www.csj-emballages.com\/pt-pt\/#website","url":"https:\/\/www.csj-emballages.com\/pt-pt\/","name":"CSJ Emballages","description":"","publisher":{"@id":"https:\/\/www.csj-emballages.com\/pt-pt\/#organization"},"potentialAction":[{"@type":"SearchAction","target":{"@type":"EntryPoint","urlTemplate":"https:\/\/www.csj-emballages.com\/pt-pt\/?s={search_term_string}"},"query-input":{"@type":"PropertyValueSpecification","valueRequired":true,"valueName":"search_term_string"}}],"inLanguage":"pt-PT"},{"@type":"Organization","@id":"https:\/\/www.csj-emballages.com\/pt-pt\/#Organization\/","name":"CSJ Emballages","url":"https:\/\/www.csj-emballages.com\/pt-pt\/","logo":{"@type":"ImageObject","inLanguage":"pt-PT","@id":"https:\/\/www.csj-emballages.com\/pt-pt\/#\/schema\/logo\/image\/","url":"https:\/\/www.csj-emballages.com\/wp-content\/uploads\/2023\/10\/logo_csj.webp","contentUrl":"https:\/\/www.csj-emballages.com\/wp-content\/uploads\/2023\/10\/logo_csj.webp","width":250,"height":95,"caption":"CSJ Emballages"},"image":{"@id":"https:\/\/www.csj-emballages.com\/pt-pt\/#\/schema\/logo\/image\/"},"sameAs":["https:\/\/www.facebook.com\/csjemballages"],"address":{"@type":"PostalAddress","streetAddress":"ZI La Lechere","addressLocality":"Patornay","postalCode":"39130","addressCountry":"FR"},"contactPoint":[{"@type":"ContactPoint","contactType":"Service client","telephone":"0384254272","email":"contact@csj-emballages.com"}]}]}},"df_price":23.65,"df_sale_price":"","df_regular_price":23.65,"df_image_link":"https:\/\/www.csj-emballages.com\/wp-content\/uploads\/woocommerce-placeholder-300x300.png","tiered_pricing_type":"fixed","tiered_pricing_fixed_rules":[],"tiered_pricing_percentage_rules":[],"tiered_pricing_minimum":1,"tiered_pricing_roles_data":[],"_links":{"self":[{"href":"https:\/\/www.csj-emballages.com\/pt-pt\/wp-json\/wp\/v2\/product\/23040","targetHints":{"allow":["GET"]}}],"collection":[{"href":"https:\/\/www.csj-emballages.com\/pt-pt\/wp-json\/wp\/v2\/product"}],"about":[{"href":"https:\/\/www.csj-emballages.com\/pt-pt\/wp-json\/wp\/v2\/types\/product"}],"wp:attachment":[{"href":"https:\/\/www.csj-emballages.com\/pt-pt\/wp-json\/wp\/v2\/media?parent=23040"}],"wp:term":[{"taxonomy":"product_brand","embeddable":true,"href":"https:\/\/www.csj-emballages.com\/pt-pt\/wp-json\/wp\/v2\/product_brand?post=23040"},{"taxonomy":"product_cat","embeddable":true,"href":"https:\/\/www.csj-emballages.com\/pt-pt\/wp-json\/wp\/v2\/product_cat?post=23040"},{"taxonomy":"product_tag","embeddable":true,"href":"https:\/\/www.csj-emballages.com\/pt-pt\/wp-json\/wp\/v2\/product_tag?post=23040"}],"curies":[{"name":"wp","href":"https:\/\/api.w.org\/{rel}","templated":true}]}}