{"id":23019,"date":"2024-03-01T16:50:12","date_gmt":"2024-03-01T15:50:12","guid":{"rendered":"https:\/\/u15jnbdpoq.preview.infomaniak.website\/produit\/100-rodelas-douradas-grossas-o32-cm\/"},"modified":"2026-04-18T02:16:14","modified_gmt":"2026-04-18T00:16:14","slug":"100-rodelas-douradas-grossas-o32-cm","status":"publish","type":"product","link":"https:\/\/www.csj-emballages.com\/pt-pt\/produit\/100-rodelas-douradas-grossas-o32-cm\/","title":{"rendered":"Cart\u00e3o dourado redondo de espessura \u00f832 cm por 100"},"content":{"rendered":"<h2>Ouro redondo<\/h2>\n<hr>\n<h3>Descri\u00e7\u00e3o do nosso cart\u00e3o grosso dourado redondo \u00f832 cm por 100<\/h3>\n<p><!--more--><\/p>\n<p data-start=\"0\" data-end=\"493\">D\u00ea um toque de eleg\u00e2ncia e de robustez \u00e0s suas apresenta\u00e7\u00f5es culin\u00e1rias com o nosso <strong data-start=\"120\" data-end=\"154\">anel dourado de cart\u00e3o de<\/strong> \u00f832 <strong data-start=\"120\" data-end=\"154\">cm de espessura<\/strong>, vendido em <strong data-start=\"165\" data-end=\"179\">embalagens de 100<\/strong>. Concebido para os profissionais da restaura\u00e7\u00e3o, para os fornecedores de refei\u00e7\u00f5es ou para os pasteleiros exigentes, este suporte combina <strong data-start=\"291\" data-end=\"303\">robustez<\/strong>, <strong data-start=\"305\" data-end=\"319\">est\u00e9tica<\/strong> e <strong data-start=\"323\" data-end=\"336\">praticidade<\/strong>. Com o seu <strong data-start=\"350\" data-end=\"380\">di\u00e2metro generoso de 32 cm<\/strong>, \u00e9 perfeito para expor os seus <strong data-start=\"423\" data-end=\"434\" data-is-only-node=\"\">bolos<\/strong>, <strong data-start=\"436\" data-end=\"449\">entradas<\/strong>, bufetes <strong data-start=\"451\" data-end=\"468\">salgados<\/strong> ou <strong data-start=\"472\" data-end=\"490\">pe\u00e7as de mesa<\/strong>.  <\/p>\n<p data-start=\"495\" data-end=\"930\">Em primeiro lugar, o seu acabamento <strong data-start=\"516\" data-end=\"525\">dourado<\/strong> cria imediatamente um <strong data-start=\"551\" data-end=\"568\">efeito premium<\/strong> apelativo, quer seja numa montra, num evento ou no servi\u00e7o de takeaway. Em segundo lugar, o seu <g id=\"gid_2\">cart\u00e3o espesso<\/g> garante uma excelente <g id=\"gid_3\">resist\u00eancia<\/g>, mesmo para cria\u00e7\u00f5es gourmet pesadas. N\u00e3o \u00e9 necess\u00e1rio preocupar-se com deforma\u00e7\u00f5es ou dobras: os seus preparados permanecem impec\u00e1veis desde o forno at\u00e9 \u00e0 mesa dos seus clientes.  <\/p>\n<p data-start=\"932\" data-end=\"1387\">Al\u00e9m disso, este anel dourado \u00e9 <strong data-start=\"956\" data-end=\"970\">vers\u00e1til<\/strong>: pode ser utilizado para <strong data-start=\"1006\" data-end=\"1025\">sobremesas congeladas<\/strong>, <strong data-start=\"1031\" data-end=\"1041\">tartes<\/strong> ou <strong data-start=\"1049\" data-end=\"1068\">entradas frescas<\/strong>. A sua superf\u00edcie lisa facilita o <strong data-start=\"1099\" data-end=\"1110\">servi\u00e7o<\/strong> e <strong data-start=\"1117\" data-end=\"1130\">o transporte<\/strong>, ao mesmo tempo que constitui uma barreira eficaz contra a humidade. Ao escolher esta <strong data-start=\"1207\" data-end=\"1239\">embalagem econ\u00f3mica de 100 unidades<\/strong>, pode poupar tempo e otimizar as suas compras, uma vantagem ineg\u00e1vel para os profissionais que procuram uma excelente <strong data-start=\"1360\" data-end=\"1384\">rela\u00e7\u00e3o<\/strong> qualidade\/pre\u00e7o.  <\/p>\n<p data-start=\"1389\" data-end=\"1725\">Em suma, este <strong data-start=\"1403\" data-end=\"1437\">anel de ouro em cart\u00e3o com<\/strong> \u00f832 <strong data-start=\"1403\" data-end=\"1437\">cm de espessura<\/strong> alia <strong data-start=\"1446\" data-end=\"1458\">eleg\u00e2ncia<\/strong>, <strong data-start=\"1460\" data-end=\"1473\">fiabilidade<\/strong> e <strong data-start=\"1477\" data-end=\"1502\">facilidade de utiliza\u00e7\u00e3o<\/strong>. Vai valorizar as suas cria\u00e7\u00f5es e refor\u00e7ar a sua imagem profissional junto dos seus clientes. Um acess\u00f3rio indispens\u00e1vel para quem deseja combinar <strong data-start=\"1655\" data-end=\"1669\">est\u00e9tica<\/strong> e <strong data-start=\"1673\" data-end=\"1686\">praticidade<\/strong> nas suas apresenta\u00e7\u00f5es culin\u00e1rias.  <\/p>\n<p data-start=\"1389\" data-end=\"1725\">\n<p><!--more--><\/p>\n<h4><strong>Vantagens :<\/strong><\/h4>\n<ul>\n<li><strong data-start=\"1992\" data-end=\"2004\">Eleg\u00e2ncia<\/strong>: uma cor dourada que real\u00e7a qualquer pastelaria.<\/li>\n<li><strong data-start=\"2053\" data-end=\"2065\">Robustez<\/strong>: cart\u00e3o espesso para um ajuste perfeito.<\/li>\n<li><strong data-start=\"2119\" data-end=\"2132\">Pr\u00e1tico<\/strong>: superf\u00edcie de pl\u00e1stico resistente \u00e0 humidade para facilitar o transporte.<\/li>\n<li><strong data-start=\"2191\" data-end=\"2209\">Amigo do ambiente<\/strong>: base redonda biodegrad\u00e1vel.<\/li>\n<li><strong data-start=\"2244\" data-end=\"2258\">Vers\u00e1til<\/strong>: ideal para bolos, tartes, vacherins e muito mais.<\/li>\n<\/ul>\n<p>&nbsp;<\/p>\n<p><!--more--><\/p>\n<h4>Outras informa\u00e7\u00f5es :<\/h4>\n<ul>\n<li><strong>Embalagem<\/strong>: Pacote de 100<\/li>\n<li><strong>Di\u00e2metro<\/strong>: 32 cm<\/li>\n<li><strong>Material<\/strong>: Cart\u00e3o<\/li>\n<li><strong>Cor<\/strong>: dourado<\/li>\n<\/ul>\n<p>&nbsp;<\/p>\n<p><!--more--><\/p>\n<p>Este suporte redondo branco liso para bolos est\u00e1 dispon\u00edvel em diferentes tamanhos: <span style=\"color: #d12727;\"><a style=\"color: #d12727;\" href=\"https:\/\/www.csj-emballages.com\/es\/produit\/100-redondos-gruesos-de-oro-o16-cm\/\">\u00d816 cm<\/a><\/span> \/ <span style=\"color: #d12727;\"><a style=\"color: #d12727;\" href=\"https:\/\/www.csj-emballages.com\/produit\/100-ronds-or-epais-o18-cm\/\">\u00d818 cm<\/a><\/span> \/ <span style=\"color: #d12727;\"><a style=\"color: #d12727;\" href=\"https:\/\/www.csj-emballages.com\/produit\/100-ronds-or-epais-o20-cm\/\">\u00d820 cm<\/a><\/span> \/ <span style=\"color: #d12727;\"><a style=\"color: #d12727;\" href=\"https:\/\/www.csj-emballages.com\/produit\/100-ronds-or-epais-o22-cm\/\">\u00d822 cm<\/a><\/span> \/ <span style=\"color: #d12727;\"><a style=\"color: #d12727;\" href=\"https:\/\/www.csj-emballages.com\/produit\/100-ronds-or-epais-o24-cm\/\">\u00d824 cm<\/a><\/span> \/ <span style=\"color: #d12727;\"><a style=\"color: #d12727;\" href=\"https:\/\/www.csj-emballages.com\/produit\/100-ronds-or-epais-o26-cm\/\">\u00d826 cm<\/a> \/ <a style=\"color: #d12727;\" href=\"https:\/\/www.csj-emballages.com\/produit\/100-ronds-or-epais-o28-cm\/\">\u00d828 cm<\/a> \/ <a style=\"color: #d12727;\" href=\"https:\/\/www.csj-emballages.com\/produit\/100-ronds-or-epais-o32-cm\/\">\u00d830 cm<\/a><\/span><\/p>\n<p>&nbsp;<\/p>\n<p><!--more--><\/p>\n<p><a href=\"https:\/\/www.csj-emballages.com\/pt-pt\/categorie-produit\/embalagem-de-alimentos\/padaria-e-pastelaria\/suportes-para-bases-de-bolos\/bases-para-bolos-redondas\/suportes-para-bolos-dourados\/rodelas-de-bolo-douradas\/\">Veja o resto da nossa gama de suportes redondos em ouro aqui<\/a><\/p>\n","protected":false},"excerpt":{"rendered":"<p>Ouro redondo Descri\u00e7\u00e3o do nosso cart\u00e3o grosso dourado redondo \u00f832 cm por 100<\/p>\n","protected":false},"featured_media":0,"template":"","meta":{"_acf_changed":false},"product_brand":[],"product_cat":[1141,1177,1914,3114,3277],"product_tag":[],"class_list":{"0":"post-23019","1":"product","2":"type-product","3":"status-publish","5":"product_cat-embalagem-de-alimentos","6":"product_cat-padaria-e-pastelaria","7":"product_cat-suportes-para-bases-de-bolos","8":"product_cat-suportes-para-bolos-dourados","9":"product_cat-rodelas-de-bolo-douradas","11":"first","12":"instock","13":"taxable","14":"shipping-taxable","15":"purchasable","16":"product-type-simple"},"acf":[],"yoast_head":"<!-- This site is optimized with the Yoast SEO Premium plugin v26.6 (Yoast SEO v26.6) - https:\/\/yoast.com\/wordpress\/plugins\/seo\/ -->\n<title>Ouro redondo Cart\u00e3o grosso \u00f832 cm por 100<\/title>\n<meta name=\"description\" content=\"Ouro redondo \u00d832 cm em cart\u00e3o espesso, biodegrad\u00e1vel e revestido a pl\u00e1stico. Ideal para pasteleiros, padeiros e catering para real\u00e7ar bolos e sobremesas.\" \/>\n<meta name=\"robots\" content=\"index, follow, max-snippet:-1, max-image-preview:large, max-video-preview:-1\" \/>\n<link rel=\"canonical\" href=\"https:\/\/www.csj-emballages.com\/pt-pt\/produit\/100-rodelas-douradas-grossas-o32-cm\/\" \/>\n<meta property=\"og:locale\" content=\"pt_PT\" \/>\n<meta property=\"og:type\" content=\"article\" \/>\n<meta property=\"og:title\" content=\"Cart\u00e3o dourado redondo de espessura \u00f832 cm por 100\" \/>\n<meta property=\"og:description\" content=\"Ouro redondo \u00d832 cm em cart\u00e3o espesso, biodegrad\u00e1vel e revestido a pl\u00e1stico. Ideal para pasteleiros, padeiros e catering para real\u00e7ar bolos e sobremesas.\" \/>\n<meta property=\"og:url\" content=\"https:\/\/www.csj-emballages.com\/pt-pt\/produit\/100-rodelas-douradas-grossas-o32-cm\/\" \/>\n<meta property=\"og:site_name\" content=\"CSJ Emballages\" \/>\n<meta property=\"article:publisher\" content=\"https:\/\/www.facebook.com\/csjemballages\" \/>\n<meta property=\"article:modified_time\" content=\"2026-04-18T00:16:14+00:00\" \/>\n<meta property=\"og:image\" content=\"https:\/\/www.csj-emballages.com\/wp-content\/uploads\/2024\/03\/Rond-or.webp\" \/>\n\t<meta property=\"og:image:width\" content=\"800\" \/>\n\t<meta property=\"og:image:height\" content=\"800\" \/>\n\t<meta property=\"og:image:type\" content=\"image\/webp\" \/>\n<meta name=\"twitter:card\" content=\"summary_large_image\" \/>\n<meta name=\"twitter:label1\" content=\"Tempo estimado de leitura\" \/>\n\t<meta name=\"twitter:data1\" content=\"2 minutos\" \/>\n<script type=\"application\/ld+json\" class=\"yoast-schema-graph\">{\"@context\":\"https:\/\/schema.org\",\"@graph\":[{\"@type\":\"WebPage\",\"@id\":\"https:\/\/www.csj-emballages.com\/pt-pt\/produit\/100-rodelas-douradas-grossas-o32-cm\/\",\"url\":\"https:\/\/www.csj-emballages.com\/pt-pt\/produit\/100-rodelas-douradas-grossas-o32-cm\/\",\"name\":\"Ouro redondo Cart\u00e3o grosso \u00f832 cm por 100\",\"isPartOf\":{\"@id\":\"https:\/\/www.csj-emballages.com\/pt-pt\/#website\"},\"datePublished\":\"2024-03-01T15:50:12+00:00\",\"dateModified\":\"2026-04-18T00:16:14+00:00\",\"description\":\"Ouro redondo \u00d832 cm em cart\u00e3o espesso, biodegrad\u00e1vel e revestido a pl\u00e1stico. Ideal para pasteleiros, padeiros e catering para real\u00e7ar bolos e sobremesas.\",\"breadcrumb\":{\"@id\":\"https:\/\/www.csj-emballages.com\/pt-pt\/produit\/100-rodelas-douradas-grossas-o32-cm\/#breadcrumb\"},\"inLanguage\":\"pt-PT\",\"potentialAction\":[{\"@type\":\"ReadAction\",\"target\":[\"https:\/\/www.csj-emballages.com\/pt-pt\/produit\/100-rodelas-douradas-grossas-o32-cm\/\"]}]},{\"@type\":\"BreadcrumbList\",\"@id\":\"https:\/\/www.csj-emballages.com\/pt-pt\/produit\/100-rodelas-douradas-grossas-o32-cm\/#breadcrumb\",\"itemListElement\":[{\"@type\":\"ListItem\",\"position\":1,\"name\":\"Acolhimento\",\"item\":\"https:\/\/www.csj-emballages.com\/pt-pt\/universo-das-embalagens-alimentares\/\"},{\"@type\":\"ListItem\",\"position\":2,\"name\":\"Shop\",\"item\":\"https:\/\/www.csj-emballages.com\/shop\/\"},{\"@type\":\"ListItem\",\"position\":3,\"name\":\"Cart\u00e3o dourado redondo de espessura \u00f832 cm por 100\"}]},{\"@type\":\"WebSite\",\"@id\":\"https:\/\/www.csj-emballages.com\/pt-pt\/#website\",\"url\":\"https:\/\/www.csj-emballages.com\/pt-pt\/\",\"name\":\"CSJ Emballages\",\"description\":\"\",\"publisher\":{\"@id\":\"https:\/\/www.csj-emballages.com\/pt-pt\/#organization\"},\"potentialAction\":[{\"@type\":\"SearchAction\",\"target\":{\"@type\":\"EntryPoint\",\"urlTemplate\":\"https:\/\/www.csj-emballages.com\/pt-pt\/?s={search_term_string}\"},\"query-input\":{\"@type\":\"PropertyValueSpecification\",\"valueRequired\":true,\"valueName\":\"search_term_string\"}}],\"inLanguage\":\"pt-PT\"},{\"@type\":\"Organization\",\"@id\":\"https:\/\/www.csj-emballages.com\/pt-pt\/#Organization\/\",\"name\":\"CSJ Emballages\",\"url\":\"https:\/\/www.csj-emballages.com\/pt-pt\/\",\"logo\":{\"@type\":\"ImageObject\",\"inLanguage\":\"pt-PT\",\"@id\":\"https:\/\/www.csj-emballages.com\/pt-pt\/#\/schema\/logo\/image\/\",\"url\":\"https:\/\/www.csj-emballages.com\/wp-content\/uploads\/2023\/10\/logo_csj.webp\",\"contentUrl\":\"https:\/\/www.csj-emballages.com\/wp-content\/uploads\/2023\/10\/logo_csj.webp\",\"width\":250,\"height\":95,\"caption\":\"CSJ Emballages\"},\"image\":{\"@id\":\"https:\/\/www.csj-emballages.com\/pt-pt\/#\/schema\/logo\/image\/\"},\"sameAs\":[\"https:\/\/www.facebook.com\/csjemballages\"],\"address\":{\"@type\":\"PostalAddress\",\"streetAddress\":\"ZI La Lechere\",\"addressLocality\":\"Patornay\",\"postalCode\":\"39130\",\"addressCountry\":\"FR\"},\"contactPoint\":[{\"@type\":\"ContactPoint\",\"contactType\":\"Service client\",\"telephone\":\"0384254272\",\"email\":\"contact@csj-emballages.com\"}]}]}<\/script>\n<!-- \/ Yoast SEO Premium plugin. -->","yoast_head_json":{"title":"Ouro redondo Cart\u00e3o grosso \u00f832 cm por 100","description":"Ouro redondo \u00d832 cm em cart\u00e3o espesso, biodegrad\u00e1vel e revestido a pl\u00e1stico. Ideal para pasteleiros, padeiros e catering para real\u00e7ar bolos e sobremesas.","robots":{"index":"index","follow":"follow","max-snippet":"max-snippet:-1","max-image-preview":"max-image-preview:large","max-video-preview":"max-video-preview:-1"},"canonical":"https:\/\/www.csj-emballages.com\/pt-pt\/produit\/100-rodelas-douradas-grossas-o32-cm\/","og_locale":"pt_PT","og_type":"article","og_title":"Cart\u00e3o dourado redondo de espessura \u00f832 cm por 100","og_description":"Ouro redondo \u00d832 cm em cart\u00e3o espesso, biodegrad\u00e1vel e revestido a pl\u00e1stico. Ideal para pasteleiros, padeiros e catering para real\u00e7ar bolos e sobremesas.","og_url":"https:\/\/www.csj-emballages.com\/pt-pt\/produit\/100-rodelas-douradas-grossas-o32-cm\/","og_site_name":"CSJ Emballages","article_publisher":"https:\/\/www.facebook.com\/csjemballages","article_modified_time":"2026-04-18T00:16:14+00:00","og_image":[{"width":800,"height":800,"url":"https:\/\/www.csj-emballages.com\/wp-content\/uploads\/2024\/03\/Rond-or.webp","type":"image\/webp"}],"twitter_card":"summary_large_image","twitter_misc":{"Tempo estimado de leitura":"2 minutos"},"schema":{"@context":"https:\/\/schema.org","@graph":[{"@type":"WebPage","@id":"https:\/\/www.csj-emballages.com\/pt-pt\/produit\/100-rodelas-douradas-grossas-o32-cm\/","url":"https:\/\/www.csj-emballages.com\/pt-pt\/produit\/100-rodelas-douradas-grossas-o32-cm\/","name":"Ouro redondo Cart\u00e3o grosso \u00f832 cm por 100","isPartOf":{"@id":"https:\/\/www.csj-emballages.com\/pt-pt\/#website"},"datePublished":"2024-03-01T15:50:12+00:00","dateModified":"2026-04-18T00:16:14+00:00","description":"Ouro redondo \u00d832 cm em cart\u00e3o espesso, biodegrad\u00e1vel e revestido a pl\u00e1stico. Ideal para pasteleiros, padeiros e catering para real\u00e7ar bolos e sobremesas.","breadcrumb":{"@id":"https:\/\/www.csj-emballages.com\/pt-pt\/produit\/100-rodelas-douradas-grossas-o32-cm\/#breadcrumb"},"inLanguage":"pt-PT","potentialAction":[{"@type":"ReadAction","target":["https:\/\/www.csj-emballages.com\/pt-pt\/produit\/100-rodelas-douradas-grossas-o32-cm\/"]}]},{"@type":"BreadcrumbList","@id":"https:\/\/www.csj-emballages.com\/pt-pt\/produit\/100-rodelas-douradas-grossas-o32-cm\/#breadcrumb","itemListElement":[{"@type":"ListItem","position":1,"name":"Acolhimento","item":"https:\/\/www.csj-emballages.com\/pt-pt\/universo-das-embalagens-alimentares\/"},{"@type":"ListItem","position":2,"name":"Shop","item":"https:\/\/www.csj-emballages.com\/shop\/"},{"@type":"ListItem","position":3,"name":"Cart\u00e3o dourado redondo de espessura \u00f832 cm por 100"}]},{"@type":"WebSite","@id":"https:\/\/www.csj-emballages.com\/pt-pt\/#website","url":"https:\/\/www.csj-emballages.com\/pt-pt\/","name":"CSJ Emballages","description":"","publisher":{"@id":"https:\/\/www.csj-emballages.com\/pt-pt\/#organization"},"potentialAction":[{"@type":"SearchAction","target":{"@type":"EntryPoint","urlTemplate":"https:\/\/www.csj-emballages.com\/pt-pt\/?s={search_term_string}"},"query-input":{"@type":"PropertyValueSpecification","valueRequired":true,"valueName":"search_term_string"}}],"inLanguage":"pt-PT"},{"@type":"Organization","@id":"https:\/\/www.csj-emballages.com\/pt-pt\/#Organization\/","name":"CSJ Emballages","url":"https:\/\/www.csj-emballages.com\/pt-pt\/","logo":{"@type":"ImageObject","inLanguage":"pt-PT","@id":"https:\/\/www.csj-emballages.com\/pt-pt\/#\/schema\/logo\/image\/","url":"https:\/\/www.csj-emballages.com\/wp-content\/uploads\/2023\/10\/logo_csj.webp","contentUrl":"https:\/\/www.csj-emballages.com\/wp-content\/uploads\/2023\/10\/logo_csj.webp","width":250,"height":95,"caption":"CSJ Emballages"},"image":{"@id":"https:\/\/www.csj-emballages.com\/pt-pt\/#\/schema\/logo\/image\/"},"sameAs":["https:\/\/www.facebook.com\/csjemballages"],"address":{"@type":"PostalAddress","streetAddress":"ZI La Lechere","addressLocality":"Patornay","postalCode":"39130","addressCountry":"FR"},"contactPoint":[{"@type":"ContactPoint","contactType":"Service client","telephone":"0384254272","email":"contact@csj-emballages.com"}]}]}},"df_price":29.51,"df_sale_price":"","df_regular_price":29.51,"df_image_link":"https:\/\/www.csj-emballages.com\/wp-content\/uploads\/woocommerce-placeholder-300x300.png","tiered_pricing_type":"fixed","tiered_pricing_fixed_rules":[],"tiered_pricing_percentage_rules":[],"tiered_pricing_minimum":1,"tiered_pricing_roles_data":[],"_links":{"self":[{"href":"https:\/\/www.csj-emballages.com\/pt-pt\/wp-json\/wp\/v2\/product\/23019","targetHints":{"allow":["GET"]}}],"collection":[{"href":"https:\/\/www.csj-emballages.com\/pt-pt\/wp-json\/wp\/v2\/product"}],"about":[{"href":"https:\/\/www.csj-emballages.com\/pt-pt\/wp-json\/wp\/v2\/types\/product"}],"wp:attachment":[{"href":"https:\/\/www.csj-emballages.com\/pt-pt\/wp-json\/wp\/v2\/media?parent=23019"}],"wp:term":[{"taxonomy":"product_brand","embeddable":true,"href":"https:\/\/www.csj-emballages.com\/pt-pt\/wp-json\/wp\/v2\/product_brand?post=23019"},{"taxonomy":"product_cat","embeddable":true,"href":"https:\/\/www.csj-emballages.com\/pt-pt\/wp-json\/wp\/v2\/product_cat?post=23019"},{"taxonomy":"product_tag","embeddable":true,"href":"https:\/\/www.csj-emballages.com\/pt-pt\/wp-json\/wp\/v2\/product_tag?post=23019"}],"curies":[{"name":"wp","href":"https:\/\/api.w.org\/{rel}","templated":true}]}}