{"id":230180,"date":"2025-04-09T09:24:09","date_gmt":"2025-04-09T07:24:09","guid":{"rendered":"https:\/\/www.csj-emballages.com\/produit\/3-4-de-lata-de-ananas-inteiro-em-conserva\/"},"modified":"2026-03-12T16:01:52","modified_gmt":"2026-03-12T15:01:52","slug":"3-4-de-lata-de-ananas-inteiro-em-conserva","status":"publish","type":"product","link":"https:\/\/www.csj-emballages.com\/pt-pt\/produit\/3-4-de-lata-de-ananas-inteiro-em-conserva\/","title":{"rendered":"Anan\u00e1s em fatias inteiras conservado em lata 3\/4"},"content":{"rendered":"<h2>Anan\u00e1s em fatias<\/h2>\n<hr>\n<h3>Descubra o nosso anan\u00e1s em fatias inteiras conservado em lata 3\/4<\/h3>\n<p><!--more--><\/p>\n<p data-start=\"241\" data-end=\"693\">Pr\u00e1ticas, saborosas e sempre prontas a usar, esta <strong>lata<\/strong> <strong>de anan\u00e1s em<\/strong> <strong data-start=\"299\" data-end=\"353\">fatias inteiras conservadas em lata 3\/4<\/strong> s\u00e3o ideais para poupar tempo sem comprometer o sabor. De facto, assim que abre, encontra <strong>rodelas regulares<\/strong>, bem formadas e banhadas num sumo leve que conserva todo o frescor da fruta. A sua textura permanece agrad\u00e1vel, nem muito firme nem muito derretida, o que as torna f\u00e1ceis de usar em muitas prepara\u00e7\u00f5es.  <\/p>\n<p data-start=\"695\" data-end=\"1042\">Gra\u00e7as ao seu formato em <strong>fatias inteiras<\/strong>, s\u00e3o muito f\u00e1ceis de trabalhar. Pode coloc\u00e1-las diretamente numa pizza havaiana, integr\u00e1-las numa sobremesa, carameliz\u00e1-las ou servi-las como acompanhamento. Da mesma forma, o seu sabor doce e ligeiramente \u00e1cido traz um verdadeiro toque ex\u00f3tico, sem ser demasiado doce.  <\/p>\n<p data-start=\"1044\" data-end=\"1456\">A <strong data-start=\"1047\" data-end=\"1060\">lata 3\/4<\/strong> \u00e9 particularmente adequada para uso profissional. Permite servir v\u00e1rias por\u00e7\u00f5es, limitando o desperd\u00edcio. \u00c9, portanto, uma escolha inteligente para restaurantes, snack-bares, empresas de catering ou cozinhas coletivas que procuram um produto fi\u00e1vel e constante durante todo o ano. De facto, a embalagem em conserva garante uma longa dura\u00e7\u00e3o de conserva\u00e7\u00e3o, o que facilita a gest\u00e3o de stocks.   <\/p>\n<p data-start=\"1458\" data-end=\"1719\">Em resumo, estas <strong>fatias de anan\u00e1s<\/strong> s\u00e3o uma solu\u00e7\u00e3o simples e eficaz para adicionar fruta \u00e0s suas receitas, sem prepara\u00e7\u00e3o fastidiosa. Oferecem um bom equil\u00edbrio entre praticidade, regularidade e prazer gustativo, seja para pratos doces ou salgados. <\/p>\n<p><!--more--><\/p>\n<div style=\"font-family: Roboto, sans-serif;\">\n<div style=\"font-family: Roboto, sans-serif;\">\n<div style=\"font-family: Roboto, sans-serif;\">\n<div style=\"font-family: Roboto, sans-serif;\">\n<div style=\"font-family: Roboto, sans-serif;\">\n<div style=\"font-family: Roboto, sans-serif;\">\n<p style=\"text-align: left;\"><strong>Vantagens :<\/strong><\/p>\n<ul>\n<li data-start=\"1748\" data-end=\"1799\"><strong>Fatias inteiras<\/strong> regulares e prontas a usar.<\/li>\n<li data-start=\"1802\" data-end=\"1826\">Sabor doce e equilibrado.<\/li>\n<li data-start=\"1829\" data-end=\"1868\">Textura agrad\u00e1vel, f\u00e1cil de trabalhar.<\/li>\n<li data-start=\"1871\" data-end=\"1909\"><strong>Formato 3\/4<\/strong> adequado para profissionais.<\/li>\n<li data-start=\"1912\" data-end=\"1945\">Longa conserva\u00e7\u00e3o em conserva.<\/li>\n<\/ul>\n<\/div>\n<div style=\"font-family: Roboto, sans-serif;\"><\/div>\n<\/div>\n<\/div>\n<\/div>\n<\/div>\n<\/div>\n<p><!--more--><\/p>\n<div style=\"font-family: Roboto, sans-serif;\">\n<div style=\"font-family: Roboto, sans-serif;\">\n<div style=\"font-family: Roboto, sans-serif;\">\n<h4>Outras informa\u00e7\u00f5es :<\/h4>\n<ul>\n<li><strong>Embalagem<\/strong>: Caixa de 3\/4<\/li>\n<li><strong>Dimens\u00f5es<\/strong>: 85 x 115 (\u00d8 x h em mm)<\/li>\n<li><strong>Capacidade<\/strong>: 580 ml<\/li>\n<li><strong>Peso l\u00edquido escorrido<\/strong>: 340 g<\/li>\n<li><strong>Tipo<\/strong>: Fatia inteira em conserva<\/li>\n<\/ul>\n<\/div>\n<\/div>\n<\/div>\n<p>&nbsp;<\/p>\n<p><!--more--><\/p>\n<p>Clique aqui para ver o tamanho seguinte para este produto: <span style=\"color: #d12727;\"><a style=\"color: #d12727;\" href=\"https:\/\/www.csj-emballages.com\/produit\/12-boites-4-4-de-12-tranches-entieres-dananas-preservees\/\">Caixa 4\/4<\/a><\/span><\/p>\n<p>&nbsp;<\/p>\n<div style=\"font-family: Roboto, sans-serif;\">\n<div style=\"font-family: Roboto, sans-serif;\">\n<div style=\"font-family: Roboto, sans-serif;\">\n<p><!--more--><\/p>\n<p><a href=\"https:\/\/www.csj-emballages.com\/pt-pt\/categorie-produit\/alimentacao-pt-pt\/alimentacao\/frutos-secos-e-frutos-em-calda\/ananas-pt-pt\/\">Consulte o resto da nossa gama de anan\u00e1s em calda<\/a><\/p>\n<\/div>\n<\/div>\n<\/div>\n","protected":false},"excerpt":{"rendered":"<p>Anan\u00e1s em fatias Descubra o nosso anan\u00e1s em fatias inteiras conservado em lata 3\/4<\/p>\n","protected":false},"featured_media":260850,"template":"","meta":{"_acf_changed":false},"product_brand":[],"product_cat":[1141,1151,1184,1197,5898],"product_tag":[],"class_list":{"0":"post-230180","1":"product","2":"type-product","3":"status-publish","4":"has-post-thumbnail","6":"product_cat-embalagem-de-alimentos","7":"product_cat-alimentacao-pt-pt","8":"product_cat-alimentacao","9":"product_cat-frutos-secos-e-frutos-em-calda","10":"product_cat-ananas-pt-pt","12":"first","13":"instock","14":"taxable","15":"shipping-taxable","16":"purchasable","17":"product-type-simple"},"acf":[],"yoast_head":"<!-- This site is optimized with the Yoast SEO Premium plugin v26.6 (Yoast SEO v26.6) - https:\/\/yoast.com\/wordpress\/plugins\/seo\/ -->\n<title>Anan\u00e1s em Fatias Inteiras Conservado em Lata 3\/4<\/title>\n<meta name=\"description\" content=\"Anan\u00e1s em fatias inteiras conservado em lata 3\/4. Prontas a usar, regulares e saborosas, ideais para sobremesas, pizzas e receitas profissionais.\" \/>\n<meta name=\"robots\" content=\"index, follow, max-snippet:-1, max-image-preview:large, max-video-preview:-1\" \/>\n<link rel=\"canonical\" href=\"https:\/\/www.csj-emballages.com\/pt-pt\/produit\/3-4-de-lata-de-ananas-inteiro-em-conserva\/\" \/>\n<meta property=\"og:locale\" content=\"pt_PT\" \/>\n<meta property=\"og:type\" content=\"article\" \/>\n<meta property=\"og:title\" content=\"Anan\u00e1s em fatias inteiras conservado em lata 3\/4\" \/>\n<meta property=\"og:description\" content=\"Anan\u00e1s em fatias inteiras conservado em lata 3\/4. Prontas a usar, regulares e saborosas, ideais para sobremesas, pizzas e receitas profissionais.\" \/>\n<meta property=\"og:url\" content=\"https:\/\/www.csj-emballages.com\/pt-pt\/produit\/3-4-de-lata-de-ananas-inteiro-em-conserva\/\" \/>\n<meta property=\"og:site_name\" content=\"CSJ Emballages\" \/>\n<meta property=\"article:publisher\" content=\"https:\/\/www.facebook.com\/csjemballages\" \/>\n<meta property=\"article:modified_time\" content=\"2026-03-12T15:01:52+00:00\" \/>\n<meta property=\"og:image\" content=\"https:\/\/www.csj-emballages.com\/wp-content\/uploads\/2025\/04\/100095-1.webp\" \/>\n\t<meta property=\"og:image:width\" content=\"800\" \/>\n\t<meta property=\"og:image:height\" content=\"800\" \/>\n\t<meta property=\"og:image:type\" content=\"image\/webp\" \/>\n<meta name=\"twitter:card\" content=\"summary_large_image\" \/>\n<meta name=\"twitter:label1\" content=\"Tempo estimado de leitura\" \/>\n\t<meta name=\"twitter:data1\" content=\"2 minutos\" \/>\n<script type=\"application\/ld+json\" class=\"yoast-schema-graph\">{\"@context\":\"https:\/\/schema.org\",\"@graph\":[{\"@type\":\"WebPage\",\"@id\":\"https:\/\/www.csj-emballages.com\/pt-pt\/produit\/3-4-de-lata-de-ananas-inteiro-em-conserva\/\",\"url\":\"https:\/\/www.csj-emballages.com\/pt-pt\/produit\/3-4-de-lata-de-ananas-inteiro-em-conserva\/\",\"name\":\"Anan\u00e1s em Fatias Inteiras Conservado em Lata 3\/4\",\"isPartOf\":{\"@id\":\"https:\/\/www.csj-emballages.com\/pt-pt\/#website\"},\"primaryImageOfPage\":{\"@id\":\"https:\/\/www.csj-emballages.com\/pt-pt\/produit\/3-4-de-lata-de-ananas-inteiro-em-conserva\/#primaryimage\"},\"image\":{\"@id\":\"https:\/\/www.csj-emballages.com\/pt-pt\/produit\/3-4-de-lata-de-ananas-inteiro-em-conserva\/#primaryimage\"},\"thumbnailUrl\":\"https:\/\/www.csj-emballages.com\/wp-content\/uploads\/2025\/04\/100095-2.webp\",\"datePublished\":\"2025-04-09T07:24:09+00:00\",\"dateModified\":\"2026-03-12T15:01:52+00:00\",\"description\":\"Anan\u00e1s em fatias inteiras conservado em lata 3\/4. Prontas a usar, regulares e saborosas, ideais para sobremesas, pizzas e receitas profissionais.\",\"breadcrumb\":{\"@id\":\"https:\/\/www.csj-emballages.com\/pt-pt\/produit\/3-4-de-lata-de-ananas-inteiro-em-conserva\/#breadcrumb\"},\"inLanguage\":\"pt-PT\",\"potentialAction\":[{\"@type\":\"ReadAction\",\"target\":[\"https:\/\/www.csj-emballages.com\/pt-pt\/produit\/3-4-de-lata-de-ananas-inteiro-em-conserva\/\"]}]},{\"@type\":\"ImageObject\",\"inLanguage\":\"pt-PT\",\"@id\":\"https:\/\/www.csj-emballages.com\/pt-pt\/produit\/3-4-de-lata-de-ananas-inteiro-em-conserva\/#primaryimage\",\"url\":\"https:\/\/www.csj-emballages.com\/wp-content\/uploads\/2025\/04\/100095-2.webp\",\"contentUrl\":\"https:\/\/www.csj-emballages.com\/wp-content\/uploads\/2025\/04\/100095-2.webp\",\"width\":800,\"height\":800,\"caption\":\"Ananas en tranches\"},{\"@type\":\"BreadcrumbList\",\"@id\":\"https:\/\/www.csj-emballages.com\/pt-pt\/produit\/3-4-de-lata-de-ananas-inteiro-em-conserva\/#breadcrumb\",\"itemListElement\":[{\"@type\":\"ListItem\",\"position\":1,\"name\":\"Acolhimento\",\"item\":\"https:\/\/www.csj-emballages.com\/pt-pt\/universo-das-embalagens-alimentares\/\"},{\"@type\":\"ListItem\",\"position\":2,\"name\":\"Shop\",\"item\":\"https:\/\/www.csj-emballages.com\/shop\/\"},{\"@type\":\"ListItem\",\"position\":3,\"name\":\"Anan\u00e1s em fatias inteiras conservado em lata 3\/4\"}]},{\"@type\":\"WebSite\",\"@id\":\"https:\/\/www.csj-emballages.com\/pt-pt\/#website\",\"url\":\"https:\/\/www.csj-emballages.com\/pt-pt\/\",\"name\":\"CSJ Emballages\",\"description\":\"\",\"publisher\":{\"@id\":\"https:\/\/www.csj-emballages.com\/pt-pt\/#organization\"},\"potentialAction\":[{\"@type\":\"SearchAction\",\"target\":{\"@type\":\"EntryPoint\",\"urlTemplate\":\"https:\/\/www.csj-emballages.com\/pt-pt\/?s={search_term_string}\"},\"query-input\":{\"@type\":\"PropertyValueSpecification\",\"valueRequired\":true,\"valueName\":\"search_term_string\"}}],\"inLanguage\":\"pt-PT\"},{\"@type\":\"Organization\",\"@id\":\"https:\/\/www.csj-emballages.com\/pt-pt\/#Organization\/\",\"name\":\"CSJ Emballages\",\"url\":\"https:\/\/www.csj-emballages.com\/pt-pt\/\",\"logo\":{\"@type\":\"ImageObject\",\"inLanguage\":\"pt-PT\",\"@id\":\"https:\/\/www.csj-emballages.com\/pt-pt\/#\/schema\/logo\/image\/\",\"url\":\"https:\/\/www.csj-emballages.com\/wp-content\/uploads\/2023\/10\/logo_csj.webp\",\"contentUrl\":\"https:\/\/www.csj-emballages.com\/wp-content\/uploads\/2023\/10\/logo_csj.webp\",\"width\":250,\"height\":95,\"caption\":\"CSJ Emballages\"},\"image\":{\"@id\":\"https:\/\/www.csj-emballages.com\/pt-pt\/#\/schema\/logo\/image\/\"},\"sameAs\":[\"https:\/\/www.facebook.com\/csjemballages\"],\"address\":{\"@type\":\"PostalAddress\",\"streetAddress\":\"ZI La Lechere\",\"addressLocality\":\"Patornay\",\"postalCode\":\"39130\",\"addressCountry\":\"FR\"},\"contactPoint\":[{\"@type\":\"ContactPoint\",\"contactType\":\"Service client\",\"telephone\":\"0384254272\",\"email\":\"contact@csj-emballages.com\"}]}]}<\/script>\n<!-- \/ Yoast SEO Premium plugin. -->","yoast_head_json":{"title":"Anan\u00e1s em Fatias Inteiras Conservado em Lata 3\/4","description":"Anan\u00e1s em fatias inteiras conservado em lata 3\/4. Prontas a usar, regulares e saborosas, ideais para sobremesas, pizzas e receitas profissionais.","robots":{"index":"index","follow":"follow","max-snippet":"max-snippet:-1","max-image-preview":"max-image-preview:large","max-video-preview":"max-video-preview:-1"},"canonical":"https:\/\/www.csj-emballages.com\/pt-pt\/produit\/3-4-de-lata-de-ananas-inteiro-em-conserva\/","og_locale":"pt_PT","og_type":"article","og_title":"Anan\u00e1s em fatias inteiras conservado em lata 3\/4","og_description":"Anan\u00e1s em fatias inteiras conservado em lata 3\/4. Prontas a usar, regulares e saborosas, ideais para sobremesas, pizzas e receitas profissionais.","og_url":"https:\/\/www.csj-emballages.com\/pt-pt\/produit\/3-4-de-lata-de-ananas-inteiro-em-conserva\/","og_site_name":"CSJ Emballages","article_publisher":"https:\/\/www.facebook.com\/csjemballages","article_modified_time":"2026-03-12T15:01:52+00:00","og_image":[{"width":800,"height":800,"url":"https:\/\/www.csj-emballages.com\/wp-content\/uploads\/2025\/04\/100095-1.webp","type":"image\/webp"}],"twitter_card":"summary_large_image","twitter_misc":{"Tempo estimado de leitura":"2 minutos"},"schema":{"@context":"https:\/\/schema.org","@graph":[{"@type":"WebPage","@id":"https:\/\/www.csj-emballages.com\/pt-pt\/produit\/3-4-de-lata-de-ananas-inteiro-em-conserva\/","url":"https:\/\/www.csj-emballages.com\/pt-pt\/produit\/3-4-de-lata-de-ananas-inteiro-em-conserva\/","name":"Anan\u00e1s em Fatias Inteiras Conservado em Lata 3\/4","isPartOf":{"@id":"https:\/\/www.csj-emballages.com\/pt-pt\/#website"},"primaryImageOfPage":{"@id":"https:\/\/www.csj-emballages.com\/pt-pt\/produit\/3-4-de-lata-de-ananas-inteiro-em-conserva\/#primaryimage"},"image":{"@id":"https:\/\/www.csj-emballages.com\/pt-pt\/produit\/3-4-de-lata-de-ananas-inteiro-em-conserva\/#primaryimage"},"thumbnailUrl":"https:\/\/www.csj-emballages.com\/wp-content\/uploads\/2025\/04\/100095-2.webp","datePublished":"2025-04-09T07:24:09+00:00","dateModified":"2026-03-12T15:01:52+00:00","description":"Anan\u00e1s em fatias inteiras conservado em lata 3\/4. Prontas a usar, regulares e saborosas, ideais para sobremesas, pizzas e receitas profissionais.","breadcrumb":{"@id":"https:\/\/www.csj-emballages.com\/pt-pt\/produit\/3-4-de-lata-de-ananas-inteiro-em-conserva\/#breadcrumb"},"inLanguage":"pt-PT","potentialAction":[{"@type":"ReadAction","target":["https:\/\/www.csj-emballages.com\/pt-pt\/produit\/3-4-de-lata-de-ananas-inteiro-em-conserva\/"]}]},{"@type":"ImageObject","inLanguage":"pt-PT","@id":"https:\/\/www.csj-emballages.com\/pt-pt\/produit\/3-4-de-lata-de-ananas-inteiro-em-conserva\/#primaryimage","url":"https:\/\/www.csj-emballages.com\/wp-content\/uploads\/2025\/04\/100095-2.webp","contentUrl":"https:\/\/www.csj-emballages.com\/wp-content\/uploads\/2025\/04\/100095-2.webp","width":800,"height":800,"caption":"Ananas en tranches"},{"@type":"BreadcrumbList","@id":"https:\/\/www.csj-emballages.com\/pt-pt\/produit\/3-4-de-lata-de-ananas-inteiro-em-conserva\/#breadcrumb","itemListElement":[{"@type":"ListItem","position":1,"name":"Acolhimento","item":"https:\/\/www.csj-emballages.com\/pt-pt\/universo-das-embalagens-alimentares\/"},{"@type":"ListItem","position":2,"name":"Shop","item":"https:\/\/www.csj-emballages.com\/shop\/"},{"@type":"ListItem","position":3,"name":"Anan\u00e1s em fatias inteiras conservado em lata 3\/4"}]},{"@type":"WebSite","@id":"https:\/\/www.csj-emballages.com\/pt-pt\/#website","url":"https:\/\/www.csj-emballages.com\/pt-pt\/","name":"CSJ Emballages","description":"","publisher":{"@id":"https:\/\/www.csj-emballages.com\/pt-pt\/#organization"},"potentialAction":[{"@type":"SearchAction","target":{"@type":"EntryPoint","urlTemplate":"https:\/\/www.csj-emballages.com\/pt-pt\/?s={search_term_string}"},"query-input":{"@type":"PropertyValueSpecification","valueRequired":true,"valueName":"search_term_string"}}],"inLanguage":"pt-PT"},{"@type":"Organization","@id":"https:\/\/www.csj-emballages.com\/pt-pt\/#Organization\/","name":"CSJ Emballages","url":"https:\/\/www.csj-emballages.com\/pt-pt\/","logo":{"@type":"ImageObject","inLanguage":"pt-PT","@id":"https:\/\/www.csj-emballages.com\/pt-pt\/#\/schema\/logo\/image\/","url":"https:\/\/www.csj-emballages.com\/wp-content\/uploads\/2023\/10\/logo_csj.webp","contentUrl":"https:\/\/www.csj-emballages.com\/wp-content\/uploads\/2023\/10\/logo_csj.webp","width":250,"height":95,"caption":"CSJ Emballages"},"image":{"@id":"https:\/\/www.csj-emballages.com\/pt-pt\/#\/schema\/logo\/image\/"},"sameAs":["https:\/\/www.facebook.com\/csjemballages"],"address":{"@type":"PostalAddress","streetAddress":"ZI La Lechere","addressLocality":"Patornay","postalCode":"39130","addressCountry":"FR"},"contactPoint":[{"@type":"ContactPoint","contactType":"Service client","telephone":"0384254272","email":"contact@csj-emballages.com"}]}]}},"df_price":2.82,"df_sale_price":"","df_regular_price":2.82,"df_image_link":"https:\/\/www.csj-emballages.com\/wp-content\/uploads\/2025\/04\/100095-2-300x300.webp","tiered_pricing_type":"fixed","tiered_pricing_fixed_rules":[],"tiered_pricing_percentage_rules":[],"tiered_pricing_minimum":1,"tiered_pricing_roles_data":[],"_links":{"self":[{"href":"https:\/\/www.csj-emballages.com\/pt-pt\/wp-json\/wp\/v2\/product\/230180","targetHints":{"allow":["GET"]}}],"collection":[{"href":"https:\/\/www.csj-emballages.com\/pt-pt\/wp-json\/wp\/v2\/product"}],"about":[{"href":"https:\/\/www.csj-emballages.com\/pt-pt\/wp-json\/wp\/v2\/types\/product"}],"wp:featuredmedia":[{"embeddable":true,"href":"https:\/\/www.csj-emballages.com\/pt-pt\/wp-json\/wp\/v2\/media\/260850"}],"wp:attachment":[{"href":"https:\/\/www.csj-emballages.com\/pt-pt\/wp-json\/wp\/v2\/media?parent=230180"}],"wp:term":[{"taxonomy":"product_brand","embeddable":true,"href":"https:\/\/www.csj-emballages.com\/pt-pt\/wp-json\/wp\/v2\/product_brand?post=230180"},{"taxonomy":"product_cat","embeddable":true,"href":"https:\/\/www.csj-emballages.com\/pt-pt\/wp-json\/wp\/v2\/product_cat?post=230180"},{"taxonomy":"product_tag","embeddable":true,"href":"https:\/\/www.csj-emballages.com\/pt-pt\/wp-json\/wp\/v2\/product_tag?post=230180"}],"curies":[{"name":"wp","href":"https:\/\/api.w.org\/{rel}","templated":true}]}}