{"id":22968,"date":"2024-03-01T16:50:14","date_gmt":"2024-03-01T15:50:14","guid":{"rendered":"https:\/\/u15jnbdpoq.preview.infomaniak.website\/produit\/suporte-para-bolos-redondo-de-cartao-dourado-20-cm\/"},"modified":"2026-05-04T16:01:26","modified_gmt":"2026-05-04T14:01:26","slug":"suporte-para-bolos-redondo-de-cartao-dourado-20-cm","status":"publish","type":"product","link":"https:\/\/www.csj-emballages.com\/pt-pt\/produit\/suporte-para-bolos-redondo-de-cartao-dourado-20-cm\/","title":{"rendered":"Suporte para bolo redondo dourado em cart\u00e3o 20 cm"},"content":{"rendered":"<h2>Suporte para bolo redondo<\/h2>\n<hr>\n<h3>Descubra o nosso suporte para bolo redondo dourado em cart\u00e3o 20 cm<\/h3>\n<p><!--more--><\/p>\n<div class=\"flex flex-col text-sm pb-25\">\n<section class=\"text-token-text-primary w-full focus:outline-none [--shadow-height:45px] has-data-writing-block:pointer-events-none has-data-writing-block:-mt-(--shadow-height) has-data-writing-block:pt-(--shadow-height) [&amp;:has([data-writing-block])&gt;*]:pointer-events-auto scroll-mt-[calc(var(--header-height)+min(200px,max(70px,20svh)))]\" dir=\"auto\" data-turn-id=\"request-WEB:2f8f8990-5eb5-4184-86da-60fbedff0d66-15\" data-testid=\"conversation-turn-2\" data-scroll-anchor=\"true\" data-turn=\"assistant\">\n<div class=\"text-base my-auto mx-auto pb-10 [--thread-content-margin:var(--thread-content-margin-xs,calc(var(--spacing)*4))] @w-sm\/main:[--thread-content-margin:var(--thread-content-margin-sm,calc(var(--spacing)*6))] @w-lg\/main:[--thread-content-margin:var(--thread-content-margin-lg,calc(var(--spacing)*16))] px-(--thread-content-margin)\">\n<div class=\"[--thread-content-max-width:40rem] @w-lg\/main:[--thread-content-max-width:48rem] mx-auto max-w-(--thread-content-max-width) flex-1 group\/turn-messages focus-visible:outline-hidden relative flex w-full min-w-0 flex-col agent-turn\">\n<div class=\"flex max-w-full flex-col gap-4 grow\">\n<div class=\"min-h-8 text-message relative flex w-full flex-col items-end gap-2 text-start break-words whitespace-normal outline-none keyboard-focused:focus-ring [.text-message+&amp;]:mt-1\" dir=\"auto\" tabindex=\"0\" data-message-author-role=\"assistant\" data-message-id=\"0be06e28-6b3c-44b9-9ede-9ecdfb3a2c67\" data-message-model-slug=\"gpt-5-3\" data-turn-start-message=\"true\">\n<div class=\"flex w-full flex-col gap-1 empty:hidden\">\n<div class=\"markdown prose dark:prose-invert w-full wrap-break-word dark markdown-new-styling\">\n<div class=\"flex flex-col text-sm pb-25\">\n<section class=\"text-token-text-primary w-full focus:outline-none [--shadow-height:45px] has-data-writing-block:pointer-events-none has-data-writing-block:-mt-(--shadow-height) has-data-writing-block:pt-(--shadow-height) [&amp;:has([data-writing-block])&gt;*]:pointer-events-auto scroll-mt-[calc(var(--header-height)+min(200px,max(70px,20svh)))]\" dir=\"auto\" data-turn-id=\"request-WEB:2f8f8990-5eb5-4184-86da-60fbedff0d66-17\" data-testid=\"conversation-turn-6\" data-scroll-anchor=\"true\" data-turn=\"assistant\">\n<div class=\"text-base my-auto mx-auto pb-10 [--thread-content-margin:var(--thread-content-margin-xs,calc(var(--spacing)*4))] @w-sm\/main:[--thread-content-margin:var(--thread-content-margin-sm,calc(var(--spacing)*6))] @w-lg\/main:[--thread-content-margin:var(--thread-content-margin-lg,calc(var(--spacing)*16))] px-(--thread-content-margin)\">\n<div class=\"[--thread-content-max-width:40rem] @w-lg\/main:[--thread-content-max-width:48rem] mx-auto max-w-(--thread-content-max-width) flex-1 group\/turn-messages focus-visible:outline-hidden relative flex w-full min-w-0 flex-col agent-turn\">\n<div class=\"flex max-w-full flex-col gap-4 grow\">\n<div class=\"min-h-8 text-message relative flex w-full flex-col items-end gap-2 text-start break-words whitespace-normal outline-none keyboard-focused:focus-ring [.text-message+&amp;]:mt-1\" dir=\"auto\" tabindex=\"0\" data-message-author-role=\"assistant\" data-message-id=\"3473aab9-4046-4947-b538-99910e471d75\" data-message-model-slug=\"gpt-5-3\" data-turn-start-message=\"true\">\n<div class=\"flex w-full flex-col gap-1 empty:hidden\">\n<div class=\"markdown prose dark:prose-invert w-full wrap-break-word dark markdown-new-styling\">\n<p data-start=\"93\" data-end=\"429\">D\u00ea um verdadeiro toque de eleg\u00e2ncia \u00e0s suas cria\u00e7\u00f5es de pastelaria com este <strong>suporte para bolo redondo em cart\u00e3o dourado de 20 cm<\/strong>. Ideal para valorizar os seus bolos, entremets, tartes ou outras sobremesas caseiras, real\u00e7a perfeitamente as suas realiza\u00e7\u00f5es, garantindo uma excelente estabilidade, seja na vitrina ou durante o transporte. <\/p>\n<p data-start=\"431\" data-end=\"721\">O seu acabamento <strong>dourado<\/strong> brilhante oferece um aspeto chique e profissional que atrai imediatamente o olhar. Valoriza as suas pastelarias, conferindo-lhes um aspeto premium, perfeito para apresenta\u00e7\u00f5es cuidadas, eventos (anivers\u00e1rios, casamentos, rece\u00e7\u00f5es) ou para venda para fora. <\/p>\n<p data-start=\"723\" data-end=\"992\">Fabricado em <strong>cart\u00e3o r\u00edgido<\/strong> de qualidade, este suporte garante uma boa resist\u00eancia ao peso e \u00e0 humidade ligeira, evitando qualquer deforma\u00e7\u00e3o durante a utiliza\u00e7\u00e3o. Permite manusear facilmente as suas sobremesas sem risco de danificar a sua estrutura ou decora\u00e7\u00e3o. <\/p>\n<p data-start=\"994\" data-end=\"1191\">Gra\u00e7as ao seu formato <strong>standard de 20 cm<\/strong>, adapta-se \u00e0 maioria dos bolos e integra-se perfeitamente na sua organiza\u00e7\u00e3o, quer seja profissional de pastelaria ou um apaixonado em casa.<\/p>\n<p data-start=\"1193\" data-end=\"1365\" data-is-last-node=\"\" data-is-only-node=\"\">Pr\u00e1tico, est\u00e9tico e fi\u00e1vel, este <strong>suporte<\/strong> \u00e9 um indispens\u00e1vel no dia a dia.<\/p>\n<\/div>\n<\/div>\n<\/div>\n<\/div>\n<div class=\"z-0 flex min-h-[46px] justify-start\"><\/div>\n<div class=\"mt-3 w-full empty:hidden\">\n<div class=\"text-center\"><\/div>\n<\/div>\n<\/div>\n<\/div>\n<\/section>\n<\/div>\n<\/div>\n<\/div>\n<\/div>\n<\/div>\n<div class=\"mt-3 w-full empty:hidden\">\n<div class=\"text-center\"><\/div>\n<\/div>\n<\/div>\n<\/div>\n<\/section>\n<\/div>\n<p><!--more--><\/p>\n<h4 aria-hidden=\"true\" data-edge=\"true\">Vantagens :<\/h4>\n<div aria-hidden=\"true\" data-edge=\"true\">\n<ul>\n<li data-section-id=\"xzmr70\" data-start=\"88\" data-end=\"163\">Acabamento dourado para real\u00e7ar as suas sobremesas<\/li>\n<li data-section-id=\"1t4ntma\" data-start=\"164\" data-end=\"237\"><strong data-start=\"169\" data-end=\"186\">Cart\u00e3o r\u00edgido<\/strong>: boa sustenta\u00e7\u00e3o e resist\u00eancia ao peso dos bolos<\/li>\n<li data-section-id=\"cvqjir\" data-start=\"238\" data-end=\"324\"><strong>Formato pr\u00e1tico (20 cm)<\/strong>: ideal para entremets, tartes e bolos standard<\/li>\n<li data-section-id=\"152t6vd\" data-start=\"325\" data-end=\"398\">Garante a estabilidade durante o transporte<\/li>\n<li data-section-id=\"152t6vd\" data-start=\"325\" data-end=\"398\"><strong data-start=\"404\" data-end=\"418\">Polivalente<\/strong>: adequado tanto para profissionais como para particulares<\/li>\n<\/ul>\n<p>&nbsp;<\/p>\n<\/div>\n<p><!--more--><\/p>\n<h4>Outras informa\u00e7\u00f5es :<\/h4>\n<ul>\n<li><strong>Embalagem<\/strong>: Vendido individualmente<\/li>\n<li><strong>Material<\/strong>: Cart\u00e3o<\/li>\n<li><strong>Di\u00e2metro<\/strong>: 200 mm de di\u00e2metro<\/li>\n<\/ul>\n<p>&nbsp;<\/p>\n<p><!--more--><\/p>\n<p><a href=\"https:\/\/www.csj-emballages.com\/pt-pt\/categorie-produit\/embalagem-de-alimentos\/padaria-e-pastelaria\/suportes-para-bases-de-bolos\/bases-para-bolos-redondas\/suportes-para-bolos-dourados\/rodelas-de-bolo-douradas-a-lunite\/\">Consulte o resto da nossa gama de bases redondas douradas para bolos \u00e0 unidade<\/a><\/p>\n","protected":false},"excerpt":{"rendered":"<p>Suporte para bolo redondo Descubra o nosso suporte para bolo redondo dourado em cart\u00e3o 20 cm<\/p>\n","protected":false},"featured_media":276125,"template":"","meta":{"_acf_changed":false},"product_brand":[],"product_cat":[1141,1177,1914,3114,3264],"product_tag":[],"class_list":{"0":"post-22968","1":"product","2":"type-product","3":"status-publish","4":"has-post-thumbnail","6":"product_cat-embalagem-de-alimentos","7":"product_cat-padaria-e-pastelaria","8":"product_cat-suportes-para-bases-de-bolos","9":"product_cat-suportes-para-bolos-dourados","10":"product_cat-rodelas-de-bolo-douradas-a-lunite","12":"first","13":"instock","14":"taxable","15":"shipping-taxable","16":"purchasable","17":"product-type-simple"},"acf":[],"yoast_head":"<!-- This site is optimized with the Yoast SEO Premium plugin v26.6 (Yoast SEO v26.6) - https:\/\/yoast.com\/wordpress\/plugins\/seo\/ -->\n<title>Suporte para Bolo Redondo Dourado em Cart\u00e3o 20 cm<\/title>\n<meta name=\"description\" content=\"Suporte para bolo redondo em cart\u00e3o dourado 20 cm, ideal para apresentar e transportar as suas pastelarias com eleg\u00e2ncia. Robusto, pr\u00e1tico e est\u00e9tico.\" \/>\n<meta name=\"robots\" content=\"index, follow, max-snippet:-1, max-image-preview:large, max-video-preview:-1\" \/>\n<link rel=\"canonical\" href=\"https:\/\/www.csj-emballages.com\/pt-pt\/produit\/suporte-para-bolos-redondo-de-cartao-dourado-20-cm\/\" \/>\n<meta property=\"og:locale\" content=\"pt_PT\" \/>\n<meta property=\"og:type\" content=\"article\" \/>\n<meta property=\"og:title\" content=\"Suporte para bolo redondo dourado em cart\u00e3o 20 cm\" \/>\n<meta property=\"og:description\" content=\"Suporte para bolo redondo em cart\u00e3o dourado 20 cm, ideal para apresentar e transportar as suas pastelarias com eleg\u00e2ncia. Robusto, pr\u00e1tico e est\u00e9tico.\" \/>\n<meta property=\"og:url\" content=\"https:\/\/www.csj-emballages.com\/pt-pt\/produit\/suporte-para-bolos-redondo-de-cartao-dourado-20-cm\/\" \/>\n<meta property=\"og:site_name\" content=\"CSJ Emballages\" \/>\n<meta property=\"article:publisher\" content=\"https:\/\/www.facebook.com\/csjemballages\" \/>\n<meta property=\"article:modified_time\" content=\"2026-05-04T14:01:26+00:00\" \/>\n<meta property=\"og:image\" content=\"https:\/\/www.csj-emballages.com\/wp-content\/uploads\/2024\/03\/RONDOR.webp\" \/>\n\t<meta property=\"og:image:width\" content=\"800\" \/>\n\t<meta property=\"og:image:height\" content=\"800\" \/>\n\t<meta property=\"og:image:type\" content=\"image\/webp\" \/>\n<meta name=\"twitter:card\" content=\"summary_large_image\" \/>\n<meta name=\"twitter:label1\" content=\"Tempo estimado de leitura\" \/>\n\t<meta name=\"twitter:data1\" content=\"1 minuto\" \/>\n<script type=\"application\/ld+json\" class=\"yoast-schema-graph\">{\"@context\":\"https:\/\/schema.org\",\"@graph\":[{\"@type\":\"WebPage\",\"@id\":\"https:\/\/www.csj-emballages.com\/pt-pt\/produit\/suporte-para-bolos-redondo-de-cartao-dourado-20-cm\/\",\"url\":\"https:\/\/www.csj-emballages.com\/pt-pt\/produit\/suporte-para-bolos-redondo-de-cartao-dourado-20-cm\/\",\"name\":\"Suporte para Bolo Redondo Dourado em Cart\u00e3o 20 cm\",\"isPartOf\":{\"@id\":\"https:\/\/www.csj-emballages.com\/pt-pt\/#website\"},\"primaryImageOfPage\":{\"@id\":\"https:\/\/www.csj-emballages.com\/pt-pt\/produit\/suporte-para-bolos-redondo-de-cartao-dourado-20-cm\/#primaryimage\"},\"image\":{\"@id\":\"https:\/\/www.csj-emballages.com\/pt-pt\/produit\/suporte-para-bolos-redondo-de-cartao-dourado-20-cm\/#primaryimage\"},\"thumbnailUrl\":\"https:\/\/www.csj-emballages.com\/wp-content\/uploads\/2024\/03\/RONDOR.webp\",\"datePublished\":\"2024-03-01T15:50:14+00:00\",\"dateModified\":\"2026-05-04T14:01:26+00:00\",\"description\":\"Suporte para bolo redondo em cart\u00e3o dourado 20 cm, ideal para apresentar e transportar as suas pastelarias com eleg\u00e2ncia. Robusto, pr\u00e1tico e est\u00e9tico.\",\"breadcrumb\":{\"@id\":\"https:\/\/www.csj-emballages.com\/pt-pt\/produit\/suporte-para-bolos-redondo-de-cartao-dourado-20-cm\/#breadcrumb\"},\"inLanguage\":\"pt-PT\",\"potentialAction\":[{\"@type\":\"ReadAction\",\"target\":[\"https:\/\/www.csj-emballages.com\/pt-pt\/produit\/suporte-para-bolos-redondo-de-cartao-dourado-20-cm\/\"]}]},{\"@type\":\"ImageObject\",\"inLanguage\":\"pt-PT\",\"@id\":\"https:\/\/www.csj-emballages.com\/pt-pt\/produit\/suporte-para-bolos-redondo-de-cartao-dourado-20-cm\/#primaryimage\",\"url\":\"https:\/\/www.csj-emballages.com\/wp-content\/uploads\/2024\/03\/RONDOR.webp\",\"contentUrl\":\"https:\/\/www.csj-emballages.com\/wp-content\/uploads\/2024\/03\/RONDOR.webp\",\"width\":800,\"height\":800,\"caption\":\"Support g\u00e2teau rond\"},{\"@type\":\"BreadcrumbList\",\"@id\":\"https:\/\/www.csj-emballages.com\/pt-pt\/produit\/suporte-para-bolos-redondo-de-cartao-dourado-20-cm\/#breadcrumb\",\"itemListElement\":[{\"@type\":\"ListItem\",\"position\":1,\"name\":\"Acolhimento\",\"item\":\"https:\/\/www.csj-emballages.com\/pt-pt\/universo-das-embalagens-alimentares\/\"},{\"@type\":\"ListItem\",\"position\":2,\"name\":\"Shop\",\"item\":\"https:\/\/www.csj-emballages.com\/shop\/\"},{\"@type\":\"ListItem\",\"position\":3,\"name\":\"Suporte para bolo redondo dourado em cart\u00e3o 20 cm\"}]},{\"@type\":\"WebSite\",\"@id\":\"https:\/\/www.csj-emballages.com\/pt-pt\/#website\",\"url\":\"https:\/\/www.csj-emballages.com\/pt-pt\/\",\"name\":\"CSJ Emballages\",\"description\":\"\",\"publisher\":{\"@id\":\"https:\/\/www.csj-emballages.com\/pt-pt\/#organization\"},\"potentialAction\":[{\"@type\":\"SearchAction\",\"target\":{\"@type\":\"EntryPoint\",\"urlTemplate\":\"https:\/\/www.csj-emballages.com\/pt-pt\/?s={search_term_string}\"},\"query-input\":{\"@type\":\"PropertyValueSpecification\",\"valueRequired\":true,\"valueName\":\"search_term_string\"}}],\"inLanguage\":\"pt-PT\"},{\"@type\":\"Organization\",\"@id\":\"https:\/\/www.csj-emballages.com\/pt-pt\/#Organization\/\",\"name\":\"CSJ Emballages\",\"url\":\"https:\/\/www.csj-emballages.com\/pt-pt\/\",\"logo\":{\"@type\":\"ImageObject\",\"inLanguage\":\"pt-PT\",\"@id\":\"https:\/\/www.csj-emballages.com\/pt-pt\/#\/schema\/logo\/image\/\",\"url\":\"https:\/\/www.csj-emballages.com\/wp-content\/uploads\/2023\/10\/logo_csj.webp\",\"contentUrl\":\"https:\/\/www.csj-emballages.com\/wp-content\/uploads\/2023\/10\/logo_csj.webp\",\"width\":250,\"height\":95,\"caption\":\"CSJ Emballages\"},\"image\":{\"@id\":\"https:\/\/www.csj-emballages.com\/pt-pt\/#\/schema\/logo\/image\/\"},\"sameAs\":[\"https:\/\/www.facebook.com\/csjemballages\"],\"address\":{\"@type\":\"PostalAddress\",\"streetAddress\":\"ZI La Lechere\",\"addressLocality\":\"Patornay\",\"postalCode\":\"39130\",\"addressCountry\":\"FR\"},\"contactPoint\":[{\"@type\":\"ContactPoint\",\"contactType\":\"Service client\",\"telephone\":\"0384254272\",\"email\":\"contact@csj-emballages.com\"}]}]}<\/script>\n<!-- \/ Yoast SEO Premium plugin. -->","yoast_head_json":{"title":"Suporte para Bolo Redondo Dourado em Cart\u00e3o 20 cm","description":"Suporte para bolo redondo em cart\u00e3o dourado 20 cm, ideal para apresentar e transportar as suas pastelarias com eleg\u00e2ncia. Robusto, pr\u00e1tico e est\u00e9tico.","robots":{"index":"index","follow":"follow","max-snippet":"max-snippet:-1","max-image-preview":"max-image-preview:large","max-video-preview":"max-video-preview:-1"},"canonical":"https:\/\/www.csj-emballages.com\/pt-pt\/produit\/suporte-para-bolos-redondo-de-cartao-dourado-20-cm\/","og_locale":"pt_PT","og_type":"article","og_title":"Suporte para bolo redondo dourado em cart\u00e3o 20 cm","og_description":"Suporte para bolo redondo em cart\u00e3o dourado 20 cm, ideal para apresentar e transportar as suas pastelarias com eleg\u00e2ncia. Robusto, pr\u00e1tico e est\u00e9tico.","og_url":"https:\/\/www.csj-emballages.com\/pt-pt\/produit\/suporte-para-bolos-redondo-de-cartao-dourado-20-cm\/","og_site_name":"CSJ Emballages","article_publisher":"https:\/\/www.facebook.com\/csjemballages","article_modified_time":"2026-05-04T14:01:26+00:00","og_image":[{"width":800,"height":800,"url":"https:\/\/www.csj-emballages.com\/wp-content\/uploads\/2024\/03\/RONDOR.webp","type":"image\/webp"}],"twitter_card":"summary_large_image","twitter_misc":{"Tempo estimado de leitura":"1 minuto"},"schema":{"@context":"https:\/\/schema.org","@graph":[{"@type":"WebPage","@id":"https:\/\/www.csj-emballages.com\/pt-pt\/produit\/suporte-para-bolos-redondo-de-cartao-dourado-20-cm\/","url":"https:\/\/www.csj-emballages.com\/pt-pt\/produit\/suporte-para-bolos-redondo-de-cartao-dourado-20-cm\/","name":"Suporte para Bolo Redondo Dourado em Cart\u00e3o 20 cm","isPartOf":{"@id":"https:\/\/www.csj-emballages.com\/pt-pt\/#website"},"primaryImageOfPage":{"@id":"https:\/\/www.csj-emballages.com\/pt-pt\/produit\/suporte-para-bolos-redondo-de-cartao-dourado-20-cm\/#primaryimage"},"image":{"@id":"https:\/\/www.csj-emballages.com\/pt-pt\/produit\/suporte-para-bolos-redondo-de-cartao-dourado-20-cm\/#primaryimage"},"thumbnailUrl":"https:\/\/www.csj-emballages.com\/wp-content\/uploads\/2024\/03\/RONDOR.webp","datePublished":"2024-03-01T15:50:14+00:00","dateModified":"2026-05-04T14:01:26+00:00","description":"Suporte para bolo redondo em cart\u00e3o dourado 20 cm, ideal para apresentar e transportar as suas pastelarias com eleg\u00e2ncia. Robusto, pr\u00e1tico e est\u00e9tico.","breadcrumb":{"@id":"https:\/\/www.csj-emballages.com\/pt-pt\/produit\/suporte-para-bolos-redondo-de-cartao-dourado-20-cm\/#breadcrumb"},"inLanguage":"pt-PT","potentialAction":[{"@type":"ReadAction","target":["https:\/\/www.csj-emballages.com\/pt-pt\/produit\/suporte-para-bolos-redondo-de-cartao-dourado-20-cm\/"]}]},{"@type":"ImageObject","inLanguage":"pt-PT","@id":"https:\/\/www.csj-emballages.com\/pt-pt\/produit\/suporte-para-bolos-redondo-de-cartao-dourado-20-cm\/#primaryimage","url":"https:\/\/www.csj-emballages.com\/wp-content\/uploads\/2024\/03\/RONDOR.webp","contentUrl":"https:\/\/www.csj-emballages.com\/wp-content\/uploads\/2024\/03\/RONDOR.webp","width":800,"height":800,"caption":"Support g\u00e2teau rond"},{"@type":"BreadcrumbList","@id":"https:\/\/www.csj-emballages.com\/pt-pt\/produit\/suporte-para-bolos-redondo-de-cartao-dourado-20-cm\/#breadcrumb","itemListElement":[{"@type":"ListItem","position":1,"name":"Acolhimento","item":"https:\/\/www.csj-emballages.com\/pt-pt\/universo-das-embalagens-alimentares\/"},{"@type":"ListItem","position":2,"name":"Shop","item":"https:\/\/www.csj-emballages.com\/shop\/"},{"@type":"ListItem","position":3,"name":"Suporte para bolo redondo dourado em cart\u00e3o 20 cm"}]},{"@type":"WebSite","@id":"https:\/\/www.csj-emballages.com\/pt-pt\/#website","url":"https:\/\/www.csj-emballages.com\/pt-pt\/","name":"CSJ Emballages","description":"","publisher":{"@id":"https:\/\/www.csj-emballages.com\/pt-pt\/#organization"},"potentialAction":[{"@type":"SearchAction","target":{"@type":"EntryPoint","urlTemplate":"https:\/\/www.csj-emballages.com\/pt-pt\/?s={search_term_string}"},"query-input":{"@type":"PropertyValueSpecification","valueRequired":true,"valueName":"search_term_string"}}],"inLanguage":"pt-PT"},{"@type":"Organization","@id":"https:\/\/www.csj-emballages.com\/pt-pt\/#Organization\/","name":"CSJ Emballages","url":"https:\/\/www.csj-emballages.com\/pt-pt\/","logo":{"@type":"ImageObject","inLanguage":"pt-PT","@id":"https:\/\/www.csj-emballages.com\/pt-pt\/#\/schema\/logo\/image\/","url":"https:\/\/www.csj-emballages.com\/wp-content\/uploads\/2023\/10\/logo_csj.webp","contentUrl":"https:\/\/www.csj-emballages.com\/wp-content\/uploads\/2023\/10\/logo_csj.webp","width":250,"height":95,"caption":"CSJ Emballages"},"image":{"@id":"https:\/\/www.csj-emballages.com\/pt-pt\/#\/schema\/logo\/image\/"},"sameAs":["https:\/\/www.facebook.com\/csjemballages"],"address":{"@type":"PostalAddress","streetAddress":"ZI La Lechere","addressLocality":"Patornay","postalCode":"39130","addressCountry":"FR"},"contactPoint":[{"@type":"ContactPoint","contactType":"Service client","telephone":"0384254272","email":"contact@csj-emballages.com"}]}]}},"df_price":0.62,"df_sale_price":"","df_regular_price":0.62,"df_image_link":"https:\/\/www.csj-emballages.com\/wp-content\/uploads\/2024\/03\/RONDOR-300x300.webp","tiered_pricing_type":"fixed","tiered_pricing_fixed_rules":[],"tiered_pricing_percentage_rules":[],"tiered_pricing_minimum":1,"tiered_pricing_roles_data":[],"_links":{"self":[{"href":"https:\/\/www.csj-emballages.com\/pt-pt\/wp-json\/wp\/v2\/product\/22968","targetHints":{"allow":["GET"]}}],"collection":[{"href":"https:\/\/www.csj-emballages.com\/pt-pt\/wp-json\/wp\/v2\/product"}],"about":[{"href":"https:\/\/www.csj-emballages.com\/pt-pt\/wp-json\/wp\/v2\/types\/product"}],"wp:featuredmedia":[{"embeddable":true,"href":"https:\/\/www.csj-emballages.com\/pt-pt\/wp-json\/wp\/v2\/media\/276125"}],"wp:attachment":[{"href":"https:\/\/www.csj-emballages.com\/pt-pt\/wp-json\/wp\/v2\/media?parent=22968"}],"wp:term":[{"taxonomy":"product_brand","embeddable":true,"href":"https:\/\/www.csj-emballages.com\/pt-pt\/wp-json\/wp\/v2\/product_brand?post=22968"},{"taxonomy":"product_cat","embeddable":true,"href":"https:\/\/www.csj-emballages.com\/pt-pt\/wp-json\/wp\/v2\/product_cat?post=22968"},{"taxonomy":"product_tag","embeddable":true,"href":"https:\/\/www.csj-emballages.com\/pt-pt\/wp-json\/wp\/v2\/product_tag?post=22968"}],"curies":[{"name":"wp","href":"https:\/\/api.w.org\/{rel}","templated":true}]}}