{"id":22963,"date":"2024-03-01T16:50:14","date_gmt":"2024-03-01T15:50:14","guid":{"rendered":"https:\/\/u15jnbdpoq.preview.infomaniak.website\/produit\/200-palmilhas-rectangulares-com-tiras-douradas-pretas-45-x-13-cm\/"},"modified":"2026-04-25T02:15:07","modified_gmt":"2026-04-25T00:15:07","slug":"200-palmilhas-rectangulares-com-tiras-douradas-pretas-45-x-13-cm","status":"publish","type":"product","link":"https:\/\/www.csj-emballages.com\/pt-pt\/produit\/200-palmilhas-rectangulares-com-tiras-douradas-pretas-45-x-13-cm\/","title":{"rendered":"Base retangular com aba dourada\/preta 4.5 x 13 cm, pacote de 200"},"content":{"rendered":"<h2>Sola retangular<\/h2>\n<div style=\"text-align: center;\">\n<hr>\n<h3 style=\"text-align: left;\">Descri\u00e7\u00e3o da nossa base retangular com aba dourada\/preta 4.5 x 13 cm, pacote de 200<\/h3>\n<p style=\"text-align: left;\"><!--more--><\/p>\n<p style=\"text-align: left;\" data-start=\"211\" data-end=\"653\">D\u00ea um toque verdadeiramente chique \u00e0s suas sobremesas com a <strong data-start=\"272\" data-end=\"326\">base retangular com aba dourada\/preta 4.5 x 13 cm<\/strong>. Elegante e pr\u00e1tica, real\u00e7a instantaneamente as suas cria\u00e7\u00f5es. O seu <strong data-start=\"413\" data-end=\"435\">verso preto profundo<\/strong> e o seu <strong data-start=\"443\" data-end=\"466\">reverso dourado brilhante<\/strong> permitem variar as apresenta\u00e7\u00f5es conforme os seus desejos, temas ou esta\u00e7\u00f5es. Um simples detalhe que faz toda a diferen\u00e7a numa montra ou num servi\u00e7o de take-away.   <\/p>\n<p style=\"text-align: left;\" data-start=\"655\" data-end=\"1063\">Fabricada em <strong data-start=\"673\" data-end=\"701\">cart\u00e3o r\u00edgido de alta qualidade<\/strong>, esta base \u00e9 muito resistente ao peso e \u00e0 humidade. Mant\u00e9m os seus bolos est\u00e1veis, sem se dobrarem ou amolecerem. A <strong data-start=\"835\" data-end=\"855\">pequena aba<\/strong> \u00e9 muito pr\u00e1tica: facilita o manuseamento e o servi\u00e7o, sem correr o risco de danificar os seus bolos. \u00c9 o tipo de pormenor que os seus clientes v\u00e3o notar e que mostra que se preocupa com um trabalho bem feito.   <\/p>\n<p style=\"text-align: left;\" data-start=\"1065\" data-end=\"1390\"><strong data-start=\"1074\" data-end=\"1104\">Com 4,5 x 13 cm<\/strong>, esta base \u00e9 perfeita para fatias individuais: mini-sobremesas, fatias de tronco, tartes e outros doces. Embalada <strong data-start=\"1241\" data-end=\"1259\">em 200 unidades<\/strong>, \u00e9 perfeita para chefes de pastelaria, fornecedores de refei\u00e7\u00f5es e restauradores que pretendam uma base fi\u00e1vel, elegante e econ\u00f3mica. <\/p>\n<p style=\"text-align: left;\" data-start=\"1392\" data-end=\"1614\">Em suma, a <strong data-start=\"1401\" data-end=\"1442\">base retangular com aba dourada\/preta<\/strong> \u00e9 o toque extra que sublima as suas cria\u00e7\u00f5es e simplifica o seu dia a dia. Elegante, resistente e pr\u00e1tica, cumpre todos os requisitos do profissional exigente. <\/p>\n<\/div>\n<div style=\"text-align: center;\">\n<p>&nbsp;<\/p>\n<p style=\"text-align: left;\"><!--more--><\/p>\n<p style=\"text-align: left;\"><strong>Vantagens :<\/strong><\/p>\n<ul>\n<li style=\"text-align: left;\" data-start=\"444\" data-end=\"543\"><strong data-start=\"446\" data-end=\"473\">Eleg\u00e2ncia e requinte<\/strong>: Acabamento dourado\/preto para uma apresenta\u00e7\u00e3o premium dos seus produtos.<\/li>\n<li style=\"text-align: left;\" data-start=\"544\" data-end=\"611\"><strong data-start=\"546\" data-end=\"559\">Pr\u00e1tico<\/strong>: l\u00edngua integrada para facilitar o manuseamento.<\/li>\n<li style=\"text-align: left;\" data-start=\"612\" data-end=\"709\"><strong data-start=\"614\" data-end=\"628\">Robustez<\/strong>: Concebida para suportar os seus bolos e prepara\u00e7\u00f5es sem o risco de se dobrar.<\/li>\n<li style=\"text-align: left;\" data-start=\"710\" data-end=\"802\"><strong data-start=\"712\" data-end=\"727\">Versatilidade<\/strong>: Adequado para profissionais de padaria, pastelaria e restaura\u00e7\u00e3o.<\/li>\n<li style=\"text-align: left;\" data-start=\"803\" data-end=\"874\"><strong data-start=\"805\" data-end=\"835\">Embalagem econ\u00f3mica<\/strong>: 200 unidades para uma utiliza\u00e7\u00e3o \u00f3ptima.<\/li>\n<\/ul>\n<\/div>\n<p>&nbsp;<\/p>\n<p><!--more--><\/p>\n<h4>Outras informa\u00e7\u00f5es :<\/h4>\n<ul>\n<li><strong>Embalagem<\/strong>: Embalagem de 200<\/li>\n<li><strong>Dimens\u00f5es<\/strong>: 4,5 x 13 cm<\/li>\n<li><strong>Forma<\/strong>: Ret\u00e2ngulo<\/li>\n<li><strong>Peso<\/strong>: 1000 gr<\/li>\n<li><strong>Material<\/strong>: Cart\u00e3o<\/li>\n<li><strong>Cor<\/strong>: dourado \/ preto<\/li>\n<\/ul>\n<p>&nbsp;<\/p>\n<p><!--more--><\/p>\n<p>Tamb\u00e9m dispon\u00edvel em <span style=\"color: #d12727;\"><a style=\"color: #d12727;\" href=\"https:\/\/www.csj-emballages.com\/produit\/200-semelles-rectangles-languettes-or-noir-5-5-x-9-5-cm\/\">5,5 x 9,5 cm<\/a><\/span><\/p>\n<p>&nbsp;<\/p>\n<p><!--more--><\/p>\n<p><a href=\"https:\/\/www.csj-emballages.com\/pt-pt\/categorie-produit\/embalagem-de-alimentos\/padaria-e-pastelaria\/suportes-para-bases-de-bolos\/solas-com-lingua\/\">Ver o resto da nossa gama de palmilhas de l\u00edngua<\/a><\/p>\n","protected":false},"excerpt":{"rendered":"<p>Sola retangular Descri\u00e7\u00e3o da nossa base retangular com aba dourada\/preta 4.5 x 13 cm, pacote de 200<\/p>\n","protected":false},"featured_media":224891,"template":"","meta":{"_acf_changed":false},"product_brand":[],"product_cat":[1141,1177,1914,3269],"product_tag":[],"class_list":{"0":"post-22963","1":"product","2":"type-product","3":"status-publish","4":"has-post-thumbnail","6":"product_cat-embalagem-de-alimentos","7":"product_cat-padaria-e-pastelaria","8":"product_cat-suportes-para-bases-de-bolos","9":"product_cat-solas-com-lingua","11":"first","12":"instock","13":"taxable","14":"shipping-taxable","15":"purchasable","16":"product-type-simple"},"acf":[],"yoast_head":"<!-- This site is optimized with the Yoast SEO Premium plugin v26.6 (Yoast SEO v26.6) - https:\/\/yoast.com\/wordpress\/plugins\/seo\/ -->\n<title>Base Retangular com Aba Dourada\/Preta 4.5 x 13 cm, Pacote de 200<\/title>\n<meta name=\"description\" content=\"Realce as suas pastelarias com a base retangular com aba dourada\/preta 4.5 x 13 cm. Elegante e pr\u00e1tico, oferece um apoio est\u00e1vel e requintado.\" \/>\n<meta name=\"robots\" content=\"index, follow, max-snippet:-1, max-image-preview:large, max-video-preview:-1\" \/>\n<link rel=\"canonical\" href=\"https:\/\/www.csj-emballages.com\/pt-pt\/produit\/200-palmilhas-rectangulares-com-tiras-douradas-pretas-45-x-13-cm\/\" \/>\n<meta property=\"og:locale\" content=\"pt_PT\" \/>\n<meta property=\"og:type\" content=\"article\" \/>\n<meta property=\"og:title\" content=\"Base retangular com aba dourada\/preta 4.5 x 13 cm, pacote de 200\" \/>\n<meta property=\"og:description\" content=\"Realce as suas pastelarias com a base retangular com aba dourada\/preta 4.5 x 13 cm. Elegante e pr\u00e1tico, oferece um apoio est\u00e1vel e requintado.\" \/>\n<meta property=\"og:url\" content=\"https:\/\/www.csj-emballages.com\/pt-pt\/produit\/200-palmilhas-rectangulares-com-tiras-douradas-pretas-45-x-13-cm\/\" \/>\n<meta property=\"og:site_name\" content=\"CSJ Emballages\" \/>\n<meta property=\"article:publisher\" content=\"https:\/\/www.facebook.com\/csjemballages\" \/>\n<meta property=\"article:modified_time\" content=\"2026-04-25T00:15:07+00:00\" \/>\n<meta property=\"og:image\" content=\"https:\/\/www.csj-emballages.com\/wp-content\/uploads\/2024\/03\/Semelle-rectangle-45-x-13.webp\" \/>\n\t<meta property=\"og:image:width\" content=\"800\" \/>\n\t<meta property=\"og:image:height\" content=\"800\" \/>\n\t<meta property=\"og:image:type\" content=\"image\/webp\" \/>\n<meta name=\"twitter:card\" content=\"summary_large_image\" \/>\n<meta name=\"twitter:label1\" content=\"Tempo estimado de leitura\" \/>\n\t<meta name=\"twitter:data1\" content=\"2 minutos\" \/>\n<script type=\"application\/ld+json\" class=\"yoast-schema-graph\">{\"@context\":\"https:\/\/schema.org\",\"@graph\":[{\"@type\":\"WebPage\",\"@id\":\"https:\/\/www.csj-emballages.com\/pt-pt\/produit\/200-palmilhas-rectangulares-com-tiras-douradas-pretas-45-x-13-cm\/\",\"url\":\"https:\/\/www.csj-emballages.com\/pt-pt\/produit\/200-palmilhas-rectangulares-com-tiras-douradas-pretas-45-x-13-cm\/\",\"name\":\"Base Retangular com Aba Dourada\/Preta 4.5 x 13 cm, Pacote de 200\",\"isPartOf\":{\"@id\":\"https:\/\/www.csj-emballages.com\/pt-pt\/#website\"},\"primaryImageOfPage\":{\"@id\":\"https:\/\/www.csj-emballages.com\/pt-pt\/produit\/200-palmilhas-rectangulares-com-tiras-douradas-pretas-45-x-13-cm\/#primaryimage\"},\"image\":{\"@id\":\"https:\/\/www.csj-emballages.com\/pt-pt\/produit\/200-palmilhas-rectangulares-com-tiras-douradas-pretas-45-x-13-cm\/#primaryimage\"},\"thumbnailUrl\":\"https:\/\/www.csj-emballages.com\/wp-content\/uploads\/2024\/03\/Semelle-rectangle-45-x-13.webp\",\"datePublished\":\"2024-03-01T15:50:14+00:00\",\"dateModified\":\"2026-04-25T00:15:07+00:00\",\"description\":\"Realce as suas pastelarias com a base retangular com aba dourada\/preta 4.5 x 13 cm. Elegante e pr\u00e1tico, oferece um apoio est\u00e1vel e requintado.\",\"breadcrumb\":{\"@id\":\"https:\/\/www.csj-emballages.com\/pt-pt\/produit\/200-palmilhas-rectangulares-com-tiras-douradas-pretas-45-x-13-cm\/#breadcrumb\"},\"inLanguage\":\"pt-PT\",\"potentialAction\":[{\"@type\":\"ReadAction\",\"target\":[\"https:\/\/www.csj-emballages.com\/pt-pt\/produit\/200-palmilhas-rectangulares-com-tiras-douradas-pretas-45-x-13-cm\/\"]}]},{\"@type\":\"ImageObject\",\"inLanguage\":\"pt-PT\",\"@id\":\"https:\/\/www.csj-emballages.com\/pt-pt\/produit\/200-palmilhas-rectangulares-com-tiras-douradas-pretas-45-x-13-cm\/#primaryimage\",\"url\":\"https:\/\/www.csj-emballages.com\/wp-content\/uploads\/2024\/03\/Semelle-rectangle-45-x-13.webp\",\"contentUrl\":\"https:\/\/www.csj-emballages.com\/wp-content\/uploads\/2024\/03\/Semelle-rectangle-45-x-13.webp\",\"width\":800,\"height\":800,\"caption\":\"Semelle rectangle\"},{\"@type\":\"BreadcrumbList\",\"@id\":\"https:\/\/www.csj-emballages.com\/pt-pt\/produit\/200-palmilhas-rectangulares-com-tiras-douradas-pretas-45-x-13-cm\/#breadcrumb\",\"itemListElement\":[{\"@type\":\"ListItem\",\"position\":1,\"name\":\"Acolhimento\",\"item\":\"https:\/\/www.csj-emballages.com\/pt-pt\/universo-das-embalagens-alimentares\/\"},{\"@type\":\"ListItem\",\"position\":2,\"name\":\"Shop\",\"item\":\"https:\/\/www.csj-emballages.com\/shop\/\"},{\"@type\":\"ListItem\",\"position\":3,\"name\":\"Base retangular com aba dourada\/preta 4.5 x 13 cm, pacote de 200\"}]},{\"@type\":\"WebSite\",\"@id\":\"https:\/\/www.csj-emballages.com\/pt-pt\/#website\",\"url\":\"https:\/\/www.csj-emballages.com\/pt-pt\/\",\"name\":\"CSJ Emballages\",\"description\":\"\",\"publisher\":{\"@id\":\"https:\/\/www.csj-emballages.com\/pt-pt\/#organization\"},\"potentialAction\":[{\"@type\":\"SearchAction\",\"target\":{\"@type\":\"EntryPoint\",\"urlTemplate\":\"https:\/\/www.csj-emballages.com\/pt-pt\/?s={search_term_string}\"},\"query-input\":{\"@type\":\"PropertyValueSpecification\",\"valueRequired\":true,\"valueName\":\"search_term_string\"}}],\"inLanguage\":\"pt-PT\"},{\"@type\":\"Organization\",\"@id\":\"https:\/\/www.csj-emballages.com\/pt-pt\/#Organization\/\",\"name\":\"CSJ Emballages\",\"url\":\"https:\/\/www.csj-emballages.com\/pt-pt\/\",\"logo\":{\"@type\":\"ImageObject\",\"inLanguage\":\"pt-PT\",\"@id\":\"https:\/\/www.csj-emballages.com\/pt-pt\/#\/schema\/logo\/image\/\",\"url\":\"https:\/\/www.csj-emballages.com\/wp-content\/uploads\/2023\/10\/logo_csj.webp\",\"contentUrl\":\"https:\/\/www.csj-emballages.com\/wp-content\/uploads\/2023\/10\/logo_csj.webp\",\"width\":250,\"height\":95,\"caption\":\"CSJ Emballages\"},\"image\":{\"@id\":\"https:\/\/www.csj-emballages.com\/pt-pt\/#\/schema\/logo\/image\/\"},\"sameAs\":[\"https:\/\/www.facebook.com\/csjemballages\"],\"address\":{\"@type\":\"PostalAddress\",\"streetAddress\":\"ZI La Lechere\",\"addressLocality\":\"Patornay\",\"postalCode\":\"39130\",\"addressCountry\":\"FR\"},\"contactPoint\":[{\"@type\":\"ContactPoint\",\"contactType\":\"Service client\",\"telephone\":\"0384254272\",\"email\":\"contact@csj-emballages.com\"}]}]}<\/script>\n<!-- \/ Yoast SEO Premium plugin. -->","yoast_head_json":{"title":"Base Retangular com Aba Dourada\/Preta 4.5 x 13 cm, Pacote de 200","description":"Realce as suas pastelarias com a base retangular com aba dourada\/preta 4.5 x 13 cm. Elegante e pr\u00e1tico, oferece um apoio est\u00e1vel e requintado.","robots":{"index":"index","follow":"follow","max-snippet":"max-snippet:-1","max-image-preview":"max-image-preview:large","max-video-preview":"max-video-preview:-1"},"canonical":"https:\/\/www.csj-emballages.com\/pt-pt\/produit\/200-palmilhas-rectangulares-com-tiras-douradas-pretas-45-x-13-cm\/","og_locale":"pt_PT","og_type":"article","og_title":"Base retangular com aba dourada\/preta 4.5 x 13 cm, pacote de 200","og_description":"Realce as suas pastelarias com a base retangular com aba dourada\/preta 4.5 x 13 cm. Elegante e pr\u00e1tico, oferece um apoio est\u00e1vel e requintado.","og_url":"https:\/\/www.csj-emballages.com\/pt-pt\/produit\/200-palmilhas-rectangulares-com-tiras-douradas-pretas-45-x-13-cm\/","og_site_name":"CSJ Emballages","article_publisher":"https:\/\/www.facebook.com\/csjemballages","article_modified_time":"2026-04-25T00:15:07+00:00","og_image":[{"width":800,"height":800,"url":"https:\/\/www.csj-emballages.com\/wp-content\/uploads\/2024\/03\/Semelle-rectangle-45-x-13.webp","type":"image\/webp"}],"twitter_card":"summary_large_image","twitter_misc":{"Tempo estimado de leitura":"2 minutos"},"schema":{"@context":"https:\/\/schema.org","@graph":[{"@type":"WebPage","@id":"https:\/\/www.csj-emballages.com\/pt-pt\/produit\/200-palmilhas-rectangulares-com-tiras-douradas-pretas-45-x-13-cm\/","url":"https:\/\/www.csj-emballages.com\/pt-pt\/produit\/200-palmilhas-rectangulares-com-tiras-douradas-pretas-45-x-13-cm\/","name":"Base Retangular com Aba Dourada\/Preta 4.5 x 13 cm, Pacote de 200","isPartOf":{"@id":"https:\/\/www.csj-emballages.com\/pt-pt\/#website"},"primaryImageOfPage":{"@id":"https:\/\/www.csj-emballages.com\/pt-pt\/produit\/200-palmilhas-rectangulares-com-tiras-douradas-pretas-45-x-13-cm\/#primaryimage"},"image":{"@id":"https:\/\/www.csj-emballages.com\/pt-pt\/produit\/200-palmilhas-rectangulares-com-tiras-douradas-pretas-45-x-13-cm\/#primaryimage"},"thumbnailUrl":"https:\/\/www.csj-emballages.com\/wp-content\/uploads\/2024\/03\/Semelle-rectangle-45-x-13.webp","datePublished":"2024-03-01T15:50:14+00:00","dateModified":"2026-04-25T00:15:07+00:00","description":"Realce as suas pastelarias com a base retangular com aba dourada\/preta 4.5 x 13 cm. Elegante e pr\u00e1tico, oferece um apoio est\u00e1vel e requintado.","breadcrumb":{"@id":"https:\/\/www.csj-emballages.com\/pt-pt\/produit\/200-palmilhas-rectangulares-com-tiras-douradas-pretas-45-x-13-cm\/#breadcrumb"},"inLanguage":"pt-PT","potentialAction":[{"@type":"ReadAction","target":["https:\/\/www.csj-emballages.com\/pt-pt\/produit\/200-palmilhas-rectangulares-com-tiras-douradas-pretas-45-x-13-cm\/"]}]},{"@type":"ImageObject","inLanguage":"pt-PT","@id":"https:\/\/www.csj-emballages.com\/pt-pt\/produit\/200-palmilhas-rectangulares-com-tiras-douradas-pretas-45-x-13-cm\/#primaryimage","url":"https:\/\/www.csj-emballages.com\/wp-content\/uploads\/2024\/03\/Semelle-rectangle-45-x-13.webp","contentUrl":"https:\/\/www.csj-emballages.com\/wp-content\/uploads\/2024\/03\/Semelle-rectangle-45-x-13.webp","width":800,"height":800,"caption":"Semelle rectangle"},{"@type":"BreadcrumbList","@id":"https:\/\/www.csj-emballages.com\/pt-pt\/produit\/200-palmilhas-rectangulares-com-tiras-douradas-pretas-45-x-13-cm\/#breadcrumb","itemListElement":[{"@type":"ListItem","position":1,"name":"Acolhimento","item":"https:\/\/www.csj-emballages.com\/pt-pt\/universo-das-embalagens-alimentares\/"},{"@type":"ListItem","position":2,"name":"Shop","item":"https:\/\/www.csj-emballages.com\/shop\/"},{"@type":"ListItem","position":3,"name":"Base retangular com aba dourada\/preta 4.5 x 13 cm, pacote de 200"}]},{"@type":"WebSite","@id":"https:\/\/www.csj-emballages.com\/pt-pt\/#website","url":"https:\/\/www.csj-emballages.com\/pt-pt\/","name":"CSJ Emballages","description":"","publisher":{"@id":"https:\/\/www.csj-emballages.com\/pt-pt\/#organization"},"potentialAction":[{"@type":"SearchAction","target":{"@type":"EntryPoint","urlTemplate":"https:\/\/www.csj-emballages.com\/pt-pt\/?s={search_term_string}"},"query-input":{"@type":"PropertyValueSpecification","valueRequired":true,"valueName":"search_term_string"}}],"inLanguage":"pt-PT"},{"@type":"Organization","@id":"https:\/\/www.csj-emballages.com\/pt-pt\/#Organization\/","name":"CSJ Emballages","url":"https:\/\/www.csj-emballages.com\/pt-pt\/","logo":{"@type":"ImageObject","inLanguage":"pt-PT","@id":"https:\/\/www.csj-emballages.com\/pt-pt\/#\/schema\/logo\/image\/","url":"https:\/\/www.csj-emballages.com\/wp-content\/uploads\/2023\/10\/logo_csj.webp","contentUrl":"https:\/\/www.csj-emballages.com\/wp-content\/uploads\/2023\/10\/logo_csj.webp","width":250,"height":95,"caption":"CSJ Emballages"},"image":{"@id":"https:\/\/www.csj-emballages.com\/pt-pt\/#\/schema\/logo\/image\/"},"sameAs":["https:\/\/www.facebook.com\/csjemballages"],"address":{"@type":"PostalAddress","streetAddress":"ZI La Lechere","addressLocality":"Patornay","postalCode":"39130","addressCountry":"FR"},"contactPoint":[{"@type":"ContactPoint","contactType":"Service client","telephone":"0384254272","email":"contact@csj-emballages.com"}]}]}},"df_price":12.3,"df_sale_price":"","df_regular_price":12.3,"df_image_link":"https:\/\/www.csj-emballages.com\/wp-content\/uploads\/2024\/03\/Semelle-rectangle-45-x-13-300x300.webp","tiered_pricing_type":"fixed","tiered_pricing_fixed_rules":[],"tiered_pricing_percentage_rules":[],"tiered_pricing_minimum":1,"tiered_pricing_roles_data":[],"_links":{"self":[{"href":"https:\/\/www.csj-emballages.com\/pt-pt\/wp-json\/wp\/v2\/product\/22963","targetHints":{"allow":["GET"]}}],"collection":[{"href":"https:\/\/www.csj-emballages.com\/pt-pt\/wp-json\/wp\/v2\/product"}],"about":[{"href":"https:\/\/www.csj-emballages.com\/pt-pt\/wp-json\/wp\/v2\/types\/product"}],"wp:featuredmedia":[{"embeddable":true,"href":"https:\/\/www.csj-emballages.com\/pt-pt\/wp-json\/wp\/v2\/media\/224891"}],"wp:attachment":[{"href":"https:\/\/www.csj-emballages.com\/pt-pt\/wp-json\/wp\/v2\/media?parent=22963"}],"wp:term":[{"taxonomy":"product_brand","embeddable":true,"href":"https:\/\/www.csj-emballages.com\/pt-pt\/wp-json\/wp\/v2\/product_brand?post=22963"},{"taxonomy":"product_cat","embeddable":true,"href":"https:\/\/www.csj-emballages.com\/pt-pt\/wp-json\/wp\/v2\/product_cat?post=22963"},{"taxonomy":"product_tag","embeddable":true,"href":"https:\/\/www.csj-emballages.com\/pt-pt\/wp-json\/wp\/v2\/product_tag?post=22963"}],"curies":[{"name":"wp","href":"https:\/\/api.w.org\/{rel}","templated":true}]}}