{"id":229466,"date":"2025-03-26T16:49:20","date_gmt":"2025-03-26T15:49:20","guid":{"rendered":"https:\/\/www.csj-emballages.com\/?post_type=product&#038;p=229466"},"modified":"2026-03-12T16:11:17","modified_gmt":"2026-03-12T15:11:17","slug":"caixa-de-registo-gourmandise-50-x-115-x-105-cm-embalagem-de-25","status":"publish","type":"product","link":"https:\/\/www.csj-emballages.com\/pt-pt\/produit\/caixa-de-registo-gourmandise-50-x-115-x-105-cm-embalagem-de-25\/","title":{"rendered":"Caixa de registo &#8220;Gourmandise&#8221; 50 x 11,5 x 10,5 cm, embalagem de 25"},"content":{"rendered":"<h2 class=\"ai-optimize-26\">Caixa de registo<\/h2>\n<hr>\n<h3 class=\"ai-optimize-27\">Descri\u00e7\u00e3o da nossa caixa de registo &#8220;Gourmandise&#8221; 50 x 11,5 x 10,5 cm, embalagem de 25<\/h3>\n<p><!--more--><\/p>\n<p class=\"ai-optimize-28 ai-optimize-introduction\" data-start=\"0\" data-end=\"330\">Realce as suas sobremesas com a <strong>caixa para troncos &#8220;Gourmandise&#8221;<\/strong>, especialmente concebida para mostrar as suas cria\u00e7\u00f5es de pastelaria, proporcionando uma prote\u00e7\u00e3o \u00f3ptima. Com <strong>50 x 11,5 x 10,5 cm<\/strong>, \u00e9 ideal para <strong>troncos de Natal<\/strong>, entremets e outras sobremesas longas. Fabricada em <strong>cart\u00e3o<\/strong>, esta <strong>caixa de Natal<\/strong> garante uma excelente for\u00e7a e resist\u00eancia durante o transporte. O seu design requintado e colorido d\u00e1 um toque alegre, perfeito para a pastelaria artesanal e para as montras. A <strong>tampa articulada com aba<\/strong> proporciona um fecho seguro e uma forma elegante de expor o produto.    <\/p>\n<p class=\"ai-optimize-29\" data-start=\"678\" data-end=\"860\">Concebida para padeiros, pasteleiros, fornecedores de refei\u00e7\u00f5es e entusiastas privados, esta <strong>caixa de madeira<\/strong> combina praticidade e est\u00e9tica para um efeito &#8220;uau&#8221; garantido sempre que a comer!<\/p>\n<p>&nbsp;<\/p>\n<p><!--more--><\/p>\n<p class=\"ai-optimize-30\">Satisfeito com a sua qualidade, n\u00e3o vais querer passar sem eles!<\/p>\n<p>&nbsp;<\/p>\n<p><!--more--><\/p>\n<p class=\"ai-optimize-31\"><strong>As suas vantagens:<\/strong><\/p>\n<ul>\n<li class=\"ai-optimize-32\" data-start=\"880\" data-end=\"947\"><strong data-start=\"882\" data-end=\"898\">Formato ideal<\/strong>: Dimens\u00f5es adequadas para troncos e sobremesas.<\/li>\n<li class=\"ai-optimize-33\" data-start=\"948\" data-end=\"1019\"><strong data-start=\"950\" data-end=\"964\">Robustez<\/strong>: cart\u00e3o s\u00f3lido para um transporte seguro.<\/li>\n<li class=\"ai-optimize-34\" data-start=\"1020\" data-end=\"1085\"><strong data-start=\"1022\" data-end=\"1040\">Design elegante<\/strong>: Um aspeto limpo e profissional.<\/li>\n<li class=\"ai-optimize-35\" data-start=\"1086\" data-end=\"1152\"><strong data-start=\"1088\" data-end=\"1114\">F\u00e1cil de utilizar<\/strong>: abertura e fecho pr\u00e1ticos.<\/li>\n<li class=\"ai-optimize-36\" data-start=\"1153\" data-end=\"1225\"><strong data-start=\"1155\" data-end=\"1175\">Utiliza\u00e7\u00e3o vers\u00e1til<\/strong>: Esta caixa para toros \u00e9 adequada tanto para comerciantes como para particulares.<\/li>\n<\/ul>\n<p>&nbsp;<\/p>\n<p><!--more--><\/p>\n<h4 class=\"ai-optimize-37\">Outras informa\u00e7\u00f5es :<\/h4>\n<ul>\n<li class=\"ai-optimize-38\"><strong>Embalagem<\/strong>: Pacote de 25<\/li>\n<li class=\"ai-optimize-39\"><strong>Dimens\u00f5es<\/strong>: 50 x 11,5 x 10,5 cm<\/li>\n<li class=\"ai-optimize-40\"><strong>Material<\/strong>: Cart\u00e3o<\/li>\n<li class=\"ai-optimize-41\"><strong>Cor<\/strong>: Branco \/ Amarelo \/ Verde \/ Vermelho<\/li>\n<\/ul>\n<p>&nbsp;<\/p>\n<p><!--more--><\/p>\n<p class=\"ai-optimize-42\">Este produto tamb\u00e9m est\u00e1 dispon\u00edvel noutro tamanho: <span style=\"color: #d12727;\"><a style=\"color: #d12727;\" href=\"https:\/\/www.csj-emballages.com\/en\/produit\/25-gourmandise-log-boxes-20-x-11-5-x-10-5-cm\/\">20 x 11,5 x 10,5 cm<\/a> <span style=\"color: #000000;\">\/<\/span> <a style=\"color: #d12727;\" href=\"https:\/\/www.csj-emballages.com\/pt-pt\/produit\/caixa-de-registo-gourmandise-35-x-115-x-105-cm-embalagem-de-25\/\">35 x 11,5 x 10,5 cm<\/a> <\/span> <\/p>\n<p>&nbsp;<\/p>\n<p><!--more--><\/p>\n<p class=\"ai-optimize-43\"><a href=\"https:\/\/www.csj-emballages.com\/pt-pt\/categorie-produit\/embalagem-de-alimentos\/padaria-e-pastelaria\/caixas-e-estojos\/caixas-de-registo\/caixas-de-madeira-gourmet\/\">Ver o resto da nossa gama de caixas de madeira &#8220;Gourmandise<\/a><\/p>\n","protected":false},"excerpt":{"rendered":"<p>Caixa de registo Descri\u00e7\u00e3o da nossa caixa de registo &#8220;Gourmandise&#8221; 50 x 11,5 x 10,5 cm, embalagem de 25<\/p>\n","protected":false},"featured_media":227908,"template":"","meta":{"_acf_changed":false},"product_brand":[],"product_cat":[1141,1177,3916,2079,2080,1267],"product_tag":[],"class_list":{"0":"post-229466","1":"product","2":"type-product","3":"status-publish","4":"has-post-thumbnail","6":"product_cat-embalagem-de-alimentos","7":"product_cat-padaria-e-pastelaria","8":"product_cat-caixas-e-estojos","9":"product_cat-caixas-de-registo","10":"product_cat-caixas-de-madeira-gourmet","11":"product_cat-descontos-promocoes","13":"first","14":"instock","15":"sale","16":"taxable","17":"shipping-taxable","18":"purchasable","19":"product-type-simple"},"acf":[],"yoast_head":"<!-- This site is optimized with the Yoast SEO Premium plugin v26.6 (Yoast SEO v26.6) - https:\/\/yoast.com\/wordpress\/plugins\/seo\/ -->\n<title>Caixa de registo &quot;Gourmandise&quot; 50 x 11,5 x 10,5 cm, embalagem de 25<\/title>\n<meta name=\"description\" content=\"Caixa de troncos &quot;Gourmandise&quot; 50 x 11,5 x 10,5 cm x 25 - Ideal para transportar e expor as suas sobremesas festivas com eleg\u00e2ncia e seguran\u00e7a.\" \/>\n<meta name=\"robots\" content=\"index, follow, max-snippet:-1, max-image-preview:large, max-video-preview:-1\" \/>\n<link rel=\"canonical\" href=\"https:\/\/www.csj-emballages.com\/pt-pt\/produit\/caixa-de-registo-gourmandise-50-x-115-x-105-cm-embalagem-de-25\/\" \/>\n<meta property=\"og:locale\" content=\"pt_PT\" \/>\n<meta property=\"og:type\" content=\"article\" \/>\n<meta property=\"og:title\" content=\"Caixa de registo &quot;Gourmandise&quot; 50 x 11,5 x 10,5 cm, embalagem de 25\" \/>\n<meta property=\"og:description\" content=\"Caixa de troncos &quot;Gourmandise&quot; 50 x 11,5 x 10,5 cm x 25 - Ideal para transportar e expor as suas sobremesas festivas com eleg\u00e2ncia e seguran\u00e7a.\" \/>\n<meta property=\"og:url\" content=\"https:\/\/www.csj-emballages.com\/pt-pt\/produit\/caixa-de-registo-gourmandise-50-x-115-x-105-cm-embalagem-de-25\/\" \/>\n<meta property=\"og:site_name\" content=\"CSJ Emballages\" \/>\n<meta property=\"article:publisher\" content=\"https:\/\/www.facebook.com\/csjemballages\" \/>\n<meta property=\"article:modified_time\" content=\"2026-03-12T15:11:17+00:00\" \/>\n<meta property=\"og:image\" content=\"https:\/\/www.csj-emballages.com\/wp-content\/uploads\/2025\/03\/BBGOUR35.webp\" \/>\n\t<meta property=\"og:image:width\" content=\"801\" \/>\n\t<meta property=\"og:image:height\" content=\"800\" \/>\n\t<meta property=\"og:image:type\" content=\"image\/webp\" \/>\n<meta name=\"twitter:card\" content=\"summary_large_image\" \/>\n<meta name=\"twitter:label1\" content=\"Tempo estimado de leitura\" \/>\n\t<meta name=\"twitter:data1\" content=\"1 minuto\" \/>\n<script type=\"application\/ld+json\" class=\"yoast-schema-graph\">{\"@context\":\"https:\/\/schema.org\",\"@graph\":[{\"@type\":\"WebPage\",\"@id\":\"https:\/\/www.csj-emballages.com\/pt-pt\/produit\/caixa-de-registo-gourmandise-50-x-115-x-105-cm-embalagem-de-25\/\",\"url\":\"https:\/\/www.csj-emballages.com\/pt-pt\/produit\/caixa-de-registo-gourmandise-50-x-115-x-105-cm-embalagem-de-25\/\",\"name\":\"Caixa de registo \\\"Gourmandise\\\" 50 x 11,5 x 10,5 cm, embalagem de 25\",\"isPartOf\":{\"@id\":\"https:\/\/www.csj-emballages.com\/pt-pt\/#website\"},\"primaryImageOfPage\":{\"@id\":\"https:\/\/www.csj-emballages.com\/pt-pt\/produit\/caixa-de-registo-gourmandise-50-x-115-x-105-cm-embalagem-de-25\/#primaryimage\"},\"image\":{\"@id\":\"https:\/\/www.csj-emballages.com\/pt-pt\/produit\/caixa-de-registo-gourmandise-50-x-115-x-105-cm-embalagem-de-25\/#primaryimage\"},\"thumbnailUrl\":\"https:\/\/www.csj-emballages.com\/wp-content\/uploads\/2025\/03\/BBGOUR35.webp\",\"datePublished\":\"2025-03-26T15:49:20+00:00\",\"dateModified\":\"2026-03-12T15:11:17+00:00\",\"description\":\"Caixa de troncos \\\"Gourmandise\\\" 50 x 11,5 x 10,5 cm x 25 - Ideal para transportar e expor as suas sobremesas festivas com eleg\u00e2ncia e seguran\u00e7a.\",\"breadcrumb\":{\"@id\":\"https:\/\/www.csj-emballages.com\/pt-pt\/produit\/caixa-de-registo-gourmandise-50-x-115-x-105-cm-embalagem-de-25\/#breadcrumb\"},\"inLanguage\":\"pt-PT\",\"potentialAction\":[{\"@type\":\"ReadAction\",\"target\":[\"https:\/\/www.csj-emballages.com\/pt-pt\/produit\/caixa-de-registo-gourmandise-50-x-115-x-105-cm-embalagem-de-25\/\"]}]},{\"@type\":\"ImageObject\",\"inLanguage\":\"pt-PT\",\"@id\":\"https:\/\/www.csj-emballages.com\/pt-pt\/produit\/caixa-de-registo-gourmandise-50-x-115-x-105-cm-embalagem-de-25\/#primaryimage\",\"url\":\"https:\/\/www.csj-emballages.com\/wp-content\/uploads\/2025\/03\/BBGOUR35.webp\",\"contentUrl\":\"https:\/\/www.csj-emballages.com\/wp-content\/uploads\/2025\/03\/BBGOUR35.webp\",\"width\":801,\"height\":800,\"caption\":\"boite \u00e0 buche\"},{\"@type\":\"BreadcrumbList\",\"@id\":\"https:\/\/www.csj-emballages.com\/pt-pt\/produit\/caixa-de-registo-gourmandise-50-x-115-x-105-cm-embalagem-de-25\/#breadcrumb\",\"itemListElement\":[{\"@type\":\"ListItem\",\"position\":1,\"name\":\"Acolhimento\",\"item\":\"https:\/\/www.csj-emballages.com\/pt-pt\/universo-das-embalagens-alimentares\/\"},{\"@type\":\"ListItem\",\"position\":2,\"name\":\"Shop\",\"item\":\"https:\/\/www.csj-emballages.com\/shop\/\"},{\"@type\":\"ListItem\",\"position\":3,\"name\":\"Caixa de registo \u00ab\u00a0Gourmandise\u00a0\u00bb 50 x 11,5 x 10,5 cm, embalagem de 25\"}]},{\"@type\":\"WebSite\",\"@id\":\"https:\/\/www.csj-emballages.com\/pt-pt\/#website\",\"url\":\"https:\/\/www.csj-emballages.com\/pt-pt\/\",\"name\":\"CSJ Emballages\",\"description\":\"\",\"publisher\":{\"@id\":\"https:\/\/www.csj-emballages.com\/pt-pt\/#organization\"},\"potentialAction\":[{\"@type\":\"SearchAction\",\"target\":{\"@type\":\"EntryPoint\",\"urlTemplate\":\"https:\/\/www.csj-emballages.com\/pt-pt\/?s={search_term_string}\"},\"query-input\":{\"@type\":\"PropertyValueSpecification\",\"valueRequired\":true,\"valueName\":\"search_term_string\"}}],\"inLanguage\":\"pt-PT\"},{\"@type\":\"Organization\",\"@id\":\"https:\/\/www.csj-emballages.com\/pt-pt\/#Organization\/\",\"name\":\"CSJ Emballages\",\"url\":\"https:\/\/www.csj-emballages.com\/pt-pt\/\",\"logo\":{\"@type\":\"ImageObject\",\"inLanguage\":\"pt-PT\",\"@id\":\"https:\/\/www.csj-emballages.com\/pt-pt\/#\/schema\/logo\/image\/\",\"url\":\"https:\/\/www.csj-emballages.com\/wp-content\/uploads\/2023\/10\/logo_csj.webp\",\"contentUrl\":\"https:\/\/www.csj-emballages.com\/wp-content\/uploads\/2023\/10\/logo_csj.webp\",\"width\":250,\"height\":95,\"caption\":\"CSJ Emballages\"},\"image\":{\"@id\":\"https:\/\/www.csj-emballages.com\/pt-pt\/#\/schema\/logo\/image\/\"},\"sameAs\":[\"https:\/\/www.facebook.com\/csjemballages\"],\"address\":{\"@type\":\"PostalAddress\",\"streetAddress\":\"ZI La Lechere\",\"addressLocality\":\"Patornay\",\"postalCode\":\"39130\",\"addressCountry\":\"FR\"},\"contactPoint\":[{\"@type\":\"ContactPoint\",\"contactType\":\"Service client\",\"telephone\":\"0384254272\",\"email\":\"contact@csj-emballages.com\"}]}]}<\/script>\n<!-- \/ Yoast SEO Premium plugin. -->","yoast_head_json":{"title":"Caixa de registo \"Gourmandise\" 50 x 11,5 x 10,5 cm, embalagem de 25","description":"Caixa de troncos \"Gourmandise\" 50 x 11,5 x 10,5 cm x 25 - Ideal para transportar e expor as suas sobremesas festivas com eleg\u00e2ncia e seguran\u00e7a.","robots":{"index":"index","follow":"follow","max-snippet":"max-snippet:-1","max-image-preview":"max-image-preview:large","max-video-preview":"max-video-preview:-1"},"canonical":"https:\/\/www.csj-emballages.com\/pt-pt\/produit\/caixa-de-registo-gourmandise-50-x-115-x-105-cm-embalagem-de-25\/","og_locale":"pt_PT","og_type":"article","og_title":"Caixa de registo \"Gourmandise\" 50 x 11,5 x 10,5 cm, embalagem de 25","og_description":"Caixa de troncos \"Gourmandise\" 50 x 11,5 x 10,5 cm x 25 - Ideal para transportar e expor as suas sobremesas festivas com eleg\u00e2ncia e seguran\u00e7a.","og_url":"https:\/\/www.csj-emballages.com\/pt-pt\/produit\/caixa-de-registo-gourmandise-50-x-115-x-105-cm-embalagem-de-25\/","og_site_name":"CSJ Emballages","article_publisher":"https:\/\/www.facebook.com\/csjemballages","article_modified_time":"2026-03-12T15:11:17+00:00","og_image":[{"width":801,"height":800,"url":"https:\/\/www.csj-emballages.com\/wp-content\/uploads\/2025\/03\/BBGOUR35.webp","type":"image\/webp"}],"twitter_card":"summary_large_image","twitter_misc":{"Tempo estimado de leitura":"1 minuto"},"schema":{"@context":"https:\/\/schema.org","@graph":[{"@type":"WebPage","@id":"https:\/\/www.csj-emballages.com\/pt-pt\/produit\/caixa-de-registo-gourmandise-50-x-115-x-105-cm-embalagem-de-25\/","url":"https:\/\/www.csj-emballages.com\/pt-pt\/produit\/caixa-de-registo-gourmandise-50-x-115-x-105-cm-embalagem-de-25\/","name":"Caixa de registo \"Gourmandise\" 50 x 11,5 x 10,5 cm, embalagem de 25","isPartOf":{"@id":"https:\/\/www.csj-emballages.com\/pt-pt\/#website"},"primaryImageOfPage":{"@id":"https:\/\/www.csj-emballages.com\/pt-pt\/produit\/caixa-de-registo-gourmandise-50-x-115-x-105-cm-embalagem-de-25\/#primaryimage"},"image":{"@id":"https:\/\/www.csj-emballages.com\/pt-pt\/produit\/caixa-de-registo-gourmandise-50-x-115-x-105-cm-embalagem-de-25\/#primaryimage"},"thumbnailUrl":"https:\/\/www.csj-emballages.com\/wp-content\/uploads\/2025\/03\/BBGOUR35.webp","datePublished":"2025-03-26T15:49:20+00:00","dateModified":"2026-03-12T15:11:17+00:00","description":"Caixa de troncos \"Gourmandise\" 50 x 11,5 x 10,5 cm x 25 - Ideal para transportar e expor as suas sobremesas festivas com eleg\u00e2ncia e seguran\u00e7a.","breadcrumb":{"@id":"https:\/\/www.csj-emballages.com\/pt-pt\/produit\/caixa-de-registo-gourmandise-50-x-115-x-105-cm-embalagem-de-25\/#breadcrumb"},"inLanguage":"pt-PT","potentialAction":[{"@type":"ReadAction","target":["https:\/\/www.csj-emballages.com\/pt-pt\/produit\/caixa-de-registo-gourmandise-50-x-115-x-105-cm-embalagem-de-25\/"]}]},{"@type":"ImageObject","inLanguage":"pt-PT","@id":"https:\/\/www.csj-emballages.com\/pt-pt\/produit\/caixa-de-registo-gourmandise-50-x-115-x-105-cm-embalagem-de-25\/#primaryimage","url":"https:\/\/www.csj-emballages.com\/wp-content\/uploads\/2025\/03\/BBGOUR35.webp","contentUrl":"https:\/\/www.csj-emballages.com\/wp-content\/uploads\/2025\/03\/BBGOUR35.webp","width":801,"height":800,"caption":"boite \u00e0 buche"},{"@type":"BreadcrumbList","@id":"https:\/\/www.csj-emballages.com\/pt-pt\/produit\/caixa-de-registo-gourmandise-50-x-115-x-105-cm-embalagem-de-25\/#breadcrumb","itemListElement":[{"@type":"ListItem","position":1,"name":"Acolhimento","item":"https:\/\/www.csj-emballages.com\/pt-pt\/universo-das-embalagens-alimentares\/"},{"@type":"ListItem","position":2,"name":"Shop","item":"https:\/\/www.csj-emballages.com\/shop\/"},{"@type":"ListItem","position":3,"name":"Caixa de registo \u00ab\u00a0Gourmandise\u00a0\u00bb 50 x 11,5 x 10,5 cm, embalagem de 25"}]},{"@type":"WebSite","@id":"https:\/\/www.csj-emballages.com\/pt-pt\/#website","url":"https:\/\/www.csj-emballages.com\/pt-pt\/","name":"CSJ Emballages","description":"","publisher":{"@id":"https:\/\/www.csj-emballages.com\/pt-pt\/#organization"},"potentialAction":[{"@type":"SearchAction","target":{"@type":"EntryPoint","urlTemplate":"https:\/\/www.csj-emballages.com\/pt-pt\/?s={search_term_string}"},"query-input":{"@type":"PropertyValueSpecification","valueRequired":true,"valueName":"search_term_string"}}],"inLanguage":"pt-PT"},{"@type":"Organization","@id":"https:\/\/www.csj-emballages.com\/pt-pt\/#Organization\/","name":"CSJ Emballages","url":"https:\/\/www.csj-emballages.com\/pt-pt\/","logo":{"@type":"ImageObject","inLanguage":"pt-PT","@id":"https:\/\/www.csj-emballages.com\/pt-pt\/#\/schema\/logo\/image\/","url":"https:\/\/www.csj-emballages.com\/wp-content\/uploads\/2023\/10\/logo_csj.webp","contentUrl":"https:\/\/www.csj-emballages.com\/wp-content\/uploads\/2023\/10\/logo_csj.webp","width":250,"height":95,"caption":"CSJ Emballages"},"image":{"@id":"https:\/\/www.csj-emballages.com\/pt-pt\/#\/schema\/logo\/image\/"},"sameAs":["https:\/\/www.facebook.com\/csjemballages"],"address":{"@type":"PostalAddress","streetAddress":"ZI La Lechere","addressLocality":"Patornay","postalCode":"39130","addressCountry":"FR"},"contactPoint":[{"@type":"ContactPoint","contactType":"Service client","telephone":"0384254272","email":"contact@csj-emballages.com"}]}]}},"df_price":11.42,"df_sale_price":11.42,"df_regular_price":12.68,"df_image_link":"https:\/\/www.csj-emballages.com\/wp-content\/uploads\/2025\/03\/BBGOUR35-300x300.webp","tiered_pricing_type":"fixed","tiered_pricing_fixed_rules":[],"tiered_pricing_percentage_rules":[],"tiered_pricing_minimum":1,"tiered_pricing_roles_data":[],"_links":{"self":[{"href":"https:\/\/www.csj-emballages.com\/pt-pt\/wp-json\/wp\/v2\/product\/229466","targetHints":{"allow":["GET"]}}],"collection":[{"href":"https:\/\/www.csj-emballages.com\/pt-pt\/wp-json\/wp\/v2\/product"}],"about":[{"href":"https:\/\/www.csj-emballages.com\/pt-pt\/wp-json\/wp\/v2\/types\/product"}],"wp:featuredmedia":[{"embeddable":true,"href":"https:\/\/www.csj-emballages.com\/pt-pt\/wp-json\/wp\/v2\/media\/227908"}],"wp:attachment":[{"href":"https:\/\/www.csj-emballages.com\/pt-pt\/wp-json\/wp\/v2\/media?parent=229466"}],"wp:term":[{"taxonomy":"product_brand","embeddable":true,"href":"https:\/\/www.csj-emballages.com\/pt-pt\/wp-json\/wp\/v2\/product_brand?post=229466"},{"taxonomy":"product_cat","embeddable":true,"href":"https:\/\/www.csj-emballages.com\/pt-pt\/wp-json\/wp\/v2\/product_cat?post=229466"},{"taxonomy":"product_tag","embeddable":true,"href":"https:\/\/www.csj-emballages.com\/pt-pt\/wp-json\/wp\/v2\/product_tag?post=229466"}],"curies":[{"name":"wp","href":"https:\/\/api.w.org\/{rel}","templated":true}]}}