{"id":22908,"date":"2024-03-01T16:50:16","date_gmt":"2024-03-01T15:50:16","guid":{"rendered":"https:\/\/u15jnbdpoq.preview.infomaniak.website\/produit\/500-circulos-brancos-lisos-o16-cm\/"},"modified":"2026-04-13T15:14:45","modified_gmt":"2026-04-13T13:14:45","slug":"500-circulos-brancos-lisos-o16-cm","status":"publish","type":"product","link":"https:\/\/www.csj-emballages.com\/pt-pt\/produit\/500-circulos-brancos-lisos-o16-cm\/","title":{"rendered":"Branco liso redondo \u00f816 cm por 500"},"content":{"rendered":"<h2>Branco redondo<\/h2>\n<hr>\n<h3>Descri\u00e7\u00e3o do nosso produto branco liso redondo \u00f816 cm por 500<\/h3>\n<p><!--more--><\/p>\n<p data-start=\"138\" data-end=\"451\">Procura uma forma pr\u00e1tica e discreta de mostrar as suas cria\u00e7\u00f5es culin\u00e1rias? O copo <strong data-start=\"238\" data-end=\"265\">redondo branco liso de \u00f816 cm<\/strong> \u00e9 a solu\u00e7\u00e3o ideal para os profissionais dos sectores da restaura\u00e7\u00e3o, pastelaria ou eventos. Dispon\u00edvel em embalagens de <strong>500<\/strong> unidades, combina simplicidade, efic\u00e1cia e higiene.  <\/p>\n<p data-start=\"453\" data-end=\"885\">Feito de um material resistente, este <strong data-start=\"493\" data-end=\"515\">anel branco descart\u00e1vel<\/strong> \u00e9 perfeito para uma multiplicidade de utiliza\u00e7\u00f5es. Quer o utilize para colocar fatias de bolo, entremets, tartes, mignardises ou pratos salgados, oferece uma apresenta\u00e7\u00e3o limpa e profissional. Gra\u00e7as \u00e0 sua superf\u00edcie <strong data-start=\"761\" data-end=\"781\">lisa e branca<\/strong>, real\u00e7a as cores e as texturas dos seus alimentos sem nunca roubar o protagonismo \u00e0s suas cria\u00e7\u00f5es.  <\/p>\n<p data-start=\"887\" data-end=\"1180\">Al\u00e9m disso, o seu di\u00e2metro <strong data-start=\"900\" data-end=\"921\">de 16 cm<\/strong> torna-o um formato vers\u00e1til: nem demasiado grande nem demasiado pequeno, \u00e9 ideal para qualquer ocasi\u00e3o. Gra\u00e7as ao seu design robusto, n\u00e3o se deforma facilmente e garante um suporte \u00f3timo, mesmo para prepara\u00e7\u00f5es um pouco mais pesadas. <\/p>\n<p data-start=\"1182\" data-end=\"1495\">Este <strong>suporte redondo<\/strong> tamb\u00e9m foi concebido para lhe poupar tempo. F\u00e1cil de manusear, empilhar e armazenar, permite-lhe trabalhar eficazmente na cozinha ou no laborat\u00f3rio. Ao escolher este pacote de <strong>500 unidades<\/strong>, pode ter a certeza de ter sempre o stock necess\u00e1rio para os seus servi\u00e7os, buffets ou eventos.  <\/p>\n<p data-start=\"1497\" data-end=\"1825\">Em resumo, este <strong>suporte para bolo<\/strong> <strong data-start=\"1511\" data-end=\"1538\">redondo branco liso \u00f816 cm<\/strong> n\u00e3o \u00e9 apenas um simples suporte: \u00e9 um verdadeiro aliado para apresentar os seus pratos com cuidado e profissionalismo, simplificando ao mesmo tempo a sua organiza\u00e7\u00e3o. Um indispens\u00e1vel para todos os profissionais do setor alimentar que pretendem aliar <strong data-start=\"1771\" data-end=\"1809\">praticidade, est\u00e9tica e fiabilidade<\/strong> no dia a dia. <\/p>\n<p><!--more--><\/p>\n<h4><strong>Vantagens :<\/strong><\/h4>\n<ul>\n<li>Apresenta\u00e7\u00e3o elegante e neutra para real\u00e7ar as suas cria\u00e7\u00f5es.<\/li>\n<li><strong>Formato vers\u00e1til de \u00f816 cm<\/strong>, adequado tanto para pratos doces como salgados.<\/li>\n<li>Dur\u00e1vel e f\u00e1cil de manusear.<\/li>\n<li>Embalado em pacotes de <strong>500<\/strong> unidades.<\/li>\n<\/ul>\n<p>&nbsp;<\/p>\n<p><!--more--><\/p>\n<h4>Outras informa\u00e7\u00f5es :<\/h4>\n<ul>\n<li><strong>Embalagem<\/strong>: Pacote de 500<\/li>\n<li><strong>Di\u00e2metro<\/strong>: 16 cm<\/li>\n<li><strong>Material<\/strong>: Cart\u00e3o<\/li>\n<li><strong>Cor<\/strong>: Branco<\/li>\n<\/ul>\n<p>&nbsp;<\/p>\n<p><!--more--><\/p>\n<p>Este suporte para bolo redondo branco liso est\u00e1 dispon\u00edvel em diferentes tamanhos: <span style=\"color: #d12727;\"><a style=\"color: #d12727;\" href=\"https:\/\/www.csj-emballages.com\/produit\/250-ronds-blancs-lisses-o14-cm\/\">\u00d814 cm<\/a><\/span> \/ <span style=\"color: #d12727;\"><a style=\"color: #d12727;\" href=\"https:\/\/www.csj-emballages.com\/produit\/500-ronds-blancs-lisses-o18-cm\/\">\u00d818 cm<\/a><\/span> \/ <span style=\"color: #d12727;\"><a style=\"color: #d12727;\" href=\"https:\/\/www.csj-emballages.com\/produit\/250-ronds-blancs-lisses-o20-cm\/\">\u00d820 cm<\/a><\/span> \/ <span style=\"color: #d12727;\"><a style=\"color: #d12727;\" href=\"https:\/\/www.csj-emballages.com\/produit\/250-ronds-blancs-lisses-o22-cm\/\">\u00d822 cm<\/a><\/span> \/ <span style=\"color: #d12727;\"><a style=\"color: #d12727;\" href=\"https:\/\/www.csj-emballages.com\/produit\/250-ronds-blancs-lisses-o24-cm\/\">\u00d824 cm<\/a><\/span> \/       <span style=\"color: #d12727;\"><a style=\"color: #d12727;\" href=\"https:\/\/www.csj-emballages.com\/produit\/250-ronds-blancs-lisses-o26-cm\/\">\u00d826 cm<\/a><\/span> \/ <span style=\"color: #d12727;\"><a style=\"color: #d12727;\" href=\"https:\/\/www.csj-emballages.com\/produit\/250-ronds-blancs-lisses-o28-cm\/\">\u00d828 cm<\/a> \/ <a style=\"color: #d12727;\" href=\"https:\/\/www.csj-emballages.com\/produit\/250-ronds-blancs-lisses-o30-cm\/\">\u00d830 cm<\/a> \/ <a style=\"color: #d12727;\" href=\"https:\/\/www.csj-emballages.com\/produit\/250-ronds-blancs-lisses-o32-cm\/\">\u00d832 cm<\/a><\/span><\/p>\n<p>&nbsp;<\/p>\n<p><!--more--><\/p>\n<p><a href=\"\/?product_cat=supports-a-gateaux-non-festonnes\">Consulte aqui o resto da nossa gama de redondos brancos lisos<\/a><\/p>\n","protected":false},"excerpt":{"rendered":"<p>Branco redondo Descri\u00e7\u00e3o do nosso produto branco liso redondo \u00f816 cm por 500<\/p>\n","protected":false},"featured_media":242601,"template":"","meta":{"_acf_changed":false},"product_brand":[],"product_cat":[1141,1177,1914,3257],"product_tag":[],"class_list":{"0":"post-22908","1":"product","2":"type-product","3":"status-publish","4":"has-post-thumbnail","6":"product_cat-embalagem-de-alimentos","7":"product_cat-padaria-e-pastelaria","8":"product_cat-suportes-para-bases-de-bolos","9":"product_cat-suportes-para-bolos-nao-recortados","11":"first","12":"instock","13":"taxable","14":"shipping-taxable","15":"purchasable","16":"product-type-simple"},"acf":[],"yoast_head":"<!-- This site is optimized with the Yoast SEO Premium plugin v26.6 (Yoast SEO v26.6) - https:\/\/yoast.com\/wordpress\/plugins\/seo\/ -->\n<title>Redondo Branco Liso \u00f816 cm por 500<\/title>\n<meta name=\"description\" content=\"Redondo branco liso \u00f816 cm em lote de 250. Suporte pr\u00e1tico e elegante para bolos, sobremesas e prepara\u00e7\u00f5es salgadas. Ideal para profissionais e eventos.\" \/>\n<meta name=\"robots\" content=\"index, follow, max-snippet:-1, max-image-preview:large, max-video-preview:-1\" \/>\n<link rel=\"canonical\" href=\"https:\/\/www.csj-emballages.com\/pt-pt\/produit\/500-circulos-brancos-lisos-o16-cm\/\" \/>\n<meta property=\"og:locale\" content=\"pt_PT\" \/>\n<meta property=\"og:type\" content=\"article\" \/>\n<meta property=\"og:title\" content=\"Branco liso redondo \u00f816 cm por 500\" \/>\n<meta property=\"og:description\" content=\"Redondo branco liso \u00f816 cm em lote de 250. Suporte pr\u00e1tico e elegante para bolos, sobremesas e prepara\u00e7\u00f5es salgadas. Ideal para profissionais e eventos.\" \/>\n<meta property=\"og:url\" content=\"https:\/\/www.csj-emballages.com\/pt-pt\/produit\/500-circulos-brancos-lisos-o16-cm\/\" \/>\n<meta property=\"og:site_name\" content=\"CSJ Emballages\" \/>\n<meta property=\"article:publisher\" content=\"https:\/\/www.facebook.com\/csjemballages\" \/>\n<meta property=\"article:modified_time\" content=\"2026-04-13T13:14:45+00:00\" \/>\n<meta property=\"og:image\" content=\"https:\/\/www.csj-emballages.com\/wp-content\/uploads\/2024\/03\/Rond-blanc-3.webp\" \/>\n\t<meta property=\"og:image:width\" content=\"800\" \/>\n\t<meta property=\"og:image:height\" content=\"800\" \/>\n\t<meta property=\"og:image:type\" content=\"image\/webp\" \/>\n<meta name=\"twitter:card\" content=\"summary_large_image\" \/>\n<meta name=\"twitter:label1\" content=\"Tempo estimado de leitura\" \/>\n\t<meta name=\"twitter:data1\" content=\"2 minutos\" \/>\n<script type=\"application\/ld+json\" class=\"yoast-schema-graph\">{\"@context\":\"https:\/\/schema.org\",\"@graph\":[{\"@type\":\"WebPage\",\"@id\":\"https:\/\/www.csj-emballages.com\/pt-pt\/produit\/500-circulos-brancos-lisos-o16-cm\/\",\"url\":\"https:\/\/www.csj-emballages.com\/pt-pt\/produit\/500-circulos-brancos-lisos-o16-cm\/\",\"name\":\"Redondo Branco Liso \u00f816 cm por 500\",\"isPartOf\":{\"@id\":\"https:\/\/www.csj-emballages.com\/pt-pt\/#website\"},\"primaryImageOfPage\":{\"@id\":\"https:\/\/www.csj-emballages.com\/pt-pt\/produit\/500-circulos-brancos-lisos-o16-cm\/#primaryimage\"},\"image\":{\"@id\":\"https:\/\/www.csj-emballages.com\/pt-pt\/produit\/500-circulos-brancos-lisos-o16-cm\/#primaryimage\"},\"thumbnailUrl\":\"https:\/\/www.csj-emballages.com\/wp-content\/uploads\/2024\/03\/Rond-blanc-3.webp\",\"datePublished\":\"2024-03-01T15:50:16+00:00\",\"dateModified\":\"2026-04-13T13:14:45+00:00\",\"description\":\"Redondo branco liso \u00f816 cm em lote de 250. Suporte pr\u00e1tico e elegante para bolos, sobremesas e prepara\u00e7\u00f5es salgadas. Ideal para profissionais e eventos.\",\"breadcrumb\":{\"@id\":\"https:\/\/www.csj-emballages.com\/pt-pt\/produit\/500-circulos-brancos-lisos-o16-cm\/#breadcrumb\"},\"inLanguage\":\"pt-PT\",\"potentialAction\":[{\"@type\":\"ReadAction\",\"target\":[\"https:\/\/www.csj-emballages.com\/pt-pt\/produit\/500-circulos-brancos-lisos-o16-cm\/\"]}]},{\"@type\":\"ImageObject\",\"inLanguage\":\"pt-PT\",\"@id\":\"https:\/\/www.csj-emballages.com\/pt-pt\/produit\/500-circulos-brancos-lisos-o16-cm\/#primaryimage\",\"url\":\"https:\/\/www.csj-emballages.com\/wp-content\/uploads\/2024\/03\/Rond-blanc-3.webp\",\"contentUrl\":\"https:\/\/www.csj-emballages.com\/wp-content\/uploads\/2024\/03\/Rond-blanc-3.webp\",\"width\":800,\"height\":800,\"caption\":\"Rond blanc\"},{\"@type\":\"BreadcrumbList\",\"@id\":\"https:\/\/www.csj-emballages.com\/pt-pt\/produit\/500-circulos-brancos-lisos-o16-cm\/#breadcrumb\",\"itemListElement\":[{\"@type\":\"ListItem\",\"position\":1,\"name\":\"Acolhimento\",\"item\":\"https:\/\/www.csj-emballages.com\/pt-pt\/universo-das-embalagens-alimentares\/\"},{\"@type\":\"ListItem\",\"position\":2,\"name\":\"Shop\",\"item\":\"https:\/\/www.csj-emballages.com\/shop\/\"},{\"@type\":\"ListItem\",\"position\":3,\"name\":\"Branco liso redondo \u00f816 cm por 500\"}]},{\"@type\":\"WebSite\",\"@id\":\"https:\/\/www.csj-emballages.com\/pt-pt\/#website\",\"url\":\"https:\/\/www.csj-emballages.com\/pt-pt\/\",\"name\":\"CSJ Emballages\",\"description\":\"\",\"publisher\":{\"@id\":\"https:\/\/www.csj-emballages.com\/pt-pt\/#organization\"},\"potentialAction\":[{\"@type\":\"SearchAction\",\"target\":{\"@type\":\"EntryPoint\",\"urlTemplate\":\"https:\/\/www.csj-emballages.com\/pt-pt\/?s={search_term_string}\"},\"query-input\":{\"@type\":\"PropertyValueSpecification\",\"valueRequired\":true,\"valueName\":\"search_term_string\"}}],\"inLanguage\":\"pt-PT\"},{\"@type\":\"Organization\",\"@id\":\"https:\/\/www.csj-emballages.com\/pt-pt\/#Organization\/\",\"name\":\"CSJ Emballages\",\"url\":\"https:\/\/www.csj-emballages.com\/pt-pt\/\",\"logo\":{\"@type\":\"ImageObject\",\"inLanguage\":\"pt-PT\",\"@id\":\"https:\/\/www.csj-emballages.com\/pt-pt\/#\/schema\/logo\/image\/\",\"url\":\"https:\/\/www.csj-emballages.com\/wp-content\/uploads\/2023\/10\/logo_csj.webp\",\"contentUrl\":\"https:\/\/www.csj-emballages.com\/wp-content\/uploads\/2023\/10\/logo_csj.webp\",\"width\":250,\"height\":95,\"caption\":\"CSJ Emballages\"},\"image\":{\"@id\":\"https:\/\/www.csj-emballages.com\/pt-pt\/#\/schema\/logo\/image\/\"},\"sameAs\":[\"https:\/\/www.facebook.com\/csjemballages\"],\"address\":{\"@type\":\"PostalAddress\",\"streetAddress\":\"ZI La Lechere\",\"addressLocality\":\"Patornay\",\"postalCode\":\"39130\",\"addressCountry\":\"FR\"},\"contactPoint\":[{\"@type\":\"ContactPoint\",\"contactType\":\"Service client\",\"telephone\":\"0384254272\",\"email\":\"contact@csj-emballages.com\"}]}]}<\/script>\n<!-- \/ Yoast SEO Premium plugin. -->","yoast_head_json":{"title":"Redondo Branco Liso \u00f816 cm por 500","description":"Redondo branco liso \u00f816 cm em lote de 250. Suporte pr\u00e1tico e elegante para bolos, sobremesas e prepara\u00e7\u00f5es salgadas. Ideal para profissionais e eventos.","robots":{"index":"index","follow":"follow","max-snippet":"max-snippet:-1","max-image-preview":"max-image-preview:large","max-video-preview":"max-video-preview:-1"},"canonical":"https:\/\/www.csj-emballages.com\/pt-pt\/produit\/500-circulos-brancos-lisos-o16-cm\/","og_locale":"pt_PT","og_type":"article","og_title":"Branco liso redondo \u00f816 cm por 500","og_description":"Redondo branco liso \u00f816 cm em lote de 250. Suporte pr\u00e1tico e elegante para bolos, sobremesas e prepara\u00e7\u00f5es salgadas. Ideal para profissionais e eventos.","og_url":"https:\/\/www.csj-emballages.com\/pt-pt\/produit\/500-circulos-brancos-lisos-o16-cm\/","og_site_name":"CSJ Emballages","article_publisher":"https:\/\/www.facebook.com\/csjemballages","article_modified_time":"2026-04-13T13:14:45+00:00","og_image":[{"width":800,"height":800,"url":"https:\/\/www.csj-emballages.com\/wp-content\/uploads\/2024\/03\/Rond-blanc-3.webp","type":"image\/webp"}],"twitter_card":"summary_large_image","twitter_misc":{"Tempo estimado de leitura":"2 minutos"},"schema":{"@context":"https:\/\/schema.org","@graph":[{"@type":"WebPage","@id":"https:\/\/www.csj-emballages.com\/pt-pt\/produit\/500-circulos-brancos-lisos-o16-cm\/","url":"https:\/\/www.csj-emballages.com\/pt-pt\/produit\/500-circulos-brancos-lisos-o16-cm\/","name":"Redondo Branco Liso \u00f816 cm por 500","isPartOf":{"@id":"https:\/\/www.csj-emballages.com\/pt-pt\/#website"},"primaryImageOfPage":{"@id":"https:\/\/www.csj-emballages.com\/pt-pt\/produit\/500-circulos-brancos-lisos-o16-cm\/#primaryimage"},"image":{"@id":"https:\/\/www.csj-emballages.com\/pt-pt\/produit\/500-circulos-brancos-lisos-o16-cm\/#primaryimage"},"thumbnailUrl":"https:\/\/www.csj-emballages.com\/wp-content\/uploads\/2024\/03\/Rond-blanc-3.webp","datePublished":"2024-03-01T15:50:16+00:00","dateModified":"2026-04-13T13:14:45+00:00","description":"Redondo branco liso \u00f816 cm em lote de 250. Suporte pr\u00e1tico e elegante para bolos, sobremesas e prepara\u00e7\u00f5es salgadas. Ideal para profissionais e eventos.","breadcrumb":{"@id":"https:\/\/www.csj-emballages.com\/pt-pt\/produit\/500-circulos-brancos-lisos-o16-cm\/#breadcrumb"},"inLanguage":"pt-PT","potentialAction":[{"@type":"ReadAction","target":["https:\/\/www.csj-emballages.com\/pt-pt\/produit\/500-circulos-brancos-lisos-o16-cm\/"]}]},{"@type":"ImageObject","inLanguage":"pt-PT","@id":"https:\/\/www.csj-emballages.com\/pt-pt\/produit\/500-circulos-brancos-lisos-o16-cm\/#primaryimage","url":"https:\/\/www.csj-emballages.com\/wp-content\/uploads\/2024\/03\/Rond-blanc-3.webp","contentUrl":"https:\/\/www.csj-emballages.com\/wp-content\/uploads\/2024\/03\/Rond-blanc-3.webp","width":800,"height":800,"caption":"Rond blanc"},{"@type":"BreadcrumbList","@id":"https:\/\/www.csj-emballages.com\/pt-pt\/produit\/500-circulos-brancos-lisos-o16-cm\/#breadcrumb","itemListElement":[{"@type":"ListItem","position":1,"name":"Acolhimento","item":"https:\/\/www.csj-emballages.com\/pt-pt\/universo-das-embalagens-alimentares\/"},{"@type":"ListItem","position":2,"name":"Shop","item":"https:\/\/www.csj-emballages.com\/shop\/"},{"@type":"ListItem","position":3,"name":"Branco liso redondo \u00f816 cm por 500"}]},{"@type":"WebSite","@id":"https:\/\/www.csj-emballages.com\/pt-pt\/#website","url":"https:\/\/www.csj-emballages.com\/pt-pt\/","name":"CSJ Emballages","description":"","publisher":{"@id":"https:\/\/www.csj-emballages.com\/pt-pt\/#organization"},"potentialAction":[{"@type":"SearchAction","target":{"@type":"EntryPoint","urlTemplate":"https:\/\/www.csj-emballages.com\/pt-pt\/?s={search_term_string}"},"query-input":{"@type":"PropertyValueSpecification","valueRequired":true,"valueName":"search_term_string"}}],"inLanguage":"pt-PT"},{"@type":"Organization","@id":"https:\/\/www.csj-emballages.com\/pt-pt\/#Organization\/","name":"CSJ Emballages","url":"https:\/\/www.csj-emballages.com\/pt-pt\/","logo":{"@type":"ImageObject","inLanguage":"pt-PT","@id":"https:\/\/www.csj-emballages.com\/pt-pt\/#\/schema\/logo\/image\/","url":"https:\/\/www.csj-emballages.com\/wp-content\/uploads\/2023\/10\/logo_csj.webp","contentUrl":"https:\/\/www.csj-emballages.com\/wp-content\/uploads\/2023\/10\/logo_csj.webp","width":250,"height":95,"caption":"CSJ Emballages"},"image":{"@id":"https:\/\/www.csj-emballages.com\/pt-pt\/#\/schema\/logo\/image\/"},"sameAs":["https:\/\/www.facebook.com\/csjemballages"],"address":{"@type":"PostalAddress","streetAddress":"ZI La Lechere","addressLocality":"Patornay","postalCode":"39130","addressCountry":"FR"},"contactPoint":[{"@type":"ContactPoint","contactType":"Service client","telephone":"0384254272","email":"contact@csj-emballages.com"}]}]}},"df_price":18.48,"df_sale_price":"","df_regular_price":18.48,"df_image_link":"https:\/\/www.csj-emballages.com\/wp-content\/uploads\/2024\/03\/Rond-blanc-3-300x300.webp","tiered_pricing_type":"fixed","tiered_pricing_fixed_rules":[],"tiered_pricing_percentage_rules":[],"tiered_pricing_minimum":1,"tiered_pricing_roles_data":[],"_links":{"self":[{"href":"https:\/\/www.csj-emballages.com\/pt-pt\/wp-json\/wp\/v2\/product\/22908","targetHints":{"allow":["GET"]}}],"collection":[{"href":"https:\/\/www.csj-emballages.com\/pt-pt\/wp-json\/wp\/v2\/product"}],"about":[{"href":"https:\/\/www.csj-emballages.com\/pt-pt\/wp-json\/wp\/v2\/types\/product"}],"wp:featuredmedia":[{"embeddable":true,"href":"https:\/\/www.csj-emballages.com\/pt-pt\/wp-json\/wp\/v2\/media\/242601"}],"wp:attachment":[{"href":"https:\/\/www.csj-emballages.com\/pt-pt\/wp-json\/wp\/v2\/media?parent=22908"}],"wp:term":[{"taxonomy":"product_brand","embeddable":true,"href":"https:\/\/www.csj-emballages.com\/pt-pt\/wp-json\/wp\/v2\/product_brand?post=22908"},{"taxonomy":"product_cat","embeddable":true,"href":"https:\/\/www.csj-emballages.com\/pt-pt\/wp-json\/wp\/v2\/product_cat?post=22908"},{"taxonomy":"product_tag","embeddable":true,"href":"https:\/\/www.csj-emballages.com\/pt-pt\/wp-json\/wp\/v2\/product_tag?post=22908"}],"curies":[{"name":"wp","href":"https:\/\/api.w.org\/{rel}","templated":true}]}}