{"id":22886,"date":"2024-03-01T16:50:18","date_gmt":"2024-03-01T15:50:18","guid":{"rendered":"https:\/\/u15jnbdpoq.preview.infomaniak.website\/produit\/1000-toalhetes-de-lavagem-dos-dedos-com-limao\/"},"modified":"2026-04-29T02:17:08","modified_gmt":"2026-04-29T00:17:08","slug":"1000-toalhetes-de-lavagem-dos-dedos-com-limao","status":"publish","type":"product","link":"https:\/\/www.csj-emballages.com\/pt-pt\/produit\/1000-toalhetes-de-lavagem-dos-dedos-com-limao\/","title":{"rendered":"Conjunto de 1000 unidades de enxaguamento dos dedos com lim\u00e3o"},"content":{"rendered":"<h2>Enxaguamento dos dedos<\/h2>\n<hr>\n<h3>Descobre o nosso enxaguamento de dedos com lim\u00e3o por 1000<\/h3>\n<p><!--more--><\/p>\n<p data-start=\"255\" data-end=\"578\">O <strong data-start=\"258\" data-end=\"290\">lava-dedos Lemon by 1000<\/strong> \u00e9 um acess\u00f3rio indispens\u00e1vel para todos os profissionais do sector da restaura\u00e7\u00e3o e dos eventos, e mesmo para os particulares que gostam de receber com cuidado. Pr\u00e1tico e higi\u00e9nico, proporciona uma solu\u00e7\u00e3o simples para os seus clientes ou convidados limparem as m\u00e3os ap\u00f3s uma refei\u00e7\u00e3o. <\/p>\n<p data-start=\"580\" data-end=\"936\">Particularmente popular quando se come marisco, crust\u00e1ceos, carnes grelhadas ou finger foods, o toalhete <strong data-start=\"715\" data-end=\"738\">de lim\u00e3o para lavar os dedos<\/strong> d\u00e1 um verdadeiro toque de conforto e limpeza. Cada <strong>toalhete<\/strong> est\u00e1 impregnado de uma solu\u00e7\u00e3o <strong>com aroma a lim\u00e3o<\/strong> que limpa eficazmente, deixando uma agrad\u00e1vel sensa\u00e7\u00e3o de frescura. <\/p>\n<p data-start=\"938\" data-end=\"1232\">Embalado em lotes econ\u00f3micos de <strong data-start=\"971\" data-end=\"986\">1.000 unidades<\/strong>, este produto \u00e9 ideal para <strong data-start=\"1018\" data-end=\"1033\">restaurantes<\/strong>, <strong data-start=\"1035\" data-end=\"1048\">catering<\/strong>, <strong data-start=\"1050\" data-end=\"1063\">snack-bares<\/strong> e organizadores de festas. Com este formato, pode ter a certeza de ter sempre o suficiente para satisfazer os seus clientes, sem ficar sem stock. <\/p>\n<p data-start=\"1234\" data-end=\"1519\">O seu formato individual numa saqueta selada garante uma higiene perfeita: cada cliente tem o seu pr\u00f3prio <strong data-start=\"1333\" data-end=\"1349\">lava-dedos<\/strong> pronto a utilizar. F\u00e1cil de distribuir e transportar, pode ser utilizado em qualquer situa\u00e7\u00e3o, seja na sala de jantar, para levar, na esplanada ou em eventos festivos. <\/p>\n<p data-start=\"1521\" data-end=\"1843\">Para al\u00e9m de ser pr\u00e1tico, este pequeno detalhe demonstra o seu profissionalismo e a aten\u00e7\u00e3o que presta aos seus convidados. Porque no sector da restaura\u00e7\u00e3o, \u00e9 muitas vezes este tipo de aten\u00e7\u00e3o que faz toda a diferen\u00e7a. Com o <strong data-start=\"1738\" data-end=\"1770\">lava-dedos 1000 lim\u00f5es<\/strong>, pode combinar <strong data-start=\"1786\" data-end=\"1821\">limpeza, conforto e efic\u00e1cia<\/strong> num \u00fanico gesto.  <\/p>\n<p>&nbsp;<\/p>\n<p><!--more--><\/p>\n<h4>Vantagens :<\/h4>\n<ul>\n<li>Higiene garantida gra\u00e7as \u00e0 embalagem individual.<\/li>\n<li>R\u00e1pido e f\u00e1cil de utilizar.<\/li>\n<li>Fragr\u00e2ncia fresca de lim\u00e3o que deixa uma sensa\u00e7\u00e3o agrad\u00e1vel.<\/li>\n<li>Formato econ\u00f3mico com 1000 unidades.<\/li>\n<li><strong data-start=\"2074\" data-end=\"2088\">Vers\u00e1til<\/strong>: adequado para catering, eventos e refei\u00e7\u00f5es com amigos.<\/li>\n<\/ul>\n<p>&nbsp;<\/p>\n<p><!--more--><\/p>\n<h4>Outras informa\u00e7\u00f5es :<\/h4>\n<ul>\n<li><strong>Embalagem<\/strong>: Caixa de 1000<\/li>\n<li><strong>Dimens\u00f5es<\/strong>: 135 x 130 mm<\/li>\n<li>Solu\u00e7\u00e3o com aroma a lim\u00e3o<\/li>\n<\/ul>\n<p>&nbsp;<\/p>\n<p><!--more--><\/p>\n<p><a href=\"https:\/\/www.csj-emballages.com\/pt-pt\/categorie-produit\/embalagem-de-alimentos\/restauracao\/guardanapos-jogos-americanos-toalhas-de-mesa\/toalhetes-para-os-dedos\/\">Ver o resto da nossa gama de toalhetes para os dedos<\/a><\/p>\n","protected":false},"excerpt":{"rendered":"<p>Enxaguamento dos dedos Descobre o nosso enxaguamento de dedos com lim\u00e3o por 1000<\/p>\n","protected":false},"featured_media":215574,"template":"","meta":{"_acf_changed":false},"product_brand":[],"product_cat":[1141,1138,1139,3251],"product_tag":[],"class_list":{"0":"post-22886","1":"product","2":"type-product","3":"status-publish","4":"has-post-thumbnail","6":"product_cat-embalagem-de-alimentos","7":"product_cat-restauracao","8":"product_cat-guardanapos-jogos-americanos-toalhas-de-mesa","9":"product_cat-toalhetes-para-os-dedos","11":"first","12":"instock","13":"taxable","14":"shipping-taxable","15":"purchasable","16":"product-type-simple"},"acf":[],"yoast_head":"<!-- This site is optimized with the Yoast SEO Premium plugin v26.6 (Yoast SEO v26.6) - https:\/\/yoast.com\/wordpress\/plugins\/seo\/ -->\n<title>Toalhetes de enxaguamento Lim\u00e3o - Por 1000<\/title>\n<meta name=\"description\" content=\"Descubra as nossas toalhas de lavagem dos dedos com aroma a lim\u00e3o. Vendidos em caixas de 1000 unidades, s\u00e3o pr\u00e1ticos e cheirosos.\" \/>\n<meta name=\"robots\" content=\"index, follow, max-snippet:-1, max-image-preview:large, max-video-preview:-1\" \/>\n<link rel=\"canonical\" href=\"https:\/\/www.csj-emballages.com\/pt-pt\/produit\/1000-toalhetes-de-lavagem-dos-dedos-com-limao\/\" \/>\n<meta property=\"og:locale\" content=\"pt_PT\" \/>\n<meta property=\"og:type\" content=\"article\" \/>\n<meta property=\"og:title\" content=\"Conjunto de 1000 unidades de enxaguamento dos dedos com lim\u00e3o\" \/>\n<meta property=\"og:description\" content=\"Descubra as nossas toalhas de lavagem dos dedos com aroma a lim\u00e3o. Vendidos em caixas de 1000 unidades, s\u00e3o pr\u00e1ticos e cheirosos.\" \/>\n<meta property=\"og:url\" content=\"https:\/\/www.csj-emballages.com\/pt-pt\/produit\/1000-toalhetes-de-lavagem-dos-dedos-com-limao\/\" \/>\n<meta property=\"og:site_name\" content=\"CSJ Emballages\" \/>\n<meta property=\"article:publisher\" content=\"https:\/\/www.facebook.com\/csjemballages\" \/>\n<meta property=\"article:modified_time\" content=\"2026-04-29T00:17:08+00:00\" \/>\n<meta property=\"og:image\" content=\"https:\/\/www.csj-emballages.com\/wp-content\/uploads\/2024\/03\/rince-doigt.webp\" \/>\n\t<meta property=\"og:image:width\" content=\"800\" \/>\n\t<meta property=\"og:image:height\" content=\"800\" \/>\n\t<meta property=\"og:image:type\" content=\"image\/webp\" \/>\n<meta name=\"twitter:card\" content=\"summary_large_image\" \/>\n<meta name=\"twitter:label1\" content=\"Tempo estimado de leitura\" \/>\n\t<meta name=\"twitter:data1\" content=\"2 minutos\" \/>\n<script type=\"application\/ld+json\" class=\"yoast-schema-graph\">{\"@context\":\"https:\/\/schema.org\",\"@graph\":[{\"@type\":\"WebPage\",\"@id\":\"https:\/\/www.csj-emballages.com\/pt-pt\/produit\/1000-toalhetes-de-lavagem-dos-dedos-com-limao\/\",\"url\":\"https:\/\/www.csj-emballages.com\/pt-pt\/produit\/1000-toalhetes-de-lavagem-dos-dedos-com-limao\/\",\"name\":\"Toalhetes de enxaguamento Lim\u00e3o - Por 1000\",\"isPartOf\":{\"@id\":\"https:\/\/www.csj-emballages.com\/pt-pt\/#website\"},\"primaryImageOfPage\":{\"@id\":\"https:\/\/www.csj-emballages.com\/pt-pt\/produit\/1000-toalhetes-de-lavagem-dos-dedos-com-limao\/#primaryimage\"},\"image\":{\"@id\":\"https:\/\/www.csj-emballages.com\/pt-pt\/produit\/1000-toalhetes-de-lavagem-dos-dedos-com-limao\/#primaryimage\"},\"thumbnailUrl\":\"https:\/\/www.csj-emballages.com\/wp-content\/uploads\/2024\/03\/rince-doigt.webp\",\"datePublished\":\"2024-03-01T15:50:18+00:00\",\"dateModified\":\"2026-04-29T00:17:08+00:00\",\"description\":\"Descubra as nossas toalhas de lavagem dos dedos com aroma a lim\u00e3o. Vendidos em caixas de 1000 unidades, s\u00e3o pr\u00e1ticos e cheirosos.\",\"breadcrumb\":{\"@id\":\"https:\/\/www.csj-emballages.com\/pt-pt\/produit\/1000-toalhetes-de-lavagem-dos-dedos-com-limao\/#breadcrumb\"},\"inLanguage\":\"pt-PT\",\"potentialAction\":[{\"@type\":\"ReadAction\",\"target\":[\"https:\/\/www.csj-emballages.com\/pt-pt\/produit\/1000-toalhetes-de-lavagem-dos-dedos-com-limao\/\"]}]},{\"@type\":\"ImageObject\",\"inLanguage\":\"pt-PT\",\"@id\":\"https:\/\/www.csj-emballages.com\/pt-pt\/produit\/1000-toalhetes-de-lavagem-dos-dedos-com-limao\/#primaryimage\",\"url\":\"https:\/\/www.csj-emballages.com\/wp-content\/uploads\/2024\/03\/rince-doigt.webp\",\"contentUrl\":\"https:\/\/www.csj-emballages.com\/wp-content\/uploads\/2024\/03\/rince-doigt.webp\",\"width\":800,\"height\":800,\"caption\":\"Rince doigt\"},{\"@type\":\"BreadcrumbList\",\"@id\":\"https:\/\/www.csj-emballages.com\/pt-pt\/produit\/1000-toalhetes-de-lavagem-dos-dedos-com-limao\/#breadcrumb\",\"itemListElement\":[{\"@type\":\"ListItem\",\"position\":1,\"name\":\"Acolhimento\",\"item\":\"https:\/\/www.csj-emballages.com\/pt-pt\/universo-das-embalagens-alimentares\/\"},{\"@type\":\"ListItem\",\"position\":2,\"name\":\"Shop\",\"item\":\"https:\/\/www.csj-emballages.com\/shop\/\"},{\"@type\":\"ListItem\",\"position\":3,\"name\":\"Conjunto de 1000 unidades de enxaguamento dos dedos com lim\u00e3o\"}]},{\"@type\":\"WebSite\",\"@id\":\"https:\/\/www.csj-emballages.com\/pt-pt\/#website\",\"url\":\"https:\/\/www.csj-emballages.com\/pt-pt\/\",\"name\":\"CSJ Emballages\",\"description\":\"\",\"publisher\":{\"@id\":\"https:\/\/www.csj-emballages.com\/pt-pt\/#organization\"},\"potentialAction\":[{\"@type\":\"SearchAction\",\"target\":{\"@type\":\"EntryPoint\",\"urlTemplate\":\"https:\/\/www.csj-emballages.com\/pt-pt\/?s={search_term_string}\"},\"query-input\":{\"@type\":\"PropertyValueSpecification\",\"valueRequired\":true,\"valueName\":\"search_term_string\"}}],\"inLanguage\":\"pt-PT\"},{\"@type\":\"Organization\",\"@id\":\"https:\/\/www.csj-emballages.com\/pt-pt\/#Organization\/\",\"name\":\"CSJ Emballages\",\"url\":\"https:\/\/www.csj-emballages.com\/pt-pt\/\",\"logo\":{\"@type\":\"ImageObject\",\"inLanguage\":\"pt-PT\",\"@id\":\"https:\/\/www.csj-emballages.com\/pt-pt\/#\/schema\/logo\/image\/\",\"url\":\"https:\/\/www.csj-emballages.com\/wp-content\/uploads\/2023\/10\/logo_csj.webp\",\"contentUrl\":\"https:\/\/www.csj-emballages.com\/wp-content\/uploads\/2023\/10\/logo_csj.webp\",\"width\":250,\"height\":95,\"caption\":\"CSJ Emballages\"},\"image\":{\"@id\":\"https:\/\/www.csj-emballages.com\/pt-pt\/#\/schema\/logo\/image\/\"},\"sameAs\":[\"https:\/\/www.facebook.com\/csjemballages\"],\"address\":{\"@type\":\"PostalAddress\",\"streetAddress\":\"ZI La Lechere\",\"addressLocality\":\"Patornay\",\"postalCode\":\"39130\",\"addressCountry\":\"FR\"},\"contactPoint\":[{\"@type\":\"ContactPoint\",\"contactType\":\"Service client\",\"telephone\":\"0384254272\",\"email\":\"contact@csj-emballages.com\"}]}]}<\/script>\n<!-- \/ Yoast SEO Premium plugin. -->","yoast_head_json":{"title":"Toalhetes de enxaguamento Lim\u00e3o - Por 1000","description":"Descubra as nossas toalhas de lavagem dos dedos com aroma a lim\u00e3o. Vendidos em caixas de 1000 unidades, s\u00e3o pr\u00e1ticos e cheirosos.","robots":{"index":"index","follow":"follow","max-snippet":"max-snippet:-1","max-image-preview":"max-image-preview:large","max-video-preview":"max-video-preview:-1"},"canonical":"https:\/\/www.csj-emballages.com\/pt-pt\/produit\/1000-toalhetes-de-lavagem-dos-dedos-com-limao\/","og_locale":"pt_PT","og_type":"article","og_title":"Conjunto de 1000 unidades de enxaguamento dos dedos com lim\u00e3o","og_description":"Descubra as nossas toalhas de lavagem dos dedos com aroma a lim\u00e3o. Vendidos em caixas de 1000 unidades, s\u00e3o pr\u00e1ticos e cheirosos.","og_url":"https:\/\/www.csj-emballages.com\/pt-pt\/produit\/1000-toalhetes-de-lavagem-dos-dedos-com-limao\/","og_site_name":"CSJ Emballages","article_publisher":"https:\/\/www.facebook.com\/csjemballages","article_modified_time":"2026-04-29T00:17:08+00:00","og_image":[{"width":800,"height":800,"url":"https:\/\/www.csj-emballages.com\/wp-content\/uploads\/2024\/03\/rince-doigt.webp","type":"image\/webp"}],"twitter_card":"summary_large_image","twitter_misc":{"Tempo estimado de leitura":"2 minutos"},"schema":{"@context":"https:\/\/schema.org","@graph":[{"@type":"WebPage","@id":"https:\/\/www.csj-emballages.com\/pt-pt\/produit\/1000-toalhetes-de-lavagem-dos-dedos-com-limao\/","url":"https:\/\/www.csj-emballages.com\/pt-pt\/produit\/1000-toalhetes-de-lavagem-dos-dedos-com-limao\/","name":"Toalhetes de enxaguamento Lim\u00e3o - Por 1000","isPartOf":{"@id":"https:\/\/www.csj-emballages.com\/pt-pt\/#website"},"primaryImageOfPage":{"@id":"https:\/\/www.csj-emballages.com\/pt-pt\/produit\/1000-toalhetes-de-lavagem-dos-dedos-com-limao\/#primaryimage"},"image":{"@id":"https:\/\/www.csj-emballages.com\/pt-pt\/produit\/1000-toalhetes-de-lavagem-dos-dedos-com-limao\/#primaryimage"},"thumbnailUrl":"https:\/\/www.csj-emballages.com\/wp-content\/uploads\/2024\/03\/rince-doigt.webp","datePublished":"2024-03-01T15:50:18+00:00","dateModified":"2026-04-29T00:17:08+00:00","description":"Descubra as nossas toalhas de lavagem dos dedos com aroma a lim\u00e3o. Vendidos em caixas de 1000 unidades, s\u00e3o pr\u00e1ticos e cheirosos.","breadcrumb":{"@id":"https:\/\/www.csj-emballages.com\/pt-pt\/produit\/1000-toalhetes-de-lavagem-dos-dedos-com-limao\/#breadcrumb"},"inLanguage":"pt-PT","potentialAction":[{"@type":"ReadAction","target":["https:\/\/www.csj-emballages.com\/pt-pt\/produit\/1000-toalhetes-de-lavagem-dos-dedos-com-limao\/"]}]},{"@type":"ImageObject","inLanguage":"pt-PT","@id":"https:\/\/www.csj-emballages.com\/pt-pt\/produit\/1000-toalhetes-de-lavagem-dos-dedos-com-limao\/#primaryimage","url":"https:\/\/www.csj-emballages.com\/wp-content\/uploads\/2024\/03\/rince-doigt.webp","contentUrl":"https:\/\/www.csj-emballages.com\/wp-content\/uploads\/2024\/03\/rince-doigt.webp","width":800,"height":800,"caption":"Rince doigt"},{"@type":"BreadcrumbList","@id":"https:\/\/www.csj-emballages.com\/pt-pt\/produit\/1000-toalhetes-de-lavagem-dos-dedos-com-limao\/#breadcrumb","itemListElement":[{"@type":"ListItem","position":1,"name":"Acolhimento","item":"https:\/\/www.csj-emballages.com\/pt-pt\/universo-das-embalagens-alimentares\/"},{"@type":"ListItem","position":2,"name":"Shop","item":"https:\/\/www.csj-emballages.com\/shop\/"},{"@type":"ListItem","position":3,"name":"Conjunto de 1000 unidades de enxaguamento dos dedos com lim\u00e3o"}]},{"@type":"WebSite","@id":"https:\/\/www.csj-emballages.com\/pt-pt\/#website","url":"https:\/\/www.csj-emballages.com\/pt-pt\/","name":"CSJ Emballages","description":"","publisher":{"@id":"https:\/\/www.csj-emballages.com\/pt-pt\/#organization"},"potentialAction":[{"@type":"SearchAction","target":{"@type":"EntryPoint","urlTemplate":"https:\/\/www.csj-emballages.com\/pt-pt\/?s={search_term_string}"},"query-input":{"@type":"PropertyValueSpecification","valueRequired":true,"valueName":"search_term_string"}}],"inLanguage":"pt-PT"},{"@type":"Organization","@id":"https:\/\/www.csj-emballages.com\/pt-pt\/#Organization\/","name":"CSJ Emballages","url":"https:\/\/www.csj-emballages.com\/pt-pt\/","logo":{"@type":"ImageObject","inLanguage":"pt-PT","@id":"https:\/\/www.csj-emballages.com\/pt-pt\/#\/schema\/logo\/image\/","url":"https:\/\/www.csj-emballages.com\/wp-content\/uploads\/2023\/10\/logo_csj.webp","contentUrl":"https:\/\/www.csj-emballages.com\/wp-content\/uploads\/2023\/10\/logo_csj.webp","width":250,"height":95,"caption":"CSJ Emballages"},"image":{"@id":"https:\/\/www.csj-emballages.com\/pt-pt\/#\/schema\/logo\/image\/"},"sameAs":["https:\/\/www.facebook.com\/csjemballages"],"address":{"@type":"PostalAddress","streetAddress":"ZI La Lechere","addressLocality":"Patornay","postalCode":"39130","addressCountry":"FR"},"contactPoint":[{"@type":"ContactPoint","contactType":"Service client","telephone":"0384254272","email":"contact@csj-emballages.com"}]}]}},"df_price":29.62,"df_sale_price":"","df_regular_price":29.62,"df_image_link":"https:\/\/www.csj-emballages.com\/wp-content\/uploads\/2024\/03\/rince-doigt-300x300.webp","tiered_pricing_type":"fixed","tiered_pricing_fixed_rules":[],"tiered_pricing_percentage_rules":[],"tiered_pricing_minimum":1,"tiered_pricing_roles_data":[],"_links":{"self":[{"href":"https:\/\/www.csj-emballages.com\/pt-pt\/wp-json\/wp\/v2\/product\/22886","targetHints":{"allow":["GET"]}}],"collection":[{"href":"https:\/\/www.csj-emballages.com\/pt-pt\/wp-json\/wp\/v2\/product"}],"about":[{"href":"https:\/\/www.csj-emballages.com\/pt-pt\/wp-json\/wp\/v2\/types\/product"}],"wp:featuredmedia":[{"embeddable":true,"href":"https:\/\/www.csj-emballages.com\/pt-pt\/wp-json\/wp\/v2\/media\/215574"}],"wp:attachment":[{"href":"https:\/\/www.csj-emballages.com\/pt-pt\/wp-json\/wp\/v2\/media?parent=22886"}],"wp:term":[{"taxonomy":"product_brand","embeddable":true,"href":"https:\/\/www.csj-emballages.com\/pt-pt\/wp-json\/wp\/v2\/product_brand?post=22886"},{"taxonomy":"product_cat","embeddable":true,"href":"https:\/\/www.csj-emballages.com\/pt-pt\/wp-json\/wp\/v2\/product_cat?post=22886"},{"taxonomy":"product_tag","embeddable":true,"href":"https:\/\/www.csj-emballages.com\/pt-pt\/wp-json\/wp\/v2\/product_tag?post=22886"}],"curies":[{"name":"wp","href":"https:\/\/api.w.org\/{rel}","templated":true}]}}