{"id":228765,"date":"2024-11-16T02:18:13","date_gmt":"2024-11-16T01:18:13","guid":{"rendered":"https:\/\/www.csj-emballages.com\/produit\/saco-de-compras-reutilizavel-em-tecido-pp-com-padrao-gifts-40-24-x-35-cm\/"},"modified":"2026-05-01T02:14:22","modified_gmt":"2026-05-01T00:14:22","slug":"saco-de-compras-reutilizavel-em-tecido-pp-com-padrao-gifts-40-24-x-35-cm","status":"publish","type":"product","link":"https:\/\/www.csj-emballages.com\/pt-pt\/produit\/saco-de-compras-reutilizavel-em-tecido-pp-com-padrao-gifts-40-24-x-35-cm\/","title":{"rendered":"Saco de compras reutiliz\u00e1vel em tecido PP com padr\u00e3o &#8220;Gifts&#8221; 40 + 24 x 35 cm"},"content":{"rendered":"<div style=\"font-family: Roboto, sans-serif;\">\n<div style=\"font-family: Roboto, sans-serif;\">\n<div style=\"font-family: Roboto, sans-serif;\">\n<div style=\"font-family: Roboto, sans-serif;\">\n<div style=\"font-family: Roboto, sans-serif;\">\n<div style=\"font-family: Roboto, sans-serif;\">\n<div style=\"font-family: Roboto, sans-serif;\">\n<div style=\"font-family: Roboto, sans-serif;\">\n<div style=\"font-family: Roboto, sans-serif;\">\n<div style=\"font-family: Roboto, sans-serif;\">\n<div style=\"font-family: Roboto, sans-serif;\">\n<div style=\"font-family: Roboto, sans-serif;\">\n<div style=\"font-family: Roboto, sans-serif;\">\n<div class=\"flex flex-grow flex-col max-w-full\">\n<div class=\"min-h-[20px] text-message flex flex-col items-start whitespace-pre-wrap break-words [.text-message+&amp;]:mt-5 juice:w-full juice:items-end overflow-x-auto gap-2\" dir=\"auto\" data-message-author-role=\"assistant\" data-message-id=\"2034782e-88f9-44ef-b4dc-07dd7bf0115f\">\n<div class=\"flex w-full flex-col gap-1 juice:empty:hidden juice:first:pt-[3px]\">\n<div class=\"markdown prose w-full break-words dark:prose-invert light\">\n<div style=\"font-family: Roboto, sans-serif;\">\n<div style=\"font-family: Roboto, sans-serif;\">\n<div style=\"font-family: Roboto, sans-serif;\">\n<div style=\"font-family: Roboto, sans-serif;\">\n<div style=\"font-family: Roboto, sans-serif;\">\n<div style=\"font-family: Roboto, sans-serif;\">\n<h2>Saco de compras<\/h2>\n<div style=\"font-family: Roboto, sans-serif;\">\n<div style=\"font-family: Roboto, sans-serif;\">\n<div style=\"font-family: Roboto, sans-serif;\">\n<div style=\"text-align: center;\">\n<div style=\"font-family: Roboto, sans-serif;\">\n<div style=\"font-family: Roboto, sans-serif;\">\n<div style=\"font-family: Roboto, sans-serif;\">\n<div style=\"font-family: Roboto, sans-serif;\">\n<div style=\"font-family: Roboto, sans-serif;\">\n<div style=\"font-family: Roboto, sans-serif; text-align: left;\">\n<hr>\n<h3 style=\"text-align: left;\">Descri\u00e7\u00e3o do nosso saco de compras &#8220;Gifts&#8221; em PP 40 + 24 x 35 cm<!--more--><\/h3>\n<\/div>\n<\/div>\n<\/div>\n<\/div>\n<\/div>\n<\/div>\n<\/div>\n<\/div>\n<\/div>\n<\/div>\n<\/div>\n<\/div>\n<\/div>\n<\/div>\n<\/div>\n<\/div>\n<\/div>\n<\/div>\n<\/div>\n<\/div>\n<\/div>\n<\/div>\n<\/div>\n<\/div>\n<\/div>\n<\/div>\n<\/div>\n<\/div>\n<\/div>\n<\/div>\n<\/div>\n<\/div>\n<\/div>\n<p>Opte por um <strong>saco de compras de Natal<\/strong> perfeito para todas as suas compras ou <strong>presentes<\/strong> de Natal. Este modelo com o motivo<strong>&#8220;Gifts&#8221;<\/strong> combina design festivo e car\u00e1cter pr\u00e1tico. \u00c9 fabricado em <strong>polipropileno tecido<\/strong>, pelo que \u00e9 o mais robusto poss\u00edvel para uma utiliza\u00e7\u00e3o regular e prolongada. Tamb\u00e9m ir\u00e1 apreciar o facto de ser leve, tornando-o f\u00e1cil de transportar, mesmo quando cheio. O <strong>saco de compras<\/strong> \u00e9 uma alternativa sustent\u00e1vel aos sacos de utiliza\u00e7\u00e3o \u00fanica. Reutiliz\u00e1vel \u00e0 vontade, reduz os res\u00edduos de pl\u00e1stico. O seu design <strong>em PP tecido<\/strong> torna-o um aliado ecol\u00f3gico perfeito para a \u00e9poca festiva. Porqu\u00ea deitar fora embalagens quando um <strong>saco de compras personalizado<\/strong> pode ser utilizado vezes sem conta?       <\/p>\n<p>Com as suas dimens\u00f5es generosas de <strong>40 + 24 x 35 cm<\/strong>, este <strong>saco de Natal<\/strong> pode conter objectos volumosos. Perfeito para transportar as suas compras, \u00e9 tamb\u00e9m ideal para os seus <strong>presentes<\/strong> de Natal. As suas pegas robustas proporcionam uma ader\u00eancia confort\u00e1vel, mesmo quando o conte\u00fado \u00e9 pesado. Ao utilizar este <strong>saco personalizado<\/strong>, estar\u00e1 a combinar eleg\u00e2ncia e praticidade.   <\/p>\n<p>&nbsp;<\/p>\n<p><!--more--><\/p>\n<h4>Ideal para todas as ocasi\u00f5es<\/h4>\n<p>Este <strong>saco de Natal<\/strong> com um motivo festivo pode ser adaptado a todas as suas necessidades. \u00c9 perfeito para fazer compras, mas tamb\u00e9m ideal para oferecer presentes numa embalagem \u00fanica e pr\u00e1tica. Escolha um <strong>saco personalizado<\/strong> que reflicta o esp\u00edrito festivo e seja funcional. Ao contr\u00e1rio dos sacos descart\u00e1veis, este <strong>saco<\/strong> foi concebido para durar. Pode suportar cargas pesadas sem se deformar ou rasgar. Ao oferecer ou utilizar este <strong>saco de Natal<\/strong>, est\u00e1 a optar pela qualidade e durabilidade.     <\/p>\n<div style=\"font-family: Roboto, sans-serif;\">\n<div style=\"font-family: Roboto, sans-serif;\">\n<div style=\"font-family: Roboto, sans-serif;\">\n<div style=\"font-family: Roboto, sans-serif;\">\n<div style=\"font-family: Roboto, sans-serif;\">\n<div style=\"font-family: Roboto, sans-serif;\">\n<div style=\"font-family: Roboto, sans-serif;\">\n<div style=\"font-family: Roboto, sans-serif;\">\n<div style=\"font-family: Roboto, sans-serif;\">\n<div style=\"font-family: Roboto, sans-serif;\">\n<div style=\"font-family: Roboto, sans-serif;\">\n<div style=\"font-family: Roboto, sans-serif;\">\n<div style=\"font-family: Roboto, sans-serif;\">\n<div class=\"flex flex-grow flex-col max-w-full\">\n<div class=\"min-h-[20px] text-message flex flex-col items-start whitespace-pre-wrap break-words [.text-message+&amp;]:mt-5 juice:w-full juice:items-end overflow-x-auto gap-2\" dir=\"auto\" data-message-author-role=\"assistant\" data-message-id=\"2034782e-88f9-44ef-b4dc-07dd7bf0115f\">\n<div class=\"flex w-full flex-col gap-1 juice:empty:hidden juice:first:pt-[3px]\">\n<div class=\"markdown prose w-full break-words dark:prose-invert light\">\n<div style=\"font-family: Roboto, sans-serif;\">\n<div style=\"font-family: Roboto, sans-serif;\">\n<div style=\"font-family: Roboto, sans-serif;\">\n<div style=\"font-family: Roboto, sans-serif;\">\n<div style=\"font-family: Roboto, sans-serif;\">\n<div style=\"font-family: Roboto, sans-serif;\">\n<p>O <strong>saco reutiliz\u00e1vel em tecido PP &#8220;Gifts&#8221;<\/strong> \u00e9 muito mais do que um simples saco. Combina praticidade, eleg\u00e2ncia e respeito pelo ambiente. As suas dimens\u00f5es generosas e o seu design s\u00f3lido fazem dele uma escolha essencial para ocasi\u00f5es festivas e para uso quotidiano. Escolha um <strong>saco de compras de Natal<\/strong> ou um <strong>saco de compras personalizado<\/strong> para uma ocasi\u00e3o festiva e respons\u00e1vel.   <\/p>\n<p>&nbsp;<\/p>\n<p><!--more--><\/p>\n<h4 style=\"text-align: left;\"><strong>As vantagens deste saco de boutique :<\/strong><\/h4>\n<ul>\n<li><strong>Durabilidade excecional<\/strong>: fabricado em polipropileno tecido, resiste ao desgaste e suporta cargas pesadas.<\/li>\n<li><strong>Reutiliz\u00e1vel e amigo do ambiente<\/strong>: reduz os res\u00edduos de pl\u00e1stico atrav\u00e9s de uma reutiliza\u00e7\u00e3o prolongada.<\/li>\n<li><strong>Design festivo e vers\u00e1til<\/strong>: o motivo<strong>&#8220;Gifts&#8221;<\/strong> confere um toque elegante e festivo, perfeito para o Natal.<\/li>\n<li><strong>F\u00e1cil de transportar<\/strong>: pegas refor\u00e7adas para um conforto \u00f3timo, mesmo com cargas pesadas<\/li>\n<\/ul>\n<p>&nbsp;<\/p>\n<\/div>\n<\/div>\n<\/div>\n<\/div>\n<\/div>\n<\/div>\n<\/div>\n<\/div>\n<\/div>\n<\/div>\n<\/div>\n<\/div>\n<\/div>\n<\/div>\n<\/div>\n<\/div>\n<\/div>\n<\/div>\n<\/div>\n<\/div>\n<\/div>\n<\/div>\n<\/div>\n<p><!--more--><\/p>\n<h4>Outras informa\u00e7\u00f5es :<\/h4>\n<ul style=\"font-family: Roboto, sans-serif;\">\n<li><strong>Embalagem<\/strong>: Por unidade<\/li>\n<li><span style=\"font-weight: bold;\">Dimens\u00f5es<\/span>: 40 + 24 x 35 cm<\/li>\n<li><strong>Material<\/strong>: Polipropileno tecido<\/li>\n<\/ul>\n<p>&nbsp;<\/p>\n<p style=\"text-align: left;\"><!--more--><\/p>\n<p><a href=\"https:\/\/www.csj-emballages.com\/pt-pt\/categorie-produit\/embalagem-de-alimentos\/loja-e-armazem\/sacos-saquetas\/sacos-de-boutique\/\">Ver o resto da nossa gama de sacos de viagem<\/a><\/p>\n","protected":false},"excerpt":{"rendered":"<p>Saco de compras Descri\u00e7\u00e3o do nosso saco de compras &#8220;Gifts&#8221; em PP 40 + 24 x 35 cm<\/p>\n","protected":false},"featured_media":176567,"template":"","meta":{"_acf_changed":false},"product_brand":[],"product_cat":[1141,1482,3921,1840],"product_tag":[],"class_list":{"0":"post-228765","1":"product","2":"type-product","3":"status-publish","4":"has-post-thumbnail","6":"product_cat-embalagem-de-alimentos","7":"product_cat-loja-e-armazem","8":"product_cat-sacos-saquetas","9":"product_cat-sacos-de-boutique","11":"first","12":"outofstock","13":"taxable","14":"shipping-taxable","15":"purchasable","16":"product-type-simple"},"acf":[],"yoast_head":"<!-- This site is optimized with the Yoast SEO Premium plugin v26.6 (Yoast SEO v26.6) - https:\/\/yoast.com\/wordpress\/plugins\/seo\/ -->\n<title>Saco de Natal - 40 + 24 x 35 cm<\/title>\n<meta name=\"description\" content=\"Descubra o saco de compras com o padr\u00e3o &quot;Gifts&quot; em tecido PP reutiliz\u00e1vel: resistente, ecol\u00f3gico e festivo. Perfeito para o Natal e para as suas necessidades di\u00e1rias!\" \/>\n<meta name=\"robots\" content=\"index, follow, max-snippet:-1, max-image-preview:large, max-video-preview:-1\" \/>\n<link rel=\"canonical\" href=\"https:\/\/www.csj-emballages.com\/pt-pt\/produit\/saco-de-compras-reutilizavel-em-tecido-pp-com-padrao-gifts-40-24-x-35-cm\/\" \/>\n<meta property=\"og:locale\" content=\"pt_PT\" \/>\n<meta property=\"og:type\" content=\"article\" \/>\n<meta property=\"og:title\" content=\"Saco de compras reutiliz\u00e1vel em tecido PP com padr\u00e3o &quot;Gifts&quot; 40 + 24 x 35 cm\" \/>\n<meta property=\"og:description\" content=\"Descubra o saco de compras com o padr\u00e3o &quot;Gifts&quot; em tecido PP reutiliz\u00e1vel: resistente, ecol\u00f3gico e festivo. Perfeito para o Natal e para as suas necessidades di\u00e1rias!\" \/>\n<meta property=\"og:url\" content=\"https:\/\/www.csj-emballages.com\/pt-pt\/produit\/saco-de-compras-reutilizavel-em-tecido-pp-com-padrao-gifts-40-24-x-35-cm\/\" \/>\n<meta property=\"og:site_name\" content=\"CSJ Emballages\" \/>\n<meta property=\"article:publisher\" content=\"https:\/\/www.facebook.com\/csjemballages\" \/>\n<meta property=\"article:modified_time\" content=\"2026-05-01T00:14:22+00:00\" \/>\n<meta property=\"og:image\" content=\"https:\/\/www.csj-emballages.com\/wp-content\/uploads\/2024\/11\/Saccabasnoel-scaled-e1732088230270.webp\" \/>\n\t<meta property=\"og:image:width\" content=\"2048\" \/>\n\t<meta property=\"og:image:height\" content=\"2048\" \/>\n\t<meta property=\"og:image:type\" content=\"image\/webp\" \/>\n<meta name=\"twitter:card\" content=\"summary_large_image\" \/>\n<meta name=\"twitter:label1\" content=\"Tempo estimado de leitura\" \/>\n\t<meta name=\"twitter:data1\" content=\"2 minutos\" \/>\n<script type=\"application\/ld+json\" class=\"yoast-schema-graph\">{\"@context\":\"https:\/\/schema.org\",\"@graph\":[{\"@type\":\"WebPage\",\"@id\":\"https:\/\/www.csj-emballages.com\/pt-pt\/produit\/saco-de-compras-reutilizavel-em-tecido-pp-com-padrao-gifts-40-24-x-35-cm\/\",\"url\":\"https:\/\/www.csj-emballages.com\/pt-pt\/produit\/saco-de-compras-reutilizavel-em-tecido-pp-com-padrao-gifts-40-24-x-35-cm\/\",\"name\":\"Saco de Natal - 40 + 24 x 35 cm\",\"isPartOf\":{\"@id\":\"https:\/\/www.csj-emballages.com\/pt-pt\/#website\"},\"primaryImageOfPage\":{\"@id\":\"https:\/\/www.csj-emballages.com\/pt-pt\/produit\/saco-de-compras-reutilizavel-em-tecido-pp-com-padrao-gifts-40-24-x-35-cm\/#primaryimage\"},\"image\":{\"@id\":\"https:\/\/www.csj-emballages.com\/pt-pt\/produit\/saco-de-compras-reutilizavel-em-tecido-pp-com-padrao-gifts-40-24-x-35-cm\/#primaryimage\"},\"thumbnailUrl\":\"https:\/\/www.csj-emballages.com\/wp-content\/uploads\/2024\/11\/Saccabasnoel-scaled-e1732088230270.webp\",\"datePublished\":\"2024-11-16T01:18:13+00:00\",\"dateModified\":\"2026-05-01T00:14:22+00:00\",\"description\":\"Descubra o saco de compras com o padr\u00e3o \\\"Gifts\\\" em tecido PP reutiliz\u00e1vel: resistente, ecol\u00f3gico e festivo. Perfeito para o Natal e para as suas necessidades di\u00e1rias!\",\"breadcrumb\":{\"@id\":\"https:\/\/www.csj-emballages.com\/pt-pt\/produit\/saco-de-compras-reutilizavel-em-tecido-pp-com-padrao-gifts-40-24-x-35-cm\/#breadcrumb\"},\"inLanguage\":\"pt-PT\",\"potentialAction\":[{\"@type\":\"ReadAction\",\"target\":[\"https:\/\/www.csj-emballages.com\/pt-pt\/produit\/saco-de-compras-reutilizavel-em-tecido-pp-com-padrao-gifts-40-24-x-35-cm\/\"]}]},{\"@type\":\"ImageObject\",\"inLanguage\":\"pt-PT\",\"@id\":\"https:\/\/www.csj-emballages.com\/pt-pt\/produit\/saco-de-compras-reutilizavel-em-tecido-pp-com-padrao-gifts-40-24-x-35-cm\/#primaryimage\",\"url\":\"https:\/\/www.csj-emballages.com\/wp-content\/uploads\/2024\/11\/Saccabasnoel-scaled-e1732088230270.webp\",\"contentUrl\":\"https:\/\/www.csj-emballages.com\/wp-content\/uploads\/2024\/11\/Saccabasnoel-scaled-e1732088230270.webp\",\"width\":2048,\"height\":2048,\"caption\":\"sac cabas\"},{\"@type\":\"BreadcrumbList\",\"@id\":\"https:\/\/www.csj-emballages.com\/pt-pt\/produit\/saco-de-compras-reutilizavel-em-tecido-pp-com-padrao-gifts-40-24-x-35-cm\/#breadcrumb\",\"itemListElement\":[{\"@type\":\"ListItem\",\"position\":1,\"name\":\"Acolhimento\",\"item\":\"https:\/\/www.csj-emballages.com\/pt-pt\/universo-das-embalagens-alimentares\/\"},{\"@type\":\"ListItem\",\"position\":2,\"name\":\"Shop\",\"item\":\"https:\/\/www.csj-emballages.com\/shop\/\"},{\"@type\":\"ListItem\",\"position\":3,\"name\":\"Saco de compras reutiliz\u00e1vel em tecido PP com padr\u00e3o \u00ab\u00a0Gifts\u00a0\u00bb 40 + 24 x 35 cm\"}]},{\"@type\":\"WebSite\",\"@id\":\"https:\/\/www.csj-emballages.com\/pt-pt\/#website\",\"url\":\"https:\/\/www.csj-emballages.com\/pt-pt\/\",\"name\":\"CSJ Emballages\",\"description\":\"\",\"publisher\":{\"@id\":\"https:\/\/www.csj-emballages.com\/pt-pt\/#organization\"},\"potentialAction\":[{\"@type\":\"SearchAction\",\"target\":{\"@type\":\"EntryPoint\",\"urlTemplate\":\"https:\/\/www.csj-emballages.com\/pt-pt\/?s={search_term_string}\"},\"query-input\":{\"@type\":\"PropertyValueSpecification\",\"valueRequired\":true,\"valueName\":\"search_term_string\"}}],\"inLanguage\":\"pt-PT\"},{\"@type\":\"Organization\",\"@id\":\"https:\/\/www.csj-emballages.com\/pt-pt\/#Organization\/\",\"name\":\"CSJ Emballages\",\"url\":\"https:\/\/www.csj-emballages.com\/pt-pt\/\",\"logo\":{\"@type\":\"ImageObject\",\"inLanguage\":\"pt-PT\",\"@id\":\"https:\/\/www.csj-emballages.com\/pt-pt\/#\/schema\/logo\/image\/\",\"url\":\"https:\/\/www.csj-emballages.com\/wp-content\/uploads\/2023\/10\/logo_csj.webp\",\"contentUrl\":\"https:\/\/www.csj-emballages.com\/wp-content\/uploads\/2023\/10\/logo_csj.webp\",\"width\":250,\"height\":95,\"caption\":\"CSJ Emballages\"},\"image\":{\"@id\":\"https:\/\/www.csj-emballages.com\/pt-pt\/#\/schema\/logo\/image\/\"},\"sameAs\":[\"https:\/\/www.facebook.com\/csjemballages\"],\"address\":{\"@type\":\"PostalAddress\",\"streetAddress\":\"ZI La Lechere\",\"addressLocality\":\"Patornay\",\"postalCode\":\"39130\",\"addressCountry\":\"FR\"},\"contactPoint\":[{\"@type\":\"ContactPoint\",\"contactType\":\"Service client\",\"telephone\":\"0384254272\",\"email\":\"contact@csj-emballages.com\"}]}]}<\/script>\n<!-- \/ Yoast SEO Premium plugin. -->","yoast_head_json":{"title":"Saco de Natal - 40 + 24 x 35 cm","description":"Descubra o saco de compras com o padr\u00e3o \"Gifts\" em tecido PP reutiliz\u00e1vel: resistente, ecol\u00f3gico e festivo. Perfeito para o Natal e para as suas necessidades di\u00e1rias!","robots":{"index":"index","follow":"follow","max-snippet":"max-snippet:-1","max-image-preview":"max-image-preview:large","max-video-preview":"max-video-preview:-1"},"canonical":"https:\/\/www.csj-emballages.com\/pt-pt\/produit\/saco-de-compras-reutilizavel-em-tecido-pp-com-padrao-gifts-40-24-x-35-cm\/","og_locale":"pt_PT","og_type":"article","og_title":"Saco de compras reutiliz\u00e1vel em tecido PP com padr\u00e3o \"Gifts\" 40 + 24 x 35 cm","og_description":"Descubra o saco de compras com o padr\u00e3o \"Gifts\" em tecido PP reutiliz\u00e1vel: resistente, ecol\u00f3gico e festivo. Perfeito para o Natal e para as suas necessidades di\u00e1rias!","og_url":"https:\/\/www.csj-emballages.com\/pt-pt\/produit\/saco-de-compras-reutilizavel-em-tecido-pp-com-padrao-gifts-40-24-x-35-cm\/","og_site_name":"CSJ Emballages","article_publisher":"https:\/\/www.facebook.com\/csjemballages","article_modified_time":"2026-05-01T00:14:22+00:00","og_image":[{"width":2048,"height":2048,"url":"https:\/\/www.csj-emballages.com\/wp-content\/uploads\/2024\/11\/Saccabasnoel-scaled-e1732088230270.webp","type":"image\/webp"}],"twitter_card":"summary_large_image","twitter_misc":{"Tempo estimado de leitura":"2 minutos"},"schema":{"@context":"https:\/\/schema.org","@graph":[{"@type":"WebPage","@id":"https:\/\/www.csj-emballages.com\/pt-pt\/produit\/saco-de-compras-reutilizavel-em-tecido-pp-com-padrao-gifts-40-24-x-35-cm\/","url":"https:\/\/www.csj-emballages.com\/pt-pt\/produit\/saco-de-compras-reutilizavel-em-tecido-pp-com-padrao-gifts-40-24-x-35-cm\/","name":"Saco de Natal - 40 + 24 x 35 cm","isPartOf":{"@id":"https:\/\/www.csj-emballages.com\/pt-pt\/#website"},"primaryImageOfPage":{"@id":"https:\/\/www.csj-emballages.com\/pt-pt\/produit\/saco-de-compras-reutilizavel-em-tecido-pp-com-padrao-gifts-40-24-x-35-cm\/#primaryimage"},"image":{"@id":"https:\/\/www.csj-emballages.com\/pt-pt\/produit\/saco-de-compras-reutilizavel-em-tecido-pp-com-padrao-gifts-40-24-x-35-cm\/#primaryimage"},"thumbnailUrl":"https:\/\/www.csj-emballages.com\/wp-content\/uploads\/2024\/11\/Saccabasnoel-scaled-e1732088230270.webp","datePublished":"2024-11-16T01:18:13+00:00","dateModified":"2026-05-01T00:14:22+00:00","description":"Descubra o saco de compras com o padr\u00e3o \"Gifts\" em tecido PP reutiliz\u00e1vel: resistente, ecol\u00f3gico e festivo. Perfeito para o Natal e para as suas necessidades di\u00e1rias!","breadcrumb":{"@id":"https:\/\/www.csj-emballages.com\/pt-pt\/produit\/saco-de-compras-reutilizavel-em-tecido-pp-com-padrao-gifts-40-24-x-35-cm\/#breadcrumb"},"inLanguage":"pt-PT","potentialAction":[{"@type":"ReadAction","target":["https:\/\/www.csj-emballages.com\/pt-pt\/produit\/saco-de-compras-reutilizavel-em-tecido-pp-com-padrao-gifts-40-24-x-35-cm\/"]}]},{"@type":"ImageObject","inLanguage":"pt-PT","@id":"https:\/\/www.csj-emballages.com\/pt-pt\/produit\/saco-de-compras-reutilizavel-em-tecido-pp-com-padrao-gifts-40-24-x-35-cm\/#primaryimage","url":"https:\/\/www.csj-emballages.com\/wp-content\/uploads\/2024\/11\/Saccabasnoel-scaled-e1732088230270.webp","contentUrl":"https:\/\/www.csj-emballages.com\/wp-content\/uploads\/2024\/11\/Saccabasnoel-scaled-e1732088230270.webp","width":2048,"height":2048,"caption":"sac cabas"},{"@type":"BreadcrumbList","@id":"https:\/\/www.csj-emballages.com\/pt-pt\/produit\/saco-de-compras-reutilizavel-em-tecido-pp-com-padrao-gifts-40-24-x-35-cm\/#breadcrumb","itemListElement":[{"@type":"ListItem","position":1,"name":"Acolhimento","item":"https:\/\/www.csj-emballages.com\/pt-pt\/universo-das-embalagens-alimentares\/"},{"@type":"ListItem","position":2,"name":"Shop","item":"https:\/\/www.csj-emballages.com\/shop\/"},{"@type":"ListItem","position":3,"name":"Saco de compras reutiliz\u00e1vel em tecido PP com padr\u00e3o \u00ab\u00a0Gifts\u00a0\u00bb 40 + 24 x 35 cm"}]},{"@type":"WebSite","@id":"https:\/\/www.csj-emballages.com\/pt-pt\/#website","url":"https:\/\/www.csj-emballages.com\/pt-pt\/","name":"CSJ Emballages","description":"","publisher":{"@id":"https:\/\/www.csj-emballages.com\/pt-pt\/#organization"},"potentialAction":[{"@type":"SearchAction","target":{"@type":"EntryPoint","urlTemplate":"https:\/\/www.csj-emballages.com\/pt-pt\/?s={search_term_string}"},"query-input":{"@type":"PropertyValueSpecification","valueRequired":true,"valueName":"search_term_string"}}],"inLanguage":"pt-PT"},{"@type":"Organization","@id":"https:\/\/www.csj-emballages.com\/pt-pt\/#Organization\/","name":"CSJ Emballages","url":"https:\/\/www.csj-emballages.com\/pt-pt\/","logo":{"@type":"ImageObject","inLanguage":"pt-PT","@id":"https:\/\/www.csj-emballages.com\/pt-pt\/#\/schema\/logo\/image\/","url":"https:\/\/www.csj-emballages.com\/wp-content\/uploads\/2023\/10\/logo_csj.webp","contentUrl":"https:\/\/www.csj-emballages.com\/wp-content\/uploads\/2023\/10\/logo_csj.webp","width":250,"height":95,"caption":"CSJ Emballages"},"image":{"@id":"https:\/\/www.csj-emballages.com\/pt-pt\/#\/schema\/logo\/image\/"},"sameAs":["https:\/\/www.facebook.com\/csjemballages"],"address":{"@type":"PostalAddress","streetAddress":"ZI La Lechere","addressLocality":"Patornay","postalCode":"39130","addressCountry":"FR"},"contactPoint":[{"@type":"ContactPoint","contactType":"Service client","telephone":"0384254272","email":"contact@csj-emballages.com"}]}]}},"df_price":1.33,"df_sale_price":"","df_regular_price":1.33,"df_image_link":"https:\/\/www.csj-emballages.com\/wp-content\/uploads\/2024\/11\/Saccabasnoel-300x300.webp","tiered_pricing_type":"fixed","tiered_pricing_fixed_rules":[],"tiered_pricing_percentage_rules":[],"tiered_pricing_minimum":1,"tiered_pricing_roles_data":[],"_links":{"self":[{"href":"https:\/\/www.csj-emballages.com\/pt-pt\/wp-json\/wp\/v2\/product\/228765","targetHints":{"allow":["GET"]}}],"collection":[{"href":"https:\/\/www.csj-emballages.com\/pt-pt\/wp-json\/wp\/v2\/product"}],"about":[{"href":"https:\/\/www.csj-emballages.com\/pt-pt\/wp-json\/wp\/v2\/types\/product"}],"wp:featuredmedia":[{"embeddable":true,"href":"https:\/\/www.csj-emballages.com\/pt-pt\/wp-json\/wp\/v2\/media\/176567"}],"wp:attachment":[{"href":"https:\/\/www.csj-emballages.com\/pt-pt\/wp-json\/wp\/v2\/media?parent=228765"}],"wp:term":[{"taxonomy":"product_brand","embeddable":true,"href":"https:\/\/www.csj-emballages.com\/pt-pt\/wp-json\/wp\/v2\/product_brand?post=228765"},{"taxonomy":"product_cat","embeddable":true,"href":"https:\/\/www.csj-emballages.com\/pt-pt\/wp-json\/wp\/v2\/product_cat?post=228765"},{"taxonomy":"product_tag","embeddable":true,"href":"https:\/\/www.csj-emballages.com\/pt-pt\/wp-json\/wp\/v2\/product_tag?post=228765"}],"curies":[{"name":"wp","href":"https:\/\/api.w.org\/{rel}","templated":true}]}}