{"id":22838,"date":"2024-03-01T16:50:19","date_gmt":"2024-03-01T15:50:19","guid":{"rendered":"https:\/\/u15jnbdpoq.preview.infomaniak.website\/produit\/50-frascos-de-cartao-descartaveis-de-350-ml\/"},"modified":"2026-04-03T02:19:17","modified_gmt":"2026-04-03T00:19:17","slug":"50-frascos-de-cartao-descartaveis-de-350-ml","status":"publish","type":"product","link":"https:\/\/www.csj-emballages.com\/pt-pt\/produit\/50-frascos-de-cartao-descartaveis-de-350-ml\/","title":{"rendered":"Frasco de cart\u00e3o 360 ml por 50"},"content":{"rendered":"<h2>Pote de embrulho<\/h2>\n<hr>\n<h3>Descubra o nosso frasco de cart\u00e3o de 360 ml (embalagem de 50)<\/h3>\n<p><!--more--><\/p>\n<p data-start=\"283\" data-end=\"724\">Se procura uma forma verdadeiramente inovadora de apresentar os seus <strong>wraps<\/strong>, este <strong data-start=\"371\" data-end=\"395\">frasco de cart\u00e3o de 360 ml<\/strong> vai claramente facilitar-lhe a vida. Concebido para caber perfeitamente na sua m\u00e3o, permite-lhe desfrutar de um <strong>wrap<\/strong> sem stress, sem migalhas por todo o lado e, sobretudo, sem que o recheio escorregue. Assim que o pega, pode sentir que foi concebido para ser utilizado em movimento, ideal para <strong>takeaways<\/strong> ou clientes com pressa que comem enquanto caminham.  <\/p>\n<p data-start=\"726\" data-end=\"1221\">Gra\u00e7as ao seu <strong>cart\u00e3o espesso<\/strong>, segura bem o <strong>inv\u00f3lucro<\/strong>, mesmo quando se servem receitas generosas ou ligeiramente suculentas. O <strong>frasco<\/strong> mant\u00e9m-se est\u00e1vel, n\u00e3o amolece e permanece r\u00edgido durante toda a refei\u00e7\u00e3o. Al\u00e9m disso, a abertura arredondada faz com que o produto se destaque da multid\u00e3o, pelo que basta olhar para ele para ter vontade de o trincar. Esta apresenta\u00e7\u00e3o valoriza automaticamente os seus <strong>wraps<\/strong>, quer esteja a preparar <strong>wraps cl\u00e1ssicos<\/strong>, <strong>vegetarianos<\/strong>, <strong>gourmet<\/strong> ou totalmente originais.   <\/p>\n<p data-start=\"1223\" data-end=\"1589\">Al\u00e9m disso, como \u00e9 vendida <strong data-start=\"1242\" data-end=\"1252\">em embalagens de 50 unidades<\/strong>, pode efetuar um servi\u00e7o completo sem se preocupar com a reposi\u00e7\u00e3o de stock. E, c\u00e1 entre n\u00f3s, todos apreciamos embalagens que sejam f\u00e1ceis de armazenar, r\u00e1pidas de utilizar e que d\u00eaem um toque moderno \u00e0 apresenta\u00e7\u00e3o. Ao adicionar um simples autocolante ou uma pequena fita kraft, pode criar uma identidade visual consistente sem esfor\u00e7o.  <\/p>\n<p data-start=\"1591\" data-end=\"1903\">Em suma, este <strong>pote de embrulho<\/strong> ajuda-o a oferecer um produto que \u00e9 um prazer comer.<\/p>\n<p data-start=\"1591\" data-end=\"1903\">\n<p><!--more--><\/p>\n<p>&nbsp;<\/p>\n<h4><strong>Vantagens :  <\/strong><\/h4>\n<ul>\n<li data-start=\"1931\" data-end=\"1980\">Perfeito para <strong>wraps<\/strong> generosos ou gourmet.<\/li>\n<li data-start=\"1983\" data-end=\"2034\">Pr\u00e1tico para levar e comer com uma m\u00e3o.<\/li>\n<li data-start=\"2037\" data-end=\"2063\">Cart\u00e3o r\u00edgido e duradouro.<\/li>\n<li data-start=\"2066\" data-end=\"2103\">Uma apresenta\u00e7\u00e3o moderna e atractiva.<\/li>\n<li data-start=\"2106\" data-end=\"2131\">Embalagem pr\u00e1tica de <strong>50 frascos.<\/strong><\/li>\n<\/ul>\n<p>.<\/p>\n<p>&nbsp;<\/p>\n<p><!--more--><\/p>\n<h4>Outras informa\u00e7\u00f5es :<\/h4>\n<ul>\n<li><strong>Embalagem<\/strong>: Pacote de 50<\/li>\n<li><strong>Di\u00e2metro superior<\/strong>: 80 mm<\/li>\n<li><strong>Di\u00e2metro inferior <\/strong>: 58 mm<\/li>\n<li><strong>Altura total<\/strong>: 120 mm<\/li>\n<li><strong>Meia altura<\/strong>: 70 mm<\/li>\n<li><strong>Volume<\/strong>: 360 ml<\/li>\n<li><strong>Material<\/strong>: Cart\u00e3o<\/li>\n<li><strong>Cor<\/strong>: castanho<\/li>\n<\/ul>\n<h2><\/h2>\n<p><!--more--><\/p>\n<p>Este produto est\u00e1 dispon\u00edvel em v\u00e1rios tamanhos:<span style=\"color: #d12727;\"> <a style=\"color: #d12727;\" href=\"https:\/\/www.csj-emballages.com\/produit\/50-pot-wrap-jetable-en-carton-250-ml\/\">250 ml<\/a> <span style=\"color: #000000;\">\/<\/span> <a style=\"color: #d12727;\" href=\"https:\/\/www.csj-emballages.com\/es\/produit\/envase-de-carton-de-480-ml-paquete-de-50\/\">480 ml<\/a><\/span><\/p>\n<p>&nbsp;<\/p>\n<p><!--more--><\/p>\n<p><a href=\"https:\/\/www.csj-emballages.com\/pt-pt\/categorie-produit\/embalagem-de-alimentos\/restauracao\/caixas-tabuleiros-bolsas-cones\/batatas-fritas-panquecas-tacos-wraps\/\"><span style=\"color: #000000;\">Ver o resto da nossa gama de bolsas<\/span>para batatas fritas \/ panquecas \/ tacos \/ wraps<\/a><\/p>\n","protected":false},"excerpt":{"rendered":"<p>Pote de embrulho Descubra o nosso frasco de cart\u00e3o de 360 ml (embalagem de 50)<\/p>\n","protected":false},"featured_media":230379,"template":"","meta":{"_acf_changed":false},"product_brand":[],"product_cat":[1141,1138,3926,3088,2409],"product_tag":[],"class_list":{"0":"post-22838","1":"product","2":"type-product","3":"status-publish","4":"has-post-thumbnail","6":"product_cat-embalagem-de-alimentos","7":"product_cat-restauracao","8":"product_cat-caixas-tabuleiros-bolsas-cones","9":"product_cat-batatas-fritas-panquecas-tacos-wraps","10":"product_cat-cones-e-tachos-de-massa-envoltorio-milho","12":"first","13":"instock","14":"taxable","15":"shipping-taxable","16":"purchasable","17":"product-type-simple"},"acf":[],"yoast_head":"<!-- This site is optimized with the Yoast SEO Premium plugin v26.6 (Yoast SEO v26.6) - https:\/\/yoast.com\/wordpress\/plugins\/seo\/ -->\n<title>Embalagem de frasco Wraps - 360 ml<\/title>\n<meta name=\"description\" content=\"Descubra o nosso frasco de cart\u00e3o de 360 ml, s\u00f3lido e pr\u00e1tico, ideal para vender wraps, batatas fritas ou bolachas doces! Embalagem de 50\" \/>\n<meta name=\"robots\" content=\"index, follow, max-snippet:-1, max-image-preview:large, max-video-preview:-1\" \/>\n<link rel=\"canonical\" href=\"https:\/\/www.csj-emballages.com\/pt-pt\/produit\/50-frascos-de-cartao-descartaveis-de-350-ml\/\" \/>\n<meta property=\"og:locale\" content=\"pt_PT\" \/>\n<meta property=\"og:type\" content=\"article\" \/>\n<meta property=\"og:title\" content=\"Frasco de cart\u00e3o 360 ml por 50\" \/>\n<meta property=\"og:description\" content=\"Descubra o nosso frasco de cart\u00e3o de 360 ml, s\u00f3lido e pr\u00e1tico, ideal para vender wraps, batatas fritas ou bolachas doces! Embalagem de 50\" \/>\n<meta property=\"og:url\" content=\"https:\/\/www.csj-emballages.com\/pt-pt\/produit\/50-frascos-de-cartao-descartaveis-de-350-ml\/\" \/>\n<meta property=\"og:site_name\" content=\"CSJ Emballages\" \/>\n<meta property=\"article:publisher\" content=\"https:\/\/www.facebook.com\/csjemballages\" \/>\n<meta property=\"article:modified_time\" content=\"2026-04-03T00:19:17+00:00\" \/>\n<meta property=\"og:image\" content=\"https:\/\/www.csj-emballages.com\/wp-content\/uploads\/2024\/03\/PW360GE.webp\" \/>\n\t<meta property=\"og:image:width\" content=\"800\" \/>\n\t<meta property=\"og:image:height\" content=\"801\" \/>\n\t<meta property=\"og:image:type\" content=\"image\/webp\" \/>\n<meta name=\"twitter:card\" content=\"summary_large_image\" \/>\n<meta name=\"twitter:label1\" content=\"Tempo estimado de leitura\" \/>\n\t<meta name=\"twitter:data1\" content=\"2 minutos\" \/>\n<script type=\"application\/ld+json\" class=\"yoast-schema-graph\">{\"@context\":\"https:\/\/schema.org\",\"@graph\":[{\"@type\":\"WebPage\",\"@id\":\"https:\/\/www.csj-emballages.com\/pt-pt\/produit\/50-frascos-de-cartao-descartaveis-de-350-ml\/\",\"url\":\"https:\/\/www.csj-emballages.com\/pt-pt\/produit\/50-frascos-de-cartao-descartaveis-de-350-ml\/\",\"name\":\"Embalagem de frasco Wraps - 360 ml\",\"isPartOf\":{\"@id\":\"https:\/\/www.csj-emballages.com\/pt-pt\/#website\"},\"primaryImageOfPage\":{\"@id\":\"https:\/\/www.csj-emballages.com\/pt-pt\/produit\/50-frascos-de-cartao-descartaveis-de-350-ml\/#primaryimage\"},\"image\":{\"@id\":\"https:\/\/www.csj-emballages.com\/pt-pt\/produit\/50-frascos-de-cartao-descartaveis-de-350-ml\/#primaryimage\"},\"thumbnailUrl\":\"https:\/\/www.csj-emballages.com\/wp-content\/uploads\/2024\/03\/PW360GE.webp\",\"datePublished\":\"2024-03-01T15:50:19+00:00\",\"dateModified\":\"2026-04-03T00:19:17+00:00\",\"description\":\"Descubra o nosso frasco de cart\u00e3o de 360 ml, s\u00f3lido e pr\u00e1tico, ideal para vender wraps, batatas fritas ou bolachas doces! Embalagem de 50\",\"breadcrumb\":{\"@id\":\"https:\/\/www.csj-emballages.com\/pt-pt\/produit\/50-frascos-de-cartao-descartaveis-de-350-ml\/#breadcrumb\"},\"inLanguage\":\"pt-PT\",\"potentialAction\":[{\"@type\":\"ReadAction\",\"target\":[\"https:\/\/www.csj-emballages.com\/pt-pt\/produit\/50-frascos-de-cartao-descartaveis-de-350-ml\/\"]}]},{\"@type\":\"ImageObject\",\"inLanguage\":\"pt-PT\",\"@id\":\"https:\/\/www.csj-emballages.com\/pt-pt\/produit\/50-frascos-de-cartao-descartaveis-de-350-ml\/#primaryimage\",\"url\":\"https:\/\/www.csj-emballages.com\/wp-content\/uploads\/2024\/03\/PW360GE.webp\",\"contentUrl\":\"https:\/\/www.csj-emballages.com\/wp-content\/uploads\/2024\/03\/PW360GE.webp\",\"width\":800,\"height\":801,\"caption\":\"Pot \u00e0 wraps\"},{\"@type\":\"BreadcrumbList\",\"@id\":\"https:\/\/www.csj-emballages.com\/pt-pt\/produit\/50-frascos-de-cartao-descartaveis-de-350-ml\/#breadcrumb\",\"itemListElement\":[{\"@type\":\"ListItem\",\"position\":1,\"name\":\"Acolhimento\",\"item\":\"https:\/\/www.csj-emballages.com\/pt-pt\/universo-das-embalagens-alimentares\/\"},{\"@type\":\"ListItem\",\"position\":2,\"name\":\"Shop\",\"item\":\"https:\/\/www.csj-emballages.com\/shop\/\"},{\"@type\":\"ListItem\",\"position\":3,\"name\":\"Frasco de cart\u00e3o 360 ml por 50\"}]},{\"@type\":\"WebSite\",\"@id\":\"https:\/\/www.csj-emballages.com\/pt-pt\/#website\",\"url\":\"https:\/\/www.csj-emballages.com\/pt-pt\/\",\"name\":\"CSJ Emballages\",\"description\":\"\",\"publisher\":{\"@id\":\"https:\/\/www.csj-emballages.com\/pt-pt\/#organization\"},\"potentialAction\":[{\"@type\":\"SearchAction\",\"target\":{\"@type\":\"EntryPoint\",\"urlTemplate\":\"https:\/\/www.csj-emballages.com\/pt-pt\/?s={search_term_string}\"},\"query-input\":{\"@type\":\"PropertyValueSpecification\",\"valueRequired\":true,\"valueName\":\"search_term_string\"}}],\"inLanguage\":\"pt-PT\"},{\"@type\":\"Organization\",\"@id\":\"https:\/\/www.csj-emballages.com\/pt-pt\/#Organization\/\",\"name\":\"CSJ Emballages\",\"url\":\"https:\/\/www.csj-emballages.com\/pt-pt\/\",\"logo\":{\"@type\":\"ImageObject\",\"inLanguage\":\"pt-PT\",\"@id\":\"https:\/\/www.csj-emballages.com\/pt-pt\/#\/schema\/logo\/image\/\",\"url\":\"https:\/\/www.csj-emballages.com\/wp-content\/uploads\/2023\/10\/logo_csj.webp\",\"contentUrl\":\"https:\/\/www.csj-emballages.com\/wp-content\/uploads\/2023\/10\/logo_csj.webp\",\"width\":250,\"height\":95,\"caption\":\"CSJ Emballages\"},\"image\":{\"@id\":\"https:\/\/www.csj-emballages.com\/pt-pt\/#\/schema\/logo\/image\/\"},\"sameAs\":[\"https:\/\/www.facebook.com\/csjemballages\"],\"address\":{\"@type\":\"PostalAddress\",\"streetAddress\":\"ZI La Lechere\",\"addressLocality\":\"Patornay\",\"postalCode\":\"39130\",\"addressCountry\":\"FR\"},\"contactPoint\":[{\"@type\":\"ContactPoint\",\"contactType\":\"Service client\",\"telephone\":\"0384254272\",\"email\":\"contact@csj-emballages.com\"}]}]}<\/script>\n<!-- \/ Yoast SEO Premium plugin. -->","yoast_head_json":{"title":"Embalagem de frasco Wraps - 360 ml","description":"Descubra o nosso frasco de cart\u00e3o de 360 ml, s\u00f3lido e pr\u00e1tico, ideal para vender wraps, batatas fritas ou bolachas doces! Embalagem de 50","robots":{"index":"index","follow":"follow","max-snippet":"max-snippet:-1","max-image-preview":"max-image-preview:large","max-video-preview":"max-video-preview:-1"},"canonical":"https:\/\/www.csj-emballages.com\/pt-pt\/produit\/50-frascos-de-cartao-descartaveis-de-350-ml\/","og_locale":"pt_PT","og_type":"article","og_title":"Frasco de cart\u00e3o 360 ml por 50","og_description":"Descubra o nosso frasco de cart\u00e3o de 360 ml, s\u00f3lido e pr\u00e1tico, ideal para vender wraps, batatas fritas ou bolachas doces! Embalagem de 50","og_url":"https:\/\/www.csj-emballages.com\/pt-pt\/produit\/50-frascos-de-cartao-descartaveis-de-350-ml\/","og_site_name":"CSJ Emballages","article_publisher":"https:\/\/www.facebook.com\/csjemballages","article_modified_time":"2026-04-03T00:19:17+00:00","og_image":[{"width":800,"height":801,"url":"https:\/\/www.csj-emballages.com\/wp-content\/uploads\/2024\/03\/PW360GE.webp","type":"image\/webp"}],"twitter_card":"summary_large_image","twitter_misc":{"Tempo estimado de leitura":"2 minutos"},"schema":{"@context":"https:\/\/schema.org","@graph":[{"@type":"WebPage","@id":"https:\/\/www.csj-emballages.com\/pt-pt\/produit\/50-frascos-de-cartao-descartaveis-de-350-ml\/","url":"https:\/\/www.csj-emballages.com\/pt-pt\/produit\/50-frascos-de-cartao-descartaveis-de-350-ml\/","name":"Embalagem de frasco Wraps - 360 ml","isPartOf":{"@id":"https:\/\/www.csj-emballages.com\/pt-pt\/#website"},"primaryImageOfPage":{"@id":"https:\/\/www.csj-emballages.com\/pt-pt\/produit\/50-frascos-de-cartao-descartaveis-de-350-ml\/#primaryimage"},"image":{"@id":"https:\/\/www.csj-emballages.com\/pt-pt\/produit\/50-frascos-de-cartao-descartaveis-de-350-ml\/#primaryimage"},"thumbnailUrl":"https:\/\/www.csj-emballages.com\/wp-content\/uploads\/2024\/03\/PW360GE.webp","datePublished":"2024-03-01T15:50:19+00:00","dateModified":"2026-04-03T00:19:17+00:00","description":"Descubra o nosso frasco de cart\u00e3o de 360 ml, s\u00f3lido e pr\u00e1tico, ideal para vender wraps, batatas fritas ou bolachas doces! Embalagem de 50","breadcrumb":{"@id":"https:\/\/www.csj-emballages.com\/pt-pt\/produit\/50-frascos-de-cartao-descartaveis-de-350-ml\/#breadcrumb"},"inLanguage":"pt-PT","potentialAction":[{"@type":"ReadAction","target":["https:\/\/www.csj-emballages.com\/pt-pt\/produit\/50-frascos-de-cartao-descartaveis-de-350-ml\/"]}]},{"@type":"ImageObject","inLanguage":"pt-PT","@id":"https:\/\/www.csj-emballages.com\/pt-pt\/produit\/50-frascos-de-cartao-descartaveis-de-350-ml\/#primaryimage","url":"https:\/\/www.csj-emballages.com\/wp-content\/uploads\/2024\/03\/PW360GE.webp","contentUrl":"https:\/\/www.csj-emballages.com\/wp-content\/uploads\/2024\/03\/PW360GE.webp","width":800,"height":801,"caption":"Pot \u00e0 wraps"},{"@type":"BreadcrumbList","@id":"https:\/\/www.csj-emballages.com\/pt-pt\/produit\/50-frascos-de-cartao-descartaveis-de-350-ml\/#breadcrumb","itemListElement":[{"@type":"ListItem","position":1,"name":"Acolhimento","item":"https:\/\/www.csj-emballages.com\/pt-pt\/universo-das-embalagens-alimentares\/"},{"@type":"ListItem","position":2,"name":"Shop","item":"https:\/\/www.csj-emballages.com\/shop\/"},{"@type":"ListItem","position":3,"name":"Frasco de cart\u00e3o 360 ml por 50"}]},{"@type":"WebSite","@id":"https:\/\/www.csj-emballages.com\/pt-pt\/#website","url":"https:\/\/www.csj-emballages.com\/pt-pt\/","name":"CSJ Emballages","description":"","publisher":{"@id":"https:\/\/www.csj-emballages.com\/pt-pt\/#organization"},"potentialAction":[{"@type":"SearchAction","target":{"@type":"EntryPoint","urlTemplate":"https:\/\/www.csj-emballages.com\/pt-pt\/?s={search_term_string}"},"query-input":{"@type":"PropertyValueSpecification","valueRequired":true,"valueName":"search_term_string"}}],"inLanguage":"pt-PT"},{"@type":"Organization","@id":"https:\/\/www.csj-emballages.com\/pt-pt\/#Organization\/","name":"CSJ Emballages","url":"https:\/\/www.csj-emballages.com\/pt-pt\/","logo":{"@type":"ImageObject","inLanguage":"pt-PT","@id":"https:\/\/www.csj-emballages.com\/pt-pt\/#\/schema\/logo\/image\/","url":"https:\/\/www.csj-emballages.com\/wp-content\/uploads\/2023\/10\/logo_csj.webp","contentUrl":"https:\/\/www.csj-emballages.com\/wp-content\/uploads\/2023\/10\/logo_csj.webp","width":250,"height":95,"caption":"CSJ Emballages"},"image":{"@id":"https:\/\/www.csj-emballages.com\/pt-pt\/#\/schema\/logo\/image\/"},"sameAs":["https:\/\/www.facebook.com\/csjemballages"],"address":{"@type":"PostalAddress","streetAddress":"ZI La Lechere","addressLocality":"Patornay","postalCode":"39130","addressCountry":"FR"},"contactPoint":[{"@type":"ContactPoint","contactType":"Service client","telephone":"0384254272","email":"contact@csj-emballages.com"}]}]}},"df_price":2.99,"df_sale_price":"","df_regular_price":2.99,"df_image_link":"https:\/\/www.csj-emballages.com\/wp-content\/uploads\/2024\/03\/PW360GE-300x300.webp","tiered_pricing_type":"fixed","tiered_pricing_fixed_rules":[],"tiered_pricing_percentage_rules":[],"tiered_pricing_minimum":1,"tiered_pricing_roles_data":[],"_links":{"self":[{"href":"https:\/\/www.csj-emballages.com\/pt-pt\/wp-json\/wp\/v2\/product\/22838","targetHints":{"allow":["GET"]}}],"collection":[{"href":"https:\/\/www.csj-emballages.com\/pt-pt\/wp-json\/wp\/v2\/product"}],"about":[{"href":"https:\/\/www.csj-emballages.com\/pt-pt\/wp-json\/wp\/v2\/types\/product"}],"wp:featuredmedia":[{"embeddable":true,"href":"https:\/\/www.csj-emballages.com\/pt-pt\/wp-json\/wp\/v2\/media\/230379"}],"wp:attachment":[{"href":"https:\/\/www.csj-emballages.com\/pt-pt\/wp-json\/wp\/v2\/media?parent=22838"}],"wp:term":[{"taxonomy":"product_brand","embeddable":true,"href":"https:\/\/www.csj-emballages.com\/pt-pt\/wp-json\/wp\/v2\/product_brand?post=22838"},{"taxonomy":"product_cat","embeddable":true,"href":"https:\/\/www.csj-emballages.com\/pt-pt\/wp-json\/wp\/v2\/product_cat?post=22838"},{"taxonomy":"product_tag","embeddable":true,"href":"https:\/\/www.csj-emballages.com\/pt-pt\/wp-json\/wp\/v2\/product_tag?post=22838"}],"curies":[{"name":"wp","href":"https:\/\/api.w.org\/{rel}","templated":true}]}}