{"id":22827,"date":"2024-03-01T16:50:19","date_gmt":"2024-03-01T15:50:19","guid":{"rendered":"https:\/\/u15jnbdpoq.preview.infomaniak.website\/produit\/suporte-em-piramide-para-24-macarons-cor-de-chocolate-2\/"},"modified":"2026-03-12T16:35:42","modified_gmt":"2026-03-12T15:35:42","slug":"suporte-em-piramide-para-24-macarons-cor-de-chocolate-2","status":"publish","type":"product","link":"https:\/\/www.csj-emballages.com\/pt-pt\/produit\/suporte-em-piramide-para-24-macarons-cor-de-chocolate-2\/","title":{"rendered":"Caixa em pir\u00e2mide de macarons de chocolate"},"content":{"rendered":"<h2>Caixa em pir\u00e2mide para macarr\u00e3o<\/h2>\n<hr>\n<h3>Descri\u00e7\u00e3o da nossa caixa em pir\u00e2mide para macarons de chocolate<\/h3>\n<p><!--more--><\/p>\n<p data-start=\"71\" data-end=\"491\">A<strong data-start=\"73\" data-end=\"116\">caixa piramidal para macarons em cor de chocolate<\/strong> \u00e9 o acess\u00f3rio indispens\u00e1vel para transportar e expor as suas cria\u00e7\u00f5es doces com eleg\u00e2ncia e praticidade. Especialmente concebida para conter uma <g id=\"gid_1\"><br \/>\n  <g id=\"gid_2\">pequena pir\u00e2mide de macarons<\/g><br \/>\n<\/g>\u00e9 t\u00e3o atractiva pelo seu design requintado como pelo seu car\u00e1cter pr\u00e1tico. Fabricado em <strong data-start=\"382\" data-end=\"399\">polipropileno <\/strong>resistente e<strong data-start=\"382\" data-end=\"399\"> cart\u00e3o<\/strong>, \u00e9 extremamente resistente, mas leve e f\u00e1cil de manusear.  <\/p>\n<p data-start=\"493\" data-end=\"907\">Esta <strong data-start=\"497\" data-end=\"505\">caixa<\/strong> tem <strong data-start=\"520\" data-end=\"536\">quatro lados<\/strong>: dois lados s\u00f3lidos para estabilidade e dois lados com <strong data-start=\"614\" data-end=\"640\">janelas transparentes<\/strong>, ideais para dar uma vista de olhos aos seus <strong>macarons<\/strong> e tentar os seus convidados antes mesmo de os provarem. Gra\u00e7as \u00e0 <strong data-start=\"764\" data-end=\"784\">pega integrada<\/strong> na parte superior, o transporte \u00e9 simples e seguro. <\/p>\n<p data-start=\"909\" data-end=\"1254\">E com as suas dimens\u00f5es de <strong>23,5 x 23,5 x 23 cm<\/strong>, \u00e9 perfeito para recep\u00e7\u00f5es, banquetes, anivers\u00e1rios, casamentos ou como um presente requintado. A sua <strong data-start=\"1091\" data-end=\"1112\">elegante<\/strong> cor <strong data-start=\"1091\" data-end=\"1112\">chocolate<\/strong> confere-lhe um estilo chique e intemporal, perfeito para montras de pastelarias ou apresenta\u00e7\u00f5es de buffets. <\/p>\n<p data-start=\"1256\" data-end=\"1618\">Esta vers\u00e1til <strong>caixa piramidal<\/strong> n\u00e3o \u00e9 apenas um meio de transporte, \u00e9 tamb\u00e9m um verdadeiro trunfo para expor os seus macarons: permite-lhe apresent\u00e1-los de forma atractiva, protegendo-os ao mesmo tempo. Al\u00e9m disso, <strong>vendida individualmente<\/strong>, pode ser utilizada em conjunto com um <span style=\"color: #d12727;\"><br \/>\n  <a style=\"color: #d12727;\" href=\"https:\/\/www.csj-emballages.com\/pt-pt\/produit\/suporte-em-piramide-para-24-macarons-cor-de-chocolate\/\">suporte em pir\u00e2mide<\/a><br \/>\n<\/span><strong>(vendido separadamente<\/strong>). <\/p>\n<p data-start=\"1620\" data-end=\"1829\">Em suma, a<strong data-start=\"1633\" data-end=\"1676\">caixa piramidal de macarons cor de chocolate<\/strong> combina praticidade, robustez e eleg\u00e2ncia, respondendo perfeitamente \u00e0s expectativas dos pasteleiros profissionais e dos entusiastas privados.<\/p>\n<p data-start=\"1423\" data-end=\"1694\"><!--more--><\/p>\n<h4 data-start=\"1423\" data-end=\"1694\">Vantagens :<\/h4>\n<ul>\n<li data-start=\"1423\" data-end=\"1694\"><strong data-start=\"1854\" data-end=\"1874\">F\u00e1cil de transportar<\/strong> gra\u00e7as \u00e0 pega integrada.<\/li>\n<li data-start=\"1423\" data-end=\"1694\"><strong data-start=\"1908\" data-end=\"1926\">Design elegante<\/strong> numa sofisticada cor chocolate.<\/li>\n<li data-start=\"1423\" data-end=\"1694\">Janelas transparentes para <strong data-start=\"1965\" data-end=\"1988\">uma visibilidade \u00f3ptima<\/strong> do distintivo.<\/li>\n<li data-start=\"1423\" data-end=\"1694\"><strong data-start=\"2038\" data-end=\"2062\">Prote\u00e7\u00e3o refor\u00e7ada<\/strong> gra\u00e7as aos lados s\u00f3lidos e ao polipropileno resistente.<\/li>\n<li data-start=\"1423\" data-end=\"1694\"><strong data-start=\"2119\" data-end=\"2134\">Versatilidade<\/strong>: ideal para eventos, presentes ou montras.<\/li>\n<\/ul>\n<p>&nbsp;<\/p>\n<p><!--more--><\/p>\n<h4>Outras informa\u00e7\u00f5es :<\/h4>\n<ul style=\"box-sizing: inherit; font-family: Roboto, sans-serif;\">\n<li><strong>Embalagem<\/strong>: Por unidade<\/li>\n<li><strong>Dimens\u00f5es<\/strong>: 235 x 235 x 230 (C x L x A em mm)<\/li>\n<li><strong>Material<\/strong>: cart\u00e3o + polipropileno<\/li>\n<li><strong>Cor<\/strong>: Chocolate<\/li>\n<\/ul>\n<p>&nbsp;<\/p>\n<p><!--more--><\/p>\n<p>Encontre aqui o suporte compat\u00edvel com este suporte de pir\u00e2mide de macarons : <span style=\"color: #d12727;\"><br \/>\n  <a style=\"color: #d12727;\" href=\"https:\/\/www.csj-emballages.com\/pt-pt\/produit\/suporte-em-piramide-para-24-macarons-cor-de-chocolate\/\">SUPYRA<\/a><br \/>\n<\/span><\/p>\n<p>&nbsp;<\/p>\n<p><!--more--><\/p>\n<p><a href=\"https:\/\/www.csj-emballages.com\/pt-pt\/categorie-produit\/embalagem-de-alimentos\/padaria-e-pastelaria\/caixas-e-estojos\/caixas-estojos-para-macarons\/piramide-de-macarons\/\">Ver o resto da nossa gama de pir\u00e2mides de macarons<\/a><\/p>\n<p>&nbsp;<\/p>\n","protected":false},"excerpt":{"rendered":"<p>Caixa em pir\u00e2mide para macarr\u00e3o Descri\u00e7\u00e3o da nossa caixa em pir\u00e2mide para macarons de chocolate<\/p>\n","protected":false},"featured_media":242141,"template":"","meta":{"_acf_changed":false},"product_brand":[],"product_cat":[1141,1177,1732,1733],"product_tag":[],"class_list":{"0":"post-22827","1":"product","2":"type-product","3":"status-publish","4":"has-post-thumbnail","6":"product_cat-embalagem-de-alimentos","7":"product_cat-padaria-e-pastelaria","8":"product_cat-caixas-estojos-para-macarons","9":"product_cat-piramide-de-macarons","11":"first","12":"instock","13":"taxable","14":"shipping-taxable","15":"purchasable","16":"product-type-simple"},"acf":[],"yoast_head":"<!-- This site is optimized with the Yoast SEO Premium plugin v26.6 (Yoast SEO v26.6) - https:\/\/yoast.com\/wordpress\/plugins\/seo\/ -->\n<title>Caixa em pir\u00e2mide Macarons Cor de chocolate<\/title>\n<meta name=\"description\" content=\"Caixa em pir\u00e2mide para macarons cor de chocolate com janelas e pega integrada. Pr\u00e1tico, elegante e resistente, perfeito para o transporte e a apresenta\u00e7\u00e3o.\" \/>\n<meta name=\"robots\" content=\"index, follow, max-snippet:-1, max-image-preview:large, max-video-preview:-1\" \/>\n<link rel=\"canonical\" href=\"https:\/\/www.csj-emballages.com\/pt-pt\/produit\/suporte-em-piramide-para-24-macarons-cor-de-chocolate-2\/\" \/>\n<meta property=\"og:locale\" content=\"pt_PT\" \/>\n<meta property=\"og:type\" content=\"article\" \/>\n<meta property=\"og:title\" content=\"Caixa em pir\u00e2mide de macarons de chocolate\" \/>\n<meta property=\"og:description\" content=\"Caixa em pir\u00e2mide para macarons cor de chocolate com janelas e pega integrada. Pr\u00e1tico, elegante e resistente, perfeito para o transporte e a apresenta\u00e7\u00e3o.\" \/>\n<meta property=\"og:url\" content=\"https:\/\/www.csj-emballages.com\/pt-pt\/produit\/suporte-em-piramide-para-24-macarons-cor-de-chocolate-2\/\" \/>\n<meta property=\"og:site_name\" content=\"CSJ Emballages\" \/>\n<meta property=\"article:publisher\" content=\"https:\/\/www.facebook.com\/csjemballages\" \/>\n<meta property=\"article:modified_time\" content=\"2026-03-12T15:35:42+00:00\" \/>\n<meta property=\"og:image\" content=\"https:\/\/www.csj-emballages.com\/wp-content\/uploads\/2024\/03\/PYRAMIDEDEMACA-2.jpeg\" \/>\n\t<meta property=\"og:image:width\" content=\"800\" \/>\n\t<meta property=\"og:image:height\" content=\"800\" \/>\n\t<meta property=\"og:image:type\" content=\"image\/jpeg\" \/>\n<meta name=\"twitter:card\" content=\"summary_large_image\" \/>\n<meta name=\"twitter:label1\" content=\"Tempo estimado de leitura\" \/>\n\t<meta name=\"twitter:data1\" content=\"2 minutos\" \/>\n<script type=\"application\/ld+json\" class=\"yoast-schema-graph\">{\"@context\":\"https:\/\/schema.org\",\"@graph\":[{\"@type\":\"WebPage\",\"@id\":\"https:\/\/www.csj-emballages.com\/pt-pt\/produit\/suporte-em-piramide-para-24-macarons-cor-de-chocolate-2\/\",\"url\":\"https:\/\/www.csj-emballages.com\/pt-pt\/produit\/suporte-em-piramide-para-24-macarons-cor-de-chocolate-2\/\",\"name\":\"Caixa em pir\u00e2mide Macarons Cor de chocolate\",\"isPartOf\":{\"@id\":\"https:\/\/www.csj-emballages.com\/pt-pt\/#website\"},\"primaryImageOfPage\":{\"@id\":\"https:\/\/www.csj-emballages.com\/pt-pt\/produit\/suporte-em-piramide-para-24-macarons-cor-de-chocolate-2\/#primaryimage\"},\"image\":{\"@id\":\"https:\/\/www.csj-emballages.com\/pt-pt\/produit\/suporte-em-piramide-para-24-macarons-cor-de-chocolate-2\/#primaryimage\"},\"thumbnailUrl\":\"https:\/\/www.csj-emballages.com\/wp-content\/uploads\/2024\/03\/PYRAMIDEDEMACA-2.jpeg\",\"datePublished\":\"2024-03-01T15:50:19+00:00\",\"dateModified\":\"2026-03-12T15:35:42+00:00\",\"description\":\"Caixa em pir\u00e2mide para macarons cor de chocolate com janelas e pega integrada. Pr\u00e1tico, elegante e resistente, perfeito para o transporte e a apresenta\u00e7\u00e3o.\",\"breadcrumb\":{\"@id\":\"https:\/\/www.csj-emballages.com\/pt-pt\/produit\/suporte-em-piramide-para-24-macarons-cor-de-chocolate-2\/#breadcrumb\"},\"inLanguage\":\"pt-PT\",\"potentialAction\":[{\"@type\":\"ReadAction\",\"target\":[\"https:\/\/www.csj-emballages.com\/pt-pt\/produit\/suporte-em-piramide-para-24-macarons-cor-de-chocolate-2\/\"]}]},{\"@type\":\"ImageObject\",\"inLanguage\":\"pt-PT\",\"@id\":\"https:\/\/www.csj-emballages.com\/pt-pt\/produit\/suporte-em-piramide-para-24-macarons-cor-de-chocolate-2\/#primaryimage\",\"url\":\"https:\/\/www.csj-emballages.com\/wp-content\/uploads\/2024\/03\/PYRAMIDEDEMACA-2.jpeg\",\"contentUrl\":\"https:\/\/www.csj-emballages.com\/wp-content\/uploads\/2024\/03\/PYRAMIDEDEMACA-2.jpeg\",\"width\":800,\"height\":800,\"caption\":\"Etui pyramide macarons\"},{\"@type\":\"BreadcrumbList\",\"@id\":\"https:\/\/www.csj-emballages.com\/pt-pt\/produit\/suporte-em-piramide-para-24-macarons-cor-de-chocolate-2\/#breadcrumb\",\"itemListElement\":[{\"@type\":\"ListItem\",\"position\":1,\"name\":\"Acolhimento\",\"item\":\"https:\/\/www.csj-emballages.com\/pt-pt\/universo-das-embalagens-alimentares\/\"},{\"@type\":\"ListItem\",\"position\":2,\"name\":\"Shop\",\"item\":\"https:\/\/www.csj-emballages.com\/shop\/\"},{\"@type\":\"ListItem\",\"position\":3,\"name\":\"Caixa em pir\u00e2mide de macarons de chocolate\"}]},{\"@type\":\"WebSite\",\"@id\":\"https:\/\/www.csj-emballages.com\/pt-pt\/#website\",\"url\":\"https:\/\/www.csj-emballages.com\/pt-pt\/\",\"name\":\"CSJ Emballages\",\"description\":\"\",\"publisher\":{\"@id\":\"https:\/\/www.csj-emballages.com\/pt-pt\/#organization\"},\"potentialAction\":[{\"@type\":\"SearchAction\",\"target\":{\"@type\":\"EntryPoint\",\"urlTemplate\":\"https:\/\/www.csj-emballages.com\/pt-pt\/?s={search_term_string}\"},\"query-input\":{\"@type\":\"PropertyValueSpecification\",\"valueRequired\":true,\"valueName\":\"search_term_string\"}}],\"inLanguage\":\"pt-PT\"},{\"@type\":\"Organization\",\"@id\":\"https:\/\/www.csj-emballages.com\/pt-pt\/#Organization\/\",\"name\":\"CSJ Emballages\",\"url\":\"https:\/\/www.csj-emballages.com\/pt-pt\/\",\"logo\":{\"@type\":\"ImageObject\",\"inLanguage\":\"pt-PT\",\"@id\":\"https:\/\/www.csj-emballages.com\/pt-pt\/#\/schema\/logo\/image\/\",\"url\":\"https:\/\/www.csj-emballages.com\/wp-content\/uploads\/2023\/10\/logo_csj.webp\",\"contentUrl\":\"https:\/\/www.csj-emballages.com\/wp-content\/uploads\/2023\/10\/logo_csj.webp\",\"width\":250,\"height\":95,\"caption\":\"CSJ Emballages\"},\"image\":{\"@id\":\"https:\/\/www.csj-emballages.com\/pt-pt\/#\/schema\/logo\/image\/\"},\"sameAs\":[\"https:\/\/www.facebook.com\/csjemballages\"],\"address\":{\"@type\":\"PostalAddress\",\"streetAddress\":\"ZI La Lechere\",\"addressLocality\":\"Patornay\",\"postalCode\":\"39130\",\"addressCountry\":\"FR\"},\"contactPoint\":[{\"@type\":\"ContactPoint\",\"contactType\":\"Service client\",\"telephone\":\"0384254272\",\"email\":\"contact@csj-emballages.com\"}]}]}<\/script>\n<!-- \/ Yoast SEO Premium plugin. -->","yoast_head_json":{"title":"Caixa em pir\u00e2mide Macarons Cor de chocolate","description":"Caixa em pir\u00e2mide para macarons cor de chocolate com janelas e pega integrada. Pr\u00e1tico, elegante e resistente, perfeito para o transporte e a apresenta\u00e7\u00e3o.","robots":{"index":"index","follow":"follow","max-snippet":"max-snippet:-1","max-image-preview":"max-image-preview:large","max-video-preview":"max-video-preview:-1"},"canonical":"https:\/\/www.csj-emballages.com\/pt-pt\/produit\/suporte-em-piramide-para-24-macarons-cor-de-chocolate-2\/","og_locale":"pt_PT","og_type":"article","og_title":"Caixa em pir\u00e2mide de macarons de chocolate","og_description":"Caixa em pir\u00e2mide para macarons cor de chocolate com janelas e pega integrada. Pr\u00e1tico, elegante e resistente, perfeito para o transporte e a apresenta\u00e7\u00e3o.","og_url":"https:\/\/www.csj-emballages.com\/pt-pt\/produit\/suporte-em-piramide-para-24-macarons-cor-de-chocolate-2\/","og_site_name":"CSJ Emballages","article_publisher":"https:\/\/www.facebook.com\/csjemballages","article_modified_time":"2026-03-12T15:35:42+00:00","og_image":[{"width":800,"height":800,"url":"https:\/\/www.csj-emballages.com\/wp-content\/uploads\/2024\/03\/PYRAMIDEDEMACA-2.jpeg","type":"image\/jpeg"}],"twitter_card":"summary_large_image","twitter_misc":{"Tempo estimado de leitura":"2 minutos"},"schema":{"@context":"https:\/\/schema.org","@graph":[{"@type":"WebPage","@id":"https:\/\/www.csj-emballages.com\/pt-pt\/produit\/suporte-em-piramide-para-24-macarons-cor-de-chocolate-2\/","url":"https:\/\/www.csj-emballages.com\/pt-pt\/produit\/suporte-em-piramide-para-24-macarons-cor-de-chocolate-2\/","name":"Caixa em pir\u00e2mide Macarons Cor de chocolate","isPartOf":{"@id":"https:\/\/www.csj-emballages.com\/pt-pt\/#website"},"primaryImageOfPage":{"@id":"https:\/\/www.csj-emballages.com\/pt-pt\/produit\/suporte-em-piramide-para-24-macarons-cor-de-chocolate-2\/#primaryimage"},"image":{"@id":"https:\/\/www.csj-emballages.com\/pt-pt\/produit\/suporte-em-piramide-para-24-macarons-cor-de-chocolate-2\/#primaryimage"},"thumbnailUrl":"https:\/\/www.csj-emballages.com\/wp-content\/uploads\/2024\/03\/PYRAMIDEDEMACA-2.jpeg","datePublished":"2024-03-01T15:50:19+00:00","dateModified":"2026-03-12T15:35:42+00:00","description":"Caixa em pir\u00e2mide para macarons cor de chocolate com janelas e pega integrada. Pr\u00e1tico, elegante e resistente, perfeito para o transporte e a apresenta\u00e7\u00e3o.","breadcrumb":{"@id":"https:\/\/www.csj-emballages.com\/pt-pt\/produit\/suporte-em-piramide-para-24-macarons-cor-de-chocolate-2\/#breadcrumb"},"inLanguage":"pt-PT","potentialAction":[{"@type":"ReadAction","target":["https:\/\/www.csj-emballages.com\/pt-pt\/produit\/suporte-em-piramide-para-24-macarons-cor-de-chocolate-2\/"]}]},{"@type":"ImageObject","inLanguage":"pt-PT","@id":"https:\/\/www.csj-emballages.com\/pt-pt\/produit\/suporte-em-piramide-para-24-macarons-cor-de-chocolate-2\/#primaryimage","url":"https:\/\/www.csj-emballages.com\/wp-content\/uploads\/2024\/03\/PYRAMIDEDEMACA-2.jpeg","contentUrl":"https:\/\/www.csj-emballages.com\/wp-content\/uploads\/2024\/03\/PYRAMIDEDEMACA-2.jpeg","width":800,"height":800,"caption":"Etui pyramide macarons"},{"@type":"BreadcrumbList","@id":"https:\/\/www.csj-emballages.com\/pt-pt\/produit\/suporte-em-piramide-para-24-macarons-cor-de-chocolate-2\/#breadcrumb","itemListElement":[{"@type":"ListItem","position":1,"name":"Acolhimento","item":"https:\/\/www.csj-emballages.com\/pt-pt\/universo-das-embalagens-alimentares\/"},{"@type":"ListItem","position":2,"name":"Shop","item":"https:\/\/www.csj-emballages.com\/shop\/"},{"@type":"ListItem","position":3,"name":"Caixa em pir\u00e2mide de macarons de chocolate"}]},{"@type":"WebSite","@id":"https:\/\/www.csj-emballages.com\/pt-pt\/#website","url":"https:\/\/www.csj-emballages.com\/pt-pt\/","name":"CSJ Emballages","description":"","publisher":{"@id":"https:\/\/www.csj-emballages.com\/pt-pt\/#organization"},"potentialAction":[{"@type":"SearchAction","target":{"@type":"EntryPoint","urlTemplate":"https:\/\/www.csj-emballages.com\/pt-pt\/?s={search_term_string}"},"query-input":{"@type":"PropertyValueSpecification","valueRequired":true,"valueName":"search_term_string"}}],"inLanguage":"pt-PT"},{"@type":"Organization","@id":"https:\/\/www.csj-emballages.com\/pt-pt\/#Organization\/","name":"CSJ Emballages","url":"https:\/\/www.csj-emballages.com\/pt-pt\/","logo":{"@type":"ImageObject","inLanguage":"pt-PT","@id":"https:\/\/www.csj-emballages.com\/pt-pt\/#\/schema\/logo\/image\/","url":"https:\/\/www.csj-emballages.com\/wp-content\/uploads\/2023\/10\/logo_csj.webp","contentUrl":"https:\/\/www.csj-emballages.com\/wp-content\/uploads\/2023\/10\/logo_csj.webp","width":250,"height":95,"caption":"CSJ Emballages"},"image":{"@id":"https:\/\/www.csj-emballages.com\/pt-pt\/#\/schema\/logo\/image\/"},"sameAs":["https:\/\/www.facebook.com\/csjemballages"],"address":{"@type":"PostalAddress","streetAddress":"ZI La Lechere","addressLocality":"Patornay","postalCode":"39130","addressCountry":"FR"},"contactPoint":[{"@type":"ContactPoint","contactType":"Service client","telephone":"0384254272","email":"contact@csj-emballages.com"}]}]}},"df_price":3.13,"df_sale_price":"","df_regular_price":3.13,"df_image_link":"https:\/\/www.csj-emballages.com\/wp-content\/uploads\/2024\/03\/PYRAMIDEDEMACA-2-300x300.jpeg","tiered_pricing_type":"fixed","tiered_pricing_fixed_rules":[],"tiered_pricing_percentage_rules":[],"tiered_pricing_minimum":1,"tiered_pricing_roles_data":[],"_links":{"self":[{"href":"https:\/\/www.csj-emballages.com\/pt-pt\/wp-json\/wp\/v2\/product\/22827","targetHints":{"allow":["GET"]}}],"collection":[{"href":"https:\/\/www.csj-emballages.com\/pt-pt\/wp-json\/wp\/v2\/product"}],"about":[{"href":"https:\/\/www.csj-emballages.com\/pt-pt\/wp-json\/wp\/v2\/types\/product"}],"wp:featuredmedia":[{"embeddable":true,"href":"https:\/\/www.csj-emballages.com\/pt-pt\/wp-json\/wp\/v2\/media\/242141"}],"wp:attachment":[{"href":"https:\/\/www.csj-emballages.com\/pt-pt\/wp-json\/wp\/v2\/media?parent=22827"}],"wp:term":[{"taxonomy":"product_brand","embeddable":true,"href":"https:\/\/www.csj-emballages.com\/pt-pt\/wp-json\/wp\/v2\/product_brand?post=22827"},{"taxonomy":"product_cat","embeddable":true,"href":"https:\/\/www.csj-emballages.com\/pt-pt\/wp-json\/wp\/v2\/product_cat?post=22827"},{"taxonomy":"product_tag","embeddable":true,"href":"https:\/\/www.csj-emballages.com\/pt-pt\/wp-json\/wp\/v2\/product_tag?post=22827"}],"curies":[{"name":"wp","href":"https:\/\/api.w.org\/{rel}","templated":true}]}}