{"id":22826,"date":"2024-03-01T16:50:20","date_gmt":"2024-03-01T15:50:20","guid":{"rendered":"https:\/\/u15jnbdpoq.preview.infomaniak.website\/produit\/100-frascos-redondos-pp-de-200-ml\/"},"modified":"2026-04-21T02:15:54","modified_gmt":"2026-04-21T00:15:54","slug":"100-frascos-redondos-pp-de-200-ml","status":"publish","type":"product","link":"https:\/\/www.csj-emballages.com\/pt-pt\/produit\/100-frascos-redondos-pp-de-200-ml\/","title":{"rendered":"Pote de pl\u00e1stico redondo 200 ml por 100"},"content":{"rendered":"<h2>Pote de pl\u00e1stico redondo<\/h2>\n<hr>\n<h3>Descri\u00e7\u00e3o da nossa panela de sopa 200 ml por 100<\/h3>\n<p><!--more--><\/p>\n<p data-start=\"228\" data-end=\"626\">Quando se trabalha no sector da restaura\u00e7\u00e3o, cada pequeno recipiente conta. Este <strong data-start=\"298\" data-end=\"336\">pote redondo de pl\u00e1stico PP de 200 ml<\/strong> foi concebido para simplificar o servi\u00e7o, mantendo-se fi\u00e1vel, mesmo com prepara\u00e7\u00f5es quentes. O seu tamanho \u00e9 ideal para molhos, caldos ou pequenas por\u00e7\u00f5es para levar. N\u00e3o \u00e9 nem demasiado grande nem demasiado pequeno, pelo que pode medir a quantidade certa sem desperd\u00edcio.   <\/p>\n<p data-start=\"628\" data-end=\"1066\">Fabricada em <strong data-start=\"640\" data-end=\"662\">polipropileno (PP)<\/strong>, esta <strong>panela de sopa<\/strong> resiste perfeitamente ao calor. Assim, pode deitar molhos quentes, coulis, prepara\u00e7\u00f5es quentes ou guarni\u00e7\u00f5es sem se preocupar com deforma\u00e7\u00f5es. \u00c9 uma verdadeira vantagem na utiliza\u00e7\u00e3o quotidiana, especialmente quando o ritmo na cozinha acelera. O material <strong>transparente<\/strong> tamb\u00e9m permite identificar facilmente o conte\u00fado num relance, facilitando a organiza\u00e7\u00e3o e evitando erros ao servir.   <\/p>\n<p data-start=\"1068\" data-end=\"1364\">A sua forma <strong>redonda<\/strong> simples e eficiente facilita o empilhamento e a arruma\u00e7\u00e3o. Isto poupa espa\u00e7o e tempo, quer na arruma\u00e7\u00e3o quer na bancada de trabalho. E o seu rebordo liso torna-o f\u00e1cil de segurar e de limpar para servir, quer seja no local ou para levar.  <\/p>\n<p data-start=\"1366\" data-end=\"1727\">Vendida <strong data-start=\"1372\" data-end=\"1390\">em embalagens de 100 unidades<\/strong>, esta <strong>panela de sopa<\/strong> \u00e9 ideal para restaurantes, snack-bares, catering, cami\u00f5es de transporte de alimentos e takeaways profissionais. Integra-se naturalmente na sua rotina sem dificultar as coisas. Em suma, \u00e9 um recipiente pequeno, discreto mas indispens\u00e1vel que o ajuda a trabalhar de forma mais eficiente, mantendo-se vers\u00e1til.  <\/p>\n<p>&nbsp;<\/p>\n<p><!--more--><\/p>\n<p><strong><span style=\"color: #ff0000;\">*Apenas panelas quentes<\/span><\/strong><\/p>\n<p>&nbsp;<\/p>\n<p><!--more--><\/p>\n<h4>Vantagens :<\/h4>\n<ul>\n<li data-start=\"1940\" data-end=\"1972\">Recipiente pr\u00e1tico <strong>de 200 ml<\/strong>.<\/li>\n<li data-start=\"1975\" data-end=\"2029\"><strong>Pl\u00e1stico<\/strong> transparente para uma visibilidade imediata.<\/li>\n<li data-start=\"2032\" data-end=\"2073\">Boa estabilidade gra\u00e7as \u00e0 sua forma redonda.<\/li>\n<li data-start=\"2076\" data-end=\"2108\">F\u00e1cil de empilhar e armazenar.<\/li>\n<li data-start=\"2111\" data-end=\"2140\">Embalagem econ\u00f3mica de <strong>100 frascos<\/strong><\/li>\n<\/ul>\n<p>&nbsp;<\/p>\n<p><!--more--><\/p>\n<h4>Outras informa\u00e7\u00f5es :<\/h4>\n<ul>\n<li><strong>Embalagem<\/strong>: Pacote de 100<\/li>\n<li><strong>Volume<\/strong>: 200 ml<\/li>\n<li><strong>Di\u00e2metro do fundo<\/strong>: \u00d885 mm<\/li>\n<li><strong>Di\u00e2metro superior<\/strong>: \u00d898 mm<\/li>\n<li><strong>Altura<\/strong>: 42 mm<\/li>\n<li><strong>Material<\/strong>: PP (polipropileno)<\/li>\n<li><strong>Utiliza\u00e7\u00e3o<\/strong>: Quente<\/li>\n<li><strong>Temperatura de funcionamento<\/strong>: -20\u00b0C \/ +120\u00b0C<\/li>\n<\/ul>\n<p>&nbsp;<\/p>\n<p><!--more--><\/p>\n<p><span style=\"color: #d12727;\"><a style=\"color: #d12727;\" href=\"https:\/\/www.csj-emballages.com\/es\/produit\/100-tapas-para-tarros-redondos-de-pp-o101-mm\/\">Clica aqui para veres a tampa concebida para esta panela  <\/a><\/span><\/p>\n<p>&nbsp;<\/p>\n<p><!--more--><\/p>\n<p>Dispon\u00edvel em v\u00e1rios tamanhos: <span style=\"color: #d12727;\"><a style=\"color: #d12727;\" href=\"https:\/\/www.csj-emballages.com\/es\/produit\/100-tarros-redondos-pp-125-ml\/\">125 ml<\/a><\/span> \/ <span style=\"color: #d12727;\"><a style=\"color: #d12727;\" href=\"https:\/\/www.csj-emballages.com\/produit\/100-pots-ronds-en-pp-250-ml\/\">250 ml<\/a><\/span><\/p>\n<p>&nbsp;<\/p>\n<p><!--more--><\/p>\n<p><a href=\"\/?product_cat=pots-ronds-chauds-restauration\">V\u00ea o resto da nossa gama de panelas redondas para utiliza\u00e7\u00e3o a quente<\/a><\/p>\n","protected":false},"excerpt":{"rendered":"<p>Pote de pl\u00e1stico redondo Descri\u00e7\u00e3o da nossa panela de sopa 200 ml por 100<\/p>\n","protected":false},"featured_media":203992,"template":"","meta":{"_acf_changed":false},"product_brand":[],"product_cat":[1141,1176,1525,1526,1527,1138,1528,1529],"product_tag":[],"class_list":{"0":"post-22826","1":"product","2":"type-product","3":"status-publish","4":"has-post-thumbnail","6":"product_cat-embalagem-de-alimentos","7":"product_cat-talho-e-charcutaria","8":"product_cat-tabuleiros-latas-frascos-para-alimentos","9":"product_cat-vasos-redondos","10":"product_cat-tachos-redondos-para-utilizacao-a-quente","11":"product_cat-restauracao","12":"product_cat-vasos-redondos-pt-pt","13":"product_cat-panelas-redondas-quentes","15":"first","16":"instock","17":"taxable","18":"shipping-taxable","19":"purchasable","20":"product-type-simple"},"acf":[],"yoast_head":"<!-- This site is optimized with the Yoast SEO Premium plugin v26.6 (Yoast SEO v26.6) - https:\/\/yoast.com\/wordpress\/plugins\/seo\/ -->\n<title>Frasco redondo de pl\u00e1stico quente - 200 ml<\/title>\n<meta name=\"description\" content=\"Descubra o nosso frasco de pl\u00e1stico redondo de 200 ml! Oferecemos uma embalagem de 100 frascos de pl\u00e1stico concebidos para utiliza\u00e7\u00e3o a quente.\" \/>\n<meta name=\"robots\" content=\"index, follow, max-snippet:-1, max-image-preview:large, max-video-preview:-1\" \/>\n<link rel=\"canonical\" href=\"https:\/\/www.csj-emballages.com\/pt-pt\/produit\/100-frascos-redondos-pp-de-200-ml\/\" \/>\n<meta property=\"og:locale\" content=\"pt_PT\" \/>\n<meta property=\"og:type\" content=\"article\" \/>\n<meta property=\"og:title\" content=\"Pote de pl\u00e1stico redondo 200 ml por 100\" \/>\n<meta property=\"og:description\" content=\"Descubra o nosso frasco de pl\u00e1stico redondo de 200 ml! Oferecemos uma embalagem de 100 frascos de pl\u00e1stico concebidos para utiliza\u00e7\u00e3o a quente.\" \/>\n<meta property=\"og:url\" content=\"https:\/\/www.csj-emballages.com\/pt-pt\/produit\/100-frascos-redondos-pp-de-200-ml\/\" \/>\n<meta property=\"og:site_name\" content=\"CSJ Emballages\" \/>\n<meta property=\"article:publisher\" content=\"https:\/\/www.facebook.com\/csjemballages\" \/>\n<meta property=\"article:modified_time\" content=\"2026-04-21T00:15:54+00:00\" \/>\n<meta property=\"og:image\" content=\"https:\/\/www.csj-emballages.com\/wp-content\/uploads\/2024\/03\/POT-ROND-CHAUD-200-2.webp\" \/>\n\t<meta property=\"og:image:width\" content=\"801\" \/>\n\t<meta property=\"og:image:height\" content=\"801\" \/>\n\t<meta property=\"og:image:type\" content=\"image\/webp\" \/>\n<meta name=\"twitter:card\" content=\"summary_large_image\" \/>\n<meta name=\"twitter:label1\" content=\"Tempo estimado de leitura\" \/>\n\t<meta name=\"twitter:data1\" content=\"2 minutos\" \/>\n<script type=\"application\/ld+json\" class=\"yoast-schema-graph\">{\"@context\":\"https:\/\/schema.org\",\"@graph\":[{\"@type\":\"WebPage\",\"@id\":\"https:\/\/www.csj-emballages.com\/pt-pt\/produit\/100-frascos-redondos-pp-de-200-ml\/\",\"url\":\"https:\/\/www.csj-emballages.com\/pt-pt\/produit\/100-frascos-redondos-pp-de-200-ml\/\",\"name\":\"Frasco redondo de pl\u00e1stico quente - 200 ml\",\"isPartOf\":{\"@id\":\"https:\/\/www.csj-emballages.com\/pt-pt\/#website\"},\"primaryImageOfPage\":{\"@id\":\"https:\/\/www.csj-emballages.com\/pt-pt\/produit\/100-frascos-redondos-pp-de-200-ml\/#primaryimage\"},\"image\":{\"@id\":\"https:\/\/www.csj-emballages.com\/pt-pt\/produit\/100-frascos-redondos-pp-de-200-ml\/#primaryimage\"},\"thumbnailUrl\":\"https:\/\/www.csj-emballages.com\/wp-content\/uploads\/2024\/03\/POT-ROND-CHAUD-200-2.webp\",\"datePublished\":\"2024-03-01T15:50:20+00:00\",\"dateModified\":\"2026-04-21T00:15:54+00:00\",\"description\":\"Descubra o nosso frasco de pl\u00e1stico redondo de 200 ml! Oferecemos uma embalagem de 100 frascos de pl\u00e1stico concebidos para utiliza\u00e7\u00e3o a quente.\",\"breadcrumb\":{\"@id\":\"https:\/\/www.csj-emballages.com\/pt-pt\/produit\/100-frascos-redondos-pp-de-200-ml\/#breadcrumb\"},\"inLanguage\":\"pt-PT\",\"potentialAction\":[{\"@type\":\"ReadAction\",\"target\":[\"https:\/\/www.csj-emballages.com\/pt-pt\/produit\/100-frascos-redondos-pp-de-200-ml\/\"]}]},{\"@type\":\"ImageObject\",\"inLanguage\":\"pt-PT\",\"@id\":\"https:\/\/www.csj-emballages.com\/pt-pt\/produit\/100-frascos-redondos-pp-de-200-ml\/#primaryimage\",\"url\":\"https:\/\/www.csj-emballages.com\/wp-content\/uploads\/2024\/03\/POT-ROND-CHAUD-200-2.webp\",\"contentUrl\":\"https:\/\/www.csj-emballages.com\/wp-content\/uploads\/2024\/03\/POT-ROND-CHAUD-200-2.webp\",\"width\":801,\"height\":801,\"caption\":\"Pot rond plastique\"},{\"@type\":\"BreadcrumbList\",\"@id\":\"https:\/\/www.csj-emballages.com\/pt-pt\/produit\/100-frascos-redondos-pp-de-200-ml\/#breadcrumb\",\"itemListElement\":[{\"@type\":\"ListItem\",\"position\":1,\"name\":\"Acolhimento\",\"item\":\"https:\/\/www.csj-emballages.com\/pt-pt\/universo-das-embalagens-alimentares\/\"},{\"@type\":\"ListItem\",\"position\":2,\"name\":\"Shop\",\"item\":\"https:\/\/www.csj-emballages.com\/shop\/\"},{\"@type\":\"ListItem\",\"position\":3,\"name\":\"Pote de pl\u00e1stico redondo 200 ml por 100\"}]},{\"@type\":\"WebSite\",\"@id\":\"https:\/\/www.csj-emballages.com\/pt-pt\/#website\",\"url\":\"https:\/\/www.csj-emballages.com\/pt-pt\/\",\"name\":\"CSJ Emballages\",\"description\":\"\",\"publisher\":{\"@id\":\"https:\/\/www.csj-emballages.com\/pt-pt\/#organization\"},\"potentialAction\":[{\"@type\":\"SearchAction\",\"target\":{\"@type\":\"EntryPoint\",\"urlTemplate\":\"https:\/\/www.csj-emballages.com\/pt-pt\/?s={search_term_string}\"},\"query-input\":{\"@type\":\"PropertyValueSpecification\",\"valueRequired\":true,\"valueName\":\"search_term_string\"}}],\"inLanguage\":\"pt-PT\"},{\"@type\":\"Organization\",\"@id\":\"https:\/\/www.csj-emballages.com\/pt-pt\/#Organization\/\",\"name\":\"CSJ Emballages\",\"url\":\"https:\/\/www.csj-emballages.com\/pt-pt\/\",\"logo\":{\"@type\":\"ImageObject\",\"inLanguage\":\"pt-PT\",\"@id\":\"https:\/\/www.csj-emballages.com\/pt-pt\/#\/schema\/logo\/image\/\",\"url\":\"https:\/\/www.csj-emballages.com\/wp-content\/uploads\/2023\/10\/logo_csj.webp\",\"contentUrl\":\"https:\/\/www.csj-emballages.com\/wp-content\/uploads\/2023\/10\/logo_csj.webp\",\"width\":250,\"height\":95,\"caption\":\"CSJ Emballages\"},\"image\":{\"@id\":\"https:\/\/www.csj-emballages.com\/pt-pt\/#\/schema\/logo\/image\/\"},\"sameAs\":[\"https:\/\/www.facebook.com\/csjemballages\"],\"address\":{\"@type\":\"PostalAddress\",\"streetAddress\":\"ZI La Lechere\",\"addressLocality\":\"Patornay\",\"postalCode\":\"39130\",\"addressCountry\":\"FR\"},\"contactPoint\":[{\"@type\":\"ContactPoint\",\"contactType\":\"Service client\",\"telephone\":\"0384254272\",\"email\":\"contact@csj-emballages.com\"}]}]}<\/script>\n<!-- \/ Yoast SEO Premium plugin. -->","yoast_head_json":{"title":"Frasco redondo de pl\u00e1stico quente - 200 ml","description":"Descubra o nosso frasco de pl\u00e1stico redondo de 200 ml! Oferecemos uma embalagem de 100 frascos de pl\u00e1stico concebidos para utiliza\u00e7\u00e3o a quente.","robots":{"index":"index","follow":"follow","max-snippet":"max-snippet:-1","max-image-preview":"max-image-preview:large","max-video-preview":"max-video-preview:-1"},"canonical":"https:\/\/www.csj-emballages.com\/pt-pt\/produit\/100-frascos-redondos-pp-de-200-ml\/","og_locale":"pt_PT","og_type":"article","og_title":"Pote de pl\u00e1stico redondo 200 ml por 100","og_description":"Descubra o nosso frasco de pl\u00e1stico redondo de 200 ml! Oferecemos uma embalagem de 100 frascos de pl\u00e1stico concebidos para utiliza\u00e7\u00e3o a quente.","og_url":"https:\/\/www.csj-emballages.com\/pt-pt\/produit\/100-frascos-redondos-pp-de-200-ml\/","og_site_name":"CSJ Emballages","article_publisher":"https:\/\/www.facebook.com\/csjemballages","article_modified_time":"2026-04-21T00:15:54+00:00","og_image":[{"width":801,"height":801,"url":"https:\/\/www.csj-emballages.com\/wp-content\/uploads\/2024\/03\/POT-ROND-CHAUD-200-2.webp","type":"image\/webp"}],"twitter_card":"summary_large_image","twitter_misc":{"Tempo estimado de leitura":"2 minutos"},"schema":{"@context":"https:\/\/schema.org","@graph":[{"@type":"WebPage","@id":"https:\/\/www.csj-emballages.com\/pt-pt\/produit\/100-frascos-redondos-pp-de-200-ml\/","url":"https:\/\/www.csj-emballages.com\/pt-pt\/produit\/100-frascos-redondos-pp-de-200-ml\/","name":"Frasco redondo de pl\u00e1stico quente - 200 ml","isPartOf":{"@id":"https:\/\/www.csj-emballages.com\/pt-pt\/#website"},"primaryImageOfPage":{"@id":"https:\/\/www.csj-emballages.com\/pt-pt\/produit\/100-frascos-redondos-pp-de-200-ml\/#primaryimage"},"image":{"@id":"https:\/\/www.csj-emballages.com\/pt-pt\/produit\/100-frascos-redondos-pp-de-200-ml\/#primaryimage"},"thumbnailUrl":"https:\/\/www.csj-emballages.com\/wp-content\/uploads\/2024\/03\/POT-ROND-CHAUD-200-2.webp","datePublished":"2024-03-01T15:50:20+00:00","dateModified":"2026-04-21T00:15:54+00:00","description":"Descubra o nosso frasco de pl\u00e1stico redondo de 200 ml! Oferecemos uma embalagem de 100 frascos de pl\u00e1stico concebidos para utiliza\u00e7\u00e3o a quente.","breadcrumb":{"@id":"https:\/\/www.csj-emballages.com\/pt-pt\/produit\/100-frascos-redondos-pp-de-200-ml\/#breadcrumb"},"inLanguage":"pt-PT","potentialAction":[{"@type":"ReadAction","target":["https:\/\/www.csj-emballages.com\/pt-pt\/produit\/100-frascos-redondos-pp-de-200-ml\/"]}]},{"@type":"ImageObject","inLanguage":"pt-PT","@id":"https:\/\/www.csj-emballages.com\/pt-pt\/produit\/100-frascos-redondos-pp-de-200-ml\/#primaryimage","url":"https:\/\/www.csj-emballages.com\/wp-content\/uploads\/2024\/03\/POT-ROND-CHAUD-200-2.webp","contentUrl":"https:\/\/www.csj-emballages.com\/wp-content\/uploads\/2024\/03\/POT-ROND-CHAUD-200-2.webp","width":801,"height":801,"caption":"Pot rond plastique"},{"@type":"BreadcrumbList","@id":"https:\/\/www.csj-emballages.com\/pt-pt\/produit\/100-frascos-redondos-pp-de-200-ml\/#breadcrumb","itemListElement":[{"@type":"ListItem","position":1,"name":"Acolhimento","item":"https:\/\/www.csj-emballages.com\/pt-pt\/universo-das-embalagens-alimentares\/"},{"@type":"ListItem","position":2,"name":"Shop","item":"https:\/\/www.csj-emballages.com\/shop\/"},{"@type":"ListItem","position":3,"name":"Pote de pl\u00e1stico redondo 200 ml por 100"}]},{"@type":"WebSite","@id":"https:\/\/www.csj-emballages.com\/pt-pt\/#website","url":"https:\/\/www.csj-emballages.com\/pt-pt\/","name":"CSJ Emballages","description":"","publisher":{"@id":"https:\/\/www.csj-emballages.com\/pt-pt\/#organization"},"potentialAction":[{"@type":"SearchAction","target":{"@type":"EntryPoint","urlTemplate":"https:\/\/www.csj-emballages.com\/pt-pt\/?s={search_term_string}"},"query-input":{"@type":"PropertyValueSpecification","valueRequired":true,"valueName":"search_term_string"}}],"inLanguage":"pt-PT"},{"@type":"Organization","@id":"https:\/\/www.csj-emballages.com\/pt-pt\/#Organization\/","name":"CSJ Emballages","url":"https:\/\/www.csj-emballages.com\/pt-pt\/","logo":{"@type":"ImageObject","inLanguage":"pt-PT","@id":"https:\/\/www.csj-emballages.com\/pt-pt\/#\/schema\/logo\/image\/","url":"https:\/\/www.csj-emballages.com\/wp-content\/uploads\/2023\/10\/logo_csj.webp","contentUrl":"https:\/\/www.csj-emballages.com\/wp-content\/uploads\/2023\/10\/logo_csj.webp","width":250,"height":95,"caption":"CSJ Emballages"},"image":{"@id":"https:\/\/www.csj-emballages.com\/pt-pt\/#\/schema\/logo\/image\/"},"sameAs":["https:\/\/www.facebook.com\/csjemballages"],"address":{"@type":"PostalAddress","streetAddress":"ZI La Lechere","addressLocality":"Patornay","postalCode":"39130","addressCountry":"FR"},"contactPoint":[{"@type":"ContactPoint","contactType":"Service client","telephone":"0384254272","email":"contact@csj-emballages.com"}]}]}},"df_price":4.82,"df_sale_price":"","df_regular_price":4.82,"df_image_link":"https:\/\/www.csj-emballages.com\/wp-content\/uploads\/2024\/03\/POT-ROND-CHAUD-200-2-300x300.webp","tiered_pricing_type":"fixed","tiered_pricing_fixed_rules":[],"tiered_pricing_percentage_rules":[],"tiered_pricing_minimum":1,"tiered_pricing_roles_data":[],"_links":{"self":[{"href":"https:\/\/www.csj-emballages.com\/pt-pt\/wp-json\/wp\/v2\/product\/22826","targetHints":{"allow":["GET"]}}],"collection":[{"href":"https:\/\/www.csj-emballages.com\/pt-pt\/wp-json\/wp\/v2\/product"}],"about":[{"href":"https:\/\/www.csj-emballages.com\/pt-pt\/wp-json\/wp\/v2\/types\/product"}],"wp:featuredmedia":[{"embeddable":true,"href":"https:\/\/www.csj-emballages.com\/pt-pt\/wp-json\/wp\/v2\/media\/203992"}],"wp:attachment":[{"href":"https:\/\/www.csj-emballages.com\/pt-pt\/wp-json\/wp\/v2\/media?parent=22826"}],"wp:term":[{"taxonomy":"product_brand","embeddable":true,"href":"https:\/\/www.csj-emballages.com\/pt-pt\/wp-json\/wp\/v2\/product_brand?post=22826"},{"taxonomy":"product_cat","embeddable":true,"href":"https:\/\/www.csj-emballages.com\/pt-pt\/wp-json\/wp\/v2\/product_cat?post=22826"},{"taxonomy":"product_tag","embeddable":true,"href":"https:\/\/www.csj-emballages.com\/pt-pt\/wp-json\/wp\/v2\/product_tag?post=22826"}],"curies":[{"name":"wp","href":"https:\/\/api.w.org\/{rel}","templated":true}]}}