{"id":22824,"date":"2024-03-01T16:50:18","date_gmt":"2024-03-01T15:50:18","guid":{"rendered":"https:\/\/u15jnbdpoq.preview.infomaniak.website\/produit\/100-suportes-para-bolos-redondos-coloridos-anis-fucsia-24-cm\/"},"modified":"2026-04-22T02:14:18","modified_gmt":"2026-04-22T00:14:18","slug":"100-suportes-para-bolos-redondos-coloridos-anis-fucsia-24-cm","status":"publish","type":"product","link":"https:\/\/www.csj-emballages.com\/pt-pt\/produit\/100-suportes-para-bolos-redondos-coloridos-anis-fucsia-24-cm\/","title":{"rendered":"Suporte para bolos redondo colorido Anis \/ F\u00facsia 24 cm (100 un.)"},"content":{"rendered":"<h2>Suporte para bolos<\/h2>\n<hr>\n<h3>Suporte para bolos redondo colorido Anis \/ F\u00facsia 24 cm (100 un.)<\/h3>\n<p><!--more--><\/p>\n<p data-start=\"59\" data-end=\"306\">D\u00ea um toque de frescura e modernidade \u00e0s suas apresenta\u00e7\u00f5es com este <strong data-start=\"136\" data-end=\"194\">suporte para bolos redondo em cart\u00e3o cor anis f\u00facsia (\u00d8 240 mm)<\/strong> <br data-start=\"197\" data-end=\"200\">Est\u00e9tico e funcional, valoriza as suas cria\u00e7\u00f5es e garante uma sustenta\u00e7\u00e3o fi\u00e1vel.<\/p>\n<p data-start=\"308\" data-end=\"548\">Concebido para <strong data-start=\"323\" data-end=\"362\">pasteleiros, padeiros e servi\u00e7os de catering<\/strong>, este suporte de qualidade alimentar \u00e9 ideal para real\u00e7ar todas as suas cria\u00e7\u00f5es doces e salgadas: entremets, tartes, charlottes, vacherins, galettes, quiches ou ainda pizzas.<\/p>\n<p data-start=\"550\" data-end=\"709\">O seu design com <strong data-start=\"563\" data-end=\"595\">bordos lisos (n\u00e3o recortados)<\/strong> oferece um resultado moderno e depurado, perfeito para uma apresenta\u00e7\u00e3o profissional em montra ou em eventos.<\/p>\n<p data-start=\"550\" data-end=\"709\">\n<p data-start=\"550\" data-end=\"709\"><!--more--><\/p>\n<h4 data-start=\"550\" data-end=\"709\">Vantagens :<\/h4>\n<ul>\n<li data-section-id=\"1k3ezeu\" data-start=\"30\" data-end=\"116\">Cor anis f\u00facsia original para atrair o olhar<\/li>\n<li data-section-id=\"99zy5q\" data-start=\"117\" data-end=\"200\">Bordos lisos para um resultado moderno e cuidado<\/li>\n<li data-section-id=\"1fqc32w\" data-start=\"201\" data-end=\"273\">Adequado para contacto direto com os alimentos<\/li>\n<li data-section-id=\"15r9gnu\" data-start=\"274\" data-end=\"342\">Sustenta\u00e7\u00e3o fi\u00e1vel de bolos e prepara\u00e7\u00f5es<\/li>\n<li data-section-id=\"1n8bgam\" data-start=\"343\" data-end=\"412\"><strong data-start=\"345\" data-end=\"359\">Vers\u00e1til<\/strong>: ideal para pastelaria, tartes, quiches, pizzas\u2026<\/li>\n<li data-section-id=\"1b8skrn\" data-start=\"413\" data-end=\"486\">Formato standard \u00d8 240 mm, f\u00e1cil de usar<\/li>\n<\/ul>\n<p data-start=\"550\" data-end=\"709\">\n<p><!--more--><\/p>\n<h4>Outras informa\u00e7\u00f5es :<\/h4>\n<ul>\n<li><strong>Embalagem<\/strong>: Pacote de 100<\/li>\n<li><strong>Di\u00e2metro<\/strong>: 24 cm<\/li>\n<li><strong>Material<\/strong>: Cart\u00e3o<\/li>\n<li><strong>Cor<\/strong>: Anis \/ F\u00facsia<\/li>\n<\/ul>\n<p>&nbsp;<\/p>\n<p><!--more--><\/p>\n<p><a href=\"https:\/\/www.csj-emballages.com\/pt-pt\/categorie-produit\/embalagem-de-alimentos\/padaria-e-pastelaria\/suportes-para-bases-de-bolos\/bases-para-bolos-redondas\/suportes-para-bolos-coloridos\/\">Consulte o resto da nossa gama de suportes para bolos Anis \/ F\u00facsia<\/a><\/p>\n","protected":false},"excerpt":{"rendered":"<p>Suporte para bolos Suporte para bolos redondo colorido Anis \/ F\u00facsia 24 cm (100 un.)<\/p>\n","protected":false},"featured_media":273464,"template":"","meta":{"_acf_changed":false},"product_brand":[],"product_cat":[1141,1177,1914,3236,1267],"product_tag":[],"class_list":{"0":"post-22824","1":"product","2":"type-product","3":"status-publish","4":"has-post-thumbnail","6":"product_cat-embalagem-de-alimentos","7":"product_cat-padaria-e-pastelaria","8":"product_cat-suportes-para-bases-de-bolos","9":"product_cat-suportes-para-bolos-coloridos","10":"product_cat-descontos-promocoes","12":"first","13":"instock","14":"sale","15":"taxable","16":"shipping-taxable","17":"purchasable","18":"product-type-simple"},"acf":[],"yoast_head":"<!-- This site is optimized with the Yoast SEO Premium plugin v26.6 (Yoast SEO v26.6) - https:\/\/yoast.com\/wordpress\/plugins\/seo\/ -->\n<title>Suporte para Bolos Redondo Colorido Anis \/ F\u00facsia 24 cm (100 un.)<\/title>\n<meta name=\"description\" content=\"Suporte para bolos redondo em cart\u00e3o anis f\u00facsia \u00d8 240 mm, ideal para pasteleiros e servi\u00e7os de catering. Robusto, recicl\u00e1vel e perfeito para uma apresenta\u00e7\u00e3o elegante.\" \/>\n<meta name=\"robots\" content=\"index, follow, max-snippet:-1, max-image-preview:large, max-video-preview:-1\" \/>\n<link rel=\"canonical\" href=\"https:\/\/www.csj-emballages.com\/pt-pt\/produit\/100-suportes-para-bolos-redondos-coloridos-anis-fucsia-24-cm\/\" \/>\n<meta property=\"og:locale\" content=\"pt_PT\" \/>\n<meta property=\"og:type\" content=\"article\" \/>\n<meta property=\"og:title\" content=\"Suporte para bolos redondo colorido Anis \/ F\u00facsia 24 cm (100 un.)\" \/>\n<meta property=\"og:description\" content=\"Suporte para bolos redondo em cart\u00e3o anis f\u00facsia \u00d8 240 mm, ideal para pasteleiros e servi\u00e7os de catering. Robusto, recicl\u00e1vel e perfeito para uma apresenta\u00e7\u00e3o elegante.\" \/>\n<meta property=\"og:url\" content=\"https:\/\/www.csj-emballages.com\/pt-pt\/produit\/100-suportes-para-bolos-redondos-coloridos-anis-fucsia-24-cm\/\" \/>\n<meta property=\"og:site_name\" content=\"CSJ Emballages\" \/>\n<meta property=\"article:publisher\" content=\"https:\/\/www.facebook.com\/csjemballages\" \/>\n<meta property=\"article:modified_time\" content=\"2026-04-22T00:14:18+00:00\" \/>\n<meta property=\"og:image\" content=\"https:\/\/www.csj-emballages.com\/wp-content\/uploads\/2026\/03\/Supports-gateaux-anis-fuchsia-ronds.webp\" \/>\n\t<meta property=\"og:image:width\" content=\"800\" \/>\n\t<meta property=\"og:image:height\" content=\"800\" \/>\n\t<meta property=\"og:image:type\" content=\"image\/webp\" \/>\n<meta name=\"twitter:card\" content=\"summary_large_image\" \/>\n<meta name=\"twitter:label1\" content=\"Tempo estimado de leitura\" \/>\n\t<meta name=\"twitter:data1\" content=\"1 minuto\" \/>\n<script type=\"application\/ld+json\" class=\"yoast-schema-graph\">{\"@context\":\"https:\/\/schema.org\",\"@graph\":[{\"@type\":\"WebPage\",\"@id\":\"https:\/\/www.csj-emballages.com\/pt-pt\/produit\/100-suportes-para-bolos-redondos-coloridos-anis-fucsia-24-cm\/\",\"url\":\"https:\/\/www.csj-emballages.com\/pt-pt\/produit\/100-suportes-para-bolos-redondos-coloridos-anis-fucsia-24-cm\/\",\"name\":\"Suporte para Bolos Redondo Colorido Anis \/ F\u00facsia 24 cm (100 un.)\",\"isPartOf\":{\"@id\":\"https:\/\/www.csj-emballages.com\/pt-pt\/#website\"},\"primaryImageOfPage\":{\"@id\":\"https:\/\/www.csj-emballages.com\/pt-pt\/produit\/100-suportes-para-bolos-redondos-coloridos-anis-fucsia-24-cm\/#primaryimage\"},\"image\":{\"@id\":\"https:\/\/www.csj-emballages.com\/pt-pt\/produit\/100-suportes-para-bolos-redondos-coloridos-anis-fucsia-24-cm\/#primaryimage\"},\"thumbnailUrl\":\"https:\/\/www.csj-emballages.com\/wp-content\/uploads\/2026\/03\/Supports-gateaux-anis-fuchsia-ronds.webp\",\"datePublished\":\"2024-03-01T15:50:18+00:00\",\"dateModified\":\"2026-04-22T00:14:18+00:00\",\"description\":\"Suporte para bolos redondo em cart\u00e3o anis f\u00facsia \u00d8 240 mm, ideal para pasteleiros e servi\u00e7os de catering. Robusto, recicl\u00e1vel e perfeito para uma apresenta\u00e7\u00e3o elegante.\",\"breadcrumb\":{\"@id\":\"https:\/\/www.csj-emballages.com\/pt-pt\/produit\/100-suportes-para-bolos-redondos-coloridos-anis-fucsia-24-cm\/#breadcrumb\"},\"inLanguage\":\"pt-PT\",\"potentialAction\":[{\"@type\":\"ReadAction\",\"target\":[\"https:\/\/www.csj-emballages.com\/pt-pt\/produit\/100-suportes-para-bolos-redondos-coloridos-anis-fucsia-24-cm\/\"]}]},{\"@type\":\"ImageObject\",\"inLanguage\":\"pt-PT\",\"@id\":\"https:\/\/www.csj-emballages.com\/pt-pt\/produit\/100-suportes-para-bolos-redondos-coloridos-anis-fucsia-24-cm\/#primaryimage\",\"url\":\"https:\/\/www.csj-emballages.com\/wp-content\/uploads\/2026\/03\/Supports-gateaux-anis-fuchsia-ronds.webp\",\"contentUrl\":\"https:\/\/www.csj-emballages.com\/wp-content\/uploads\/2026\/03\/Supports-gateaux-anis-fuchsia-ronds.webp\",\"width\":800,\"height\":800,\"caption\":\"Supports \u00e0 g\u00e2teaux anis \/ fuchsia\"},{\"@type\":\"BreadcrumbList\",\"@id\":\"https:\/\/www.csj-emballages.com\/pt-pt\/produit\/100-suportes-para-bolos-redondos-coloridos-anis-fucsia-24-cm\/#breadcrumb\",\"itemListElement\":[{\"@type\":\"ListItem\",\"position\":1,\"name\":\"Acolhimento\",\"item\":\"https:\/\/www.csj-emballages.com\/pt-pt\/universo-das-embalagens-alimentares\/\"},{\"@type\":\"ListItem\",\"position\":2,\"name\":\"Shop\",\"item\":\"https:\/\/www.csj-emballages.com\/shop\/\"},{\"@type\":\"ListItem\",\"position\":3,\"name\":\"Suporte para bolos redondo colorido Anis \/ F\u00facsia 24 cm (100 un.)\"}]},{\"@type\":\"WebSite\",\"@id\":\"https:\/\/www.csj-emballages.com\/pt-pt\/#website\",\"url\":\"https:\/\/www.csj-emballages.com\/pt-pt\/\",\"name\":\"CSJ Emballages\",\"description\":\"\",\"publisher\":{\"@id\":\"https:\/\/www.csj-emballages.com\/pt-pt\/#organization\"},\"potentialAction\":[{\"@type\":\"SearchAction\",\"target\":{\"@type\":\"EntryPoint\",\"urlTemplate\":\"https:\/\/www.csj-emballages.com\/pt-pt\/?s={search_term_string}\"},\"query-input\":{\"@type\":\"PropertyValueSpecification\",\"valueRequired\":true,\"valueName\":\"search_term_string\"}}],\"inLanguage\":\"pt-PT\"},{\"@type\":\"Organization\",\"@id\":\"https:\/\/www.csj-emballages.com\/pt-pt\/#Organization\/\",\"name\":\"CSJ Emballages\",\"url\":\"https:\/\/www.csj-emballages.com\/pt-pt\/\",\"logo\":{\"@type\":\"ImageObject\",\"inLanguage\":\"pt-PT\",\"@id\":\"https:\/\/www.csj-emballages.com\/pt-pt\/#\/schema\/logo\/image\/\",\"url\":\"https:\/\/www.csj-emballages.com\/wp-content\/uploads\/2023\/10\/logo_csj.webp\",\"contentUrl\":\"https:\/\/www.csj-emballages.com\/wp-content\/uploads\/2023\/10\/logo_csj.webp\",\"width\":250,\"height\":95,\"caption\":\"CSJ Emballages\"},\"image\":{\"@id\":\"https:\/\/www.csj-emballages.com\/pt-pt\/#\/schema\/logo\/image\/\"},\"sameAs\":[\"https:\/\/www.facebook.com\/csjemballages\"],\"address\":{\"@type\":\"PostalAddress\",\"streetAddress\":\"ZI La Lechere\",\"addressLocality\":\"Patornay\",\"postalCode\":\"39130\",\"addressCountry\":\"FR\"},\"contactPoint\":[{\"@type\":\"ContactPoint\",\"contactType\":\"Service client\",\"telephone\":\"0384254272\",\"email\":\"contact@csj-emballages.com\"}]}]}<\/script>\n<!-- \/ Yoast SEO Premium plugin. -->","yoast_head_json":{"title":"Suporte para Bolos Redondo Colorido Anis \/ F\u00facsia 24 cm (100 un.)","description":"Suporte para bolos redondo em cart\u00e3o anis f\u00facsia \u00d8 240 mm, ideal para pasteleiros e servi\u00e7os de catering. Robusto, recicl\u00e1vel e perfeito para uma apresenta\u00e7\u00e3o elegante.","robots":{"index":"index","follow":"follow","max-snippet":"max-snippet:-1","max-image-preview":"max-image-preview:large","max-video-preview":"max-video-preview:-1"},"canonical":"https:\/\/www.csj-emballages.com\/pt-pt\/produit\/100-suportes-para-bolos-redondos-coloridos-anis-fucsia-24-cm\/","og_locale":"pt_PT","og_type":"article","og_title":"Suporte para bolos redondo colorido Anis \/ F\u00facsia 24 cm (100 un.)","og_description":"Suporte para bolos redondo em cart\u00e3o anis f\u00facsia \u00d8 240 mm, ideal para pasteleiros e servi\u00e7os de catering. Robusto, recicl\u00e1vel e perfeito para uma apresenta\u00e7\u00e3o elegante.","og_url":"https:\/\/www.csj-emballages.com\/pt-pt\/produit\/100-suportes-para-bolos-redondos-coloridos-anis-fucsia-24-cm\/","og_site_name":"CSJ Emballages","article_publisher":"https:\/\/www.facebook.com\/csjemballages","article_modified_time":"2026-04-22T00:14:18+00:00","og_image":[{"width":800,"height":800,"url":"https:\/\/www.csj-emballages.com\/wp-content\/uploads\/2026\/03\/Supports-gateaux-anis-fuchsia-ronds.webp","type":"image\/webp"}],"twitter_card":"summary_large_image","twitter_misc":{"Tempo estimado de leitura":"1 minuto"},"schema":{"@context":"https:\/\/schema.org","@graph":[{"@type":"WebPage","@id":"https:\/\/www.csj-emballages.com\/pt-pt\/produit\/100-suportes-para-bolos-redondos-coloridos-anis-fucsia-24-cm\/","url":"https:\/\/www.csj-emballages.com\/pt-pt\/produit\/100-suportes-para-bolos-redondos-coloridos-anis-fucsia-24-cm\/","name":"Suporte para Bolos Redondo Colorido Anis \/ F\u00facsia 24 cm (100 un.)","isPartOf":{"@id":"https:\/\/www.csj-emballages.com\/pt-pt\/#website"},"primaryImageOfPage":{"@id":"https:\/\/www.csj-emballages.com\/pt-pt\/produit\/100-suportes-para-bolos-redondos-coloridos-anis-fucsia-24-cm\/#primaryimage"},"image":{"@id":"https:\/\/www.csj-emballages.com\/pt-pt\/produit\/100-suportes-para-bolos-redondos-coloridos-anis-fucsia-24-cm\/#primaryimage"},"thumbnailUrl":"https:\/\/www.csj-emballages.com\/wp-content\/uploads\/2026\/03\/Supports-gateaux-anis-fuchsia-ronds.webp","datePublished":"2024-03-01T15:50:18+00:00","dateModified":"2026-04-22T00:14:18+00:00","description":"Suporte para bolos redondo em cart\u00e3o anis f\u00facsia \u00d8 240 mm, ideal para pasteleiros e servi\u00e7os de catering. Robusto, recicl\u00e1vel e perfeito para uma apresenta\u00e7\u00e3o elegante.","breadcrumb":{"@id":"https:\/\/www.csj-emballages.com\/pt-pt\/produit\/100-suportes-para-bolos-redondos-coloridos-anis-fucsia-24-cm\/#breadcrumb"},"inLanguage":"pt-PT","potentialAction":[{"@type":"ReadAction","target":["https:\/\/www.csj-emballages.com\/pt-pt\/produit\/100-suportes-para-bolos-redondos-coloridos-anis-fucsia-24-cm\/"]}]},{"@type":"ImageObject","inLanguage":"pt-PT","@id":"https:\/\/www.csj-emballages.com\/pt-pt\/produit\/100-suportes-para-bolos-redondos-coloridos-anis-fucsia-24-cm\/#primaryimage","url":"https:\/\/www.csj-emballages.com\/wp-content\/uploads\/2026\/03\/Supports-gateaux-anis-fuchsia-ronds.webp","contentUrl":"https:\/\/www.csj-emballages.com\/wp-content\/uploads\/2026\/03\/Supports-gateaux-anis-fuchsia-ronds.webp","width":800,"height":800,"caption":"Supports \u00e0 g\u00e2teaux anis \/ fuchsia"},{"@type":"BreadcrumbList","@id":"https:\/\/www.csj-emballages.com\/pt-pt\/produit\/100-suportes-para-bolos-redondos-coloridos-anis-fucsia-24-cm\/#breadcrumb","itemListElement":[{"@type":"ListItem","position":1,"name":"Acolhimento","item":"https:\/\/www.csj-emballages.com\/pt-pt\/universo-das-embalagens-alimentares\/"},{"@type":"ListItem","position":2,"name":"Shop","item":"https:\/\/www.csj-emballages.com\/shop\/"},{"@type":"ListItem","position":3,"name":"Suporte para bolos redondo colorido Anis \/ F\u00facsia 24 cm (100 un.)"}]},{"@type":"WebSite","@id":"https:\/\/www.csj-emballages.com\/pt-pt\/#website","url":"https:\/\/www.csj-emballages.com\/pt-pt\/","name":"CSJ Emballages","description":"","publisher":{"@id":"https:\/\/www.csj-emballages.com\/pt-pt\/#organization"},"potentialAction":[{"@type":"SearchAction","target":{"@type":"EntryPoint","urlTemplate":"https:\/\/www.csj-emballages.com\/pt-pt\/?s={search_term_string}"},"query-input":{"@type":"PropertyValueSpecification","valueRequired":true,"valueName":"search_term_string"}}],"inLanguage":"pt-PT"},{"@type":"Organization","@id":"https:\/\/www.csj-emballages.com\/pt-pt\/#Organization\/","name":"CSJ Emballages","url":"https:\/\/www.csj-emballages.com\/pt-pt\/","logo":{"@type":"ImageObject","inLanguage":"pt-PT","@id":"https:\/\/www.csj-emballages.com\/pt-pt\/#\/schema\/logo\/image\/","url":"https:\/\/www.csj-emballages.com\/wp-content\/uploads\/2023\/10\/logo_csj.webp","contentUrl":"https:\/\/www.csj-emballages.com\/wp-content\/uploads\/2023\/10\/logo_csj.webp","width":250,"height":95,"caption":"CSJ Emballages"},"image":{"@id":"https:\/\/www.csj-emballages.com\/pt-pt\/#\/schema\/logo\/image\/"},"sameAs":["https:\/\/www.facebook.com\/csjemballages"],"address":{"@type":"PostalAddress","streetAddress":"ZI La Lechere","addressLocality":"Patornay","postalCode":"39130","addressCountry":"FR"},"contactPoint":[{"@type":"ContactPoint","contactType":"Service client","telephone":"0384254272","email":"contact@csj-emballages.com"}]}]}},"df_price":10.24,"df_sale_price":10.24,"df_regular_price":17.06,"df_image_link":"https:\/\/www.csj-emballages.com\/wp-content\/uploads\/2026\/03\/Supports-gateaux-anis-fuchsia-ronds-300x300.webp","tiered_pricing_type":"fixed","tiered_pricing_fixed_rules":[],"tiered_pricing_percentage_rules":[],"tiered_pricing_minimum":1,"tiered_pricing_roles_data":[],"_links":{"self":[{"href":"https:\/\/www.csj-emballages.com\/pt-pt\/wp-json\/wp\/v2\/product\/22824","targetHints":{"allow":["GET"]}}],"collection":[{"href":"https:\/\/www.csj-emballages.com\/pt-pt\/wp-json\/wp\/v2\/product"}],"about":[{"href":"https:\/\/www.csj-emballages.com\/pt-pt\/wp-json\/wp\/v2\/types\/product"}],"wp:featuredmedia":[{"embeddable":true,"href":"https:\/\/www.csj-emballages.com\/pt-pt\/wp-json\/wp\/v2\/media\/273464"}],"wp:attachment":[{"href":"https:\/\/www.csj-emballages.com\/pt-pt\/wp-json\/wp\/v2\/media?parent=22824"}],"wp:term":[{"taxonomy":"product_brand","embeddable":true,"href":"https:\/\/www.csj-emballages.com\/pt-pt\/wp-json\/wp\/v2\/product_brand?post=22824"},{"taxonomy":"product_cat","embeddable":true,"href":"https:\/\/www.csj-emballages.com\/pt-pt\/wp-json\/wp\/v2\/product_cat?post=22824"},{"taxonomy":"product_tag","embeddable":true,"href":"https:\/\/www.csj-emballages.com\/pt-pt\/wp-json\/wp\/v2\/product_tag?post=22824"}],"curies":[{"name":"wp","href":"https:\/\/api.w.org\/{rel}","templated":true}]}}