{"id":22772,"date":"2024-03-01T16:50:20","date_gmt":"2024-03-01T15:50:20","guid":{"rendered":"https:\/\/u15jnbdpoq.preview.infomaniak.website\/produit\/250-tabuleiros-de-cartao-descartaveis-para-snacks-13-x-20-cm\/"},"modified":"2026-03-12T16:35:24","modified_gmt":"2026-03-12T15:35:24","slug":"250-tabuleiros-de-cartao-descartaveis-para-snacks-13-x-20-cm","status":"publish","type":"product","link":"https:\/\/www.csj-emballages.com\/pt-pt\/produit\/250-tabuleiros-de-cartao-descartaveis-para-snacks-13-x-20-cm\/","title":{"rendered":"Tabuleiro de cart\u00e3o para snacks 13 x 20 cm por 250"},"content":{"rendered":"<h2>Tabuleiro para snacks<\/h2>\n<hr>\n<h3>Descri\u00e7\u00e3o do nosso tabuleiro de cart\u00e3o 13 x 20 cm, 250 unidades<\/h3>\n<p><!--more--><\/p>\n<p data-start=\"157\" data-end=\"534\">O <strong data-start=\"160\" data-end=\"206\">tabuleiro para snacks em cart\u00e3o de 13 x 20 cm por 250<\/strong> \u00e9 uma solu\u00e7\u00e3o indispens\u00e1vel para os profissionais dos sectores da restaura\u00e7\u00e3o r\u00e1pida, takeaway e catering. Fabricado em cart\u00e3o, este <strong>tabuleiro<\/strong> combina <strong data-start=\"410\" data-end=\"444\">robustez e praticidade<\/strong>, tornando-o uma escolha fi\u00e1vel para servir e apresentar todos os tipos de prepara\u00e7\u00f5es. <\/p>\n<p data-start=\"536\" data-end=\"1048\">Com o seu formato de <strong data-start=\"563\" data-end=\"577\">13 x 20 cm<\/strong>, \u00e9 perfeito para por\u00e7\u00f5es individuais, pequenos lanches, pastelaria, sandu\u00edches e acompanhamentos. A sua <strong data-start=\"717\" data-end=\"729\">leveza<\/strong> torna-o f\u00e1cil de segurar, enquanto a sua <strong data-start=\"771\" data-end=\"783\">rigidez<\/strong> garante que os alimentos se mant\u00eam perfeitamente no lugar, mesmo quando s\u00e3o mais substanciais. Gra\u00e7as ao seu design em cart\u00e3o, \u00e9 tamb\u00e9m uma alternativa <strong data-start=\"939\" data-end=\"953\">ecol\u00f3gica<\/strong> aos recipientes de pl\u00e1stico, mantendo uma apresenta\u00e7\u00e3o elegante e profissional.  <\/p>\n<p data-start=\"1050\" data-end=\"1402\"><strong data-start=\"1053\" data-end=\"1080\">Os tabuleiros para snacks em cart\u00e3o<\/strong> s\u00e3o particularmente populares entre os <strong data-start=\"1115\" data-end=\"1168\">fornecedores de refei\u00e7\u00f5es, restauradores e padeiros<\/strong>, bem como entre os organizadores de eventos que pretendem oferecer aos seus clientes ou convidados um servi\u00e7o simples, r\u00e1pido e limpo. Na utiliza\u00e7\u00e3o quotidiana, poupam tempo e cumprem as normas de higiene alimentar. <\/p>\n<p data-start=\"1404\" data-end=\"1752\">Embalados em conjuntos de <strong data-start=\"1420\" data-end=\"1434\">250<\/strong>, estes tabuleiros s\u00e3o ideais para assegurar um abastecimento suficiente durante os per\u00edodos de maior atividade. Quer se trate de um servi\u00e7o no local ou para levar, estes tabuleiros de cart\u00e3o oferecem um compromisso perfeito entre <strong data-start=\"1637\" data-end=\"1655\">funcionalidade<\/strong> e <strong data-start=\"1659\" data-end=\"1673\">est\u00e9tica<\/strong>, com uma apresenta\u00e7\u00e3o s\u00f3bria e elegante que real\u00e7a as suas prepara\u00e7\u00f5es. <\/p>\n<p data-start=\"1754\" data-end=\"1934\">Em suma, o <strong data-start=\"1768\" data-end=\"1806\">tabuleiro para refei\u00e7\u00f5es ligeiras em cart\u00e3o de 13 x 20 cm<\/strong> \u00e9 um produto indispens\u00e1vel para os profissionais.<\/p>\n<p data-start=\"1754\" data-end=\"1934\">\n<p data-start=\"1754\" data-end=\"1934\"><!--more--><\/p>\n<h4>Vantagens :<\/h4>\n<ul>\n<li>Pr\u00e1tico e leve, perfeito para petiscar e levar para casa.<\/li>\n<li>Forte e r\u00edgido, mant\u00e9m os alimentos em seguran\u00e7a.<\/li>\n<li>Formato ideal para por\u00e7\u00f5es individuais (13 x 20 cm).<\/li>\n<li>Amigo do ambiente, fabricado em cart\u00e3o recicl\u00e1vel.<\/li>\n<li>Embalagem econ\u00f3mica de 250 unidades.<\/li>\n<\/ul>\n<p>&nbsp;<\/p>\n<p><!--more--><\/p>\n<h4>Outras informa\u00e7\u00f5es :<\/h4>\n<ul>\n<li><strong>Embalagem<\/strong>: 250 unidades<\/li>\n<li><strong>Dimens\u00f5es<\/strong>: 130 x 200 x 12 mm<\/li>\n<li><strong>Cor<\/strong>: Branco<\/li>\n<li><strong>Material<\/strong>: Cart\u00e3o<\/li>\n<\/ul>\n<p>&nbsp;<\/p>\n<p><!--more--><\/p>\n<p>Este tabuleiro est\u00e1 dispon\u00edvel em v\u00e1rios tamanhos: <span style=\"color: #d12727;\"><a style=\"color: #d12727;\" href=\"https:\/\/www.csj-emballages.com\/pt-pt\/produit\/250-tabuleiros-de-cartao-descartaveis-para-snacks-21-x-30-cm\/\">21 x 30 cm<\/a><\/span> \/ <span style=\"color: #d12727;\"><a style=\"color: #d12727;\" href=\"https:\/\/www.csj-emballages.com\/pt-pt\/produit\/250-tabuleiros-de-cartao-descartaveis-para-snacks-23-x-33-cm\/\">23 x 33 cm<\/a><\/span><\/p>\n<p>&nbsp;<\/p>\n<p><!--more--><\/p>\n<p><a href=\"https:\/\/www.csj-emballages.com\/pt-pt\/categorie-produit\/embalagem-de-alimentos\/talho-e-charcutaria\/tabuleiros\/tabuleiros-de-snacks\/\">Ver o resto da nossa gama de tabuleiros para snacks<\/a><\/p>\n","protected":false},"excerpt":{"rendered":"<p>Tabuleiro para snacks Descri\u00e7\u00e3o do nosso tabuleiro de cart\u00e3o 13 x 20 cm, 250 unidades<\/p>\n","protected":false},"featured_media":176946,"template":"","meta":{"_acf_changed":false},"product_brand":[],"product_cat":[1141,1176,1287,3222,1138,1301,3225],"product_tag":[],"class_list":{"0":"post-22772","1":"product","2":"type-product","3":"status-publish","4":"has-post-thumbnail","6":"product_cat-embalagem-de-alimentos","7":"product_cat-talho-e-charcutaria","8":"product_cat-tabuleiros","9":"product_cat-tabuleiros-de-snacks","10":"product_cat-restauracao","11":"product_cat-tabuleiros-pt-pt","12":"product_cat-tabuleiros-de-snacks-pt-pt","14":"first","15":"instock","16":"taxable","17":"shipping-taxable","18":"purchasable","19":"product-type-simple"},"acf":[],"yoast_head":"<!-- This site is optimized with the Yoast SEO Premium plugin v26.6 (Yoast SEO v26.6) - https:\/\/yoast.com\/wordpress\/plugins\/seo\/ -->\n<title>Tabuleiro para snacks Caixa de cart\u00e3o 13 x 20 cm por 250<\/title>\n<meta name=\"description\" content=\"Tabuleiro de cart\u00e3o para refei\u00e7\u00f5es ligeiras 13 x 20 cm por 250: pr\u00e1tico, r\u00edgido e amigo do ambiente. Ideal para catering, restaurantes e takeaways.\" \/>\n<meta name=\"robots\" content=\"index, follow, max-snippet:-1, max-image-preview:large, max-video-preview:-1\" \/>\n<link rel=\"canonical\" href=\"https:\/\/www.csj-emballages.com\/pt-pt\/produit\/250-tabuleiros-de-cartao-descartaveis-para-snacks-13-x-20-cm\/\" \/>\n<meta property=\"og:locale\" content=\"pt_PT\" \/>\n<meta property=\"og:type\" content=\"article\" \/>\n<meta property=\"og:title\" content=\"Tabuleiro de cart\u00e3o para snacks 13 x 20 cm por 250\" \/>\n<meta property=\"og:description\" content=\"Tabuleiro de cart\u00e3o para refei\u00e7\u00f5es ligeiras 13 x 20 cm por 250: pr\u00e1tico, r\u00edgido e amigo do ambiente. Ideal para catering, restaurantes e takeaways.\" \/>\n<meta property=\"og:url\" content=\"https:\/\/www.csj-emballages.com\/pt-pt\/produit\/250-tabuleiros-de-cartao-descartaveis-para-snacks-13-x-20-cm\/\" \/>\n<meta property=\"og:site_name\" content=\"CSJ Emballages\" \/>\n<meta property=\"article:publisher\" content=\"https:\/\/www.facebook.com\/csjemballages\" \/>\n<meta property=\"article:modified_time\" content=\"2026-03-12T15:35:24+00:00\" \/>\n<meta property=\"og:image\" content=\"https:\/\/www.csj-emballages.com\/wp-content\/uploads\/2024\/03\/PTR-13-x-20.webp\" \/>\n\t<meta property=\"og:image:width\" content=\"819\" \/>\n\t<meta property=\"og:image:height\" content=\"820\" \/>\n\t<meta property=\"og:image:type\" content=\"image\/webp\" \/>\n<meta name=\"twitter:card\" content=\"summary_large_image\" \/>\n<meta name=\"twitter:label1\" content=\"Tempo estimado de leitura\" \/>\n\t<meta name=\"twitter:data1\" content=\"2 minutos\" \/>\n<script type=\"application\/ld+json\" class=\"yoast-schema-graph\">{\"@context\":\"https:\/\/schema.org\",\"@graph\":[{\"@type\":\"WebPage\",\"@id\":\"https:\/\/www.csj-emballages.com\/pt-pt\/produit\/250-tabuleiros-de-cartao-descartaveis-para-snacks-13-x-20-cm\/\",\"url\":\"https:\/\/www.csj-emballages.com\/pt-pt\/produit\/250-tabuleiros-de-cartao-descartaveis-para-snacks-13-x-20-cm\/\",\"name\":\"Tabuleiro para snacks Caixa de cart\u00e3o 13 x 20 cm por 250\",\"isPartOf\":{\"@id\":\"https:\/\/www.csj-emballages.com\/pt-pt\/#website\"},\"primaryImageOfPage\":{\"@id\":\"https:\/\/www.csj-emballages.com\/pt-pt\/produit\/250-tabuleiros-de-cartao-descartaveis-para-snacks-13-x-20-cm\/#primaryimage\"},\"image\":{\"@id\":\"https:\/\/www.csj-emballages.com\/pt-pt\/produit\/250-tabuleiros-de-cartao-descartaveis-para-snacks-13-x-20-cm\/#primaryimage\"},\"thumbnailUrl\":\"https:\/\/www.csj-emballages.com\/wp-content\/uploads\/2024\/03\/PTR-13-x-20.webp\",\"datePublished\":\"2024-03-01T15:50:20+00:00\",\"dateModified\":\"2026-03-12T15:35:24+00:00\",\"description\":\"Tabuleiro de cart\u00e3o para refei\u00e7\u00f5es ligeiras 13 x 20 cm por 250: pr\u00e1tico, r\u00edgido e amigo do ambiente. Ideal para catering, restaurantes e takeaways.\",\"breadcrumb\":{\"@id\":\"https:\/\/www.csj-emballages.com\/pt-pt\/produit\/250-tabuleiros-de-cartao-descartaveis-para-snacks-13-x-20-cm\/#breadcrumb\"},\"inLanguage\":\"pt-PT\",\"potentialAction\":[{\"@type\":\"ReadAction\",\"target\":[\"https:\/\/www.csj-emballages.com\/pt-pt\/produit\/250-tabuleiros-de-cartao-descartaveis-para-snacks-13-x-20-cm\/\"]}]},{\"@type\":\"ImageObject\",\"inLanguage\":\"pt-PT\",\"@id\":\"https:\/\/www.csj-emballages.com\/pt-pt\/produit\/250-tabuleiros-de-cartao-descartaveis-para-snacks-13-x-20-cm\/#primaryimage\",\"url\":\"https:\/\/www.csj-emballages.com\/wp-content\/uploads\/2024\/03\/PTR-13-x-20.webp\",\"contentUrl\":\"https:\/\/www.csj-emballages.com\/wp-content\/uploads\/2024\/03\/PTR-13-x-20.webp\",\"width\":819,\"height\":820,\"caption\":\"plateau snacking\"},{\"@type\":\"BreadcrumbList\",\"@id\":\"https:\/\/www.csj-emballages.com\/pt-pt\/produit\/250-tabuleiros-de-cartao-descartaveis-para-snacks-13-x-20-cm\/#breadcrumb\",\"itemListElement\":[{\"@type\":\"ListItem\",\"position\":1,\"name\":\"Acolhimento\",\"item\":\"https:\/\/www.csj-emballages.com\/pt-pt\/universo-das-embalagens-alimentares\/\"},{\"@type\":\"ListItem\",\"position\":2,\"name\":\"Shop\",\"item\":\"https:\/\/www.csj-emballages.com\/shop\/\"},{\"@type\":\"ListItem\",\"position\":3,\"name\":\"Tabuleiro de cart\u00e3o para snacks 13 x 20 cm por 250\"}]},{\"@type\":\"WebSite\",\"@id\":\"https:\/\/www.csj-emballages.com\/pt-pt\/#website\",\"url\":\"https:\/\/www.csj-emballages.com\/pt-pt\/\",\"name\":\"CSJ Emballages\",\"description\":\"\",\"publisher\":{\"@id\":\"https:\/\/www.csj-emballages.com\/pt-pt\/#organization\"},\"potentialAction\":[{\"@type\":\"SearchAction\",\"target\":{\"@type\":\"EntryPoint\",\"urlTemplate\":\"https:\/\/www.csj-emballages.com\/pt-pt\/?s={search_term_string}\"},\"query-input\":{\"@type\":\"PropertyValueSpecification\",\"valueRequired\":true,\"valueName\":\"search_term_string\"}}],\"inLanguage\":\"pt-PT\"},{\"@type\":\"Organization\",\"@id\":\"https:\/\/www.csj-emballages.com\/pt-pt\/#Organization\/\",\"name\":\"CSJ Emballages\",\"url\":\"https:\/\/www.csj-emballages.com\/pt-pt\/\",\"logo\":{\"@type\":\"ImageObject\",\"inLanguage\":\"pt-PT\",\"@id\":\"https:\/\/www.csj-emballages.com\/pt-pt\/#\/schema\/logo\/image\/\",\"url\":\"https:\/\/www.csj-emballages.com\/wp-content\/uploads\/2023\/10\/logo_csj.webp\",\"contentUrl\":\"https:\/\/www.csj-emballages.com\/wp-content\/uploads\/2023\/10\/logo_csj.webp\",\"width\":250,\"height\":95,\"caption\":\"CSJ Emballages\"},\"image\":{\"@id\":\"https:\/\/www.csj-emballages.com\/pt-pt\/#\/schema\/logo\/image\/\"},\"sameAs\":[\"https:\/\/www.facebook.com\/csjemballages\"],\"address\":{\"@type\":\"PostalAddress\",\"streetAddress\":\"ZI La Lechere\",\"addressLocality\":\"Patornay\",\"postalCode\":\"39130\",\"addressCountry\":\"FR\"},\"contactPoint\":[{\"@type\":\"ContactPoint\",\"contactType\":\"Service client\",\"telephone\":\"0384254272\",\"email\":\"contact@csj-emballages.com\"}]}]}<\/script>\n<!-- \/ Yoast SEO Premium plugin. -->","yoast_head_json":{"title":"Tabuleiro para snacks Caixa de cart\u00e3o 13 x 20 cm por 250","description":"Tabuleiro de cart\u00e3o para refei\u00e7\u00f5es ligeiras 13 x 20 cm por 250: pr\u00e1tico, r\u00edgido e amigo do ambiente. Ideal para catering, restaurantes e takeaways.","robots":{"index":"index","follow":"follow","max-snippet":"max-snippet:-1","max-image-preview":"max-image-preview:large","max-video-preview":"max-video-preview:-1"},"canonical":"https:\/\/www.csj-emballages.com\/pt-pt\/produit\/250-tabuleiros-de-cartao-descartaveis-para-snacks-13-x-20-cm\/","og_locale":"pt_PT","og_type":"article","og_title":"Tabuleiro de cart\u00e3o para snacks 13 x 20 cm por 250","og_description":"Tabuleiro de cart\u00e3o para refei\u00e7\u00f5es ligeiras 13 x 20 cm por 250: pr\u00e1tico, r\u00edgido e amigo do ambiente. Ideal para catering, restaurantes e takeaways.","og_url":"https:\/\/www.csj-emballages.com\/pt-pt\/produit\/250-tabuleiros-de-cartao-descartaveis-para-snacks-13-x-20-cm\/","og_site_name":"CSJ Emballages","article_publisher":"https:\/\/www.facebook.com\/csjemballages","article_modified_time":"2026-03-12T15:35:24+00:00","og_image":[{"width":819,"height":820,"url":"https:\/\/www.csj-emballages.com\/wp-content\/uploads\/2024\/03\/PTR-13-x-20.webp","type":"image\/webp"}],"twitter_card":"summary_large_image","twitter_misc":{"Tempo estimado de leitura":"2 minutos"},"schema":{"@context":"https:\/\/schema.org","@graph":[{"@type":"WebPage","@id":"https:\/\/www.csj-emballages.com\/pt-pt\/produit\/250-tabuleiros-de-cartao-descartaveis-para-snacks-13-x-20-cm\/","url":"https:\/\/www.csj-emballages.com\/pt-pt\/produit\/250-tabuleiros-de-cartao-descartaveis-para-snacks-13-x-20-cm\/","name":"Tabuleiro para snacks Caixa de cart\u00e3o 13 x 20 cm por 250","isPartOf":{"@id":"https:\/\/www.csj-emballages.com\/pt-pt\/#website"},"primaryImageOfPage":{"@id":"https:\/\/www.csj-emballages.com\/pt-pt\/produit\/250-tabuleiros-de-cartao-descartaveis-para-snacks-13-x-20-cm\/#primaryimage"},"image":{"@id":"https:\/\/www.csj-emballages.com\/pt-pt\/produit\/250-tabuleiros-de-cartao-descartaveis-para-snacks-13-x-20-cm\/#primaryimage"},"thumbnailUrl":"https:\/\/www.csj-emballages.com\/wp-content\/uploads\/2024\/03\/PTR-13-x-20.webp","datePublished":"2024-03-01T15:50:20+00:00","dateModified":"2026-03-12T15:35:24+00:00","description":"Tabuleiro de cart\u00e3o para refei\u00e7\u00f5es ligeiras 13 x 20 cm por 250: pr\u00e1tico, r\u00edgido e amigo do ambiente. Ideal para catering, restaurantes e takeaways.","breadcrumb":{"@id":"https:\/\/www.csj-emballages.com\/pt-pt\/produit\/250-tabuleiros-de-cartao-descartaveis-para-snacks-13-x-20-cm\/#breadcrumb"},"inLanguage":"pt-PT","potentialAction":[{"@type":"ReadAction","target":["https:\/\/www.csj-emballages.com\/pt-pt\/produit\/250-tabuleiros-de-cartao-descartaveis-para-snacks-13-x-20-cm\/"]}]},{"@type":"ImageObject","inLanguage":"pt-PT","@id":"https:\/\/www.csj-emballages.com\/pt-pt\/produit\/250-tabuleiros-de-cartao-descartaveis-para-snacks-13-x-20-cm\/#primaryimage","url":"https:\/\/www.csj-emballages.com\/wp-content\/uploads\/2024\/03\/PTR-13-x-20.webp","contentUrl":"https:\/\/www.csj-emballages.com\/wp-content\/uploads\/2024\/03\/PTR-13-x-20.webp","width":819,"height":820,"caption":"plateau snacking"},{"@type":"BreadcrumbList","@id":"https:\/\/www.csj-emballages.com\/pt-pt\/produit\/250-tabuleiros-de-cartao-descartaveis-para-snacks-13-x-20-cm\/#breadcrumb","itemListElement":[{"@type":"ListItem","position":1,"name":"Acolhimento","item":"https:\/\/www.csj-emballages.com\/pt-pt\/universo-das-embalagens-alimentares\/"},{"@type":"ListItem","position":2,"name":"Shop","item":"https:\/\/www.csj-emballages.com\/shop\/"},{"@type":"ListItem","position":3,"name":"Tabuleiro de cart\u00e3o para snacks 13 x 20 cm por 250"}]},{"@type":"WebSite","@id":"https:\/\/www.csj-emballages.com\/pt-pt\/#website","url":"https:\/\/www.csj-emballages.com\/pt-pt\/","name":"CSJ Emballages","description":"","publisher":{"@id":"https:\/\/www.csj-emballages.com\/pt-pt\/#organization"},"potentialAction":[{"@type":"SearchAction","target":{"@type":"EntryPoint","urlTemplate":"https:\/\/www.csj-emballages.com\/pt-pt\/?s={search_term_string}"},"query-input":{"@type":"PropertyValueSpecification","valueRequired":true,"valueName":"search_term_string"}}],"inLanguage":"pt-PT"},{"@type":"Organization","@id":"https:\/\/www.csj-emballages.com\/pt-pt\/#Organization\/","name":"CSJ Emballages","url":"https:\/\/www.csj-emballages.com\/pt-pt\/","logo":{"@type":"ImageObject","inLanguage":"pt-PT","@id":"https:\/\/www.csj-emballages.com\/pt-pt\/#\/schema\/logo\/image\/","url":"https:\/\/www.csj-emballages.com\/wp-content\/uploads\/2023\/10\/logo_csj.webp","contentUrl":"https:\/\/www.csj-emballages.com\/wp-content\/uploads\/2023\/10\/logo_csj.webp","width":250,"height":95,"caption":"CSJ Emballages"},"image":{"@id":"https:\/\/www.csj-emballages.com\/pt-pt\/#\/schema\/logo\/image\/"},"sameAs":["https:\/\/www.facebook.com\/csjemballages"],"address":{"@type":"PostalAddress","streetAddress":"ZI La Lechere","addressLocality":"Patornay","postalCode":"39130","addressCountry":"FR"},"contactPoint":[{"@type":"ContactPoint","contactType":"Service client","telephone":"0384254272","email":"contact@csj-emballages.com"}]}]}},"df_price":9.6,"df_sale_price":"","df_regular_price":9.6,"df_image_link":"https:\/\/www.csj-emballages.com\/wp-content\/uploads\/2024\/03\/PTR-13-x-20-300x300.webp","tiered_pricing_type":"fixed","tiered_pricing_fixed_rules":[],"tiered_pricing_percentage_rules":[],"tiered_pricing_minimum":1,"tiered_pricing_roles_data":[],"_links":{"self":[{"href":"https:\/\/www.csj-emballages.com\/pt-pt\/wp-json\/wp\/v2\/product\/22772","targetHints":{"allow":["GET"]}}],"collection":[{"href":"https:\/\/www.csj-emballages.com\/pt-pt\/wp-json\/wp\/v2\/product"}],"about":[{"href":"https:\/\/www.csj-emballages.com\/pt-pt\/wp-json\/wp\/v2\/types\/product"}],"wp:featuredmedia":[{"embeddable":true,"href":"https:\/\/www.csj-emballages.com\/pt-pt\/wp-json\/wp\/v2\/media\/176946"}],"wp:attachment":[{"href":"https:\/\/www.csj-emballages.com\/pt-pt\/wp-json\/wp\/v2\/media?parent=22772"}],"wp:term":[{"taxonomy":"product_brand","embeddable":true,"href":"https:\/\/www.csj-emballages.com\/pt-pt\/wp-json\/wp\/v2\/product_brand?post=22772"},{"taxonomy":"product_cat","embeddable":true,"href":"https:\/\/www.csj-emballages.com\/pt-pt\/wp-json\/wp\/v2\/product_cat?post=22772"},{"taxonomy":"product_tag","embeddable":true,"href":"https:\/\/www.csj-emballages.com\/pt-pt\/wp-json\/wp\/v2\/product_tag?post=22772"}],"curies":[{"name":"wp","href":"https:\/\/api.w.org\/{rel}","templated":true}]}}