{"id":22720,"date":"2024-03-01T16:50:22","date_gmt":"2024-03-01T15:50:22","guid":{"rendered":"https:\/\/u15jnbdpoq.preview.infomaniak.website\/produit\/470-folhas-de-bife-ovais-11-x-8-cm\/"},"modified":"2026-04-16T02:15:15","modified_gmt":"2026-04-16T00:15:15","slug":"470-folhas-de-bife-ovais-11-x-8-cm","status":"publish","type":"product","link":"https:\/\/www.csj-emballages.com\/pt-pt\/produit\/470-folhas-de-bife-ovais-11-x-8-cm\/","title":{"rendered":"Folha divis\u00f3ria oval para bifes 11 x 8 cm por 2000"},"content":{"rendered":"<h2>Folha de separa\u00e7\u00e3o<\/h2>\n<hr>\n<h3>Descri\u00e7\u00e3o da nossa folha divis\u00f3ria oval para bifes 11 x 8 cm por 470<\/h3>\n<p><!--more--><\/p>\n<p data-start=\"210\" data-end=\"622\">A <strong data-start=\"213\" data-end=\"260\">folha separadora de bifes oval de 11 x 8 cm<\/strong> \u00e9 indispens\u00e1vel para todos os profissionais de talho e charcutaria, bem como para os restauradores e at\u00e9 para os clientes particulares mais exigentes. Concebida para responder \u00e0s necessidades quotidianas, permite <strong data-start=\"479\" data-end=\"561\">separar facilmente os bifes picados, as carnes fatiadas ou as prepara\u00e7\u00f5es caseiras<\/strong>, garantindo higiene, praticidade e economia de tempo. <\/p>\n<p data-start=\"624\" data-end=\"953\">Gra\u00e7as \u00e0 sua forma <strong data-start=\"641\" data-end=\"692\">oval, perfeitamente adaptada ao tamanho de um bife<\/strong>, esta <strong>folha<\/strong> \u00e9 colocada entre dois peda\u00e7os de carne. Evita que fiquem colados durante a conserva\u00e7\u00e3o ou a congela\u00e7\u00e3o, o que simplifica muito o manuseamento e preserva um aspeto impec\u00e1vel ao servir ou cozinhar. <\/p>\n<p data-start=\"955\" data-end=\"1312\">A sua composi\u00e7\u00e3o robusta e de qualidade alimentar assegura uma barreira protetora entre cada pe\u00e7a. Quer a utilize num laborat\u00f3rio, numa cozinha profissional ou em casa, esta <strong>embalagem de 470 folhas<\/strong> oferece-lhe uma <strong data-start=\"1252\" data-end=\"1287\">solu\u00e7\u00e3o econ\u00f3mica e eficaz<\/strong> para as suas prepara\u00e7\u00f5es. <\/p>\n<p data-start=\"1314\" data-end=\"1695\">Para al\u00e9m da sua praticidade, esta <strong>folha divis\u00f3ria<\/strong> \u00e9 um verdadeiro trunfo para otimizar a sua organiza\u00e7\u00e3o: porcionar, congelar, armazenar e preparar os alimentos torna-se muito mais simples e r\u00e1pido. Os profissionais apreciar\u00e3o a regularidade que ela confere ao seu trabalho. <\/p>\n<p data-start=\"1610\" data-end=\"1830\"><!--more--><\/p>\n<h4>Vantagens :<\/h4>\n<ul>\n<li><strong>Pr\u00e1tico<\/strong>: evita que os bifes se colem uns aos outros.<\/li>\n<li><strong>Higi\u00e9nico<\/strong>: protege cada por\u00e7\u00e3o de carne.<\/li>\n<li><strong>Econ\u00f3mico<\/strong>: embalagem de 470 folhas.<\/li>\n<li><strong>Vers\u00e1til<\/strong>: ideal para talhos, catering, restaurantes e clientes particulares.<\/li>\n<li><strong>Poupa tempo<\/strong>: facilita a armazenagem, a congela\u00e7\u00e3o e o manuseamento.<\/li>\n<\/ul>\n<p>&nbsp;<\/p>\n<p><!--more--><\/p>\n<h4>Outras informa\u00e7\u00f5es :<\/h4>\n<ul>\n<li><strong>Embalagem<\/strong>: Embalagem de 470<\/li>\n<li><strong>Dimens\u00f5es<\/strong>: 11 x 8 cm<\/li>\n<li><strong>Peso<\/strong>: 0,22 g<\/li>\n<li><strong>Cor<\/strong>: Branco<\/li>\n<\/ul>\n<p>&nbsp;<\/p>\n<p><!--more--><\/p>\n<p><a href=\"https:\/\/www.csj-emballages.com\/pt-pt\/categorie-produit\/embalagem-de-alimentos\/talho-e-charcutaria\/folhas-divisorias\/\">Ver o resto da nossa gama de folhas separadoras de bifes<\/a><\/p>\n","protected":false},"excerpt":{"rendered":"<p>Folha de separa\u00e7\u00e3o Descri\u00e7\u00e3o da nossa folha divis\u00f3ria oval para bifes 11 x 8 cm por 470<\/p>\n","protected":false},"featured_media":240839,"template":"","meta":{"_acf_changed":false},"product_brand":[],"product_cat":[1176,3183],"product_tag":[],"class_list":{"0":"post-22720","1":"product","2":"type-product","3":"status-publish","4":"has-post-thumbnail","6":"product_cat-talho-e-charcutaria","7":"product_cat-folhas-divisorias","9":"first","10":"instock","11":"taxable","12":"shipping-taxable","13":"purchasable","14":"product-type-simple"},"acf":[],"yoast_head":"<!-- This site is optimized with the Yoast SEO Premium plugin v26.6 (Yoast SEO v26.6) - https:\/\/yoast.com\/wordpress\/plugins\/seo\/ -->\n<title>Folha de separa\u00e7\u00e3o de bifes oval 11 x 8 cm par 470<\/title>\n<meta name=\"description\" content=\"Folha separadora de bifes oval 11 x 8 cm - embalagem de 470. Pr\u00e1tico e higi\u00e9nico, ideal para armazenar, congelar e manipular a sua carne.\" \/>\n<meta name=\"robots\" content=\"index, follow, max-snippet:-1, max-image-preview:large, max-video-preview:-1\" \/>\n<link rel=\"canonical\" href=\"https:\/\/www.csj-emballages.com\/pt-pt\/produit\/470-folhas-de-bife-ovais-11-x-8-cm\/\" \/>\n<meta property=\"og:locale\" content=\"pt_PT\" \/>\n<meta property=\"og:type\" content=\"article\" \/>\n<meta property=\"og:title\" content=\"Folha divis\u00f3ria oval para bifes 11 x 8 cm por 2000\" \/>\n<meta property=\"og:description\" content=\"Folha separadora de bifes oval 11 x 8 cm - embalagem de 470. Pr\u00e1tico e higi\u00e9nico, ideal para armazenar, congelar e manipular a sua carne.\" \/>\n<meta property=\"og:url\" content=\"https:\/\/www.csj-emballages.com\/pt-pt\/produit\/470-folhas-de-bife-ovais-11-x-8-cm\/\" \/>\n<meta property=\"og:site_name\" content=\"CSJ Emballages\" \/>\n<meta property=\"article:publisher\" content=\"https:\/\/www.facebook.com\/csjemballages\" \/>\n<meta property=\"article:modified_time\" content=\"2026-04-16T00:15:15+00:00\" \/>\n<meta property=\"og:image\" content=\"https:\/\/www.csj-emballages.com\/wp-content\/uploads\/2024\/03\/PS118.webp\" \/>\n\t<meta property=\"og:image:width\" content=\"800\" \/>\n\t<meta property=\"og:image:height\" content=\"800\" \/>\n\t<meta property=\"og:image:type\" content=\"image\/webp\" \/>\n<meta name=\"twitter:card\" content=\"summary_large_image\" \/>\n<meta name=\"twitter:label1\" content=\"Tempo estimado de leitura\" \/>\n\t<meta name=\"twitter:data1\" content=\"1 minuto\" \/>\n<script type=\"application\/ld+json\" class=\"yoast-schema-graph\">{\"@context\":\"https:\/\/schema.org\",\"@graph\":[{\"@type\":\"WebPage\",\"@id\":\"https:\/\/www.csj-emballages.com\/pt-pt\/produit\/470-folhas-de-bife-ovais-11-x-8-cm\/\",\"url\":\"https:\/\/www.csj-emballages.com\/pt-pt\/produit\/470-folhas-de-bife-ovais-11-x-8-cm\/\",\"name\":\"Folha de separa\u00e7\u00e3o de bifes oval 11 x 8 cm par 470\",\"isPartOf\":{\"@id\":\"https:\/\/www.csj-emballages.com\/pt-pt\/#website\"},\"primaryImageOfPage\":{\"@id\":\"https:\/\/www.csj-emballages.com\/pt-pt\/produit\/470-folhas-de-bife-ovais-11-x-8-cm\/#primaryimage\"},\"image\":{\"@id\":\"https:\/\/www.csj-emballages.com\/pt-pt\/produit\/470-folhas-de-bife-ovais-11-x-8-cm\/#primaryimage\"},\"thumbnailUrl\":\"https:\/\/www.csj-emballages.com\/wp-content\/uploads\/2024\/03\/PS118.webp\",\"datePublished\":\"2024-03-01T15:50:22+00:00\",\"dateModified\":\"2026-04-16T00:15:15+00:00\",\"description\":\"Folha separadora de bifes oval 11 x 8 cm - embalagem de 470. Pr\u00e1tico e higi\u00e9nico, ideal para armazenar, congelar e manipular a sua carne.\",\"breadcrumb\":{\"@id\":\"https:\/\/www.csj-emballages.com\/pt-pt\/produit\/470-folhas-de-bife-ovais-11-x-8-cm\/#breadcrumb\"},\"inLanguage\":\"pt-PT\",\"potentialAction\":[{\"@type\":\"ReadAction\",\"target\":[\"https:\/\/www.csj-emballages.com\/pt-pt\/produit\/470-folhas-de-bife-ovais-11-x-8-cm\/\"]}]},{\"@type\":\"ImageObject\",\"inLanguage\":\"pt-PT\",\"@id\":\"https:\/\/www.csj-emballages.com\/pt-pt\/produit\/470-folhas-de-bife-ovais-11-x-8-cm\/#primaryimage\",\"url\":\"https:\/\/www.csj-emballages.com\/wp-content\/uploads\/2024\/03\/PS118.webp\",\"contentUrl\":\"https:\/\/www.csj-emballages.com\/wp-content\/uploads\/2024\/03\/PS118.webp\",\"width\":800,\"height\":800,\"caption\":\"Feuille de s\u00e9paration\"},{\"@type\":\"BreadcrumbList\",\"@id\":\"https:\/\/www.csj-emballages.com\/pt-pt\/produit\/470-folhas-de-bife-ovais-11-x-8-cm\/#breadcrumb\",\"itemListElement\":[{\"@type\":\"ListItem\",\"position\":1,\"name\":\"Acolhimento\",\"item\":\"https:\/\/www.csj-emballages.com\/pt-pt\/universo-das-embalagens-alimentares\/\"},{\"@type\":\"ListItem\",\"position\":2,\"name\":\"Shop\",\"item\":\"https:\/\/www.csj-emballages.com\/shop\/\"},{\"@type\":\"ListItem\",\"position\":3,\"name\":\"Folha divis\u00f3ria oval para bifes 11 x 8 cm por 2000\"}]},{\"@type\":\"WebSite\",\"@id\":\"https:\/\/www.csj-emballages.com\/pt-pt\/#website\",\"url\":\"https:\/\/www.csj-emballages.com\/pt-pt\/\",\"name\":\"CSJ Emballages\",\"description\":\"\",\"publisher\":{\"@id\":\"https:\/\/www.csj-emballages.com\/pt-pt\/#organization\"},\"potentialAction\":[{\"@type\":\"SearchAction\",\"target\":{\"@type\":\"EntryPoint\",\"urlTemplate\":\"https:\/\/www.csj-emballages.com\/pt-pt\/?s={search_term_string}\"},\"query-input\":{\"@type\":\"PropertyValueSpecification\",\"valueRequired\":true,\"valueName\":\"search_term_string\"}}],\"inLanguage\":\"pt-PT\"},{\"@type\":\"Organization\",\"@id\":\"https:\/\/www.csj-emballages.com\/pt-pt\/#Organization\/\",\"name\":\"CSJ Emballages\",\"url\":\"https:\/\/www.csj-emballages.com\/pt-pt\/\",\"logo\":{\"@type\":\"ImageObject\",\"inLanguage\":\"pt-PT\",\"@id\":\"https:\/\/www.csj-emballages.com\/pt-pt\/#\/schema\/logo\/image\/\",\"url\":\"https:\/\/www.csj-emballages.com\/wp-content\/uploads\/2023\/10\/logo_csj.webp\",\"contentUrl\":\"https:\/\/www.csj-emballages.com\/wp-content\/uploads\/2023\/10\/logo_csj.webp\",\"width\":250,\"height\":95,\"caption\":\"CSJ Emballages\"},\"image\":{\"@id\":\"https:\/\/www.csj-emballages.com\/pt-pt\/#\/schema\/logo\/image\/\"},\"sameAs\":[\"https:\/\/www.facebook.com\/csjemballages\"],\"address\":{\"@type\":\"PostalAddress\",\"streetAddress\":\"ZI La Lechere\",\"addressLocality\":\"Patornay\",\"postalCode\":\"39130\",\"addressCountry\":\"FR\"},\"contactPoint\":[{\"@type\":\"ContactPoint\",\"contactType\":\"Service client\",\"telephone\":\"0384254272\",\"email\":\"contact@csj-emballages.com\"}]}]}<\/script>\n<!-- \/ Yoast SEO Premium plugin. -->","yoast_head_json":{"title":"Folha de separa\u00e7\u00e3o de bifes oval 11 x 8 cm par 470","description":"Folha separadora de bifes oval 11 x 8 cm - embalagem de 470. Pr\u00e1tico e higi\u00e9nico, ideal para armazenar, congelar e manipular a sua carne.","robots":{"index":"index","follow":"follow","max-snippet":"max-snippet:-1","max-image-preview":"max-image-preview:large","max-video-preview":"max-video-preview:-1"},"canonical":"https:\/\/www.csj-emballages.com\/pt-pt\/produit\/470-folhas-de-bife-ovais-11-x-8-cm\/","og_locale":"pt_PT","og_type":"article","og_title":"Folha divis\u00f3ria oval para bifes 11 x 8 cm por 2000","og_description":"Folha separadora de bifes oval 11 x 8 cm - embalagem de 470. Pr\u00e1tico e higi\u00e9nico, ideal para armazenar, congelar e manipular a sua carne.","og_url":"https:\/\/www.csj-emballages.com\/pt-pt\/produit\/470-folhas-de-bife-ovais-11-x-8-cm\/","og_site_name":"CSJ Emballages","article_publisher":"https:\/\/www.facebook.com\/csjemballages","article_modified_time":"2026-04-16T00:15:15+00:00","og_image":[{"width":800,"height":800,"url":"https:\/\/www.csj-emballages.com\/wp-content\/uploads\/2024\/03\/PS118.webp","type":"image\/webp"}],"twitter_card":"summary_large_image","twitter_misc":{"Tempo estimado de leitura":"1 minuto"},"schema":{"@context":"https:\/\/schema.org","@graph":[{"@type":"WebPage","@id":"https:\/\/www.csj-emballages.com\/pt-pt\/produit\/470-folhas-de-bife-ovais-11-x-8-cm\/","url":"https:\/\/www.csj-emballages.com\/pt-pt\/produit\/470-folhas-de-bife-ovais-11-x-8-cm\/","name":"Folha de separa\u00e7\u00e3o de bifes oval 11 x 8 cm par 470","isPartOf":{"@id":"https:\/\/www.csj-emballages.com\/pt-pt\/#website"},"primaryImageOfPage":{"@id":"https:\/\/www.csj-emballages.com\/pt-pt\/produit\/470-folhas-de-bife-ovais-11-x-8-cm\/#primaryimage"},"image":{"@id":"https:\/\/www.csj-emballages.com\/pt-pt\/produit\/470-folhas-de-bife-ovais-11-x-8-cm\/#primaryimage"},"thumbnailUrl":"https:\/\/www.csj-emballages.com\/wp-content\/uploads\/2024\/03\/PS118.webp","datePublished":"2024-03-01T15:50:22+00:00","dateModified":"2026-04-16T00:15:15+00:00","description":"Folha separadora de bifes oval 11 x 8 cm - embalagem de 470. Pr\u00e1tico e higi\u00e9nico, ideal para armazenar, congelar e manipular a sua carne.","breadcrumb":{"@id":"https:\/\/www.csj-emballages.com\/pt-pt\/produit\/470-folhas-de-bife-ovais-11-x-8-cm\/#breadcrumb"},"inLanguage":"pt-PT","potentialAction":[{"@type":"ReadAction","target":["https:\/\/www.csj-emballages.com\/pt-pt\/produit\/470-folhas-de-bife-ovais-11-x-8-cm\/"]}]},{"@type":"ImageObject","inLanguage":"pt-PT","@id":"https:\/\/www.csj-emballages.com\/pt-pt\/produit\/470-folhas-de-bife-ovais-11-x-8-cm\/#primaryimage","url":"https:\/\/www.csj-emballages.com\/wp-content\/uploads\/2024\/03\/PS118.webp","contentUrl":"https:\/\/www.csj-emballages.com\/wp-content\/uploads\/2024\/03\/PS118.webp","width":800,"height":800,"caption":"Feuille de s\u00e9paration"},{"@type":"BreadcrumbList","@id":"https:\/\/www.csj-emballages.com\/pt-pt\/produit\/470-folhas-de-bife-ovais-11-x-8-cm\/#breadcrumb","itemListElement":[{"@type":"ListItem","position":1,"name":"Acolhimento","item":"https:\/\/www.csj-emballages.com\/pt-pt\/universo-das-embalagens-alimentares\/"},{"@type":"ListItem","position":2,"name":"Shop","item":"https:\/\/www.csj-emballages.com\/shop\/"},{"@type":"ListItem","position":3,"name":"Folha divis\u00f3ria oval para bifes 11 x 8 cm por 2000"}]},{"@type":"WebSite","@id":"https:\/\/www.csj-emballages.com\/pt-pt\/#website","url":"https:\/\/www.csj-emballages.com\/pt-pt\/","name":"CSJ Emballages","description":"","publisher":{"@id":"https:\/\/www.csj-emballages.com\/pt-pt\/#organization"},"potentialAction":[{"@type":"SearchAction","target":{"@type":"EntryPoint","urlTemplate":"https:\/\/www.csj-emballages.com\/pt-pt\/?s={search_term_string}"},"query-input":{"@type":"PropertyValueSpecification","valueRequired":true,"valueName":"search_term_string"}}],"inLanguage":"pt-PT"},{"@type":"Organization","@id":"https:\/\/www.csj-emballages.com\/pt-pt\/#Organization\/","name":"CSJ Emballages","url":"https:\/\/www.csj-emballages.com\/pt-pt\/","logo":{"@type":"ImageObject","inLanguage":"pt-PT","@id":"https:\/\/www.csj-emballages.com\/pt-pt\/#\/schema\/logo\/image\/","url":"https:\/\/www.csj-emballages.com\/wp-content\/uploads\/2023\/10\/logo_csj.webp","contentUrl":"https:\/\/www.csj-emballages.com\/wp-content\/uploads\/2023\/10\/logo_csj.webp","width":250,"height":95,"caption":"CSJ Emballages"},"image":{"@id":"https:\/\/www.csj-emballages.com\/pt-pt\/#\/schema\/logo\/image\/"},"sameAs":["https:\/\/www.facebook.com\/csjemballages"],"address":{"@type":"PostalAddress","streetAddress":"ZI La Lechere","addressLocality":"Patornay","postalCode":"39130","addressCountry":"FR"},"contactPoint":[{"@type":"ContactPoint","contactType":"Service client","telephone":"0384254272","email":"contact@csj-emballages.com"}]}]}},"df_price":20.68,"df_sale_price":"","df_regular_price":20.68,"df_image_link":"https:\/\/www.csj-emballages.com\/wp-content\/uploads\/2024\/03\/PS118-300x300.webp","tiered_pricing_type":"fixed","tiered_pricing_fixed_rules":[],"tiered_pricing_percentage_rules":[],"tiered_pricing_minimum":1,"tiered_pricing_roles_data":[],"_links":{"self":[{"href":"https:\/\/www.csj-emballages.com\/pt-pt\/wp-json\/wp\/v2\/product\/22720","targetHints":{"allow":["GET"]}}],"collection":[{"href":"https:\/\/www.csj-emballages.com\/pt-pt\/wp-json\/wp\/v2\/product"}],"about":[{"href":"https:\/\/www.csj-emballages.com\/pt-pt\/wp-json\/wp\/v2\/types\/product"}],"wp:featuredmedia":[{"embeddable":true,"href":"https:\/\/www.csj-emballages.com\/pt-pt\/wp-json\/wp\/v2\/media\/240839"}],"wp:attachment":[{"href":"https:\/\/www.csj-emballages.com\/pt-pt\/wp-json\/wp\/v2\/media?parent=22720"}],"wp:term":[{"taxonomy":"product_brand","embeddable":true,"href":"https:\/\/www.csj-emballages.com\/pt-pt\/wp-json\/wp\/v2\/product_brand?post=22720"},{"taxonomy":"product_cat","embeddable":true,"href":"https:\/\/www.csj-emballages.com\/pt-pt\/wp-json\/wp\/v2\/product_cat?post=22720"},{"taxonomy":"product_tag","embeddable":true,"href":"https:\/\/www.csj-emballages.com\/pt-pt\/wp-json\/wp\/v2\/product_tag?post=22720"}],"curies":[{"name":"wp","href":"https:\/\/api.w.org\/{rel}","templated":true}]}}