{"id":22716,"date":"2024-03-01T16:50:24","date_gmt":"2024-03-01T15:50:24","guid":{"rendered":"https:\/\/u15jnbdpoq.preview.infomaniak.website\/produit\/200-tripes-de-plastico-para-pizza-37-mm\/"},"modified":"2026-05-02T02:11:42","modified_gmt":"2026-05-02T00:11:42","slug":"200-tripes-de-plastico-para-pizza-37-mm","status":"publish","type":"product","link":"https:\/\/www.csj-emballages.com\/pt-pt\/produit\/200-tripes-de-plastico-para-pizza-37-mm\/","title":{"rendered":"Trip\u00e9 de pl\u00e1stico para pizza 37 mm por 200"},"content":{"rendered":"<h2>Pizzaria<\/h2>\n<div style=\"text-align: left;\">\n<hr>\n<h3 style=\"text-align: left;\">Descubra o nosso trip\u00e9 para pizza em pl\u00e1stico de 37 mm por 200<\/h3>\n<p><!--more--><\/p>\n<div style=\"text-align: left;\">\n<p data-start=\"311\" data-end=\"620\">Quando envia uma pizza quente, quer que ela chegue \u00e0 porta do seu cliente exatamente como saiu do forno: bonita, intacta e apetitosa. \u00c9 exatamente por isso que este <strong data-start=\"509\" data-end=\"550\">trip\u00e9 de pl\u00e1stico para pizzas de 37 mm<\/strong>, vendido em <strong>embalagens de 200<\/strong>, \u00e9 indispens\u00e1vel para a sua cozinha. <\/p>\n<p data-start=\"622\" data-end=\"1010\">Assim que a coloca no <strong>centro da piza<\/strong>, protege eficazmente a cobertura de ser esmagada pela tampa da caixa. Acabaram-se as pizzas coladas \u00e0 caixa, os queijos esmagados ou as apresenta\u00e7\u00f5es estragadas: a sua prepara\u00e7\u00e3o mant\u00e9m-se impec\u00e1vel do forno \u00e0 mesa. Gra\u00e7as ao seu tamanho de <strong>37 mm<\/strong>, \u00e9 a altura ideal para manter o espa\u00e7o de que necessita, mantendo-se discreto.  <\/p>\n<p data-start=\"1012\" data-end=\"1292\">O seu <strong>pl\u00e1stico seguro para alimentos<\/strong> tamb\u00e9m significa que \u00e9 seguro de utilizar. \u00c9 resistente ao calor, n\u00e3o se deforma e n\u00e3o tem cheiro. Pode ser utilizado em todos os tipos de pizzas: cl\u00e1ssicas, generosas, com muitos recheios, ou mesmo em formatos mais finos.  <\/p>\n<p data-start=\"1294\" data-end=\"1570\">Al\u00e9m disso, com a sua embalagem <strong data-start=\"1336\" data-end=\"1350\">de 200 pe\u00e7as<\/strong>, ter\u00e1 um stock confort\u00e1vel, perfeito para uma utiliza\u00e7\u00e3o regular ou intensiva. Esta embalagem permite-lhe poupar tempo no servi\u00e7o, ao mesmo tempo que proporciona uma apresenta\u00e7\u00e3o profissional e polida para cada encomenda. <\/p>\n<p data-start=\"1572\" data-end=\"1785\">Este <strong>pequeno acess\u00f3rio<\/strong>, muitas vezes esquecido mas extremamente \u00fatil, mostra a sua aten\u00e7\u00e3o aos pormenores. Mostra aos seus clientes que presta aten\u00e7\u00e3o \u00e0 qualidade at\u00e9 ao \u00faltimo momento: mesmo durante o transporte. <\/p>\n<p data-start=\"1572\" data-end=\"1785\">\n<p data-start=\"1836\" data-end=\"2037\"><!--more--><\/p>\n<\/div>\n<h4>Vantagens :<\/h4>\n<ul>\n<li data-start=\"1813\" data-end=\"1861\"><strong>Protege a piza<\/strong> de ser esmagada na sua caixa.<\/li>\n<li data-start=\"1864\" data-end=\"1919\">Mant\u00e9m uma apresenta\u00e7\u00e3o bonita at\u00e9 \u00e0 entrega.<\/li>\n<li data-start=\"1922\" data-end=\"1973\"><strong>Tamanho de 37 mm<\/strong> perfeito para todos os tamanhos de piza.<\/li>\n<li data-start=\"1976\" data-end=\"2022\">Pl\u00e1stico de qualidade alimentar resistente ao calor.<\/li>\n<li data-start=\"2025\" data-end=\"2066\">Muito discreto mas terrivelmente eficaz.<\/li>\n<li data-start=\"2069\" data-end=\"2099\">Embalagem de <strong>200<\/strong>.<\/li>\n<li data-start=\"2102\" data-end=\"2162\">Ideal para pizzarias, cami\u00f5es de comida e servi\u00e7os de entrega.<\/li>\n<\/ul>\n<p>&nbsp;<\/p>\n<p><!--more--><\/p>\n<h4>Outras informa\u00e7\u00f5es :<\/h4>\n<ul>\n<li><strong>Embalagem<\/strong>: Embalagem de 200<\/li>\n<li><strong>Altura<\/strong>: 37 mm<\/li>\n<li><strong>Material<\/strong>: PP<\/li>\n<li><strong>Cor<\/strong>: Branco<\/li>\n<\/ul>\n<\/div>\n<p>&nbsp;<\/p>\n<p><!--more--><\/p>\n<div style=\"text-align: left;\">\n<div style=\"text-align: left;\">\n<div style=\"text-align: left;\">\n<div style=\"text-align: left;\">\n<p><a href=\"https:\/\/www.csj-emballages.com\/pt-pt\/categorie-produit\/embalagem-de-alimentos\/restauracao\/caixas-tabuleiros-bolsas-cones\/caixas-de-pizza\/\"><span style=\"text-decoration: underline;\">Ver o resto da nossa gama de caixas de pizza<\/span><\/a><\/p>\n<\/div>\n<\/div>\n<\/div>\n<\/div>\n","protected":false},"excerpt":{"rendered":"<p>Pizzaria Descubra o nosso trip\u00e9 para pizza em pl\u00e1stico de 37 mm por 200<\/p>\n","protected":false},"featured_media":255317,"template":"","meta":{"_acf_changed":false},"product_brand":[],"product_cat":[1138,2236],"product_tag":[],"class_list":{"0":"post-22716","1":"product","2":"type-product","3":"status-publish","4":"has-post-thumbnail","6":"product_cat-restauracao","7":"product_cat-caixas-de-pizza","9":"first","10":"instock","11":"taxable","12":"shipping-taxable","13":"purchasable","14":"product-type-simple"},"acf":[],"yoast_head":"<!-- This site is optimized with the Yoast SEO Premium plugin v26.6 (Yoast SEO v26.6) - https:\/\/yoast.com\/wordpress\/plugins\/seo\/ -->\n<title>Trip\u00e9 de pl\u00e1stico para pizza 37 mm por 200<\/title>\n<meta name=\"description\" content=\"Trip\u00e9 para pizzas 37 mm por 200. Acess\u00f3rio indispens\u00e1vel para evitar que as pizzas sejam esmagadas e garantir uma bela apresenta\u00e7\u00e3o at\u00e9 \u00e0 entrega.\" \/>\n<meta name=\"robots\" content=\"index, follow, max-snippet:-1, max-image-preview:large, max-video-preview:-1\" \/>\n<link rel=\"canonical\" href=\"https:\/\/www.csj-emballages.com\/pt-pt\/produit\/200-tripes-de-plastico-para-pizza-37-mm\/\" \/>\n<meta property=\"og:locale\" content=\"pt_PT\" \/>\n<meta property=\"og:type\" content=\"article\" \/>\n<meta property=\"og:title\" content=\"Trip\u00e9 de pl\u00e1stico para pizza 37 mm por 200\" \/>\n<meta property=\"og:description\" content=\"Trip\u00e9 para pizzas 37 mm por 200. Acess\u00f3rio indispens\u00e1vel para evitar que as pizzas sejam esmagadas e garantir uma bela apresenta\u00e7\u00e3o at\u00e9 \u00e0 entrega.\" \/>\n<meta property=\"og:url\" content=\"https:\/\/www.csj-emballages.com\/pt-pt\/produit\/200-tripes-de-plastico-para-pizza-37-mm\/\" \/>\n<meta property=\"og:site_name\" content=\"CSJ Emballages\" \/>\n<meta property=\"article:publisher\" content=\"https:\/\/www.facebook.com\/csjemballages\" \/>\n<meta property=\"article:modified_time\" content=\"2026-05-02T00:11:42+00:00\" \/>\n<meta property=\"og:image\" content=\"https:\/\/www.csj-emballages.com\/wp-content\/uploads\/2024\/03\/Trepied-a-pizza.webp\" \/>\n\t<meta property=\"og:image:width\" content=\"800\" \/>\n\t<meta property=\"og:image:height\" content=\"800\" \/>\n\t<meta property=\"og:image:type\" content=\"image\/webp\" \/>\n<meta name=\"twitter:card\" content=\"summary_large_image\" \/>\n<meta name=\"twitter:label1\" content=\"Tempo estimado de leitura\" \/>\n\t<meta name=\"twitter:data1\" content=\"2 minutos\" \/>\n<script type=\"application\/ld+json\" class=\"yoast-schema-graph\">{\"@context\":\"https:\/\/schema.org\",\"@graph\":[{\"@type\":\"WebPage\",\"@id\":\"https:\/\/www.csj-emballages.com\/pt-pt\/produit\/200-tripes-de-plastico-para-pizza-37-mm\/\",\"url\":\"https:\/\/www.csj-emballages.com\/pt-pt\/produit\/200-tripes-de-plastico-para-pizza-37-mm\/\",\"name\":\"Trip\u00e9 de pl\u00e1stico para pizza 37 mm por 200\",\"isPartOf\":{\"@id\":\"https:\/\/www.csj-emballages.com\/pt-pt\/#website\"},\"primaryImageOfPage\":{\"@id\":\"https:\/\/www.csj-emballages.com\/pt-pt\/produit\/200-tripes-de-plastico-para-pizza-37-mm\/#primaryimage\"},\"image\":{\"@id\":\"https:\/\/www.csj-emballages.com\/pt-pt\/produit\/200-tripes-de-plastico-para-pizza-37-mm\/#primaryimage\"},\"thumbnailUrl\":\"https:\/\/www.csj-emballages.com\/wp-content\/uploads\/2024\/03\/Trepied-a-pizza.webp\",\"datePublished\":\"2024-03-01T15:50:24+00:00\",\"dateModified\":\"2026-05-02T00:11:42+00:00\",\"description\":\"Trip\u00e9 para pizzas 37 mm por 200. Acess\u00f3rio indispens\u00e1vel para evitar que as pizzas sejam esmagadas e garantir uma bela apresenta\u00e7\u00e3o at\u00e9 \u00e0 entrega.\",\"breadcrumb\":{\"@id\":\"https:\/\/www.csj-emballages.com\/pt-pt\/produit\/200-tripes-de-plastico-para-pizza-37-mm\/#breadcrumb\"},\"inLanguage\":\"pt-PT\",\"potentialAction\":[{\"@type\":\"ReadAction\",\"target\":[\"https:\/\/www.csj-emballages.com\/pt-pt\/produit\/200-tripes-de-plastico-para-pizza-37-mm\/\"]}]},{\"@type\":\"ImageObject\",\"inLanguage\":\"pt-PT\",\"@id\":\"https:\/\/www.csj-emballages.com\/pt-pt\/produit\/200-tripes-de-plastico-para-pizza-37-mm\/#primaryimage\",\"url\":\"https:\/\/www.csj-emballages.com\/wp-content\/uploads\/2024\/03\/Trepied-a-pizza.webp\",\"contentUrl\":\"https:\/\/www.csj-emballages.com\/wp-content\/uploads\/2024\/03\/Trepied-a-pizza.webp\",\"width\":800,\"height\":800,\"caption\":\"Tr\u00e9pied \u00e0 pizza\"},{\"@type\":\"BreadcrumbList\",\"@id\":\"https:\/\/www.csj-emballages.com\/pt-pt\/produit\/200-tripes-de-plastico-para-pizza-37-mm\/#breadcrumb\",\"itemListElement\":[{\"@type\":\"ListItem\",\"position\":1,\"name\":\"Acolhimento\",\"item\":\"https:\/\/www.csj-emballages.com\/pt-pt\/universo-das-embalagens-alimentares\/\"},{\"@type\":\"ListItem\",\"position\":2,\"name\":\"Shop\",\"item\":\"https:\/\/www.csj-emballages.com\/shop\/\"},{\"@type\":\"ListItem\",\"position\":3,\"name\":\"Trip\u00e9 de pl\u00e1stico para pizza 37 mm por 200\"}]},{\"@type\":\"WebSite\",\"@id\":\"https:\/\/www.csj-emballages.com\/pt-pt\/#website\",\"url\":\"https:\/\/www.csj-emballages.com\/pt-pt\/\",\"name\":\"CSJ Emballages\",\"description\":\"\",\"publisher\":{\"@id\":\"https:\/\/www.csj-emballages.com\/pt-pt\/#organization\"},\"potentialAction\":[{\"@type\":\"SearchAction\",\"target\":{\"@type\":\"EntryPoint\",\"urlTemplate\":\"https:\/\/www.csj-emballages.com\/pt-pt\/?s={search_term_string}\"},\"query-input\":{\"@type\":\"PropertyValueSpecification\",\"valueRequired\":true,\"valueName\":\"search_term_string\"}}],\"inLanguage\":\"pt-PT\"},{\"@type\":\"Organization\",\"@id\":\"https:\/\/www.csj-emballages.com\/pt-pt\/#Organization\/\",\"name\":\"CSJ Emballages\",\"url\":\"https:\/\/www.csj-emballages.com\/pt-pt\/\",\"logo\":{\"@type\":\"ImageObject\",\"inLanguage\":\"pt-PT\",\"@id\":\"https:\/\/www.csj-emballages.com\/pt-pt\/#\/schema\/logo\/image\/\",\"url\":\"https:\/\/www.csj-emballages.com\/wp-content\/uploads\/2023\/10\/logo_csj.webp\",\"contentUrl\":\"https:\/\/www.csj-emballages.com\/wp-content\/uploads\/2023\/10\/logo_csj.webp\",\"width\":250,\"height\":95,\"caption\":\"CSJ Emballages\"},\"image\":{\"@id\":\"https:\/\/www.csj-emballages.com\/pt-pt\/#\/schema\/logo\/image\/\"},\"sameAs\":[\"https:\/\/www.facebook.com\/csjemballages\"],\"address\":{\"@type\":\"PostalAddress\",\"streetAddress\":\"ZI La Lechere\",\"addressLocality\":\"Patornay\",\"postalCode\":\"39130\",\"addressCountry\":\"FR\"},\"contactPoint\":[{\"@type\":\"ContactPoint\",\"contactType\":\"Service client\",\"telephone\":\"0384254272\",\"email\":\"contact@csj-emballages.com\"}]}]}<\/script>\n<!-- \/ Yoast SEO Premium plugin. -->","yoast_head_json":{"title":"Trip\u00e9 de pl\u00e1stico para pizza 37 mm por 200","description":"Trip\u00e9 para pizzas 37 mm por 200. Acess\u00f3rio indispens\u00e1vel para evitar que as pizzas sejam esmagadas e garantir uma bela apresenta\u00e7\u00e3o at\u00e9 \u00e0 entrega.","robots":{"index":"index","follow":"follow","max-snippet":"max-snippet:-1","max-image-preview":"max-image-preview:large","max-video-preview":"max-video-preview:-1"},"canonical":"https:\/\/www.csj-emballages.com\/pt-pt\/produit\/200-tripes-de-plastico-para-pizza-37-mm\/","og_locale":"pt_PT","og_type":"article","og_title":"Trip\u00e9 de pl\u00e1stico para pizza 37 mm por 200","og_description":"Trip\u00e9 para pizzas 37 mm por 200. Acess\u00f3rio indispens\u00e1vel para evitar que as pizzas sejam esmagadas e garantir uma bela apresenta\u00e7\u00e3o at\u00e9 \u00e0 entrega.","og_url":"https:\/\/www.csj-emballages.com\/pt-pt\/produit\/200-tripes-de-plastico-para-pizza-37-mm\/","og_site_name":"CSJ Emballages","article_publisher":"https:\/\/www.facebook.com\/csjemballages","article_modified_time":"2026-05-02T00:11:42+00:00","og_image":[{"width":800,"height":800,"url":"https:\/\/www.csj-emballages.com\/wp-content\/uploads\/2024\/03\/Trepied-a-pizza.webp","type":"image\/webp"}],"twitter_card":"summary_large_image","twitter_misc":{"Tempo estimado de leitura":"2 minutos"},"schema":{"@context":"https:\/\/schema.org","@graph":[{"@type":"WebPage","@id":"https:\/\/www.csj-emballages.com\/pt-pt\/produit\/200-tripes-de-plastico-para-pizza-37-mm\/","url":"https:\/\/www.csj-emballages.com\/pt-pt\/produit\/200-tripes-de-plastico-para-pizza-37-mm\/","name":"Trip\u00e9 de pl\u00e1stico para pizza 37 mm por 200","isPartOf":{"@id":"https:\/\/www.csj-emballages.com\/pt-pt\/#website"},"primaryImageOfPage":{"@id":"https:\/\/www.csj-emballages.com\/pt-pt\/produit\/200-tripes-de-plastico-para-pizza-37-mm\/#primaryimage"},"image":{"@id":"https:\/\/www.csj-emballages.com\/pt-pt\/produit\/200-tripes-de-plastico-para-pizza-37-mm\/#primaryimage"},"thumbnailUrl":"https:\/\/www.csj-emballages.com\/wp-content\/uploads\/2024\/03\/Trepied-a-pizza.webp","datePublished":"2024-03-01T15:50:24+00:00","dateModified":"2026-05-02T00:11:42+00:00","description":"Trip\u00e9 para pizzas 37 mm por 200. Acess\u00f3rio indispens\u00e1vel para evitar que as pizzas sejam esmagadas e garantir uma bela apresenta\u00e7\u00e3o at\u00e9 \u00e0 entrega.","breadcrumb":{"@id":"https:\/\/www.csj-emballages.com\/pt-pt\/produit\/200-tripes-de-plastico-para-pizza-37-mm\/#breadcrumb"},"inLanguage":"pt-PT","potentialAction":[{"@type":"ReadAction","target":["https:\/\/www.csj-emballages.com\/pt-pt\/produit\/200-tripes-de-plastico-para-pizza-37-mm\/"]}]},{"@type":"ImageObject","inLanguage":"pt-PT","@id":"https:\/\/www.csj-emballages.com\/pt-pt\/produit\/200-tripes-de-plastico-para-pizza-37-mm\/#primaryimage","url":"https:\/\/www.csj-emballages.com\/wp-content\/uploads\/2024\/03\/Trepied-a-pizza.webp","contentUrl":"https:\/\/www.csj-emballages.com\/wp-content\/uploads\/2024\/03\/Trepied-a-pizza.webp","width":800,"height":800,"caption":"Tr\u00e9pied \u00e0 pizza"},{"@type":"BreadcrumbList","@id":"https:\/\/www.csj-emballages.com\/pt-pt\/produit\/200-tripes-de-plastico-para-pizza-37-mm\/#breadcrumb","itemListElement":[{"@type":"ListItem","position":1,"name":"Acolhimento","item":"https:\/\/www.csj-emballages.com\/pt-pt\/universo-das-embalagens-alimentares\/"},{"@type":"ListItem","position":2,"name":"Shop","item":"https:\/\/www.csj-emballages.com\/shop\/"},{"@type":"ListItem","position":3,"name":"Trip\u00e9 de pl\u00e1stico para pizza 37 mm por 200"}]},{"@type":"WebSite","@id":"https:\/\/www.csj-emballages.com\/pt-pt\/#website","url":"https:\/\/www.csj-emballages.com\/pt-pt\/","name":"CSJ Emballages","description":"","publisher":{"@id":"https:\/\/www.csj-emballages.com\/pt-pt\/#organization"},"potentialAction":[{"@type":"SearchAction","target":{"@type":"EntryPoint","urlTemplate":"https:\/\/www.csj-emballages.com\/pt-pt\/?s={search_term_string}"},"query-input":{"@type":"PropertyValueSpecification","valueRequired":true,"valueName":"search_term_string"}}],"inLanguage":"pt-PT"},{"@type":"Organization","@id":"https:\/\/www.csj-emballages.com\/pt-pt\/#Organization\/","name":"CSJ Emballages","url":"https:\/\/www.csj-emballages.com\/pt-pt\/","logo":{"@type":"ImageObject","inLanguage":"pt-PT","@id":"https:\/\/www.csj-emballages.com\/pt-pt\/#\/schema\/logo\/image\/","url":"https:\/\/www.csj-emballages.com\/wp-content\/uploads\/2023\/10\/logo_csj.webp","contentUrl":"https:\/\/www.csj-emballages.com\/wp-content\/uploads\/2023\/10\/logo_csj.webp","width":250,"height":95,"caption":"CSJ Emballages"},"image":{"@id":"https:\/\/www.csj-emballages.com\/pt-pt\/#\/schema\/logo\/image\/"},"sameAs":["https:\/\/www.facebook.com\/csjemballages"],"address":{"@type":"PostalAddress","streetAddress":"ZI La Lechere","addressLocality":"Patornay","postalCode":"39130","addressCountry":"FR"},"contactPoint":[{"@type":"ContactPoint","contactType":"Service client","telephone":"0384254272","email":"contact@csj-emballages.com"}]}]}},"df_price":6.43,"df_sale_price":"","df_regular_price":6.43,"df_image_link":"https:\/\/www.csj-emballages.com\/wp-content\/uploads\/2024\/03\/Trepied-a-pizza-300x300.webp","tiered_pricing_type":"fixed","tiered_pricing_fixed_rules":[],"tiered_pricing_percentage_rules":[],"tiered_pricing_minimum":1,"tiered_pricing_roles_data":[],"_links":{"self":[{"href":"https:\/\/www.csj-emballages.com\/pt-pt\/wp-json\/wp\/v2\/product\/22716","targetHints":{"allow":["GET"]}}],"collection":[{"href":"https:\/\/www.csj-emballages.com\/pt-pt\/wp-json\/wp\/v2\/product"}],"about":[{"href":"https:\/\/www.csj-emballages.com\/pt-pt\/wp-json\/wp\/v2\/types\/product"}],"wp:featuredmedia":[{"embeddable":true,"href":"https:\/\/www.csj-emballages.com\/pt-pt\/wp-json\/wp\/v2\/media\/255317"}],"wp:attachment":[{"href":"https:\/\/www.csj-emballages.com\/pt-pt\/wp-json\/wp\/v2\/media?parent=22716"}],"wp:term":[{"taxonomy":"product_brand","embeddable":true,"href":"https:\/\/www.csj-emballages.com\/pt-pt\/wp-json\/wp\/v2\/product_brand?post=22716"},{"taxonomy":"product_cat","embeddable":true,"href":"https:\/\/www.csj-emballages.com\/pt-pt\/wp-json\/wp\/v2\/product_cat?post=22716"},{"taxonomy":"product_tag","embeddable":true,"href":"https:\/\/www.csj-emballages.com\/pt-pt\/wp-json\/wp\/v2\/product_tag?post=22716"}],"curies":[{"name":"wp","href":"https:\/\/api.w.org\/{rel}","templated":true}]}}