{"id":22712,"date":"2024-03-01T16:50:23","date_gmt":"2024-03-01T15:50:23","guid":{"rendered":"https:\/\/u15jnbdpoq.preview.infomaniak.website\/produit\/5000-sacos-de-abertura-em-offset-170-x-220-mm-21-microns\/"},"modified":"2026-04-14T02:19:34","modified_gmt":"2026-04-14T00:19:34","slug":"5000-sacos-de-abertura-em-offset-170-x-220-mm-21-microns","status":"publish","type":"product","link":"https:\/\/www.csj-emballages.com\/pt-pt\/produit\/5000-sacos-de-abertura-em-offset-170-x-220-mm-21-microns\/","title":{"rendered":"170 x 220 mm Saco de feixe com abertura escalonada de 21 m\u00edcrones, 5000 por saco"},"content":{"rendered":"<h2>Saco de transporte<\/h2>\n<hr>\n<h3>Descri\u00e7\u00e3o do nosso saco de feixe com abertura offset 170 x 220 mm 21 microns por 5000<\/h3>\n<p><!--more--><\/p>\n<p data-start=\"262\" data-end=\"704\">O <strong>saco em bloco com abertura deslocada 170 x 220 mm em 21 microns<\/strong> \u00e9 uma solu\u00e7\u00e3o de embalagem pr\u00e1tica, econ\u00f3mica e perfeitamente adaptada \u00e0s necessidades dos profissionais do <strong>setor agroalimentar, do com\u00e9rcio, da ind\u00fastria e dos servi\u00e7os administrativos<\/strong>. De facto, concebido para facilitar o manuseamento r\u00e1pido e repetido, este <strong>saco<\/strong> \u00e9 entregue em <strong>bloco<\/strong>, garantindo uma poupan\u00e7a de tempo consider\u00e1vel durante a prepara\u00e7\u00e3o, o acondicionamento ou o armazenamento de produtos. <\/p>\n<p data-start=\"706\" data-end=\"1046\">A sua <strong>abertura deslocada<\/strong> permite uma separa\u00e7\u00e3o f\u00e1cil dos sacos, melhorando a fluidez de utiliza\u00e7\u00e3o, nomeadamente em ambientes de ritmo acelerado. Fabricado em <strong>polietileno de baixa densidade (PEBD)<\/strong> de <strong>21 microns<\/strong>, oferece uma boa flexibilidade, garantindo simultaneamente uma resist\u00eancia suficiente para a embalagem de produtos leves a moderadamente pesados. <\/p>\n<p data-start=\"1048\" data-end=\"1442\">Com as suas <strong>dimens\u00f5es de 170 x 220 mm<\/strong>, este saco \u00e9 ideal para o acondicionamento de <strong>pe\u00e7as pequenas, componentes, parafusos, acess\u00f3rios ou produtos alimentares secos<\/strong>, bem como para utiliza\u00e7\u00f5es em <strong>laborat\u00f3rio, oficina ou loja<\/strong>. Da mesma forma, a sua transpar\u00eancia permite uma identifica\u00e7\u00e3o r\u00e1pida do conte\u00fado, facilitando a gest\u00e3o de stocks e o controlo visual sem abrir o saco. <\/p>\n<p data-start=\"1444\" data-end=\"1798\">Embalado em <strong>5000 unidades<\/strong>, este <strong>saco em bloco<\/strong> \u00e9 particularmente adequado para estruturas com um volume de consumo importante. Al\u00e9m disso, este formato permite reduzir os custos unit\u00e1rios, otimizar o armazenamento e garantir uma continuidade de abastecimento. Em resumo, constitui uma solu\u00e7\u00e3o fi\u00e1vel para uma utiliza\u00e7\u00e3o di\u00e1ria intensiva.  <\/p>\n<p data-start=\"1444\" data-end=\"1798\">\n<p><!--more--><\/p>\n<h4>Vantagens :<\/h4>\n<ul>\n<li>Os sacos em bloco est\u00e3o ligados entre si, o que permite uma distribui\u00e7\u00e3o r\u00e1pida e organizada.<\/li>\n<li>Os sacos em bloco est\u00e3o agrupados, o que facilita o seu armazenamento e gest\u00e3o.<\/li>\n<li>Dispon\u00edvel em v\u00e1rios tamanhos e materiais, de acordo com as necessidades dos utilizadores.<\/li>\n<li>Os sacos oferecem uma barreira protetora contra a sujidade e os contaminantes, garantindo a frescura dos produtos.<\/li>\n<\/ul>\n<p>&nbsp;<\/p>\n<p><!--more--><\/p>\n<p><strong>Outras informa\u00e7\u00f5es :  <\/strong><\/p>\n<ul>\n<li><strong>Embalagem<\/strong>: 5000 unidades<\/li>\n<li><strong>Dimens\u00f5es<\/strong>: 170 x 220 mm<\/li>\n<li><strong>Material<\/strong>: PEAD<\/li>\n<li><strong>Resist\u00eancia<\/strong>: 21 microns<\/li>\n<\/ul>\n<p>&nbsp;<\/p>\n<p><!--more--><\/p>\n<p>Este saco em bloco com abertura deslocada est\u00e1 dispon\u00edvel em diferentes tamanhos: <span style=\"color: #d62727;\"><a style=\"color: #d62727;\" href=\"https:\/\/u15jnbdpoq.preview.infomaniak.website\/produit\/5000-sacs-liasse-ouverture-decalee-230-x-310-mm-21-microns\/\">230&#215;310 mm<\/a><\/span> \/ <span style=\"color: #d62727;\"><a style=\"color: #d62727;\" href=\"https:\/\/u15jnbdpoq.preview.infomaniak.website\/produit\/5000-sacs-liasse-ouverture-decalee-300-x-350-mm-21-microns\/\">300&#215;350 mm<\/a> \/ <a style=\"color: #d62727;\" href=\"https:\/\/u15jnbdpoq.preview.infomaniak.website\/produit\/3000-sacs-liasse-ouverture-decalee-350-x-500-mm-21-microns\/\">350&#215;500 mm<\/a><\/span><\/p>\n<p>&nbsp;<\/p>\n<p><!--more--><\/p>\n<p><a href=\"https:\/\/u15jnbdpoq.preview.infomaniak.website\/categorie-produit\/emballages\/boucherie-traiteur-primeur\/sacs-et-sachets\/sacs-liasses-fond-de-caisse\/\">V\u00ea o resto da nossa gama de sacos de tecido<\/a><\/p>\n","protected":false},"excerpt":{"rendered":"<p>Saco de transporte Descri\u00e7\u00e3o do nosso saco de feixe com abertura offset 170 x 220 mm 21 microns por 5000<\/p>\n","protected":false},"featured_media":209291,"template":"","meta":{"_acf_changed":false},"product_brand":[],"product_cat":[1176,2633],"product_tag":[],"class_list":{"0":"post-22712","1":"product","2":"type-product","3":"status-publish","4":"has-post-thumbnail","6":"product_cat-talho-e-charcutaria","7":"product_cat-sacos-de-pacotes-caixa-flutuante","9":"first","10":"instock","11":"taxable","12":"shipping-taxable","13":"purchasable","14":"product-type-simple"},"acf":[],"yoast_head":"<!-- This site is optimized with the Yoast SEO Premium plugin v26.6 (Yoast SEO v26.6) - https:\/\/yoast.com\/wordpress\/plugins\/seo\/ -->\n<title>Saco de arquivo com abertura offset de 21 m\u00edcrons - 170 x 220 mm<\/title>\n<meta name=\"description\" content=\"Saco de embrulho 170 x 220 mm, 21 microns, abertura offset. Pr\u00e1tico, resistente e econ\u00f3mico, embalado em 5000 unidades.\" \/>\n<meta name=\"robots\" content=\"index, follow, max-snippet:-1, max-image-preview:large, max-video-preview:-1\" \/>\n<link rel=\"canonical\" href=\"https:\/\/www.csj-emballages.com\/pt-pt\/produit\/5000-sacos-de-abertura-em-offset-170-x-220-mm-21-microns\/\" \/>\n<meta property=\"og:locale\" content=\"pt_PT\" \/>\n<meta property=\"og:type\" content=\"article\" \/>\n<meta property=\"og:title\" content=\"170 x 220 mm Saco de feixe com abertura escalonada de 21 m\u00edcrones, 5000 por saco\" \/>\n<meta property=\"og:description\" content=\"Saco de embrulho 170 x 220 mm, 21 microns, abertura offset. Pr\u00e1tico, resistente e econ\u00f3mico, embalado em 5000 unidades.\" \/>\n<meta property=\"og:url\" content=\"https:\/\/www.csj-emballages.com\/pt-pt\/produit\/5000-sacos-de-abertura-em-offset-170-x-220-mm-21-microns\/\" \/>\n<meta property=\"og:site_name\" content=\"CSJ Emballages\" \/>\n<meta property=\"article:publisher\" content=\"https:\/\/www.facebook.com\/csjemballages\" \/>\n<meta property=\"article:modified_time\" content=\"2026-04-14T00:19:34+00:00\" \/>\n<meta property=\"og:image\" content=\"https:\/\/www.csj-emballages.com\/wp-content\/uploads\/2024\/03\/sac-liasse.webp\" \/>\n\t<meta property=\"og:image:width\" content=\"800\" \/>\n\t<meta property=\"og:image:height\" content=\"800\" \/>\n\t<meta property=\"og:image:type\" content=\"image\/webp\" \/>\n<meta name=\"twitter:card\" content=\"summary_large_image\" \/>\n<meta name=\"twitter:label1\" content=\"Tempo estimado de leitura\" \/>\n\t<meta name=\"twitter:data1\" content=\"2 minutos\" \/>\n<script type=\"application\/ld+json\" class=\"yoast-schema-graph\">{\"@context\":\"https:\/\/schema.org\",\"@graph\":[{\"@type\":\"WebPage\",\"@id\":\"https:\/\/www.csj-emballages.com\/pt-pt\/produit\/5000-sacos-de-abertura-em-offset-170-x-220-mm-21-microns\/\",\"url\":\"https:\/\/www.csj-emballages.com\/pt-pt\/produit\/5000-sacos-de-abertura-em-offset-170-x-220-mm-21-microns\/\",\"name\":\"Saco de arquivo com abertura offset de 21 m\u00edcrons - 170 x 220 mm\",\"isPartOf\":{\"@id\":\"https:\/\/www.csj-emballages.com\/pt-pt\/#website\"},\"primaryImageOfPage\":{\"@id\":\"https:\/\/www.csj-emballages.com\/pt-pt\/produit\/5000-sacos-de-abertura-em-offset-170-x-220-mm-21-microns\/#primaryimage\"},\"image\":{\"@id\":\"https:\/\/www.csj-emballages.com\/pt-pt\/produit\/5000-sacos-de-abertura-em-offset-170-x-220-mm-21-microns\/#primaryimage\"},\"thumbnailUrl\":\"https:\/\/www.csj-emballages.com\/wp-content\/uploads\/2024\/03\/sac-liasse.webp\",\"datePublished\":\"2024-03-01T15:50:23+00:00\",\"dateModified\":\"2026-04-14T00:19:34+00:00\",\"description\":\"Saco de embrulho 170 x 220 mm, 21 microns, abertura offset. Pr\u00e1tico, resistente e econ\u00f3mico, embalado em 5000 unidades.\",\"breadcrumb\":{\"@id\":\"https:\/\/www.csj-emballages.com\/pt-pt\/produit\/5000-sacos-de-abertura-em-offset-170-x-220-mm-21-microns\/#breadcrumb\"},\"inLanguage\":\"pt-PT\",\"potentialAction\":[{\"@type\":\"ReadAction\",\"target\":[\"https:\/\/www.csj-emballages.com\/pt-pt\/produit\/5000-sacos-de-abertura-em-offset-170-x-220-mm-21-microns\/\"]}]},{\"@type\":\"ImageObject\",\"inLanguage\":\"pt-PT\",\"@id\":\"https:\/\/www.csj-emballages.com\/pt-pt\/produit\/5000-sacos-de-abertura-em-offset-170-x-220-mm-21-microns\/#primaryimage\",\"url\":\"https:\/\/www.csj-emballages.com\/wp-content\/uploads\/2024\/03\/sac-liasse.webp\",\"contentUrl\":\"https:\/\/www.csj-emballages.com\/wp-content\/uploads\/2024\/03\/sac-liasse.webp\",\"width\":800,\"height\":800,\"caption\":\"sac liasse\"},{\"@type\":\"BreadcrumbList\",\"@id\":\"https:\/\/www.csj-emballages.com\/pt-pt\/produit\/5000-sacos-de-abertura-em-offset-170-x-220-mm-21-microns\/#breadcrumb\",\"itemListElement\":[{\"@type\":\"ListItem\",\"position\":1,\"name\":\"Acolhimento\",\"item\":\"https:\/\/www.csj-emballages.com\/pt-pt\/universo-das-embalagens-alimentares\/\"},{\"@type\":\"ListItem\",\"position\":2,\"name\":\"Shop\",\"item\":\"https:\/\/www.csj-emballages.com\/shop\/\"},{\"@type\":\"ListItem\",\"position\":3,\"name\":\"170 x 220 mm Saco de feixe com abertura escalonada de 21 m\u00edcrones, 5000 por saco\"}]},{\"@type\":\"WebSite\",\"@id\":\"https:\/\/www.csj-emballages.com\/pt-pt\/#website\",\"url\":\"https:\/\/www.csj-emballages.com\/pt-pt\/\",\"name\":\"CSJ Emballages\",\"description\":\"\",\"publisher\":{\"@id\":\"https:\/\/www.csj-emballages.com\/pt-pt\/#organization\"},\"potentialAction\":[{\"@type\":\"SearchAction\",\"target\":{\"@type\":\"EntryPoint\",\"urlTemplate\":\"https:\/\/www.csj-emballages.com\/pt-pt\/?s={search_term_string}\"},\"query-input\":{\"@type\":\"PropertyValueSpecification\",\"valueRequired\":true,\"valueName\":\"search_term_string\"}}],\"inLanguage\":\"pt-PT\"},{\"@type\":\"Organization\",\"@id\":\"https:\/\/www.csj-emballages.com\/pt-pt\/#Organization\/\",\"name\":\"CSJ Emballages\",\"url\":\"https:\/\/www.csj-emballages.com\/pt-pt\/\",\"logo\":{\"@type\":\"ImageObject\",\"inLanguage\":\"pt-PT\",\"@id\":\"https:\/\/www.csj-emballages.com\/pt-pt\/#\/schema\/logo\/image\/\",\"url\":\"https:\/\/www.csj-emballages.com\/wp-content\/uploads\/2023\/10\/logo_csj.webp\",\"contentUrl\":\"https:\/\/www.csj-emballages.com\/wp-content\/uploads\/2023\/10\/logo_csj.webp\",\"width\":250,\"height\":95,\"caption\":\"CSJ Emballages\"},\"image\":{\"@id\":\"https:\/\/www.csj-emballages.com\/pt-pt\/#\/schema\/logo\/image\/\"},\"sameAs\":[\"https:\/\/www.facebook.com\/csjemballages\"],\"address\":{\"@type\":\"PostalAddress\",\"streetAddress\":\"ZI La Lechere\",\"addressLocality\":\"Patornay\",\"postalCode\":\"39130\",\"addressCountry\":\"FR\"},\"contactPoint\":[{\"@type\":\"ContactPoint\",\"contactType\":\"Service client\",\"telephone\":\"0384254272\",\"email\":\"contact@csj-emballages.com\"}]}]}<\/script>\n<!-- \/ Yoast SEO Premium plugin. -->","yoast_head_json":{"title":"Saco de arquivo com abertura offset de 21 m\u00edcrons - 170 x 220 mm","description":"Saco de embrulho 170 x 220 mm, 21 microns, abertura offset. Pr\u00e1tico, resistente e econ\u00f3mico, embalado em 5000 unidades.","robots":{"index":"index","follow":"follow","max-snippet":"max-snippet:-1","max-image-preview":"max-image-preview:large","max-video-preview":"max-video-preview:-1"},"canonical":"https:\/\/www.csj-emballages.com\/pt-pt\/produit\/5000-sacos-de-abertura-em-offset-170-x-220-mm-21-microns\/","og_locale":"pt_PT","og_type":"article","og_title":"170 x 220 mm Saco de feixe com abertura escalonada de 21 m\u00edcrones, 5000 por saco","og_description":"Saco de embrulho 170 x 220 mm, 21 microns, abertura offset. Pr\u00e1tico, resistente e econ\u00f3mico, embalado em 5000 unidades.","og_url":"https:\/\/www.csj-emballages.com\/pt-pt\/produit\/5000-sacos-de-abertura-em-offset-170-x-220-mm-21-microns\/","og_site_name":"CSJ Emballages","article_publisher":"https:\/\/www.facebook.com\/csjemballages","article_modified_time":"2026-04-14T00:19:34+00:00","og_image":[{"width":800,"height":800,"url":"https:\/\/www.csj-emballages.com\/wp-content\/uploads\/2024\/03\/sac-liasse.webp","type":"image\/webp"}],"twitter_card":"summary_large_image","twitter_misc":{"Tempo estimado de leitura":"2 minutos"},"schema":{"@context":"https:\/\/schema.org","@graph":[{"@type":"WebPage","@id":"https:\/\/www.csj-emballages.com\/pt-pt\/produit\/5000-sacos-de-abertura-em-offset-170-x-220-mm-21-microns\/","url":"https:\/\/www.csj-emballages.com\/pt-pt\/produit\/5000-sacos-de-abertura-em-offset-170-x-220-mm-21-microns\/","name":"Saco de arquivo com abertura offset de 21 m\u00edcrons - 170 x 220 mm","isPartOf":{"@id":"https:\/\/www.csj-emballages.com\/pt-pt\/#website"},"primaryImageOfPage":{"@id":"https:\/\/www.csj-emballages.com\/pt-pt\/produit\/5000-sacos-de-abertura-em-offset-170-x-220-mm-21-microns\/#primaryimage"},"image":{"@id":"https:\/\/www.csj-emballages.com\/pt-pt\/produit\/5000-sacos-de-abertura-em-offset-170-x-220-mm-21-microns\/#primaryimage"},"thumbnailUrl":"https:\/\/www.csj-emballages.com\/wp-content\/uploads\/2024\/03\/sac-liasse.webp","datePublished":"2024-03-01T15:50:23+00:00","dateModified":"2026-04-14T00:19:34+00:00","description":"Saco de embrulho 170 x 220 mm, 21 microns, abertura offset. Pr\u00e1tico, resistente e econ\u00f3mico, embalado em 5000 unidades.","breadcrumb":{"@id":"https:\/\/www.csj-emballages.com\/pt-pt\/produit\/5000-sacos-de-abertura-em-offset-170-x-220-mm-21-microns\/#breadcrumb"},"inLanguage":"pt-PT","potentialAction":[{"@type":"ReadAction","target":["https:\/\/www.csj-emballages.com\/pt-pt\/produit\/5000-sacos-de-abertura-em-offset-170-x-220-mm-21-microns\/"]}]},{"@type":"ImageObject","inLanguage":"pt-PT","@id":"https:\/\/www.csj-emballages.com\/pt-pt\/produit\/5000-sacos-de-abertura-em-offset-170-x-220-mm-21-microns\/#primaryimage","url":"https:\/\/www.csj-emballages.com\/wp-content\/uploads\/2024\/03\/sac-liasse.webp","contentUrl":"https:\/\/www.csj-emballages.com\/wp-content\/uploads\/2024\/03\/sac-liasse.webp","width":800,"height":800,"caption":"sac liasse"},{"@type":"BreadcrumbList","@id":"https:\/\/www.csj-emballages.com\/pt-pt\/produit\/5000-sacos-de-abertura-em-offset-170-x-220-mm-21-microns\/#breadcrumb","itemListElement":[{"@type":"ListItem","position":1,"name":"Acolhimento","item":"https:\/\/www.csj-emballages.com\/pt-pt\/universo-das-embalagens-alimentares\/"},{"@type":"ListItem","position":2,"name":"Shop","item":"https:\/\/www.csj-emballages.com\/shop\/"},{"@type":"ListItem","position":3,"name":"170 x 220 mm Saco de feixe com abertura escalonada de 21 m\u00edcrones, 5000 por saco"}]},{"@type":"WebSite","@id":"https:\/\/www.csj-emballages.com\/pt-pt\/#website","url":"https:\/\/www.csj-emballages.com\/pt-pt\/","name":"CSJ Emballages","description":"","publisher":{"@id":"https:\/\/www.csj-emballages.com\/pt-pt\/#organization"},"potentialAction":[{"@type":"SearchAction","target":{"@type":"EntryPoint","urlTemplate":"https:\/\/www.csj-emballages.com\/pt-pt\/?s={search_term_string}"},"query-input":{"@type":"PropertyValueSpecification","valueRequired":true,"valueName":"search_term_string"}}],"inLanguage":"pt-PT"},{"@type":"Organization","@id":"https:\/\/www.csj-emballages.com\/pt-pt\/#Organization\/","name":"CSJ Emballages","url":"https:\/\/www.csj-emballages.com\/pt-pt\/","logo":{"@type":"ImageObject","inLanguage":"pt-PT","@id":"https:\/\/www.csj-emballages.com\/pt-pt\/#\/schema\/logo\/image\/","url":"https:\/\/www.csj-emballages.com\/wp-content\/uploads\/2023\/10\/logo_csj.webp","contentUrl":"https:\/\/www.csj-emballages.com\/wp-content\/uploads\/2023\/10\/logo_csj.webp","width":250,"height":95,"caption":"CSJ Emballages"},"image":{"@id":"https:\/\/www.csj-emballages.com\/pt-pt\/#\/schema\/logo\/image\/"},"sameAs":["https:\/\/www.facebook.com\/csjemballages"],"address":{"@type":"PostalAddress","streetAddress":"ZI La Lechere","addressLocality":"Patornay","postalCode":"39130","addressCountry":"FR"},"contactPoint":[{"@type":"ContactPoint","contactType":"Service client","telephone":"0384254272","email":"contact@csj-emballages.com"}]}]}},"df_price":36.53,"df_sale_price":"","df_regular_price":36.53,"df_image_link":"https:\/\/www.csj-emballages.com\/wp-content\/uploads\/2024\/03\/sac-liasse-300x300.webp","tiered_pricing_type":"fixed","tiered_pricing_fixed_rules":[],"tiered_pricing_percentage_rules":[],"tiered_pricing_minimum":1,"tiered_pricing_roles_data":[],"_links":{"self":[{"href":"https:\/\/www.csj-emballages.com\/pt-pt\/wp-json\/wp\/v2\/product\/22712","targetHints":{"allow":["GET"]}}],"collection":[{"href":"https:\/\/www.csj-emballages.com\/pt-pt\/wp-json\/wp\/v2\/product"}],"about":[{"href":"https:\/\/www.csj-emballages.com\/pt-pt\/wp-json\/wp\/v2\/types\/product"}],"wp:featuredmedia":[{"embeddable":true,"href":"https:\/\/www.csj-emballages.com\/pt-pt\/wp-json\/wp\/v2\/media\/209291"}],"wp:attachment":[{"href":"https:\/\/www.csj-emballages.com\/pt-pt\/wp-json\/wp\/v2\/media?parent=22712"}],"wp:term":[{"taxonomy":"product_brand","embeddable":true,"href":"https:\/\/www.csj-emballages.com\/pt-pt\/wp-json\/wp\/v2\/product_brand?post=22712"},{"taxonomy":"product_cat","embeddable":true,"href":"https:\/\/www.csj-emballages.com\/pt-pt\/wp-json\/wp\/v2\/product_cat?post=22712"},{"taxonomy":"product_tag","embeddable":true,"href":"https:\/\/www.csj-emballages.com\/pt-pt\/wp-json\/wp\/v2\/product_tag?post=22712"}],"curies":[{"name":"wp","href":"https:\/\/api.w.org\/{rel}","templated":true}]}}