{"id":226948,"date":"2025-03-07T02:18:44","date_gmt":"2025-03-07T01:18:44","guid":{"rendered":"https:\/\/www.csj-emballages.com\/?post_type=product&#038;p=226948"},"modified":"2026-03-20T15:02:45","modified_gmt":"2026-03-20T14:02:45","slug":"bolsa-termica-branca-impressa-com-queijo-25-x-166-cm-por-1000","status":"publish","type":"product","link":"https:\/\/www.csj-emballages.com\/pt-pt\/produit\/bolsa-termica-branca-impressa-com-queijo-25-x-166-cm-por-1000\/","title":{"rendered":"Bolsa t\u00e9rmica branca para queijo 25 x 16,6 cm por 1000"},"content":{"rendered":"<h2 class=\"p1\">Saco de queijo<\/h2>\n<hr>\n<h3>Descri\u00e7\u00e3o da nossa bolsa t\u00e9rmica branca para queijo 25 x 16,6 cm por 1000<\/h3>\n<p><!--more--><\/p>\n<div class=\"flex max-w-full flex-col grow\">\n<div class=\"min-h-8 text-message relative flex w-full flex-col items-end gap-2 text-start break-words whitespace-normal [.text-message+&amp;]:mt-5\" dir=\"auto\" data-message-author-role=\"assistant\" data-message-id=\"1cf90a76-2f90-4af9-82a6-726e1ff89d2d\" data-message-model-slug=\"gpt-4o\">\n<div class=\"flex w-full flex-col gap-1 empty:hidden first:pt-[3px]\">\n<div class=\"markdown prose dark:prose-invert w-full break-words dark\">\n<article class=\"text-token-text-primary w-full\" dir=\"auto\" data-testid=\"conversation-turn-10\" data-scroll-anchor=\"true\">\n<div class=\"text-base my-auto mx-auto py-5 px-6\">\n<div class=\"mx-auto flex flex-1 text-base gap-4 md:gap-5 lg:gap-6 md:max-w-3xl lg:max-w-[40rem] xl:max-w-[48rem] group\/turn-messages focus-visible:outline-hidden\" tabindex=\"-1\">\n<div class=\"group\/conversation-turn relative flex w-full min-w-0 flex-col agent-turn @xs\/thread:px-0 @sm\/thread:px-1.5 @md\/thread:px-4\">\n<div class=\"relative flex-col gap-1 md:gap-3\">\n<div class=\"flex max-w-full flex-col grow\">\n<div class=\"min-h-8 text-message relative flex w-full flex-col items-end gap-2 text-start break-words whitespace-normal [.text-message+&amp;]:mt-5\" dir=\"auto\" data-message-author-role=\"assistant\" data-message-id=\"501a8fbe-9cc6-4e38-8a4d-2da13b1b7753\" data-message-model-slug=\"gpt-4o\">\n<div class=\"flex w-full flex-col gap-1 empty:hidden first:pt-[3px]\">\n<div class=\"markdown prose dark:prose-invert w-full break-words dark\">\n<p data-start=\"0\" data-end=\"1877\">Esta <strong>bolsa t\u00e9rmica branca para queijo<\/strong> foi concebida para oferecer aos fabricantes de queijo e aos retalhistas uma solu\u00e7\u00e3o de embalagem que combina higiene, praticidade e est\u00e9tica. O seu sistema <strong>adesivo<\/strong> integrado permite um fecho r\u00e1pido e herm\u00e9tico, proporcionando uma prote\u00e7\u00e3o \u00f3ptima contra o ar. Fabricado com materiais de alta qualidade, garante uma conserva\u00e7\u00e3o eficaz do queijo e de outros produtos frescos, facilitando o seu transporte. O seu formato de <strong>25 x 16,6 cm<\/strong> permite acomodar pequenas por\u00e7\u00f5es, o que o torna ideal para utiliza\u00e7\u00e3o com artigos pequenos. Para al\u00e9m da sua funcionalidade, o seu design s\u00f3brio e profissional valoriza os seus produtos e refor\u00e7a a imagem de marca dos retalhistas que pretendem oferecer uma embalagem limpa e eficaz.    <\/p>\n<p data-start=\"0\" data-end=\"1877\">\n<\/div>\n<div class=\"markdown prose dark:prose-invert w-full break-words dark\">\n<p data-start=\"0\" data-end=\"1877\"><!--more--><\/p>\n<p data-start=\"0\" data-end=\"1877\">Resistente e fi\u00e1vel, esta <strong>bolsa auto-adesiva para queijo<\/strong> est\u00e1 perfeitamente adaptada \u00e0s necessidades dos profissionais exigentes, evitando derrames e garantindo uma apresenta\u00e7\u00e3o impec\u00e1vel. \u00c9 r\u00e1pido e f\u00e1cil de utilizar, optimizando o tempo de prepara\u00e7\u00e3o na loja e melhorando a experi\u00eancia do cliente. Adequado para produtos alimentares que necessitam de ser conservados, \u00e9 uma escolha acertada para combinar qualidade, seguran\u00e7a e est\u00e9tica. Al\u00e9m disso, a sua conce\u00e7\u00e3o <strong>t\u00e9rmica<\/strong> garante uma excelente resist\u00eancia \u00e0s varia\u00e7\u00f5es de temperatura, limitando os riscos associados \u00e0 humidade. Ideal para uma utiliza\u00e7\u00e3o quotidiana, esta <strong>bolsa para queijo<\/strong> oferece uma alternativa moderna e eficaz \u00e0s embalagens tradicionais. O seu <strong>adesivo<\/strong> de alto desempenho garante uma fixa\u00e7\u00e3o duradoura, permitindo um transporte seguro sem o risco de abertura acidental. Em suma, \u00e9 indispens\u00e1vel para os profissionais que pretendem aliar o car\u00e1cter pr\u00e1tico \u00e0s exig\u00eancias sanit\u00e1rias.      <\/p>\n<\/div>\n<\/div>\n<\/div>\n<\/div>\n<\/div>\n<\/div>\n<\/div>\n<\/div>\n<\/article>\n<\/div>\n<\/div>\n<\/div>\n<\/div>\n<div class=\"flex justify-start\"><\/div>\n<p data-start=\"108\" data-end=\"487\"><!--more--><\/p>\n<h4>As suas vantagens:<\/h4>\n<ul>\n<li data-start=\"513\" data-end=\"610\"><strong data-start=\"515\" data-end=\"540\">Higi\u00e9nico e seguro<\/strong>: protege eficazmente os seus queijos da contamina\u00e7\u00e3o externa.<\/li>\n<li data-start=\"611\" data-end=\"701\"><strong data-start=\"613\" data-end=\"632\">Adesivo integrado<\/strong>: para um fecho f\u00e1cil sem necessidade de acess\u00f3rios adicionais.<\/li>\n<li data-start=\"790\" data-end=\"888\"><strong data-start=\"792\" data-end=\"814\">Utiliza\u00e7\u00e3o r\u00e1pida<\/strong>: o manuseamento f\u00e1cil permite poupar tempo aos profissionais.<\/li>\n<li data-start=\"889\" data-end=\"981\"><strong data-start=\"891\" data-end=\"910\">Formato pr\u00e1tico<\/strong>: Estas bolsas para queijo s\u00e3o ideais para uma variedade de queijos e outros produtos frescos.<\/li>\n<li><strong>2 possibilidades de fecho<\/strong>: Com fita adesiva integrada ou por termosselagem<\/li>\n<\/ul>\n<p>&nbsp;<\/p>\n<p><!--more--><\/p>\n<h4>Outras informa\u00e7\u00f5es :<\/h4>\n<ul>\n<li><strong>Embalagem<\/strong>: Caixa de 1000<\/li>\n<li><strong>Dimens\u00f5es<\/strong>: 25 x 16,6 cm<\/li>\n<li><strong>Material<\/strong>: Papel<\/li>\n<li><strong>Cor<\/strong>: Branco \/ Laranja<\/li>\n<\/ul>\n<p>&nbsp;<\/p>\n<p><!--more--><\/p>\n<p>Este produto est\u00e1 dispon\u00edvel em v\u00e1rios tamanhos: <span style=\"color: #d12727;\"><a style=\"color: #d12727;\" href=\"https:\/\/www.csj-emballages.com\/es\/produit\/bolsa-termo-blanca-impresa-con-queso-25-x-25-cm-por-1000\/\">25 x 25 cm<\/a><\/span> \/ <span style=\"color: #d12727;\"><a style=\"color: #d12727;\" href=\"https:\/\/www.csj-emballages.com\/es\/produit\/bolsa-termica-blanca-con-impresion-de-queso-25-x-33-cm-por-500\/\">25 x 33 cm<\/a><\/span><\/p>\n<p>&nbsp;<\/p>\n<p><!--more--><\/p>\n<p><a href=\"https:\/\/www.csj-emballages.com\/pt-pt\/categorie-produit\/embalagem-de-alimentos\/talho-e-charcutaria\/papel-para-alimentos\/bolsas-adesivas\/\">Ver o resto da nossa gama de bolsas autocolantes<\/a><\/p>\n","protected":false},"excerpt":{"rendered":"<p>Saco de queijo Descri\u00e7\u00e3o da nossa bolsa t\u00e9rmica branca para queijo 25 x 16,6 cm por 1000<\/p>\n","protected":false},"featured_media":227217,"template":"","meta":{"_acf_changed":false},"product_brand":[],"product_cat":[1141,1176,2576,9261],"product_tag":[],"class_list":{"0":"post-226948","1":"product","2":"type-product","3":"status-publish","4":"has-post-thumbnail","6":"product_cat-embalagem-de-alimentos","7":"product_cat-talho-e-charcutaria","8":"product_cat-papel-para-alimentos","9":"product_cat-bolsas-adesivas","11":"first","12":"instock","13":"taxable","14":"shipping-taxable","15":"purchasable","16":"product-type-simple"},"acf":[],"yoast_head":"<!-- This site is optimized with the Yoast SEO Premium plugin v26.6 (Yoast SEO v26.6) - https:\/\/yoast.com\/wordpress\/plugins\/seo\/ -->\n<title>Bolsa t\u00e9rmica para queijo branco 25 x 16,6 cm por 1000<\/title>\n<meta name=\"description\" content=\"Descubra a nossa bolsa para queijo termo-adesiva branca 25 x 16,6 cm (x1000). Ideal para os queijeiros e para a restaura\u00e7\u00e3o, fecha-se rapidamente.\" \/>\n<meta name=\"robots\" content=\"index, follow, max-snippet:-1, max-image-preview:large, max-video-preview:-1\" \/>\n<link rel=\"canonical\" href=\"https:\/\/www.csj-emballages.com\/pt-pt\/produit\/bolsa-termica-branca-impressa-com-queijo-25-x-166-cm-por-1000\/\" \/>\n<meta property=\"og:locale\" content=\"pt_PT\" \/>\n<meta property=\"og:type\" content=\"article\" \/>\n<meta property=\"og:title\" content=\"Bolsa t\u00e9rmica branca para queijo 25 x 16,6 cm por 1000\" \/>\n<meta property=\"og:description\" content=\"Descubra a nossa bolsa para queijo termo-adesiva branca 25 x 16,6 cm (x1000). Ideal para os queijeiros e para a restaura\u00e7\u00e3o, fecha-se rapidamente.\" \/>\n<meta property=\"og:url\" content=\"https:\/\/www.csj-emballages.com\/pt-pt\/produit\/bolsa-termica-branca-impressa-com-queijo-25-x-166-cm-por-1000\/\" \/>\n<meta property=\"og:site_name\" content=\"CSJ Emballages\" \/>\n<meta property=\"article:publisher\" content=\"https:\/\/www.facebook.com\/csjemballages\" \/>\n<meta property=\"article:modified_time\" content=\"2026-03-20T14:02:45+00:00\" \/>\n<meta property=\"og:image\" content=\"https:\/\/www.csj-emballages.com\/wp-content\/uploads\/2025\/03\/pochette-fromagerie.webp\" \/>\n\t<meta property=\"og:image:width\" content=\"800\" \/>\n\t<meta property=\"og:image:height\" content=\"800\" \/>\n\t<meta property=\"og:image:type\" content=\"image\/webp\" \/>\n<meta name=\"twitter:card\" content=\"summary_large_image\" \/>\n<meta name=\"twitter:label1\" content=\"Tempo estimado de leitura\" \/>\n\t<meta name=\"twitter:data1\" content=\"2 minutos\" \/>\n<script type=\"application\/ld+json\" class=\"yoast-schema-graph\">{\"@context\":\"https:\/\/schema.org\",\"@graph\":[{\"@type\":\"WebPage\",\"@id\":\"https:\/\/www.csj-emballages.com\/pt-pt\/produit\/bolsa-termica-branca-impressa-com-queijo-25-x-166-cm-por-1000\/\",\"url\":\"https:\/\/www.csj-emballages.com\/pt-pt\/produit\/bolsa-termica-branca-impressa-com-queijo-25-x-166-cm-por-1000\/\",\"name\":\"Bolsa t\u00e9rmica para queijo branco 25 x 16,6 cm por 1000\",\"isPartOf\":{\"@id\":\"https:\/\/www.csj-emballages.com\/pt-pt\/#website\"},\"primaryImageOfPage\":{\"@id\":\"https:\/\/www.csj-emballages.com\/pt-pt\/produit\/bolsa-termica-branca-impressa-com-queijo-25-x-166-cm-por-1000\/#primaryimage\"},\"image\":{\"@id\":\"https:\/\/www.csj-emballages.com\/pt-pt\/produit\/bolsa-termica-branca-impressa-com-queijo-25-x-166-cm-por-1000\/#primaryimage\"},\"thumbnailUrl\":\"https:\/\/www.csj-emballages.com\/wp-content\/uploads\/2025\/03\/pochette-fromagerie.webp\",\"datePublished\":\"2025-03-07T01:18:44+00:00\",\"dateModified\":\"2026-03-20T14:02:45+00:00\",\"description\":\"Descubra a nossa bolsa para queijo termo-adesiva branca 25 x 16,6 cm (x1000). Ideal para os queijeiros e para a restaura\u00e7\u00e3o, fecha-se rapidamente.\",\"breadcrumb\":{\"@id\":\"https:\/\/www.csj-emballages.com\/pt-pt\/produit\/bolsa-termica-branca-impressa-com-queijo-25-x-166-cm-por-1000\/#breadcrumb\"},\"inLanguage\":\"pt-PT\",\"potentialAction\":[{\"@type\":\"ReadAction\",\"target\":[\"https:\/\/www.csj-emballages.com\/pt-pt\/produit\/bolsa-termica-branca-impressa-com-queijo-25-x-166-cm-por-1000\/\"]}]},{\"@type\":\"ImageObject\",\"inLanguage\":\"pt-PT\",\"@id\":\"https:\/\/www.csj-emballages.com\/pt-pt\/produit\/bolsa-termica-branca-impressa-com-queijo-25-x-166-cm-por-1000\/#primaryimage\",\"url\":\"https:\/\/www.csj-emballages.com\/wp-content\/uploads\/2025\/03\/pochette-fromagerie.webp\",\"contentUrl\":\"https:\/\/www.csj-emballages.com\/wp-content\/uploads\/2025\/03\/pochette-fromagerie.webp\",\"width\":800,\"height\":800,\"caption\":\"pochette fromagerie\"},{\"@type\":\"BreadcrumbList\",\"@id\":\"https:\/\/www.csj-emballages.com\/pt-pt\/produit\/bolsa-termica-branca-impressa-com-queijo-25-x-166-cm-por-1000\/#breadcrumb\",\"itemListElement\":[{\"@type\":\"ListItem\",\"position\":1,\"name\":\"Acolhimento\",\"item\":\"https:\/\/www.csj-emballages.com\/pt-pt\/universo-das-embalagens-alimentares\/\"},{\"@type\":\"ListItem\",\"position\":2,\"name\":\"Shop\",\"item\":\"https:\/\/www.csj-emballages.com\/shop\/\"},{\"@type\":\"ListItem\",\"position\":3,\"name\":\"Bolsa t\u00e9rmica branca para queijo 25 x 16,6 cm por 1000\"}]},{\"@type\":\"WebSite\",\"@id\":\"https:\/\/www.csj-emballages.com\/pt-pt\/#website\",\"url\":\"https:\/\/www.csj-emballages.com\/pt-pt\/\",\"name\":\"CSJ Emballages\",\"description\":\"\",\"publisher\":{\"@id\":\"https:\/\/www.csj-emballages.com\/pt-pt\/#organization\"},\"potentialAction\":[{\"@type\":\"SearchAction\",\"target\":{\"@type\":\"EntryPoint\",\"urlTemplate\":\"https:\/\/www.csj-emballages.com\/pt-pt\/?s={search_term_string}\"},\"query-input\":{\"@type\":\"PropertyValueSpecification\",\"valueRequired\":true,\"valueName\":\"search_term_string\"}}],\"inLanguage\":\"pt-PT\"},{\"@type\":\"Organization\",\"@id\":\"https:\/\/www.csj-emballages.com\/pt-pt\/#Organization\/\",\"name\":\"CSJ Emballages\",\"url\":\"https:\/\/www.csj-emballages.com\/pt-pt\/\",\"logo\":{\"@type\":\"ImageObject\",\"inLanguage\":\"pt-PT\",\"@id\":\"https:\/\/www.csj-emballages.com\/pt-pt\/#\/schema\/logo\/image\/\",\"url\":\"https:\/\/www.csj-emballages.com\/wp-content\/uploads\/2023\/10\/logo_csj.webp\",\"contentUrl\":\"https:\/\/www.csj-emballages.com\/wp-content\/uploads\/2023\/10\/logo_csj.webp\",\"width\":250,\"height\":95,\"caption\":\"CSJ Emballages\"},\"image\":{\"@id\":\"https:\/\/www.csj-emballages.com\/pt-pt\/#\/schema\/logo\/image\/\"},\"sameAs\":[\"https:\/\/www.facebook.com\/csjemballages\"],\"address\":{\"@type\":\"PostalAddress\",\"streetAddress\":\"ZI La Lechere\",\"addressLocality\":\"Patornay\",\"postalCode\":\"39130\",\"addressCountry\":\"FR\"},\"contactPoint\":[{\"@type\":\"ContactPoint\",\"contactType\":\"Service client\",\"telephone\":\"0384254272\",\"email\":\"contact@csj-emballages.com\"}]}]}<\/script>\n<!-- \/ Yoast SEO Premium plugin. -->","yoast_head_json":{"title":"Bolsa t\u00e9rmica para queijo branco 25 x 16,6 cm por 1000","description":"Descubra a nossa bolsa para queijo termo-adesiva branca 25 x 16,6 cm (x1000). Ideal para os queijeiros e para a restaura\u00e7\u00e3o, fecha-se rapidamente.","robots":{"index":"index","follow":"follow","max-snippet":"max-snippet:-1","max-image-preview":"max-image-preview:large","max-video-preview":"max-video-preview:-1"},"canonical":"https:\/\/www.csj-emballages.com\/pt-pt\/produit\/bolsa-termica-branca-impressa-com-queijo-25-x-166-cm-por-1000\/","og_locale":"pt_PT","og_type":"article","og_title":"Bolsa t\u00e9rmica branca para queijo 25 x 16,6 cm por 1000","og_description":"Descubra a nossa bolsa para queijo termo-adesiva branca 25 x 16,6 cm (x1000). Ideal para os queijeiros e para a restaura\u00e7\u00e3o, fecha-se rapidamente.","og_url":"https:\/\/www.csj-emballages.com\/pt-pt\/produit\/bolsa-termica-branca-impressa-com-queijo-25-x-166-cm-por-1000\/","og_site_name":"CSJ Emballages","article_publisher":"https:\/\/www.facebook.com\/csjemballages","article_modified_time":"2026-03-20T14:02:45+00:00","og_image":[{"width":800,"height":800,"url":"https:\/\/www.csj-emballages.com\/wp-content\/uploads\/2025\/03\/pochette-fromagerie.webp","type":"image\/webp"}],"twitter_card":"summary_large_image","twitter_misc":{"Tempo estimado de leitura":"2 minutos"},"schema":{"@context":"https:\/\/schema.org","@graph":[{"@type":"WebPage","@id":"https:\/\/www.csj-emballages.com\/pt-pt\/produit\/bolsa-termica-branca-impressa-com-queijo-25-x-166-cm-por-1000\/","url":"https:\/\/www.csj-emballages.com\/pt-pt\/produit\/bolsa-termica-branca-impressa-com-queijo-25-x-166-cm-por-1000\/","name":"Bolsa t\u00e9rmica para queijo branco 25 x 16,6 cm por 1000","isPartOf":{"@id":"https:\/\/www.csj-emballages.com\/pt-pt\/#website"},"primaryImageOfPage":{"@id":"https:\/\/www.csj-emballages.com\/pt-pt\/produit\/bolsa-termica-branca-impressa-com-queijo-25-x-166-cm-por-1000\/#primaryimage"},"image":{"@id":"https:\/\/www.csj-emballages.com\/pt-pt\/produit\/bolsa-termica-branca-impressa-com-queijo-25-x-166-cm-por-1000\/#primaryimage"},"thumbnailUrl":"https:\/\/www.csj-emballages.com\/wp-content\/uploads\/2025\/03\/pochette-fromagerie.webp","datePublished":"2025-03-07T01:18:44+00:00","dateModified":"2026-03-20T14:02:45+00:00","description":"Descubra a nossa bolsa para queijo termo-adesiva branca 25 x 16,6 cm (x1000). Ideal para os queijeiros e para a restaura\u00e7\u00e3o, fecha-se rapidamente.","breadcrumb":{"@id":"https:\/\/www.csj-emballages.com\/pt-pt\/produit\/bolsa-termica-branca-impressa-com-queijo-25-x-166-cm-por-1000\/#breadcrumb"},"inLanguage":"pt-PT","potentialAction":[{"@type":"ReadAction","target":["https:\/\/www.csj-emballages.com\/pt-pt\/produit\/bolsa-termica-branca-impressa-com-queijo-25-x-166-cm-por-1000\/"]}]},{"@type":"ImageObject","inLanguage":"pt-PT","@id":"https:\/\/www.csj-emballages.com\/pt-pt\/produit\/bolsa-termica-branca-impressa-com-queijo-25-x-166-cm-por-1000\/#primaryimage","url":"https:\/\/www.csj-emballages.com\/wp-content\/uploads\/2025\/03\/pochette-fromagerie.webp","contentUrl":"https:\/\/www.csj-emballages.com\/wp-content\/uploads\/2025\/03\/pochette-fromagerie.webp","width":800,"height":800,"caption":"pochette fromagerie"},{"@type":"BreadcrumbList","@id":"https:\/\/www.csj-emballages.com\/pt-pt\/produit\/bolsa-termica-branca-impressa-com-queijo-25-x-166-cm-por-1000\/#breadcrumb","itemListElement":[{"@type":"ListItem","position":1,"name":"Acolhimento","item":"https:\/\/www.csj-emballages.com\/pt-pt\/universo-das-embalagens-alimentares\/"},{"@type":"ListItem","position":2,"name":"Shop","item":"https:\/\/www.csj-emballages.com\/shop\/"},{"@type":"ListItem","position":3,"name":"Bolsa t\u00e9rmica branca para queijo 25 x 16,6 cm por 1000"}]},{"@type":"WebSite","@id":"https:\/\/www.csj-emballages.com\/pt-pt\/#website","url":"https:\/\/www.csj-emballages.com\/pt-pt\/","name":"CSJ Emballages","description":"","publisher":{"@id":"https:\/\/www.csj-emballages.com\/pt-pt\/#organization"},"potentialAction":[{"@type":"SearchAction","target":{"@type":"EntryPoint","urlTemplate":"https:\/\/www.csj-emballages.com\/pt-pt\/?s={search_term_string}"},"query-input":{"@type":"PropertyValueSpecification","valueRequired":true,"valueName":"search_term_string"}}],"inLanguage":"pt-PT"},{"@type":"Organization","@id":"https:\/\/www.csj-emballages.com\/pt-pt\/#Organization\/","name":"CSJ Emballages","url":"https:\/\/www.csj-emballages.com\/pt-pt\/","logo":{"@type":"ImageObject","inLanguage":"pt-PT","@id":"https:\/\/www.csj-emballages.com\/pt-pt\/#\/schema\/logo\/image\/","url":"https:\/\/www.csj-emballages.com\/wp-content\/uploads\/2023\/10\/logo_csj.webp","contentUrl":"https:\/\/www.csj-emballages.com\/wp-content\/uploads\/2023\/10\/logo_csj.webp","width":250,"height":95,"caption":"CSJ Emballages"},"image":{"@id":"https:\/\/www.csj-emballages.com\/pt-pt\/#\/schema\/logo\/image\/"},"sameAs":["https:\/\/www.facebook.com\/csjemballages"],"address":{"@type":"PostalAddress","streetAddress":"ZI La Lechere","addressLocality":"Patornay","postalCode":"39130","addressCountry":"FR"},"contactPoint":[{"@type":"ContactPoint","contactType":"Service client","telephone":"0384254272","email":"contact@csj-emballages.com"}]}]}},"df_price":60.8,"df_sale_price":"","df_regular_price":60.8,"df_image_link":"https:\/\/www.csj-emballages.com\/wp-content\/uploads\/2025\/03\/pochette-fromagerie-300x300.webp","tiered_pricing_type":"fixed","tiered_pricing_fixed_rules":[],"tiered_pricing_percentage_rules":[],"tiered_pricing_minimum":1,"tiered_pricing_roles_data":[],"_links":{"self":[{"href":"https:\/\/www.csj-emballages.com\/pt-pt\/wp-json\/wp\/v2\/product\/226948","targetHints":{"allow":["GET"]}}],"collection":[{"href":"https:\/\/www.csj-emballages.com\/pt-pt\/wp-json\/wp\/v2\/product"}],"about":[{"href":"https:\/\/www.csj-emballages.com\/pt-pt\/wp-json\/wp\/v2\/types\/product"}],"wp:featuredmedia":[{"embeddable":true,"href":"https:\/\/www.csj-emballages.com\/pt-pt\/wp-json\/wp\/v2\/media\/227217"}],"wp:attachment":[{"href":"https:\/\/www.csj-emballages.com\/pt-pt\/wp-json\/wp\/v2\/media?parent=226948"}],"wp:term":[{"taxonomy":"product_brand","embeddable":true,"href":"https:\/\/www.csj-emballages.com\/pt-pt\/wp-json\/wp\/v2\/product_brand?post=226948"},{"taxonomy":"product_cat","embeddable":true,"href":"https:\/\/www.csj-emballages.com\/pt-pt\/wp-json\/wp\/v2\/product_cat?post=226948"},{"taxonomy":"product_tag","embeddable":true,"href":"https:\/\/www.csj-emballages.com\/pt-pt\/wp-json\/wp\/v2\/product_tag?post=226948"}],"curies":[{"name":"wp","href":"https:\/\/api.w.org\/{rel}","templated":true}]}}