{"id":22692,"date":"2024-03-01T16:50:26","date_gmt":"2024-03-01T15:50:26","guid":{"rendered":"https:\/\/u15jnbdpoq.preview.infomaniak.website\/produit\/100-bolsos-para-panquecas-em-cartao-kraft-rasgado\/"},"modified":"2026-04-21T02:15:40","modified_gmt":"2026-04-21T00:15:40","slug":"100-bolsos-para-panquecas-em-cartao-kraft-rasgado","status":"publish","type":"product","link":"https:\/\/www.csj-emballages.com\/pt-pt\/produit\/100-bolsos-para-panquecas-em-cartao-kraft-rasgado\/","title":{"rendered":"Bolsa de crepe de cart\u00e3o destac\u00e1vel, 100 unidades."},"content":{"rendered":"<h2>Bolsa de crepe<\/h2>\n<hr>\n<h3>Descri\u00e7\u00e3o da nossa bolsa de crepe de cart\u00e3o kraft destac\u00e1vel, embalagem de 100<\/h3>\n<p><!--more--><\/p>\n<p data-start=\"217\" data-end=\"673\">Aqui est\u00e1 a <strong>bolsa<\/strong> perfeita para servir <strong>crepes<\/strong> takeaway sem qualquer confus\u00e3o. Esta <g id=\"gid_2\">bolsa para crepes em cart\u00e3o destac\u00e1vel<\/g> foi concebida para tornar o servi\u00e7o de crepes mais f\u00e1cil, mais limpo e, acima de tudo, mais agrad\u00e1vel. Assim que o segurar na m\u00e3o, ver\u00e1 que foi concebido para seguir o gesto natural do cliente: segurar o crepe, dar algumas dentadas e depois rasgar apenas o suficiente para continuar a comer confortavelmente.  <\/p>\n<p data-start=\"675\" data-end=\"980\">Gra\u00e7as \u00e0s suas <strong data-start=\"687\" data-end=\"711\">linhas pr\u00e9-cortadas<\/strong>, a <strong>bolsa<\/strong> abre-se de forma limpa, sem se desfiar e sem o risco de o crepe cair. O cliente tem sempre uma boa ader\u00eancia, o que \u00e9 ideal para bancas, mercados, creperias m\u00f3veis ou festas de aldeia onde as pessoas comem frequentemente enquanto caminham. <\/p>\n<p data-start=\"982\" data-end=\"1347\">O seu <strong data-start=\"995\" data-end=\"1011\">cart\u00e3o kraft<\/strong> confere-lhe um aspeto aut\u00eantico que est\u00e1 muito em voga no mundo da comida de rua. Confere-lhe um toque natural e caloroso que valoriza automaticamente as suas prepara\u00e7\u00f5es, quer sejam doces ou salgadas. E como a <strong>cartolina<\/strong> \u00e9 suficientemente r\u00edgida, evita acidentes: o crepe mant\u00e9m-se firme no seu lugar, mesmo com um recheio generoso.  <\/p>\n<p data-start=\"1349\" data-end=\"1553\">Da mesma forma, o formato de <strong data-start=\"1368\" data-end=\"1379\">100 embalagens<\/strong> permite-lhe ter sempre o suficiente para manter um bom ritmo de servi\u00e7o sem interrup\u00e7\u00f5es. \u00c9 pr\u00e1tico, econ\u00f3mico e, acima de tudo, muito apreciado quando h\u00e1 pressa. <\/p>\n<p data-start=\"1555\" data-end=\"1787\">Em suma, esta <strong>bolsa para crepes<\/strong> n\u00e3o \u00e9 apenas uma embalagem: melhora a experi\u00eancia do cliente, tornando a experi\u00eancia de degusta\u00e7\u00e3o perfeita do in\u00edcio ao fim. Combina simplicidade, efici\u00eancia e conforto, ao mesmo tempo que d\u00e1 a conhecer a sua experi\u00eancia. <\/p>\n<p data-start=\"1555\" data-end=\"1787\">\n<p data-start=\"1013\" data-end=\"1189\"><!--more--><\/p>\n<p data-start=\"1013\" data-end=\"1189\"><strong>Vantagens :  <\/strong><\/p>\n<ul>\n<li data-start=\"1815\" data-end=\"1858\"><strong>Pr\u00e9-cortes<\/strong> limpos e f\u00e1ceis de rasgar<\/li>\n<li data-start=\"1861\" data-end=\"1905\">Boa ader\u00eancia durante a degusta\u00e7\u00e3o<\/li>\n<li data-start=\"1908\" data-end=\"1943\"><strong>Cart\u00e3o kraft<\/strong> r\u00edgido e atrativo<\/li>\n<li data-start=\"1946\" data-end=\"1975\">Ideal para vendas m\u00f3veis<\/li>\n<li data-start=\"1978\" data-end=\"2009\">Embalagem pr\u00e1tica de <strong>100 bolsas<\/strong>.<\/li>\n<\/ul>\n<p>&nbsp;<\/p>\n<p data-start=\"1013\" data-end=\"1189\"><!--more--><\/p>\n<h4>Outras informa\u00e7\u00f5es :<\/h4>\n<ul>\n<li><strong>Embalagem<\/strong>: Pacote de 100<\/li>\n<li><strong>Dimens\u00f5es<\/strong>: 170 x 220 x 100 (C x L x A em mm)<\/li>\n<li><strong>Cor<\/strong>: castanho<\/li>\n<li><strong>Material<\/strong>: Cart\u00e3o<\/li>\n<\/ul>\n<p>&nbsp;<\/p>\n<p><!--more--><\/p>\n<p><a href=\"https:\/\/www.csj-emballages.com\/pt-pt\/categorie-produit\/embalagem-de-alimentos\/restauracao\/caixas-tabuleiros-bolsas-cones\/batatas-fritas-panquecas-tacos-wraps\/\">Ver o resto da nossa gama de bolsas para batatas fritas \/ panquecas \/ tacos \/ wraps<\/a><\/p>\n","protected":false},"excerpt":{"rendered":"<p>Bolsa de crepe Descri\u00e7\u00e3o da nossa bolsa de crepe de cart\u00e3o kraft destac\u00e1vel, embalagem de 100<\/p>\n","protected":false},"featured_media":230490,"template":"","meta":{"_acf_changed":false},"product_brand":[],"product_cat":[1141,1138,3088],"product_tag":[],"class_list":{"0":"post-22692","1":"product","2":"type-product","3":"status-publish","4":"has-post-thumbnail","6":"product_cat-embalagem-de-alimentos","7":"product_cat-restauracao","8":"product_cat-batatas-fritas-panquecas-tacos-wraps","10":"first","11":"instock","12":"taxable","13":"shipping-taxable","14":"purchasable","15":"product-type-simple"},"acf":[],"yoast_head":"<!-- This site is optimized with the Yoast SEO Premium plugin v26.6 (Yoast SEO v26.6) - https:\/\/yoast.com\/wordpress\/plugins\/seo\/ -->\n<title>Bolsa rasg\u00e1vel de crepe 100 por caixa<\/title>\n<meta name=\"description\" content=\"Descubra a nossa bolsa para crepes em cart\u00e3o kraft com uma tira de rasgar (100 por bolsa) - pr\u00e1tica, higi\u00e9nica e ideal para as vendas de takeaway.\" \/>\n<meta name=\"robots\" content=\"index, follow, max-snippet:-1, max-image-preview:large, max-video-preview:-1\" \/>\n<link rel=\"canonical\" href=\"https:\/\/www.csj-emballages.com\/pt-pt\/produit\/100-bolsos-para-panquecas-em-cartao-kraft-rasgado\/\" \/>\n<meta property=\"og:locale\" content=\"pt_PT\" \/>\n<meta property=\"og:type\" content=\"article\" \/>\n<meta property=\"og:title\" content=\"Bolsa de crepe de cart\u00e3o destac\u00e1vel, 100 unidades.\" \/>\n<meta property=\"og:description\" content=\"Descubra a nossa bolsa para crepes em cart\u00e3o kraft com uma tira de rasgar (100 por bolsa) - pr\u00e1tica, higi\u00e9nica e ideal para as vendas de takeaway.\" \/>\n<meta property=\"og:url\" content=\"https:\/\/www.csj-emballages.com\/pt-pt\/produit\/100-bolsos-para-panquecas-em-cartao-kraft-rasgado\/\" \/>\n<meta property=\"og:site_name\" content=\"CSJ Emballages\" \/>\n<meta property=\"article:publisher\" content=\"https:\/\/www.facebook.com\/csjemballages\" \/>\n<meta property=\"article:modified_time\" content=\"2026-04-21T00:15:40+00:00\" \/>\n<meta property=\"og:image\" content=\"https:\/\/www.csj-emballages.com\/wp-content\/uploads\/2024\/03\/POCCREP-png.webp\" \/>\n\t<meta property=\"og:image:width\" content=\"800\" \/>\n\t<meta property=\"og:image:height\" content=\"800\" \/>\n\t<meta property=\"og:image:type\" content=\"image\/png\" \/>\n<meta name=\"twitter:card\" content=\"summary_large_image\" \/>\n<meta name=\"twitter:label1\" content=\"Tempo estimado de leitura\" \/>\n\t<meta name=\"twitter:data1\" content=\"2 minutos\" \/>\n<script type=\"application\/ld+json\" class=\"yoast-schema-graph\">{\"@context\":\"https:\/\/schema.org\",\"@graph\":[{\"@type\":\"WebPage\",\"@id\":\"https:\/\/www.csj-emballages.com\/pt-pt\/produit\/100-bolsos-para-panquecas-em-cartao-kraft-rasgado\/\",\"url\":\"https:\/\/www.csj-emballages.com\/pt-pt\/produit\/100-bolsos-para-panquecas-em-cartao-kraft-rasgado\/\",\"name\":\"Bolsa rasg\u00e1vel de crepe 100 por caixa\",\"isPartOf\":{\"@id\":\"https:\/\/www.csj-emballages.com\/pt-pt\/#website\"},\"primaryImageOfPage\":{\"@id\":\"https:\/\/www.csj-emballages.com\/pt-pt\/produit\/100-bolsos-para-panquecas-em-cartao-kraft-rasgado\/#primaryimage\"},\"image\":{\"@id\":\"https:\/\/www.csj-emballages.com\/pt-pt\/produit\/100-bolsos-para-panquecas-em-cartao-kraft-rasgado\/#primaryimage\"},\"thumbnailUrl\":\"https:\/\/www.csj-emballages.com\/wp-content\/uploads\/2024\/03\/POCCREP-png.webp\",\"datePublished\":\"2024-03-01T15:50:26+00:00\",\"dateModified\":\"2026-04-21T00:15:40+00:00\",\"description\":\"Descubra a nossa bolsa para crepes em cart\u00e3o kraft com uma tira de rasgar (100 por bolsa) - pr\u00e1tica, higi\u00e9nica e ideal para as vendas de takeaway.\",\"breadcrumb\":{\"@id\":\"https:\/\/www.csj-emballages.com\/pt-pt\/produit\/100-bolsos-para-panquecas-em-cartao-kraft-rasgado\/#breadcrumb\"},\"inLanguage\":\"pt-PT\",\"potentialAction\":[{\"@type\":\"ReadAction\",\"target\":[\"https:\/\/www.csj-emballages.com\/pt-pt\/produit\/100-bolsos-para-panquecas-em-cartao-kraft-rasgado\/\"]}]},{\"@type\":\"ImageObject\",\"inLanguage\":\"pt-PT\",\"@id\":\"https:\/\/www.csj-emballages.com\/pt-pt\/produit\/100-bolsos-para-panquecas-em-cartao-kraft-rasgado\/#primaryimage\",\"url\":\"https:\/\/www.csj-emballages.com\/wp-content\/uploads\/2024\/03\/POCCREP-png.webp\",\"contentUrl\":\"https:\/\/www.csj-emballages.com\/wp-content\/uploads\/2024\/03\/POCCREP-png.webp\",\"width\":800,\"height\":800,\"caption\":\"Pochette cr\u00eape\"},{\"@type\":\"BreadcrumbList\",\"@id\":\"https:\/\/www.csj-emballages.com\/pt-pt\/produit\/100-bolsos-para-panquecas-em-cartao-kraft-rasgado\/#breadcrumb\",\"itemListElement\":[{\"@type\":\"ListItem\",\"position\":1,\"name\":\"Acolhimento\",\"item\":\"https:\/\/www.csj-emballages.com\/pt-pt\/universo-das-embalagens-alimentares\/\"},{\"@type\":\"ListItem\",\"position\":2,\"name\":\"Shop\",\"item\":\"https:\/\/www.csj-emballages.com\/shop\/\"},{\"@type\":\"ListItem\",\"position\":3,\"name\":\"Bolsa de crepe de cart\u00e3o destac\u00e1vel, 100 unidades.\"}]},{\"@type\":\"WebSite\",\"@id\":\"https:\/\/www.csj-emballages.com\/pt-pt\/#website\",\"url\":\"https:\/\/www.csj-emballages.com\/pt-pt\/\",\"name\":\"CSJ Emballages\",\"description\":\"\",\"publisher\":{\"@id\":\"https:\/\/www.csj-emballages.com\/pt-pt\/#organization\"},\"potentialAction\":[{\"@type\":\"SearchAction\",\"target\":{\"@type\":\"EntryPoint\",\"urlTemplate\":\"https:\/\/www.csj-emballages.com\/pt-pt\/?s={search_term_string}\"},\"query-input\":{\"@type\":\"PropertyValueSpecification\",\"valueRequired\":true,\"valueName\":\"search_term_string\"}}],\"inLanguage\":\"pt-PT\"},{\"@type\":\"Organization\",\"@id\":\"https:\/\/www.csj-emballages.com\/pt-pt\/#Organization\/\",\"name\":\"CSJ Emballages\",\"url\":\"https:\/\/www.csj-emballages.com\/pt-pt\/\",\"logo\":{\"@type\":\"ImageObject\",\"inLanguage\":\"pt-PT\",\"@id\":\"https:\/\/www.csj-emballages.com\/pt-pt\/#\/schema\/logo\/image\/\",\"url\":\"https:\/\/www.csj-emballages.com\/wp-content\/uploads\/2023\/10\/logo_csj.webp\",\"contentUrl\":\"https:\/\/www.csj-emballages.com\/wp-content\/uploads\/2023\/10\/logo_csj.webp\",\"width\":250,\"height\":95,\"caption\":\"CSJ Emballages\"},\"image\":{\"@id\":\"https:\/\/www.csj-emballages.com\/pt-pt\/#\/schema\/logo\/image\/\"},\"sameAs\":[\"https:\/\/www.facebook.com\/csjemballages\"],\"address\":{\"@type\":\"PostalAddress\",\"streetAddress\":\"ZI La Lechere\",\"addressLocality\":\"Patornay\",\"postalCode\":\"39130\",\"addressCountry\":\"FR\"},\"contactPoint\":[{\"@type\":\"ContactPoint\",\"contactType\":\"Service client\",\"telephone\":\"0384254272\",\"email\":\"contact@csj-emballages.com\"}]}]}<\/script>\n<!-- \/ Yoast SEO Premium plugin. -->","yoast_head_json":{"title":"Bolsa rasg\u00e1vel de crepe 100 por caixa","description":"Descubra a nossa bolsa para crepes em cart\u00e3o kraft com uma tira de rasgar (100 por bolsa) - pr\u00e1tica, higi\u00e9nica e ideal para as vendas de takeaway.","robots":{"index":"index","follow":"follow","max-snippet":"max-snippet:-1","max-image-preview":"max-image-preview:large","max-video-preview":"max-video-preview:-1"},"canonical":"https:\/\/www.csj-emballages.com\/pt-pt\/produit\/100-bolsos-para-panquecas-em-cartao-kraft-rasgado\/","og_locale":"pt_PT","og_type":"article","og_title":"Bolsa de crepe de cart\u00e3o destac\u00e1vel, 100 unidades.","og_description":"Descubra a nossa bolsa para crepes em cart\u00e3o kraft com uma tira de rasgar (100 por bolsa) - pr\u00e1tica, higi\u00e9nica e ideal para as vendas de takeaway.","og_url":"https:\/\/www.csj-emballages.com\/pt-pt\/produit\/100-bolsos-para-panquecas-em-cartao-kraft-rasgado\/","og_site_name":"CSJ Emballages","article_publisher":"https:\/\/www.facebook.com\/csjemballages","article_modified_time":"2026-04-21T00:15:40+00:00","og_image":[{"width":800,"height":800,"url":"https:\/\/www.csj-emballages.com\/wp-content\/uploads\/2024\/03\/POCCREP-png.webp","type":"image\/png"}],"twitter_card":"summary_large_image","twitter_misc":{"Tempo estimado de leitura":"2 minutos"},"schema":{"@context":"https:\/\/schema.org","@graph":[{"@type":"WebPage","@id":"https:\/\/www.csj-emballages.com\/pt-pt\/produit\/100-bolsos-para-panquecas-em-cartao-kraft-rasgado\/","url":"https:\/\/www.csj-emballages.com\/pt-pt\/produit\/100-bolsos-para-panquecas-em-cartao-kraft-rasgado\/","name":"Bolsa rasg\u00e1vel de crepe 100 por caixa","isPartOf":{"@id":"https:\/\/www.csj-emballages.com\/pt-pt\/#website"},"primaryImageOfPage":{"@id":"https:\/\/www.csj-emballages.com\/pt-pt\/produit\/100-bolsos-para-panquecas-em-cartao-kraft-rasgado\/#primaryimage"},"image":{"@id":"https:\/\/www.csj-emballages.com\/pt-pt\/produit\/100-bolsos-para-panquecas-em-cartao-kraft-rasgado\/#primaryimage"},"thumbnailUrl":"https:\/\/www.csj-emballages.com\/wp-content\/uploads\/2024\/03\/POCCREP-png.webp","datePublished":"2024-03-01T15:50:26+00:00","dateModified":"2026-04-21T00:15:40+00:00","description":"Descubra a nossa bolsa para crepes em cart\u00e3o kraft com uma tira de rasgar (100 por bolsa) - pr\u00e1tica, higi\u00e9nica e ideal para as vendas de takeaway.","breadcrumb":{"@id":"https:\/\/www.csj-emballages.com\/pt-pt\/produit\/100-bolsos-para-panquecas-em-cartao-kraft-rasgado\/#breadcrumb"},"inLanguage":"pt-PT","potentialAction":[{"@type":"ReadAction","target":["https:\/\/www.csj-emballages.com\/pt-pt\/produit\/100-bolsos-para-panquecas-em-cartao-kraft-rasgado\/"]}]},{"@type":"ImageObject","inLanguage":"pt-PT","@id":"https:\/\/www.csj-emballages.com\/pt-pt\/produit\/100-bolsos-para-panquecas-em-cartao-kraft-rasgado\/#primaryimage","url":"https:\/\/www.csj-emballages.com\/wp-content\/uploads\/2024\/03\/POCCREP-png.webp","contentUrl":"https:\/\/www.csj-emballages.com\/wp-content\/uploads\/2024\/03\/POCCREP-png.webp","width":800,"height":800,"caption":"Pochette cr\u00eape"},{"@type":"BreadcrumbList","@id":"https:\/\/www.csj-emballages.com\/pt-pt\/produit\/100-bolsos-para-panquecas-em-cartao-kraft-rasgado\/#breadcrumb","itemListElement":[{"@type":"ListItem","position":1,"name":"Acolhimento","item":"https:\/\/www.csj-emballages.com\/pt-pt\/universo-das-embalagens-alimentares\/"},{"@type":"ListItem","position":2,"name":"Shop","item":"https:\/\/www.csj-emballages.com\/shop\/"},{"@type":"ListItem","position":3,"name":"Bolsa de crepe de cart\u00e3o destac\u00e1vel, 100 unidades."}]},{"@type":"WebSite","@id":"https:\/\/www.csj-emballages.com\/pt-pt\/#website","url":"https:\/\/www.csj-emballages.com\/pt-pt\/","name":"CSJ Emballages","description":"","publisher":{"@id":"https:\/\/www.csj-emballages.com\/pt-pt\/#organization"},"potentialAction":[{"@type":"SearchAction","target":{"@type":"EntryPoint","urlTemplate":"https:\/\/www.csj-emballages.com\/pt-pt\/?s={search_term_string}"},"query-input":{"@type":"PropertyValueSpecification","valueRequired":true,"valueName":"search_term_string"}}],"inLanguage":"pt-PT"},{"@type":"Organization","@id":"https:\/\/www.csj-emballages.com\/pt-pt\/#Organization\/","name":"CSJ Emballages","url":"https:\/\/www.csj-emballages.com\/pt-pt\/","logo":{"@type":"ImageObject","inLanguage":"pt-PT","@id":"https:\/\/www.csj-emballages.com\/pt-pt\/#\/schema\/logo\/image\/","url":"https:\/\/www.csj-emballages.com\/wp-content\/uploads\/2023\/10\/logo_csj.webp","contentUrl":"https:\/\/www.csj-emballages.com\/wp-content\/uploads\/2023\/10\/logo_csj.webp","width":250,"height":95,"caption":"CSJ Emballages"},"image":{"@id":"https:\/\/www.csj-emballages.com\/pt-pt\/#\/schema\/logo\/image\/"},"sameAs":["https:\/\/www.facebook.com\/csjemballages"],"address":{"@type":"PostalAddress","streetAddress":"ZI La Lechere","addressLocality":"Patornay","postalCode":"39130","addressCountry":"FR"},"contactPoint":[{"@type":"ContactPoint","contactType":"Service client","telephone":"0384254272","email":"contact@csj-emballages.com"}]}]}},"df_price":20.56,"df_sale_price":"","df_regular_price":20.56,"df_image_link":"https:\/\/www.csj-emballages.com\/wp-content\/uploads\/2024\/03\/POCCREP-300x300.webp","tiered_pricing_type":"fixed","tiered_pricing_fixed_rules":[],"tiered_pricing_percentage_rules":[],"tiered_pricing_minimum":1,"tiered_pricing_roles_data":[],"_links":{"self":[{"href":"https:\/\/www.csj-emballages.com\/pt-pt\/wp-json\/wp\/v2\/product\/22692","targetHints":{"allow":["GET"]}}],"collection":[{"href":"https:\/\/www.csj-emballages.com\/pt-pt\/wp-json\/wp\/v2\/product"}],"about":[{"href":"https:\/\/www.csj-emballages.com\/pt-pt\/wp-json\/wp\/v2\/types\/product"}],"wp:featuredmedia":[{"embeddable":true,"href":"https:\/\/www.csj-emballages.com\/pt-pt\/wp-json\/wp\/v2\/media\/230490"}],"wp:attachment":[{"href":"https:\/\/www.csj-emballages.com\/pt-pt\/wp-json\/wp\/v2\/media?parent=22692"}],"wp:term":[{"taxonomy":"product_brand","embeddable":true,"href":"https:\/\/www.csj-emballages.com\/pt-pt\/wp-json\/wp\/v2\/product_brand?post=22692"},{"taxonomy":"product_cat","embeddable":true,"href":"https:\/\/www.csj-emballages.com\/pt-pt\/wp-json\/wp\/v2\/product_cat?post=22692"},{"taxonomy":"product_tag","embeddable":true,"href":"https:\/\/www.csj-emballages.com\/pt-pt\/wp-json\/wp\/v2\/product_tag?post=22692"}],"curies":[{"name":"wp","href":"https:\/\/api.w.org\/{rel}","templated":true}]}}