{"id":226896,"date":"2025-03-07T02:18:36","date_gmt":"2025-03-07T01:18:36","guid":{"rendered":"https:\/\/www.csj-emballages.com\/?post_type=product&#038;p=226896"},"modified":"2026-03-20T15:06:20","modified_gmt":"2026-03-20T14:06:20","slug":"bolsa-termica-branca-impressa-para-talhos-25-x-25-cm-por-1000","status":"publish","type":"product","link":"https:\/\/www.csj-emballages.com\/pt-pt\/produit\/bolsa-termica-branca-impressa-para-talhos-25-x-25-cm-por-1000\/","title":{"rendered":"Bolsa de talho t\u00e9rmica branca 25 x 25 cm por 1000"},"content":{"rendered":"<h2>Embalagem de carnes frias<\/h2>\n<hr>\n<h3>Descri\u00e7\u00e3o da nossa bolsa de talho t\u00e9rmica branca 25 x 25 cm por 1000<\/h3>\n<p><!--more--><\/p>\n<article class=\"text-token-text-primary w-full\" dir=\"auto\" data-testid=\"conversation-turn-16\" data-scroll-anchor=\"true\">\n<div class=\"text-base my-auto mx-auto py-5 px-6\">\n<div class=\"mx-auto flex flex-1 text-base gap-4 md:gap-5 lg:gap-6 md:max-w-3xl lg:max-w-[40rem] xl:max-w-[48rem] group\/turn-messages focus-visible:outline-hidden\" tabindex=\"-1\">\n<div class=\"group\/conversation-turn relative flex w-full min-w-0 flex-col agent-turn @xs\/thread:px-0 @sm\/thread:px-1.5 @md\/thread:px-4\">\n<div class=\"relative flex-col gap-1 md:gap-3\">\n<div class=\"flex max-w-full flex-col grow\">\n<div class=\"min-h-8 text-message relative flex w-full flex-col items-end gap-2 text-start break-words whitespace-normal [.text-message+&amp;]:mt-5\" dir=\"auto\" data-message-author-role=\"assistant\" data-message-id=\"d62e6ffa-4ea5-4026-a1a5-06f5f5719fdc\" data-message-model-slug=\"gpt-4o\">\n<div class=\"flex w-full flex-col gap-1 empty:hidden first:pt-[3px]\">\n<div class=\"markdown prose dark:prose-invert w-full break-words dark\">\n<p data-start=\"0\" data-end=\"659\">Esta <strong>bolsa de talho t\u00e9rmica branca<\/strong> \u00e9 a embalagem ideal para proteger e conservar as suas carnes e charcutaria em \u00f3ptimas condi\u00e7\u00f5es. Com o seu formato de <strong>25 x 25 cm<\/strong>, adapta-se perfeitamente \u00e0s por\u00e7\u00f5es padr\u00e3o, facilitando o acondicionamento e assegurando uma apresenta\u00e7\u00e3o limpa e arrumada. A sua conce\u00e7\u00e3o <strong>termo-sel\u00e1vel<\/strong> proporciona um fecho herm\u00e9tico que impede que o ar e a humidade alterem a frescura dos alimentos, prolongando a conserva\u00e7\u00e3o sem comprometer a qualidade. O seu material robusto e resistente significa que pode ser manuseado sem risco de se rasgar, garantindo um transporte seguro e um armazenamento \u00f3timo.   <\/p>\n<p data-start=\"661\" data-end=\"1107\">Concebida para satisfazer as necessidades de <strong>talhos<\/strong>, <strong>charcutarias<\/strong> e <strong>fornecedores de refei\u00e7\u00f5es<\/strong>, esta <strong>bolsa auto-adesiva para talhos<\/strong> proporciona uma barreira eficaz contra contaminantes externos, cumprindo simultaneamente as mais rigorosas normas de higiene. O seu aspeto branco e elegante destaca os produtos, refor\u00e7ando a imagem de qualidade e profissionalismo da sua empresa. <\/p>\n<p data-start=\"661\" data-end=\"1107\"><!--more--><\/p>\n<p data-start=\"661\" data-end=\"1107\">F\u00e1cil de utilizar, optimiza o tempo de prepara\u00e7\u00e3o e simplifica a organiza\u00e7\u00e3o no laborat\u00f3rio ou na loja. Ideal para a venda em take-away, para a conserva\u00e7\u00e3o em frio ou para a exposi\u00e7\u00e3o em montras, garante uma embalagem fi\u00e1vel e pr\u00e1tica que responde \u00e0s necessidades dos profissionais e dos consumidores. A sua estrutura <strong>t\u00e9rmica<\/strong> torna-a mais resistente \u00e0s varia\u00e7\u00f5es de temperatura, evitando a condensa\u00e7\u00e3o e a deteriora\u00e7\u00e3o do produto. Com esta <strong>bolsa de talho<\/strong>, pode oferecer aos seus clientes uma solu\u00e7\u00e3o de embalagem que alia praticidade, higiene e est\u00e9tica, para uma experi\u00eancia de compra \u00e0 altura das suas expectativas.   <\/p>\n<\/div>\n<\/div>\n<\/div>\n<\/div>\n<\/div>\n<\/div>\n<\/div>\n<\/div>\n<\/article>\n<div class=\"pointer-events-none h-px w-px\" aria-hidden=\"true\" data-edge=\"true\"><\/div>\n<p data-start=\"108\" data-end=\"487\"><!--more--><\/p>\n<h4>As suas vantagens:<\/h4>\n<ul>\n<li data-start=\"749\" data-end=\"840\"><strong data-start=\"751\" data-end=\"774\">Prote\u00e7\u00e3o \u00f3ptima<\/strong>: Mant\u00e9m a carne fresca e evita que seque.<\/li>\n<li data-start=\"926\" data-end=\"1017\"><strong data-start=\"928\" data-end=\"947\">Tamanho pr\u00e1tico<\/strong>: 25 x 25 cm, ideal para uma variedade de carnes e carnes frias.<\/li>\n<li data-start=\"1018\" data-end=\"1109\"><strong data-start=\"1020\" data-end=\"1043\">Utiliza\u00e7\u00e3o profissional<\/strong>: Adequado para talhantes, fornecedores de refei\u00e7\u00f5es e lojas de produtos alimentares.<\/li>\n<li data-start=\"1110\" data-end=\"1215\"><strong data-start=\"1112\" data-end=\"1137\">Econ\u00f3mica e pr\u00e1tica<\/strong>: embalagem de 1000 unidades, perfeita para utiliza\u00e7\u00e3o di\u00e1ria em grandes quantidades.<\/li>\n<li><strong>2 possibilidades de fecho<\/strong>: Com fita adesiva integrada ou por termosselagem<\/li>\n<\/ul>\n<p>&nbsp;<\/p>\n<p><!--more--><\/p>\n<h4>Outras informa\u00e7\u00f5es :<\/h4>\n<ul>\n<li><strong>Embalagem<\/strong>: Caixa de 1000<\/li>\n<li><strong>Dimens\u00f5es<\/strong>: 25 x 25 cm<\/li>\n<li><strong>Material<\/strong>: Papel<\/li>\n<li><strong>Cor<\/strong>: Branco \/ Bordeau<\/li>\n<\/ul>\n<p>&nbsp;<\/p>\n<p><!--more--><\/p>\n<p>Este produto est\u00e1 dispon\u00edvel em v\u00e1rios tamanhos: <span style=\"color: #d12727;\"><a style=\"color: #d12727;\" href=\"https:\/\/www.csj-emballages.com\/es\/produit\/bolsa-termica-blanca-impresa-de-carnicero-25-x-166-cm-por-1000\/\">25 x 16,6 cm<\/a><\/span> \/ <span style=\"color: #d12727;\"><a style=\"color: #d12727;\" href=\"https:\/\/www.csj-emballages.com\/es\/produit\/bolsa-termica-blanca-impresa-de-carnicero-25-x-33-cm-por-500\/\">25 x 33 cm<\/a><\/span><\/p>\n<p>&nbsp;<\/p>\n<p><!--more--><\/p>\n<p><a href=\"https:\/\/www.csj-emballages.com\/pt-pt\/categorie-produit\/embalagem-de-alimentos\/talho-e-charcutaria\/papel-para-alimentos\/bolsas-adesivas\/\">Ver o resto da nossa gama de bolsas autocolantes<\/a><\/p>\n","protected":false},"excerpt":{"rendered":"<p>Embalagem de carnes frias Descri\u00e7\u00e3o da nossa bolsa de talho t\u00e9rmica branca 25 x 25 cm por 1000<\/p>\n","protected":false},"featured_media":227239,"template":"","meta":{"_acf_changed":false},"product_brand":[],"product_cat":[1141,1176,2576,9261],"product_tag":[],"class_list":{"0":"post-226896","1":"product","2":"type-product","3":"status-publish","4":"has-post-thumbnail","6":"product_cat-embalagem-de-alimentos","7":"product_cat-talho-e-charcutaria","8":"product_cat-papel-para-alimentos","9":"product_cat-bolsas-adesivas","11":"first","12":"instock","13":"taxable","14":"shipping-taxable","15":"purchasable","16":"product-type-simple"},"acf":[],"yoast_head":"<!-- This site is optimized with the Yoast SEO Premium plugin v26.6 (Yoast SEO v26.6) - https:\/\/yoast.com\/wordpress\/plugins\/seo\/ -->\n<title>Bolsa de talho t\u00e9rmica branca 25 x 25 cm por 1000<\/title>\n<meta name=\"description\" content=\"Descubra a bolsa de talho t\u00e9rmica branca 25 x 25 cm. Ideal para os talhantes e para a restaura\u00e7\u00e3o, garante frescura, prote\u00e7\u00e3o e higiene.\" \/>\n<meta name=\"robots\" content=\"index, follow, max-snippet:-1, max-image-preview:large, max-video-preview:-1\" \/>\n<link rel=\"canonical\" href=\"https:\/\/www.csj-emballages.com\/pt-pt\/produit\/bolsa-termica-branca-impressa-para-talhos-25-x-25-cm-por-1000\/\" \/>\n<meta property=\"og:locale\" content=\"pt_PT\" \/>\n<meta property=\"og:type\" content=\"article\" \/>\n<meta property=\"og:title\" content=\"Bolsa de talho t\u00e9rmica branca 25 x 25 cm por 1000\" \/>\n<meta property=\"og:description\" content=\"Descubra a bolsa de talho t\u00e9rmica branca 25 x 25 cm. Ideal para os talhantes e para a restaura\u00e7\u00e3o, garante frescura, prote\u00e7\u00e3o e higiene.\" \/>\n<meta property=\"og:url\" content=\"https:\/\/www.csj-emballages.com\/pt-pt\/produit\/bolsa-termica-branca-impressa-para-talhos-25-x-25-cm-por-1000\/\" \/>\n<meta property=\"og:site_name\" content=\"CSJ Emballages\" \/>\n<meta property=\"article:publisher\" content=\"https:\/\/www.facebook.com\/csjemballages\" \/>\n<meta property=\"article:modified_time\" content=\"2026-03-20T14:06:20+00:00\" \/>\n<meta property=\"og:image\" content=\"https:\/\/www.csj-emballages.com\/wp-content\/uploads\/2025\/03\/pochette-boucherie.webp\" \/>\n\t<meta property=\"og:image:width\" content=\"800\" \/>\n\t<meta property=\"og:image:height\" content=\"800\" \/>\n\t<meta property=\"og:image:type\" content=\"image\/webp\" \/>\n<meta name=\"twitter:card\" content=\"summary_large_image\" \/>\n<meta name=\"twitter:label1\" content=\"Tempo estimado de leitura\" \/>\n\t<meta name=\"twitter:data1\" content=\"2 minutos\" \/>\n<script type=\"application\/ld+json\" class=\"yoast-schema-graph\">{\"@context\":\"https:\/\/schema.org\",\"@graph\":[{\"@type\":\"WebPage\",\"@id\":\"https:\/\/www.csj-emballages.com\/pt-pt\/produit\/bolsa-termica-branca-impressa-para-talhos-25-x-25-cm-por-1000\/\",\"url\":\"https:\/\/www.csj-emballages.com\/pt-pt\/produit\/bolsa-termica-branca-impressa-para-talhos-25-x-25-cm-por-1000\/\",\"name\":\"Bolsa de talho t\u00e9rmica branca 25 x 25 cm por 1000\",\"isPartOf\":{\"@id\":\"https:\/\/www.csj-emballages.com\/pt-pt\/#website\"},\"primaryImageOfPage\":{\"@id\":\"https:\/\/www.csj-emballages.com\/pt-pt\/produit\/bolsa-termica-branca-impressa-para-talhos-25-x-25-cm-por-1000\/#primaryimage\"},\"image\":{\"@id\":\"https:\/\/www.csj-emballages.com\/pt-pt\/produit\/bolsa-termica-branca-impressa-para-talhos-25-x-25-cm-por-1000\/#primaryimage\"},\"thumbnailUrl\":\"https:\/\/www.csj-emballages.com\/wp-content\/uploads\/2025\/03\/pochette-boucherie.webp\",\"datePublished\":\"2025-03-07T01:18:36+00:00\",\"dateModified\":\"2026-03-20T14:06:20+00:00\",\"description\":\"Descubra a bolsa de talho t\u00e9rmica branca 25 x 25 cm. Ideal para os talhantes e para a restaura\u00e7\u00e3o, garante frescura, prote\u00e7\u00e3o e higiene.\",\"breadcrumb\":{\"@id\":\"https:\/\/www.csj-emballages.com\/pt-pt\/produit\/bolsa-termica-branca-impressa-para-talhos-25-x-25-cm-por-1000\/#breadcrumb\"},\"inLanguage\":\"pt-PT\",\"potentialAction\":[{\"@type\":\"ReadAction\",\"target\":[\"https:\/\/www.csj-emballages.com\/pt-pt\/produit\/bolsa-termica-branca-impressa-para-talhos-25-x-25-cm-por-1000\/\"]}]},{\"@type\":\"ImageObject\",\"inLanguage\":\"pt-PT\",\"@id\":\"https:\/\/www.csj-emballages.com\/pt-pt\/produit\/bolsa-termica-branca-impressa-para-talhos-25-x-25-cm-por-1000\/#primaryimage\",\"url\":\"https:\/\/www.csj-emballages.com\/wp-content\/uploads\/2025\/03\/pochette-boucherie.webp\",\"contentUrl\":\"https:\/\/www.csj-emballages.com\/wp-content\/uploads\/2025\/03\/pochette-boucherie.webp\",\"width\":800,\"height\":800,\"caption\":\"pochette boucherie\"},{\"@type\":\"BreadcrumbList\",\"@id\":\"https:\/\/www.csj-emballages.com\/pt-pt\/produit\/bolsa-termica-branca-impressa-para-talhos-25-x-25-cm-por-1000\/#breadcrumb\",\"itemListElement\":[{\"@type\":\"ListItem\",\"position\":1,\"name\":\"Acolhimento\",\"item\":\"https:\/\/www.csj-emballages.com\/pt-pt\/universo-das-embalagens-alimentares\/\"},{\"@type\":\"ListItem\",\"position\":2,\"name\":\"Shop\",\"item\":\"https:\/\/www.csj-emballages.com\/shop\/\"},{\"@type\":\"ListItem\",\"position\":3,\"name\":\"Bolsa de talho t\u00e9rmica branca 25 x 25 cm por 1000\"}]},{\"@type\":\"WebSite\",\"@id\":\"https:\/\/www.csj-emballages.com\/pt-pt\/#website\",\"url\":\"https:\/\/www.csj-emballages.com\/pt-pt\/\",\"name\":\"CSJ Emballages\",\"description\":\"\",\"publisher\":{\"@id\":\"https:\/\/www.csj-emballages.com\/pt-pt\/#organization\"},\"potentialAction\":[{\"@type\":\"SearchAction\",\"target\":{\"@type\":\"EntryPoint\",\"urlTemplate\":\"https:\/\/www.csj-emballages.com\/pt-pt\/?s={search_term_string}\"},\"query-input\":{\"@type\":\"PropertyValueSpecification\",\"valueRequired\":true,\"valueName\":\"search_term_string\"}}],\"inLanguage\":\"pt-PT\"},{\"@type\":\"Organization\",\"@id\":\"https:\/\/www.csj-emballages.com\/pt-pt\/#Organization\/\",\"name\":\"CSJ Emballages\",\"url\":\"https:\/\/www.csj-emballages.com\/pt-pt\/\",\"logo\":{\"@type\":\"ImageObject\",\"inLanguage\":\"pt-PT\",\"@id\":\"https:\/\/www.csj-emballages.com\/pt-pt\/#\/schema\/logo\/image\/\",\"url\":\"https:\/\/www.csj-emballages.com\/wp-content\/uploads\/2023\/10\/logo_csj.webp\",\"contentUrl\":\"https:\/\/www.csj-emballages.com\/wp-content\/uploads\/2023\/10\/logo_csj.webp\",\"width\":250,\"height\":95,\"caption\":\"CSJ Emballages\"},\"image\":{\"@id\":\"https:\/\/www.csj-emballages.com\/pt-pt\/#\/schema\/logo\/image\/\"},\"sameAs\":[\"https:\/\/www.facebook.com\/csjemballages\"],\"address\":{\"@type\":\"PostalAddress\",\"streetAddress\":\"ZI La Lechere\",\"addressLocality\":\"Patornay\",\"postalCode\":\"39130\",\"addressCountry\":\"FR\"},\"contactPoint\":[{\"@type\":\"ContactPoint\",\"contactType\":\"Service client\",\"telephone\":\"0384254272\",\"email\":\"contact@csj-emballages.com\"}]}]}<\/script>\n<!-- \/ Yoast SEO Premium plugin. -->","yoast_head_json":{"title":"Bolsa de talho t\u00e9rmica branca 25 x 25 cm por 1000","description":"Descubra a bolsa de talho t\u00e9rmica branca 25 x 25 cm. Ideal para os talhantes e para a restaura\u00e7\u00e3o, garante frescura, prote\u00e7\u00e3o e higiene.","robots":{"index":"index","follow":"follow","max-snippet":"max-snippet:-1","max-image-preview":"max-image-preview:large","max-video-preview":"max-video-preview:-1"},"canonical":"https:\/\/www.csj-emballages.com\/pt-pt\/produit\/bolsa-termica-branca-impressa-para-talhos-25-x-25-cm-por-1000\/","og_locale":"pt_PT","og_type":"article","og_title":"Bolsa de talho t\u00e9rmica branca 25 x 25 cm por 1000","og_description":"Descubra a bolsa de talho t\u00e9rmica branca 25 x 25 cm. Ideal para os talhantes e para a restaura\u00e7\u00e3o, garante frescura, prote\u00e7\u00e3o e higiene.","og_url":"https:\/\/www.csj-emballages.com\/pt-pt\/produit\/bolsa-termica-branca-impressa-para-talhos-25-x-25-cm-por-1000\/","og_site_name":"CSJ Emballages","article_publisher":"https:\/\/www.facebook.com\/csjemballages","article_modified_time":"2026-03-20T14:06:20+00:00","og_image":[{"width":800,"height":800,"url":"https:\/\/www.csj-emballages.com\/wp-content\/uploads\/2025\/03\/pochette-boucherie.webp","type":"image\/webp"}],"twitter_card":"summary_large_image","twitter_misc":{"Tempo estimado de leitura":"2 minutos"},"schema":{"@context":"https:\/\/schema.org","@graph":[{"@type":"WebPage","@id":"https:\/\/www.csj-emballages.com\/pt-pt\/produit\/bolsa-termica-branca-impressa-para-talhos-25-x-25-cm-por-1000\/","url":"https:\/\/www.csj-emballages.com\/pt-pt\/produit\/bolsa-termica-branca-impressa-para-talhos-25-x-25-cm-por-1000\/","name":"Bolsa de talho t\u00e9rmica branca 25 x 25 cm por 1000","isPartOf":{"@id":"https:\/\/www.csj-emballages.com\/pt-pt\/#website"},"primaryImageOfPage":{"@id":"https:\/\/www.csj-emballages.com\/pt-pt\/produit\/bolsa-termica-branca-impressa-para-talhos-25-x-25-cm-por-1000\/#primaryimage"},"image":{"@id":"https:\/\/www.csj-emballages.com\/pt-pt\/produit\/bolsa-termica-branca-impressa-para-talhos-25-x-25-cm-por-1000\/#primaryimage"},"thumbnailUrl":"https:\/\/www.csj-emballages.com\/wp-content\/uploads\/2025\/03\/pochette-boucherie.webp","datePublished":"2025-03-07T01:18:36+00:00","dateModified":"2026-03-20T14:06:20+00:00","description":"Descubra a bolsa de talho t\u00e9rmica branca 25 x 25 cm. Ideal para os talhantes e para a restaura\u00e7\u00e3o, garante frescura, prote\u00e7\u00e3o e higiene.","breadcrumb":{"@id":"https:\/\/www.csj-emballages.com\/pt-pt\/produit\/bolsa-termica-branca-impressa-para-talhos-25-x-25-cm-por-1000\/#breadcrumb"},"inLanguage":"pt-PT","potentialAction":[{"@type":"ReadAction","target":["https:\/\/www.csj-emballages.com\/pt-pt\/produit\/bolsa-termica-branca-impressa-para-talhos-25-x-25-cm-por-1000\/"]}]},{"@type":"ImageObject","inLanguage":"pt-PT","@id":"https:\/\/www.csj-emballages.com\/pt-pt\/produit\/bolsa-termica-branca-impressa-para-talhos-25-x-25-cm-por-1000\/#primaryimage","url":"https:\/\/www.csj-emballages.com\/wp-content\/uploads\/2025\/03\/pochette-boucherie.webp","contentUrl":"https:\/\/www.csj-emballages.com\/wp-content\/uploads\/2025\/03\/pochette-boucherie.webp","width":800,"height":800,"caption":"pochette boucherie"},{"@type":"BreadcrumbList","@id":"https:\/\/www.csj-emballages.com\/pt-pt\/produit\/bolsa-termica-branca-impressa-para-talhos-25-x-25-cm-por-1000\/#breadcrumb","itemListElement":[{"@type":"ListItem","position":1,"name":"Acolhimento","item":"https:\/\/www.csj-emballages.com\/pt-pt\/universo-das-embalagens-alimentares\/"},{"@type":"ListItem","position":2,"name":"Shop","item":"https:\/\/www.csj-emballages.com\/shop\/"},{"@type":"ListItem","position":3,"name":"Bolsa de talho t\u00e9rmica branca 25 x 25 cm por 1000"}]},{"@type":"WebSite","@id":"https:\/\/www.csj-emballages.com\/pt-pt\/#website","url":"https:\/\/www.csj-emballages.com\/pt-pt\/","name":"CSJ Emballages","description":"","publisher":{"@id":"https:\/\/www.csj-emballages.com\/pt-pt\/#organization"},"potentialAction":[{"@type":"SearchAction","target":{"@type":"EntryPoint","urlTemplate":"https:\/\/www.csj-emballages.com\/pt-pt\/?s={search_term_string}"},"query-input":{"@type":"PropertyValueSpecification","valueRequired":true,"valueName":"search_term_string"}}],"inLanguage":"pt-PT"},{"@type":"Organization","@id":"https:\/\/www.csj-emballages.com\/pt-pt\/#Organization\/","name":"CSJ Emballages","url":"https:\/\/www.csj-emballages.com\/pt-pt\/","logo":{"@type":"ImageObject","inLanguage":"pt-PT","@id":"https:\/\/www.csj-emballages.com\/pt-pt\/#\/schema\/logo\/image\/","url":"https:\/\/www.csj-emballages.com\/wp-content\/uploads\/2023\/10\/logo_csj.webp","contentUrl":"https:\/\/www.csj-emballages.com\/wp-content\/uploads\/2023\/10\/logo_csj.webp","width":250,"height":95,"caption":"CSJ Emballages"},"image":{"@id":"https:\/\/www.csj-emballages.com\/pt-pt\/#\/schema\/logo\/image\/"},"sameAs":["https:\/\/www.facebook.com\/csjemballages"],"address":{"@type":"PostalAddress","streetAddress":"ZI La Lechere","addressLocality":"Patornay","postalCode":"39130","addressCountry":"FR"},"contactPoint":[{"@type":"ContactPoint","contactType":"Service client","telephone":"0384254272","email":"contact@csj-emballages.com"}]}]}},"df_price":75.91,"df_sale_price":"","df_regular_price":75.91,"df_image_link":"https:\/\/www.csj-emballages.com\/wp-content\/uploads\/2025\/03\/pochette-boucherie-300x300.webp","tiered_pricing_type":"fixed","tiered_pricing_fixed_rules":[],"tiered_pricing_percentage_rules":[],"tiered_pricing_minimum":1,"tiered_pricing_roles_data":[],"_links":{"self":[{"href":"https:\/\/www.csj-emballages.com\/pt-pt\/wp-json\/wp\/v2\/product\/226896","targetHints":{"allow":["GET"]}}],"collection":[{"href":"https:\/\/www.csj-emballages.com\/pt-pt\/wp-json\/wp\/v2\/product"}],"about":[{"href":"https:\/\/www.csj-emballages.com\/pt-pt\/wp-json\/wp\/v2\/types\/product"}],"wp:featuredmedia":[{"embeddable":true,"href":"https:\/\/www.csj-emballages.com\/pt-pt\/wp-json\/wp\/v2\/media\/227239"}],"wp:attachment":[{"href":"https:\/\/www.csj-emballages.com\/pt-pt\/wp-json\/wp\/v2\/media?parent=226896"}],"wp:term":[{"taxonomy":"product_brand","embeddable":true,"href":"https:\/\/www.csj-emballages.com\/pt-pt\/wp-json\/wp\/v2\/product_brand?post=226896"},{"taxonomy":"product_cat","embeddable":true,"href":"https:\/\/www.csj-emballages.com\/pt-pt\/wp-json\/wp\/v2\/product_cat?post=226896"},{"taxonomy":"product_tag","embeddable":true,"href":"https:\/\/www.csj-emballages.com\/pt-pt\/wp-json\/wp\/v2\/product_tag?post=226896"}],"curies":[{"name":"wp","href":"https:\/\/api.w.org\/{rel}","templated":true}]}}