{"id":226881,"date":"2025-03-07T02:18:28","date_gmt":"2025-03-07T01:18:28","guid":{"rendered":"https:\/\/www.csj-emballages.com\/?post_type=product&#038;p=226881"},"modified":"2026-04-28T02:17:41","modified_gmt":"2026-04-28T00:17:41","slug":"100-sacos-de-pasteleiro-descartaveis-quentes-ou-frios-27-x-50-cm","status":"publish","type":"product","link":"https:\/\/www.csj-emballages.com\/pt-pt\/produit\/100-sacos-de-pasteleiro-descartaveis-quentes-ou-frios-27-x-50-cm\/","title":{"rendered":"Saco de confeitar quente ou frio 27 x 50 cm por 100"},"content":{"rendered":"<h2>Saco de pasteleiro<\/h2>\n<hr>\n<h3>Descri\u00e7\u00e3o do nosso saco de pasteleiro para uso quente ou frio 27 x 50 cm por 100<\/h3>\n<p><!--more--><\/p>\n<p data-start=\"150\" data-end=\"473\">O <strong data-start=\"153\" data-end=\"198\">saco de pasteleiro de 27 x 50 cm<\/strong> por <strong>100<\/strong>, <strong data-start=\"153\" data-end=\"198\">para utiliza\u00e7\u00e3o a quente ou a frio<\/strong>, \u00e9 indispens\u00e1vel para todos os profissionais da restaura\u00e7\u00e3o e da pastelaria. Concebido para simplificar a sua rotina di\u00e1ria, combina praticidade, resist\u00eancia e higiene, tudo num formato generoso perfeitamente adaptado \u00e0s prepara\u00e7\u00f5es mais gourmet. <\/p>\n<p data-start=\"475\" data-end=\"809\">Antes de mais, a sua <strong data-start=\"492\" data-end=\"518\">superf\u00edcie antiderrapante<\/strong> proporciona-lhe uma excelente ader\u00eancia, mesmo durante longas sess\u00f5es de treino. Assim, ser\u00e1 sempre preciso e confort\u00e1vel, sem se preocupar com o facto de o saco escorregar entre os dedos. Al\u00e9m disso, gra\u00e7as ao seu <strong>interior liso<\/strong>, as suas prepara\u00e7\u00f5es fluem facilmente, para um resultado limpo e homog\u00e9neo.  <\/p>\n<p data-start=\"811\" data-end=\"1162\">Em segundo lugar, a <strong>transpar\u00eancia da bolsa<\/strong> \u00e9 uma grande vantagem: pode verificar num relance a quantidade restante e antecipar as suas necessidades. Embaladas em <strong data-start=\"992\" data-end=\"1038\">rolo diretamente na caixa<\/strong>, as <strong>bolsas<\/strong> s\u00e3o <strong>f\u00e1ceis de retirar uma a uma<\/strong>, evitando perdas de tempo e garantindo um espa\u00e7o de trabalho organizado. <\/p>\n<p data-start=\"1164\" data-end=\"1538\">Em termos de desempenho, este <strong>saco de pasteleiro<\/strong> adapta-se \u00e0s suas necessidades: pode ser utilizado tanto <strong data-start=\"1258\" data-end=\"1283\">a quente (at\u00e9 70\u00b0C)<\/strong> como <strong>a frio<\/strong>. Assim, pode facilmente rechear <strong data-start=\"1343\" data-end=\"1393\">cremes, natas batidas, mousses ligeiras<\/strong> ou <strong data-start=\"1408\" data-end=\"1436\">pur\u00e9s e molhos quentes<\/strong>. A sua robustez permite-lhe resistir bem \u00e0 press\u00e3o, mesmo com prepara\u00e7\u00f5es mais espessas.  <\/p>\n<p data-start=\"1540\" data-end=\"1848\">Por fim, a embalagem <strong data-start=\"1570\" data-end=\"1584\">de 100 unidades<\/strong> torna-a uma escolha econ\u00f3mica e eficaz, particularmente apreciada em ambientes profissionais onde a higiene e a rapidez de execu\u00e7\u00e3o s\u00e3o fundamentais.<\/p>\n<p data-start=\"1850\" data-end=\"2035\">Em suma, este <strong data-start=\"1867\" data-end=\"1909\">saco de pasteleiro transparente de 27 x 50 cm<\/strong> \u00e9 a solu\u00e7\u00e3o ideal para trabalhar rapidamente, com seguran\u00e7a e bem, enquanto exibe as suas cria\u00e7\u00f5es culin\u00e1rias.<\/p>\n<p><!--more--><\/p>\n<h4><strong>Vantagens :<\/strong><\/h4>\n<ul>\n<li><strong data-start=\"2263\" data-end=\"2289\">Superf\u00edcie antiderrapante<\/strong> para uma melhor ader\u00eancia.<\/li>\n<li><strong data-start=\"2327\" data-end=\"2343\">Transparente<\/strong>: f\u00e1cil de verificar a quantidade restante.<\/li>\n<li><strong data-start=\"2390\" data-end=\"2417\">Embalado num rolo<\/strong> dentro da caixa.<\/li>\n<li>Pode ser utilizado <strong data-start=\"2474\" data-end=\"2498\">quente at\u00e9 70\u00b0C<\/strong> ou frio.<\/li>\n<li>Interior liso para o <strong data-start=\"2537\" data-end=\"2558\">fluxo de fluidos.<\/strong><\/li>\n<\/ul>\n<p>&nbsp;<\/p>\n<p><!--more--><\/p>\n<h4>Outras informa\u00e7\u00f5es :<\/h4>\n<ul>\n<li><strong>Embalagem<\/strong>: Pacote de 100<\/li>\n<li><strong>Dimens\u00f5es<\/strong>: 27 x 50 cm<\/li>\n<li><strong>Material<\/strong>: LDPE (Polietileno de Baixa Densidade)<\/li>\n<li><strong>Cor<\/strong>: Transparente<\/li>\n<li><strong>Resist\u00eancia<\/strong>: 80 microns<\/li>\n<\/ul>\n<p>&nbsp;<\/p>\n<p><!--more--><\/p>\n<p>Encontre o nosso saco de pasteleiro de 31 x 54 cm aqui: <span style=\"color: #d12727;\"><a style=\"color: #d12727;\" href=\"https:\/\/www.csj-emballages.com\/pt-pt\/produit\/saco-para-tubagens-quentes-e-frias-31-x-54-cm-embalagem-de-100\/\">POC54HOT<\/a><\/span><\/p>\n<p>&nbsp;<\/p>\n<p><!--more--><\/p>\n<p><a href=\"\/?product_cat=poches-a-douilles\">Veja o resto da nossa gama de sacos de pasteleiro aqui<\/a><\/p>\n","protected":false},"excerpt":{"rendered":"<p>Saco de pasteleiro Descri\u00e7\u00e3o do nosso saco de pasteleiro para uso quente ou frio 27 x 50 cm por 100<\/p>\n","protected":false},"featured_media":242619,"template":"","meta":{"_acf_changed":false},"product_brand":[],"product_cat":[1141,1177,3918,3157],"product_tag":[],"class_list":{"0":"post-226881","1":"product","2":"type-product","3":"status-publish","4":"has-post-thumbnail","6":"product_cat-embalagem-de-alimentos","7":"product_cat-padaria-e-pastelaria","8":"product_cat-acessorios-e-equipamentos","9":"product_cat-sacos-de-tomadas","11":"first","12":"instock","13":"taxable","14":"shipping-taxable","15":"purchasable","16":"product-type-simple"},"acf":[],"yoast_head":"<!-- This site is optimized with the Yoast SEO Premium plugin v26.6 (Yoast SEO v26.6) - https:\/\/yoast.com\/wordpress\/plugins\/seo\/ -->\n<title>Saco de confeitar quente ou frio 27 x 50 cm por 100<\/title>\n<meta name=\"description\" content=\"Saco de pasteleiro transparente e antiderrapante de 27 x 50 cm por 100, embalado em rolos. Pode ser utilizado quente at\u00e9 70\u00b0C ou frio.\" \/>\n<meta name=\"robots\" content=\"index, follow, max-snippet:-1, max-image-preview:large, max-video-preview:-1\" \/>\n<link rel=\"canonical\" href=\"https:\/\/www.csj-emballages.com\/pt-pt\/produit\/100-sacos-de-pasteleiro-descartaveis-quentes-ou-frios-27-x-50-cm\/\" \/>\n<meta property=\"og:locale\" content=\"pt_PT\" \/>\n<meta property=\"og:type\" content=\"article\" \/>\n<meta property=\"og:title\" content=\"Saco de confeitar quente ou frio 27 x 50 cm por 100\" \/>\n<meta property=\"og:description\" content=\"Saco de pasteleiro transparente e antiderrapante de 27 x 50 cm por 100, embalado em rolos. Pode ser utilizado quente at\u00e9 70\u00b0C ou frio.\" \/>\n<meta property=\"og:url\" content=\"https:\/\/www.csj-emballages.com\/pt-pt\/produit\/100-sacos-de-pasteleiro-descartaveis-quentes-ou-frios-27-x-50-cm\/\" \/>\n<meta property=\"og:site_name\" content=\"CSJ Emballages\" \/>\n<meta property=\"article:publisher\" content=\"https:\/\/www.facebook.com\/csjemballages\" \/>\n<meta property=\"article:modified_time\" content=\"2026-04-28T00:17:41+00:00\" \/>\n<meta property=\"og:image\" content=\"https:\/\/www.csj-emballages.com\/wp-content\/uploads\/2025\/03\/POC50HOT.webp\" \/>\n\t<meta property=\"og:image:width\" content=\"800\" \/>\n\t<meta property=\"og:image:height\" content=\"800\" \/>\n\t<meta property=\"og:image:type\" content=\"image\/webp\" \/>\n<meta name=\"twitter:card\" content=\"summary_large_image\" \/>\n<meta name=\"twitter:label1\" content=\"Tempo estimado de leitura\" \/>\n\t<meta name=\"twitter:data1\" content=\"2 minutos\" \/>\n<script type=\"application\/ld+json\" class=\"yoast-schema-graph\">{\"@context\":\"https:\/\/schema.org\",\"@graph\":[{\"@type\":\"WebPage\",\"@id\":\"https:\/\/www.csj-emballages.com\/pt-pt\/produit\/100-sacos-de-pasteleiro-descartaveis-quentes-ou-frios-27-x-50-cm\/\",\"url\":\"https:\/\/www.csj-emballages.com\/pt-pt\/produit\/100-sacos-de-pasteleiro-descartaveis-quentes-ou-frios-27-x-50-cm\/\",\"name\":\"Saco de confeitar quente ou frio 27 x 50 cm por 100\",\"isPartOf\":{\"@id\":\"https:\/\/www.csj-emballages.com\/pt-pt\/#website\"},\"primaryImageOfPage\":{\"@id\":\"https:\/\/www.csj-emballages.com\/pt-pt\/produit\/100-sacos-de-pasteleiro-descartaveis-quentes-ou-frios-27-x-50-cm\/#primaryimage\"},\"image\":{\"@id\":\"https:\/\/www.csj-emballages.com\/pt-pt\/produit\/100-sacos-de-pasteleiro-descartaveis-quentes-ou-frios-27-x-50-cm\/#primaryimage\"},\"thumbnailUrl\":\"https:\/\/www.csj-emballages.com\/wp-content\/uploads\/2025\/03\/POC50HOT.webp\",\"datePublished\":\"2025-03-07T01:18:28+00:00\",\"dateModified\":\"2026-04-28T00:17:41+00:00\",\"description\":\"Saco de pasteleiro transparente e antiderrapante de 27 x 50 cm por 100, embalado em rolos. Pode ser utilizado quente at\u00e9 70\u00b0C ou frio.\",\"breadcrumb\":{\"@id\":\"https:\/\/www.csj-emballages.com\/pt-pt\/produit\/100-sacos-de-pasteleiro-descartaveis-quentes-ou-frios-27-x-50-cm\/#breadcrumb\"},\"inLanguage\":\"pt-PT\",\"potentialAction\":[{\"@type\":\"ReadAction\",\"target\":[\"https:\/\/www.csj-emballages.com\/pt-pt\/produit\/100-sacos-de-pasteleiro-descartaveis-quentes-ou-frios-27-x-50-cm\/\"]}]},{\"@type\":\"ImageObject\",\"inLanguage\":\"pt-PT\",\"@id\":\"https:\/\/www.csj-emballages.com\/pt-pt\/produit\/100-sacos-de-pasteleiro-descartaveis-quentes-ou-frios-27-x-50-cm\/#primaryimage\",\"url\":\"https:\/\/www.csj-emballages.com\/wp-content\/uploads\/2025\/03\/POC50HOT.webp\",\"contentUrl\":\"https:\/\/www.csj-emballages.com\/wp-content\/uploads\/2025\/03\/POC50HOT.webp\",\"width\":800,\"height\":800,\"caption\":\"Poche \u00e0 douille\"},{\"@type\":\"BreadcrumbList\",\"@id\":\"https:\/\/www.csj-emballages.com\/pt-pt\/produit\/100-sacos-de-pasteleiro-descartaveis-quentes-ou-frios-27-x-50-cm\/#breadcrumb\",\"itemListElement\":[{\"@type\":\"ListItem\",\"position\":1,\"name\":\"Acolhimento\",\"item\":\"https:\/\/www.csj-emballages.com\/pt-pt\/universo-das-embalagens-alimentares\/\"},{\"@type\":\"ListItem\",\"position\":2,\"name\":\"Shop\",\"item\":\"https:\/\/www.csj-emballages.com\/shop\/\"},{\"@type\":\"ListItem\",\"position\":3,\"name\":\"Saco de confeitar quente ou frio 27 x 50 cm por 100\"}]},{\"@type\":\"WebSite\",\"@id\":\"https:\/\/www.csj-emballages.com\/pt-pt\/#website\",\"url\":\"https:\/\/www.csj-emballages.com\/pt-pt\/\",\"name\":\"CSJ Emballages\",\"description\":\"\",\"publisher\":{\"@id\":\"https:\/\/www.csj-emballages.com\/pt-pt\/#organization\"},\"potentialAction\":[{\"@type\":\"SearchAction\",\"target\":{\"@type\":\"EntryPoint\",\"urlTemplate\":\"https:\/\/www.csj-emballages.com\/pt-pt\/?s={search_term_string}\"},\"query-input\":{\"@type\":\"PropertyValueSpecification\",\"valueRequired\":true,\"valueName\":\"search_term_string\"}}],\"inLanguage\":\"pt-PT\"},{\"@type\":\"Organization\",\"@id\":\"https:\/\/www.csj-emballages.com\/pt-pt\/#Organization\/\",\"name\":\"CSJ Emballages\",\"url\":\"https:\/\/www.csj-emballages.com\/pt-pt\/\",\"logo\":{\"@type\":\"ImageObject\",\"inLanguage\":\"pt-PT\",\"@id\":\"https:\/\/www.csj-emballages.com\/pt-pt\/#\/schema\/logo\/image\/\",\"url\":\"https:\/\/www.csj-emballages.com\/wp-content\/uploads\/2023\/10\/logo_csj.webp\",\"contentUrl\":\"https:\/\/www.csj-emballages.com\/wp-content\/uploads\/2023\/10\/logo_csj.webp\",\"width\":250,\"height\":95,\"caption\":\"CSJ Emballages\"},\"image\":{\"@id\":\"https:\/\/www.csj-emballages.com\/pt-pt\/#\/schema\/logo\/image\/\"},\"sameAs\":[\"https:\/\/www.facebook.com\/csjemballages\"],\"address\":{\"@type\":\"PostalAddress\",\"streetAddress\":\"ZI La Lechere\",\"addressLocality\":\"Patornay\",\"postalCode\":\"39130\",\"addressCountry\":\"FR\"},\"contactPoint\":[{\"@type\":\"ContactPoint\",\"contactType\":\"Service client\",\"telephone\":\"0384254272\",\"email\":\"contact@csj-emballages.com\"}]}]}<\/script>\n<!-- \/ Yoast SEO Premium plugin. -->","yoast_head_json":{"title":"Saco de confeitar quente ou frio 27 x 50 cm por 100","description":"Saco de pasteleiro transparente e antiderrapante de 27 x 50 cm por 100, embalado em rolos. Pode ser utilizado quente at\u00e9 70\u00b0C ou frio.","robots":{"index":"index","follow":"follow","max-snippet":"max-snippet:-1","max-image-preview":"max-image-preview:large","max-video-preview":"max-video-preview:-1"},"canonical":"https:\/\/www.csj-emballages.com\/pt-pt\/produit\/100-sacos-de-pasteleiro-descartaveis-quentes-ou-frios-27-x-50-cm\/","og_locale":"pt_PT","og_type":"article","og_title":"Saco de confeitar quente ou frio 27 x 50 cm por 100","og_description":"Saco de pasteleiro transparente e antiderrapante de 27 x 50 cm por 100, embalado em rolos. Pode ser utilizado quente at\u00e9 70\u00b0C ou frio.","og_url":"https:\/\/www.csj-emballages.com\/pt-pt\/produit\/100-sacos-de-pasteleiro-descartaveis-quentes-ou-frios-27-x-50-cm\/","og_site_name":"CSJ Emballages","article_publisher":"https:\/\/www.facebook.com\/csjemballages","article_modified_time":"2026-04-28T00:17:41+00:00","og_image":[{"width":800,"height":800,"url":"https:\/\/www.csj-emballages.com\/wp-content\/uploads\/2025\/03\/POC50HOT.webp","type":"image\/webp"}],"twitter_card":"summary_large_image","twitter_misc":{"Tempo estimado de leitura":"2 minutos"},"schema":{"@context":"https:\/\/schema.org","@graph":[{"@type":"WebPage","@id":"https:\/\/www.csj-emballages.com\/pt-pt\/produit\/100-sacos-de-pasteleiro-descartaveis-quentes-ou-frios-27-x-50-cm\/","url":"https:\/\/www.csj-emballages.com\/pt-pt\/produit\/100-sacos-de-pasteleiro-descartaveis-quentes-ou-frios-27-x-50-cm\/","name":"Saco de confeitar quente ou frio 27 x 50 cm por 100","isPartOf":{"@id":"https:\/\/www.csj-emballages.com\/pt-pt\/#website"},"primaryImageOfPage":{"@id":"https:\/\/www.csj-emballages.com\/pt-pt\/produit\/100-sacos-de-pasteleiro-descartaveis-quentes-ou-frios-27-x-50-cm\/#primaryimage"},"image":{"@id":"https:\/\/www.csj-emballages.com\/pt-pt\/produit\/100-sacos-de-pasteleiro-descartaveis-quentes-ou-frios-27-x-50-cm\/#primaryimage"},"thumbnailUrl":"https:\/\/www.csj-emballages.com\/wp-content\/uploads\/2025\/03\/POC50HOT.webp","datePublished":"2025-03-07T01:18:28+00:00","dateModified":"2026-04-28T00:17:41+00:00","description":"Saco de pasteleiro transparente e antiderrapante de 27 x 50 cm por 100, embalado em rolos. Pode ser utilizado quente at\u00e9 70\u00b0C ou frio.","breadcrumb":{"@id":"https:\/\/www.csj-emballages.com\/pt-pt\/produit\/100-sacos-de-pasteleiro-descartaveis-quentes-ou-frios-27-x-50-cm\/#breadcrumb"},"inLanguage":"pt-PT","potentialAction":[{"@type":"ReadAction","target":["https:\/\/www.csj-emballages.com\/pt-pt\/produit\/100-sacos-de-pasteleiro-descartaveis-quentes-ou-frios-27-x-50-cm\/"]}]},{"@type":"ImageObject","inLanguage":"pt-PT","@id":"https:\/\/www.csj-emballages.com\/pt-pt\/produit\/100-sacos-de-pasteleiro-descartaveis-quentes-ou-frios-27-x-50-cm\/#primaryimage","url":"https:\/\/www.csj-emballages.com\/wp-content\/uploads\/2025\/03\/POC50HOT.webp","contentUrl":"https:\/\/www.csj-emballages.com\/wp-content\/uploads\/2025\/03\/POC50HOT.webp","width":800,"height":800,"caption":"Poche \u00e0 douille"},{"@type":"BreadcrumbList","@id":"https:\/\/www.csj-emballages.com\/pt-pt\/produit\/100-sacos-de-pasteleiro-descartaveis-quentes-ou-frios-27-x-50-cm\/#breadcrumb","itemListElement":[{"@type":"ListItem","position":1,"name":"Acolhimento","item":"https:\/\/www.csj-emballages.com\/pt-pt\/universo-das-embalagens-alimentares\/"},{"@type":"ListItem","position":2,"name":"Shop","item":"https:\/\/www.csj-emballages.com\/shop\/"},{"@type":"ListItem","position":3,"name":"Saco de confeitar quente ou frio 27 x 50 cm por 100"}]},{"@type":"WebSite","@id":"https:\/\/www.csj-emballages.com\/pt-pt\/#website","url":"https:\/\/www.csj-emballages.com\/pt-pt\/","name":"CSJ Emballages","description":"","publisher":{"@id":"https:\/\/www.csj-emballages.com\/pt-pt\/#organization"},"potentialAction":[{"@type":"SearchAction","target":{"@type":"EntryPoint","urlTemplate":"https:\/\/www.csj-emballages.com\/pt-pt\/?s={search_term_string}"},"query-input":{"@type":"PropertyValueSpecification","valueRequired":true,"valueName":"search_term_string"}}],"inLanguage":"pt-PT"},{"@type":"Organization","@id":"https:\/\/www.csj-emballages.com\/pt-pt\/#Organization\/","name":"CSJ Emballages","url":"https:\/\/www.csj-emballages.com\/pt-pt\/","logo":{"@type":"ImageObject","inLanguage":"pt-PT","@id":"https:\/\/www.csj-emballages.com\/pt-pt\/#\/schema\/logo\/image\/","url":"https:\/\/www.csj-emballages.com\/wp-content\/uploads\/2023\/10\/logo_csj.webp","contentUrl":"https:\/\/www.csj-emballages.com\/wp-content\/uploads\/2023\/10\/logo_csj.webp","width":250,"height":95,"caption":"CSJ Emballages"},"image":{"@id":"https:\/\/www.csj-emballages.com\/pt-pt\/#\/schema\/logo\/image\/"},"sameAs":["https:\/\/www.facebook.com\/csjemballages"],"address":{"@type":"PostalAddress","streetAddress":"ZI La Lechere","addressLocality":"Patornay","postalCode":"39130","addressCountry":"FR"},"contactPoint":[{"@type":"ContactPoint","contactType":"Service client","telephone":"0384254272","email":"contact@csj-emballages.com"}]}]}},"df_price":8.06,"df_sale_price":"","df_regular_price":8.06,"df_image_link":"https:\/\/www.csj-emballages.com\/wp-content\/uploads\/2025\/03\/POC50HOT-300x300.webp","tiered_pricing_type":"fixed","tiered_pricing_fixed_rules":[],"tiered_pricing_percentage_rules":[],"tiered_pricing_minimum":1,"tiered_pricing_roles_data":[],"_links":{"self":[{"href":"https:\/\/www.csj-emballages.com\/pt-pt\/wp-json\/wp\/v2\/product\/226881","targetHints":{"allow":["GET"]}}],"collection":[{"href":"https:\/\/www.csj-emballages.com\/pt-pt\/wp-json\/wp\/v2\/product"}],"about":[{"href":"https:\/\/www.csj-emballages.com\/pt-pt\/wp-json\/wp\/v2\/types\/product"}],"wp:featuredmedia":[{"embeddable":true,"href":"https:\/\/www.csj-emballages.com\/pt-pt\/wp-json\/wp\/v2\/media\/242619"}],"wp:attachment":[{"href":"https:\/\/www.csj-emballages.com\/pt-pt\/wp-json\/wp\/v2\/media?parent=226881"}],"wp:term":[{"taxonomy":"product_brand","embeddable":true,"href":"https:\/\/www.csj-emballages.com\/pt-pt\/wp-json\/wp\/v2\/product_brand?post=226881"},{"taxonomy":"product_cat","embeddable":true,"href":"https:\/\/www.csj-emballages.com\/pt-pt\/wp-json\/wp\/v2\/product_cat?post=226881"},{"taxonomy":"product_tag","embeddable":true,"href":"https:\/\/www.csj-emballages.com\/pt-pt\/wp-json\/wp\/v2\/product_tag?post=226881"}],"curies":[{"name":"wp","href":"https:\/\/api.w.org\/{rel}","templated":true}]}}