{"id":226871,"date":"2025-03-07T02:18:24","date_gmt":"2025-03-07T01:18:24","guid":{"rendered":"https:\/\/www.csj-emballages.com\/?post_type=product&#038;p=226871"},"modified":"2026-04-15T02:15:37","modified_gmt":"2026-04-15T00:15:37","slug":"cartao-para-sacos-de-vacuo-bordo-arredondado-200-x-300-mm-100-unidades","status":"publish","type":"product","link":"https:\/\/www.csj-emballages.com\/pt-pt\/produit\/cartao-para-sacos-de-vacuo-bordo-arredondado-200-x-300-mm-100-unidades\/","title":{"rendered":"Saco de v\u00e1cuo em chapa dourada, cantos arredondados 200 x 300 mm, embalagem de 100"},"content":{"rendered":"<h2>Saco de v\u00e1cuo com placa de ouro<\/h2>\n<hr>\n<h3>Descri\u00e7\u00e3o da nossa placa de saco de v\u00e1cuo dourada, cantos arredondados 200 x 300 mm, embalagem de 100<\/h3>\n<p><!--more--><\/p>\n<p data-start=\"127\" data-end=\"484\">A <strong data-start=\"130\" data-end=\"157\">placa dourada para sacos de v\u00e1cuo<\/strong> <strong>de 200 x 300 mm<\/strong> com <strong>cantos arredondados<\/strong> \u00e9 o pequeno pormenor que faz toda a diferen\u00e7a numa apresenta\u00e7\u00e3o. \u00c0 primeira vista, pode pensar-se que se trata apenas de um suporte para alimentos. Mas assim que o utiliza, apercebe-se de que acrescenta um valor real, tanto esteticamente como em termos de preserva\u00e7\u00e3o.  <\/p>\n<p data-start=\"486\" data-end=\"868\">Em primeiro lugar, o seu formato de <strong>200 x 300<\/strong><strong> mm<\/strong> \u00e9 perfeito para prepara\u00e7\u00f5es de tamanho normal: v\u00e1rias por\u00e7\u00f5es de salm\u00e3o fumado, algumas fatias de carnes frias&#8230; \u00c9 o tamanho certo para mostrar os seus produtos sem que estes se percam no prato. Al\u00e9m disso, devido \u00e0 sua rigidez, mant\u00e9m os alimentos embalados em v\u00e1cuo em seguran\u00e7a, sem os esmagar. <\/p>\n<p data-start=\"870\" data-end=\"1216\">Em segundo lugar, o acabamento <strong data-start=\"891\" data-end=\"904\">em chapa dourada<\/strong> n\u00e3o \u00e9 apenas para mostrar, d\u00e1 uma verdadeira sensa\u00e7\u00e3o de qualidade superior, ideal para montras de lojas, departamentos de produtos frescos ou apresenta\u00e7\u00f5es meticulosas. A <strong>cor dourada<\/strong> transmite imediatamente uma impress\u00e3o de qualidade, quase gourmet, que faz com que os clientes queiram comprar. <\/p>\n<p data-start=\"1218\" data-end=\"1498\">Al\u00e9m disso, os <strong data-start=\"1222\" data-end=\"1240\">cantos arredondados<\/strong> facilitam a vida quotidiana: sem cantos que se prendem, menos risco de furar o <strong>saco do aspirador<\/strong> e uma inser\u00e7\u00e3o muito mais suave. \u00c9 o tipo de pormenor em que s\u00f3 se repara quando n\u00e3o est\u00e1 l\u00e1&#8230; mas que muda tudo quando est\u00e1. <\/p>\n<p data-start=\"1500\" data-end=\"1773\">Compat\u00edvel com a maioria das m\u00e1quinas de embalagem a v\u00e1cuo do mercado, esta <strong data-start=\"1567\" data-end=\"1594\">placa dourada para sacos a v\u00e1cuo<\/strong> foi concebida para profissionais que necessitam de rapidez, fiabilidade e apresenta\u00e7\u00e3o atraente. Vendido em <strong>embalagens de 100 unidades<\/strong>, facilita o manuseamento de grandes volumes sem quebras. <\/p>\n<p data-start=\"1775\" data-end=\"1840\">Em suma: simples, limpo, elegante e, acima de tudo, pr\u00e1tico.<\/p>\n<p><!--more--><\/p>\n<h4>Vantagens :<\/h4>\n<ul>\n<li data-start=\"2055\" data-end=\"2094\">Apresenta\u00e7\u00e3o de qualidade superior num relance.<\/li>\n<li data-start=\"2097\" data-end=\"2149\"><strong>Cantos arredondados<\/strong>: n\u00e3o perfuram o saco de v\u00e1cuo.<\/li>\n<li data-start=\"2152\" data-end=\"2203\">Suporte r\u00edgido para uma fixa\u00e7\u00e3o perfeita do v\u00e1cuo.<\/li>\n<li data-start=\"2245\" data-end=\"2281\">Ideal para pequenas por\u00e7\u00f5es.<\/li>\n<li data-start=\"2284\" data-end=\"2314\">Embalagem econ\u00f3mica de <strong>100<\/strong> unidades.<\/li>\n<\/ul>\n<p>&nbsp;<\/p>\n<p><!--more--><\/p>\n<h4>Outras informa\u00e7\u00f5es :<\/h4>\n<ul>\n<li><strong>Embalagem<\/strong>: Pacote de 100<\/li>\n<li><strong>Dimens\u00f5es<\/strong>: 200 x 300 mm<\/li>\n<li><strong>Gramagem<\/strong>: 620 g\/m\u00b2<\/li>\n<li><strong>Material<\/strong>: Cart\u00e3o<\/li>\n<li><strong>Cor<\/strong>: dourado<\/li>\n<\/ul>\n<p>&nbsp;<\/p>\n<p><!--more--><\/p>\n<p>Encontre aqui os sacos de v\u00e1cuo compat\u00edveis com este tamanho de placa dourada: <span style=\"color: #d12727;\"><a style=\"color: #d12727;\" href=\"https:\/\/www.csj-emballages.com\/es\/produit\/100-bolsas-de-vacio-de-conservacion-gofradas-25-x-35-cm-100-%c2%b5\/\">SVIDEGAUF2535<\/a><\/span> \/ <span style=\"color: #d12727;\"><a style=\"color: #d12727;\" href=\"https:\/\/www.csj-emballages.com\/es\/produit\/100-bolsas-de-vacio-lisas-25-x-35-cm-90-%c2%b5\/\">SVIDELISS2535<\/a><\/span> \/ <span style=\"color: #d12727;\"><a style=\"color: #d12727;\" href=\"https:\/\/www.csj-emballages.com\/es\/produit\/100-bolsas-de-vacio-negras-lisas-25-x-35-cm-90-%c2%b5\/\">SVIDELISS2535N<\/a><\/span><\/p>\n<p>&nbsp;<\/p>\n<p><!--more--><\/p>\n<p>Este produto est\u00e1 dispon\u00edvel em v\u00e1rios tamanhos: <span style=\"color: #d12727;\"><a style=\"color: #d12727;\" href=\"https:\/\/www.csj-emballages.com\/es\/produit\/carton-para-bolsa-de-vacio-con-borde-redondeado-120-x-200-mm-por-200\/\">120 x 200 mm<\/a><\/span> \/ <span style=\"color: #d12727;\"><a style=\"color: #d12727;\" href=\"https:\/\/www.csj-emballages.com\/es\/produit\/bolsa-de-vacio-placa-dorada-cantos-redondeados-150-x-200-mm-paquete-de-100\/\">150 x 200 mm<\/a><\/span> \/ <span style=\"color: #d12727;\"><a style=\"color: #d12727;\" href=\"https:\/\/www.csj-emballages.com\/es\/produit\/placa-para-bolsas-de-vacio-canto-redondeado-160-x-230-mm-paquete-de-200\/\">160 x 230 mm<\/a><\/span> \/ <span style=\"color: #d12727;\"><a style=\"color: #d12727;\" href=\"https:\/\/www.csj-emballages.com\/es\/produit\/bolsa-de-vacio-placa-dorada-cantos-redondeados-200-x-250-mm-paquete-de-100\/\">200 x 250 mm<\/a> <span style=\"color: #000000;\">\/<\/span> <a style=\"color: #d12727;\" href=\"https:\/\/www.csj-emballages.com\/es\/produit\/bolsa-de-vacio-placa-dorada-con-bordes-redondeados-200-x-500-mm-por-100\/\">200 x 500 mm<\/a> <span style=\"color: #000000;\">\/<\/span> <a style=\"color: #d12727;\" href=\"https:\/\/www.csj-emballages.com\/es\/produit\/bolsa-de-vacio-placa-dorada-cantos-redondeados-200-x-600-mm-paquete-de-100\/\">200 x 600 mm<\/a><\/span><\/p>\n<p>&nbsp;<\/p>\n<p><!--more--><\/p>\n<p><a href=\"https:\/\/www.csj-emballages.com\/pt-pt\/categorie-produit\/embalagem-de-alimentos\/talho-e-charcutaria\/sacos-e-bolsas\/sacos-de-vacuo\/placas-de-ouro\/\">Ver o resto da nossa gama de placas douradas para sacos de v\u00e1cuo<\/a><\/p>\n","protected":false},"excerpt":{"rendered":"<p>Saco de v\u00e1cuo com placa de ouro Descri\u00e7\u00e3o da nossa placa de saco de v\u00e1cuo dourada, cantos arredondados 200 x 300 mm, embalagem de 100<\/p>\n","protected":false},"featured_media":227188,"template":"","meta":{"_acf_changed":false},"product_brand":[],"product_cat":[1141,1176,3914,1240,9258],"product_tag":[],"class_list":{"0":"post-226871","1":"product","2":"type-product","3":"status-publish","4":"has-post-thumbnail","6":"product_cat-embalagem-de-alimentos","7":"product_cat-talho-e-charcutaria","8":"product_cat-sacos-e-bolsas","9":"product_cat-sacos-de-vacuo","10":"product_cat-placas-de-ouro","12":"first","13":"instock","14":"taxable","15":"shipping-taxable","16":"purchasable","17":"product-type-simple"},"acf":[],"yoast_head":"<!-- This site is optimized with the Yoast SEO Premium plugin v26.6 (Yoast SEO v26.6) - https:\/\/yoast.com\/wordpress\/plugins\/seo\/ -->\n<title>Placa de saco de v\u00e1cuo dourada com bordas arredondadas - 200 x 300 mm por 200<\/title>\n<meta name=\"description\" content=\"Optimize a conserva\u00e7\u00e3o dos alimentos com esta placa dourada para sacos de v\u00e1cuo com arestas redondas de 200 x 300 mm. Proteja os seus produtos sem o risco de perfura\u00e7\u00e3o.\" \/>\n<meta name=\"robots\" content=\"index, follow, max-snippet:-1, max-image-preview:large, max-video-preview:-1\" \/>\n<link rel=\"canonical\" href=\"https:\/\/www.csj-emballages.com\/pt-pt\/produit\/cartao-para-sacos-de-vacuo-bordo-arredondado-200-x-300-mm-100-unidades\/\" \/>\n<meta property=\"og:locale\" content=\"pt_PT\" \/>\n<meta property=\"og:type\" content=\"article\" \/>\n<meta property=\"og:title\" content=\"Saco de v\u00e1cuo em chapa dourada, cantos arredondados 200 x 300 mm, embalagem de 100\" \/>\n<meta property=\"og:description\" content=\"Optimize a conserva\u00e7\u00e3o dos alimentos com esta placa dourada para sacos de v\u00e1cuo com arestas redondas de 200 x 300 mm. Proteja os seus produtos sem o risco de perfura\u00e7\u00e3o.\" \/>\n<meta property=\"og:url\" content=\"https:\/\/www.csj-emballages.com\/pt-pt\/produit\/cartao-para-sacos-de-vacuo-bordo-arredondado-200-x-300-mm-100-unidades\/\" \/>\n<meta property=\"og:site_name\" content=\"CSJ Emballages\" \/>\n<meta property=\"article:publisher\" content=\"https:\/\/www.facebook.com\/csjemballages\" \/>\n<meta property=\"article:modified_time\" content=\"2026-04-15T00:15:37+00:00\" \/>\n<meta property=\"og:image\" content=\"https:\/\/www.csj-emballages.com\/wp-content\/uploads\/2025\/03\/plaque-a-saumon-200-x-120-1.webp\" \/>\n\t<meta property=\"og:image:width\" content=\"800\" \/>\n\t<meta property=\"og:image:height\" content=\"800\" \/>\n\t<meta property=\"og:image:type\" content=\"image\/webp\" \/>\n<meta name=\"twitter:card\" content=\"summary_large_image\" \/>\n<meta name=\"twitter:label1\" content=\"Tempo estimado de leitura\" \/>\n\t<meta name=\"twitter:data1\" content=\"2 minutos\" \/>\n<script type=\"application\/ld+json\" class=\"yoast-schema-graph\">{\"@context\":\"https:\/\/schema.org\",\"@graph\":[{\"@type\":\"WebPage\",\"@id\":\"https:\/\/www.csj-emballages.com\/pt-pt\/produit\/cartao-para-sacos-de-vacuo-bordo-arredondado-200-x-300-mm-100-unidades\/\",\"url\":\"https:\/\/www.csj-emballages.com\/pt-pt\/produit\/cartao-para-sacos-de-vacuo-bordo-arredondado-200-x-300-mm-100-unidades\/\",\"name\":\"Placa de saco de v\u00e1cuo dourada com bordas arredondadas - 200 x 300 mm por 200\",\"isPartOf\":{\"@id\":\"https:\/\/www.csj-emballages.com\/pt-pt\/#website\"},\"primaryImageOfPage\":{\"@id\":\"https:\/\/www.csj-emballages.com\/pt-pt\/produit\/cartao-para-sacos-de-vacuo-bordo-arredondado-200-x-300-mm-100-unidades\/#primaryimage\"},\"image\":{\"@id\":\"https:\/\/www.csj-emballages.com\/pt-pt\/produit\/cartao-para-sacos-de-vacuo-bordo-arredondado-200-x-300-mm-100-unidades\/#primaryimage\"},\"thumbnailUrl\":\"https:\/\/www.csj-emballages.com\/wp-content\/uploads\/2025\/03\/plaque-a-saumon-200-x-120-1.webp\",\"datePublished\":\"2025-03-07T01:18:24+00:00\",\"dateModified\":\"2026-04-15T00:15:37+00:00\",\"description\":\"Optimize a conserva\u00e7\u00e3o dos alimentos com esta placa dourada para sacos de v\u00e1cuo com arestas redondas de 200 x 300 mm. Proteja os seus produtos sem o risco de perfura\u00e7\u00e3o.\",\"breadcrumb\":{\"@id\":\"https:\/\/www.csj-emballages.com\/pt-pt\/produit\/cartao-para-sacos-de-vacuo-bordo-arredondado-200-x-300-mm-100-unidades\/#breadcrumb\"},\"inLanguage\":\"pt-PT\",\"potentialAction\":[{\"@type\":\"ReadAction\",\"target\":[\"https:\/\/www.csj-emballages.com\/pt-pt\/produit\/cartao-para-sacos-de-vacuo-bordo-arredondado-200-x-300-mm-100-unidades\/\"]}]},{\"@type\":\"ImageObject\",\"inLanguage\":\"pt-PT\",\"@id\":\"https:\/\/www.csj-emballages.com\/pt-pt\/produit\/cartao-para-sacos-de-vacuo-bordo-arredondado-200-x-300-mm-100-unidades\/#primaryimage\",\"url\":\"https:\/\/www.csj-emballages.com\/wp-content\/uploads\/2025\/03\/plaque-a-saumon-200-x-120-1.webp\",\"contentUrl\":\"https:\/\/www.csj-emballages.com\/wp-content\/uploads\/2025\/03\/plaque-a-saumon-200-x-120-1.webp\",\"width\":800,\"height\":800,\"caption\":\"plaque or sac sous vide\"},{\"@type\":\"BreadcrumbList\",\"@id\":\"https:\/\/www.csj-emballages.com\/pt-pt\/produit\/cartao-para-sacos-de-vacuo-bordo-arredondado-200-x-300-mm-100-unidades\/#breadcrumb\",\"itemListElement\":[{\"@type\":\"ListItem\",\"position\":1,\"name\":\"Acolhimento\",\"item\":\"https:\/\/www.csj-emballages.com\/pt-pt\/universo-das-embalagens-alimentares\/\"},{\"@type\":\"ListItem\",\"position\":2,\"name\":\"Shop\",\"item\":\"https:\/\/www.csj-emballages.com\/shop\/\"},{\"@type\":\"ListItem\",\"position\":3,\"name\":\"Saco de v\u00e1cuo em chapa dourada, cantos arredondados 200 x 300 mm, embalagem de 100\"}]},{\"@type\":\"WebSite\",\"@id\":\"https:\/\/www.csj-emballages.com\/pt-pt\/#website\",\"url\":\"https:\/\/www.csj-emballages.com\/pt-pt\/\",\"name\":\"CSJ Emballages\",\"description\":\"\",\"publisher\":{\"@id\":\"https:\/\/www.csj-emballages.com\/pt-pt\/#organization\"},\"potentialAction\":[{\"@type\":\"SearchAction\",\"target\":{\"@type\":\"EntryPoint\",\"urlTemplate\":\"https:\/\/www.csj-emballages.com\/pt-pt\/?s={search_term_string}\"},\"query-input\":{\"@type\":\"PropertyValueSpecification\",\"valueRequired\":true,\"valueName\":\"search_term_string\"}}],\"inLanguage\":\"pt-PT\"},{\"@type\":\"Organization\",\"@id\":\"https:\/\/www.csj-emballages.com\/pt-pt\/#Organization\/\",\"name\":\"CSJ Emballages\",\"url\":\"https:\/\/www.csj-emballages.com\/pt-pt\/\",\"logo\":{\"@type\":\"ImageObject\",\"inLanguage\":\"pt-PT\",\"@id\":\"https:\/\/www.csj-emballages.com\/pt-pt\/#\/schema\/logo\/image\/\",\"url\":\"https:\/\/www.csj-emballages.com\/wp-content\/uploads\/2023\/10\/logo_csj.webp\",\"contentUrl\":\"https:\/\/www.csj-emballages.com\/wp-content\/uploads\/2023\/10\/logo_csj.webp\",\"width\":250,\"height\":95,\"caption\":\"CSJ Emballages\"},\"image\":{\"@id\":\"https:\/\/www.csj-emballages.com\/pt-pt\/#\/schema\/logo\/image\/\"},\"sameAs\":[\"https:\/\/www.facebook.com\/csjemballages\"],\"address\":{\"@type\":\"PostalAddress\",\"streetAddress\":\"ZI La Lechere\",\"addressLocality\":\"Patornay\",\"postalCode\":\"39130\",\"addressCountry\":\"FR\"},\"contactPoint\":[{\"@type\":\"ContactPoint\",\"contactType\":\"Service client\",\"telephone\":\"0384254272\",\"email\":\"contact@csj-emballages.com\"}]}]}<\/script>\n<!-- \/ Yoast SEO Premium plugin. -->","yoast_head_json":{"title":"Placa de saco de v\u00e1cuo dourada com bordas arredondadas - 200 x 300 mm por 200","description":"Optimize a conserva\u00e7\u00e3o dos alimentos com esta placa dourada para sacos de v\u00e1cuo com arestas redondas de 200 x 300 mm. Proteja os seus produtos sem o risco de perfura\u00e7\u00e3o.","robots":{"index":"index","follow":"follow","max-snippet":"max-snippet:-1","max-image-preview":"max-image-preview:large","max-video-preview":"max-video-preview:-1"},"canonical":"https:\/\/www.csj-emballages.com\/pt-pt\/produit\/cartao-para-sacos-de-vacuo-bordo-arredondado-200-x-300-mm-100-unidades\/","og_locale":"pt_PT","og_type":"article","og_title":"Saco de v\u00e1cuo em chapa dourada, cantos arredondados 200 x 300 mm, embalagem de 100","og_description":"Optimize a conserva\u00e7\u00e3o dos alimentos com esta placa dourada para sacos de v\u00e1cuo com arestas redondas de 200 x 300 mm. Proteja os seus produtos sem o risco de perfura\u00e7\u00e3o.","og_url":"https:\/\/www.csj-emballages.com\/pt-pt\/produit\/cartao-para-sacos-de-vacuo-bordo-arredondado-200-x-300-mm-100-unidades\/","og_site_name":"CSJ Emballages","article_publisher":"https:\/\/www.facebook.com\/csjemballages","article_modified_time":"2026-04-15T00:15:37+00:00","og_image":[{"width":800,"height":800,"url":"https:\/\/www.csj-emballages.com\/wp-content\/uploads\/2025\/03\/plaque-a-saumon-200-x-120-1.webp","type":"image\/webp"}],"twitter_card":"summary_large_image","twitter_misc":{"Tempo estimado de leitura":"2 minutos"},"schema":{"@context":"https:\/\/schema.org","@graph":[{"@type":"WebPage","@id":"https:\/\/www.csj-emballages.com\/pt-pt\/produit\/cartao-para-sacos-de-vacuo-bordo-arredondado-200-x-300-mm-100-unidades\/","url":"https:\/\/www.csj-emballages.com\/pt-pt\/produit\/cartao-para-sacos-de-vacuo-bordo-arredondado-200-x-300-mm-100-unidades\/","name":"Placa de saco de v\u00e1cuo dourada com bordas arredondadas - 200 x 300 mm por 200","isPartOf":{"@id":"https:\/\/www.csj-emballages.com\/pt-pt\/#website"},"primaryImageOfPage":{"@id":"https:\/\/www.csj-emballages.com\/pt-pt\/produit\/cartao-para-sacos-de-vacuo-bordo-arredondado-200-x-300-mm-100-unidades\/#primaryimage"},"image":{"@id":"https:\/\/www.csj-emballages.com\/pt-pt\/produit\/cartao-para-sacos-de-vacuo-bordo-arredondado-200-x-300-mm-100-unidades\/#primaryimage"},"thumbnailUrl":"https:\/\/www.csj-emballages.com\/wp-content\/uploads\/2025\/03\/plaque-a-saumon-200-x-120-1.webp","datePublished":"2025-03-07T01:18:24+00:00","dateModified":"2026-04-15T00:15:37+00:00","description":"Optimize a conserva\u00e7\u00e3o dos alimentos com esta placa dourada para sacos de v\u00e1cuo com arestas redondas de 200 x 300 mm. Proteja os seus produtos sem o risco de perfura\u00e7\u00e3o.","breadcrumb":{"@id":"https:\/\/www.csj-emballages.com\/pt-pt\/produit\/cartao-para-sacos-de-vacuo-bordo-arredondado-200-x-300-mm-100-unidades\/#breadcrumb"},"inLanguage":"pt-PT","potentialAction":[{"@type":"ReadAction","target":["https:\/\/www.csj-emballages.com\/pt-pt\/produit\/cartao-para-sacos-de-vacuo-bordo-arredondado-200-x-300-mm-100-unidades\/"]}]},{"@type":"ImageObject","inLanguage":"pt-PT","@id":"https:\/\/www.csj-emballages.com\/pt-pt\/produit\/cartao-para-sacos-de-vacuo-bordo-arredondado-200-x-300-mm-100-unidades\/#primaryimage","url":"https:\/\/www.csj-emballages.com\/wp-content\/uploads\/2025\/03\/plaque-a-saumon-200-x-120-1.webp","contentUrl":"https:\/\/www.csj-emballages.com\/wp-content\/uploads\/2025\/03\/plaque-a-saumon-200-x-120-1.webp","width":800,"height":800,"caption":"plaque or sac sous vide"},{"@type":"BreadcrumbList","@id":"https:\/\/www.csj-emballages.com\/pt-pt\/produit\/cartao-para-sacos-de-vacuo-bordo-arredondado-200-x-300-mm-100-unidades\/#breadcrumb","itemListElement":[{"@type":"ListItem","position":1,"name":"Acolhimento","item":"https:\/\/www.csj-emballages.com\/pt-pt\/universo-das-embalagens-alimentares\/"},{"@type":"ListItem","position":2,"name":"Shop","item":"https:\/\/www.csj-emballages.com\/shop\/"},{"@type":"ListItem","position":3,"name":"Saco de v\u00e1cuo em chapa dourada, cantos arredondados 200 x 300 mm, embalagem de 100"}]},{"@type":"WebSite","@id":"https:\/\/www.csj-emballages.com\/pt-pt\/#website","url":"https:\/\/www.csj-emballages.com\/pt-pt\/","name":"CSJ Emballages","description":"","publisher":{"@id":"https:\/\/www.csj-emballages.com\/pt-pt\/#organization"},"potentialAction":[{"@type":"SearchAction","target":{"@type":"EntryPoint","urlTemplate":"https:\/\/www.csj-emballages.com\/pt-pt\/?s={search_term_string}"},"query-input":{"@type":"PropertyValueSpecification","valueRequired":true,"valueName":"search_term_string"}}],"inLanguage":"pt-PT"},{"@type":"Organization","@id":"https:\/\/www.csj-emballages.com\/pt-pt\/#Organization\/","name":"CSJ Emballages","url":"https:\/\/www.csj-emballages.com\/pt-pt\/","logo":{"@type":"ImageObject","inLanguage":"pt-PT","@id":"https:\/\/www.csj-emballages.com\/pt-pt\/#\/schema\/logo\/image\/","url":"https:\/\/www.csj-emballages.com\/wp-content\/uploads\/2023\/10\/logo_csj.webp","contentUrl":"https:\/\/www.csj-emballages.com\/wp-content\/uploads\/2023\/10\/logo_csj.webp","width":250,"height":95,"caption":"CSJ Emballages"},"image":{"@id":"https:\/\/www.csj-emballages.com\/pt-pt\/#\/schema\/logo\/image\/"},"sameAs":["https:\/\/www.facebook.com\/csjemballages"],"address":{"@type":"PostalAddress","streetAddress":"ZI La Lechere","addressLocality":"Patornay","postalCode":"39130","addressCountry":"FR"},"contactPoint":[{"@type":"ContactPoint","contactType":"Service client","telephone":"0384254272","email":"contact@csj-emballages.com"}]}]}},"df_price":28.02,"df_sale_price":"","df_regular_price":28.02,"df_image_link":"https:\/\/www.csj-emballages.com\/wp-content\/uploads\/2025\/03\/plaque-a-saumon-200-x-120-1-300x300.webp","tiered_pricing_type":"fixed","tiered_pricing_fixed_rules":[],"tiered_pricing_percentage_rules":[],"tiered_pricing_minimum":1,"tiered_pricing_roles_data":[],"_links":{"self":[{"href":"https:\/\/www.csj-emballages.com\/pt-pt\/wp-json\/wp\/v2\/product\/226871","targetHints":{"allow":["GET"]}}],"collection":[{"href":"https:\/\/www.csj-emballages.com\/pt-pt\/wp-json\/wp\/v2\/product"}],"about":[{"href":"https:\/\/www.csj-emballages.com\/pt-pt\/wp-json\/wp\/v2\/types\/product"}],"wp:featuredmedia":[{"embeddable":true,"href":"https:\/\/www.csj-emballages.com\/pt-pt\/wp-json\/wp\/v2\/media\/227188"}],"wp:attachment":[{"href":"https:\/\/www.csj-emballages.com\/pt-pt\/wp-json\/wp\/v2\/media?parent=226871"}],"wp:term":[{"taxonomy":"product_brand","embeddable":true,"href":"https:\/\/www.csj-emballages.com\/pt-pt\/wp-json\/wp\/v2\/product_brand?post=226871"},{"taxonomy":"product_cat","embeddable":true,"href":"https:\/\/www.csj-emballages.com\/pt-pt\/wp-json\/wp\/v2\/product_cat?post=226871"},{"taxonomy":"product_tag","embeddable":true,"href":"https:\/\/www.csj-emballages.com\/pt-pt\/wp-json\/wp\/v2\/product_tag?post=226871"}],"curies":[{"name":"wp","href":"https:\/\/api.w.org\/{rel}","templated":true}]}}