{"id":226853,"date":"2025-03-01T02:18:13","date_gmt":"2025-03-01T01:18:13","guid":{"rendered":"https:\/\/www.csj-emballages.com\/?post_type=product&#038;p=226853"},"modified":"2026-04-30T02:15:41","modified_gmt":"2026-04-30T00:15:41","slug":"saco-de-papel-para-hamburguer-14-7-x-22-cm-por-1000","status":"publish","type":"product","link":"https:\/\/www.csj-emballages.com\/pt-pt\/produit\/saco-de-papel-para-hamburguer-14-7-x-22-cm-por-1000\/","title":{"rendered":"Saco de papel vegetal para hamb\u00fargueres 14 + 6,5 x 25 cm por 1000"},"content":{"rendered":"<h2>Saco de hamb\u00farguer<\/h2>\n<hr>\n<h3>Descri\u00e7\u00e3o do nosso saco de papel vegetal para hamb\u00fargueres 14 + 6,5 x 25 cm por 1000<\/h3>\n<p><!--more--><\/p>\n<div class=\"flex-1 overflow-hidden\">\n<div class=\"h-full\">\n<div class=\"react-scroll-to-bottom--css-topht-79elbk h-full\">\n<div class=\"react-scroll-to-bottom--css-topht-1n7m0yu\">\n<div class=\"flex flex-col text-sm md:pb-9\">\n<article class=\"w-full text-token-text-primary focus-visible:outline-2 focus-visible:outline-offset-[-4px]\" dir=\"auto\" data-testid=\"conversation-turn-3\" data-scroll-anchor=\"true\">\n<div class=\"text-base py-[18px] px-3 md:px-4 m-auto w-full md:px-5 lg:px-1 xl:px-5\">\n<div class=\"mx-auto flex flex-1 gap-4 text-base md:gap-5 lg:gap-6 md:max-w-3xl lg:max-w-[40rem] xl:max-w-[48rem]\">\n<div class=\"group\/conversation-turn relative flex w-full min-w-0 flex-col agent-turn\">\n<div class=\"flex-col gap-1 md:gap-3\">\n<div class=\"flex max-w-full flex-col flex-grow\">\n<div class=\"min-h-[20px] text-message flex w-full flex-col items-end gap-2 whitespace-normal break-words [.text-message+&amp;]:mt-5\" dir=\"auto\" data-message-author-role=\"assistant\" data-message-id=\"9b3be93c-2125-4d4a-a54f-505a21bded71\">\n<div class=\"flex w-full flex-col gap-1 empty:hidden first:pt-[3px]\">\n<div class=\"markdown prose w-full break-words dark:prose-invert light\">\n<p data-start=\"335\" data-end=\"699\">Quer seja propriet\u00e1rio de um restaurante, de um catering, de um food truck ou mesmo de uma autarquia local, o <strong>saco de<\/strong> <strong>papel<\/strong> <strong>para hamb\u00fargueres<\/strong> <strong>\u00e0 prova de gordura<\/strong> \u00e9 indispens\u00e1vel para o acondicionamento de alimentos. Com <strong>14 + 6,5 x 25 cm<\/strong>, este modelo \u00e9 perfeito para hamb\u00fargueres generosos, bagels, paninis ou qualquer outro snack quente. A sua principal vantagem? \u00c9 <g id=\"gid_3\">\u00e0 prova de gordura<\/g>, o que significa que \u00e9 resistente a gorduras, molhos e outros l\u00edquidos: acabaram-se as embalagens a pingar ou as m\u00e3os manchadas. Os seus clientes podem desfrutar da sua refei\u00e7\u00e3o sem preocupa\u00e7\u00f5es, mesmo em movimento.    <\/p>\n<p data-start=\"954\" data-end=\"1227\">Fabricado em papel de qualidade, este <strong>saco para hamb\u00fargueres<\/strong> \u00e9 simultaneamente forte e flex\u00edvel. Molda-se \u00e0 forma do produto e oferece uma boa resist\u00eancia ao calor e \u00e0 humidade. O seu formato com refor\u00e7o facilita a introdu\u00e7\u00e3o de produtos maiores ou gourmet.  <\/p>\n<p data-start=\"1229\" data-end=\"1385\">Al\u00e9m de ser pr\u00e1tico, o seu design confere uma imagem atractiva ao seu servi\u00e7o de takeaway. O resultado \u00e9 limpo, higi\u00e9nico e seguro. <\/p>\n<p data-start=\"1387\" data-end=\"1648\">Embalado em lotes de <strong>1.000<\/strong> unidades, este <strong>saco para hamb\u00fargueres<\/strong> foi concebido para uma utiliza\u00e7\u00e3o intensiva, oferecendo uma excelente rela\u00e7\u00e3o qualidade\/pre\u00e7o. \u00c9 uma solu\u00e7\u00e3o fi\u00e1vel que \u00e9 r\u00e1pida e f\u00e1cil de utilizar, facilitando o servi\u00e7o urgente e garantindo uma boa experi\u00eancia do cliente. <\/p>\n<\/div>\n<\/div>\n<\/div>\n<\/div>\n<\/div>\n<\/div>\n<\/div>\n<\/div>\n<\/article>\n<\/div>\n<\/div>\n<\/div>\n<\/div>\n<\/div>\n<p>&nbsp;<\/p>\n<p><!--more--><\/p>\n<h4><strong>As suas vantagens:<\/strong><\/h4>\n<ul>\n<li>Papel imperme\u00e1vel a gorduras: resistente a molhos, gorduras e humidade.<\/li>\n<li>Dimens\u00f5es pr\u00e1ticas: ideal para hamb\u00fargueres, bagels, paninis, etc.<\/li>\n<li>Apresenta\u00e7\u00e3o limpa e profissional.<\/li>\n<li>Adequado para estabelecimentos de takeaway e fast food.<\/li>\n<li>Embalagem econ\u00f3mica de 1000 saquetas.<\/li>\n<\/ul>\n<p>&nbsp;<\/p>\n<p><!--more--><\/p>\n<p><strong>Outras informa\u00e7\u00f5es :  <\/strong><\/p>\n<ul>\n<li><strong>Embalagem<\/strong>: Caixa de 1000<\/li>\n<li><strong>Dimens\u00f5es<\/strong>: 14 + 6,5 x 25 cm<\/li>\n<li><strong>Material<\/strong>: Papel vegetal<\/li>\n<li><strong>Cor<\/strong>: Branco \/ Deco<\/li>\n<\/ul>\n<p>&nbsp;<\/p>\n<p><!--more--><\/p>\n<p>Encontre aqui o nosso saco para hamb\u00farguer com padr\u00e3o verde : <span style=\"color: #d12727;\"><a style=\"color: #d12727;\" href=\"https:\/\/www.csj-emballages.com\/es\/produit\/500-bolsas-de-papel-para-hamburguesas-14-7-x-22-cm\/\">SCBUR22<\/a><\/span><\/p>\n<p>&nbsp;<\/p>\n<p><!--more--><\/p>\n<p><a href=\"https:\/\/www.csj-emballages.com\/pt-pt\/categorie-produit\/embalagem-de-alimentos\/padaria-e-pastelaria\/caixas-e-estojos\/caixas-de-pastelaria\/caixas-de-pastelaria-brancas\/\">V\u00ea o resto da nossa gama de caixas de pastelaria brancas<\/a><\/p>\n","protected":false},"excerpt":{"rendered":"<p>Saco de hamb\u00farguer Descri\u00e7\u00e3o do nosso saco de papel vegetal para hamb\u00fargueres 14 + 6,5 x 25 cm por 1000<\/p>\n","protected":false},"featured_media":233054,"template":"","meta":{"_acf_changed":false},"product_brand":[],"product_cat":[1141,1177,3919,1675,3474,1138,3928,3435],"product_tag":[],"class_list":{"0":"post-226853","1":"product","2":"type-product","3":"status-publish","4":"has-post-thumbnail","6":"product_cat-embalagem-de-alimentos","7":"product_cat-padaria-e-pastelaria","8":"product_cat-sacos-saquetas-e-papel","9":"product_cat-sacheries-pt-pt","10":"product_cat-sacos-para-sanduiches","11":"product_cat-restauracao","12":"product_cat-sacos-e-papel","13":"product_cat-sacos-para-hamburgueres","15":"first","16":"instock","17":"taxable","18":"shipping-taxable","19":"purchasable","20":"product-type-simple"},"acf":[],"yoast_head":"<!-- This site is optimized with the Yoast SEO Premium plugin v26.6 (Yoast SEO v26.6) - https:\/\/yoast.com\/wordpress\/plugins\/seo\/ -->\n<title>Saco para hamb\u00fargueres Papel vegetal 14 + 6,5 x 25 cm por 1000<\/title>\n<meta name=\"description\" content=\"Saco para hamb\u00farguer em papel vegetal 14 + 6,5 x 25 cm - Embalagem de 1000. Ideal para hamb\u00fargueres, paninis, bagels... Embalagem pr\u00e1tica, limpa e profissional.\" \/>\n<meta name=\"robots\" content=\"index, follow, max-snippet:-1, max-image-preview:large, max-video-preview:-1\" \/>\n<link rel=\"canonical\" href=\"https:\/\/www.csj-emballages.com\/pt-pt\/produit\/saco-de-papel-para-hamburguer-14-7-x-22-cm-por-1000\/\" \/>\n<meta property=\"og:locale\" content=\"pt_PT\" \/>\n<meta property=\"og:type\" content=\"article\" \/>\n<meta property=\"og:title\" content=\"Saco de papel vegetal para hamb\u00fargueres 14 + 6,5 x 25 cm por 1000\" \/>\n<meta property=\"og:description\" content=\"Saco para hamb\u00farguer em papel vegetal 14 + 6,5 x 25 cm - Embalagem de 1000. Ideal para hamb\u00fargueres, paninis, bagels... Embalagem pr\u00e1tica, limpa e profissional.\" \/>\n<meta property=\"og:url\" content=\"https:\/\/www.csj-emballages.com\/pt-pt\/produit\/saco-de-papel-para-hamburguer-14-7-x-22-cm-por-1000\/\" \/>\n<meta property=\"og:site_name\" content=\"CSJ Emballages\" \/>\n<meta property=\"article:publisher\" content=\"https:\/\/www.facebook.com\/csjemballages\" \/>\n<meta property=\"article:modified_time\" content=\"2026-04-30T00:15:41+00:00\" \/>\n<meta property=\"og:image\" content=\"https:\/\/www.csj-emballages.com\/wp-content\/uploads\/2025\/03\/Design-sans-titre-15.webp\" \/>\n\t<meta property=\"og:image:width\" content=\"800\" \/>\n\t<meta property=\"og:image:height\" content=\"800\" \/>\n\t<meta property=\"og:image:type\" content=\"image\/jpeg\" \/>\n<meta name=\"twitter:card\" content=\"summary_large_image\" \/>\n<meta name=\"twitter:label1\" content=\"Tempo estimado de leitura\" \/>\n\t<meta name=\"twitter:data1\" content=\"2 minutos\" \/>\n<script type=\"application\/ld+json\" class=\"yoast-schema-graph\">{\"@context\":\"https:\/\/schema.org\",\"@graph\":[{\"@type\":\"WebPage\",\"@id\":\"https:\/\/www.csj-emballages.com\/pt-pt\/produit\/saco-de-papel-para-hamburguer-14-7-x-22-cm-por-1000\/\",\"url\":\"https:\/\/www.csj-emballages.com\/pt-pt\/produit\/saco-de-papel-para-hamburguer-14-7-x-22-cm-por-1000\/\",\"name\":\"Saco para hamb\u00fargueres Papel vegetal 14 + 6,5 x 25 cm por 1000\",\"isPartOf\":{\"@id\":\"https:\/\/www.csj-emballages.com\/pt-pt\/#website\"},\"primaryImageOfPage\":{\"@id\":\"https:\/\/www.csj-emballages.com\/pt-pt\/produit\/saco-de-papel-para-hamburguer-14-7-x-22-cm-por-1000\/#primaryimage\"},\"image\":{\"@id\":\"https:\/\/www.csj-emballages.com\/pt-pt\/produit\/saco-de-papel-para-hamburguer-14-7-x-22-cm-por-1000\/#primaryimage\"},\"thumbnailUrl\":\"https:\/\/www.csj-emballages.com\/wp-content\/uploads\/2025\/03\/Design-sans-titre-15.webp\",\"datePublished\":\"2025-03-01T01:18:13+00:00\",\"dateModified\":\"2026-04-30T00:15:41+00:00\",\"description\":\"Saco para hamb\u00farguer em papel vegetal 14 + 6,5 x 25 cm - Embalagem de 1000. Ideal para hamb\u00fargueres, paninis, bagels... Embalagem pr\u00e1tica, limpa e profissional.\",\"breadcrumb\":{\"@id\":\"https:\/\/www.csj-emballages.com\/pt-pt\/produit\/saco-de-papel-para-hamburguer-14-7-x-22-cm-por-1000\/#breadcrumb\"},\"inLanguage\":\"pt-PT\",\"potentialAction\":[{\"@type\":\"ReadAction\",\"target\":[\"https:\/\/www.csj-emballages.com\/pt-pt\/produit\/saco-de-papel-para-hamburguer-14-7-x-22-cm-por-1000\/\"]}]},{\"@type\":\"ImageObject\",\"inLanguage\":\"pt-PT\",\"@id\":\"https:\/\/www.csj-emballages.com\/pt-pt\/produit\/saco-de-papel-para-hamburguer-14-7-x-22-cm-por-1000\/#primaryimage\",\"url\":\"https:\/\/www.csj-emballages.com\/wp-content\/uploads\/2025\/03\/Design-sans-titre-15.webp\",\"contentUrl\":\"https:\/\/www.csj-emballages.com\/wp-content\/uploads\/2025\/03\/Design-sans-titre-15.webp\",\"width\":800,\"height\":800,\"caption\":\"Sachet burger\"},{\"@type\":\"BreadcrumbList\",\"@id\":\"https:\/\/www.csj-emballages.com\/pt-pt\/produit\/saco-de-papel-para-hamburguer-14-7-x-22-cm-por-1000\/#breadcrumb\",\"itemListElement\":[{\"@type\":\"ListItem\",\"position\":1,\"name\":\"Acolhimento\",\"item\":\"https:\/\/www.csj-emballages.com\/pt-pt\/universo-das-embalagens-alimentares\/\"},{\"@type\":\"ListItem\",\"position\":2,\"name\":\"Shop\",\"item\":\"https:\/\/www.csj-emballages.com\/shop\/\"},{\"@type\":\"ListItem\",\"position\":3,\"name\":\"Saco de papel vegetal para hamb\u00fargueres 14 + 6,5 x 25 cm por 1000\"}]},{\"@type\":\"WebSite\",\"@id\":\"https:\/\/www.csj-emballages.com\/pt-pt\/#website\",\"url\":\"https:\/\/www.csj-emballages.com\/pt-pt\/\",\"name\":\"CSJ Emballages\",\"description\":\"\",\"publisher\":{\"@id\":\"https:\/\/www.csj-emballages.com\/pt-pt\/#organization\"},\"potentialAction\":[{\"@type\":\"SearchAction\",\"target\":{\"@type\":\"EntryPoint\",\"urlTemplate\":\"https:\/\/www.csj-emballages.com\/pt-pt\/?s={search_term_string}\"},\"query-input\":{\"@type\":\"PropertyValueSpecification\",\"valueRequired\":true,\"valueName\":\"search_term_string\"}}],\"inLanguage\":\"pt-PT\"},{\"@type\":\"Organization\",\"@id\":\"https:\/\/www.csj-emballages.com\/pt-pt\/#Organization\/\",\"name\":\"CSJ Emballages\",\"url\":\"https:\/\/www.csj-emballages.com\/pt-pt\/\",\"logo\":{\"@type\":\"ImageObject\",\"inLanguage\":\"pt-PT\",\"@id\":\"https:\/\/www.csj-emballages.com\/pt-pt\/#\/schema\/logo\/image\/\",\"url\":\"https:\/\/www.csj-emballages.com\/wp-content\/uploads\/2023\/10\/logo_csj.webp\",\"contentUrl\":\"https:\/\/www.csj-emballages.com\/wp-content\/uploads\/2023\/10\/logo_csj.webp\",\"width\":250,\"height\":95,\"caption\":\"CSJ Emballages\"},\"image\":{\"@id\":\"https:\/\/www.csj-emballages.com\/pt-pt\/#\/schema\/logo\/image\/\"},\"sameAs\":[\"https:\/\/www.facebook.com\/csjemballages\"],\"address\":{\"@type\":\"PostalAddress\",\"streetAddress\":\"ZI La Lechere\",\"addressLocality\":\"Patornay\",\"postalCode\":\"39130\",\"addressCountry\":\"FR\"},\"contactPoint\":[{\"@type\":\"ContactPoint\",\"contactType\":\"Service client\",\"telephone\":\"0384254272\",\"email\":\"contact@csj-emballages.com\"}]}]}<\/script>\n<!-- \/ Yoast SEO Premium plugin. -->","yoast_head_json":{"title":"Saco para hamb\u00fargueres Papel vegetal 14 + 6,5 x 25 cm por 1000","description":"Saco para hamb\u00farguer em papel vegetal 14 + 6,5 x 25 cm - Embalagem de 1000. Ideal para hamb\u00fargueres, paninis, bagels... Embalagem pr\u00e1tica, limpa e profissional.","robots":{"index":"index","follow":"follow","max-snippet":"max-snippet:-1","max-image-preview":"max-image-preview:large","max-video-preview":"max-video-preview:-1"},"canonical":"https:\/\/www.csj-emballages.com\/pt-pt\/produit\/saco-de-papel-para-hamburguer-14-7-x-22-cm-por-1000\/","og_locale":"pt_PT","og_type":"article","og_title":"Saco de papel vegetal para hamb\u00fargueres 14 + 6,5 x 25 cm por 1000","og_description":"Saco para hamb\u00farguer em papel vegetal 14 + 6,5 x 25 cm - Embalagem de 1000. Ideal para hamb\u00fargueres, paninis, bagels... Embalagem pr\u00e1tica, limpa e profissional.","og_url":"https:\/\/www.csj-emballages.com\/pt-pt\/produit\/saco-de-papel-para-hamburguer-14-7-x-22-cm-por-1000\/","og_site_name":"CSJ Emballages","article_publisher":"https:\/\/www.facebook.com\/csjemballages","article_modified_time":"2026-04-30T00:15:41+00:00","og_image":[{"width":800,"height":800,"url":"https:\/\/www.csj-emballages.com\/wp-content\/uploads\/2025\/03\/Design-sans-titre-15.webp","type":"image\/jpeg"}],"twitter_card":"summary_large_image","twitter_misc":{"Tempo estimado de leitura":"2 minutos"},"schema":{"@context":"https:\/\/schema.org","@graph":[{"@type":"WebPage","@id":"https:\/\/www.csj-emballages.com\/pt-pt\/produit\/saco-de-papel-para-hamburguer-14-7-x-22-cm-por-1000\/","url":"https:\/\/www.csj-emballages.com\/pt-pt\/produit\/saco-de-papel-para-hamburguer-14-7-x-22-cm-por-1000\/","name":"Saco para hamb\u00fargueres Papel vegetal 14 + 6,5 x 25 cm por 1000","isPartOf":{"@id":"https:\/\/www.csj-emballages.com\/pt-pt\/#website"},"primaryImageOfPage":{"@id":"https:\/\/www.csj-emballages.com\/pt-pt\/produit\/saco-de-papel-para-hamburguer-14-7-x-22-cm-por-1000\/#primaryimage"},"image":{"@id":"https:\/\/www.csj-emballages.com\/pt-pt\/produit\/saco-de-papel-para-hamburguer-14-7-x-22-cm-por-1000\/#primaryimage"},"thumbnailUrl":"https:\/\/www.csj-emballages.com\/wp-content\/uploads\/2025\/03\/Design-sans-titre-15.webp","datePublished":"2025-03-01T01:18:13+00:00","dateModified":"2026-04-30T00:15:41+00:00","description":"Saco para hamb\u00farguer em papel vegetal 14 + 6,5 x 25 cm - Embalagem de 1000. Ideal para hamb\u00fargueres, paninis, bagels... Embalagem pr\u00e1tica, limpa e profissional.","breadcrumb":{"@id":"https:\/\/www.csj-emballages.com\/pt-pt\/produit\/saco-de-papel-para-hamburguer-14-7-x-22-cm-por-1000\/#breadcrumb"},"inLanguage":"pt-PT","potentialAction":[{"@type":"ReadAction","target":["https:\/\/www.csj-emballages.com\/pt-pt\/produit\/saco-de-papel-para-hamburguer-14-7-x-22-cm-por-1000\/"]}]},{"@type":"ImageObject","inLanguage":"pt-PT","@id":"https:\/\/www.csj-emballages.com\/pt-pt\/produit\/saco-de-papel-para-hamburguer-14-7-x-22-cm-por-1000\/#primaryimage","url":"https:\/\/www.csj-emballages.com\/wp-content\/uploads\/2025\/03\/Design-sans-titre-15.webp","contentUrl":"https:\/\/www.csj-emballages.com\/wp-content\/uploads\/2025\/03\/Design-sans-titre-15.webp","width":800,"height":800,"caption":"Sachet burger"},{"@type":"BreadcrumbList","@id":"https:\/\/www.csj-emballages.com\/pt-pt\/produit\/saco-de-papel-para-hamburguer-14-7-x-22-cm-por-1000\/#breadcrumb","itemListElement":[{"@type":"ListItem","position":1,"name":"Acolhimento","item":"https:\/\/www.csj-emballages.com\/pt-pt\/universo-das-embalagens-alimentares\/"},{"@type":"ListItem","position":2,"name":"Shop","item":"https:\/\/www.csj-emballages.com\/shop\/"},{"@type":"ListItem","position":3,"name":"Saco de papel vegetal para hamb\u00fargueres 14 + 6,5 x 25 cm por 1000"}]},{"@type":"WebSite","@id":"https:\/\/www.csj-emballages.com\/pt-pt\/#website","url":"https:\/\/www.csj-emballages.com\/pt-pt\/","name":"CSJ Emballages","description":"","publisher":{"@id":"https:\/\/www.csj-emballages.com\/pt-pt\/#organization"},"potentialAction":[{"@type":"SearchAction","target":{"@type":"EntryPoint","urlTemplate":"https:\/\/www.csj-emballages.com\/pt-pt\/?s={search_term_string}"},"query-input":{"@type":"PropertyValueSpecification","valueRequired":true,"valueName":"search_term_string"}}],"inLanguage":"pt-PT"},{"@type":"Organization","@id":"https:\/\/www.csj-emballages.com\/pt-pt\/#Organization\/","name":"CSJ Emballages","url":"https:\/\/www.csj-emballages.com\/pt-pt\/","logo":{"@type":"ImageObject","inLanguage":"pt-PT","@id":"https:\/\/www.csj-emballages.com\/pt-pt\/#\/schema\/logo\/image\/","url":"https:\/\/www.csj-emballages.com\/wp-content\/uploads\/2023\/10\/logo_csj.webp","contentUrl":"https:\/\/www.csj-emballages.com\/wp-content\/uploads\/2023\/10\/logo_csj.webp","width":250,"height":95,"caption":"CSJ Emballages"},"image":{"@id":"https:\/\/www.csj-emballages.com\/pt-pt\/#\/schema\/logo\/image\/"},"sameAs":["https:\/\/www.facebook.com\/csjemballages"],"address":{"@type":"PostalAddress","streetAddress":"ZI La Lechere","addressLocality":"Patornay","postalCode":"39130","addressCountry":"FR"},"contactPoint":[{"@type":"ContactPoint","contactType":"Service client","telephone":"0384254272","email":"contact@csj-emballages.com"}]}]}},"df_price":24.78,"df_sale_price":"","df_regular_price":24.78,"df_image_link":"https:\/\/www.csj-emballages.com\/wp-content\/uploads\/2025\/03\/Design-sans-titre-15-300x300.webp","tiered_pricing_type":"fixed","tiered_pricing_fixed_rules":[],"tiered_pricing_percentage_rules":[],"tiered_pricing_minimum":1,"tiered_pricing_roles_data":[],"_links":{"self":[{"href":"https:\/\/www.csj-emballages.com\/pt-pt\/wp-json\/wp\/v2\/product\/226853","targetHints":{"allow":["GET"]}}],"collection":[{"href":"https:\/\/www.csj-emballages.com\/pt-pt\/wp-json\/wp\/v2\/product"}],"about":[{"href":"https:\/\/www.csj-emballages.com\/pt-pt\/wp-json\/wp\/v2\/types\/product"}],"wp:featuredmedia":[{"embeddable":true,"href":"https:\/\/www.csj-emballages.com\/pt-pt\/wp-json\/wp\/v2\/media\/233054"}],"wp:attachment":[{"href":"https:\/\/www.csj-emballages.com\/pt-pt\/wp-json\/wp\/v2\/media?parent=226853"}],"wp:term":[{"taxonomy":"product_brand","embeddable":true,"href":"https:\/\/www.csj-emballages.com\/pt-pt\/wp-json\/wp\/v2\/product_brand?post=226853"},{"taxonomy":"product_cat","embeddable":true,"href":"https:\/\/www.csj-emballages.com\/pt-pt\/wp-json\/wp\/v2\/product_cat?post=226853"},{"taxonomy":"product_tag","embeddable":true,"href":"https:\/\/www.csj-emballages.com\/pt-pt\/wp-json\/wp\/v2\/product_tag?post=226853"}],"curies":[{"name":"wp","href":"https:\/\/api.w.org\/{rel}","templated":true}]}}