{"id":226819,"date":"2025-02-27T17:08:12","date_gmt":"2025-02-27T16:08:12","guid":{"rendered":"https:\/\/www.csj-emballages.com\/?post_type=product&#038;p=226819"},"modified":"2026-04-17T02:15:34","modified_gmt":"2026-04-17T00:15:34","slug":"saladeira-kraft-780-ml-por-50","status":"publish","type":"product","link":"https:\/\/www.csj-emballages.com\/pt-pt\/produit\/saladeira-kraft-780-ml-por-50\/","title":{"rendered":"Saladeira Kraft 780 ml por 50"},"content":{"rendered":"<h2>Saladeira<\/h2>\n<hr>\n<h3>Descri\u00e7\u00e3o da nossa saladeira redonda kraft 780 ml por 50<\/h3>\n<p><!--more--><\/p>\n<p data-start=\"275\" data-end=\"701\">Esta <strong>saladeira kraft<\/strong> <strong>de 780<\/strong> ml \u00e9 o tipo de recipiente que se torna imediatamente favorito devido \u00e0 sua simplicidade, praticidade e versatilidade. Com o seu formato redondo e equilibrado, pode facilmente servir todo o tipo de prepara\u00e7\u00f5es: <strong>saladas mistas<\/strong>, <strong>tigelas quentes<\/strong>, <strong>crousty<\/strong>, <strong>massas<\/strong> ou <strong>legumes<\/strong>. \u00c0 primeira vista, o seu aspeto kraft confere-lhe um toque natural e moderno que agrada tanto aos profissionais como aos clientes.  <\/p>\n<p data-start=\"703\" data-end=\"1074\">Gra\u00e7as \u00e0 sua capacidade <strong>de 780<\/strong> ml, oferece por\u00e7\u00f5es generosas sem ser excessivo. \u00c9 o tamanho ideal para uma refei\u00e7\u00e3o completa para levar ou comer em viagem. Da mesma forma, a sua estrutura r\u00edgida garante-lhe uma boa resist\u00eancia, mesmo com pratos bem recheados ou com um ligeiro molho. \u00c9 f\u00e1cil de transportar, sem receio de derrames ou esmagamento.   <\/p>\n<p data-start=\"1076\" data-end=\"1388\">Outro aspeto positivo desta <strong>ta\u00e7a<\/strong> \u00e9 o facto de poder ser utilizada para uma vasta gama de fins. \u00c9 perfeita para restaurantes, snack-bares, food-trucks, lojas de sandes ou mesmo eventos. O seu design s\u00f3brio d\u00e1-lhe tamb\u00e9m a liberdade de acrescentar uma tampa, uma etiqueta ou um log\u00f3tipo para refor\u00e7ar a sua identidade visual.  <\/p>\n<p data-start=\"1390\" data-end=\"1615\">Vendido <strong data-start=\"1396\" data-end=\"1413\">em embalagens de 50 unidades<\/strong>, permite-lhe gerir o seu stock de forma inteligente, sem ocupar um espa\u00e7o de armazenamento valioso. \u00c9 a solu\u00e7\u00e3o ideal para os profissionais que desejam combinar praticidade, est\u00e9tica e efic\u00e1cia no quotidiano. <\/p>\n<p data-start=\"1617\" data-end=\"1794\">Em suma, esta <strong>saladeira kraft<\/strong> n\u00e3o se limita a guardar um prato: melhora as suas receitas e simplifica o servi\u00e7o, ao mesmo tempo que oferece uma apresenta\u00e7\u00e3o simples e contempor\u00e2nea.<\/p>\n<p data-start=\"763\" data-end=\"1088\">\n<p data-start=\"763\" data-end=\"1088\"><!--more--><\/p>\n<p data-start=\"763\" data-end=\"1088\">Esta ta\u00e7a pode ser utilizada com uma <strong data-start=\"589\" data-end=\"640\">tampa PET transparente (combina\u00e7\u00e3o vendida separadamente)<\/strong> para uma maior comodidade, permitindo que os clientes vejam o conte\u00fado enquanto mant\u00eam os alimentos frescos.<\/p>\n<p data-start=\"763\" data-end=\"1088\">\n<p data-start=\"763\" data-end=\"1088\"><!--more--><\/p>\n<p><span style=\"color: #ff0000;\"><strong>*Op\u00e7\u00f5es de personaliza\u00e7\u00e3o<\/strong><\/span><\/p>\n<p>&nbsp;<\/p>\n<p><!--more--><\/p>\n<h4>Vantagens :<\/h4>\n<ul>\n<li data-start=\"1822\" data-end=\"1868\">Formato <strong>de 780 ml<\/strong> perfeito para ta\u00e7as e saladas.<\/li>\n<li data-start=\"1871\" data-end=\"1928\">Boa rigidez, mesmo com pratos quentes ou molhos.<\/li>\n<li data-start=\"1931\" data-end=\"1964\">Aspeto natural e moderno do kraft.<\/li>\n<li data-start=\"1967\" data-end=\"2003\">Vers\u00e1til: salgado, quente ou frio.<\/li>\n<li data-start=\"2006\" data-end=\"2032\">Embalagem pr\u00e1tica de<strong> 50.<\/strong><\/li>\n<\/ul>\n<p>&nbsp;<\/p>\n<p><!--more--><\/p>\n<h4>Outras informa\u00e7\u00f5es :<\/h4>\n<ul>\n<li><strong>Embalagem<\/strong>: Pacote de 50<\/li>\n<li><strong>Volume<\/strong>: 780 ml<\/li>\n<li><strong>Di\u00e2metro inferior<\/strong>: 130 mm<\/li>\n<li><strong>Di\u00e2metro superior<\/strong>: 150 mm<\/li>\n<li><strong>Altura<\/strong>: 58 mm<\/li>\n<li><strong>Material<\/strong>: Cart\u00e3o \/ PP<\/li>\n<li><strong>Cor<\/strong>: castanho<\/li>\n<li><strong>Utiliza\u00e7\u00e3o<\/strong>: Frio \/ Quente<\/li>\n<\/ul>\n<p>&nbsp;<\/p>\n<p><!--more--><\/p>\n<p>Encontra aqui a combina\u00e7\u00e3o saladeira + tampa : <span style=\"color: #d12727;\"><a style=\"color: #d12727;\" href=\"https:\/\/www.csj-emballages.com\/es\/produit\/25-ensaladeras-kraft-tapas-pet-750-ml\/\">PO750KGE<\/a><\/span><\/p>\n<p>&nbsp;<\/p>\n<p><!--more--><\/p>\n<p>Este produto est\u00e1 dispon\u00edvel em v\u00e1rios tamanhos: <span style=\"color: #d12727;\"><a style=\"color: #d12727;\" href=\"https:\/\/www.csj-emballages.com\/es\/produit\/50-tarros-redondos-kraft-500-ml\/\">500 ml<\/a><\/span> \/ <span style=\"color: #d12727;\"><a style=\"color: #d12727;\" href=\"https:\/\/www.csj-emballages.com\/es\/produit\/ensaladera-redonda-kraft-960-ml-a-50\/\">960 ml<\/a><\/span> \/ <span style=\"color: #d12727;\"><a style=\"color: #d12727;\" href=\"https:\/\/www.csj-emballages.com\/es\/produit\/ensaladera-redonda-kraft-1100-ml\/\">1100 ml<\/a><\/span> \/ <span style=\"color: #d12727;\"><a style=\"color: #d12727;\" href=\"https:\/\/www.csj-emballages.com\/produit\/50-bol-salade-kraft-1250-ml\/\">1250 ml<\/a><\/span><\/p>\n<p>&nbsp;<\/p>\n<p><!--more--><\/p>\n<p><a href=\"https:\/\/www.csj-emballages.com\/pt-pt\/categorie-produit\/embalagem-de-alimentos\/restauracao\/tachos-tigelas-suportes-para-copos\/frascos-de-salada-kraft\/\">V\u00ea o resto da nossa gama de saladeiras kraft<\/a><\/p>\n","protected":false},"excerpt":{"rendered":"<p>Saladeira Descri\u00e7\u00e3o da nossa saladeira redonda kraft 780 ml por 50<\/p>\n","protected":false},"featured_media":224522,"template":"","meta":{"_acf_changed":false},"product_brand":[],"product_cat":[1141,1138,3927,3150],"product_tag":[],"class_list":{"0":"post-226819","1":"product","2":"type-product","3":"status-publish","4":"has-post-thumbnail","6":"product_cat-embalagem-de-alimentos","7":"product_cat-restauracao","8":"product_cat-tachos-tigelas-suportes-para-copos","9":"product_cat-frascos-de-salada-kraft","11":"first","12":"instock","13":"taxable","14":"shipping-taxable","15":"purchasable","16":"product-type-simple"},"acf":[],"yoast_head":"<!-- This site is optimized with the Yoast SEO Premium plugin v26.6 (Yoast SEO v26.6) - https:\/\/yoast.com\/wordpress\/plugins\/seo\/ -->\n<title>Saladeira Kraft 780 ml \u00e0 50<\/title>\n<meta name=\"description\" content=\"Descobre a nossa saladeira kraft de 780 ml, perfeita para pratos quentes ou frios. Resistente, ecol\u00f3gica e atraente, \u00e9 ideal para a venda no local.\" \/>\n<meta name=\"robots\" content=\"index, follow, max-snippet:-1, max-image-preview:large, max-video-preview:-1\" \/>\n<link rel=\"canonical\" href=\"https:\/\/www.csj-emballages.com\/pt-pt\/produit\/saladeira-kraft-780-ml-por-50\/\" \/>\n<meta property=\"og:locale\" content=\"pt_PT\" \/>\n<meta property=\"og:type\" content=\"article\" \/>\n<meta property=\"og:title\" content=\"Saladeira Kraft 780 ml por 50\" \/>\n<meta property=\"og:description\" content=\"Descobre a nossa saladeira kraft de 780 ml, perfeita para pratos quentes ou frios. Resistente, ecol\u00f3gica e atraente, \u00e9 ideal para a venda no local.\" \/>\n<meta property=\"og:url\" content=\"https:\/\/www.csj-emballages.com\/pt-pt\/produit\/saladeira-kraft-780-ml-por-50\/\" \/>\n<meta property=\"og:site_name\" content=\"CSJ Emballages\" \/>\n<meta property=\"article:publisher\" content=\"https:\/\/www.facebook.com\/csjemballages\" \/>\n<meta property=\"article:modified_time\" content=\"2026-04-17T00:15:34+00:00\" \/>\n<meta property=\"og:image\" content=\"https:\/\/www.csj-emballages.com\/wp-content\/uploads\/2024\/12\/PO780K.webp\" \/>\n\t<meta property=\"og:image:width\" content=\"800\" \/>\n\t<meta property=\"og:image:height\" content=\"800\" \/>\n\t<meta property=\"og:image:type\" content=\"image\/webp\" \/>\n<meta name=\"twitter:card\" content=\"summary_large_image\" \/>\n<meta name=\"twitter:label1\" content=\"Tempo estimado de leitura\" \/>\n\t<meta name=\"twitter:data1\" content=\"2 minutos\" \/>\n<script type=\"application\/ld+json\" class=\"yoast-schema-graph\">{\"@context\":\"https:\/\/schema.org\",\"@graph\":[{\"@type\":\"WebPage\",\"@id\":\"https:\/\/www.csj-emballages.com\/pt-pt\/produit\/saladeira-kraft-780-ml-por-50\/\",\"url\":\"https:\/\/www.csj-emballages.com\/pt-pt\/produit\/saladeira-kraft-780-ml-por-50\/\",\"name\":\"Saladeira Kraft 780 ml \u00e0 50\",\"isPartOf\":{\"@id\":\"https:\/\/www.csj-emballages.com\/pt-pt\/#website\"},\"primaryImageOfPage\":{\"@id\":\"https:\/\/www.csj-emballages.com\/pt-pt\/produit\/saladeira-kraft-780-ml-por-50\/#primaryimage\"},\"image\":{\"@id\":\"https:\/\/www.csj-emballages.com\/pt-pt\/produit\/saladeira-kraft-780-ml-por-50\/#primaryimage\"},\"thumbnailUrl\":\"https:\/\/www.csj-emballages.com\/wp-content\/uploads\/2024\/12\/PO780K.webp\",\"datePublished\":\"2025-02-27T16:08:12+00:00\",\"dateModified\":\"2026-04-17T00:15:34+00:00\",\"description\":\"Descobre a nossa saladeira kraft de 780 ml, perfeita para pratos quentes ou frios. Resistente, ecol\u00f3gica e atraente, \u00e9 ideal para a venda no local.\",\"breadcrumb\":{\"@id\":\"https:\/\/www.csj-emballages.com\/pt-pt\/produit\/saladeira-kraft-780-ml-por-50\/#breadcrumb\"},\"inLanguage\":\"pt-PT\",\"potentialAction\":[{\"@type\":\"ReadAction\",\"target\":[\"https:\/\/www.csj-emballages.com\/pt-pt\/produit\/saladeira-kraft-780-ml-por-50\/\"]}]},{\"@type\":\"ImageObject\",\"inLanguage\":\"pt-PT\",\"@id\":\"https:\/\/www.csj-emballages.com\/pt-pt\/produit\/saladeira-kraft-780-ml-por-50\/#primaryimage\",\"url\":\"https:\/\/www.csj-emballages.com\/wp-content\/uploads\/2024\/12\/PO780K.webp\",\"contentUrl\":\"https:\/\/www.csj-emballages.com\/wp-content\/uploads\/2024\/12\/PO780K.webp\",\"width\":800,\"height\":800,\"caption\":\"Bol salade\"},{\"@type\":\"BreadcrumbList\",\"@id\":\"https:\/\/www.csj-emballages.com\/pt-pt\/produit\/saladeira-kraft-780-ml-por-50\/#breadcrumb\",\"itemListElement\":[{\"@type\":\"ListItem\",\"position\":1,\"name\":\"Acolhimento\",\"item\":\"https:\/\/www.csj-emballages.com\/pt-pt\/universo-das-embalagens-alimentares\/\"},{\"@type\":\"ListItem\",\"position\":2,\"name\":\"Shop\",\"item\":\"https:\/\/www.csj-emballages.com\/shop\/\"},{\"@type\":\"ListItem\",\"position\":3,\"name\":\"Saladeira Kraft 780 ml por 50\"}]},{\"@type\":\"WebSite\",\"@id\":\"https:\/\/www.csj-emballages.com\/pt-pt\/#website\",\"url\":\"https:\/\/www.csj-emballages.com\/pt-pt\/\",\"name\":\"CSJ Emballages\",\"description\":\"\",\"publisher\":{\"@id\":\"https:\/\/www.csj-emballages.com\/pt-pt\/#organization\"},\"potentialAction\":[{\"@type\":\"SearchAction\",\"target\":{\"@type\":\"EntryPoint\",\"urlTemplate\":\"https:\/\/www.csj-emballages.com\/pt-pt\/?s={search_term_string}\"},\"query-input\":{\"@type\":\"PropertyValueSpecification\",\"valueRequired\":true,\"valueName\":\"search_term_string\"}}],\"inLanguage\":\"pt-PT\"},{\"@type\":\"Organization\",\"@id\":\"https:\/\/www.csj-emballages.com\/pt-pt\/#Organization\/\",\"name\":\"CSJ Emballages\",\"url\":\"https:\/\/www.csj-emballages.com\/pt-pt\/\",\"logo\":{\"@type\":\"ImageObject\",\"inLanguage\":\"pt-PT\",\"@id\":\"https:\/\/www.csj-emballages.com\/pt-pt\/#\/schema\/logo\/image\/\",\"url\":\"https:\/\/www.csj-emballages.com\/wp-content\/uploads\/2023\/10\/logo_csj.webp\",\"contentUrl\":\"https:\/\/www.csj-emballages.com\/wp-content\/uploads\/2023\/10\/logo_csj.webp\",\"width\":250,\"height\":95,\"caption\":\"CSJ Emballages\"},\"image\":{\"@id\":\"https:\/\/www.csj-emballages.com\/pt-pt\/#\/schema\/logo\/image\/\"},\"sameAs\":[\"https:\/\/www.facebook.com\/csjemballages\"],\"address\":{\"@type\":\"PostalAddress\",\"streetAddress\":\"ZI La Lechere\",\"addressLocality\":\"Patornay\",\"postalCode\":\"39130\",\"addressCountry\":\"FR\"},\"contactPoint\":[{\"@type\":\"ContactPoint\",\"contactType\":\"Service client\",\"telephone\":\"0384254272\",\"email\":\"contact@csj-emballages.com\"}]}]}<\/script>\n<!-- \/ Yoast SEO Premium plugin. -->","yoast_head_json":{"title":"Saladeira Kraft 780 ml \u00e0 50","description":"Descobre a nossa saladeira kraft de 780 ml, perfeita para pratos quentes ou frios. Resistente, ecol\u00f3gica e atraente, \u00e9 ideal para a venda no local.","robots":{"index":"index","follow":"follow","max-snippet":"max-snippet:-1","max-image-preview":"max-image-preview:large","max-video-preview":"max-video-preview:-1"},"canonical":"https:\/\/www.csj-emballages.com\/pt-pt\/produit\/saladeira-kraft-780-ml-por-50\/","og_locale":"pt_PT","og_type":"article","og_title":"Saladeira Kraft 780 ml por 50","og_description":"Descobre a nossa saladeira kraft de 780 ml, perfeita para pratos quentes ou frios. Resistente, ecol\u00f3gica e atraente, \u00e9 ideal para a venda no local.","og_url":"https:\/\/www.csj-emballages.com\/pt-pt\/produit\/saladeira-kraft-780-ml-por-50\/","og_site_name":"CSJ Emballages","article_publisher":"https:\/\/www.facebook.com\/csjemballages","article_modified_time":"2026-04-17T00:15:34+00:00","og_image":[{"width":800,"height":800,"url":"https:\/\/www.csj-emballages.com\/wp-content\/uploads\/2024\/12\/PO780K.webp","type":"image\/webp"}],"twitter_card":"summary_large_image","twitter_misc":{"Tempo estimado de leitura":"2 minutos"},"schema":{"@context":"https:\/\/schema.org","@graph":[{"@type":"WebPage","@id":"https:\/\/www.csj-emballages.com\/pt-pt\/produit\/saladeira-kraft-780-ml-por-50\/","url":"https:\/\/www.csj-emballages.com\/pt-pt\/produit\/saladeira-kraft-780-ml-por-50\/","name":"Saladeira Kraft 780 ml \u00e0 50","isPartOf":{"@id":"https:\/\/www.csj-emballages.com\/pt-pt\/#website"},"primaryImageOfPage":{"@id":"https:\/\/www.csj-emballages.com\/pt-pt\/produit\/saladeira-kraft-780-ml-por-50\/#primaryimage"},"image":{"@id":"https:\/\/www.csj-emballages.com\/pt-pt\/produit\/saladeira-kraft-780-ml-por-50\/#primaryimage"},"thumbnailUrl":"https:\/\/www.csj-emballages.com\/wp-content\/uploads\/2024\/12\/PO780K.webp","datePublished":"2025-02-27T16:08:12+00:00","dateModified":"2026-04-17T00:15:34+00:00","description":"Descobre a nossa saladeira kraft de 780 ml, perfeita para pratos quentes ou frios. Resistente, ecol\u00f3gica e atraente, \u00e9 ideal para a venda no local.","breadcrumb":{"@id":"https:\/\/www.csj-emballages.com\/pt-pt\/produit\/saladeira-kraft-780-ml-por-50\/#breadcrumb"},"inLanguage":"pt-PT","potentialAction":[{"@type":"ReadAction","target":["https:\/\/www.csj-emballages.com\/pt-pt\/produit\/saladeira-kraft-780-ml-por-50\/"]}]},{"@type":"ImageObject","inLanguage":"pt-PT","@id":"https:\/\/www.csj-emballages.com\/pt-pt\/produit\/saladeira-kraft-780-ml-por-50\/#primaryimage","url":"https:\/\/www.csj-emballages.com\/wp-content\/uploads\/2024\/12\/PO780K.webp","contentUrl":"https:\/\/www.csj-emballages.com\/wp-content\/uploads\/2024\/12\/PO780K.webp","width":800,"height":800,"caption":"Bol salade"},{"@type":"BreadcrumbList","@id":"https:\/\/www.csj-emballages.com\/pt-pt\/produit\/saladeira-kraft-780-ml-por-50\/#breadcrumb","itemListElement":[{"@type":"ListItem","position":1,"name":"Acolhimento","item":"https:\/\/www.csj-emballages.com\/pt-pt\/universo-das-embalagens-alimentares\/"},{"@type":"ListItem","position":2,"name":"Shop","item":"https:\/\/www.csj-emballages.com\/shop\/"},{"@type":"ListItem","position":3,"name":"Saladeira Kraft 780 ml por 50"}]},{"@type":"WebSite","@id":"https:\/\/www.csj-emballages.com\/pt-pt\/#website","url":"https:\/\/www.csj-emballages.com\/pt-pt\/","name":"CSJ Emballages","description":"","publisher":{"@id":"https:\/\/www.csj-emballages.com\/pt-pt\/#organization"},"potentialAction":[{"@type":"SearchAction","target":{"@type":"EntryPoint","urlTemplate":"https:\/\/www.csj-emballages.com\/pt-pt\/?s={search_term_string}"},"query-input":{"@type":"PropertyValueSpecification","valueRequired":true,"valueName":"search_term_string"}}],"inLanguage":"pt-PT"},{"@type":"Organization","@id":"https:\/\/www.csj-emballages.com\/pt-pt\/#Organization\/","name":"CSJ Emballages","url":"https:\/\/www.csj-emballages.com\/pt-pt\/","logo":{"@type":"ImageObject","inLanguage":"pt-PT","@id":"https:\/\/www.csj-emballages.com\/pt-pt\/#\/schema\/logo\/image\/","url":"https:\/\/www.csj-emballages.com\/wp-content\/uploads\/2023\/10\/logo_csj.webp","contentUrl":"https:\/\/www.csj-emballages.com\/wp-content\/uploads\/2023\/10\/logo_csj.webp","width":250,"height":95,"caption":"CSJ Emballages"},"image":{"@id":"https:\/\/www.csj-emballages.com\/pt-pt\/#\/schema\/logo\/image\/"},"sameAs":["https:\/\/www.facebook.com\/csjemballages"],"address":{"@type":"PostalAddress","streetAddress":"ZI La Lechere","addressLocality":"Patornay","postalCode":"39130","addressCountry":"FR"},"contactPoint":[{"@type":"ContactPoint","contactType":"Service client","telephone":"0384254272","email":"contact@csj-emballages.com"}]}]}},"df_price":6.71,"df_sale_price":"","df_regular_price":6.71,"df_image_link":"https:\/\/www.csj-emballages.com\/wp-content\/uploads\/2024\/12\/PO780K-300x300.webp","tiered_pricing_type":"fixed","tiered_pricing_fixed_rules":[],"tiered_pricing_percentage_rules":[],"tiered_pricing_minimum":1,"tiered_pricing_roles_data":[],"_links":{"self":[{"href":"https:\/\/www.csj-emballages.com\/pt-pt\/wp-json\/wp\/v2\/product\/226819","targetHints":{"allow":["GET"]}}],"collection":[{"href":"https:\/\/www.csj-emballages.com\/pt-pt\/wp-json\/wp\/v2\/product"}],"about":[{"href":"https:\/\/www.csj-emballages.com\/pt-pt\/wp-json\/wp\/v2\/types\/product"}],"wp:featuredmedia":[{"embeddable":true,"href":"https:\/\/www.csj-emballages.com\/pt-pt\/wp-json\/wp\/v2\/media\/224522"}],"wp:attachment":[{"href":"https:\/\/www.csj-emballages.com\/pt-pt\/wp-json\/wp\/v2\/media?parent=226819"}],"wp:term":[{"taxonomy":"product_brand","embeddable":true,"href":"https:\/\/www.csj-emballages.com\/pt-pt\/wp-json\/wp\/v2\/product_brand?post=226819"},{"taxonomy":"product_cat","embeddable":true,"href":"https:\/\/www.csj-emballages.com\/pt-pt\/wp-json\/wp\/v2\/product_cat?post=226819"},{"taxonomy":"product_tag","embeddable":true,"href":"https:\/\/www.csj-emballages.com\/pt-pt\/wp-json\/wp\/v2\/product_tag?post=226819"}],"curies":[{"name":"wp","href":"https:\/\/api.w.org\/{rel}","templated":true}]}}