{"id":226798,"date":"2025-02-27T17:01:42","date_gmt":"2025-02-27T16:01:42","guid":{"rendered":"https:\/\/www.csj-emballages.com\/?post_type=product&#038;p=226798"},"modified":"2026-03-24T02:15:58","modified_gmt":"2026-03-24T01:15:58","slug":"toalha-de-mesa-de-papel-damasco-marfim-em-rolo-120-x-25-m","status":"publish","type":"product","link":"https:\/\/www.csj-emballages.com\/pt-pt\/produit\/toalha-de-mesa-de-papel-damasco-marfim-em-rolo-120-x-25-m\/","title":{"rendered":"Toalha de mesa damasco de papel marfim em rolo 1,20 x 25 m"},"content":{"rendered":"<h2>Toalha de mesa em damasco<\/h2>\n<hr>\n<h3>Descri\u00e7\u00e3o da nossa toalha de mesa damasco de papel marfim em rolo 1,20 x 25 m<\/h3>\n<p><!--more--><\/p>\n<p data-start=\"276\" data-end=\"604\">Esta <strong>toalha de mesa<\/strong> em <strong>papel damasco marfim<\/strong> em <strong>rolo (1,20 x 25 metros)<\/strong> \u00e9 a solu\u00e7\u00e3o perfeita para decorar <strong>as<\/strong> suas <strong>mesas<\/strong> de forma r\u00e1pida e elegante para recep\u00e7\u00f5es, buffets, eventos empresariais ou familiares. Concebida para responder \u00e0s necessidades de <strong data-start=\"643\" data-end=\"656\">fornecedores de refei\u00e7\u00f5es<\/strong>, <strong data-start=\"658\" data-end=\"675\">propriet\u00e1rios de restaurantes<\/strong>, <strong data-start=\"677\" data-end=\"707\">organizadores de eventos<\/strong> e mesmo <strong data-start=\"720\" data-end=\"736\">particulares<\/strong>, combina est\u00e9tica, funcionalidade e economia de tempo. A sua <strong>cor marfim<\/strong> confere imediatamente um toque bo\u00e9mio \u00e0s suas mesas, ideal para festas de fim de ano, casamentos, anivers\u00e1rios ou refei\u00e7\u00f5es de empresa.   <\/p>\n<p data-start=\"995\" data-end=\"1300\">O <strong>papel damasco<\/strong> utilizado \u00e9 tamb\u00e9m de qualidade superior: mant\u00e9m-se bem sobre a mesa, resiste a pequenos acidentes de servi\u00e7o e \u00e9 f\u00e1cil de cortar. Com este <strong>rolo de 25 metros<\/strong>, pode cobrir v\u00e1rias mesas ou adaptar o comprimento \u00e0s suas necessidades individuais, sem qualquer desperd\u00edcio. <\/p>\n<p data-start=\"1302\" data-end=\"1517\">Em suma, r\u00e1pida de montar e visualmente deslumbrante, esta <strong>toalha de mesa em damasco marfim<\/strong> tornou-se um must-have.<\/p>\n<p data-start=\"1302\" data-end=\"1517\"><!--more--><\/p>\n<p><strong>As suas vantagens:<\/strong><\/p>\n<ul>\n<li>Elegante aspeto de damasco, efeito de tecido<\/li>\n<li>Marfim bo\u00e9mio<\/li>\n<li>Forte e est\u00e1vel na mesa<\/li>\n<li><strong>Descart\u00e1vel<\/strong>: limpeza que poupa tempo<\/li>\n<\/ul>\n<p>&nbsp;<\/p>\n<p><!--more--><\/p>\n<p><strong>Outras informa\u00e7\u00f5es :  <\/strong><\/p>\n<ul>\n<li><strong>Embalagem<\/strong>: Por unidade<\/li>\n<li><strong>Dimens\u00f5es<\/strong>: 1,20 x 25 m (L x C)<\/li>\n<li><strong>Material<\/strong>: Papel<\/li>\n<li><strong>Tipo<\/strong>: Damasco<\/li>\n<li><strong>Cor<\/strong>: Marfim<\/li>\n<\/ul>\n<p>&nbsp;<\/p>\n<p><!--more--><\/p>\n<p><span style=\"color: #d12727;\"><span style=\"color: #000000;\">Produto dispon\u00edvel em v\u00e1rias cores: <a style=\"color: #d12727;\" href=\"https:\/\/www.csj-emballages.com\/pt-pt\/produit\/toalha-de-mesa-de-papel-damasco-branco-em-rolo-120-x-25-m\/\">Branco<\/a> \/ <a style=\"color: #d12727;\" href=\"https:\/\/www.csj-emballages.com\/pt-pt\/produit\/toalha-de-mesa-de-papel-damasco-chocolate-em-rolo-118-x-25-m\/\">Chocolate<\/a> \/ <a style=\"color: #d12727;\" href=\"https:\/\/www.csj-emballages.com\/pt-pt\/produit\/toalha-de-mesa-de-papel-damasco-azul-pastel-em-rolo-120-x-25-m\/\">Azul pastel<\/a> \/ <span style=\"color: #d12727;\"><a style=\"color: #d12727;\" href=\"https:\/\/www.csj-emballages.com\/pt-pt\/produit\/toalha-de-mesa-de-papel-damasco-preto-em-rolo-120-x-25-m\/\">preto<\/a><\/span> \/ <span style=\"color: #d12727;\"><a style=\"color: #d12727;\" href=\"https:\/\/www.csj-emballages.com\/pt-pt\/produit\/toalha-de-mesa-em-papel-damasco-cinzento-em-rolo-120-x-25-m\/\">cinzento<\/a><\/span> \/ <a style=\"color: #d12727;\" href=\"https:\/\/www.csj-emballages.com\/pt-pt\/produit\/toalha-de-mesa-de-papel-damasco-vermelho-em-rolo-120-x-25-m\/\">Vermelho<\/a> \/ <a style=\"color: #d12727;\" href=\"https:\/\/www.csj-emballages.com\/pt-pt\/produit\/toalha-de-mesa-de-papel-damasco-bordeaux-em-rolo-120-x-25-m\/\">Bordeaux<\/a> \/ <a style=\"color: #d12727;\" href=\"https:\/\/www.csj-emballages.com\/pt-pt\/produit\/toalha-de-mesa-de-papel-damasco-azul-marinho-em-rolo-120-x-25-m\/\">Marinho<\/a> \/ <a style=\"color: #d12727;\" href=\"https:\/\/www.csj-emballages.com\/pt-pt\/produit\/toalha-de-mesa-de-papel-damasco-rosa-pastel-em-rolo-120-x-25-m\/\">Rosa pastel<\/a> \/ <a style=\"color: #d12727;\" href=\"https:\/\/www.csj-emballages.com\/pt-pt\/produit\/toalha-de-mesa-de-papel-damasco-verde-abeto-em-rolo-120-x-25-m\/\">Verde abeto<\/a> \/ <a style=\"color: #d12727;\" href=\"https:\/\/www.csj-emballages.com\/pt-pt\/produit\/toalha-de-mesa-de-papel-damasco-papel-verde-anis-em-rolo-120-x-25-m\/\">Verde anis<\/a><\/span><\/span><\/p>\n<p>&nbsp;<\/p>\n<p><!--more--><\/p>\n<p><a href=\"https:\/\/www.csj-emballages.com\/pt-pt\/categorie-produit\/embalagem-de-alimentos\/restauracao\/guardanapos-jogos-americanos-toalhas-de-mesa\/toalhas-de-mesa\/toalhas-de-mesa-em-damasco\/\">Ver o resto da nossa gama de toalhas de mesa em damasco<\/a><\/p>\n","protected":false},"excerpt":{"rendered":"<p>Toalha de mesa em damasco Descri\u00e7\u00e3o da nossa toalha de mesa damasco de papel marfim em rolo 1,20 x 25 m<\/p>\n","protected":false},"featured_media":232639,"template":"","meta":{"_acf_changed":false},"product_brand":[],"product_cat":[1141,1138,1139,2903,2912],"product_tag":[],"class_list":{"0":"post-226798","1":"product","2":"type-product","3":"status-publish","4":"has-post-thumbnail","6":"product_cat-embalagem-de-alimentos","7":"product_cat-restauracao","8":"product_cat-guardanapos-jogos-americanos-toalhas-de-mesa","9":"product_cat-toalhas-de-mesa","10":"product_cat-toalhas-de-mesa-em-damasco","11":"product_shipping_class-nao-e-permitido-em-reles","13":"first","14":"instock","15":"taxable","16":"shipping-taxable","17":"purchasable","18":"product-type-simple"},"acf":[],"yoast_head":"<!-- This site is optimized with the Yoast SEO Premium plugin v26.6 (Yoast SEO v26.6) - https:\/\/yoast.com\/wordpress\/plugins\/seo\/ -->\n<title>Toalha de mesa de papel de damasco Rolo de marfim 1,20 x 25 m<\/title>\n<meta name=\"description\" content=\"Toalha de mesa de papel damasco marfim em rolo de 1,20 x 25 m: ideal para eventos, buffets ou refei\u00e7\u00f5es festivas. Elegante e pr\u00e1tica.\" \/>\n<meta name=\"robots\" content=\"index, follow, max-snippet:-1, max-image-preview:large, max-video-preview:-1\" \/>\n<link rel=\"canonical\" href=\"https:\/\/www.csj-emballages.com\/pt-pt\/produit\/toalha-de-mesa-de-papel-damasco-marfim-em-rolo-120-x-25-m\/\" \/>\n<meta property=\"og:locale\" content=\"pt_PT\" \/>\n<meta property=\"og:type\" content=\"article\" \/>\n<meta property=\"og:title\" content=\"Toalha de mesa damasco de papel marfim em rolo 1,20 x 25 m\" \/>\n<meta property=\"og:description\" content=\"Toalha de mesa de papel damasco marfim em rolo de 1,20 x 25 m: ideal para eventos, buffets ou refei\u00e7\u00f5es festivas. Elegante e pr\u00e1tica.\" \/>\n<meta property=\"og:url\" content=\"https:\/\/www.csj-emballages.com\/pt-pt\/produit\/toalha-de-mesa-de-papel-damasco-marfim-em-rolo-120-x-25-m\/\" \/>\n<meta property=\"og:site_name\" content=\"CSJ Emballages\" \/>\n<meta property=\"article:publisher\" content=\"https:\/\/www.facebook.com\/csjemballages\" \/>\n<meta property=\"article:modified_time\" content=\"2026-03-24T01:15:58+00:00\" \/>\n<meta property=\"og:image\" content=\"https:\/\/www.csj-emballages.com\/wp-content\/uploads\/2025\/02\/Nappe-ivoire.webp\" \/>\n\t<meta property=\"og:image:width\" content=\"800\" \/>\n\t<meta property=\"og:image:height\" content=\"800\" \/>\n\t<meta property=\"og:image:type\" content=\"image\/webp\" \/>\n<meta name=\"twitter:card\" content=\"summary_large_image\" \/>\n<meta name=\"twitter:label1\" content=\"Tempo estimado de leitura\" \/>\n\t<meta name=\"twitter:data1\" content=\"1 minuto\" \/>\n<script type=\"application\/ld+json\" class=\"yoast-schema-graph\">{\"@context\":\"https:\/\/schema.org\",\"@graph\":[{\"@type\":\"WebPage\",\"@id\":\"https:\/\/www.csj-emballages.com\/pt-pt\/produit\/toalha-de-mesa-de-papel-damasco-marfim-em-rolo-120-x-25-m\/\",\"url\":\"https:\/\/www.csj-emballages.com\/pt-pt\/produit\/toalha-de-mesa-de-papel-damasco-marfim-em-rolo-120-x-25-m\/\",\"name\":\"Toalha de mesa de papel de damasco Rolo de marfim 1,20 x 25 m\",\"isPartOf\":{\"@id\":\"https:\/\/www.csj-emballages.com\/pt-pt\/#website\"},\"primaryImageOfPage\":{\"@id\":\"https:\/\/www.csj-emballages.com\/pt-pt\/produit\/toalha-de-mesa-de-papel-damasco-marfim-em-rolo-120-x-25-m\/#primaryimage\"},\"image\":{\"@id\":\"https:\/\/www.csj-emballages.com\/pt-pt\/produit\/toalha-de-mesa-de-papel-damasco-marfim-em-rolo-120-x-25-m\/#primaryimage\"},\"thumbnailUrl\":\"https:\/\/www.csj-emballages.com\/wp-content\/uploads\/2025\/02\/Nappe-ivoire.webp\",\"datePublished\":\"2025-02-27T16:01:42+00:00\",\"dateModified\":\"2026-03-24T01:15:58+00:00\",\"description\":\"Toalha de mesa de papel damasco marfim em rolo de 1,20 x 25 m: ideal para eventos, buffets ou refei\u00e7\u00f5es festivas. Elegante e pr\u00e1tica.\",\"breadcrumb\":{\"@id\":\"https:\/\/www.csj-emballages.com\/pt-pt\/produit\/toalha-de-mesa-de-papel-damasco-marfim-em-rolo-120-x-25-m\/#breadcrumb\"},\"inLanguage\":\"pt-PT\",\"potentialAction\":[{\"@type\":\"ReadAction\",\"target\":[\"https:\/\/www.csj-emballages.com\/pt-pt\/produit\/toalha-de-mesa-de-papel-damasco-marfim-em-rolo-120-x-25-m\/\"]}]},{\"@type\":\"ImageObject\",\"inLanguage\":\"pt-PT\",\"@id\":\"https:\/\/www.csj-emballages.com\/pt-pt\/produit\/toalha-de-mesa-de-papel-damasco-marfim-em-rolo-120-x-25-m\/#primaryimage\",\"url\":\"https:\/\/www.csj-emballages.com\/wp-content\/uploads\/2025\/02\/Nappe-ivoire.webp\",\"contentUrl\":\"https:\/\/www.csj-emballages.com\/wp-content\/uploads\/2025\/02\/Nappe-ivoire.webp\",\"width\":800,\"height\":800,\"caption\":\"Nappe damass\u00e9e\"},{\"@type\":\"BreadcrumbList\",\"@id\":\"https:\/\/www.csj-emballages.com\/pt-pt\/produit\/toalha-de-mesa-de-papel-damasco-marfim-em-rolo-120-x-25-m\/#breadcrumb\",\"itemListElement\":[{\"@type\":\"ListItem\",\"position\":1,\"name\":\"Acolhimento\",\"item\":\"https:\/\/www.csj-emballages.com\/pt-pt\/universo-das-embalagens-alimentares\/\"},{\"@type\":\"ListItem\",\"position\":2,\"name\":\"Shop\",\"item\":\"https:\/\/www.csj-emballages.com\/shop\/\"},{\"@type\":\"ListItem\",\"position\":3,\"name\":\"Toalha de mesa damasco de papel marfim em rolo 1,20 x 25 m\"}]},{\"@type\":\"WebSite\",\"@id\":\"https:\/\/www.csj-emballages.com\/pt-pt\/#website\",\"url\":\"https:\/\/www.csj-emballages.com\/pt-pt\/\",\"name\":\"CSJ Emballages\",\"description\":\"\",\"publisher\":{\"@id\":\"https:\/\/www.csj-emballages.com\/pt-pt\/#organization\"},\"potentialAction\":[{\"@type\":\"SearchAction\",\"target\":{\"@type\":\"EntryPoint\",\"urlTemplate\":\"https:\/\/www.csj-emballages.com\/pt-pt\/?s={search_term_string}\"},\"query-input\":{\"@type\":\"PropertyValueSpecification\",\"valueRequired\":true,\"valueName\":\"search_term_string\"}}],\"inLanguage\":\"pt-PT\"},{\"@type\":\"Organization\",\"@id\":\"https:\/\/www.csj-emballages.com\/pt-pt\/#Organization\/\",\"name\":\"CSJ Emballages\",\"url\":\"https:\/\/www.csj-emballages.com\/pt-pt\/\",\"logo\":{\"@type\":\"ImageObject\",\"inLanguage\":\"pt-PT\",\"@id\":\"https:\/\/www.csj-emballages.com\/pt-pt\/#\/schema\/logo\/image\/\",\"url\":\"https:\/\/www.csj-emballages.com\/wp-content\/uploads\/2023\/10\/logo_csj.webp\",\"contentUrl\":\"https:\/\/www.csj-emballages.com\/wp-content\/uploads\/2023\/10\/logo_csj.webp\",\"width\":250,\"height\":95,\"caption\":\"CSJ Emballages\"},\"image\":{\"@id\":\"https:\/\/www.csj-emballages.com\/pt-pt\/#\/schema\/logo\/image\/\"},\"sameAs\":[\"https:\/\/www.facebook.com\/csjemballages\"],\"address\":{\"@type\":\"PostalAddress\",\"streetAddress\":\"ZI La Lechere\",\"addressLocality\":\"Patornay\",\"postalCode\":\"39130\",\"addressCountry\":\"FR\"},\"contactPoint\":[{\"@type\":\"ContactPoint\",\"contactType\":\"Service client\",\"telephone\":\"0384254272\",\"email\":\"contact@csj-emballages.com\"}]}]}<\/script>\n<!-- \/ Yoast SEO Premium plugin. -->","yoast_head_json":{"title":"Toalha de mesa de papel de damasco Rolo de marfim 1,20 x 25 m","description":"Toalha de mesa de papel damasco marfim em rolo de 1,20 x 25 m: ideal para eventos, buffets ou refei\u00e7\u00f5es festivas. Elegante e pr\u00e1tica.","robots":{"index":"index","follow":"follow","max-snippet":"max-snippet:-1","max-image-preview":"max-image-preview:large","max-video-preview":"max-video-preview:-1"},"canonical":"https:\/\/www.csj-emballages.com\/pt-pt\/produit\/toalha-de-mesa-de-papel-damasco-marfim-em-rolo-120-x-25-m\/","og_locale":"pt_PT","og_type":"article","og_title":"Toalha de mesa damasco de papel marfim em rolo 1,20 x 25 m","og_description":"Toalha de mesa de papel damasco marfim em rolo de 1,20 x 25 m: ideal para eventos, buffets ou refei\u00e7\u00f5es festivas. Elegante e pr\u00e1tica.","og_url":"https:\/\/www.csj-emballages.com\/pt-pt\/produit\/toalha-de-mesa-de-papel-damasco-marfim-em-rolo-120-x-25-m\/","og_site_name":"CSJ Emballages","article_publisher":"https:\/\/www.facebook.com\/csjemballages","article_modified_time":"2026-03-24T01:15:58+00:00","og_image":[{"width":800,"height":800,"url":"https:\/\/www.csj-emballages.com\/wp-content\/uploads\/2025\/02\/Nappe-ivoire.webp","type":"image\/webp"}],"twitter_card":"summary_large_image","twitter_misc":{"Tempo estimado de leitura":"1 minuto"},"schema":{"@context":"https:\/\/schema.org","@graph":[{"@type":"WebPage","@id":"https:\/\/www.csj-emballages.com\/pt-pt\/produit\/toalha-de-mesa-de-papel-damasco-marfim-em-rolo-120-x-25-m\/","url":"https:\/\/www.csj-emballages.com\/pt-pt\/produit\/toalha-de-mesa-de-papel-damasco-marfim-em-rolo-120-x-25-m\/","name":"Toalha de mesa de papel de damasco Rolo de marfim 1,20 x 25 m","isPartOf":{"@id":"https:\/\/www.csj-emballages.com\/pt-pt\/#website"},"primaryImageOfPage":{"@id":"https:\/\/www.csj-emballages.com\/pt-pt\/produit\/toalha-de-mesa-de-papel-damasco-marfim-em-rolo-120-x-25-m\/#primaryimage"},"image":{"@id":"https:\/\/www.csj-emballages.com\/pt-pt\/produit\/toalha-de-mesa-de-papel-damasco-marfim-em-rolo-120-x-25-m\/#primaryimage"},"thumbnailUrl":"https:\/\/www.csj-emballages.com\/wp-content\/uploads\/2025\/02\/Nappe-ivoire.webp","datePublished":"2025-02-27T16:01:42+00:00","dateModified":"2026-03-24T01:15:58+00:00","description":"Toalha de mesa de papel damasco marfim em rolo de 1,20 x 25 m: ideal para eventos, buffets ou refei\u00e7\u00f5es festivas. Elegante e pr\u00e1tica.","breadcrumb":{"@id":"https:\/\/www.csj-emballages.com\/pt-pt\/produit\/toalha-de-mesa-de-papel-damasco-marfim-em-rolo-120-x-25-m\/#breadcrumb"},"inLanguage":"pt-PT","potentialAction":[{"@type":"ReadAction","target":["https:\/\/www.csj-emballages.com\/pt-pt\/produit\/toalha-de-mesa-de-papel-damasco-marfim-em-rolo-120-x-25-m\/"]}]},{"@type":"ImageObject","inLanguage":"pt-PT","@id":"https:\/\/www.csj-emballages.com\/pt-pt\/produit\/toalha-de-mesa-de-papel-damasco-marfim-em-rolo-120-x-25-m\/#primaryimage","url":"https:\/\/www.csj-emballages.com\/wp-content\/uploads\/2025\/02\/Nappe-ivoire.webp","contentUrl":"https:\/\/www.csj-emballages.com\/wp-content\/uploads\/2025\/02\/Nappe-ivoire.webp","width":800,"height":800,"caption":"Nappe damass\u00e9e"},{"@type":"BreadcrumbList","@id":"https:\/\/www.csj-emballages.com\/pt-pt\/produit\/toalha-de-mesa-de-papel-damasco-marfim-em-rolo-120-x-25-m\/#breadcrumb","itemListElement":[{"@type":"ListItem","position":1,"name":"Acolhimento","item":"https:\/\/www.csj-emballages.com\/pt-pt\/universo-das-embalagens-alimentares\/"},{"@type":"ListItem","position":2,"name":"Shop","item":"https:\/\/www.csj-emballages.com\/shop\/"},{"@type":"ListItem","position":3,"name":"Toalha de mesa damasco de papel marfim em rolo 1,20 x 25 m"}]},{"@type":"WebSite","@id":"https:\/\/www.csj-emballages.com\/pt-pt\/#website","url":"https:\/\/www.csj-emballages.com\/pt-pt\/","name":"CSJ Emballages","description":"","publisher":{"@id":"https:\/\/www.csj-emballages.com\/pt-pt\/#organization"},"potentialAction":[{"@type":"SearchAction","target":{"@type":"EntryPoint","urlTemplate":"https:\/\/www.csj-emballages.com\/pt-pt\/?s={search_term_string}"},"query-input":{"@type":"PropertyValueSpecification","valueRequired":true,"valueName":"search_term_string"}}],"inLanguage":"pt-PT"},{"@type":"Organization","@id":"https:\/\/www.csj-emballages.com\/pt-pt\/#Organization\/","name":"CSJ Emballages","url":"https:\/\/www.csj-emballages.com\/pt-pt\/","logo":{"@type":"ImageObject","inLanguage":"pt-PT","@id":"https:\/\/www.csj-emballages.com\/pt-pt\/#\/schema\/logo\/image\/","url":"https:\/\/www.csj-emballages.com\/wp-content\/uploads\/2023\/10\/logo_csj.webp","contentUrl":"https:\/\/www.csj-emballages.com\/wp-content\/uploads\/2023\/10\/logo_csj.webp","width":250,"height":95,"caption":"CSJ Emballages"},"image":{"@id":"https:\/\/www.csj-emballages.com\/pt-pt\/#\/schema\/logo\/image\/"},"sameAs":["https:\/\/www.facebook.com\/csjemballages"],"address":{"@type":"PostalAddress","streetAddress":"ZI La Lechere","addressLocality":"Patornay","postalCode":"39130","addressCountry":"FR"},"contactPoint":[{"@type":"ContactPoint","contactType":"Service client","telephone":"0384254272","email":"contact@csj-emballages.com"}]}]}},"df_price":12.1,"df_sale_price":"","df_regular_price":12.1,"df_image_link":"https:\/\/www.csj-emballages.com\/wp-content\/uploads\/2025\/02\/Nappe-ivoire-300x300.webp","tiered_pricing_type":"fixed","tiered_pricing_fixed_rules":[],"tiered_pricing_percentage_rules":[],"tiered_pricing_minimum":1,"tiered_pricing_roles_data":[],"_links":{"self":[{"href":"https:\/\/www.csj-emballages.com\/pt-pt\/wp-json\/wp\/v2\/product\/226798","targetHints":{"allow":["GET"]}}],"collection":[{"href":"https:\/\/www.csj-emballages.com\/pt-pt\/wp-json\/wp\/v2\/product"}],"about":[{"href":"https:\/\/www.csj-emballages.com\/pt-pt\/wp-json\/wp\/v2\/types\/product"}],"wp:featuredmedia":[{"embeddable":true,"href":"https:\/\/www.csj-emballages.com\/pt-pt\/wp-json\/wp\/v2\/media\/232639"}],"wp:attachment":[{"href":"https:\/\/www.csj-emballages.com\/pt-pt\/wp-json\/wp\/v2\/media?parent=226798"}],"wp:term":[{"taxonomy":"product_brand","embeddable":true,"href":"https:\/\/www.csj-emballages.com\/pt-pt\/wp-json\/wp\/v2\/product_brand?post=226798"},{"taxonomy":"product_cat","embeddable":true,"href":"https:\/\/www.csj-emballages.com\/pt-pt\/wp-json\/wp\/v2\/product_cat?post=226798"},{"taxonomy":"product_tag","embeddable":true,"href":"https:\/\/www.csj-emballages.com\/pt-pt\/wp-json\/wp\/v2\/product_tag?post=226798"}],"curies":[{"name":"wp","href":"https:\/\/api.w.org\/{rel}","templated":true}]}}