{"id":22676,"date":"2024-03-01T16:50:26","date_gmt":"2024-03-01T15:50:26","guid":{"rendered":"https:\/\/u15jnbdpoq.preview.infomaniak.website\/produit\/50-bolsos-para-tacos-em-cartao-destacavel\/"},"modified":"2026-04-21T02:15:41","modified_gmt":"2026-04-21T00:15:41","slug":"50-bolsos-para-tacos-em-cartao-destacavel","status":"publish","type":"product","link":"https:\/\/www.csj-emballages.com\/pt-pt\/produit\/50-bolsos-para-tacos-em-cartao-destacavel\/","title":{"rendered":"Bolso para tacos em cart\u00e3o rasgado, 50"},"content":{"rendered":"<h2>Saco de tacos<\/h2>\n<hr>\n<h3>Descri\u00e7\u00e3o da nossa bolsa para tacos em cart\u00e3o kraft destac\u00e1vel, 50 unidades<\/h3>\n<p><!--more--><\/p>\n<p data-start=\"343\" data-end=\"867\">Se quiser servir os seus <strong>tacos<\/strong> numa embalagem limpa, moderna e realmente pr\u00e1tica, esta <strong data-start=\"442\" data-end=\"481\">bolsa para tacos em cart\u00e3o destac\u00e1vel<\/strong> vai mudar a forma como os serve. \u00c0 primeira vista, o seu <strong>design preto <\/strong>e<strong> bege<\/strong> chama imediatamente a aten\u00e7\u00e3o, com as suas linhas gr\u00e1ficas e o log\u00f3tipo <strong>&#8220;TASTY<\/strong> &#8221; a darem-lhe um toque de comida de rua premium. Mas assim que a utilizar, apercebe-se de que esta <strong>bolsa para tacos<\/strong> \u00e9 mais do que apenas visual: foi concebida para facilitar a vida de todos, tanto na cozinha como do lado do cliente.  <\/p>\n<p data-start=\"869\" data-end=\"1214\">Em primeiro lugar, o seu sistema de <strong data-start=\"890\" data-end=\"916\">abertura por rasg\u00e3o<\/strong> \u00e9 uma verdadeira vantagem. Em vez de ter de retirar todo o taco e correr o risco de o espalhar por todo o lado, os consumidores podem simplesmente puxar a tira pr\u00e9-cortada para revelar o conte\u00fado pouco a pouco. Isto permite uma experi\u00eancia de consumo muito mais limpa, especialmente para tacos generosos ou bem recheados.  <\/p>\n<p data-start=\"1216\" data-end=\"1581\">Em segundo lugar, o <strong>cart\u00e3o espesso<\/strong> ret\u00e9m o calor na perfei\u00e7\u00e3o, ao mesmo tempo que proporciona uma boa rigidez, impedindo que a <strong>bolsa<\/strong> se dobre ou desmorone. Isto significa que, mesmo quando transportados em longas dist\u00e2ncias ou quando uma encomenda \u00e9 entregue, os tacos permanecem bem apresentados. Al\u00e9m disso, o seu formato universal facilita a embalagem da maioria dos tamanhos de tacos sem perda de tempo.  <\/p>\n<p data-start=\"1583\" data-end=\"1888\">Al\u00e9m disso, a bolsa \u00e9 f\u00e1cil de integrar numa linha de prepara\u00e7\u00e3o: abre-se rapidamente, enche-se com apenas alguns gestos e \u00e9 resistente \u00e0 humidade dos molhos. Com uma <strong data-start=\"1756\" data-end=\"1769\">embalagem de 50 unidades<\/strong>, ter\u00e1 um stock pr\u00e1tico para levar consigo desde o servi\u00e7o r\u00e1pido at\u00e9 \u00e0s noites agitadas. <\/p>\n<p data-start=\"1013\" data-end=\"1189\"><!--more--><\/p>\n<p data-start=\"1013\" data-end=\"1189\"><strong>Vantagens :  <\/strong><\/p>\n<ul>\n<li data-start=\"2078\" data-end=\"2120\"><strong>Abertura<\/strong> limpa e pr\u00e1tica <strong>para rasgar<\/strong>.<\/li>\n<li data-start=\"2123\" data-end=\"2153\">Design moderno e atrativo.<\/li>\n<li data-start=\"2156\" data-end=\"2200\">Cart\u00e3o r\u00edgido que segura bem os <strong>tacos<\/strong>.<\/li>\n<li data-start=\"2203\" data-end=\"2253\">Adequado para takeaway e entrega.<\/li>\n<li data-start=\"2256\" data-end=\"2303\">Embalagem de <strong>50<\/strong> unidades, ideal para servi\u00e7os regulares.<\/li>\n<\/ul>\n<p>&nbsp;<\/p>\n<p data-start=\"1013\" data-end=\"1189\"><!--more--><\/p>\n<h4>Outras informa\u00e7\u00f5es :<\/h4>\n<ul>\n<li><strong>Embalagem<\/strong>: Pacote de 50<\/li>\n<li><strong>Dimens\u00f5es<\/strong>: 190 x 160 x 150 (C x L x A em mm)<\/li>\n<li><strong>Cor<\/strong>: Castanho \/ Preto<\/li>\n<li><strong>Material<\/strong>: Cart\u00e3o<\/li>\n<\/ul>\n<p>&nbsp;<\/p>\n<p><!--more--><\/p>\n<p>Encontre a nossa bolsa de tacos kraft aqui: <span style=\"color: #d12727;\"><a style=\"color: #d12727;\" href=\"https:\/\/www.csj-emballages.com\/es\/produit\/100-bolsillos-de-carton-kraft-para-tacos\/\">POCTACOSK<\/a><\/span><\/p>\n<p>&nbsp;<\/p>\n<p><!--more--><\/p>\n<p><a href=\"\/?product_cat=pochettes-carton-frites-crepes-tacos-wraps-snack-restauration-emporter\">Consultar o resto da nossa gama de saquetas para batatas fritas \/ crepes \/ tacos \/ wraps<\/a><\/p>\n","protected":false},"excerpt":{"rendered":"<p>Saco de tacos Descri\u00e7\u00e3o da nossa bolsa para tacos em cart\u00e3o kraft destac\u00e1vel, 50 unidades<\/p>\n","protected":false},"featured_media":230474,"template":"","meta":{"_acf_changed":false},"product_brand":[],"product_cat":[1141,1138,3088,1267],"product_tag":[],"class_list":{"0":"post-22676","1":"product","2":"type-product","3":"status-publish","4":"has-post-thumbnail","6":"product_cat-embalagem-de-alimentos","7":"product_cat-restauracao","8":"product_cat-batatas-fritas-panquecas-tacos-wraps","9":"product_cat-descontos-promocoes","11":"first","12":"instock","13":"sale","14":"taxable","15":"shipping-taxable","16":"purchasable","17":"product-type-simple"},"acf":[],"yoast_head":"<!-- This site is optimized with the Yoast SEO Premium plugin v26.6 (Yoast SEO v26.6) - https:\/\/yoast.com\/wordpress\/plugins\/seo\/ -->\n<title>Caixa de cart\u00e3o Kraft Tear-Off Embalagem de 50 tacos<\/title>\n<meta name=\"description\" content=\"Descubra a nossa bolsa para tacos em cart\u00e3o kraft preto com 50 abas de rasgar - pr\u00e1tica, higi\u00e9nica e ideal para vendas para levar.\" \/>\n<meta name=\"robots\" content=\"index, follow, max-snippet:-1, max-image-preview:large, max-video-preview:-1\" \/>\n<link rel=\"canonical\" href=\"https:\/\/www.csj-emballages.com\/pt-pt\/produit\/50-bolsos-para-tacos-em-cartao-destacavel\/\" \/>\n<meta property=\"og:locale\" content=\"pt_PT\" \/>\n<meta property=\"og:type\" content=\"article\" \/>\n<meta property=\"og:title\" content=\"Bolso para tacos em cart\u00e3o rasgado, 50\" \/>\n<meta property=\"og:description\" content=\"Descubra a nossa bolsa para tacos em cart\u00e3o kraft preto com 50 abas de rasgar - pr\u00e1tica, higi\u00e9nica e ideal para vendas para levar.\" \/>\n<meta property=\"og:url\" content=\"https:\/\/www.csj-emballages.com\/pt-pt\/produit\/50-bolsos-para-tacos-em-cartao-destacavel\/\" \/>\n<meta property=\"og:site_name\" content=\"CSJ Emballages\" \/>\n<meta property=\"article:publisher\" content=\"https:\/\/www.facebook.com\/csjemballages\" \/>\n<meta property=\"article:modified_time\" content=\"2026-04-21T00:15:41+00:00\" \/>\n<meta property=\"og:image\" content=\"https:\/\/www.csj-emballages.com\/wp-content\/uploads\/2024\/03\/POCTACOS-1.webp\" \/>\n\t<meta property=\"og:image:width\" content=\"800\" \/>\n\t<meta property=\"og:image:height\" content=\"800\" \/>\n\t<meta property=\"og:image:type\" content=\"image\/webp\" \/>\n<meta name=\"twitter:card\" content=\"summary_large_image\" \/>\n<meta name=\"twitter:label1\" content=\"Tempo estimado de leitura\" \/>\n\t<meta name=\"twitter:data1\" content=\"2 minutos\" \/>\n<script type=\"application\/ld+json\" class=\"yoast-schema-graph\">{\"@context\":\"https:\/\/schema.org\",\"@graph\":[{\"@type\":\"WebPage\",\"@id\":\"https:\/\/www.csj-emballages.com\/pt-pt\/produit\/50-bolsos-para-tacos-em-cartao-destacavel\/\",\"url\":\"https:\/\/www.csj-emballages.com\/pt-pt\/produit\/50-bolsos-para-tacos-em-cartao-destacavel\/\",\"name\":\"Caixa de cart\u00e3o Kraft Tear-Off Embalagem de 50 tacos\",\"isPartOf\":{\"@id\":\"https:\/\/www.csj-emballages.com\/pt-pt\/#website\"},\"primaryImageOfPage\":{\"@id\":\"https:\/\/www.csj-emballages.com\/pt-pt\/produit\/50-bolsos-para-tacos-em-cartao-destacavel\/#primaryimage\"},\"image\":{\"@id\":\"https:\/\/www.csj-emballages.com\/pt-pt\/produit\/50-bolsos-para-tacos-em-cartao-destacavel\/#primaryimage\"},\"thumbnailUrl\":\"https:\/\/www.csj-emballages.com\/wp-content\/uploads\/2024\/03\/POCTACOS-1.webp\",\"datePublished\":\"2024-03-01T15:50:26+00:00\",\"dateModified\":\"2026-04-21T00:15:41+00:00\",\"description\":\"Descubra a nossa bolsa para tacos em cart\u00e3o kraft preto com 50 abas de rasgar - pr\u00e1tica, higi\u00e9nica e ideal para vendas para levar.\",\"breadcrumb\":{\"@id\":\"https:\/\/www.csj-emballages.com\/pt-pt\/produit\/50-bolsos-para-tacos-em-cartao-destacavel\/#breadcrumb\"},\"inLanguage\":\"pt-PT\",\"potentialAction\":[{\"@type\":\"ReadAction\",\"target\":[\"https:\/\/www.csj-emballages.com\/pt-pt\/produit\/50-bolsos-para-tacos-em-cartao-destacavel\/\"]}]},{\"@type\":\"ImageObject\",\"inLanguage\":\"pt-PT\",\"@id\":\"https:\/\/www.csj-emballages.com\/pt-pt\/produit\/50-bolsos-para-tacos-em-cartao-destacavel\/#primaryimage\",\"url\":\"https:\/\/www.csj-emballages.com\/wp-content\/uploads\/2024\/03\/POCTACOS-1.webp\",\"contentUrl\":\"https:\/\/www.csj-emballages.com\/wp-content\/uploads\/2024\/03\/POCTACOS-1.webp\",\"width\":800,\"height\":800,\"caption\":\"Pochette tacos\"},{\"@type\":\"BreadcrumbList\",\"@id\":\"https:\/\/www.csj-emballages.com\/pt-pt\/produit\/50-bolsos-para-tacos-em-cartao-destacavel\/#breadcrumb\",\"itemListElement\":[{\"@type\":\"ListItem\",\"position\":1,\"name\":\"Acolhimento\",\"item\":\"https:\/\/www.csj-emballages.com\/pt-pt\/universo-das-embalagens-alimentares\/\"},{\"@type\":\"ListItem\",\"position\":2,\"name\":\"Shop\",\"item\":\"https:\/\/www.csj-emballages.com\/shop\/\"},{\"@type\":\"ListItem\",\"position\":3,\"name\":\"Bolso para tacos em cart\u00e3o rasgado, 50\"}]},{\"@type\":\"WebSite\",\"@id\":\"https:\/\/www.csj-emballages.com\/pt-pt\/#website\",\"url\":\"https:\/\/www.csj-emballages.com\/pt-pt\/\",\"name\":\"CSJ Emballages\",\"description\":\"\",\"publisher\":{\"@id\":\"https:\/\/www.csj-emballages.com\/pt-pt\/#organization\"},\"potentialAction\":[{\"@type\":\"SearchAction\",\"target\":{\"@type\":\"EntryPoint\",\"urlTemplate\":\"https:\/\/www.csj-emballages.com\/pt-pt\/?s={search_term_string}\"},\"query-input\":{\"@type\":\"PropertyValueSpecification\",\"valueRequired\":true,\"valueName\":\"search_term_string\"}}],\"inLanguage\":\"pt-PT\"},{\"@type\":\"Organization\",\"@id\":\"https:\/\/www.csj-emballages.com\/pt-pt\/#Organization\/\",\"name\":\"CSJ Emballages\",\"url\":\"https:\/\/www.csj-emballages.com\/pt-pt\/\",\"logo\":{\"@type\":\"ImageObject\",\"inLanguage\":\"pt-PT\",\"@id\":\"https:\/\/www.csj-emballages.com\/pt-pt\/#\/schema\/logo\/image\/\",\"url\":\"https:\/\/www.csj-emballages.com\/wp-content\/uploads\/2023\/10\/logo_csj.webp\",\"contentUrl\":\"https:\/\/www.csj-emballages.com\/wp-content\/uploads\/2023\/10\/logo_csj.webp\",\"width\":250,\"height\":95,\"caption\":\"CSJ Emballages\"},\"image\":{\"@id\":\"https:\/\/www.csj-emballages.com\/pt-pt\/#\/schema\/logo\/image\/\"},\"sameAs\":[\"https:\/\/www.facebook.com\/csjemballages\"],\"address\":{\"@type\":\"PostalAddress\",\"streetAddress\":\"ZI La Lechere\",\"addressLocality\":\"Patornay\",\"postalCode\":\"39130\",\"addressCountry\":\"FR\"},\"contactPoint\":[{\"@type\":\"ContactPoint\",\"contactType\":\"Service client\",\"telephone\":\"0384254272\",\"email\":\"contact@csj-emballages.com\"}]}]}<\/script>\n<!-- \/ Yoast SEO Premium plugin. -->","yoast_head_json":{"title":"Caixa de cart\u00e3o Kraft Tear-Off Embalagem de 50 tacos","description":"Descubra a nossa bolsa para tacos em cart\u00e3o kraft preto com 50 abas de rasgar - pr\u00e1tica, higi\u00e9nica e ideal para vendas para levar.","robots":{"index":"index","follow":"follow","max-snippet":"max-snippet:-1","max-image-preview":"max-image-preview:large","max-video-preview":"max-video-preview:-1"},"canonical":"https:\/\/www.csj-emballages.com\/pt-pt\/produit\/50-bolsos-para-tacos-em-cartao-destacavel\/","og_locale":"pt_PT","og_type":"article","og_title":"Bolso para tacos em cart\u00e3o rasgado, 50","og_description":"Descubra a nossa bolsa para tacos em cart\u00e3o kraft preto com 50 abas de rasgar - pr\u00e1tica, higi\u00e9nica e ideal para vendas para levar.","og_url":"https:\/\/www.csj-emballages.com\/pt-pt\/produit\/50-bolsos-para-tacos-em-cartao-destacavel\/","og_site_name":"CSJ Emballages","article_publisher":"https:\/\/www.facebook.com\/csjemballages","article_modified_time":"2026-04-21T00:15:41+00:00","og_image":[{"width":800,"height":800,"url":"https:\/\/www.csj-emballages.com\/wp-content\/uploads\/2024\/03\/POCTACOS-1.webp","type":"image\/webp"}],"twitter_card":"summary_large_image","twitter_misc":{"Tempo estimado de leitura":"2 minutos"},"schema":{"@context":"https:\/\/schema.org","@graph":[{"@type":"WebPage","@id":"https:\/\/www.csj-emballages.com\/pt-pt\/produit\/50-bolsos-para-tacos-em-cartao-destacavel\/","url":"https:\/\/www.csj-emballages.com\/pt-pt\/produit\/50-bolsos-para-tacos-em-cartao-destacavel\/","name":"Caixa de cart\u00e3o Kraft Tear-Off Embalagem de 50 tacos","isPartOf":{"@id":"https:\/\/www.csj-emballages.com\/pt-pt\/#website"},"primaryImageOfPage":{"@id":"https:\/\/www.csj-emballages.com\/pt-pt\/produit\/50-bolsos-para-tacos-em-cartao-destacavel\/#primaryimage"},"image":{"@id":"https:\/\/www.csj-emballages.com\/pt-pt\/produit\/50-bolsos-para-tacos-em-cartao-destacavel\/#primaryimage"},"thumbnailUrl":"https:\/\/www.csj-emballages.com\/wp-content\/uploads\/2024\/03\/POCTACOS-1.webp","datePublished":"2024-03-01T15:50:26+00:00","dateModified":"2026-04-21T00:15:41+00:00","description":"Descubra a nossa bolsa para tacos em cart\u00e3o kraft preto com 50 abas de rasgar - pr\u00e1tica, higi\u00e9nica e ideal para vendas para levar.","breadcrumb":{"@id":"https:\/\/www.csj-emballages.com\/pt-pt\/produit\/50-bolsos-para-tacos-em-cartao-destacavel\/#breadcrumb"},"inLanguage":"pt-PT","potentialAction":[{"@type":"ReadAction","target":["https:\/\/www.csj-emballages.com\/pt-pt\/produit\/50-bolsos-para-tacos-em-cartao-destacavel\/"]}]},{"@type":"ImageObject","inLanguage":"pt-PT","@id":"https:\/\/www.csj-emballages.com\/pt-pt\/produit\/50-bolsos-para-tacos-em-cartao-destacavel\/#primaryimage","url":"https:\/\/www.csj-emballages.com\/wp-content\/uploads\/2024\/03\/POCTACOS-1.webp","contentUrl":"https:\/\/www.csj-emballages.com\/wp-content\/uploads\/2024\/03\/POCTACOS-1.webp","width":800,"height":800,"caption":"Pochette tacos"},{"@type":"BreadcrumbList","@id":"https:\/\/www.csj-emballages.com\/pt-pt\/produit\/50-bolsos-para-tacos-em-cartao-destacavel\/#breadcrumb","itemListElement":[{"@type":"ListItem","position":1,"name":"Acolhimento","item":"https:\/\/www.csj-emballages.com\/pt-pt\/universo-das-embalagens-alimentares\/"},{"@type":"ListItem","position":2,"name":"Shop","item":"https:\/\/www.csj-emballages.com\/shop\/"},{"@type":"ListItem","position":3,"name":"Bolso para tacos em cart\u00e3o rasgado, 50"}]},{"@type":"WebSite","@id":"https:\/\/www.csj-emballages.com\/pt-pt\/#website","url":"https:\/\/www.csj-emballages.com\/pt-pt\/","name":"CSJ Emballages","description":"","publisher":{"@id":"https:\/\/www.csj-emballages.com\/pt-pt\/#organization"},"potentialAction":[{"@type":"SearchAction","target":{"@type":"EntryPoint","urlTemplate":"https:\/\/www.csj-emballages.com\/pt-pt\/?s={search_term_string}"},"query-input":{"@type":"PropertyValueSpecification","valueRequired":true,"valueName":"search_term_string"}}],"inLanguage":"pt-PT"},{"@type":"Organization","@id":"https:\/\/www.csj-emballages.com\/pt-pt\/#Organization\/","name":"CSJ Emballages","url":"https:\/\/www.csj-emballages.com\/pt-pt\/","logo":{"@type":"ImageObject","inLanguage":"pt-PT","@id":"https:\/\/www.csj-emballages.com\/pt-pt\/#\/schema\/logo\/image\/","url":"https:\/\/www.csj-emballages.com\/wp-content\/uploads\/2023\/10\/logo_csj.webp","contentUrl":"https:\/\/www.csj-emballages.com\/wp-content\/uploads\/2023\/10\/logo_csj.webp","width":250,"height":95,"caption":"CSJ Emballages"},"image":{"@id":"https:\/\/www.csj-emballages.com\/pt-pt\/#\/schema\/logo\/image\/"},"sameAs":["https:\/\/www.facebook.com\/csjemballages"],"address":{"@type":"PostalAddress","streetAddress":"ZI La Lechere","addressLocality":"Patornay","postalCode":"39130","addressCountry":"FR"},"contactPoint":[{"@type":"ContactPoint","contactType":"Service client","telephone":"0384254272","email":"contact@csj-emballages.com"}]}]}},"df_price":7.8,"df_sale_price":7.8,"df_regular_price":11.14,"df_image_link":"https:\/\/www.csj-emballages.com\/wp-content\/uploads\/2024\/03\/POCTACOS-1-300x300.webp","tiered_pricing_type":"fixed","tiered_pricing_fixed_rules":[],"tiered_pricing_percentage_rules":[],"tiered_pricing_minimum":1,"tiered_pricing_roles_data":[],"_links":{"self":[{"href":"https:\/\/www.csj-emballages.com\/pt-pt\/wp-json\/wp\/v2\/product\/22676","targetHints":{"allow":["GET"]}}],"collection":[{"href":"https:\/\/www.csj-emballages.com\/pt-pt\/wp-json\/wp\/v2\/product"}],"about":[{"href":"https:\/\/www.csj-emballages.com\/pt-pt\/wp-json\/wp\/v2\/types\/product"}],"wp:featuredmedia":[{"embeddable":true,"href":"https:\/\/www.csj-emballages.com\/pt-pt\/wp-json\/wp\/v2\/media\/230474"}],"wp:attachment":[{"href":"https:\/\/www.csj-emballages.com\/pt-pt\/wp-json\/wp\/v2\/media?parent=22676"}],"wp:term":[{"taxonomy":"product_brand","embeddable":true,"href":"https:\/\/www.csj-emballages.com\/pt-pt\/wp-json\/wp\/v2\/product_brand?post=22676"},{"taxonomy":"product_cat","embeddable":true,"href":"https:\/\/www.csj-emballages.com\/pt-pt\/wp-json\/wp\/v2\/product_cat?post=22676"},{"taxonomy":"product_tag","embeddable":true,"href":"https:\/\/www.csj-emballages.com\/pt-pt\/wp-json\/wp\/v2\/product_tag?post=22676"}],"curies":[{"name":"wp","href":"https:\/\/api.w.org\/{rel}","templated":true}]}}