{"id":226759,"date":"2025-01-21T17:33:31","date_gmt":"2025-01-21T16:33:31","guid":{"rendered":"https:\/\/www.csj-emballages.com\/?post_type=product&#038;p=226759"},"modified":"2026-05-06T02:13:00","modified_gmt":"2026-05-06T00:13:00","slug":"concha-de-aluminio-por-100","status":"publish","type":"product","link":"https:\/\/www.csj-emballages.com\/pt-pt\/produit\/concha-de-aluminio-por-100\/","title":{"rendered":"Concha de alum\u00ednio para vieiras, 100 pcs."},"content":{"rendered":"<h2>Concha de alum\u00ednio<\/h2>\n<hr>\n<h3>Descri\u00e7\u00e3o da nossa concha de alum\u00ednio para vieiras, embalagem de 100<\/h3>\n<p><!--more--><\/p>\n<p class=\"\" data-start=\"231\" data-end=\"663\">Estas <strong>conchas de alum\u00ednio<\/strong> para <strong>vieiras<\/strong> s\u00e3o ideais para apresentar e cozinhar as suas <strong>vieiras<\/strong>, bem como para qualquer outra prepara\u00e7\u00e3o individual que necessite de ser cozinhada no forno. Fabricadas em <strong>alum\u00ednio<\/strong> de qualidade alimentar, oferecem uma excelente condu\u00e7\u00e3o de calor, para que os seus pratos cozinhem de forma uniforme e r\u00e1pida. Robustas e elegantes, estas <strong>conchas de alum\u00ednio<\/strong> foram concebidas para facilitar o servi\u00e7o e real\u00e7ar as suas cria\u00e7\u00f5es culin\u00e1rias. Resistem muito bem ao calor de um forno tradicional, mas s\u00e3o suficientemente leves para serem transportadas ou levadas para fora. Este formato descart\u00e1vel \u00e9 tamb\u00e9m perfeito para eventos ou servi\u00e7os de grande volume, poupando-lhe tempo precioso na lavagem e limpeza.    <\/p>\n<p class=\"\" data-start=\"1088\" data-end=\"1457\">O seu design cl\u00e1ssico <strong>em forma de concha<\/strong> confere um toque tradicional e requintado \u00e0s suas apresenta\u00e7\u00f5es. Dispon\u00edveis em embalagens de <strong>100<\/strong> unidades, s\u00e3o ideais para utiliza\u00e7\u00e3o profissional. S\u00e3o tamb\u00e9m muito populares entre os clientes particulares que pretendem reproduzir em casa uma apresenta\u00e7\u00e3o ao estilo de um restaurante.  <\/p>\n<p><!--more--><\/p>\n<p><strong>As suas vantagens:<\/strong><\/p>\n<ul>\n<li>Perfeito para cozinhar e apresentar vieiras.<\/li>\n<li>Gra\u00e7as \u00e0 sua excelente condu\u00e7\u00e3o de calor, a cozedura \u00e9 uniforme e controlada<\/li>\n<li>Empilh\u00e1vel para uma f\u00e1cil arruma\u00e7\u00e3o.<\/li>\n<li>Embalagem <strong>de 100 unidades<\/strong>: ideal para profissionais.<\/li>\n<li><strong>Descart\u00e1vel<\/strong>: limpeza que poupa tempo.<\/li>\n<\/ul>\n<p>&nbsp;<\/p>\n<p><!--more--><\/p>\n<p><strong>Outras informa\u00e7\u00f5es :  <\/strong><\/p>\n<ul>\n<li><strong>Embalagem<\/strong>: Pacote de 100<\/li>\n<li><strong>Di\u00e2metro inferior <\/strong>: 6 cm<\/li>\n<li> <strong>Di\u00e2metro superior<\/strong>: 12 cm<\/li>\n<li><strong>Altura<\/strong>: 2 cm<\/li>\n<li><strong>Material<\/strong>: Alum\u00ednio<\/li>\n<\/ul>\n<p>&nbsp;<\/p>\n<p><!--more--><\/p>\n<p><span style=\"color: #000000\">Encontre aqui a nossa placa para carac\u00f3is: <span style=\"color: #d12727\"><a style=\"color: #d12727\" href=\"https:\/\/www.csj-emballages.com\/pt-pt\/produit\/100-placas-de-aluminio-para-caracois-147-o\/\">AA170<\/a><\/span><\/span><\/p>\n<p>&nbsp;<\/p>\n<p><!--more--><\/p>\n<p><a href=\"https:\/\/www.csj-emballages.com\/pt-pt\/categorie-produit\/embalagem-de-alimentos\/talho-e-charcutaria\/tabuleiros-latas-e-frascos\/tabuleiros-de-aluminio-pratos-formas-tabuleiros-de-refeicao-copos-ramequins-empadas-de-carne\/\">Ver o resto da nossa gama de embalagens de alum\u00ednio<\/a><\/p>\n","protected":false},"excerpt":{"rendered":"<p>Concha de alum\u00ednio Descri\u00e7\u00e3o da nossa concha de alum\u00ednio para vieiras, embalagem de 100<\/p>\n","protected":false},"featured_media":232661,"template":"","meta":{"_acf_changed":false},"product_brand":[],"product_cat":[1141,1176,2289,2001,9374],"product_tag":[],"class_list":{"0":"post-226759","1":"product","2":"type-product","3":"status-publish","4":"has-post-thumbnail","6":"product_cat-embalagem-de-alimentos","7":"product_cat-talho-e-charcutaria","8":"product_cat-tabuleiros-latas-e-frascos","9":"product_cat-tabuleiros-de-aluminio-pratos-formas-tabuleiros-de-refeicao-copos-ramequins-empadas-de-carne","10":"product_cat-conchas-de-aluminio","12":"first","13":"instock","14":"taxable","15":"shipping-taxable","16":"purchasable","17":"product-type-simple"},"acf":[],"yoast_head":"<!-- This site is optimized with the Yoast SEO Premium plugin v26.6 (Yoast SEO v26.6) - https:\/\/yoast.com\/wordpress\/plugins\/seo\/ -->\n<title>Concha de alum\u00ednio para vieiras, 100 pcs.<\/title>\n<meta name=\"description\" content=\"100 conchas de alum\u00ednio, ideais para cozinhar e apresentar vieiras. Resistentes, pr\u00e1ticas e prontas a utilizar.\" \/>\n<meta name=\"robots\" content=\"index, follow, max-snippet:-1, max-image-preview:large, max-video-preview:-1\" \/>\n<link rel=\"canonical\" href=\"https:\/\/www.csj-emballages.com\/pt-pt\/produit\/concha-de-aluminio-por-100\/\" \/>\n<meta property=\"og:locale\" content=\"pt_PT\" \/>\n<meta property=\"og:type\" content=\"article\" \/>\n<meta property=\"og:title\" content=\"Concha de alum\u00ednio para vieiras, 100 pcs.\" \/>\n<meta property=\"og:description\" content=\"100 conchas de alum\u00ednio, ideais para cozinhar e apresentar vieiras. Resistentes, pr\u00e1ticas e prontas a utilizar.\" \/>\n<meta property=\"og:url\" content=\"https:\/\/www.csj-emballages.com\/pt-pt\/produit\/concha-de-aluminio-por-100\/\" \/>\n<meta property=\"og:site_name\" content=\"CSJ Emballages\" \/>\n<meta property=\"article:publisher\" content=\"https:\/\/www.facebook.com\/csjemballages\" \/>\n<meta property=\"article:modified_time\" content=\"2026-05-06T00:13:00+00:00\" \/>\n<meta property=\"og:image\" content=\"https:\/\/www.csj-emballages.com\/wp-content\/uploads\/2025\/01\/COQUIALU.webp\" \/>\n\t<meta property=\"og:image:width\" content=\"800\" \/>\n\t<meta property=\"og:image:height\" content=\"801\" \/>\n\t<meta property=\"og:image:type\" content=\"image\/webp\" \/>\n<meta name=\"twitter:card\" content=\"summary_large_image\" \/>\n<meta name=\"twitter:label1\" content=\"Tempo estimado de leitura\" \/>\n\t<meta name=\"twitter:data1\" content=\"1 minuto\" \/>\n<script type=\"application\/ld+json\" class=\"yoast-schema-graph\">{\"@context\":\"https:\/\/schema.org\",\"@graph\":[{\"@type\":\"WebPage\",\"@id\":\"https:\/\/www.csj-emballages.com\/pt-pt\/produit\/concha-de-aluminio-por-100\/\",\"url\":\"https:\/\/www.csj-emballages.com\/pt-pt\/produit\/concha-de-aluminio-por-100\/\",\"name\":\"Concha de alum\u00ednio para vieiras, 100 pcs.\",\"isPartOf\":{\"@id\":\"https:\/\/www.csj-emballages.com\/pt-pt\/#website\"},\"primaryImageOfPage\":{\"@id\":\"https:\/\/www.csj-emballages.com\/pt-pt\/produit\/concha-de-aluminio-por-100\/#primaryimage\"},\"image\":{\"@id\":\"https:\/\/www.csj-emballages.com\/pt-pt\/produit\/concha-de-aluminio-por-100\/#primaryimage\"},\"thumbnailUrl\":\"https:\/\/www.csj-emballages.com\/wp-content\/uploads\/2025\/01\/COQUIALU.webp\",\"datePublished\":\"2025-01-21T16:33:31+00:00\",\"dateModified\":\"2026-05-06T00:13:00+00:00\",\"description\":\"100 conchas de alum\u00ednio, ideais para cozinhar e apresentar vieiras. Resistentes, pr\u00e1ticas e prontas a utilizar.\",\"breadcrumb\":{\"@id\":\"https:\/\/www.csj-emballages.com\/pt-pt\/produit\/concha-de-aluminio-por-100\/#breadcrumb\"},\"inLanguage\":\"pt-PT\",\"potentialAction\":[{\"@type\":\"ReadAction\",\"target\":[\"https:\/\/www.csj-emballages.com\/pt-pt\/produit\/concha-de-aluminio-por-100\/\"]}]},{\"@type\":\"ImageObject\",\"inLanguage\":\"pt-PT\",\"@id\":\"https:\/\/www.csj-emballages.com\/pt-pt\/produit\/concha-de-aluminio-por-100\/#primaryimage\",\"url\":\"https:\/\/www.csj-emballages.com\/wp-content\/uploads\/2025\/01\/COQUIALU.webp\",\"contentUrl\":\"https:\/\/www.csj-emballages.com\/wp-content\/uploads\/2025\/01\/COQUIALU.webp\",\"width\":800,\"height\":801,\"caption\":\"Coquille aluminium\"},{\"@type\":\"BreadcrumbList\",\"@id\":\"https:\/\/www.csj-emballages.com\/pt-pt\/produit\/concha-de-aluminio-por-100\/#breadcrumb\",\"itemListElement\":[{\"@type\":\"ListItem\",\"position\":1,\"name\":\"Acolhimento\",\"item\":\"https:\/\/www.csj-emballages.com\/pt-pt\/universo-das-embalagens-alimentares\/\"},{\"@type\":\"ListItem\",\"position\":2,\"name\":\"Shop\",\"item\":\"https:\/\/www.csj-emballages.com\/shop\/\"},{\"@type\":\"ListItem\",\"position\":3,\"name\":\"Concha de alum\u00ednio para vieiras, 100 pcs.\"}]},{\"@type\":\"WebSite\",\"@id\":\"https:\/\/www.csj-emballages.com\/pt-pt\/#website\",\"url\":\"https:\/\/www.csj-emballages.com\/pt-pt\/\",\"name\":\"CSJ Emballages\",\"description\":\"\",\"publisher\":{\"@id\":\"https:\/\/www.csj-emballages.com\/pt-pt\/#organization\"},\"potentialAction\":[{\"@type\":\"SearchAction\",\"target\":{\"@type\":\"EntryPoint\",\"urlTemplate\":\"https:\/\/www.csj-emballages.com\/pt-pt\/?s={search_term_string}\"},\"query-input\":{\"@type\":\"PropertyValueSpecification\",\"valueRequired\":true,\"valueName\":\"search_term_string\"}}],\"inLanguage\":\"pt-PT\"},{\"@type\":\"Organization\",\"@id\":\"https:\/\/www.csj-emballages.com\/pt-pt\/#Organization\/\",\"name\":\"CSJ Emballages\",\"url\":\"https:\/\/www.csj-emballages.com\/pt-pt\/\",\"logo\":{\"@type\":\"ImageObject\",\"inLanguage\":\"pt-PT\",\"@id\":\"https:\/\/www.csj-emballages.com\/pt-pt\/#\/schema\/logo\/image\/\",\"url\":\"https:\/\/www.csj-emballages.com\/wp-content\/uploads\/2023\/10\/logo_csj.webp\",\"contentUrl\":\"https:\/\/www.csj-emballages.com\/wp-content\/uploads\/2023\/10\/logo_csj.webp\",\"width\":250,\"height\":95,\"caption\":\"CSJ Emballages\"},\"image\":{\"@id\":\"https:\/\/www.csj-emballages.com\/pt-pt\/#\/schema\/logo\/image\/\"},\"sameAs\":[\"https:\/\/www.facebook.com\/csjemballages\"],\"address\":{\"@type\":\"PostalAddress\",\"streetAddress\":\"ZI La Lechere\",\"addressLocality\":\"Patornay\",\"postalCode\":\"39130\",\"addressCountry\":\"FR\"},\"contactPoint\":[{\"@type\":\"ContactPoint\",\"contactType\":\"Service client\",\"telephone\":\"0384254272\",\"email\":\"contact@csj-emballages.com\"}]}]}<\/script>\n<!-- \/ Yoast SEO Premium plugin. -->","yoast_head_json":{"title":"Concha de alum\u00ednio para vieiras, 100 pcs.","description":"100 conchas de alum\u00ednio, ideais para cozinhar e apresentar vieiras. Resistentes, pr\u00e1ticas e prontas a utilizar.","robots":{"index":"index","follow":"follow","max-snippet":"max-snippet:-1","max-image-preview":"max-image-preview:large","max-video-preview":"max-video-preview:-1"},"canonical":"https:\/\/www.csj-emballages.com\/pt-pt\/produit\/concha-de-aluminio-por-100\/","og_locale":"pt_PT","og_type":"article","og_title":"Concha de alum\u00ednio para vieiras, 100 pcs.","og_description":"100 conchas de alum\u00ednio, ideais para cozinhar e apresentar vieiras. Resistentes, pr\u00e1ticas e prontas a utilizar.","og_url":"https:\/\/www.csj-emballages.com\/pt-pt\/produit\/concha-de-aluminio-por-100\/","og_site_name":"CSJ Emballages","article_publisher":"https:\/\/www.facebook.com\/csjemballages","article_modified_time":"2026-05-06T00:13:00+00:00","og_image":[{"width":800,"height":801,"url":"https:\/\/www.csj-emballages.com\/wp-content\/uploads\/2025\/01\/COQUIALU.webp","type":"image\/webp"}],"twitter_card":"summary_large_image","twitter_misc":{"Tempo estimado de leitura":"1 minuto"},"schema":{"@context":"https:\/\/schema.org","@graph":[{"@type":"WebPage","@id":"https:\/\/www.csj-emballages.com\/pt-pt\/produit\/concha-de-aluminio-por-100\/","url":"https:\/\/www.csj-emballages.com\/pt-pt\/produit\/concha-de-aluminio-por-100\/","name":"Concha de alum\u00ednio para vieiras, 100 pcs.","isPartOf":{"@id":"https:\/\/www.csj-emballages.com\/pt-pt\/#website"},"primaryImageOfPage":{"@id":"https:\/\/www.csj-emballages.com\/pt-pt\/produit\/concha-de-aluminio-por-100\/#primaryimage"},"image":{"@id":"https:\/\/www.csj-emballages.com\/pt-pt\/produit\/concha-de-aluminio-por-100\/#primaryimage"},"thumbnailUrl":"https:\/\/www.csj-emballages.com\/wp-content\/uploads\/2025\/01\/COQUIALU.webp","datePublished":"2025-01-21T16:33:31+00:00","dateModified":"2026-05-06T00:13:00+00:00","description":"100 conchas de alum\u00ednio, ideais para cozinhar e apresentar vieiras. Resistentes, pr\u00e1ticas e prontas a utilizar.","breadcrumb":{"@id":"https:\/\/www.csj-emballages.com\/pt-pt\/produit\/concha-de-aluminio-por-100\/#breadcrumb"},"inLanguage":"pt-PT","potentialAction":[{"@type":"ReadAction","target":["https:\/\/www.csj-emballages.com\/pt-pt\/produit\/concha-de-aluminio-por-100\/"]}]},{"@type":"ImageObject","inLanguage":"pt-PT","@id":"https:\/\/www.csj-emballages.com\/pt-pt\/produit\/concha-de-aluminio-por-100\/#primaryimage","url":"https:\/\/www.csj-emballages.com\/wp-content\/uploads\/2025\/01\/COQUIALU.webp","contentUrl":"https:\/\/www.csj-emballages.com\/wp-content\/uploads\/2025\/01\/COQUIALU.webp","width":800,"height":801,"caption":"Coquille aluminium"},{"@type":"BreadcrumbList","@id":"https:\/\/www.csj-emballages.com\/pt-pt\/produit\/concha-de-aluminio-por-100\/#breadcrumb","itemListElement":[{"@type":"ListItem","position":1,"name":"Acolhimento","item":"https:\/\/www.csj-emballages.com\/pt-pt\/universo-das-embalagens-alimentares\/"},{"@type":"ListItem","position":2,"name":"Shop","item":"https:\/\/www.csj-emballages.com\/shop\/"},{"@type":"ListItem","position":3,"name":"Concha de alum\u00ednio para vieiras, 100 pcs."}]},{"@type":"WebSite","@id":"https:\/\/www.csj-emballages.com\/pt-pt\/#website","url":"https:\/\/www.csj-emballages.com\/pt-pt\/","name":"CSJ Emballages","description":"","publisher":{"@id":"https:\/\/www.csj-emballages.com\/pt-pt\/#organization"},"potentialAction":[{"@type":"SearchAction","target":{"@type":"EntryPoint","urlTemplate":"https:\/\/www.csj-emballages.com\/pt-pt\/?s={search_term_string}"},"query-input":{"@type":"PropertyValueSpecification","valueRequired":true,"valueName":"search_term_string"}}],"inLanguage":"pt-PT"},{"@type":"Organization","@id":"https:\/\/www.csj-emballages.com\/pt-pt\/#Organization\/","name":"CSJ Emballages","url":"https:\/\/www.csj-emballages.com\/pt-pt\/","logo":{"@type":"ImageObject","inLanguage":"pt-PT","@id":"https:\/\/www.csj-emballages.com\/pt-pt\/#\/schema\/logo\/image\/","url":"https:\/\/www.csj-emballages.com\/wp-content\/uploads\/2023\/10\/logo_csj.webp","contentUrl":"https:\/\/www.csj-emballages.com\/wp-content\/uploads\/2023\/10\/logo_csj.webp","width":250,"height":95,"caption":"CSJ Emballages"},"image":{"@id":"https:\/\/www.csj-emballages.com\/pt-pt\/#\/schema\/logo\/image\/"},"sameAs":["https:\/\/www.facebook.com\/csjemballages"],"address":{"@type":"PostalAddress","streetAddress":"ZI La Lechere","addressLocality":"Patornay","postalCode":"39130","addressCountry":"FR"},"contactPoint":[{"@type":"ContactPoint","contactType":"Service client","telephone":"0384254272","email":"contact@csj-emballages.com"}]}]}},"df_price":4.98,"df_sale_price":"","df_regular_price":4.98,"df_image_link":"https:\/\/www.csj-emballages.com\/wp-content\/uploads\/2025\/01\/COQUIALU-300x300.webp","tiered_pricing_type":"fixed","tiered_pricing_fixed_rules":[],"tiered_pricing_percentage_rules":[],"tiered_pricing_minimum":1,"tiered_pricing_roles_data":[],"_links":{"self":[{"href":"https:\/\/www.csj-emballages.com\/pt-pt\/wp-json\/wp\/v2\/product\/226759","targetHints":{"allow":["GET"]}}],"collection":[{"href":"https:\/\/www.csj-emballages.com\/pt-pt\/wp-json\/wp\/v2\/product"}],"about":[{"href":"https:\/\/www.csj-emballages.com\/pt-pt\/wp-json\/wp\/v2\/types\/product"}],"wp:featuredmedia":[{"embeddable":true,"href":"https:\/\/www.csj-emballages.com\/pt-pt\/wp-json\/wp\/v2\/media\/232661"}],"wp:attachment":[{"href":"https:\/\/www.csj-emballages.com\/pt-pt\/wp-json\/wp\/v2\/media?parent=226759"}],"wp:term":[{"taxonomy":"product_brand","embeddable":true,"href":"https:\/\/www.csj-emballages.com\/pt-pt\/wp-json\/wp\/v2\/product_brand?post=226759"},{"taxonomy":"product_cat","embeddable":true,"href":"https:\/\/www.csj-emballages.com\/pt-pt\/wp-json\/wp\/v2\/product_cat?post=226759"},{"taxonomy":"product_tag","embeddable":true,"href":"https:\/\/www.csj-emballages.com\/pt-pt\/wp-json\/wp\/v2\/product_tag?post=226759"}],"curies":[{"name":"wp","href":"https:\/\/api.w.org\/{rel}","templated":true}]}}