{"id":226703,"date":"2024-03-01T16:54:55","date_gmt":"2024-03-01T15:54:55","guid":{"rendered":"https:\/\/www.csj-emballages.com\/produit\/tabuleiro-de-plastico-para-batatas-fritas-500-ml-por-250\/"},"modified":"2026-04-29T02:13:11","modified_gmt":"2026-04-29T00:13:11","slug":"tabuleiro-de-plastico-para-batatas-fritas-500-ml-por-250","status":"publish","type":"product","link":"https:\/\/www.csj-emballages.com\/pt-pt\/produit\/tabuleiro-de-plastico-para-batatas-fritas-500-ml-por-250\/","title":{"rendered":"Tabuleiro de pl\u00e1stico para batatas fritas 500 ml por 250"},"content":{"rendered":"<h2>Tabuleiro para batatas fritas<\/h2>\n<hr>\n<h3>Descubra o nosso tabuleiro de pl\u00e1stico para batatas fritas de 500 ml, embalagem de 250<\/h3>\n<p><!--more--><\/p>\n<p data-start=\"114\" data-end=\"487\">O <strong>tabuleiro<\/strong> <strong>Chips de 500 ml<\/strong>, vendido em <strong>embalagens de<\/strong> <strong>250<\/strong> <strong>unidades<\/strong>, \u00e9 uma solu\u00e7\u00e3o simples e eficaz, perfeitamente adaptada \u00e0s necessidades dos profissionais da restaura\u00e7\u00e3o. Quer se trate de um snack-bar, de um food-truck, de uma brasserie ou de um restaurante tradicional de takeaway, este <g id=\"gid_4\">tabuleiro de pl\u00e1stico<\/g> foi concebido para o acompanhar todos os dias. A sua capacidade de <g id=\"gid_5\">500 ml<\/g> \u00e9 ideal para servir uma por\u00e7\u00e3o generosa de batatas fritas, sem derramar e com uma boa ader\u00eancia. Gra\u00e7as ao seu design robusto, o <g id=\"gid_6\">tabuleiro<\/g> mant\u00e9m-se est\u00e1vel e confort\u00e1vel de utilizar, mesmo quando o servi\u00e7o acelera. Al\u00e9m disso, \u00e9 leve e f\u00e1cil de empilhar, o que facilita a arruma\u00e7\u00e3o e a organiza\u00e7\u00e3o na cozinha.    <\/p>\n<p data-start=\"880\" data-end=\"1175\">Em segundo lugar, a sua transpar\u00eancia \u00e9 um verdadeiro trunfo. Destaca o produto, o que \u00e9 essencial quando se trabalha numa montra ou num balc\u00e3o. Os clientes podem ver imediatamente o que est\u00e3o a comprar, o que refor\u00e7a o apelo visual e contribui para uma experi\u00eancia mais qualitativa.  <\/p>\n<p data-start=\"1177\" data-end=\"1468\">Al\u00e9m disso, este <strong data-start=\"1197\" data-end=\"1220\">tabuleiro de pl\u00e1stico<\/strong> \u00e9 de utiliza\u00e7\u00e3o \u00fanica. Garante uma higiene impec\u00e1vel, ao mesmo tempo que simplifica o trabalho das suas equipas: sem lavagem, sem triagem, apenas uma utiliza\u00e7\u00e3o r\u00e1pida e limpa. Uma verdadeira poupan\u00e7a de tempo nos per\u00edodos de maior atividade.  <\/p>\n<p data-start=\"1470\" data-end=\"1702\">Por \u00faltimo, a <strong>embalagem de 250 unidades<\/strong> \u00e9 ideal para assegurar a continuidade do servi\u00e7o, mantendo o seu stock sob controlo. Sem faltas imprevistas, mas tamb\u00e9m sem excesso de stock: \u00e9 o equil\u00edbrio perfeito para uma atividade regular. <\/p>\n<p data-start=\"1704\" data-end=\"1909\">Em suma, este <strong>tabuleiro<\/strong><strong data-start=\"1721\" data-end=\"1741\"> Chips<\/strong> <strong>de 500<\/strong><strong data-start=\"1721\" data-end=\"1741\"> ml<\/strong> \u00e9 uma escolha segura para todos os profissionais que pretendem oferecer um servi\u00e7o limpo, r\u00e1pido e arrumado, com uma apresenta\u00e7\u00e3o que valoriza os seus produtos.<\/p>\n<p data-start=\"1610\" data-end=\"1809\"><!--more--><\/p>\n<h4 data-start=\"1610\" data-end=\"1809\">Vantagens :<\/h4>\n<ul>\n<li data-start=\"2118\" data-end=\"2171\">Capacidade <strong>de 500 ml<\/strong>, ideal para uma dose de batatas fritas.<\/li>\n<li data-start=\"2174\" data-end=\"2218\">Transparente para um visual bonito.<\/li>\n<li data-start=\"2221\" data-end=\"2258\">Utiliza\u00e7\u00e3o \u00fanica: higi\u00e9nica e r\u00e1pida.<\/li>\n<li data-start=\"2261\" data-end=\"2293\">Leve e f\u00e1cil de empilhar.<\/li>\n<li data-start=\"2296\" data-end=\"2348\">Embalado em pacotes de <strong>250<\/strong> unidades para uma gest\u00e3o optimizada.<\/li>\n<\/ul>\n<p>&nbsp;<\/p>\n<p><!--more--><\/p>\n<h4>Outras informa\u00e7\u00f5es :<\/h4>\n<ul>\n<li><strong>Embalagem<\/strong>: 250 unidades<\/li>\n<li><strong>Dimens\u00f5es<\/strong>: 143 x 111 x 49 mm (C x L x A)<\/li>\n<li><strong>Material<\/strong>: poliestireno PS<\/li>\n<li><strong>Volume<\/strong>: 500 ml<\/li>\n<li><strong>Temperatura<\/strong>: -5\u00b0C\/+80\u00b0C<\/li>\n<li><strong>Cor<\/strong>: Transparente<\/li>\n<\/ul>\n<p>&nbsp;<\/p>\n<p><!--more--><\/p>\n<p>Este suporte para bolos quadrado branco\/preto est\u00e1 dispon\u00edvel em diferentes tamanhos: <span style=\"color: #d12727;\"><a style=\"color: #d12727;\" href=\"https:\/\/www.csj-emballages.com\/es\/produit\/bandeja-de-plastico-para-virutas-125-ml-por-500\/\">125 ml<\/a><\/span> \/ <span style=\"color: #d12727;\"><a style=\"color: #d12727;\" href=\"https:\/\/www.csj-emballages.com\/es\/produit\/bandeja-de-plastico-para-virutas-250-ml-por-500\/\">250 ml<\/a><\/span> \/ <span style=\"color: #d12727;\"><a style=\"color: #d12727;\" href=\"https:\/\/www.csj-emballages.com\/es\/produit\/bandeja-de-plastico-para-patatas-fritas-375ml-a-250\/\">375 ml<\/a><\/span> \/ <span style=\"color: #d12727;\"><a style=\"color: #d12727;\" href=\"https:\/\/www.csj-emballages.com\/es\/produit\/bandeja-de-plastico-para-virutas-750-ml-por-250\/\">700 ml<\/a> <\/span>\/ <span style=\"color: #d12727;\"><a style=\"color: #d12727;\" href=\"https:\/\/www.csj-emballages.com\/es\/produit\/250-bandejas-de-patatas-fritas-charcuteria-1000-ml\/\">1000 ml<\/a> <\/span>\/ <span style=\"color: #d12727;\"><a style=\"color: #d12727;\" href=\"https:\/\/www.csj-emballages.com\/es\/produit\/bandeja-de-plastico-para-patatas-fritas-y-salchichas-1500-ml-por-250\/\">1500 ml<\/a><\/span><\/p>\n<p>&nbsp;<\/p>\n<p><!--more--><\/p>\n<p><a href=\"\/?product_cat=barquette-frites-plastique\">Ver o resto da nossa gama de tabuleiros de pl\u00e1stico para batatas fritas<\/a><\/p>\n<div style=\"text-align: left;\">\n<div style=\"text-align: left;\">\n<div style=\"text-align: left;\">\n<div style=\"text-align: left;\">\n<div style=\"text-align: left;\">\n<div style=\"text-align: left;\">\n<div style=\"text-align: left;\">\n<div style=\"text-align: left;\">\n<div style=\"text-align: left;\">\n<div style=\"text-align: left;\">\n<div style=\"text-align: center;\">\n<div style=\"text-align: center;\">\n<div style=\"text-align: center;\">\n<div style=\"text-align: center;\">\n<div style=\"text-align: center;\">\n<div style=\"text-align: center;\">\n<div style=\"text-align: center;\">\n<div style=\"text-align: center;\">\n<div style=\"text-align: center;\">\n<div style=\"text-align: center;\"><\/div>\n<\/div>\n<\/div>\n<\/div>\n<\/div>\n<\/div>\n<\/div>\n<\/div>\n<\/div>\n<\/div>\n<\/div>\n<\/div>\n<\/div>\n<\/div>\n<\/div>\n<\/div>\n<\/div>\n<\/div>\n<\/div>\n<\/div>\n","protected":false},"excerpt":{"rendered":"<p>Tabuleiro para batatas fritas Descubra o nosso tabuleiro de pl\u00e1stico para batatas fritas de 500 ml, embalagem de 250<\/p>\n","protected":false},"featured_media":159063,"template":"","meta":{"_acf_changed":false},"product_brand":[],"product_cat":[1141,1138,3896,1476],"product_tag":[],"class_list":{"0":"post-226703","1":"product","2":"type-product","3":"status-publish","4":"has-post-thumbnail","6":"product_cat-embalagem-de-alimentos","7":"product_cat-restauracao","8":"product_cat-bandejas-de-plastico-para-batatas-fritas-caissipack","9":"product_cat-tabuleiros-caixas-de-cartao","11":"first","12":"instock","13":"taxable","14":"shipping-taxable","15":"purchasable","16":"product-type-simple"},"acf":[],"yoast_head":"<!-- This site is optimized with the Yoast SEO Premium plugin v26.6 (Yoast SEO v26.6) - https:\/\/yoast.com\/wordpress\/plugins\/seo\/ -->\n<title>Tabuleiro de pl\u00e1stico para batatas fritas 500 ml por 250<\/title>\n<meta name=\"description\" content=\"Pr\u00e1tico e resistente tabuleiro de pl\u00e1stico para batatas fritas, 500 ml por 250. Perfeito para takeaway e por\u00e7\u00f5es quentes.\" \/>\n<meta name=\"robots\" content=\"index, follow, max-snippet:-1, max-image-preview:large, max-video-preview:-1\" \/>\n<link rel=\"canonical\" href=\"https:\/\/www.csj-emballages.com\/pt-pt\/produit\/tabuleiro-de-plastico-para-batatas-fritas-500-ml-por-250\/\" \/>\n<meta property=\"og:locale\" content=\"pt_PT\" \/>\n<meta property=\"og:type\" content=\"article\" \/>\n<meta property=\"og:title\" content=\"Tabuleiro de pl\u00e1stico para batatas fritas 500 ml por 250\" \/>\n<meta property=\"og:description\" content=\"Pr\u00e1tico e resistente tabuleiro de pl\u00e1stico para batatas fritas, 500 ml por 250. Perfeito para takeaway e por\u00e7\u00f5es quentes.\" \/>\n<meta property=\"og:url\" content=\"https:\/\/www.csj-emballages.com\/pt-pt\/produit\/tabuleiro-de-plastico-para-batatas-fritas-500-ml-por-250\/\" \/>\n<meta property=\"og:site_name\" content=\"CSJ Emballages\" \/>\n<meta property=\"article:publisher\" content=\"https:\/\/www.facebook.com\/csjemballages\" \/>\n<meta property=\"article:modified_time\" content=\"2026-04-29T00:13:11+00:00\" \/>\n<meta property=\"og:image\" content=\"https:\/\/www.csj-emballages.com\/wp-content\/uploads\/2024\/03\/produit-5-4.png\" \/>\n\t<meta property=\"og:image:width\" content=\"300\" \/>\n\t<meta property=\"og:image:height\" content=\"300\" \/>\n\t<meta property=\"og:image:type\" content=\"image\/png\" \/>\n<meta name=\"twitter:card\" content=\"summary_large_image\" \/>\n<meta name=\"twitter:label1\" content=\"Tempo estimado de leitura\" \/>\n\t<meta name=\"twitter:data1\" content=\"2 minutos\" \/>\n<script type=\"application\/ld+json\" class=\"yoast-schema-graph\">{\"@context\":\"https:\/\/schema.org\",\"@graph\":[{\"@type\":\"WebPage\",\"@id\":\"https:\/\/www.csj-emballages.com\/pt-pt\/produit\/tabuleiro-de-plastico-para-batatas-fritas-500-ml-por-250\/\",\"url\":\"https:\/\/www.csj-emballages.com\/pt-pt\/produit\/tabuleiro-de-plastico-para-batatas-fritas-500-ml-por-250\/\",\"name\":\"Tabuleiro de pl\u00e1stico para batatas fritas 500 ml por 250\",\"isPartOf\":{\"@id\":\"https:\/\/www.csj-emballages.com\/pt-pt\/#website\"},\"primaryImageOfPage\":{\"@id\":\"https:\/\/www.csj-emballages.com\/pt-pt\/produit\/tabuleiro-de-plastico-para-batatas-fritas-500-ml-por-250\/#primaryimage\"},\"image\":{\"@id\":\"https:\/\/www.csj-emballages.com\/pt-pt\/produit\/tabuleiro-de-plastico-para-batatas-fritas-500-ml-por-250\/#primaryimage\"},\"thumbnailUrl\":\"https:\/\/www.csj-emballages.com\/wp-content\/uploads\/2024\/03\/produit-5-4.png\",\"datePublished\":\"2024-03-01T15:54:55+00:00\",\"dateModified\":\"2026-04-29T00:13:11+00:00\",\"description\":\"Pr\u00e1tico e resistente tabuleiro de pl\u00e1stico para batatas fritas, 500 ml por 250. Perfeito para takeaway e por\u00e7\u00f5es quentes.\",\"breadcrumb\":{\"@id\":\"https:\/\/www.csj-emballages.com\/pt-pt\/produit\/tabuleiro-de-plastico-para-batatas-fritas-500-ml-por-250\/#breadcrumb\"},\"inLanguage\":\"pt-PT\",\"potentialAction\":[{\"@type\":\"ReadAction\",\"target\":[\"https:\/\/www.csj-emballages.com\/pt-pt\/produit\/tabuleiro-de-plastico-para-batatas-fritas-500-ml-por-250\/\"]}]},{\"@type\":\"ImageObject\",\"inLanguage\":\"pt-PT\",\"@id\":\"https:\/\/www.csj-emballages.com\/pt-pt\/produit\/tabuleiro-de-plastico-para-batatas-fritas-500-ml-por-250\/#primaryimage\",\"url\":\"https:\/\/www.csj-emballages.com\/wp-content\/uploads\/2024\/03\/produit-5-4.png\",\"contentUrl\":\"https:\/\/www.csj-emballages.com\/wp-content\/uploads\/2024\/03\/produit-5-4.png\",\"width\":300,\"height\":300,\"caption\":\"Barquette plastique\"},{\"@type\":\"BreadcrumbList\",\"@id\":\"https:\/\/www.csj-emballages.com\/pt-pt\/produit\/tabuleiro-de-plastico-para-batatas-fritas-500-ml-por-250\/#breadcrumb\",\"itemListElement\":[{\"@type\":\"ListItem\",\"position\":1,\"name\":\"Acolhimento\",\"item\":\"https:\/\/www.csj-emballages.com\/pt-pt\/universo-das-embalagens-alimentares\/\"},{\"@type\":\"ListItem\",\"position\":2,\"name\":\"Shop\",\"item\":\"https:\/\/www.csj-emballages.com\/shop\/\"},{\"@type\":\"ListItem\",\"position\":3,\"name\":\"Tabuleiro de pl\u00e1stico para batatas fritas 500 ml por 250\"}]},{\"@type\":\"WebSite\",\"@id\":\"https:\/\/www.csj-emballages.com\/pt-pt\/#website\",\"url\":\"https:\/\/www.csj-emballages.com\/pt-pt\/\",\"name\":\"CSJ Emballages\",\"description\":\"\",\"publisher\":{\"@id\":\"https:\/\/www.csj-emballages.com\/pt-pt\/#organization\"},\"potentialAction\":[{\"@type\":\"SearchAction\",\"target\":{\"@type\":\"EntryPoint\",\"urlTemplate\":\"https:\/\/www.csj-emballages.com\/pt-pt\/?s={search_term_string}\"},\"query-input\":{\"@type\":\"PropertyValueSpecification\",\"valueRequired\":true,\"valueName\":\"search_term_string\"}}],\"inLanguage\":\"pt-PT\"},{\"@type\":\"Organization\",\"@id\":\"https:\/\/www.csj-emballages.com\/pt-pt\/#Organization\/\",\"name\":\"CSJ Emballages\",\"url\":\"https:\/\/www.csj-emballages.com\/pt-pt\/\",\"logo\":{\"@type\":\"ImageObject\",\"inLanguage\":\"pt-PT\",\"@id\":\"https:\/\/www.csj-emballages.com\/pt-pt\/#\/schema\/logo\/image\/\",\"url\":\"https:\/\/www.csj-emballages.com\/wp-content\/uploads\/2023\/10\/logo_csj.webp\",\"contentUrl\":\"https:\/\/www.csj-emballages.com\/wp-content\/uploads\/2023\/10\/logo_csj.webp\",\"width\":250,\"height\":95,\"caption\":\"CSJ Emballages\"},\"image\":{\"@id\":\"https:\/\/www.csj-emballages.com\/pt-pt\/#\/schema\/logo\/image\/\"},\"sameAs\":[\"https:\/\/www.facebook.com\/csjemballages\"],\"address\":{\"@type\":\"PostalAddress\",\"streetAddress\":\"ZI La Lechere\",\"addressLocality\":\"Patornay\",\"postalCode\":\"39130\",\"addressCountry\":\"FR\"},\"contactPoint\":[{\"@type\":\"ContactPoint\",\"contactType\":\"Service client\",\"telephone\":\"0384254272\",\"email\":\"contact@csj-emballages.com\"}]}]}<\/script>\n<!-- \/ Yoast SEO Premium plugin. -->","yoast_head_json":{"title":"Tabuleiro de pl\u00e1stico para batatas fritas 500 ml por 250","description":"Pr\u00e1tico e resistente tabuleiro de pl\u00e1stico para batatas fritas, 500 ml por 250. Perfeito para takeaway e por\u00e7\u00f5es quentes.","robots":{"index":"index","follow":"follow","max-snippet":"max-snippet:-1","max-image-preview":"max-image-preview:large","max-video-preview":"max-video-preview:-1"},"canonical":"https:\/\/www.csj-emballages.com\/pt-pt\/produit\/tabuleiro-de-plastico-para-batatas-fritas-500-ml-por-250\/","og_locale":"pt_PT","og_type":"article","og_title":"Tabuleiro de pl\u00e1stico para batatas fritas 500 ml por 250","og_description":"Pr\u00e1tico e resistente tabuleiro de pl\u00e1stico para batatas fritas, 500 ml por 250. Perfeito para takeaway e por\u00e7\u00f5es quentes.","og_url":"https:\/\/www.csj-emballages.com\/pt-pt\/produit\/tabuleiro-de-plastico-para-batatas-fritas-500-ml-por-250\/","og_site_name":"CSJ Emballages","article_publisher":"https:\/\/www.facebook.com\/csjemballages","article_modified_time":"2026-04-29T00:13:11+00:00","og_image":[{"width":300,"height":300,"url":"https:\/\/www.csj-emballages.com\/wp-content\/uploads\/2024\/03\/produit-5-4.png","type":"image\/png"}],"twitter_card":"summary_large_image","twitter_misc":{"Tempo estimado de leitura":"2 minutos"},"schema":{"@context":"https:\/\/schema.org","@graph":[{"@type":"WebPage","@id":"https:\/\/www.csj-emballages.com\/pt-pt\/produit\/tabuleiro-de-plastico-para-batatas-fritas-500-ml-por-250\/","url":"https:\/\/www.csj-emballages.com\/pt-pt\/produit\/tabuleiro-de-plastico-para-batatas-fritas-500-ml-por-250\/","name":"Tabuleiro de pl\u00e1stico para batatas fritas 500 ml por 250","isPartOf":{"@id":"https:\/\/www.csj-emballages.com\/pt-pt\/#website"},"primaryImageOfPage":{"@id":"https:\/\/www.csj-emballages.com\/pt-pt\/produit\/tabuleiro-de-plastico-para-batatas-fritas-500-ml-por-250\/#primaryimage"},"image":{"@id":"https:\/\/www.csj-emballages.com\/pt-pt\/produit\/tabuleiro-de-plastico-para-batatas-fritas-500-ml-por-250\/#primaryimage"},"thumbnailUrl":"https:\/\/www.csj-emballages.com\/wp-content\/uploads\/2024\/03\/produit-5-4.png","datePublished":"2024-03-01T15:54:55+00:00","dateModified":"2026-04-29T00:13:11+00:00","description":"Pr\u00e1tico e resistente tabuleiro de pl\u00e1stico para batatas fritas, 500 ml por 250. Perfeito para takeaway e por\u00e7\u00f5es quentes.","breadcrumb":{"@id":"https:\/\/www.csj-emballages.com\/pt-pt\/produit\/tabuleiro-de-plastico-para-batatas-fritas-500-ml-por-250\/#breadcrumb"},"inLanguage":"pt-PT","potentialAction":[{"@type":"ReadAction","target":["https:\/\/www.csj-emballages.com\/pt-pt\/produit\/tabuleiro-de-plastico-para-batatas-fritas-500-ml-por-250\/"]}]},{"@type":"ImageObject","inLanguage":"pt-PT","@id":"https:\/\/www.csj-emballages.com\/pt-pt\/produit\/tabuleiro-de-plastico-para-batatas-fritas-500-ml-por-250\/#primaryimage","url":"https:\/\/www.csj-emballages.com\/wp-content\/uploads\/2024\/03\/produit-5-4.png","contentUrl":"https:\/\/www.csj-emballages.com\/wp-content\/uploads\/2024\/03\/produit-5-4.png","width":300,"height":300,"caption":"Barquette plastique"},{"@type":"BreadcrumbList","@id":"https:\/\/www.csj-emballages.com\/pt-pt\/produit\/tabuleiro-de-plastico-para-batatas-fritas-500-ml-por-250\/#breadcrumb","itemListElement":[{"@type":"ListItem","position":1,"name":"Acolhimento","item":"https:\/\/www.csj-emballages.com\/pt-pt\/universo-das-embalagens-alimentares\/"},{"@type":"ListItem","position":2,"name":"Shop","item":"https:\/\/www.csj-emballages.com\/shop\/"},{"@type":"ListItem","position":3,"name":"Tabuleiro de pl\u00e1stico para batatas fritas 500 ml por 250"}]},{"@type":"WebSite","@id":"https:\/\/www.csj-emballages.com\/pt-pt\/#website","url":"https:\/\/www.csj-emballages.com\/pt-pt\/","name":"CSJ Emballages","description":"","publisher":{"@id":"https:\/\/www.csj-emballages.com\/pt-pt\/#organization"},"potentialAction":[{"@type":"SearchAction","target":{"@type":"EntryPoint","urlTemplate":"https:\/\/www.csj-emballages.com\/pt-pt\/?s={search_term_string}"},"query-input":{"@type":"PropertyValueSpecification","valueRequired":true,"valueName":"search_term_string"}}],"inLanguage":"pt-PT"},{"@type":"Organization","@id":"https:\/\/www.csj-emballages.com\/pt-pt\/#Organization\/","name":"CSJ Emballages","url":"https:\/\/www.csj-emballages.com\/pt-pt\/","logo":{"@type":"ImageObject","inLanguage":"pt-PT","@id":"https:\/\/www.csj-emballages.com\/pt-pt\/#\/schema\/logo\/image\/","url":"https:\/\/www.csj-emballages.com\/wp-content\/uploads\/2023\/10\/logo_csj.webp","contentUrl":"https:\/\/www.csj-emballages.com\/wp-content\/uploads\/2023\/10\/logo_csj.webp","width":250,"height":95,"caption":"CSJ Emballages"},"image":{"@id":"https:\/\/www.csj-emballages.com\/pt-pt\/#\/schema\/logo\/image\/"},"sameAs":["https:\/\/www.facebook.com\/csjemballages"],"address":{"@type":"PostalAddress","streetAddress":"ZI La Lechere","addressLocality":"Patornay","postalCode":"39130","addressCountry":"FR"},"contactPoint":[{"@type":"ContactPoint","contactType":"Service client","telephone":"0384254272","email":"contact@csj-emballages.com"}]}]}},"df_price":13,"df_sale_price":"","df_regular_price":13,"df_image_link":"https:\/\/www.csj-emballages.com\/wp-content\/uploads\/2024\/03\/produit-5-4.png","tiered_pricing_type":"fixed","tiered_pricing_fixed_rules":[],"tiered_pricing_percentage_rules":[],"tiered_pricing_minimum":1,"tiered_pricing_roles_data":[],"_links":{"self":[{"href":"https:\/\/www.csj-emballages.com\/pt-pt\/wp-json\/wp\/v2\/product\/226703","targetHints":{"allow":["GET"]}}],"collection":[{"href":"https:\/\/www.csj-emballages.com\/pt-pt\/wp-json\/wp\/v2\/product"}],"about":[{"href":"https:\/\/www.csj-emballages.com\/pt-pt\/wp-json\/wp\/v2\/types\/product"}],"wp:featuredmedia":[{"embeddable":true,"href":"https:\/\/www.csj-emballages.com\/pt-pt\/wp-json\/wp\/v2\/media\/159063"}],"wp:attachment":[{"href":"https:\/\/www.csj-emballages.com\/pt-pt\/wp-json\/wp\/v2\/media?parent=226703"}],"wp:term":[{"taxonomy":"product_brand","embeddable":true,"href":"https:\/\/www.csj-emballages.com\/pt-pt\/wp-json\/wp\/v2\/product_brand?post=226703"},{"taxonomy":"product_cat","embeddable":true,"href":"https:\/\/www.csj-emballages.com\/pt-pt\/wp-json\/wp\/v2\/product_cat?post=226703"},{"taxonomy":"product_tag","embeddable":true,"href":"https:\/\/www.csj-emballages.com\/pt-pt\/wp-json\/wp\/v2\/product_tag?post=226703"}],"curies":[{"name":"wp","href":"https:\/\/api.w.org\/{rel}","templated":true}]}}